{"id":35272,"date":"2021-02-09T15:45:14","date_gmt":"2021-02-09T13:45:14","guid":{"rendered":"https:\/\/damme.lv\/privatuma-politika\/"},"modified":"2021-02-09T19:29:08","modified_gmt":"2021-02-09T17:29:08","slug":"privatuma-politika","status":"publish","type":"page","link":"https:\/\/cosmetic.lv\/lv\/privatuma-politika\/","title":{"rendered":"Priv\u0101tuma politika"},"content":{"rendered":"<p>Priv\u0101tuma politika<\/p>\n<p>Datu apstr\u0101des apjoms SIA DANSOF ap\u0146emas uzkr\u0101t un saglab\u0101t tikai t\u0101dus personas datus, kas ir nepiecie\u0161ami SIA DANSOF komercdarb\u012bbas veik\u0161anai. SIA DANSOF ar\u012b ap\u0146emas pielikt visas sapr\u0101t\u012bgas p\u016bles, lai nodro\u0161in\u0101tu apstr\u0101d\u0101to personas datu pareiz\u012bbu un piln\u012bgumu, nor\u0101dot klientiem p\u0113c iesp\u0113jas prec\u012bz\u0101k, k\u0101 ievad\u012bt savus datus korekti un piln\u012bgi. SIA DANSOF apstr\u0101d\u0101s personas datus, lai nodro\u0161in\u0101tu to konfidencialit\u0101ti un pielietos visus piem\u0113rotos l\u012bdzek\u013cus un r\u012bkus, lai nov\u0113rstu jebk\u0101du neat\u013cautu piek\u013cuvi. SIA DANSOF uzkr\u0101j un apstr\u0101d\u0101 Personas datus tikai SIA DANSOF pien\u0101kumu izpildes vajadz\u012bb\u0101m atbilsto\u0161i normat\u012bvo aktu pras\u012bb\u0101m. Personas dati netiks nodoti nevienai tre\u0161ajai personai, iz\u0146emot gad\u012bjumus, kad tam ir piekritis Datu subjekts, tas ir nepiecie\u0161ams SIA DANSOF un Datu subjekta savstarp\u0113jo l\u012bgumsaist\u012bbu izpildei vai ir cit\u0101di at\u013cauts vai uzdots saska\u0146\u0101 ar piem\u0113rojamiem normat\u012bviem aktiem.<\/p>\n<p>Datu aktualiz\u0101cija<\/p>\n<p>SIA DANSOF ap\u0146emas nodro\u0161in\u0101t Personas datu pareiz\u012bbu un pa\u013caujas uz saviem klientiem, pieg\u0101d\u0101t\u0101jiem un cit\u0101m tre\u0161aj\u0101m person\u0101m, kas nodod Personas datus, ka tiks nodro\u0161in\u0101ta nodoto Personas datu piln\u012bba un pareiz\u012bba. Nepiecie\u0161am\u012bbas gad\u012bjum\u0101 Datu subjekts ir ties\u012bgs jebkur\u0101 laik\u0101 groz\u012bt, papildin\u0101t vai dz\u0113st Personas datus, kas par vi\u0146u saglab\u0101ti vi\u0146a lietot\u0101ja kont\u0101.<br \/>\nDatu dro\u0161\u012bba un izmanto\u0161ana<\/p>\n<p>Ja klients ir nol\u0113mis re\u0123istr\u0113ties Vietn\u0113, klientam tiks l\u016bgts sniegt inform\u0101ciju par vi\u0146a v\u0101rdu, uzv\u0101rdu, adresi, e-pasta adresi un citiem datiem. SIA DANSOF ir ties\u012bgi izmantot sniegto inform\u0101ciju, lai personaliz\u0113tu un uzlabotu Vietnes darb\u012bbu. Tas var izpausties, k\u0101, piem\u0113ram, bet ne tikai, rekl\u0101mas pied\u0101v\u0101jumi, kas sagatavoti atbilsto\u0161i klienta iepriek\u0161\u0113jiem pirkumiem un kas sniegti klientam esot tie\u0161saist\u0113 vai izmantojot e-pastu ar attiec\u012bgu klienta piekri\u0161anu, vai saska\u0146\u0101 ar normat\u012bvo aktu pras\u012bb\u0101m.<\/p>\n<p>SIA DANSOF veiks personas datu apstr\u0101di, lai nodro\u0161in\u0101tu to konfidencialit\u0101ti un piem\u0113ros iek\u0161\u0113j\u0101s proced\u016bras un kontroles l\u012bdzek\u013cus, lai nov\u0113rstu neat\u013cautu personas datu lieto\u0161anu, piek\u013cuvi, izpau\u0161anu, kop\u0113\u0161anu, groz\u012b\u0161anu vai saboj\u0101\u0161anu, k\u0101 ar\u012b pielietos visus sapr\u0101t\u012bgos l\u012bdzek\u013cus, lai nodro\u0161in\u0101tu personas datu dro\u0161\u012bbu, integrit\u0101ti un priv\u0101tumu.<\/p>\n<p>&nbsp;<\/p>\n<p>SIA DANSOF apstr\u0101d\u0101s Personas datus tikai godpr\u0101t\u012bgi un atbilsto\u0161i likumam un neizmantos Personas datus nol\u016bkiem, kas neatbilst m\u0113r\u0137iem, kuru d\u0113\u013c SIA DANSOF ir sa\u0146\u0113musi Personas datus.<\/p>\n<p>Uzkr\u0101tos klienta Personas datus SIA DANSOF apstr\u0101d\u0101s, lai: izpild\u012btu pas\u016bt\u012bjumus; pal\u012bdz\u0113tu SIA DANSOF uzlabot Vietni un inform\u0101cijas pieejam\u012bbu klientam tie\u0161saist\u0113; nodro\u0161in\u0101tu klientam inform\u0101ciju par SIA DANSOF produktiem un pakalpojumiem; pas\u016bt\u012bjuma izdar\u012b\u0161anas, klientu atbalsta, maks\u0101jumu veik\u0161anas un pakalpojumu snieg\u0161anas vajadz\u012bb\u0101m; un cit\u0101di saska\u0146\u0101 ar piem\u0113rojamiem normat\u012bviem aktiem.<\/p>\n<p>Pre\u010du un pakalpojumu pas\u016bt\u012b\u0161ana tie\u0161saist\u0113<\/p>\n<p>Ja klients v\u0113las izdar\u012bt pas\u016bt\u012bjumu, esot tie\u0161saist\u0113, SIA DANSOF ir nepiecie\u0161ams zin\u0101t klienta v\u0101rdu, uzv\u0101ru, e-pasta adresi, t\u0101lru\u0146a numuru, pasta adresi un datus, kas saist\u012bti ar maks\u0101juma veik\u0161anu (piem\u0113ram, kred\u012btkartes numurs un der\u012bguma termi\u0146\u0161). Tas \u013cauj SIA DANSOF nodro\u0161in\u0101t pilnv\u0113rt\u012bgu klienta pas\u016bt\u012bjuma izpildi un inform\u0113t par pas\u016bt\u012bjuma izpildes statusu.<\/p>\n<p>S\u012bkdatnes<\/p>\n<p>SIA DANSOF ir ties\u012bgs v\u0101kt datus par t\u012bmek\u013ca vietnes lietot\u0101ju, izmantojot s\u012bkdatnes (&#8220;cookies&#8221;), lai uzlabotu lietot\u0101jiem pieejamos pakalpojumus. S\u012bkdatnes (&#8220;cookies&#8221;) ir datnes, ko t\u012bmek\u013ca vietnes izvieto lietot\u0101ju datoros, lai atpaz\u012btu lietot\u0101ju un atvieglotu tam vietnes izmanto\u0161anu. Interneta p\u0101rl\u016bkprogrammas var konfigur\u0113t t\u0101, lai t\u0101s br\u012bdina klientu par s\u012bkdat\u0146u (&#8220;cookies&#8221;) izmanto\u0161anu un \u013cauj izv\u0113l\u0113ties, vai klients piekr\u012bt t\u0101s pie\u0146emt. S\u012bkdat\u0146u (&#8220;cookies&#8221;) nepie\u0146em\u0161ana neaizliegs klientam lietot Vietni, ta\u010du tas var ierobe\u017eot klientam Vietnes izmanto\u0161anas iesp\u0113jas.<\/p>\n<p>Tre\u0161\u0101s puses<\/p>\n<p>SIA DANSOF nenodos Personas datus tre\u0161aj\u0101m person\u0101m, iz\u0146emot, cikt\u0101l tas nepiecie\u0161ams sapr\u0101t\u012bgai komercdarb\u012bbas \u012bsteno\u0161anai, nodro\u0161inot, ka attiec\u012bg\u0101s tre\u0161\u0101s personas saglab\u0101 Personas datu konfidencialit\u0101ti un nodro\u0161ina piem\u0113rotu aizsardz\u012bbu. SIA DANSOF nodos Personas datus SIA DANSOF pieg\u0101d\u0101t\u0101jiem, apak\u0161uz\u0146\u0113m\u0113jiem, strat\u0113\u0123iskajiem partneriem un citiem, kas pal\u012bdz SIA DANSOF un t\u0101s klientiem komercdarb\u012bbas veik\u0161an\u0101, lai \u012bstenotu attiec\u012bgo sadarb\u012bbu. Tom\u0113r \u0161\u0101dos gad\u012bjumos SIA DANSOF piepras\u012bs no datu sa\u0146\u0113m\u0113jiem ap\u0146em\u0161anos izmantot sa\u0146emto inform\u0101ciju tikai tiem nol\u016bkiem, kuru d\u0113\u013c dati tika nodoti, un saska\u0146\u0101 ar piem\u0113rojamo normat\u012bvo aktu pras\u012bb\u0101m. SIA DANSOF pieliks sapr\u0101t\u012bgas p\u016bles, lai nodro\u0161in\u0101tu, ka gad\u012bjumos, kad Personas dati tiek nodoti uz \u0101rvalst\u012bm, tiem tiek nodro\u0161in\u0101ta adekv\u0101ta aizsardz\u012bba.<\/p>\n<p>SIA DANSOF ap\u0146emas nenodot Personas datus organiz\u0101cijai vai jebk\u0101dai citai personai, kas atrodas valst\u012b, kur\u0101 nav nodro\u0161in\u0101ts adekv\u0101ts personas datu aizsardz\u012bbas l\u012bmenis, iz\u0146emot \u0161\u0101dus gad\u012bjumus: Klients ir devis savu piekri\u0161anu; Nodo\u0161ana ir nepiecie\u0161ama, lai nosl\u0113gtu l\u012bgumu ar klientu vai izpild\u012btu l\u012bgumu ar klientu; Nodo\u0161ana ir nepiecie\u0161ama, lai nosl\u0113gtu vai izpild\u012btu l\u012bgumu, kas nosl\u0113gts klienta interes\u0113s; Nodo\u0161ana ir at\u013cauta saska\u0146\u0101 ar piem\u0113rojamo normat\u012bvo aktu pras\u012bb\u0101m. Attiec\u012bb\u0101 uz personu identific\u0113jo\u0161u inform\u0101ciju, kas nodota uz citu valsti, var tikt piem\u0113roti attiec\u012bg\u0101s valsts normat\u012bvie akti, ieskaitot normat\u012bvie akti attiec\u012bb\u0101 uz valsts dro\u0161\u012bbu, terorisma apkaro\u0161anu, kas var at\u013caut ties\u012bbsarg\u0101jo\u0161\u0101m iest\u0101d\u0113m vai uzraudz\u012bbu \u012bstenojo\u0161\u0101m iest\u0101d\u0113m piek\u013c\u016bt priv\u0101tpersonu r\u012bc\u012bb\u0101 eso\u0161ai inform\u0101cijai.<\/p>\n<p>Piek\u013cuve personas datiem<\/p>\n<p>Balstoties uz pamatotu rakstveida piepras\u012bjumu SIA DANSOF inform\u0113s Datu subjektu par: Personas datiem, ko SIA DANSOF apstr\u0101d\u0101 attiec\u012bb\u0101 uz vi\u0146u; datu ieguves avotu (ja normat\u012bvie akti at\u013cauj to izpaust); datumu, kad tika izdar\u012btas p\u0113d\u0113j\u0101s izmai\u0146as Personas datos; m\u0113r\u0137us, kuru sasnieg\u0161anai Personas dati tiek apstr\u0101d\u0101ti; datu sa\u0146\u0113m\u0113jus vai datu sa\u0146\u0113m\u0113ju kategorijas; un vai inform\u0101cija tiek apstr\u0101d\u0101ta automatiz\u0113ti.<\/p>\n<p>SIA DANSOF veiks nepiecie\u0161am\u0101s darb\u012bbas, lai izlabotu vai dz\u0113stu jebk\u0101das neprecizit\u0101tes Personas datos, par kur\u0101m dar\u012bts zin\u0101ms tie\u0161\u0101 veid\u0101 vai izmantojot pieejamos pakalpojumus. SIA DANSOF sapr\u0101t\u012bgu iesp\u0113ju robe\u017e\u0101s inform\u0113s klienta Personas datu sa\u0146\u0113m\u0113jus par \u0161\u0101d\u0101m izmai\u0146\u0101m. Tom\u0113r, SIA DANSOF ir ties\u012bga ierobe\u017eot piek\u013cuvi, iesp\u0113jas kori\u0123\u0113t vai dz\u0113st datus saska\u0146\u0101 ar piem\u0113rojamo normat\u012bvo aktu pras\u012bb\u0101m. SIA DANSOF var izstr\u0101d\u0101t noteikumus piek\u013cuvei Personas datiem, tai skait\u0101 noteikt k\u0101rt\u012bbu un nodevas par piek\u013cuves nodro\u0161in\u0101\u0161anu.<\/p>\n<p>Personas datu redi\u0123\u0113\u0161ana vai dz\u0113\u0161ana<\/p>\n<p>Nepiecie\u0161am\u012bbas gad\u012bjum\u0101 Datu subjekts ir ties\u012bgs jebkur\u0101 laik\u0101 groz\u012bt, papildin\u0101t vai dz\u0113st Personas datus, kas par vi\u0146u saglab\u0101ti vi\u0146a lietot\u0101ja kont\u0101. Gad\u012bjum\u0101, ja lietot\u0101js v\u0113las: attiekties no turpm\u0101kas zi\u0146ojumu sa\u0146em\u0161anas, piln\u012bb\u0101 dz\u0113st savus Personas datus no servisa, radu\u0161ies k\u0101di jaut\u0101jumi par j\u016bsu Personas datu izmanto\u0161anu, l\u016bdzam kontakt\u0113ties ar SIA DANSOF pa e-pastu: dansof@inbox.lv vai zvanot pa t\u0101lruni +371 24824918<\/p>\n<p>Piel\u0101gojumi un izmai\u0146as priv\u0101tuma politik\u0101<\/p>\n<p>SIA DANSOF ir ties\u012bgi laiku pa laikam groz\u012bt \u0161os Priv\u0101tuma aizsardz\u012bbas noteikumus p\u0113c saviem ieskatiem. \u0160ie Priv\u0101tuma aizsardz\u012bbas noteikumi ir padar\u012bti pieejami SIA DANSOF t\u012bmek\u013ca vietn\u0113 un tiek piem\u0113roti no attiec\u012bg\u0101s redakcijas publisko\u0161anas datuma, kas nor\u0101d\u012bts s\u0101kum\u0101.<\/p>\n<p>SIA &#8220;DANSOF&#8221; Re\u0123.Nr.: 40103284915 PVN.Nr.: LV40103284915 Jur.adrese: R\u012bga, St\u016bres 9-64, LV-1055<\/p>\n","protected":false},"excerpt":{"rendered":"<p>Priv\u0101tuma politika Datu apstr\u0101des apjoms SIA DANSOF ap\u0146emas uzkr\u0101t un saglab\u0101t tikai t\u0101dus personas datus, kas ir nepiecie\u0161ami SIA DANSOF<\/p>\n","protected":false},"author":1,"featured_media":0,"parent":0,"menu_order":0,"comment_status":"closed","ping_status":"open","template":"","meta":{"footnotes":""},"class_list":["post-35272","page","type-page","status-publish","hentry"],"yoast_head":"<!-- This site is optimized with the Yoast SEO Premium plugin v27.0 (Yoast SEO v27.0) - https:\/\/yoast.com\/product\/yoast-seo-premium-wordpress\/ -->\n<title>Priv\u0101tuma politika - cosmetic.lv<\/title>\n<meta name=\"robots\" content=\"index, follow, max-snippet:-1, max-image-preview:large, max-video-preview:-1\" \/>\n<link rel=\"canonical\" href=\"https:\/\/cosmetic.lv\/lv\/privatuma-politika\/\" \/>\n<meta property=\"og:locale\" content=\"lv_LV\" \/>\n<meta property=\"og:type\" content=\"article\" \/>\n<meta property=\"og:title\" content=\"Priv\u0101tuma politika\" \/>\n<meta property=\"og:description\" content=\"Priv\u0101tuma politika Datu apstr\u0101des apjoms SIA DANSOF ap\u0146emas uzkr\u0101t un saglab\u0101t tikai t\u0101dus personas datus, kas ir nepiecie\u0161ami SIA DANSOF\" \/>\n<meta property=\"og:url\" content=\"https:\/\/cosmetic.lv\/lv\/privatuma-politika\/\" \/>\n<meta property=\"og:site_name\" content=\"cosmetic.lv\" \/>\n<meta property=\"article:publisher\" content=\"https:\/\/www.facebook.com\/cosmetic.lv\/\" \/>\n<meta property=\"article:modified_time\" content=\"2021-02-09T17:29:08+00:00\" \/>\n<meta name=\"twitter:card\" content=\"summary_large_image\" \/>\n<script type=\"application\/ld+json\" class=\"yoast-schema-graph\">{\"@context\":\"https:\/\/schema.org\",\"@graph\":[{\"@type\":\"WebPage\",\"@id\":\"https:\/\/cosmetic.lv\/lv\/privatuma-politika\/\",\"url\":\"https:\/\/cosmetic.lv\/lv\/privatuma-politika\/\",\"name\":\"Priv\u0101tuma politika - cosmetic.lv\",\"isPartOf\":{\"@id\":\"https:\/\/cosmetic.lv\/lv\/#website\"},\"datePublished\":\"2021-02-09T13:45:14+00:00\",\"dateModified\":\"2021-02-09T17:29:08+00:00\",\"breadcrumb\":{\"@id\":\"https:\/\/cosmetic.lv\/lv\/privatuma-politika\/#breadcrumb\"},\"inLanguage\":\"lv-LV\",\"potentialAction\":[{\"@type\":\"ReadAction\",\"target\":[\"https:\/\/cosmetic.lv\/lv\/privatuma-politika\/\"]}]},{\"@type\":\"BreadcrumbList\",\"@id\":\"https:\/\/cosmetic.lv\/lv\/privatuma-politika\/#breadcrumb\",\"itemListElement\":[{\"@type\":\"ListItem\",\"position\":1,\"name\":\"Home\",\"item\":\"https:\/\/cosmetic.lv\/lv\/\"},{\"@type\":\"ListItem\",\"position\":2,\"name\":\"Priv\u0101tuma politika\"}]},{\"@type\":\"WebSite\",\"@id\":\"https:\/\/cosmetic.lv\/lv\/#website\",\"url\":\"https:\/\/cosmetic.lv\/lv\/\",\"name\":\"cosmetic.lv\",\"description\":\"Profesion\u0101la kosm\u0113tika - Maria Galland, Keune, Arkadija, GMT, Guam, Magiray\",\"publisher\":{\"@id\":\"https:\/\/cosmetic.lv\/lv\/#organization\"},\"potentialAction\":[{\"@type\":\"SearchAction\",\"target\":{\"@type\":\"EntryPoint\",\"urlTemplate\":\"https:\/\/cosmetic.lv\/lv\/?s={search_term_string}\"},\"query-input\":{\"@type\":\"PropertyValueSpecification\",\"valueRequired\":true,\"valueName\":\"search_term_string\"}}],\"inLanguage\":\"lv-LV\"},{\"@type\":\"Organization\",\"@id\":\"https:\/\/cosmetic.lv\/lv\/#organization\",\"name\":\"COSMETIC.LV\",\"url\":\"https:\/\/cosmetic.lv\/lv\/\",\"logo\":{\"@type\":\"ImageObject\",\"inLanguage\":\"lv-LV\",\"@id\":\"https:\/\/cosmetic.lv\/lv\/#\/schema\/logo\/image\/\",\"url\":\"https:\/\/cosmetic.lv\/wp-content\/uploads\/2021\/02\/cosmetic.lv_logo.jpg\",\"contentUrl\":\"https:\/\/cosmetic.lv\/wp-content\/uploads\/2021\/02\/cosmetic.lv_logo.jpg\",\"width\":596,\"height\":196,\"caption\":\"COSMETIC.LV\"},\"image\":{\"@id\":\"https:\/\/cosmetic.lv\/lv\/#\/schema\/logo\/image\/\"},\"sameAs\":[\"https:\/\/www.facebook.com\/cosmetic.lv\/\"]}]}<\/script>\n<!-- \/ Yoast SEO Premium plugin. -->","yoast_head_json":{"title":"Priv\u0101tuma politika - cosmetic.lv","robots":{"index":"index","follow":"follow","max-snippet":"max-snippet:-1","max-image-preview":"max-image-preview:large","max-video-preview":"max-video-preview:-1"},"canonical":"https:\/\/cosmetic.lv\/lv\/privatuma-politika\/","og_locale":"lv_LV","og_type":"article","og_title":"Priv\u0101tuma politika","og_description":"Priv\u0101tuma politika Datu apstr\u0101des apjoms SIA DANSOF ap\u0146emas uzkr\u0101t un saglab\u0101t tikai t\u0101dus personas datus, kas ir nepiecie\u0161ami SIA DANSOF","og_url":"https:\/\/cosmetic.lv\/lv\/privatuma-politika\/","og_site_name":"cosmetic.lv","article_publisher":"https:\/\/www.facebook.com\/cosmetic.lv\/","article_modified_time":"2021-02-09T17:29:08+00:00","twitter_card":"summary_large_image","schema":{"@context":"https:\/\/schema.org","@graph":[{"@type":"WebPage","@id":"https:\/\/cosmetic.lv\/lv\/privatuma-politika\/","url":"https:\/\/cosmetic.lv\/lv\/privatuma-politika\/","name":"Priv\u0101tuma politika - cosmetic.lv","isPartOf":{"@id":"https:\/\/cosmetic.lv\/lv\/#website"},"datePublished":"2021-02-09T13:45:14+00:00","dateModified":"2021-02-09T17:29:08+00:00","breadcrumb":{"@id":"https:\/\/cosmetic.lv\/lv\/privatuma-politika\/#breadcrumb"},"inLanguage":"lv-LV","potentialAction":[{"@type":"ReadAction","target":["https:\/\/cosmetic.lv\/lv\/privatuma-politika\/"]}]},{"@type":"BreadcrumbList","@id":"https:\/\/cosmetic.lv\/lv\/privatuma-politika\/#breadcrumb","itemListElement":[{"@type":"ListItem","position":1,"name":"Home","item":"https:\/\/cosmetic.lv\/lv\/"},{"@type":"ListItem","position":2,"name":"Priv\u0101tuma politika"}]},{"@type":"WebSite","@id":"https:\/\/cosmetic.lv\/lv\/#website","url":"https:\/\/cosmetic.lv\/lv\/","name":"cosmetic.lv","description":"Profesion\u0101la kosm\u0113tika - Maria Galland, Keune, Arkadija, GMT, Guam, Magiray","publisher":{"@id":"https:\/\/cosmetic.lv\/lv\/#organization"},"potentialAction":[{"@type":"SearchAction","target":{"@type":"EntryPoint","urlTemplate":"https:\/\/cosmetic.lv\/lv\/?s={search_term_string}"},"query-input":{"@type":"PropertyValueSpecification","valueRequired":true,"valueName":"search_term_string"}}],"inLanguage":"lv-LV"},{"@type":"Organization","@id":"https:\/\/cosmetic.lv\/lv\/#organization","name":"COSMETIC.LV","url":"https:\/\/cosmetic.lv\/lv\/","logo":{"@type":"ImageObject","inLanguage":"lv-LV","@id":"https:\/\/cosmetic.lv\/lv\/#\/schema\/logo\/image\/","url":"https:\/\/cosmetic.lv\/wp-content\/uploads\/2021\/02\/cosmetic.lv_logo.jpg","contentUrl":"https:\/\/cosmetic.lv\/wp-content\/uploads\/2021\/02\/cosmetic.lv_logo.jpg","width":596,"height":196,"caption":"COSMETIC.LV"},"image":{"@id":"https:\/\/cosmetic.lv\/lv\/#\/schema\/logo\/image\/"},"sameAs":["https:\/\/www.facebook.com\/cosmetic.lv\/"]}]}},"_links":{"self":[{"href":"https:\/\/cosmetic.lv\/lv\/wp-json\/wp\/v2\/pages\/35272","targetHints":{"allow":["GET"]}}],"collection":[{"href":"https:\/\/cosmetic.lv\/lv\/wp-json\/wp\/v2\/pages"}],"about":[{"href":"https:\/\/cosmetic.lv\/lv\/wp-json\/wp\/v2\/types\/page"}],"author":[{"embeddable":true,"href":"https:\/\/cosmetic.lv\/lv\/wp-json\/wp\/v2\/users\/1"}],"replies":[{"embeddable":true,"href":"https:\/\/cosmetic.lv\/lv\/wp-json\/wp\/v2\/comments?post=35272"}],"version-history":[{"count":0,"href":"https:\/\/cosmetic.lv\/lv\/wp-json\/wp\/v2\/pages\/35272\/revisions"}],"wp:attachment":[{"href":"https:\/\/cosmetic.lv\/lv\/wp-json\/wp\/v2\/media?parent=35272"}],"curies":[{"name":"wp","href":"https:\/\/api.w.org\/{rel}","templated":true}]}}