{"id":35702,"date":"2021-02-13T22:15:32","date_gmt":"2021-02-13T20:15:32","guid":{"rendered":"https:\/\/damme.lv\/piegade\/"},"modified":"2025-01-19T18:48:18","modified_gmt":"2025-01-19T16:48:18","slug":"piegade","status":"publish","type":"page","link":"https:\/\/cosmetic.lv\/lv\/piegade\/","title":{"rendered":"Pieg\u0101de"},"content":{"rendered":"<div class=\"wpb-content-wrapper\"><p>[vc_row][vc_column]\n\t\t<div id=\"wd-6020437829b2d\" class=\"title-wrapper wd-wpb wd-set-mb reset-last-child  wd-rs-6020437829b2d wd-title-color-default wd-title-style-default text-center  wd-underline-colored\">\n\t\t\t\n\t\t\t<div class=\"liner-continer\">\n\t\t\t\t<h4 class=\"woodmart-title-container title  wd-font-weight- wd-fontsize-l\" >Pieg\u0101de<\/h4>\n\t\t\t\t\t\t\t<\/div>\n\t\t\t\n\t\t\t\n\t\t\t\n\t\t<\/div>\n\t\t\n\t\t\t\t\t<div id=\"wd-678d2cbf0620a\" class=\"wd-text-block-wrapper wd-wpb wd-rs-678d2cbf0620a color-scheme- text-center \">\n\t\t\t\t<div class=\"woodmart-title-container woodmart-text-block reset-last-child font-primary wd-font-weight- \">\n\t\t\t\t\t<\/p>\n<p style=\"text-align: left;\"><strong>Pieg\u0101des termi\u0146\u0161 no1 l\u012bdz 14 darba dien\u0101m no datuma, kad tiks nodots pas\u016bt\u012bjums pieg\u0101des sakariem.<\/strong><\/p>\n<p style=\"text-align: left;\">Pieg\u0101des datumu un laiku noskaidros mened\u017eeris par pas\u016bt\u012bjuma komplekt\u0101ciju, kur\u0161 sazin\u0101sies ar Jums pa elektronisko pastu vai atst\u0101tu kontakttelefonu. Pieg\u0101des termi\u0146i var main\u012bties atkar\u012bb\u0101 no pieg\u0101d\u0101t\u0101ja noteikumiem un pre\u010du esam\u012bbu noliktav\u0101.<\/p>\n<p style=\"text-align: left;\">Noform\u0113jot pas\u016bt\u012bjumu Jums vajag izv\u0113l\u0113ties attiec\u012bgu pieg\u0101des veidu:<\/p>\n<p style=\"text-align: left;\">1. Nor\u0113\u0137ins ar p\u0101rskait\u012bjumu.<\/p>\n<p style=\"text-align: left;\"><strong>2. Pieg\u0101de uz Venipak pakom\u0101tiem tikai 2.49EUR.<\/strong><\/p>\n<p style=\"text-align: left;\">3. Pieg\u0101de uz Omniva pakom\u0101tiem 3.50EUR.<\/p>\n<p style=\"text-align: left;\">4. Pieg\u0101de ar Kurjeru (pieg\u0101de maks\u0101 no 3EUR. Pieg\u0101des cena ir atkar\u012bga tikai no preces svara un izm\u0113ra ).<\/p>\n<p style=\"text-align: left;\">Bezmaksas pieg\u0101de pas\u016bt\u012bjumam virs 300 EUR (iz\u0146emot lielgabar\u012bta preces), vis\u0101 Latvij\u0101 pas\u016bit\u012bjumiem virs 300EUR! (iz\u0146emot lielgabar\u012bta preces) (pieg\u0101de ar express pastu). Pas\u016bt\u012bjums iesp\u0113jams tikai ar p\u0101rskait\u012bjumu .<\/p>\n<p style=\"text-align: left;\">UZMAN\u012aBU!!!<\/p>\n<p style=\"text-align: left;\">Tom\u0113r, da\u017eas pas\u016bt\u012bjuma poz\u012bcijas laic\u012bgi varb\u016bt nepieejamas. \u0160\u0101d\u0101 gad\u012bjum\u0101 m\u016bsu administr\u0101tors sazin\u0101sies ar Jums p\u0113c J\u016bsu nor\u0101d\u012btiem kontaktkoordin\u0101tiem, lai korekt\u0113tu pas\u016bt\u012bjumu: p\u0113c Jusu velm\u0113m, pas\u016bt\u012bjuma noform\u0113juma termi\u0146\u0161 var b\u016bt pagarin\u0101ts uz da\u017e\u0101m dien\u0101m, vai pas\u016bt\u012bjums var b\u016bt sadal\u012bts uz da\u017e\u0101m da\u013c\u0101m.<\/p>\n<p style=\"text-align: left;\">J\u016bs varat atteikties no pieg\u0101d\u0101tas preces gad\u012bjum\u0101, ja pieg\u0101d\u0101ta prece neatbilst tam, ko J\u016bs pas\u016bt\u012bj\u0101t un prece var b\u016bt atgriezta tie\u0161i pieg\u0101des laik\u0101. Precei j\u0101b\u016bt atgrieztai sav\u0101 ori\u0123in\u0101l\u0101 iepakojum\u0101.<\/p>\n<p>\t\t\t\t<\/div>\n\n\t\t\t\t\t\t\t<\/div>\n\t\t[\/vc_column][\/vc_row]<\/p>\n<\/div>","protected":false},"excerpt":{"rendered":"<p>[vc_row][vc_column][\/vc_column][\/vc_row]<\/p>\n","protected":false},"author":1,"featured_media":0,"parent":0,"menu_order":0,"comment_status":"closed","ping_status":"closed","template":"","meta":{"footnotes":""},"class_list":["post-35702","page","type-page","status-publish","hentry"],"yoast_head":"<!-- This site is optimized with the Yoast SEO Premium plugin v27.0 (Yoast SEO v27.0) - https:\/\/yoast.com\/product\/yoast-seo-premium-wordpress\/ -->\n<title>Pieg\u0101de - cosmetic.lv<\/title>\n<meta name=\"robots\" content=\"index, follow, max-snippet:-1, max-image-preview:large, max-video-preview:-1\" \/>\n<link rel=\"canonical\" href=\"https:\/\/cosmetic.lv\/lv\/piegade\/\" \/>\n<meta property=\"og:locale\" content=\"lv_LV\" \/>\n<meta property=\"og:type\" content=\"article\" \/>\n<meta property=\"og:title\" content=\"Pieg\u0101de\" \/>\n<meta property=\"og:description\" content=\"[vc_row][vc_column][\/vc_column][\/vc_row]\" \/>\n<meta property=\"og:url\" content=\"https:\/\/cosmetic.lv\/lv\/piegade\/\" \/>\n<meta property=\"og:site_name\" content=\"cosmetic.lv\" \/>\n<meta property=\"article:publisher\" content=\"https:\/\/www.facebook.com\/cosmetic.lv\/\" \/>\n<meta property=\"article:modified_time\" content=\"2025-01-19T16:48:18+00:00\" \/>\n<meta name=\"twitter:card\" content=\"summary_large_image\" \/>\n<script type=\"application\/ld+json\" class=\"yoast-schema-graph\">{\"@context\":\"https:\/\/schema.org\",\"@graph\":[{\"@type\":\"WebPage\",\"@id\":\"https:\/\/cosmetic.lv\/lv\/piegade\/\",\"url\":\"https:\/\/cosmetic.lv\/lv\/piegade\/\",\"name\":\"Pieg\u0101de - cosmetic.lv\",\"isPartOf\":{\"@id\":\"https:\/\/cosmetic.lv\/lv\/#website\"},\"datePublished\":\"2021-02-13T20:15:32+00:00\",\"dateModified\":\"2025-01-19T16:48:18+00:00\",\"breadcrumb\":{\"@id\":\"https:\/\/cosmetic.lv\/lv\/piegade\/#breadcrumb\"},\"inLanguage\":\"lv-LV\",\"potentialAction\":[{\"@type\":\"ReadAction\",\"target\":[\"https:\/\/cosmetic.lv\/lv\/piegade\/\"]}]},{\"@type\":\"BreadcrumbList\",\"@id\":\"https:\/\/cosmetic.lv\/lv\/piegade\/#breadcrumb\",\"itemListElement\":[{\"@type\":\"ListItem\",\"position\":1,\"name\":\"Home\",\"item\":\"https:\/\/cosmetic.lv\/lv\/\"},{\"@type\":\"ListItem\",\"position\":2,\"name\":\"Pieg\u0101de\"}]},{\"@type\":\"WebSite\",\"@id\":\"https:\/\/cosmetic.lv\/lv\/#website\",\"url\":\"https:\/\/cosmetic.lv\/lv\/\",\"name\":\"cosmetic.lv\",\"description\":\"Profesion\u0101la kosm\u0113tika - Maria Galland, Keune, Arkadija, GMT, Guam, Magiray\",\"publisher\":{\"@id\":\"https:\/\/cosmetic.lv\/lv\/#organization\"},\"potentialAction\":[{\"@type\":\"SearchAction\",\"target\":{\"@type\":\"EntryPoint\",\"urlTemplate\":\"https:\/\/cosmetic.lv\/lv\/?s={search_term_string}\"},\"query-input\":{\"@type\":\"PropertyValueSpecification\",\"valueRequired\":true,\"valueName\":\"search_term_string\"}}],\"inLanguage\":\"lv-LV\"},{\"@type\":\"Organization\",\"@id\":\"https:\/\/cosmetic.lv\/lv\/#organization\",\"name\":\"COSMETIC.LV\",\"url\":\"https:\/\/cosmetic.lv\/lv\/\",\"logo\":{\"@type\":\"ImageObject\",\"inLanguage\":\"lv-LV\",\"@id\":\"https:\/\/cosmetic.lv\/lv\/#\/schema\/logo\/image\/\",\"url\":\"https:\/\/cosmetic.lv\/wp-content\/uploads\/2021\/02\/cosmetic.lv_logo.jpg\",\"contentUrl\":\"https:\/\/cosmetic.lv\/wp-content\/uploads\/2021\/02\/cosmetic.lv_logo.jpg\",\"width\":596,\"height\":196,\"caption\":\"COSMETIC.LV\"},\"image\":{\"@id\":\"https:\/\/cosmetic.lv\/lv\/#\/schema\/logo\/image\/\"},\"sameAs\":[\"https:\/\/www.facebook.com\/cosmetic.lv\/\"]}]}<\/script>\n<!-- \/ Yoast SEO Premium plugin. -->","yoast_head_json":{"title":"Pieg\u0101de - cosmetic.lv","robots":{"index":"index","follow":"follow","max-snippet":"max-snippet:-1","max-image-preview":"max-image-preview:large","max-video-preview":"max-video-preview:-1"},"canonical":"https:\/\/cosmetic.lv\/lv\/piegade\/","og_locale":"lv_LV","og_type":"article","og_title":"Pieg\u0101de","og_description":"[vc_row][vc_column][\/vc_column][\/vc_row]","og_url":"https:\/\/cosmetic.lv\/lv\/piegade\/","og_site_name":"cosmetic.lv","article_publisher":"https:\/\/www.facebook.com\/cosmetic.lv\/","article_modified_time":"2025-01-19T16:48:18+00:00","twitter_card":"summary_large_image","schema":{"@context":"https:\/\/schema.org","@graph":[{"@type":"WebPage","@id":"https:\/\/cosmetic.lv\/lv\/piegade\/","url":"https:\/\/cosmetic.lv\/lv\/piegade\/","name":"Pieg\u0101de - cosmetic.lv","isPartOf":{"@id":"https:\/\/cosmetic.lv\/lv\/#website"},"datePublished":"2021-02-13T20:15:32+00:00","dateModified":"2025-01-19T16:48:18+00:00","breadcrumb":{"@id":"https:\/\/cosmetic.lv\/lv\/piegade\/#breadcrumb"},"inLanguage":"lv-LV","potentialAction":[{"@type":"ReadAction","target":["https:\/\/cosmetic.lv\/lv\/piegade\/"]}]},{"@type":"BreadcrumbList","@id":"https:\/\/cosmetic.lv\/lv\/piegade\/#breadcrumb","itemListElement":[{"@type":"ListItem","position":1,"name":"Home","item":"https:\/\/cosmetic.lv\/lv\/"},{"@type":"ListItem","position":2,"name":"Pieg\u0101de"}]},{"@type":"WebSite","@id":"https:\/\/cosmetic.lv\/lv\/#website","url":"https:\/\/cosmetic.lv\/lv\/","name":"cosmetic.lv","description":"Profesion\u0101la kosm\u0113tika - Maria Galland, Keune, Arkadija, GMT, Guam, Magiray","publisher":{"@id":"https:\/\/cosmetic.lv\/lv\/#organization"},"potentialAction":[{"@type":"SearchAction","target":{"@type":"EntryPoint","urlTemplate":"https:\/\/cosmetic.lv\/lv\/?s={search_term_string}"},"query-input":{"@type":"PropertyValueSpecification","valueRequired":true,"valueName":"search_term_string"}}],"inLanguage":"lv-LV"},{"@type":"Organization","@id":"https:\/\/cosmetic.lv\/lv\/#organization","name":"COSMETIC.LV","url":"https:\/\/cosmetic.lv\/lv\/","logo":{"@type":"ImageObject","inLanguage":"lv-LV","@id":"https:\/\/cosmetic.lv\/lv\/#\/schema\/logo\/image\/","url":"https:\/\/cosmetic.lv\/wp-content\/uploads\/2021\/02\/cosmetic.lv_logo.jpg","contentUrl":"https:\/\/cosmetic.lv\/wp-content\/uploads\/2021\/02\/cosmetic.lv_logo.jpg","width":596,"height":196,"caption":"COSMETIC.LV"},"image":{"@id":"https:\/\/cosmetic.lv\/lv\/#\/schema\/logo\/image\/"},"sameAs":["https:\/\/www.facebook.com\/cosmetic.lv\/"]}]}},"_links":{"self":[{"href":"https:\/\/cosmetic.lv\/lv\/wp-json\/wp\/v2\/pages\/35702","targetHints":{"allow":["GET"]}}],"collection":[{"href":"https:\/\/cosmetic.lv\/lv\/wp-json\/wp\/v2\/pages"}],"about":[{"href":"https:\/\/cosmetic.lv\/lv\/wp-json\/wp\/v2\/types\/page"}],"author":[{"embeddable":true,"href":"https:\/\/cosmetic.lv\/lv\/wp-json\/wp\/v2\/users\/1"}],"replies":[{"embeddable":true,"href":"https:\/\/cosmetic.lv\/lv\/wp-json\/wp\/v2\/comments?post=35702"}],"version-history":[{"count":1,"href":"https:\/\/cosmetic.lv\/lv\/wp-json\/wp\/v2\/pages\/35702\/revisions"}],"predecessor-version":[{"id":39934,"href":"https:\/\/cosmetic.lv\/lv\/wp-json\/wp\/v2\/pages\/35702\/revisions\/39934"}],"wp:attachment":[{"href":"https:\/\/cosmetic.lv\/lv\/wp-json\/wp\/v2\/media?parent=35702"}],"curies":[{"name":"wp","href":"https:\/\/api.w.org\/{rel}","templated":true}]}}