{"id":33722,"date":"2021-02-05T22:35:41","date_gmt":"2021-02-06T17:43:43","guid":{"rendered":"https:\/\/damme.lv\/product\/magnetiskas-kurpju-zoles-sieviesu-35-38\/"},"modified":"2021-02-06T19:43:44","modified_gmt":"2021-02-06T17:43:44","slug":"magnetiskas-kurpju-zoles-sieviesu-35-38","status":"publish","type":"product","link":"https:\/\/cosmetic.lv\/lv\/product\/magnetiskas-kurpju-zoles-sieviesu-35-38\/","title":{"rendered":"Magn\u0113tisk\u0101s kurpju zoles (sievie\u0161u) 35-38"},"content":{"rendered":"<p><!DOCTYPE html PUBLIC &quot;-\/\/W3C\/\/DTD XHTML 1.0 Transitional\/\/EN&quot; &quot;http:\/\/www.w3.org\/TR\/xhtml1\/DTD\/xhtml1-transitional.dtd&quot;><br \/>\n<html><br \/>\n<head><br \/>\n<title>Untitled document<\/title><br \/>\n<\/head><br \/>\n<body><\/p>\n<p>kurpju zoles<\/p>\n<p>Asortimant\u0101 pied\u0101v\u0101ti divi veidi:<\/p>\n<p>Katra zole satur 60-65 past\u0101v\u012bgus magn\u0113tus, kuri rada magn\u0113tisku lauku ar 350 Gauss. Uz lab\u0101s puses katras zoles atrodas elast\u012bgi dzelks\u0146i-mas\u0113t\u0101ji, kuri iedarbojas uz akupunkt\u016briem zoles punktiem, uzlabojot organizma visp\u0101r\u0113jo st\u0101vokli.<\/p>\n<p>Ir divi izm\u0113ri: 35-38, 39-42, 41-46.<\/p>\n<p>Izstr\u0101d\u0101ti p\u0113c jaunas tehnolo\u0123ijas un ierindoti pie sest\u0101s paaudze magn\u0113tiem.<\/p>\n<p>Izstr\u0101d\u0101juma uzdevums:<\/p>\n<p>Kurpju zoles rekomend\u0113 lietot kompleks\u0101 terapij\u0101, ja ir vair\u0101kas slim\u012bbas.<\/p>\n<p>Lab\u0101 kurpju zole atbild par labo m\u016bsu \u0137erme\u0146a pusi, kreis\u0101 &#8211; par kreiso. Kurpju zoles st\u0101voklis &#8211; \u013coti svar\u012bgs faktors.<\/p>\n<p>Lietojot kurpju zoles aktiviz\u0113jas asinspieg\u0101de un vielmai\u0146u procesi, zarnu trakta un limf\u0101tisk\u0101s sist\u0113mas darb\u012bba.<\/p>\n<p>Lietojot kurpju zoles:<\/p>\n<p>&#8211; Paaugstin\u0101s organizma imunit\u0101te<\/p>\n<p>&#8211; Atjaunoj\u0101s norm\u0101la asins pieg\u0101de art\u0113rij\u0101s un v\u0113n\u0101s &#8211; aktiviz\u0113j\u0101s sk\u0101bek\u013ca pieg\u0101de audos, izs\u016bc\u0101s hematomas.<\/p>\n<p>&#8211; Samazin\u0101s iekaisuma procesi un no\u0146em\u0101s s\u0101pes, ja ir plakana p\u0113da, tulznas, sabiez\u0113jumi, locek\u013cu slim\u012bbas, saberzumi, sasitums, l\u016bzums, izstiepums un citas zoles traumas<\/p>\n<p>&#8211; Uzlabo audu baro&scaron;anu un regener\u0101ciju, izn\u012bcina s\u0113n\u012b&scaron;u infekciju att\u012bst\u012bbi<\/p>\n<p>&#8211; Uzlabo asinspieg\u0101di plau&scaron;\u0101m, kas labv\u0113l\u012bgi ietekm\u0113 plau&scaron;u slim\u012bbas laik\u0101<\/p>\n<p>&#8211; Uzlabo visp\u0101r\u0113jo st\u0101vokli starojuma slim\u012bbas slimniekus, t\u0101 k\u0101 izdala no organizma toks\u012bnus un radionukl\u012bdus<\/p>\n<p>&#8211; Cilv\u0113kiem, kuriem ir k\u0101ju asinsrites trauc\u0113jumi paliek ac\u012bmredzami lab\u0101k un paz\u016bd sapampums, klibo&scaron;anas maz\u0101ka, aukstas k\u0101jas paliek silt\u0101kas<\/p>\n<p>&#8211; Slimniekiem ar cukura diab\u0113tu kompleks\u0101 terapij\u0101 efekt\u012bvi regul\u0113j\u0101s cukura l\u012bmenis asin\u012bs<\/p>\n<p>&#8211; Ja ir bezmiegs &#8211; atjauno miegu<\/p>\n<p>Kurpju zoles &#8211; samazina k\u0101ju nogurumu. Stabiliz\u0113 asinsspiedienu un sirds darb\u012bbu, aktiviz\u0113 im\u016bnu sist\u0113mu, uzlabo atmi\u0146u un smadze\u0146u darb\u012bbu, normaliz\u0113 ku\u0146\u0123a darb\u012bbu.<\/p>\n<p>Kurs 6-8-10 reizes.<br \/>Loc\u012btavas 30 reizes.<br \/>Tur\u0113t 30 min\u016btes.<br \/>Efekts 3-6 m\u0113ne&scaron;i.<\/p>\n<p>Lieto&scaron;ana:<\/p>\n<p>Br\u012bvaj\u0101 apav\u0101 ielikt kurpju zoli, iepriek&scaron; nogrie\u017eot p\u0113c apz\u012bm\u0113tiem kont\u016briem l\u012bdz vajadz\u012bga izm\u0113ra. Kurpju zol\u0113m j\u0101b\u016bt uzlikt\u0101m ar dzelksniem uz aug&scaron;u. \u013boti vesel\u012bgi no r\u012btiem ielikt zoles \u010d\u012bb\u0101s, pastaig\u0101t pa istabu 10-15 min\u016btes, lab\u0101k ar bas\u0101m p\u0113d\u0101m.<\/p>\n<p>Kurpju zoles dr\u012bkst n\u0113s\u0101t visas dienas garum\u0101 orient\u0113joties p\u0113c labsaj\u016btas.<\/p>\n<p>Ja ir bezmiegs pietieko&scaron;i uz nakti piespiest zoles pie p\u0113d\u0101m, uzvilkot uz k\u0101jas ze\u0137es.<\/p>\n<p>Kurpju zoles neies\u016bc mitrumu, viegli mazg\u0101j\u0101s un, ja r\u016bp\u012bgi lietosiet kalpos 35 gadus.<\/p>\n<p>Uzman\u012bbu:<\/p>\n<p>&#8211; Nelietot cilv\u0113kiem ar kardiostimul\u0101toriem vai cit\u0101m elektroier\u012bc\u0113m organizm\u0101.<\/p>\n<p>&#8211; Nelietot uz atkl\u0101t\u0101m r\u0113t\u0101m.<\/p>\n<p>&#8211; Neglab\u0101t magn\u0113tus blakus pie kred\u012bt kart\u0113m, pulkste\u0146iem, elektroier\u012bc\u0113m.<\/p>\n<p>&#8211; Nerekomend\u0113 lietot gr\u016btniec\u0113m.<\/p>\n<p>Garums 35-38.<\/p>\n<p>&nbsp;<\/p>\n<p>Lietojiet uz vesel\u012bbu!<\/p>\n<p><img src=&quot;http:\/\/www.cosmetic.lv\/images\/magnet\/steljki.jpg&quot; border=&quot;0&quot; hspace=&quot;0&quot; align=&quot;bottom&quot; \/><\/p>\n<p>&nbsp;<\/p>\n<p><\/body><br \/>\n<\/html><\/p>\n","protected":false},"excerpt":{"rendered":"<p>Untitled document kurpju zoles Asortimant\u0101 pied\u0101v\u0101ti divi veidi: Katra zole satur 60-65 past\u0101v\u012bgus magn\u0113tus, kuri rada magn\u0113tisku lauku ar 350<\/p>\n","protected":false},"featured_media":15019,"template":"","meta":[],"product_brand":[],"product_cat":[2231,2233],"product_tag":[],"class_list":{"0":"post-33722","1":"product","2":"type-product","3":"status-publish","4":"has-post-thumbnail","6":"product_cat-atveselojosas-preces-lv","7":"product_cat-kajam-lv","9":"first","10":"outofstock","11":"sale","12":"taxable","13":"shipping-taxable","14":"purchasable","15":"product-type-simple"},"yoast_head":"<!-- This site is optimized with the Yoast SEO Premium plugin v27.0 (Yoast SEO v27.0) - https:\/\/yoast.com\/product\/yoast-seo-premium-wordpress\/ -->\n<title>Magn\u0113tisk\u0101s kurpju zoles (sievie\u0161u) 35-38 - cosmetic.lv<\/title>\n<meta name=\"robots\" content=\"index, follow, max-snippet:-1, max-image-preview:large, max-video-preview:-1\" \/>\n<link rel=\"canonical\" href=\"https:\/\/cosmetic.lv\/lv\/product\/magnetiskas-kurpju-zoles-sieviesu-35-38\/\" \/>\n<meta property=\"og:locale\" content=\"lv_LV\" \/>\n<meta property=\"og:type\" content=\"article\" \/>\n<meta property=\"og:title\" content=\"Magn\u0113tisk\u0101s kurpju zoles (sievie\u0161u) 35-38\" \/>\n<meta property=\"og:description\" content=\"Untitled document kurpju zoles Asortimant\u0101 pied\u0101v\u0101ti divi veidi: Katra zole satur 60-65 past\u0101v\u012bgus magn\u0113tus, kuri rada magn\u0113tisku lauku ar 350\" \/>\n<meta property=\"og:url\" content=\"https:\/\/cosmetic.lv\/lv\/product\/magnetiskas-kurpju-zoles-sieviesu-35-38\/\" \/>\n<meta property=\"og:site_name\" content=\"cosmetic.lv\" \/>\n<meta property=\"article:publisher\" content=\"https:\/\/www.facebook.com\/cosmetic.lv\/\" \/>\n<meta property=\"article:modified_time\" content=\"2021-02-06T17:43:44+00:00\" \/>\n<meta property=\"og:image\" content=\"https:\/\/cosmetic.lv\/wp-content\/uploads\/2021\/02\/stelkamagnit-10.jpg\" \/>\n\t<meta property=\"og:image:width\" content=\"240\" \/>\n\t<meta property=\"og:image:height\" content=\"240\" \/>\n\t<meta property=\"og:image:type\" content=\"image\/jpeg\" \/>\n<meta name=\"twitter:card\" content=\"summary_large_image\" \/>\n<script type=\"application\/ld+json\" class=\"yoast-schema-graph\">{\"@context\":\"https:\/\/schema.org\",\"@graph\":[{\"@type\":\"WebPage\",\"@id\":\"https:\/\/cosmetic.lv\/lv\/product\/magnetiskas-kurpju-zoles-sieviesu-35-38\/\",\"url\":\"https:\/\/cosmetic.lv\/lv\/product\/magnetiskas-kurpju-zoles-sieviesu-35-38\/\",\"name\":\"Magn\u0113tisk\u0101s kurpju zoles (sievie\u0161u) 35-38 - cosmetic.lv\",\"isPartOf\":{\"@id\":\"https:\/\/cosmetic.lv\/lv\/#website\"},\"primaryImageOfPage\":{\"@id\":\"https:\/\/cosmetic.lv\/lv\/product\/magnetiskas-kurpju-zoles-sieviesu-35-38\/#primaryimage\"},\"image\":{\"@id\":\"https:\/\/cosmetic.lv\/lv\/product\/magnetiskas-kurpju-zoles-sieviesu-35-38\/#primaryimage\"},\"thumbnailUrl\":\"https:\/\/cosmetic.lv\/wp-content\/uploads\/2021\/02\/stelkamagnit-10.jpg\",\"datePublished\":\"2021-02-06T17:43:43+00:00\",\"dateModified\":\"2021-02-06T17:43:44+00:00\",\"breadcrumb\":{\"@id\":\"https:\/\/cosmetic.lv\/lv\/product\/magnetiskas-kurpju-zoles-sieviesu-35-38\/#breadcrumb\"},\"inLanguage\":\"lv-LV\",\"potentialAction\":[{\"@type\":\"ReadAction\",\"target\":[\"https:\/\/cosmetic.lv\/lv\/product\/magnetiskas-kurpju-zoles-sieviesu-35-38\/\"]}]},{\"@type\":\"ImageObject\",\"inLanguage\":\"lv-LV\",\"@id\":\"https:\/\/cosmetic.lv\/lv\/product\/magnetiskas-kurpju-zoles-sieviesu-35-38\/#primaryimage\",\"url\":\"https:\/\/cosmetic.lv\/wp-content\/uploads\/2021\/02\/stelkamagnit-10.jpg\",\"contentUrl\":\"https:\/\/cosmetic.lv\/wp-content\/uploads\/2021\/02\/stelkamagnit-10.jpg\",\"width\":240,\"height\":240,\"caption\":\"stelkamagnit.jpg\"},{\"@type\":\"BreadcrumbList\",\"@id\":\"https:\/\/cosmetic.lv\/lv\/product\/magnetiskas-kurpju-zoles-sieviesu-35-38\/#breadcrumb\",\"itemListElement\":[{\"@type\":\"ListItem\",\"position\":1,\"name\":\"Home\",\"item\":\"https:\/\/cosmetic.lv\/lv\/\"},{\"@type\":\"ListItem\",\"position\":2,\"name\":\"Veikals\",\"item\":\"https:\/\/cosmetic.lv\/lv\/veiklas\/\"},{\"@type\":\"ListItem\",\"position\":3,\"name\":\"Magn\u0113tisk\u0101s kurpju zoles (sievie\u0161u) 35-38\"}]},{\"@type\":\"WebSite\",\"@id\":\"https:\/\/cosmetic.lv\/lv\/#website\",\"url\":\"https:\/\/cosmetic.lv\/lv\/\",\"name\":\"cosmetic.lv\",\"description\":\"Profesion\u0101la kosm\u0113tika - Maria Galland, Keune, Arkadija, GMT, Guam, Magiray\",\"publisher\":{\"@id\":\"https:\/\/cosmetic.lv\/lv\/#organization\"},\"potentialAction\":[{\"@type\":\"SearchAction\",\"target\":{\"@type\":\"EntryPoint\",\"urlTemplate\":\"https:\/\/cosmetic.lv\/lv\/?s={search_term_string}\"},\"query-input\":{\"@type\":\"PropertyValueSpecification\",\"valueRequired\":true,\"valueName\":\"search_term_string\"}}],\"inLanguage\":\"lv-LV\"},{\"@type\":\"Organization\",\"@id\":\"https:\/\/cosmetic.lv\/lv\/#organization\",\"name\":\"COSMETIC.LV\",\"url\":\"https:\/\/cosmetic.lv\/lv\/\",\"logo\":{\"@type\":\"ImageObject\",\"inLanguage\":\"lv-LV\",\"@id\":\"https:\/\/cosmetic.lv\/lv\/#\/schema\/logo\/image\/\",\"url\":\"https:\/\/cosmetic.lv\/wp-content\/uploads\/2021\/02\/cosmetic.lv_logo.jpg\",\"contentUrl\":\"https:\/\/cosmetic.lv\/wp-content\/uploads\/2021\/02\/cosmetic.lv_logo.jpg\",\"width\":596,\"height\":196,\"caption\":\"COSMETIC.LV\"},\"image\":{\"@id\":\"https:\/\/cosmetic.lv\/lv\/#\/schema\/logo\/image\/\"},\"sameAs\":[\"https:\/\/www.facebook.com\/cosmetic.lv\/\"]}]}<\/script>\n<meta property=\"product:price:amount\" content=\"8.70\" \/>\n<meta property=\"product:price:currency\" content=\"EUR\" \/>\n<meta property=\"og:availability\" content=\"out of stock\" \/>\n<meta property=\"product:availability\" content=\"out of stock\" \/>\n<meta property=\"product:retailer_item_id\" content=\"9999900012682\" \/>\n<meta property=\"product:condition\" content=\"new\" \/>\n<!-- \/ Yoast SEO Premium plugin. -->","yoast_head_json":{"title":"Magn\u0113tisk\u0101s kurpju zoles (sievie\u0161u) 35-38 - cosmetic.lv","robots":{"index":"index","follow":"follow","max-snippet":"max-snippet:-1","max-image-preview":"max-image-preview:large","max-video-preview":"max-video-preview:-1"},"canonical":"https:\/\/cosmetic.lv\/lv\/product\/magnetiskas-kurpju-zoles-sieviesu-35-38\/","og_locale":"lv_LV","og_type":"article","og_title":"Magn\u0113tisk\u0101s kurpju zoles (sievie\u0161u) 35-38","og_description":"Untitled document kurpju zoles Asortimant\u0101 pied\u0101v\u0101ti divi veidi: Katra zole satur 60-65 past\u0101v\u012bgus magn\u0113tus, kuri rada magn\u0113tisku lauku ar 350","og_url":"https:\/\/cosmetic.lv\/lv\/product\/magnetiskas-kurpju-zoles-sieviesu-35-38\/","og_site_name":"cosmetic.lv","article_publisher":"https:\/\/www.facebook.com\/cosmetic.lv\/","article_modified_time":"2021-02-06T17:43:44+00:00","og_image":[{"width":240,"height":240,"url":"https:\/\/cosmetic.lv\/wp-content\/uploads\/2021\/02\/stelkamagnit-10.jpg","type":"image\/jpeg"}],"twitter_card":"summary_large_image","schema":{"@context":"https:\/\/schema.org","@graph":[{"@type":"WebPage","@id":"https:\/\/cosmetic.lv\/lv\/product\/magnetiskas-kurpju-zoles-sieviesu-35-38\/","url":"https:\/\/cosmetic.lv\/lv\/product\/magnetiskas-kurpju-zoles-sieviesu-35-38\/","name":"Magn\u0113tisk\u0101s kurpju zoles (sievie\u0161u) 35-38 - cosmetic.lv","isPartOf":{"@id":"https:\/\/cosmetic.lv\/lv\/#website"},"primaryImageOfPage":{"@id":"https:\/\/cosmetic.lv\/lv\/product\/magnetiskas-kurpju-zoles-sieviesu-35-38\/#primaryimage"},"image":{"@id":"https:\/\/cosmetic.lv\/lv\/product\/magnetiskas-kurpju-zoles-sieviesu-35-38\/#primaryimage"},"thumbnailUrl":"https:\/\/cosmetic.lv\/wp-content\/uploads\/2021\/02\/stelkamagnit-10.jpg","datePublished":"2021-02-06T17:43:43+00:00","dateModified":"2021-02-06T17:43:44+00:00","breadcrumb":{"@id":"https:\/\/cosmetic.lv\/lv\/product\/magnetiskas-kurpju-zoles-sieviesu-35-38\/#breadcrumb"},"inLanguage":"lv-LV","potentialAction":[{"@type":"ReadAction","target":["https:\/\/cosmetic.lv\/lv\/product\/magnetiskas-kurpju-zoles-sieviesu-35-38\/"]}]},{"@type":"ImageObject","inLanguage":"lv-LV","@id":"https:\/\/cosmetic.lv\/lv\/product\/magnetiskas-kurpju-zoles-sieviesu-35-38\/#primaryimage","url":"https:\/\/cosmetic.lv\/wp-content\/uploads\/2021\/02\/stelkamagnit-10.jpg","contentUrl":"https:\/\/cosmetic.lv\/wp-content\/uploads\/2021\/02\/stelkamagnit-10.jpg","width":240,"height":240,"caption":"stelkamagnit.jpg"},{"@type":"BreadcrumbList","@id":"https:\/\/cosmetic.lv\/lv\/product\/magnetiskas-kurpju-zoles-sieviesu-35-38\/#breadcrumb","itemListElement":[{"@type":"ListItem","position":1,"name":"Home","item":"https:\/\/cosmetic.lv\/lv\/"},{"@type":"ListItem","position":2,"name":"Veikals","item":"https:\/\/cosmetic.lv\/lv\/veiklas\/"},{"@type":"ListItem","position":3,"name":"Magn\u0113tisk\u0101s kurpju zoles (sievie\u0161u) 35-38"}]},{"@type":"WebSite","@id":"https:\/\/cosmetic.lv\/lv\/#website","url":"https:\/\/cosmetic.lv\/lv\/","name":"cosmetic.lv","description":"Profesion\u0101la kosm\u0113tika - Maria Galland, Keune, Arkadija, GMT, Guam, Magiray","publisher":{"@id":"https:\/\/cosmetic.lv\/lv\/#organization"},"potentialAction":[{"@type":"SearchAction","target":{"@type":"EntryPoint","urlTemplate":"https:\/\/cosmetic.lv\/lv\/?s={search_term_string}"},"query-input":{"@type":"PropertyValueSpecification","valueRequired":true,"valueName":"search_term_string"}}],"inLanguage":"lv-LV"},{"@type":"Organization","@id":"https:\/\/cosmetic.lv\/lv\/#organization","name":"COSMETIC.LV","url":"https:\/\/cosmetic.lv\/lv\/","logo":{"@type":"ImageObject","inLanguage":"lv-LV","@id":"https:\/\/cosmetic.lv\/lv\/#\/schema\/logo\/image\/","url":"https:\/\/cosmetic.lv\/wp-content\/uploads\/2021\/02\/cosmetic.lv_logo.jpg","contentUrl":"https:\/\/cosmetic.lv\/wp-content\/uploads\/2021\/02\/cosmetic.lv_logo.jpg","width":596,"height":196,"caption":"COSMETIC.LV"},"image":{"@id":"https:\/\/cosmetic.lv\/lv\/#\/schema\/logo\/image\/"},"sameAs":["https:\/\/www.facebook.com\/cosmetic.lv\/"]}]},"product_price_amount":"8.70","product_price_currency":"EUR","og_availability":"out of stock","product_availability":"out of stock","product_retailer_item_id":"9999900012682","product_condition":"new"},"_links":{"self":[{"href":"https:\/\/cosmetic.lv\/lv\/wp-json\/wp\/v2\/product\/33722","targetHints":{"allow":["GET"]}}],"collection":[{"href":"https:\/\/cosmetic.lv\/lv\/wp-json\/wp\/v2\/product"}],"about":[{"href":"https:\/\/cosmetic.lv\/lv\/wp-json\/wp\/v2\/types\/product"}],"wp:featuredmedia":[{"embeddable":true,"href":"https:\/\/cosmetic.lv\/lv\/wp-json\/wp\/v2\/media\/15019"}],"wp:attachment":[{"href":"https:\/\/cosmetic.lv\/lv\/wp-json\/wp\/v2\/media?parent=33722"}],"wp:term":[{"taxonomy":"product_brand","embeddable":true,"href":"https:\/\/cosmetic.lv\/lv\/wp-json\/wp\/v2\/product_brand?post=33722"},{"taxonomy":"product_cat","embeddable":true,"href":"https:\/\/cosmetic.lv\/lv\/wp-json\/wp\/v2\/product_cat?post=33722"},{"taxonomy":"product_tag","embeddable":true,"href":"https:\/\/cosmetic.lv\/lv\/wp-json\/wp\/v2\/product_tag?post=33722"}],"curies":[{"name":"wp","href":"https:\/\/api.w.org\/{rel}","templated":true}]}}