{"id":33727,"date":"2021-02-05T22:35:41","date_gmt":"2021-02-06T17:43:43","guid":{"rendered":"https:\/\/damme.lv\/product\/pneimastiskas-burcinas-brinum-banka-2-gab\/"},"modified":"2021-02-06T19:43:47","modified_gmt":"2021-02-06T17:43:47","slug":"pneimastiskas-burcinas-brinum-banka-2-gab","status":"publish","type":"product","link":"https:\/\/cosmetic.lv\/lv\/product\/pneimastiskas-burcinas-brinum-banka-2-gab\/","title":{"rendered":"Pneimastiskas burci\u0146as Br\u012bnum-banka, 2 gab."},"content":{"rendered":"<p><!DOCTYPE html PUBLIC &quot;-\/\/W3C\/\/DTD XHTML 1.0 Transitional\/\/EN&quot; &quot;http:\/\/www.w3.org\/TR\/xhtml1\/DTD\/xhtml1-transitional.dtd&quot;><br \/>\n<html><br \/>\n<head><br \/>\n<title>Untitled document<\/title><br \/>\n<\/head><br \/>\n<body><\/p>\n<p>br\u012bnum-burci\u0146as masieris<\/p>\n<p>&quot;Br\u012bnum-burka&quot; tiek izmantota \u0101rstnieciskajos un profilakses nol\u016bkos saaukst\u0113&scaron;anas un iekasumu gad\u012bjumos. T\u0101di k\u0101 pneimonija &#8211; plau&scaron;u karsonis, pleir\u012bts, bronh\u012bts, bronhi\u0101la astma; radikul\u012bts, neiroz\u012bts, neir\u012bts, osteohondroze. K\u0101 ar\u012b \u0101rst\u0113jot celul\u012btu.<\/p>\n<p>Lieto&scaron;ana:<\/p>\n<p>Efekt\u012bvai lieto&scaron;anai rekomend\u0113 sasm\u0113r\u0113t \u0101du ar mas\u0101\u017eas e\u013c\u013cu, p\u0113c tam novietot bankas doz\u0113jot vakuma sp\u0113ku. Ilgums un \u0101rst\u0113&scaron;anas kurss individu\u0101ls.<\/p>\n<p>Ja ir mugurkaula osteohondroze veic sl\u012bdo&scaron;as kust\u012bbas no apak&scaron;as no jostas vietas uz aug&scaron;u pie kakla skrieme\u013ca.<\/p>\n<p>Ja ir kakla osteohondroze veic ap\u013cveida kust\u012bbas ar bankas pal\u012bdz\u012bbu apk\u0101rt sept\u012bta skrieme\u013ca.<\/p>\n<p>Ja ir bronh\u012bts un plau&scaron;u karsonis veic sper\u0101lveid\u012bgas kust\u012bbas no muguras vidus da\u013cas pie pleciem. Mas\u0101\u017ea ar burku uzlabo elpo&scaron;anu, noiet kr\u0113pas, samazin\u0101s \u0137erme\u0146a temper\u0101tura. Ja ir celul\u012bts mas\u0101\u017eu veic uz problem\u0101tisk\u0101m \u0137erme\u0146a zon\u0101m ar taisn\u0101m un ap\u013cveida kust\u012bb\u0101m, tad tauku audi boj\u0101j\u0101s.<\/p>\n<p>Mas\u0113jamo da\u013cu sasm\u0113r\u0113 ar sasild\u012btu augu e\u013c\u013cu, mas\u0101\u017eas kr\u0113mu.<\/p>\n<p>Mas\u0101\u017eas ilgums 5-10 min\u016btes. Proced\u016bras veic katru dienu. P\u0113c proced\u016br\u0101m pacientam j\u0101atp\u016b&scaron;\u0101s pusstundu telp\u0101, kuras temperat\u016bra ne maz\u0101ka par 18 C .<\/p>\n<p>Aizliegts lietot, ja<\/p>\n<p>Viegla asi\u0146o&scaron;ana, tuberkuloze, audz\u0113js, \u0101das slim\u012bbas un t\u0101s strau&scaron;s j\u016btigums, asins slim\u012bbas, stru&scaron;s svaru zudums, sirds ritma trauc\u0113jumi, hipertonija 3 st\u0101dij\u0101.<\/p>\n<p>Nedr\u012bks likt burkas uz mugurkaula, sirds rajon\u0101, nier\u0113m un kr\u016bt\u012bm.<\/p>\n<p>&nbsp;<\/p>\n<p>Uz vesel\u012bbu!<\/p>\n<p><\/body><br \/>\n<\/html><\/p>\n","protected":false},"excerpt":{"rendered":"<p>Untitled document br\u012bnum-burci\u0146as masieris &quot;Br\u012bnum-burka&quot; tiek izmantota \u0101rstnieciskajos un profilakses nol\u016bkos saaukst\u0113&scaron;anas un iekasumu gad\u012bjumos. T\u0101di k\u0101 pneimonija &#8211; plau&scaron;u<\/p>\n","protected":false},"featured_media":15028,"template":"","meta":[],"product_brand":[],"product_cat":[2231,2235],"product_tag":[],"class_list":{"0":"post-33727","1":"product","2":"type-product","3":"status-publish","4":"has-post-thumbnail","6":"product_cat-atveselojosas-preces-lv","7":"product_cat-kermenim-lv","9":"first","10":"outofstock","11":"sale","12":"taxable","13":"shipping-taxable","14":"purchasable","15":"product-type-simple"},"yoast_head":"<!-- This site is optimized with the Yoast SEO Premium plugin v27.0 (Yoast SEO v27.0) - https:\/\/yoast.com\/product\/yoast-seo-premium-wordpress\/ -->\n<title>Pneimastiskas burci\u0146as Br\u012bnum-banka, 2 gab. - cosmetic.lv<\/title>\n<meta name=\"robots\" content=\"index, follow, max-snippet:-1, max-image-preview:large, max-video-preview:-1\" \/>\n<link rel=\"canonical\" href=\"https:\/\/cosmetic.lv\/lv\/product\/pneimastiskas-burcinas-brinum-banka-2-gab\/\" \/>\n<meta property=\"og:locale\" content=\"lv_LV\" \/>\n<meta property=\"og:type\" content=\"article\" \/>\n<meta property=\"og:title\" content=\"Pneimastiskas burci\u0146as Br\u012bnum-banka, 2 gab.\" \/>\n<meta property=\"og:description\" content=\"Untitled document br\u012bnum-burci\u0146as masieris &quot;Br\u012bnum-burka&quot; tiek izmantota \u0101rstnieciskajos un profilakses nol\u016bkos saaukst\u0113&scaron;anas un iekasumu gad\u012bjumos. T\u0101di k\u0101 pneimonija &#8211; plau&scaron;u\" \/>\n<meta property=\"og:url\" content=\"https:\/\/cosmetic.lv\/lv\/product\/pneimastiskas-burcinas-brinum-banka-2-gab\/\" \/>\n<meta property=\"og:site_name\" content=\"cosmetic.lv\" \/>\n<meta property=\"article:publisher\" content=\"https:\/\/www.facebook.com\/cosmetic.lv\/\" \/>\n<meta property=\"article:modified_time\" content=\"2021-02-06T17:43:47+00:00\" \/>\n<meta property=\"og:image\" content=\"https:\/\/cosmetic.lv\/wp-content\/uploads\/2021\/02\/chudo_banki_2-4.jpg\" \/>\n\t<meta property=\"og:image:width\" content=\"344\" \/>\n\t<meta property=\"og:image:height\" content=\"318\" \/>\n\t<meta property=\"og:image:type\" content=\"image\/jpeg\" \/>\n<meta name=\"twitter:card\" content=\"summary_large_image\" \/>\n<script type=\"application\/ld+json\" class=\"yoast-schema-graph\">{\"@context\":\"https:\/\/schema.org\",\"@graph\":[{\"@type\":\"WebPage\",\"@id\":\"https:\/\/cosmetic.lv\/lv\/product\/pneimastiskas-burcinas-brinum-banka-2-gab\/\",\"url\":\"https:\/\/cosmetic.lv\/lv\/product\/pneimastiskas-burcinas-brinum-banka-2-gab\/\",\"name\":\"Pneimastiskas burci\u0146as Br\u012bnum-banka, 2 gab. - cosmetic.lv\",\"isPartOf\":{\"@id\":\"https:\/\/cosmetic.lv\/lv\/#website\"},\"primaryImageOfPage\":{\"@id\":\"https:\/\/cosmetic.lv\/lv\/product\/pneimastiskas-burcinas-brinum-banka-2-gab\/#primaryimage\"},\"image\":{\"@id\":\"https:\/\/cosmetic.lv\/lv\/product\/pneimastiskas-burcinas-brinum-banka-2-gab\/#primaryimage\"},\"thumbnailUrl\":\"https:\/\/cosmetic.lv\/wp-content\/uploads\/2021\/02\/chudo_banki_2-4.jpg\",\"datePublished\":\"2021-02-06T17:43:43+00:00\",\"dateModified\":\"2021-02-06T17:43:47+00:00\",\"breadcrumb\":{\"@id\":\"https:\/\/cosmetic.lv\/lv\/product\/pneimastiskas-burcinas-brinum-banka-2-gab\/#breadcrumb\"},\"inLanguage\":\"lv-LV\",\"potentialAction\":[{\"@type\":\"ReadAction\",\"target\":[\"https:\/\/cosmetic.lv\/lv\/product\/pneimastiskas-burcinas-brinum-banka-2-gab\/\"]}]},{\"@type\":\"ImageObject\",\"inLanguage\":\"lv-LV\",\"@id\":\"https:\/\/cosmetic.lv\/lv\/product\/pneimastiskas-burcinas-brinum-banka-2-gab\/#primaryimage\",\"url\":\"https:\/\/cosmetic.lv\/wp-content\/uploads\/2021\/02\/chudo_banki_2-4.jpg\",\"contentUrl\":\"https:\/\/cosmetic.lv\/wp-content\/uploads\/2021\/02\/chudo_banki_2-4.jpg\",\"width\":344,\"height\":318,\"caption\":\"chudo_banki_2.jpg\"},{\"@type\":\"BreadcrumbList\",\"@id\":\"https:\/\/cosmetic.lv\/lv\/product\/pneimastiskas-burcinas-brinum-banka-2-gab\/#breadcrumb\",\"itemListElement\":[{\"@type\":\"ListItem\",\"position\":1,\"name\":\"Home\",\"item\":\"https:\/\/cosmetic.lv\/lv\/\"},{\"@type\":\"ListItem\",\"position\":2,\"name\":\"Veikals\",\"item\":\"https:\/\/cosmetic.lv\/lv\/veiklas\/\"},{\"@type\":\"ListItem\",\"position\":3,\"name\":\"Pneimastiskas burci\u0146as Br\u012bnum-banka, 2 gab.\"}]},{\"@type\":\"WebSite\",\"@id\":\"https:\/\/cosmetic.lv\/lv\/#website\",\"url\":\"https:\/\/cosmetic.lv\/lv\/\",\"name\":\"cosmetic.lv\",\"description\":\"Profesion\u0101la kosm\u0113tika - Maria Galland, Keune, Arkadija, GMT, Guam, Magiray\",\"publisher\":{\"@id\":\"https:\/\/cosmetic.lv\/lv\/#organization\"},\"potentialAction\":[{\"@type\":\"SearchAction\",\"target\":{\"@type\":\"EntryPoint\",\"urlTemplate\":\"https:\/\/cosmetic.lv\/lv\/?s={search_term_string}\"},\"query-input\":{\"@type\":\"PropertyValueSpecification\",\"valueRequired\":true,\"valueName\":\"search_term_string\"}}],\"inLanguage\":\"lv-LV\"},{\"@type\":\"Organization\",\"@id\":\"https:\/\/cosmetic.lv\/lv\/#organization\",\"name\":\"COSMETIC.LV\",\"url\":\"https:\/\/cosmetic.lv\/lv\/\",\"logo\":{\"@type\":\"ImageObject\",\"inLanguage\":\"lv-LV\",\"@id\":\"https:\/\/cosmetic.lv\/lv\/#\/schema\/logo\/image\/\",\"url\":\"https:\/\/cosmetic.lv\/wp-content\/uploads\/2021\/02\/cosmetic.lv_logo.jpg\",\"contentUrl\":\"https:\/\/cosmetic.lv\/wp-content\/uploads\/2021\/02\/cosmetic.lv_logo.jpg\",\"width\":596,\"height\":196,\"caption\":\"COSMETIC.LV\"},\"image\":{\"@id\":\"https:\/\/cosmetic.lv\/lv\/#\/schema\/logo\/image\/\"},\"sameAs\":[\"https:\/\/www.facebook.com\/cosmetic.lv\/\"]}]}<\/script>\n<meta property=\"product:price:amount\" content=\"3.67\" \/>\n<meta property=\"product:price:currency\" content=\"EUR\" \/>\n<meta property=\"og:availability\" content=\"out of stock\" \/>\n<meta property=\"product:availability\" content=\"out of stock\" \/>\n<meta property=\"product:retailer_item_id\" content=\"bio4\" \/>\n<meta property=\"product:condition\" content=\"new\" \/>\n<!-- \/ Yoast SEO Premium plugin. -->","yoast_head_json":{"title":"Pneimastiskas burci\u0146as Br\u012bnum-banka, 2 gab. - cosmetic.lv","robots":{"index":"index","follow":"follow","max-snippet":"max-snippet:-1","max-image-preview":"max-image-preview:large","max-video-preview":"max-video-preview:-1"},"canonical":"https:\/\/cosmetic.lv\/lv\/product\/pneimastiskas-burcinas-brinum-banka-2-gab\/","og_locale":"lv_LV","og_type":"article","og_title":"Pneimastiskas burci\u0146as Br\u012bnum-banka, 2 gab.","og_description":"Untitled document br\u012bnum-burci\u0146as masieris &quot;Br\u012bnum-burka&quot; tiek izmantota \u0101rstnieciskajos un profilakses nol\u016bkos saaukst\u0113&scaron;anas un iekasumu gad\u012bjumos. T\u0101di k\u0101 pneimonija &#8211; plau&scaron;u","og_url":"https:\/\/cosmetic.lv\/lv\/product\/pneimastiskas-burcinas-brinum-banka-2-gab\/","og_site_name":"cosmetic.lv","article_publisher":"https:\/\/www.facebook.com\/cosmetic.lv\/","article_modified_time":"2021-02-06T17:43:47+00:00","og_image":[{"width":344,"height":318,"url":"https:\/\/cosmetic.lv\/wp-content\/uploads\/2021\/02\/chudo_banki_2-4.jpg","type":"image\/jpeg"}],"twitter_card":"summary_large_image","schema":{"@context":"https:\/\/schema.org","@graph":[{"@type":"WebPage","@id":"https:\/\/cosmetic.lv\/lv\/product\/pneimastiskas-burcinas-brinum-banka-2-gab\/","url":"https:\/\/cosmetic.lv\/lv\/product\/pneimastiskas-burcinas-brinum-banka-2-gab\/","name":"Pneimastiskas burci\u0146as Br\u012bnum-banka, 2 gab. - cosmetic.lv","isPartOf":{"@id":"https:\/\/cosmetic.lv\/lv\/#website"},"primaryImageOfPage":{"@id":"https:\/\/cosmetic.lv\/lv\/product\/pneimastiskas-burcinas-brinum-banka-2-gab\/#primaryimage"},"image":{"@id":"https:\/\/cosmetic.lv\/lv\/product\/pneimastiskas-burcinas-brinum-banka-2-gab\/#primaryimage"},"thumbnailUrl":"https:\/\/cosmetic.lv\/wp-content\/uploads\/2021\/02\/chudo_banki_2-4.jpg","datePublished":"2021-02-06T17:43:43+00:00","dateModified":"2021-02-06T17:43:47+00:00","breadcrumb":{"@id":"https:\/\/cosmetic.lv\/lv\/product\/pneimastiskas-burcinas-brinum-banka-2-gab\/#breadcrumb"},"inLanguage":"lv-LV","potentialAction":[{"@type":"ReadAction","target":["https:\/\/cosmetic.lv\/lv\/product\/pneimastiskas-burcinas-brinum-banka-2-gab\/"]}]},{"@type":"ImageObject","inLanguage":"lv-LV","@id":"https:\/\/cosmetic.lv\/lv\/product\/pneimastiskas-burcinas-brinum-banka-2-gab\/#primaryimage","url":"https:\/\/cosmetic.lv\/wp-content\/uploads\/2021\/02\/chudo_banki_2-4.jpg","contentUrl":"https:\/\/cosmetic.lv\/wp-content\/uploads\/2021\/02\/chudo_banki_2-4.jpg","width":344,"height":318,"caption":"chudo_banki_2.jpg"},{"@type":"BreadcrumbList","@id":"https:\/\/cosmetic.lv\/lv\/product\/pneimastiskas-burcinas-brinum-banka-2-gab\/#breadcrumb","itemListElement":[{"@type":"ListItem","position":1,"name":"Home","item":"https:\/\/cosmetic.lv\/lv\/"},{"@type":"ListItem","position":2,"name":"Veikals","item":"https:\/\/cosmetic.lv\/lv\/veiklas\/"},{"@type":"ListItem","position":3,"name":"Pneimastiskas burci\u0146as Br\u012bnum-banka, 2 gab."}]},{"@type":"WebSite","@id":"https:\/\/cosmetic.lv\/lv\/#website","url":"https:\/\/cosmetic.lv\/lv\/","name":"cosmetic.lv","description":"Profesion\u0101la kosm\u0113tika - Maria Galland, Keune, Arkadija, GMT, Guam, Magiray","publisher":{"@id":"https:\/\/cosmetic.lv\/lv\/#organization"},"potentialAction":[{"@type":"SearchAction","target":{"@type":"EntryPoint","urlTemplate":"https:\/\/cosmetic.lv\/lv\/?s={search_term_string}"},"query-input":{"@type":"PropertyValueSpecification","valueRequired":true,"valueName":"search_term_string"}}],"inLanguage":"lv-LV"},{"@type":"Organization","@id":"https:\/\/cosmetic.lv\/lv\/#organization","name":"COSMETIC.LV","url":"https:\/\/cosmetic.lv\/lv\/","logo":{"@type":"ImageObject","inLanguage":"lv-LV","@id":"https:\/\/cosmetic.lv\/lv\/#\/schema\/logo\/image\/","url":"https:\/\/cosmetic.lv\/wp-content\/uploads\/2021\/02\/cosmetic.lv_logo.jpg","contentUrl":"https:\/\/cosmetic.lv\/wp-content\/uploads\/2021\/02\/cosmetic.lv_logo.jpg","width":596,"height":196,"caption":"COSMETIC.LV"},"image":{"@id":"https:\/\/cosmetic.lv\/lv\/#\/schema\/logo\/image\/"},"sameAs":["https:\/\/www.facebook.com\/cosmetic.lv\/"]}]},"product_price_amount":"3.67","product_price_currency":"EUR","og_availability":"out of stock","product_availability":"out of stock","product_retailer_item_id":"bio4","product_condition":"new"},"_links":{"self":[{"href":"https:\/\/cosmetic.lv\/lv\/wp-json\/wp\/v2\/product\/33727","targetHints":{"allow":["GET"]}}],"collection":[{"href":"https:\/\/cosmetic.lv\/lv\/wp-json\/wp\/v2\/product"}],"about":[{"href":"https:\/\/cosmetic.lv\/lv\/wp-json\/wp\/v2\/types\/product"}],"wp:featuredmedia":[{"embeddable":true,"href":"https:\/\/cosmetic.lv\/lv\/wp-json\/wp\/v2\/media\/15028"}],"wp:attachment":[{"href":"https:\/\/cosmetic.lv\/lv\/wp-json\/wp\/v2\/media?parent=33727"}],"wp:term":[{"taxonomy":"product_brand","embeddable":true,"href":"https:\/\/cosmetic.lv\/lv\/wp-json\/wp\/v2\/product_brand?post=33727"},{"taxonomy":"product_cat","embeddable":true,"href":"https:\/\/cosmetic.lv\/lv\/wp-json\/wp\/v2\/product_cat?post=33727"},{"taxonomy":"product_tag","embeddable":true,"href":"https:\/\/cosmetic.lv\/lv\/wp-json\/wp\/v2\/product_tag?post=33727"}],"curies":[{"name":"wp","href":"https:\/\/api.w.org\/{rel}","templated":true}]}}