{"id":33728,"date":"2021-02-05T22:35:41","date_gmt":"2021-02-06T17:43:43","guid":{"rendered":"https:\/\/damme.lv\/product\/josta-novajasanai-ar-saunas-efektu\/"},"modified":"2021-02-06T19:43:47","modified_gmt":"2021-02-06T17:43:47","slug":"josta-novajasanai-ar-saunas-efektu","status":"publish","type":"product","link":"https:\/\/cosmetic.lv\/lv\/product\/josta-novajasanai-ar-saunas-efektu\/","title":{"rendered":"Josta nov\u0101j\u0101\u0161anai ar saunas efektu"},"content":{"rendered":"<p><!DOCTYPE html PUBLIC &quot;-\/\/W3C\/\/DTD XHTML 1.0 Transitional\/\/EN&quot; &quot;http:\/\/www.w3.org\/TR\/xhtml1\/DTD\/xhtml1-transitional.dtd&quot;><br \/>\n<html><br \/>\n<head><br \/>\n<title>Untitled document<\/title><br \/>\n<\/head><br \/>\n<body><\/p>\n<p>josta nov\u0101j\u0101&scaron;anai<\/p>\n<p>Ide\u0101la josta cilv\u0113kiem, kuri v\u0113las nemanami, bet p\u0113c iesp\u0113jas \u0101tr\u0101k notieviet, neiev\u0113rojot di\u0113tas un fiziskus vingrin\u0101jumus.<\/p>\n<p>Josta nov\u0101j\u0101&scaron;anai ar saunas efektu &laquo;\u0412ody \u0412elt&raquo; ir ar ide\u0101lu siltuma formu, sadedzina taukus, kuri koncentr\u0113ti uz jostas da\u013cas un v\u0113dera. Josta ir noder\u012bga cilv\u0113kiem, kuri cie&scaron; no s\u0101p\u0113m mugurkaula da\u013c\u0101, jostas viet\u0101 (radikul\u012bts), nier\u0113s. Samazina s\u0101pes un stimul\u0113 asinspieg\u0101di jostas viet\u0101.<\/p>\n<p>Piem\u0113rota cilv\u0113kiem, kuri v\u0113las nov\u0101j\u0101t bez \u012bpa&scaron;as fiziskas slodzes. Josta nostiprina musku\u013cus un padara \u0137ermeni tvirt\u0101ku.<\/p>\n<p>Speci\u0101li izgatavots materi\u0101ls \u013cauj gaisam piek\u013cut pie \u0137erme\u0146a un nodro&scaron;ina to ar sk\u0101bekli.<\/p>\n<p>Pal\u012bdz, ja ir lieks svars un celul\u012bts.<\/p>\n<p>Noder\u012bgs cilv\u0113kiem, kuri cie&scaron; no s\u0101p\u0113m mugurkaul\u0101, vidus da\u013c\u0101, nier\u0113s un citas.<\/p>\n<p>Lieto&scaron;ana:<\/p>\n<p>Lai nekairin\u0101tu \u0101du nevajadzetu jostu n\u0113s\u0101t uz plika \u0137erme\u0146a, bet uzvilkt kokvilnas kreklu. Valk\u0101t jostu ilg\u0101k par se&scaron;\u0101m stund\u0101m.<\/p>\n<p>Mazg\u0101jiet jostu silt\u0101 \u016bden\u012b un ar rok\u0101m.<\/p>\n<p>&nbsp;<\/p>\n<p>Uz vesel\u012bbu!<\/p>\n<p><\/body><br \/>\n<\/html><\/p>\n","protected":false},"excerpt":{"rendered":"<p>Untitled document josta nov\u0101j\u0101&scaron;anai Ide\u0101la josta cilv\u0113kiem, kuri v\u0113las nemanami, bet p\u0113c iesp\u0113jas \u0101tr\u0101k notieviet, neiev\u0113rojot di\u0113tas un fiziskus vingrin\u0101jumus.<\/p>\n","protected":false},"featured_media":15031,"template":"","meta":[],"product_brand":[],"product_cat":[2231,2235],"product_tag":[],"class_list":{"0":"post-33728","1":"product","2":"type-product","3":"status-publish","4":"has-post-thumbnail","6":"product_cat-atveselojosas-preces-lv","7":"product_cat-kermenim-lv","9":"first","10":"outofstock","11":"sale","12":"taxable","13":"shipping-taxable","14":"purchasable","15":"product-type-simple"},"yoast_head":"<!-- This site is optimized with the Yoast SEO Premium plugin v27.0 (Yoast SEO v27.0) - https:\/\/yoast.com\/product\/yoast-seo-premium-wordpress\/ -->\n<title>Josta nov\u0101j\u0101\u0161anai ar saunas efektu - cosmetic.lv<\/title>\n<meta name=\"robots\" content=\"index, follow, max-snippet:-1, max-image-preview:large, max-video-preview:-1\" \/>\n<link rel=\"canonical\" href=\"https:\/\/cosmetic.lv\/lv\/product\/josta-novajasanai-ar-saunas-efektu\/\" \/>\n<meta property=\"og:locale\" content=\"lv_LV\" \/>\n<meta property=\"og:type\" content=\"article\" \/>\n<meta property=\"og:title\" content=\"Josta nov\u0101j\u0101\u0161anai ar saunas efektu\" \/>\n<meta property=\"og:description\" content=\"Untitled document josta nov\u0101j\u0101&scaron;anai Ide\u0101la josta cilv\u0113kiem, kuri v\u0113las nemanami, bet p\u0113c iesp\u0113jas \u0101tr\u0101k notieviet, neiev\u0113rojot di\u0113tas un fiziskus vingrin\u0101jumus.\" \/>\n<meta property=\"og:url\" content=\"https:\/\/cosmetic.lv\/lv\/product\/josta-novajasanai-ar-saunas-efektu\/\" \/>\n<meta property=\"og:site_name\" content=\"cosmetic.lv\" \/>\n<meta property=\"article:publisher\" content=\"https:\/\/www.facebook.com\/cosmetic.lv\/\" \/>\n<meta property=\"article:modified_time\" content=\"2021-02-06T17:43:47+00:00\" \/>\n<meta property=\"og:image\" content=\"https:\/\/cosmetic.lv\/wp-content\/uploads\/2021\/02\/body_belt-4.jpg\" \/>\n\t<meta property=\"og:image:width\" content=\"358\" \/>\n\t<meta property=\"og:image:height\" content=\"325\" \/>\n\t<meta property=\"og:image:type\" content=\"image\/jpeg\" \/>\n<meta name=\"twitter:card\" content=\"summary_large_image\" \/>\n<script type=\"application\/ld+json\" class=\"yoast-schema-graph\">{\"@context\":\"https:\/\/schema.org\",\"@graph\":[{\"@type\":\"WebPage\",\"@id\":\"https:\/\/cosmetic.lv\/lv\/product\/josta-novajasanai-ar-saunas-efektu\/\",\"url\":\"https:\/\/cosmetic.lv\/lv\/product\/josta-novajasanai-ar-saunas-efektu\/\",\"name\":\"Josta nov\u0101j\u0101\u0161anai ar saunas efektu - cosmetic.lv\",\"isPartOf\":{\"@id\":\"https:\/\/cosmetic.lv\/lv\/#website\"},\"primaryImageOfPage\":{\"@id\":\"https:\/\/cosmetic.lv\/lv\/product\/josta-novajasanai-ar-saunas-efektu\/#primaryimage\"},\"image\":{\"@id\":\"https:\/\/cosmetic.lv\/lv\/product\/josta-novajasanai-ar-saunas-efektu\/#primaryimage\"},\"thumbnailUrl\":\"https:\/\/cosmetic.lv\/wp-content\/uploads\/2021\/02\/body_belt-4.jpg\",\"datePublished\":\"2021-02-06T17:43:43+00:00\",\"dateModified\":\"2021-02-06T17:43:47+00:00\",\"breadcrumb\":{\"@id\":\"https:\/\/cosmetic.lv\/lv\/product\/josta-novajasanai-ar-saunas-efektu\/#breadcrumb\"},\"inLanguage\":\"lv-LV\",\"potentialAction\":[{\"@type\":\"ReadAction\",\"target\":[\"https:\/\/cosmetic.lv\/lv\/product\/josta-novajasanai-ar-saunas-efektu\/\"]}]},{\"@type\":\"ImageObject\",\"inLanguage\":\"lv-LV\",\"@id\":\"https:\/\/cosmetic.lv\/lv\/product\/josta-novajasanai-ar-saunas-efektu\/#primaryimage\",\"url\":\"https:\/\/cosmetic.lv\/wp-content\/uploads\/2021\/02\/body_belt-4.jpg\",\"contentUrl\":\"https:\/\/cosmetic.lv\/wp-content\/uploads\/2021\/02\/body_belt-4.jpg\",\"width\":358,\"height\":325,\"caption\":\"body_belt.jpg\"},{\"@type\":\"BreadcrumbList\",\"@id\":\"https:\/\/cosmetic.lv\/lv\/product\/josta-novajasanai-ar-saunas-efektu\/#breadcrumb\",\"itemListElement\":[{\"@type\":\"ListItem\",\"position\":1,\"name\":\"Home\",\"item\":\"https:\/\/cosmetic.lv\/lv\/\"},{\"@type\":\"ListItem\",\"position\":2,\"name\":\"Veikals\",\"item\":\"https:\/\/cosmetic.lv\/lv\/veiklas\/\"},{\"@type\":\"ListItem\",\"position\":3,\"name\":\"Josta nov\u0101j\u0101\u0161anai ar saunas efektu\"}]},{\"@type\":\"WebSite\",\"@id\":\"https:\/\/cosmetic.lv\/lv\/#website\",\"url\":\"https:\/\/cosmetic.lv\/lv\/\",\"name\":\"cosmetic.lv\",\"description\":\"Profesion\u0101la kosm\u0113tika - Maria Galland, Keune, Arkadija, GMT, Guam, Magiray\",\"publisher\":{\"@id\":\"https:\/\/cosmetic.lv\/lv\/#organization\"},\"potentialAction\":[{\"@type\":\"SearchAction\",\"target\":{\"@type\":\"EntryPoint\",\"urlTemplate\":\"https:\/\/cosmetic.lv\/lv\/?s={search_term_string}\"},\"query-input\":{\"@type\":\"PropertyValueSpecification\",\"valueRequired\":true,\"valueName\":\"search_term_string\"}}],\"inLanguage\":\"lv-LV\"},{\"@type\":\"Organization\",\"@id\":\"https:\/\/cosmetic.lv\/lv\/#organization\",\"name\":\"COSMETIC.LV\",\"url\":\"https:\/\/cosmetic.lv\/lv\/\",\"logo\":{\"@type\":\"ImageObject\",\"inLanguage\":\"lv-LV\",\"@id\":\"https:\/\/cosmetic.lv\/lv\/#\/schema\/logo\/image\/\",\"url\":\"https:\/\/cosmetic.lv\/wp-content\/uploads\/2021\/02\/cosmetic.lv_logo.jpg\",\"contentUrl\":\"https:\/\/cosmetic.lv\/wp-content\/uploads\/2021\/02\/cosmetic.lv_logo.jpg\",\"width\":596,\"height\":196,\"caption\":\"COSMETIC.LV\"},\"image\":{\"@id\":\"https:\/\/cosmetic.lv\/lv\/#\/schema\/logo\/image\/\"},\"sameAs\":[\"https:\/\/www.facebook.com\/cosmetic.lv\/\"]}]}<\/script>\n<meta property=\"product:price:amount\" content=\"11.54\" \/>\n<meta property=\"product:price:currency\" content=\"EUR\" \/>\n<meta property=\"og:availability\" content=\"out of stock\" \/>\n<meta property=\"product:availability\" content=\"out of stock\" \/>\n<meta property=\"product:retailer_item_id\" content=\"9999900012767\" \/>\n<meta property=\"product:condition\" content=\"new\" \/>\n<!-- \/ Yoast SEO Premium plugin. -->","yoast_head_json":{"title":"Josta nov\u0101j\u0101\u0161anai ar saunas efektu - cosmetic.lv","robots":{"index":"index","follow":"follow","max-snippet":"max-snippet:-1","max-image-preview":"max-image-preview:large","max-video-preview":"max-video-preview:-1"},"canonical":"https:\/\/cosmetic.lv\/lv\/product\/josta-novajasanai-ar-saunas-efektu\/","og_locale":"lv_LV","og_type":"article","og_title":"Josta nov\u0101j\u0101\u0161anai ar saunas efektu","og_description":"Untitled document josta nov\u0101j\u0101&scaron;anai Ide\u0101la josta cilv\u0113kiem, kuri v\u0113las nemanami, bet p\u0113c iesp\u0113jas \u0101tr\u0101k notieviet, neiev\u0113rojot di\u0113tas un fiziskus vingrin\u0101jumus.","og_url":"https:\/\/cosmetic.lv\/lv\/product\/josta-novajasanai-ar-saunas-efektu\/","og_site_name":"cosmetic.lv","article_publisher":"https:\/\/www.facebook.com\/cosmetic.lv\/","article_modified_time":"2021-02-06T17:43:47+00:00","og_image":[{"width":358,"height":325,"url":"https:\/\/cosmetic.lv\/wp-content\/uploads\/2021\/02\/body_belt-4.jpg","type":"image\/jpeg"}],"twitter_card":"summary_large_image","schema":{"@context":"https:\/\/schema.org","@graph":[{"@type":"WebPage","@id":"https:\/\/cosmetic.lv\/lv\/product\/josta-novajasanai-ar-saunas-efektu\/","url":"https:\/\/cosmetic.lv\/lv\/product\/josta-novajasanai-ar-saunas-efektu\/","name":"Josta nov\u0101j\u0101\u0161anai ar saunas efektu - cosmetic.lv","isPartOf":{"@id":"https:\/\/cosmetic.lv\/lv\/#website"},"primaryImageOfPage":{"@id":"https:\/\/cosmetic.lv\/lv\/product\/josta-novajasanai-ar-saunas-efektu\/#primaryimage"},"image":{"@id":"https:\/\/cosmetic.lv\/lv\/product\/josta-novajasanai-ar-saunas-efektu\/#primaryimage"},"thumbnailUrl":"https:\/\/cosmetic.lv\/wp-content\/uploads\/2021\/02\/body_belt-4.jpg","datePublished":"2021-02-06T17:43:43+00:00","dateModified":"2021-02-06T17:43:47+00:00","breadcrumb":{"@id":"https:\/\/cosmetic.lv\/lv\/product\/josta-novajasanai-ar-saunas-efektu\/#breadcrumb"},"inLanguage":"lv-LV","potentialAction":[{"@type":"ReadAction","target":["https:\/\/cosmetic.lv\/lv\/product\/josta-novajasanai-ar-saunas-efektu\/"]}]},{"@type":"ImageObject","inLanguage":"lv-LV","@id":"https:\/\/cosmetic.lv\/lv\/product\/josta-novajasanai-ar-saunas-efektu\/#primaryimage","url":"https:\/\/cosmetic.lv\/wp-content\/uploads\/2021\/02\/body_belt-4.jpg","contentUrl":"https:\/\/cosmetic.lv\/wp-content\/uploads\/2021\/02\/body_belt-4.jpg","width":358,"height":325,"caption":"body_belt.jpg"},{"@type":"BreadcrumbList","@id":"https:\/\/cosmetic.lv\/lv\/product\/josta-novajasanai-ar-saunas-efektu\/#breadcrumb","itemListElement":[{"@type":"ListItem","position":1,"name":"Home","item":"https:\/\/cosmetic.lv\/lv\/"},{"@type":"ListItem","position":2,"name":"Veikals","item":"https:\/\/cosmetic.lv\/lv\/veiklas\/"},{"@type":"ListItem","position":3,"name":"Josta nov\u0101j\u0101\u0161anai ar saunas efektu"}]},{"@type":"WebSite","@id":"https:\/\/cosmetic.lv\/lv\/#website","url":"https:\/\/cosmetic.lv\/lv\/","name":"cosmetic.lv","description":"Profesion\u0101la kosm\u0113tika - Maria Galland, Keune, Arkadija, GMT, Guam, Magiray","publisher":{"@id":"https:\/\/cosmetic.lv\/lv\/#organization"},"potentialAction":[{"@type":"SearchAction","target":{"@type":"EntryPoint","urlTemplate":"https:\/\/cosmetic.lv\/lv\/?s={search_term_string}"},"query-input":{"@type":"PropertyValueSpecification","valueRequired":true,"valueName":"search_term_string"}}],"inLanguage":"lv-LV"},{"@type":"Organization","@id":"https:\/\/cosmetic.lv\/lv\/#organization","name":"COSMETIC.LV","url":"https:\/\/cosmetic.lv\/lv\/","logo":{"@type":"ImageObject","inLanguage":"lv-LV","@id":"https:\/\/cosmetic.lv\/lv\/#\/schema\/logo\/image\/","url":"https:\/\/cosmetic.lv\/wp-content\/uploads\/2021\/02\/cosmetic.lv_logo.jpg","contentUrl":"https:\/\/cosmetic.lv\/wp-content\/uploads\/2021\/02\/cosmetic.lv_logo.jpg","width":596,"height":196,"caption":"COSMETIC.LV"},"image":{"@id":"https:\/\/cosmetic.lv\/lv\/#\/schema\/logo\/image\/"},"sameAs":["https:\/\/www.facebook.com\/cosmetic.lv\/"]}]},"product_price_amount":"11.54","product_price_currency":"EUR","og_availability":"out of stock","product_availability":"out of stock","product_retailer_item_id":"9999900012767","product_condition":"new"},"_links":{"self":[{"href":"https:\/\/cosmetic.lv\/lv\/wp-json\/wp\/v2\/product\/33728","targetHints":{"allow":["GET"]}}],"collection":[{"href":"https:\/\/cosmetic.lv\/lv\/wp-json\/wp\/v2\/product"}],"about":[{"href":"https:\/\/cosmetic.lv\/lv\/wp-json\/wp\/v2\/types\/product"}],"wp:featuredmedia":[{"embeddable":true,"href":"https:\/\/cosmetic.lv\/lv\/wp-json\/wp\/v2\/media\/15031"}],"wp:attachment":[{"href":"https:\/\/cosmetic.lv\/lv\/wp-json\/wp\/v2\/media?parent=33728"}],"wp:term":[{"taxonomy":"product_brand","embeddable":true,"href":"https:\/\/cosmetic.lv\/lv\/wp-json\/wp\/v2\/product_brand?post=33728"},{"taxonomy":"product_cat","embeddable":true,"href":"https:\/\/cosmetic.lv\/lv\/wp-json\/wp\/v2\/product_cat?post=33728"},{"taxonomy":"product_tag","embeddable":true,"href":"https:\/\/cosmetic.lv\/lv\/wp-json\/wp\/v2\/product_tag?post=33728"}],"curies":[{"name":"wp","href":"https:\/\/api.w.org\/{rel}","templated":true}]}}