{"id":33729,"date":"2021-02-05T22:35:41","date_gmt":"2021-02-06T17:43:43","guid":{"rendered":"https:\/\/damme.lv\/product\/silicija-udens-aktivators\/"},"modified":"2021-02-06T19:43:48","modified_gmt":"2021-02-06T17:43:48","slug":"silicija-udens-aktivators","status":"publish","type":"product","link":"https:\/\/cosmetic.lv\/lv\/product\/silicija-udens-aktivators\/","title":{"rendered":"Sil\u012bcija \u016bdens aktiv\u0101tors"},"content":{"rendered":"<p><P>sil\u012bcijs<\/P><br \/>\n<P>Sil\u012bcijs &#8211; br\u012bnumains dabas fenom\u0113ns, kur\u0161 satur sev\u012b mikroorganizmu atlikumus.<\/P><br \/>\n<P>Sil\u012bcijs &#8211; svar\u012bgs elements, kur\u0161 atrodas kaulu, \u0101das, matu, asinsvadu saistaudu, vairogdziedzera, acu sast\u0101v\u0101.<\/P><br \/>\n<P>Sil\u012bcija defic\u012bts organism\u0101, kas pastiprin\u0101s ar gadiem palielina ateroskerozes, infarktu, insultu, cukurslim\u012bbas, kataraktas, impotences ra\u0161anas risku.<\/P><br \/>\n<P>Sil\u012bcija \u016bdenim piem\u012bt daudzpus\u0113ja iedarb\u012bba uz organismu &#8211; att\u012bra no kait\u012bgiem piejaukumiem (nitrati, smago met\u0101lu s\u0101\u013ci, paraz\u012bti) &#8211; veicina r\u0113tu \u0101tr\u0101ku sadz\u012b\u0161anu &#8211; atjaunina un att\u012bra \u0101du &#8211; piem\u012bt bakteric\u012bda iedarb\u012bba &#8211; normaliz\u0113 holestir\u012bna un cukura l\u012bmeni asin\u012bs &#8211; stiprina imun\u0101lo sist\u0113mu &#8211; uztur kaulu audu, c\u012bpslu atjauno\u0161anos &#8211; veicina matu un nagu aug\u0161anu &#8211; nodro\u0161ina asinsvadu elast\u012bgumu &#8211; labv\u0113l\u012bgi ietekm\u0113 uz hormon\u0101lo bilanci.<\/P><br \/>\n<P>Sil\u012bcijas\u00a0\u016bdens ir tik\u00a0t\u012brs, ka neboj\u0101jas gadiem ilgi, bet ieg\u016bst pla\u0161u profilakses um \u0101rstniec\u012bbas kvalit\u0101ti.<\/P><br \/>\n<P>Sil\u012bcijas \u016bdens ir lielisks!<\/P><br \/>\n<P>Pagatavot to ir vienk\u0101r\u0161i. Stikla burk\u0101 vai emalj\u0113t\u0101 trauk\u0101 ar \u016bdeni, ielikt\u00a0sil\u012bcija gabali\u0146u (70 g uz 7-10 litriem) pirms izmazg\u0101jot to. Nolikt gai\u0161\u0101 viet\u0101, bet t\u0101, lai saules stri netiktu kl\u0101t. Uzkl\u0101t ar marli. Lai pagatavotu \u0113dienu tur\u0113t 2 diennaktis. \u0100rstnieciskos nol\u016bkos &#8211;\u00a0 nemaz\u0101k, k\u0101 5 diennaktis. Dzert\u00a0sil\u012bcijas\u00a0\u016bdeni ieteicams 6-8 reizes dien\u0101 0,5-1 gl\u0101zei.<\/P><br \/>\n<P>Dzer\u0161anai, \u0113diena pagatavo\u0161anai, konserv\u0113\u0161anai, kosm\u0113tik\u0101, akv\u0101rijiem.<\/P><br \/>\n<P>Glab\u0101t: saus\u0101, tum\u0161\u0101 viet\u0101.<\/P><br \/>\n<P>10 g<\/P><br \/>\n<P>\u00a0<\/P><br \/>\n<P>Uz vesel\u012bbu!<\/P><\/p>\n","protected":false},"excerpt":{"rendered":"<p>sil\u012bcijs Sil\u012bcijs &#8211; br\u012bnumains dabas fenom\u0113ns, kur\u0161 satur sev\u012b mikroorganizmu atlikumus. Sil\u012bcijs &#8211; svar\u012bgs elements, kur\u0161 atrodas kaulu, \u0101das, matu,<\/p>\n","protected":false},"featured_media":15034,"template":"","meta":[],"product_brand":[],"product_cat":[2231,2237],"product_tag":[],"class_list":{"0":"post-33729","1":"product","2":"type-product","3":"status-publish","4":"has-post-thumbnail","6":"product_cat-atveselojosas-preces-lv","7":"product_cat-citi-lv","9":"first","10":"outofstock","11":"sale","12":"taxable","13":"shipping-taxable","14":"purchasable","15":"product-type-simple"},"yoast_head":"<!-- This site is optimized with the Yoast SEO Premium plugin v27.0 (Yoast SEO v27.0) - https:\/\/yoast.com\/product\/yoast-seo-premium-wordpress\/ -->\n<title>Sil\u012bcija \u016bdens aktiv\u0101tors - cosmetic.lv<\/title>\n<meta name=\"robots\" content=\"index, follow, max-snippet:-1, max-image-preview:large, max-video-preview:-1\" \/>\n<link rel=\"canonical\" href=\"https:\/\/cosmetic.lv\/lv\/product\/silicija-udens-aktivators\/\" \/>\n<meta property=\"og:locale\" content=\"lv_LV\" \/>\n<meta property=\"og:type\" content=\"article\" \/>\n<meta property=\"og:title\" content=\"Sil\u012bcija \u016bdens aktiv\u0101tors\" \/>\n<meta property=\"og:description\" content=\"sil\u012bcijs Sil\u012bcijs &#8211; br\u012bnumains dabas fenom\u0113ns, kur\u0161 satur sev\u012b mikroorganizmu atlikumus. Sil\u012bcijs &#8211; svar\u012bgs elements, kur\u0161 atrodas kaulu, \u0101das, matu,\" \/>\n<meta property=\"og:url\" content=\"https:\/\/cosmetic.lv\/lv\/product\/silicija-udens-aktivators\/\" \/>\n<meta property=\"og:site_name\" content=\"cosmetic.lv\" \/>\n<meta property=\"article:publisher\" content=\"https:\/\/www.facebook.com\/cosmetic.lv\/\" \/>\n<meta property=\"article:modified_time\" content=\"2021-02-06T17:43:48+00:00\" \/>\n<meta property=\"og:image\" content=\"https:\/\/cosmetic.lv\/wp-content\/uploads\/2021\/02\/kremenj-4.jpg\" \/>\n\t<meta property=\"og:image:width\" content=\"400\" \/>\n\t<meta property=\"og:image:height\" content=\"400\" \/>\n\t<meta property=\"og:image:type\" content=\"image\/jpeg\" \/>\n<meta name=\"twitter:card\" content=\"summary_large_image\" \/>\n<script type=\"application\/ld+json\" class=\"yoast-schema-graph\">{\"@context\":\"https:\/\/schema.org\",\"@graph\":[{\"@type\":\"WebPage\",\"@id\":\"https:\/\/cosmetic.lv\/lv\/product\/silicija-udens-aktivators\/\",\"url\":\"https:\/\/cosmetic.lv\/lv\/product\/silicija-udens-aktivators\/\",\"name\":\"Sil\u012bcija \u016bdens aktiv\u0101tors - cosmetic.lv\",\"isPartOf\":{\"@id\":\"https:\/\/cosmetic.lv\/lv\/#website\"},\"primaryImageOfPage\":{\"@id\":\"https:\/\/cosmetic.lv\/lv\/product\/silicija-udens-aktivators\/#primaryimage\"},\"image\":{\"@id\":\"https:\/\/cosmetic.lv\/lv\/product\/silicija-udens-aktivators\/#primaryimage\"},\"thumbnailUrl\":\"https:\/\/cosmetic.lv\/wp-content\/uploads\/2021\/02\/kremenj-4.jpg\",\"datePublished\":\"2021-02-06T17:43:43+00:00\",\"dateModified\":\"2021-02-06T17:43:48+00:00\",\"breadcrumb\":{\"@id\":\"https:\/\/cosmetic.lv\/lv\/product\/silicija-udens-aktivators\/#breadcrumb\"},\"inLanguage\":\"lv-LV\",\"potentialAction\":[{\"@type\":\"ReadAction\",\"target\":[\"https:\/\/cosmetic.lv\/lv\/product\/silicija-udens-aktivators\/\"]}]},{\"@type\":\"ImageObject\",\"inLanguage\":\"lv-LV\",\"@id\":\"https:\/\/cosmetic.lv\/lv\/product\/silicija-udens-aktivators\/#primaryimage\",\"url\":\"https:\/\/cosmetic.lv\/wp-content\/uploads\/2021\/02\/kremenj-4.jpg\",\"contentUrl\":\"https:\/\/cosmetic.lv\/wp-content\/uploads\/2021\/02\/kremenj-4.jpg\",\"width\":400,\"height\":400,\"caption\":\"kremenj.jpg\"},{\"@type\":\"BreadcrumbList\",\"@id\":\"https:\/\/cosmetic.lv\/lv\/product\/silicija-udens-aktivators\/#breadcrumb\",\"itemListElement\":[{\"@type\":\"ListItem\",\"position\":1,\"name\":\"Home\",\"item\":\"https:\/\/cosmetic.lv\/lv\/\"},{\"@type\":\"ListItem\",\"position\":2,\"name\":\"Veikals\",\"item\":\"https:\/\/cosmetic.lv\/lv\/veiklas\/\"},{\"@type\":\"ListItem\",\"position\":3,\"name\":\"Sil\u012bcija \u016bdens aktiv\u0101tors\"}]},{\"@type\":\"WebSite\",\"@id\":\"https:\/\/cosmetic.lv\/lv\/#website\",\"url\":\"https:\/\/cosmetic.lv\/lv\/\",\"name\":\"cosmetic.lv\",\"description\":\"Profesion\u0101la kosm\u0113tika - Maria Galland, Keune, Arkadija, GMT, Guam, Magiray\",\"publisher\":{\"@id\":\"https:\/\/cosmetic.lv\/lv\/#organization\"},\"potentialAction\":[{\"@type\":\"SearchAction\",\"target\":{\"@type\":\"EntryPoint\",\"urlTemplate\":\"https:\/\/cosmetic.lv\/lv\/?s={search_term_string}\"},\"query-input\":{\"@type\":\"PropertyValueSpecification\",\"valueRequired\":true,\"valueName\":\"search_term_string\"}}],\"inLanguage\":\"lv-LV\"},{\"@type\":\"Organization\",\"@id\":\"https:\/\/cosmetic.lv\/lv\/#organization\",\"name\":\"COSMETIC.LV\",\"url\":\"https:\/\/cosmetic.lv\/lv\/\",\"logo\":{\"@type\":\"ImageObject\",\"inLanguage\":\"lv-LV\",\"@id\":\"https:\/\/cosmetic.lv\/lv\/#\/schema\/logo\/image\/\",\"url\":\"https:\/\/cosmetic.lv\/wp-content\/uploads\/2021\/02\/cosmetic.lv_logo.jpg\",\"contentUrl\":\"https:\/\/cosmetic.lv\/wp-content\/uploads\/2021\/02\/cosmetic.lv_logo.jpg\",\"width\":596,\"height\":196,\"caption\":\"COSMETIC.LV\"},\"image\":{\"@id\":\"https:\/\/cosmetic.lv\/lv\/#\/schema\/logo\/image\/\"},\"sameAs\":[\"https:\/\/www.facebook.com\/cosmetic.lv\/\"]}]}<\/script>\n<meta property=\"product:price:amount\" content=\"1.76\" \/>\n<meta property=\"product:price:currency\" content=\"EUR\" \/>\n<meta property=\"og:availability\" content=\"out of stock\" \/>\n<meta property=\"product:availability\" content=\"out of stock\" \/>\n<meta property=\"product:retailer_item_id\" content=\"4607094870258\" \/>\n<meta property=\"product:condition\" content=\"new\" \/>\n<!-- \/ Yoast SEO Premium plugin. -->","yoast_head_json":{"title":"Sil\u012bcija \u016bdens aktiv\u0101tors - cosmetic.lv","robots":{"index":"index","follow":"follow","max-snippet":"max-snippet:-1","max-image-preview":"max-image-preview:large","max-video-preview":"max-video-preview:-1"},"canonical":"https:\/\/cosmetic.lv\/lv\/product\/silicija-udens-aktivators\/","og_locale":"lv_LV","og_type":"article","og_title":"Sil\u012bcija \u016bdens aktiv\u0101tors","og_description":"sil\u012bcijs Sil\u012bcijs &#8211; br\u012bnumains dabas fenom\u0113ns, kur\u0161 satur sev\u012b mikroorganizmu atlikumus. Sil\u012bcijs &#8211; svar\u012bgs elements, kur\u0161 atrodas kaulu, \u0101das, matu,","og_url":"https:\/\/cosmetic.lv\/lv\/product\/silicija-udens-aktivators\/","og_site_name":"cosmetic.lv","article_publisher":"https:\/\/www.facebook.com\/cosmetic.lv\/","article_modified_time":"2021-02-06T17:43:48+00:00","og_image":[{"width":400,"height":400,"url":"https:\/\/cosmetic.lv\/wp-content\/uploads\/2021\/02\/kremenj-4.jpg","type":"image\/jpeg"}],"twitter_card":"summary_large_image","schema":{"@context":"https:\/\/schema.org","@graph":[{"@type":"WebPage","@id":"https:\/\/cosmetic.lv\/lv\/product\/silicija-udens-aktivators\/","url":"https:\/\/cosmetic.lv\/lv\/product\/silicija-udens-aktivators\/","name":"Sil\u012bcija \u016bdens aktiv\u0101tors - cosmetic.lv","isPartOf":{"@id":"https:\/\/cosmetic.lv\/lv\/#website"},"primaryImageOfPage":{"@id":"https:\/\/cosmetic.lv\/lv\/product\/silicija-udens-aktivators\/#primaryimage"},"image":{"@id":"https:\/\/cosmetic.lv\/lv\/product\/silicija-udens-aktivators\/#primaryimage"},"thumbnailUrl":"https:\/\/cosmetic.lv\/wp-content\/uploads\/2021\/02\/kremenj-4.jpg","datePublished":"2021-02-06T17:43:43+00:00","dateModified":"2021-02-06T17:43:48+00:00","breadcrumb":{"@id":"https:\/\/cosmetic.lv\/lv\/product\/silicija-udens-aktivators\/#breadcrumb"},"inLanguage":"lv-LV","potentialAction":[{"@type":"ReadAction","target":["https:\/\/cosmetic.lv\/lv\/product\/silicija-udens-aktivators\/"]}]},{"@type":"ImageObject","inLanguage":"lv-LV","@id":"https:\/\/cosmetic.lv\/lv\/product\/silicija-udens-aktivators\/#primaryimage","url":"https:\/\/cosmetic.lv\/wp-content\/uploads\/2021\/02\/kremenj-4.jpg","contentUrl":"https:\/\/cosmetic.lv\/wp-content\/uploads\/2021\/02\/kremenj-4.jpg","width":400,"height":400,"caption":"kremenj.jpg"},{"@type":"BreadcrumbList","@id":"https:\/\/cosmetic.lv\/lv\/product\/silicija-udens-aktivators\/#breadcrumb","itemListElement":[{"@type":"ListItem","position":1,"name":"Home","item":"https:\/\/cosmetic.lv\/lv\/"},{"@type":"ListItem","position":2,"name":"Veikals","item":"https:\/\/cosmetic.lv\/lv\/veiklas\/"},{"@type":"ListItem","position":3,"name":"Sil\u012bcija \u016bdens aktiv\u0101tors"}]},{"@type":"WebSite","@id":"https:\/\/cosmetic.lv\/lv\/#website","url":"https:\/\/cosmetic.lv\/lv\/","name":"cosmetic.lv","description":"Profesion\u0101la kosm\u0113tika - Maria Galland, Keune, Arkadija, GMT, Guam, Magiray","publisher":{"@id":"https:\/\/cosmetic.lv\/lv\/#organization"},"potentialAction":[{"@type":"SearchAction","target":{"@type":"EntryPoint","urlTemplate":"https:\/\/cosmetic.lv\/lv\/?s={search_term_string}"},"query-input":{"@type":"PropertyValueSpecification","valueRequired":true,"valueName":"search_term_string"}}],"inLanguage":"lv-LV"},{"@type":"Organization","@id":"https:\/\/cosmetic.lv\/lv\/#organization","name":"COSMETIC.LV","url":"https:\/\/cosmetic.lv\/lv\/","logo":{"@type":"ImageObject","inLanguage":"lv-LV","@id":"https:\/\/cosmetic.lv\/lv\/#\/schema\/logo\/image\/","url":"https:\/\/cosmetic.lv\/wp-content\/uploads\/2021\/02\/cosmetic.lv_logo.jpg","contentUrl":"https:\/\/cosmetic.lv\/wp-content\/uploads\/2021\/02\/cosmetic.lv_logo.jpg","width":596,"height":196,"caption":"COSMETIC.LV"},"image":{"@id":"https:\/\/cosmetic.lv\/lv\/#\/schema\/logo\/image\/"},"sameAs":["https:\/\/www.facebook.com\/cosmetic.lv\/"]}]},"product_price_amount":"1.76","product_price_currency":"EUR","og_availability":"out of stock","product_availability":"out of stock","product_retailer_item_id":"4607094870258","product_condition":"new"},"_links":{"self":[{"href":"https:\/\/cosmetic.lv\/lv\/wp-json\/wp\/v2\/product\/33729","targetHints":{"allow":["GET"]}}],"collection":[{"href":"https:\/\/cosmetic.lv\/lv\/wp-json\/wp\/v2\/product"}],"about":[{"href":"https:\/\/cosmetic.lv\/lv\/wp-json\/wp\/v2\/types\/product"}],"wp:featuredmedia":[{"embeddable":true,"href":"https:\/\/cosmetic.lv\/lv\/wp-json\/wp\/v2\/media\/15034"}],"wp:attachment":[{"href":"https:\/\/cosmetic.lv\/lv\/wp-json\/wp\/v2\/media?parent=33729"}],"wp:term":[{"taxonomy":"product_brand","embeddable":true,"href":"https:\/\/cosmetic.lv\/lv\/wp-json\/wp\/v2\/product_brand?post=33729"},{"taxonomy":"product_cat","embeddable":true,"href":"https:\/\/cosmetic.lv\/lv\/wp-json\/wp\/v2\/product_cat?post=33729"},{"taxonomy":"product_tag","embeddable":true,"href":"https:\/\/cosmetic.lv\/lv\/wp-json\/wp\/v2\/product_tag?post=33729"}],"curies":[{"name":"wp","href":"https:\/\/api.w.org\/{rel}","templated":true}]}}