{"id":33731,"date":"2021-02-05T22:35:41","date_gmt":"2021-02-06T17:43:43","guid":{"rendered":"https:\/\/damme.lv\/product\/masieris-tsu-dzok-1-bumbina-2-gredzeni-biomag-bio\/"},"modified":"2021-02-06T19:43:49","modified_gmt":"2021-02-06T17:43:49","slug":"masieris-tsu-dzok-1-bumbina-2-gredzeni-biomag-bio","status":"publish","type":"product","link":"https:\/\/cosmetic.lv\/lv\/product\/masieris-tsu-dzok-1-bumbina-2-gredzeni-biomag-bio\/","title":{"rendered":"Masieris Tsu-D\u017eok (1 bumbi\u0146a + 2 gredzeni) \u00abBiomag \u00bb (BIO)"},"content":{"rendered":"<p><P>masieris <\/P><br \/>\n<P>Tsu-D\u017eok terapija &#8211; \u0101rst\u0113\u0161anas l\u012bdzeklis iedarboj\u0101s un deln\u0101m un p\u0113d\u0101m.<\/P><br \/>\n<P>Tiek lietots slim\u012bbu \u0101rst\u0113\u0161anai un profilaksei. Vislab\u0101k\u0101 pa\u0161pal\u012bdz\u012bbas metode.<\/P><br \/>\n<P>Ar gredzenu pal\u012bdz\u012bbu var\u00a0\u0113rti mas\u0113t pirkstus &#8211; tas \u00a0labv\u0113l\u012bgi iedarboj\u0101s uz visu organizmu.<\/P><br \/>\n<P>Tsu-D\u017eok akupunkt\u016bra\u00a0tas ir\u00a0p\u0113d\u0113jais sasniegums Austrumu medic\u012bn\u0101.<\/P><br \/>\n<P>Plaukstu, p\u0113du un pirkstu mas\u0101\u017ea, veicina tonusa, darbsp\u0113jas un potences paugstin\u0101\u0161anos, rada visp\u0101r\u0113ju profilaktisku ietekmi.<\/P><br \/>\n<P>\u00a0<\/P><br \/>\n<P>Uz vesel\u012bbu!<\/P><\/p>\n","protected":false},"excerpt":{"rendered":"<p>masieris Tsu-D\u017eok terapija &#8211; \u0101rst\u0113\u0161anas l\u012bdzeklis iedarboj\u0101s un deln\u0101m un p\u0113d\u0101m. Tiek lietots slim\u012bbu \u0101rst\u0113\u0161anai un profilaksei. Vislab\u0101k\u0101 pa\u0161pal\u012bdz\u012bbas metode.<\/p>\n","protected":false},"featured_media":15040,"template":"","meta":[],"product_brand":[],"product_cat":[2231,2234],"product_tag":[],"class_list":{"0":"post-33731","1":"product","2":"type-product","3":"status-publish","4":"has-post-thumbnail","6":"product_cat-atveselojosas-preces-lv","7":"product_cat-rokam-lv","9":"first","10":"outofstock","11":"taxable","12":"shipping-taxable","13":"purchasable","14":"product-type-simple"},"yoast_head":"<!-- This site is optimized with the Yoast SEO Premium plugin v27.0 (Yoast SEO v27.0) - https:\/\/yoast.com\/product\/yoast-seo-premium-wordpress\/ -->\n<title>Masieris Tsu-D\u017eok (1 bumbi\u0146a + 2 gredzeni) \u00abBiomag \u00bb (BIO) - cosmetic.lv<\/title>\n<meta name=\"robots\" content=\"index, follow, max-snippet:-1, max-image-preview:large, max-video-preview:-1\" \/>\n<link rel=\"canonical\" href=\"https:\/\/cosmetic.lv\/lv\/product\/masieris-tsu-dzok-1-bumbina-2-gredzeni-biomag-bio\/\" \/>\n<meta property=\"og:locale\" content=\"lv_LV\" \/>\n<meta property=\"og:type\" content=\"article\" \/>\n<meta property=\"og:title\" content=\"Masieris Tsu-D\u017eok (1 bumbi\u0146a + 2 gredzeni) \u00abBiomag \u00bb (BIO)\" \/>\n<meta property=\"og:description\" content=\"masieris Tsu-D\u017eok terapija &#8211; \u0101rst\u0113\u0161anas l\u012bdzeklis iedarboj\u0101s un deln\u0101m un p\u0113d\u0101m. Tiek lietots slim\u012bbu \u0101rst\u0113\u0161anai un profilaksei. Vislab\u0101k\u0101 pa\u0161pal\u012bdz\u012bbas metode.\" \/>\n<meta property=\"og:url\" content=\"https:\/\/cosmetic.lv\/lv\/product\/masieris-tsu-dzok-1-bumbina-2-gredzeni-biomag-bio\/\" \/>\n<meta property=\"og:site_name\" content=\"cosmetic.lv\" \/>\n<meta property=\"article:publisher\" content=\"https:\/\/www.facebook.com\/cosmetic.lv\/\" \/>\n<meta property=\"article:modified_time\" content=\"2021-02-06T17:43:49+00:00\" \/>\n<meta property=\"og:image\" content=\"https:\/\/cosmetic.lv\/wp-content\/uploads\/2021\/02\/su-dzok-4.jpg\" \/>\n\t<meta property=\"og:image:width\" content=\"325\" \/>\n\t<meta property=\"og:image:height\" content=\"325\" \/>\n\t<meta property=\"og:image:type\" content=\"image\/jpeg\" \/>\n<meta name=\"twitter:card\" content=\"summary_large_image\" \/>\n<script type=\"application\/ld+json\" class=\"yoast-schema-graph\">{\"@context\":\"https:\/\/schema.org\",\"@graph\":[{\"@type\":\"WebPage\",\"@id\":\"https:\/\/cosmetic.lv\/lv\/product\/masieris-tsu-dzok-1-bumbina-2-gredzeni-biomag-bio\/\",\"url\":\"https:\/\/cosmetic.lv\/lv\/product\/masieris-tsu-dzok-1-bumbina-2-gredzeni-biomag-bio\/\",\"name\":\"Masieris Tsu-D\u017eok (1 bumbi\u0146a + 2 gredzeni) \u00abBiomag \u00bb (BIO) - cosmetic.lv\",\"isPartOf\":{\"@id\":\"https:\/\/cosmetic.lv\/lv\/#website\"},\"primaryImageOfPage\":{\"@id\":\"https:\/\/cosmetic.lv\/lv\/product\/masieris-tsu-dzok-1-bumbina-2-gredzeni-biomag-bio\/#primaryimage\"},\"image\":{\"@id\":\"https:\/\/cosmetic.lv\/lv\/product\/masieris-tsu-dzok-1-bumbina-2-gredzeni-biomag-bio\/#primaryimage\"},\"thumbnailUrl\":\"https:\/\/cosmetic.lv\/wp-content\/uploads\/2021\/02\/su-dzok-4.jpg\",\"datePublished\":\"2021-02-06T17:43:43+00:00\",\"dateModified\":\"2021-02-06T17:43:49+00:00\",\"breadcrumb\":{\"@id\":\"https:\/\/cosmetic.lv\/lv\/product\/masieris-tsu-dzok-1-bumbina-2-gredzeni-biomag-bio\/#breadcrumb\"},\"inLanguage\":\"lv-LV\",\"potentialAction\":[{\"@type\":\"ReadAction\",\"target\":[\"https:\/\/cosmetic.lv\/lv\/product\/masieris-tsu-dzok-1-bumbina-2-gredzeni-biomag-bio\/\"]}]},{\"@type\":\"ImageObject\",\"inLanguage\":\"lv-LV\",\"@id\":\"https:\/\/cosmetic.lv\/lv\/product\/masieris-tsu-dzok-1-bumbina-2-gredzeni-biomag-bio\/#primaryimage\",\"url\":\"https:\/\/cosmetic.lv\/wp-content\/uploads\/2021\/02\/su-dzok-4.jpg\",\"contentUrl\":\"https:\/\/cosmetic.lv\/wp-content\/uploads\/2021\/02\/su-dzok-4.jpg\",\"width\":325,\"height\":325,\"caption\":\"su-dzok.jpg\"},{\"@type\":\"BreadcrumbList\",\"@id\":\"https:\/\/cosmetic.lv\/lv\/product\/masieris-tsu-dzok-1-bumbina-2-gredzeni-biomag-bio\/#breadcrumb\",\"itemListElement\":[{\"@type\":\"ListItem\",\"position\":1,\"name\":\"Home\",\"item\":\"https:\/\/cosmetic.lv\/lv\/\"},{\"@type\":\"ListItem\",\"position\":2,\"name\":\"Veikals\",\"item\":\"https:\/\/cosmetic.lv\/lv\/veiklas\/\"},{\"@type\":\"ListItem\",\"position\":3,\"name\":\"Masieris Tsu-D\u017eok (1 bumbi\u0146a + 2 gredzeni) \u00abBiomag \u00bb (BIO)\"}]},{\"@type\":\"WebSite\",\"@id\":\"https:\/\/cosmetic.lv\/lv\/#website\",\"url\":\"https:\/\/cosmetic.lv\/lv\/\",\"name\":\"cosmetic.lv\",\"description\":\"Profesion\u0101la kosm\u0113tika - Maria Galland, Keune, Arkadija, GMT, Guam, Magiray\",\"publisher\":{\"@id\":\"https:\/\/cosmetic.lv\/lv\/#organization\"},\"potentialAction\":[{\"@type\":\"SearchAction\",\"target\":{\"@type\":\"EntryPoint\",\"urlTemplate\":\"https:\/\/cosmetic.lv\/lv\/?s={search_term_string}\"},\"query-input\":{\"@type\":\"PropertyValueSpecification\",\"valueRequired\":true,\"valueName\":\"search_term_string\"}}],\"inLanguage\":\"lv-LV\"},{\"@type\":\"Organization\",\"@id\":\"https:\/\/cosmetic.lv\/lv\/#organization\",\"name\":\"COSMETIC.LV\",\"url\":\"https:\/\/cosmetic.lv\/lv\/\",\"logo\":{\"@type\":\"ImageObject\",\"inLanguage\":\"lv-LV\",\"@id\":\"https:\/\/cosmetic.lv\/lv\/#\/schema\/logo\/image\/\",\"url\":\"https:\/\/cosmetic.lv\/wp-content\/uploads\/2021\/02\/cosmetic.lv_logo.jpg\",\"contentUrl\":\"https:\/\/cosmetic.lv\/wp-content\/uploads\/2021\/02\/cosmetic.lv_logo.jpg\",\"width\":596,\"height\":196,\"caption\":\"COSMETIC.LV\"},\"image\":{\"@id\":\"https:\/\/cosmetic.lv\/lv\/#\/schema\/logo\/image\/\"},\"sameAs\":[\"https:\/\/www.facebook.com\/cosmetic.lv\/\"]}]}<\/script>\n<meta property=\"product:price:amount\" content=\"1.94\" \/>\n<meta property=\"product:price:currency\" content=\"EUR\" \/>\n<meta property=\"og:availability\" content=\"out of stock\" \/>\n<meta property=\"product:availability\" content=\"out of stock\" \/>\n<meta property=\"product:retailer_item_id\" content=\"9999900013221\" \/>\n<meta property=\"product:condition\" content=\"new\" \/>\n<!-- \/ Yoast SEO Premium plugin. -->","yoast_head_json":{"title":"Masieris Tsu-D\u017eok (1 bumbi\u0146a + 2 gredzeni) \u00abBiomag \u00bb (BIO) - cosmetic.lv","robots":{"index":"index","follow":"follow","max-snippet":"max-snippet:-1","max-image-preview":"max-image-preview:large","max-video-preview":"max-video-preview:-1"},"canonical":"https:\/\/cosmetic.lv\/lv\/product\/masieris-tsu-dzok-1-bumbina-2-gredzeni-biomag-bio\/","og_locale":"lv_LV","og_type":"article","og_title":"Masieris Tsu-D\u017eok (1 bumbi\u0146a + 2 gredzeni) \u00abBiomag \u00bb (BIO)","og_description":"masieris Tsu-D\u017eok terapija &#8211; \u0101rst\u0113\u0161anas l\u012bdzeklis iedarboj\u0101s un deln\u0101m un p\u0113d\u0101m. Tiek lietots slim\u012bbu \u0101rst\u0113\u0161anai un profilaksei. Vislab\u0101k\u0101 pa\u0161pal\u012bdz\u012bbas metode.","og_url":"https:\/\/cosmetic.lv\/lv\/product\/masieris-tsu-dzok-1-bumbina-2-gredzeni-biomag-bio\/","og_site_name":"cosmetic.lv","article_publisher":"https:\/\/www.facebook.com\/cosmetic.lv\/","article_modified_time":"2021-02-06T17:43:49+00:00","og_image":[{"width":325,"height":325,"url":"https:\/\/cosmetic.lv\/wp-content\/uploads\/2021\/02\/su-dzok-4.jpg","type":"image\/jpeg"}],"twitter_card":"summary_large_image","schema":{"@context":"https:\/\/schema.org","@graph":[{"@type":"WebPage","@id":"https:\/\/cosmetic.lv\/lv\/product\/masieris-tsu-dzok-1-bumbina-2-gredzeni-biomag-bio\/","url":"https:\/\/cosmetic.lv\/lv\/product\/masieris-tsu-dzok-1-bumbina-2-gredzeni-biomag-bio\/","name":"Masieris Tsu-D\u017eok (1 bumbi\u0146a + 2 gredzeni) \u00abBiomag \u00bb (BIO) - cosmetic.lv","isPartOf":{"@id":"https:\/\/cosmetic.lv\/lv\/#website"},"primaryImageOfPage":{"@id":"https:\/\/cosmetic.lv\/lv\/product\/masieris-tsu-dzok-1-bumbina-2-gredzeni-biomag-bio\/#primaryimage"},"image":{"@id":"https:\/\/cosmetic.lv\/lv\/product\/masieris-tsu-dzok-1-bumbina-2-gredzeni-biomag-bio\/#primaryimage"},"thumbnailUrl":"https:\/\/cosmetic.lv\/wp-content\/uploads\/2021\/02\/su-dzok-4.jpg","datePublished":"2021-02-06T17:43:43+00:00","dateModified":"2021-02-06T17:43:49+00:00","breadcrumb":{"@id":"https:\/\/cosmetic.lv\/lv\/product\/masieris-tsu-dzok-1-bumbina-2-gredzeni-biomag-bio\/#breadcrumb"},"inLanguage":"lv-LV","potentialAction":[{"@type":"ReadAction","target":["https:\/\/cosmetic.lv\/lv\/product\/masieris-tsu-dzok-1-bumbina-2-gredzeni-biomag-bio\/"]}]},{"@type":"ImageObject","inLanguage":"lv-LV","@id":"https:\/\/cosmetic.lv\/lv\/product\/masieris-tsu-dzok-1-bumbina-2-gredzeni-biomag-bio\/#primaryimage","url":"https:\/\/cosmetic.lv\/wp-content\/uploads\/2021\/02\/su-dzok-4.jpg","contentUrl":"https:\/\/cosmetic.lv\/wp-content\/uploads\/2021\/02\/su-dzok-4.jpg","width":325,"height":325,"caption":"su-dzok.jpg"},{"@type":"BreadcrumbList","@id":"https:\/\/cosmetic.lv\/lv\/product\/masieris-tsu-dzok-1-bumbina-2-gredzeni-biomag-bio\/#breadcrumb","itemListElement":[{"@type":"ListItem","position":1,"name":"Home","item":"https:\/\/cosmetic.lv\/lv\/"},{"@type":"ListItem","position":2,"name":"Veikals","item":"https:\/\/cosmetic.lv\/lv\/veiklas\/"},{"@type":"ListItem","position":3,"name":"Masieris Tsu-D\u017eok (1 bumbi\u0146a + 2 gredzeni) \u00abBiomag \u00bb (BIO)"}]},{"@type":"WebSite","@id":"https:\/\/cosmetic.lv\/lv\/#website","url":"https:\/\/cosmetic.lv\/lv\/","name":"cosmetic.lv","description":"Profesion\u0101la kosm\u0113tika - Maria Galland, Keune, Arkadija, GMT, Guam, Magiray","publisher":{"@id":"https:\/\/cosmetic.lv\/lv\/#organization"},"potentialAction":[{"@type":"SearchAction","target":{"@type":"EntryPoint","urlTemplate":"https:\/\/cosmetic.lv\/lv\/?s={search_term_string}"},"query-input":{"@type":"PropertyValueSpecification","valueRequired":true,"valueName":"search_term_string"}}],"inLanguage":"lv-LV"},{"@type":"Organization","@id":"https:\/\/cosmetic.lv\/lv\/#organization","name":"COSMETIC.LV","url":"https:\/\/cosmetic.lv\/lv\/","logo":{"@type":"ImageObject","inLanguage":"lv-LV","@id":"https:\/\/cosmetic.lv\/lv\/#\/schema\/logo\/image\/","url":"https:\/\/cosmetic.lv\/wp-content\/uploads\/2021\/02\/cosmetic.lv_logo.jpg","contentUrl":"https:\/\/cosmetic.lv\/wp-content\/uploads\/2021\/02\/cosmetic.lv_logo.jpg","width":596,"height":196,"caption":"COSMETIC.LV"},"image":{"@id":"https:\/\/cosmetic.lv\/lv\/#\/schema\/logo\/image\/"},"sameAs":["https:\/\/www.facebook.com\/cosmetic.lv\/"]}]},"product_price_amount":"1.94","product_price_currency":"EUR","og_availability":"out of stock","product_availability":"out of stock","product_retailer_item_id":"9999900013221","product_condition":"new"},"_links":{"self":[{"href":"https:\/\/cosmetic.lv\/lv\/wp-json\/wp\/v2\/product\/33731","targetHints":{"allow":["GET"]}}],"collection":[{"href":"https:\/\/cosmetic.lv\/lv\/wp-json\/wp\/v2\/product"}],"about":[{"href":"https:\/\/cosmetic.lv\/lv\/wp-json\/wp\/v2\/types\/product"}],"wp:featuredmedia":[{"embeddable":true,"href":"https:\/\/cosmetic.lv\/lv\/wp-json\/wp\/v2\/media\/15040"}],"wp:attachment":[{"href":"https:\/\/cosmetic.lv\/lv\/wp-json\/wp\/v2\/media?parent=33731"}],"wp:term":[{"taxonomy":"product_brand","embeddable":true,"href":"https:\/\/cosmetic.lv\/lv\/wp-json\/wp\/v2\/product_brand?post=33731"},{"taxonomy":"product_cat","embeddable":true,"href":"https:\/\/cosmetic.lv\/lv\/wp-json\/wp\/v2\/product_cat?post=33731"},{"taxonomy":"product_tag","embeddable":true,"href":"https:\/\/cosmetic.lv\/lv\/wp-json\/wp\/v2\/product_tag?post=33731"}],"curies":[{"name":"wp","href":"https:\/\/api.w.org\/{rel}","templated":true}]}}