{"id":33737,"date":"2021-02-05T22:35:41","date_gmt":"2021-02-06T17:43:51","guid":{"rendered":"https:\/\/damme.lv\/product\/roza-mali-dabisks-silicijs\/"},"modified":"2021-02-06T19:43:55","modified_gmt":"2021-02-06T17:43:55","slug":"roza-mali-dabisks-silicijs","status":"publish","type":"product","link":"https:\/\/cosmetic.lv\/lv\/product\/roza-mali-dabisks-silicijs\/","title":{"rendered":"Roz\u0101 m\u0101li &#8211; dabisks sil\u012bcijs"},"content":{"rendered":"<p><!DOCTYPE html PUBLIC &quot;-\/\/W3C\/\/DTD XHTML 1.0 Transitional\/\/EN&quot; &quot;http:\/\/www.w3.org\/TR\/xhtml1\/DTD\/xhtml1-transitional.dtd&quot;><br \/>\n<html><br \/>\n<head><br \/>\n<title>Untitled document<\/title><br \/>\n<\/head><br \/>\n<body><\/p>\n<p>m\u0101li<\/p>\n<p>Gadu t\u016bksto&scaron;us m\u0101lus izmantoja vesel\u012bbas atg\u016b&scaron;anai un skaistumkop&scaron;anai. P\u0113d\u0113jos simts gados &scaron;is dabas br\u012bnums tika nepeln\u012bti aizmirsts, bet nesen pasaules liel\u0101k\u0101s kosm\u0113tisko l\u012bdzek\u013cu komp\u0101nijas s\u0101ku&scaron;as nopietnu m\u0101lu izp\u0113ti. Ar\u012b m\u016bsu veikalos m\u0101li ir nop\u0113rkami. Tiesa, tie visbie\u017e\u0101k ir novietoti viszem\u0101kajos plauktos, jo maks\u0101 tikai p\u0101rdesmit sant\u012bmus, bet efekts, ko tie sp\u0113j sniegt, ir v\u0113r\u0101 \u0146emams.<\/p>\n<p>\u0100rst\u0113&scaron;ana ar m\u0101liem ir viena no dabas dziedniec\u012bbas nozar\u0113m. M\u0101los nav bakt\u0113riju, t\u0101s neitraliz\u0113 toks\u012bnus, izn\u012bd\u0113 mikrobus. Jau senos laikos tos izmantoja \u0101das slim\u012bbu \u0101rst\u0113&scaron;anai, loc\u012btavu vain\u0101m, pat epid\u0113miju un saind\u0113&scaron;an\u0101s gad\u012bjumos.<\/p>\n<p>M\u0101lu v\u0113rt\u012bg\u0101k\u0101s \u012bpa&scaron;\u012bbas ir sp\u0113ja absorb\u0113t kait\u012bg\u0101s vielas, toks\u012bnus. Piem\u0113ram, lietojot to iek&scaron;\u0137\u012bgi, nok\u013c\u016bstot zarnu trakt\u0101, m\u0101li uzs\u016bc sev\u012b ind\u012bgos mikroorganismu izvad\u012btos blakusproduktus. Tiem piem\u012bt steriliz\u0113jo&scaron;a un antibakteri\u0101la iedarb\u012bba. Piem\u0113ram, ir p\u0101rbaud\u012bts, ka litr\u0101 piena ieliekot karoti t\u012bru m\u0101lu, produkts saglab\u0101sies svaigs vair\u0101kas dienas par bez sald\u0113jam\u0101s iek\u0101rtas.<\/p>\n<p>M\u0101los ir miner\u0101lvielas un mikroelementi, kas vajadz\u012bgi gan skaistumam, gan vesel\u012bbai. Atkar\u012bb\u0101 no ieguves vietas un kr\u0101sas, da\u017e\u0101du nokr\u0101su m\u0101li dom\u0101ti da\u017e\u0101du probl\u0113mu risin\u0101&scaron;anai. Vispopul\u0101r\u0101kie ir baltie, zilie un za\u013cie m\u0101li, kurus veikalos var nopirkt t\u012br\u0101 veid\u0101.<\/p>\n<p>Roz\u0101 m\u0101li. Tie efekt\u012bgi izvada no organisma kait\u012bg\u0101s vielas. Bag\u0101tina organismu ar dzelzi, magniju un sil\u012bciju.<\/p>\n<p>Roz\u0101 m\u0101ls atver \u0101das poras, izvada s\u0101r\u0146us, to ar\u012b izmanto kosm\u0113tiskaj\u0101m vann\u0101m un mask\u0101m.<\/p>\n<p>100 g<\/p>\n<p><\/body><br \/>\n<\/html><\/p>\n","protected":false},"excerpt":{"rendered":"<p>Untitled document m\u0101li Gadu t\u016bksto&scaron;us m\u0101lus izmantoja vesel\u012bbas atg\u016b&scaron;anai un skaistumkop&scaron;anai. P\u0113d\u0113jos simts gados &scaron;is dabas br\u012bnums tika nepeln\u012bti aizmirsts,<\/p>\n","protected":false},"featured_media":7904,"template":"","meta":[],"product_brand":[],"product_cat":[2200,2210,2212],"product_tag":[],"class_list":{"0":"post-33737","1":"product","2":"type-product","3":"status-publish","4":"has-post-thumbnail","6":"product_cat-skaistums-un-veseliba-lv","7":"product_cat-sejas-adas-kopsana-lv","8":"product_cat-nobriedusi-lv","10":"first","11":"outofstock","12":"taxable","13":"shipping-taxable","14":"purchasable","15":"product-type-simple"},"yoast_head":"<!-- This site is optimized with the Yoast SEO Premium plugin v27.0 (Yoast SEO v27.0) - https:\/\/yoast.com\/product\/yoast-seo-premium-wordpress\/ -->\n<title>Roz\u0101 m\u0101li - dabisks sil\u012bcijs - cosmetic.lv<\/title>\n<meta name=\"robots\" content=\"index, follow, max-snippet:-1, max-image-preview:large, max-video-preview:-1\" \/>\n<link rel=\"canonical\" href=\"https:\/\/cosmetic.lv\/lv\/product\/roza-mali-dabisks-silicijs\/\" \/>\n<meta property=\"og:locale\" content=\"lv_LV\" \/>\n<meta property=\"og:type\" content=\"article\" \/>\n<meta property=\"og:title\" content=\"Roz\u0101 m\u0101li - dabisks sil\u012bcijs\" \/>\n<meta property=\"og:description\" content=\"Untitled document m\u0101li Gadu t\u016bksto&scaron;us m\u0101lus izmantoja vesel\u012bbas atg\u016b&scaron;anai un skaistumkop&scaron;anai. P\u0113d\u0113jos simts gados &scaron;is dabas br\u012bnums tika nepeln\u012bti aizmirsts,\" \/>\n<meta property=\"og:url\" content=\"https:\/\/cosmetic.lv\/lv\/product\/roza-mali-dabisks-silicijs\/\" \/>\n<meta property=\"og:site_name\" content=\"cosmetic.lv\" \/>\n<meta property=\"article:publisher\" content=\"https:\/\/www.facebook.com\/cosmetic.lv\/\" \/>\n<meta property=\"article:modified_time\" content=\"2021-02-06T17:43:55+00:00\" \/>\n<meta property=\"og:image\" content=\"https:\/\/cosmetic.lv\/wp-content\/uploads\/2021\/02\/glina-pink-medikomed.jpg\" \/>\n\t<meta property=\"og:image:width\" content=\"200\" \/>\n\t<meta property=\"og:image:height\" content=\"200\" \/>\n\t<meta property=\"og:image:type\" content=\"image\/jpeg\" \/>\n<meta name=\"twitter:card\" content=\"summary_large_image\" \/>\n<script type=\"application\/ld+json\" class=\"yoast-schema-graph\">{\"@context\":\"https:\/\/schema.org\",\"@graph\":[{\"@type\":\"WebPage\",\"@id\":\"https:\/\/cosmetic.lv\/lv\/product\/roza-mali-dabisks-silicijs\/\",\"url\":\"https:\/\/cosmetic.lv\/lv\/product\/roza-mali-dabisks-silicijs\/\",\"name\":\"Roz\u0101 m\u0101li - dabisks sil\u012bcijs - cosmetic.lv\",\"isPartOf\":{\"@id\":\"https:\/\/cosmetic.lv\/lv\/#website\"},\"primaryImageOfPage\":{\"@id\":\"https:\/\/cosmetic.lv\/lv\/product\/roza-mali-dabisks-silicijs\/#primaryimage\"},\"image\":{\"@id\":\"https:\/\/cosmetic.lv\/lv\/product\/roza-mali-dabisks-silicijs\/#primaryimage\"},\"thumbnailUrl\":\"https:\/\/cosmetic.lv\/wp-content\/uploads\/2021\/02\/glina-pink-medikomed.jpg\",\"datePublished\":\"2021-02-06T17:43:51+00:00\",\"dateModified\":\"2021-02-06T17:43:55+00:00\",\"breadcrumb\":{\"@id\":\"https:\/\/cosmetic.lv\/lv\/product\/roza-mali-dabisks-silicijs\/#breadcrumb\"},\"inLanguage\":\"lv-LV\",\"potentialAction\":[{\"@type\":\"ReadAction\",\"target\":[\"https:\/\/cosmetic.lv\/lv\/product\/roza-mali-dabisks-silicijs\/\"]}]},{\"@type\":\"ImageObject\",\"inLanguage\":\"lv-LV\",\"@id\":\"https:\/\/cosmetic.lv\/lv\/product\/roza-mali-dabisks-silicijs\/#primaryimage\",\"url\":\"https:\/\/cosmetic.lv\/wp-content\/uploads\/2021\/02\/glina-pink-medikomed.jpg\",\"contentUrl\":\"https:\/\/cosmetic.lv\/wp-content\/uploads\/2021\/02\/glina-pink-medikomed.jpg\",\"width\":200,\"height\":200,\"caption\":\"Glina-pink-medikomed.jpg\"},{\"@type\":\"BreadcrumbList\",\"@id\":\"https:\/\/cosmetic.lv\/lv\/product\/roza-mali-dabisks-silicijs\/#breadcrumb\",\"itemListElement\":[{\"@type\":\"ListItem\",\"position\":1,\"name\":\"Home\",\"item\":\"https:\/\/cosmetic.lv\/lv\/\"},{\"@type\":\"ListItem\",\"position\":2,\"name\":\"Veikals\",\"item\":\"https:\/\/cosmetic.lv\/lv\/veiklas\/\"},{\"@type\":\"ListItem\",\"position\":3,\"name\":\"Roz\u0101 m\u0101li &#8211; dabisks sil\u012bcijs\"}]},{\"@type\":\"WebSite\",\"@id\":\"https:\/\/cosmetic.lv\/lv\/#website\",\"url\":\"https:\/\/cosmetic.lv\/lv\/\",\"name\":\"cosmetic.lv\",\"description\":\"Profesion\u0101la kosm\u0113tika - Maria Galland, Keune, Arkadija, GMT, Guam, Magiray\",\"publisher\":{\"@id\":\"https:\/\/cosmetic.lv\/lv\/#organization\"},\"potentialAction\":[{\"@type\":\"SearchAction\",\"target\":{\"@type\":\"EntryPoint\",\"urlTemplate\":\"https:\/\/cosmetic.lv\/lv\/?s={search_term_string}\"},\"query-input\":{\"@type\":\"PropertyValueSpecification\",\"valueRequired\":true,\"valueName\":\"search_term_string\"}}],\"inLanguage\":\"lv-LV\"},{\"@type\":\"Organization\",\"@id\":\"https:\/\/cosmetic.lv\/lv\/#organization\",\"name\":\"COSMETIC.LV\",\"url\":\"https:\/\/cosmetic.lv\/lv\/\",\"logo\":{\"@type\":\"ImageObject\",\"inLanguage\":\"lv-LV\",\"@id\":\"https:\/\/cosmetic.lv\/lv\/#\/schema\/logo\/image\/\",\"url\":\"https:\/\/cosmetic.lv\/wp-content\/uploads\/2021\/02\/cosmetic.lv_logo.jpg\",\"contentUrl\":\"https:\/\/cosmetic.lv\/wp-content\/uploads\/2021\/02\/cosmetic.lv_logo.jpg\",\"width\":596,\"height\":196,\"caption\":\"COSMETIC.LV\"},\"image\":{\"@id\":\"https:\/\/cosmetic.lv\/lv\/#\/schema\/logo\/image\/\"},\"sameAs\":[\"https:\/\/www.facebook.com\/cosmetic.lv\/\"]}]}<\/script>\n<meta property=\"product:price:amount\" content=\"1.36\" \/>\n<meta property=\"product:price:currency\" content=\"EUR\" \/>\n<meta property=\"og:availability\" content=\"out of stock\" \/>\n<meta property=\"product:availability\" content=\"out of stock\" \/>\n<meta property=\"product:retailer_item_id\" content=\"NAT3\" \/>\n<meta property=\"product:condition\" content=\"new\" \/>\n<!-- \/ Yoast SEO Premium plugin. -->","yoast_head_json":{"title":"Roz\u0101 m\u0101li - dabisks sil\u012bcijs - cosmetic.lv","robots":{"index":"index","follow":"follow","max-snippet":"max-snippet:-1","max-image-preview":"max-image-preview:large","max-video-preview":"max-video-preview:-1"},"canonical":"https:\/\/cosmetic.lv\/lv\/product\/roza-mali-dabisks-silicijs\/","og_locale":"lv_LV","og_type":"article","og_title":"Roz\u0101 m\u0101li - dabisks sil\u012bcijs","og_description":"Untitled document m\u0101li Gadu t\u016bksto&scaron;us m\u0101lus izmantoja vesel\u012bbas atg\u016b&scaron;anai un skaistumkop&scaron;anai. P\u0113d\u0113jos simts gados &scaron;is dabas br\u012bnums tika nepeln\u012bti aizmirsts,","og_url":"https:\/\/cosmetic.lv\/lv\/product\/roza-mali-dabisks-silicijs\/","og_site_name":"cosmetic.lv","article_publisher":"https:\/\/www.facebook.com\/cosmetic.lv\/","article_modified_time":"2021-02-06T17:43:55+00:00","og_image":[{"width":200,"height":200,"url":"https:\/\/cosmetic.lv\/wp-content\/uploads\/2021\/02\/glina-pink-medikomed.jpg","type":"image\/jpeg"}],"twitter_card":"summary_large_image","schema":{"@context":"https:\/\/schema.org","@graph":[{"@type":"WebPage","@id":"https:\/\/cosmetic.lv\/lv\/product\/roza-mali-dabisks-silicijs\/","url":"https:\/\/cosmetic.lv\/lv\/product\/roza-mali-dabisks-silicijs\/","name":"Roz\u0101 m\u0101li - dabisks sil\u012bcijs - cosmetic.lv","isPartOf":{"@id":"https:\/\/cosmetic.lv\/lv\/#website"},"primaryImageOfPage":{"@id":"https:\/\/cosmetic.lv\/lv\/product\/roza-mali-dabisks-silicijs\/#primaryimage"},"image":{"@id":"https:\/\/cosmetic.lv\/lv\/product\/roza-mali-dabisks-silicijs\/#primaryimage"},"thumbnailUrl":"https:\/\/cosmetic.lv\/wp-content\/uploads\/2021\/02\/glina-pink-medikomed.jpg","datePublished":"2021-02-06T17:43:51+00:00","dateModified":"2021-02-06T17:43:55+00:00","breadcrumb":{"@id":"https:\/\/cosmetic.lv\/lv\/product\/roza-mali-dabisks-silicijs\/#breadcrumb"},"inLanguage":"lv-LV","potentialAction":[{"@type":"ReadAction","target":["https:\/\/cosmetic.lv\/lv\/product\/roza-mali-dabisks-silicijs\/"]}]},{"@type":"ImageObject","inLanguage":"lv-LV","@id":"https:\/\/cosmetic.lv\/lv\/product\/roza-mali-dabisks-silicijs\/#primaryimage","url":"https:\/\/cosmetic.lv\/wp-content\/uploads\/2021\/02\/glina-pink-medikomed.jpg","contentUrl":"https:\/\/cosmetic.lv\/wp-content\/uploads\/2021\/02\/glina-pink-medikomed.jpg","width":200,"height":200,"caption":"Glina-pink-medikomed.jpg"},{"@type":"BreadcrumbList","@id":"https:\/\/cosmetic.lv\/lv\/product\/roza-mali-dabisks-silicijs\/#breadcrumb","itemListElement":[{"@type":"ListItem","position":1,"name":"Home","item":"https:\/\/cosmetic.lv\/lv\/"},{"@type":"ListItem","position":2,"name":"Veikals","item":"https:\/\/cosmetic.lv\/lv\/veiklas\/"},{"@type":"ListItem","position":3,"name":"Roz\u0101 m\u0101li &#8211; dabisks sil\u012bcijs"}]},{"@type":"WebSite","@id":"https:\/\/cosmetic.lv\/lv\/#website","url":"https:\/\/cosmetic.lv\/lv\/","name":"cosmetic.lv","description":"Profesion\u0101la kosm\u0113tika - Maria Galland, Keune, Arkadija, GMT, Guam, Magiray","publisher":{"@id":"https:\/\/cosmetic.lv\/lv\/#organization"},"potentialAction":[{"@type":"SearchAction","target":{"@type":"EntryPoint","urlTemplate":"https:\/\/cosmetic.lv\/lv\/?s={search_term_string}"},"query-input":{"@type":"PropertyValueSpecification","valueRequired":true,"valueName":"search_term_string"}}],"inLanguage":"lv-LV"},{"@type":"Organization","@id":"https:\/\/cosmetic.lv\/lv\/#organization","name":"COSMETIC.LV","url":"https:\/\/cosmetic.lv\/lv\/","logo":{"@type":"ImageObject","inLanguage":"lv-LV","@id":"https:\/\/cosmetic.lv\/lv\/#\/schema\/logo\/image\/","url":"https:\/\/cosmetic.lv\/wp-content\/uploads\/2021\/02\/cosmetic.lv_logo.jpg","contentUrl":"https:\/\/cosmetic.lv\/wp-content\/uploads\/2021\/02\/cosmetic.lv_logo.jpg","width":596,"height":196,"caption":"COSMETIC.LV"},"image":{"@id":"https:\/\/cosmetic.lv\/lv\/#\/schema\/logo\/image\/"},"sameAs":["https:\/\/www.facebook.com\/cosmetic.lv\/"]}]},"product_price_amount":"1.36","product_price_currency":"EUR","og_availability":"out of stock","product_availability":"out of stock","product_retailer_item_id":"NAT3","product_condition":"new"},"_links":{"self":[{"href":"https:\/\/cosmetic.lv\/lv\/wp-json\/wp\/v2\/product\/33737","targetHints":{"allow":["GET"]}}],"collection":[{"href":"https:\/\/cosmetic.lv\/lv\/wp-json\/wp\/v2\/product"}],"about":[{"href":"https:\/\/cosmetic.lv\/lv\/wp-json\/wp\/v2\/types\/product"}],"wp:featuredmedia":[{"embeddable":true,"href":"https:\/\/cosmetic.lv\/lv\/wp-json\/wp\/v2\/media\/7904"}],"wp:attachment":[{"href":"https:\/\/cosmetic.lv\/lv\/wp-json\/wp\/v2\/media?parent=33737"}],"wp:term":[{"taxonomy":"product_brand","embeddable":true,"href":"https:\/\/cosmetic.lv\/lv\/wp-json\/wp\/v2\/product_brand?post=33737"},{"taxonomy":"product_cat","embeddable":true,"href":"https:\/\/cosmetic.lv\/lv\/wp-json\/wp\/v2\/product_cat?post=33737"},{"taxonomy":"product_tag","embeddable":true,"href":"https:\/\/cosmetic.lv\/lv\/wp-json\/wp\/v2\/product_tag?post=33737"}],"curies":[{"name":"wp","href":"https:\/\/api.w.org\/{rel}","templated":true}]}}