{"id":33738,"date":"2021-02-05T22:35:41","date_gmt":"2021-02-06T17:43:51","guid":{"rendered":"https:\/\/damme.lv\/product\/melnie-mali-cina-pret-celulitu-un-lieko-svaru\/"},"modified":"2021-02-06T19:43:55","modified_gmt":"2021-02-06T17:43:55","slug":"melnie-mali-cina-pret-celulitu-un-lieko-svaru","status":"publish","type":"product","link":"https:\/\/cosmetic.lv\/lv\/product\/melnie-mali-cina-pret-celulitu-un-lieko-svaru\/","title":{"rendered":"Melnie m\u0101li &#8211; c\u012b\u0146a pret celul\u012btu un lieko svaru"},"content":{"rendered":"<p><!DOCTYPE html PUBLIC &quot;-\/\/W3C\/\/DTD XHTML 1.0 Transitional\/\/EN&quot; &quot;http:\/\/www.w3.org\/TR\/xhtml1\/DTD\/xhtml1-transitional.dtd&quot;><br \/>\n<html><br \/>\n<head><br \/>\n<title>Untitled document<\/title><br \/>\n<\/head><br \/>\n<body><\/p>\n<p>melnie m\u0101li &#8211; earth black 100%<\/p>\n<p>Gadu t\u016bksto&scaron;us m\u0101lus izmantoja vesel\u012bbas atg\u016b&scaron;anai un skaistumkop&scaron;anai. P\u0113d\u0113jos simts gados &scaron;is dabas br\u012bnums tika nepeln\u012bti aizmirsts, bet nesen pasaules liel\u0101k\u0101s kosm\u0113tisko l\u012bdzek\u013cu komp\u0101nijas s\u0101ku&scaron;as nopietnu m\u0101lu izp\u0113ti. Ar\u012b m\u016bsu veikalos m\u0101li ir nop\u0113rkami. Tiesa, tie visbie\u017e\u0101k ir novietoti viszem\u0101kajos plauktos, jo maks\u0101 tikai p\u0101rdesmit sant\u012bmus, bet efekts, ko tie sp\u0113j sniegt, ir v\u0113r\u0101 \u0146emams.<\/p>\n<p>\u0100rst\u0113&scaron;ana ar m\u0101liem ir viena no dabas dziedniec\u012bbas nozar\u0113m. M\u0101los nav bakt\u0113riju, t\u0101s neitraliz\u0113 toks\u012bnus, izn\u012bd\u0113 mikrobus. Jau senos laikos tos izmantoja \u0101das slim\u012bbu \u0101rst\u0113&scaron;anai, loc\u012btavu vain\u0101m, pat epid\u0113miju un saind\u0113&scaron;an\u0101s gad\u012bjumos.<\/p>\n<p>M\u0101lu v\u0113rt\u012bg\u0101k\u0101s \u012bpa&scaron;\u012bbas ir sp\u0113ja absorb\u0113t kait\u012bg\u0101s vielas, toks\u012bnus. Piem\u0113ram, lietojot to iek&scaron;\u0137\u012bgi, nok\u013c\u016bstot zarnu trakt\u0101, m\u0101li uzs\u016bc sev\u012b ind\u012bgos mikroorganismu izvad\u012btos blakusproduktus. Tiem piem\u012bt steriliz\u0113jo&scaron;a un antibakteri\u0101la iedarb\u012bba. Piem\u0113ram, ir p\u0101rbaud\u012bts, ka litr\u0101 piena ieliekot karoti t\u012bru m\u0101lu, produkts saglab\u0101sies svaigs vair\u0101kas dienas par bez sald\u0113jam\u0101s iek\u0101rtas.<\/p>\n<p>M\u0101los ir miner\u0101lvielas un mikroelementi, kas vajadz\u012bgi gan skaistumam, gan vesel\u012bbai. Atkar\u012bb\u0101 no ieguves vietas un kr\u0101sas, da\u017e\u0101du nokr\u0101su m\u0101li dom\u0101ti da\u017e\u0101du probl\u0113mu risin\u0101&scaron;anai.<\/p>\n<p>\u0136erm\u0113na \u0101das kop&scaron;anai, t\u0101s izskata uzlabo&scaron;anai un uztur\u0113&scaron;anai lab\u0101 st\u0101vokl\u012b. Dzi\u013ci att\u012bra \u0101du un bag\u0101tina ar miner\u0101liem.<\/p>\n<p>Melnais m\u0101ls ir \u013coti sp\u0113c\u012bgs l\u012bdzeklis, c\u012bnoties pret celul\u012btu un lieko svaru. Ja to regul\u0101ri izmanto, var pan\u0101kt s\u0101r\u0146u izvad\u012b&scaron;anu no organisma, k\u0101 ar\u012b atjaunot tauku dziedzeru darb\u012bbu.<\/p>\n<p>Lieto&scaron;ana:&nbsp; sajaukt ar \u016bdeni 1.1, pan\u0101kt vienm\u0113r\u012bgu konsistenci. &Scaron;\u0101d\u0101 veid\u0101 var glab\u0101t ilgi, p\u0113c vajadz\u012bbas at&scaron;\u0137aidot ar \u016bdeni.<\/p>\n<p>100 g<\/p>\n<p><\/body><br \/>\n<\/html><\/p>\n","protected":false},"excerpt":{"rendered":"<p>Untitled document melnie m\u0101li &#8211; earth black 100% Gadu t\u016bksto&scaron;us m\u0101lus izmantoja vesel\u012bbas atg\u016b&scaron;anai un skaistumkop&scaron;anai. P\u0113d\u0113jos simts gados &scaron;is<\/p>\n","protected":false},"featured_media":7907,"template":"","meta":[],"product_brand":[],"product_cat":[2200,2210,2214],"product_tag":[],"class_list":{"0":"post-33738","1":"product","2":"type-product","3":"status-publish","4":"has-post-thumbnail","6":"product_cat-skaistums-un-veseliba-lv","7":"product_cat-sejas-adas-kopsana-lv","8":"product_cat-problematiska-lv","10":"first","11":"outofstock","12":"taxable","13":"shipping-taxable","14":"purchasable","15":"product-type-simple"},"yoast_head":"<!-- This site is optimized with the Yoast SEO Premium plugin v27.0 (Yoast SEO v27.0) - https:\/\/yoast.com\/product\/yoast-seo-premium-wordpress\/ -->\n<title>Melnie m\u0101li - c\u012b\u0146a pret celul\u012btu un lieko svaru - cosmetic.lv<\/title>\n<meta name=\"robots\" content=\"index, follow, max-snippet:-1, max-image-preview:large, max-video-preview:-1\" \/>\n<link rel=\"canonical\" href=\"https:\/\/cosmetic.lv\/lv\/product\/melnie-mali-cina-pret-celulitu-un-lieko-svaru\/\" \/>\n<meta property=\"og:locale\" content=\"lv_LV\" \/>\n<meta property=\"og:type\" content=\"article\" \/>\n<meta property=\"og:title\" content=\"Melnie m\u0101li - c\u012b\u0146a pret celul\u012btu un lieko svaru\" \/>\n<meta property=\"og:description\" content=\"Untitled document melnie m\u0101li &#8211; earth black 100% Gadu t\u016bksto&scaron;us m\u0101lus izmantoja vesel\u012bbas atg\u016b&scaron;anai un skaistumkop&scaron;anai. P\u0113d\u0113jos simts gados &scaron;is\" \/>\n<meta property=\"og:url\" content=\"https:\/\/cosmetic.lv\/lv\/product\/melnie-mali-cina-pret-celulitu-un-lieko-svaru\/\" \/>\n<meta property=\"og:site_name\" content=\"cosmetic.lv\" \/>\n<meta property=\"article:publisher\" content=\"https:\/\/www.facebook.com\/cosmetic.lv\/\" \/>\n<meta property=\"article:modified_time\" content=\"2021-02-06T17:43:55+00:00\" \/>\n<meta property=\"og:image\" content=\"https:\/\/cosmetic.lv\/wp-content\/uploads\/2021\/02\/642_01srktf.jpg\" \/>\n\t<meta property=\"og:image:width\" content=\"516\" \/>\n\t<meta property=\"og:image:height\" content=\"516\" \/>\n\t<meta property=\"og:image:type\" content=\"image\/jpeg\" \/>\n<meta name=\"twitter:card\" content=\"summary_large_image\" \/>\n<script type=\"application\/ld+json\" class=\"yoast-schema-graph\">{\"@context\":\"https:\/\/schema.org\",\"@graph\":[{\"@type\":\"WebPage\",\"@id\":\"https:\/\/cosmetic.lv\/lv\/product\/melnie-mali-cina-pret-celulitu-un-lieko-svaru\/\",\"url\":\"https:\/\/cosmetic.lv\/lv\/product\/melnie-mali-cina-pret-celulitu-un-lieko-svaru\/\",\"name\":\"Melnie m\u0101li - c\u012b\u0146a pret celul\u012btu un lieko svaru - cosmetic.lv\",\"isPartOf\":{\"@id\":\"https:\/\/cosmetic.lv\/lv\/#website\"},\"primaryImageOfPage\":{\"@id\":\"https:\/\/cosmetic.lv\/lv\/product\/melnie-mali-cina-pret-celulitu-un-lieko-svaru\/#primaryimage\"},\"image\":{\"@id\":\"https:\/\/cosmetic.lv\/lv\/product\/melnie-mali-cina-pret-celulitu-un-lieko-svaru\/#primaryimage\"},\"thumbnailUrl\":\"https:\/\/cosmetic.lv\/wp-content\/uploads\/2021\/02\/642_01srktf.jpg\",\"datePublished\":\"2021-02-06T17:43:51+00:00\",\"dateModified\":\"2021-02-06T17:43:55+00:00\",\"breadcrumb\":{\"@id\":\"https:\/\/cosmetic.lv\/lv\/product\/melnie-mali-cina-pret-celulitu-un-lieko-svaru\/#breadcrumb\"},\"inLanguage\":\"lv-LV\",\"potentialAction\":[{\"@type\":\"ReadAction\",\"target\":[\"https:\/\/cosmetic.lv\/lv\/product\/melnie-mali-cina-pret-celulitu-un-lieko-svaru\/\"]}]},{\"@type\":\"ImageObject\",\"inLanguage\":\"lv-LV\",\"@id\":\"https:\/\/cosmetic.lv\/lv\/product\/melnie-mali-cina-pret-celulitu-un-lieko-svaru\/#primaryimage\",\"url\":\"https:\/\/cosmetic.lv\/wp-content\/uploads\/2021\/02\/642_01srktf.jpg\",\"contentUrl\":\"https:\/\/cosmetic.lv\/wp-content\/uploads\/2021\/02\/642_01srktf.jpg\",\"width\":516,\"height\":516,\"caption\":\"642_01\u0441\u0440\u043a\u0442\u0444.jpg\"},{\"@type\":\"BreadcrumbList\",\"@id\":\"https:\/\/cosmetic.lv\/lv\/product\/melnie-mali-cina-pret-celulitu-un-lieko-svaru\/#breadcrumb\",\"itemListElement\":[{\"@type\":\"ListItem\",\"position\":1,\"name\":\"Home\",\"item\":\"https:\/\/cosmetic.lv\/lv\/\"},{\"@type\":\"ListItem\",\"position\":2,\"name\":\"Veikals\",\"item\":\"https:\/\/cosmetic.lv\/lv\/veiklas\/\"},{\"@type\":\"ListItem\",\"position\":3,\"name\":\"Melnie m\u0101li &#8212; c\u012b\u0146a pret celul\u012btu un lieko svaru\"}]},{\"@type\":\"WebSite\",\"@id\":\"https:\/\/cosmetic.lv\/lv\/#website\",\"url\":\"https:\/\/cosmetic.lv\/lv\/\",\"name\":\"cosmetic.lv\",\"description\":\"Profesion\u0101la kosm\u0113tika - Maria Galland, Keune, Arkadija, GMT, Guam, Magiray\",\"publisher\":{\"@id\":\"https:\/\/cosmetic.lv\/lv\/#organization\"},\"potentialAction\":[{\"@type\":\"SearchAction\",\"target\":{\"@type\":\"EntryPoint\",\"urlTemplate\":\"https:\/\/cosmetic.lv\/lv\/?s={search_term_string}\"},\"query-input\":{\"@type\":\"PropertyValueSpecification\",\"valueRequired\":true,\"valueName\":\"search_term_string\"}}],\"inLanguage\":\"lv-LV\"},{\"@type\":\"Organization\",\"@id\":\"https:\/\/cosmetic.lv\/lv\/#organization\",\"name\":\"COSMETIC.LV\",\"url\":\"https:\/\/cosmetic.lv\/lv\/\",\"logo\":{\"@type\":\"ImageObject\",\"inLanguage\":\"lv-LV\",\"@id\":\"https:\/\/cosmetic.lv\/lv\/#\/schema\/logo\/image\/\",\"url\":\"https:\/\/cosmetic.lv\/wp-content\/uploads\/2021\/02\/cosmetic.lv_logo.jpg\",\"contentUrl\":\"https:\/\/cosmetic.lv\/wp-content\/uploads\/2021\/02\/cosmetic.lv_logo.jpg\",\"width\":596,\"height\":196,\"caption\":\"COSMETIC.LV\"},\"image\":{\"@id\":\"https:\/\/cosmetic.lv\/lv\/#\/schema\/logo\/image\/\"},\"sameAs\":[\"https:\/\/www.facebook.com\/cosmetic.lv\/\"]}]}<\/script>\n<meta property=\"product:price:amount\" content=\"1.51\" \/>\n<meta property=\"product:price:currency\" content=\"EUR\" \/>\n<meta property=\"og:availability\" content=\"out of stock\" \/>\n<meta property=\"product:availability\" content=\"out of stock\" \/>\n<meta property=\"product:retailer_item_id\" content=\"NAT4\" \/>\n<meta property=\"product:condition\" content=\"new\" \/>\n<!-- \/ Yoast SEO Premium plugin. -->","yoast_head_json":{"title":"Melnie m\u0101li - c\u012b\u0146a pret celul\u012btu un lieko svaru - cosmetic.lv","robots":{"index":"index","follow":"follow","max-snippet":"max-snippet:-1","max-image-preview":"max-image-preview:large","max-video-preview":"max-video-preview:-1"},"canonical":"https:\/\/cosmetic.lv\/lv\/product\/melnie-mali-cina-pret-celulitu-un-lieko-svaru\/","og_locale":"lv_LV","og_type":"article","og_title":"Melnie m\u0101li - c\u012b\u0146a pret celul\u012btu un lieko svaru","og_description":"Untitled document melnie m\u0101li &#8211; earth black 100% Gadu t\u016bksto&scaron;us m\u0101lus izmantoja vesel\u012bbas atg\u016b&scaron;anai un skaistumkop&scaron;anai. P\u0113d\u0113jos simts gados &scaron;is","og_url":"https:\/\/cosmetic.lv\/lv\/product\/melnie-mali-cina-pret-celulitu-un-lieko-svaru\/","og_site_name":"cosmetic.lv","article_publisher":"https:\/\/www.facebook.com\/cosmetic.lv\/","article_modified_time":"2021-02-06T17:43:55+00:00","og_image":[{"width":516,"height":516,"url":"https:\/\/cosmetic.lv\/wp-content\/uploads\/2021\/02\/642_01srktf.jpg","type":"image\/jpeg"}],"twitter_card":"summary_large_image","schema":{"@context":"https:\/\/schema.org","@graph":[{"@type":"WebPage","@id":"https:\/\/cosmetic.lv\/lv\/product\/melnie-mali-cina-pret-celulitu-un-lieko-svaru\/","url":"https:\/\/cosmetic.lv\/lv\/product\/melnie-mali-cina-pret-celulitu-un-lieko-svaru\/","name":"Melnie m\u0101li - c\u012b\u0146a pret celul\u012btu un lieko svaru - cosmetic.lv","isPartOf":{"@id":"https:\/\/cosmetic.lv\/lv\/#website"},"primaryImageOfPage":{"@id":"https:\/\/cosmetic.lv\/lv\/product\/melnie-mali-cina-pret-celulitu-un-lieko-svaru\/#primaryimage"},"image":{"@id":"https:\/\/cosmetic.lv\/lv\/product\/melnie-mali-cina-pret-celulitu-un-lieko-svaru\/#primaryimage"},"thumbnailUrl":"https:\/\/cosmetic.lv\/wp-content\/uploads\/2021\/02\/642_01srktf.jpg","datePublished":"2021-02-06T17:43:51+00:00","dateModified":"2021-02-06T17:43:55+00:00","breadcrumb":{"@id":"https:\/\/cosmetic.lv\/lv\/product\/melnie-mali-cina-pret-celulitu-un-lieko-svaru\/#breadcrumb"},"inLanguage":"lv-LV","potentialAction":[{"@type":"ReadAction","target":["https:\/\/cosmetic.lv\/lv\/product\/melnie-mali-cina-pret-celulitu-un-lieko-svaru\/"]}]},{"@type":"ImageObject","inLanguage":"lv-LV","@id":"https:\/\/cosmetic.lv\/lv\/product\/melnie-mali-cina-pret-celulitu-un-lieko-svaru\/#primaryimage","url":"https:\/\/cosmetic.lv\/wp-content\/uploads\/2021\/02\/642_01srktf.jpg","contentUrl":"https:\/\/cosmetic.lv\/wp-content\/uploads\/2021\/02\/642_01srktf.jpg","width":516,"height":516,"caption":"642_01\u0441\u0440\u043a\u0442\u0444.jpg"},{"@type":"BreadcrumbList","@id":"https:\/\/cosmetic.lv\/lv\/product\/melnie-mali-cina-pret-celulitu-un-lieko-svaru\/#breadcrumb","itemListElement":[{"@type":"ListItem","position":1,"name":"Home","item":"https:\/\/cosmetic.lv\/lv\/"},{"@type":"ListItem","position":2,"name":"Veikals","item":"https:\/\/cosmetic.lv\/lv\/veiklas\/"},{"@type":"ListItem","position":3,"name":"Melnie m\u0101li &#8212; c\u012b\u0146a pret celul\u012btu un lieko svaru"}]},{"@type":"WebSite","@id":"https:\/\/cosmetic.lv\/lv\/#website","url":"https:\/\/cosmetic.lv\/lv\/","name":"cosmetic.lv","description":"Profesion\u0101la kosm\u0113tika - Maria Galland, Keune, Arkadija, GMT, Guam, Magiray","publisher":{"@id":"https:\/\/cosmetic.lv\/lv\/#organization"},"potentialAction":[{"@type":"SearchAction","target":{"@type":"EntryPoint","urlTemplate":"https:\/\/cosmetic.lv\/lv\/?s={search_term_string}"},"query-input":{"@type":"PropertyValueSpecification","valueRequired":true,"valueName":"search_term_string"}}],"inLanguage":"lv-LV"},{"@type":"Organization","@id":"https:\/\/cosmetic.lv\/lv\/#organization","name":"COSMETIC.LV","url":"https:\/\/cosmetic.lv\/lv\/","logo":{"@type":"ImageObject","inLanguage":"lv-LV","@id":"https:\/\/cosmetic.lv\/lv\/#\/schema\/logo\/image\/","url":"https:\/\/cosmetic.lv\/wp-content\/uploads\/2021\/02\/cosmetic.lv_logo.jpg","contentUrl":"https:\/\/cosmetic.lv\/wp-content\/uploads\/2021\/02\/cosmetic.lv_logo.jpg","width":596,"height":196,"caption":"COSMETIC.LV"},"image":{"@id":"https:\/\/cosmetic.lv\/lv\/#\/schema\/logo\/image\/"},"sameAs":["https:\/\/www.facebook.com\/cosmetic.lv\/"]}]},"product_price_amount":"1.51","product_price_currency":"EUR","og_availability":"out of stock","product_availability":"out of stock","product_retailer_item_id":"NAT4","product_condition":"new"},"_links":{"self":[{"href":"https:\/\/cosmetic.lv\/lv\/wp-json\/wp\/v2\/product\/33738","targetHints":{"allow":["GET"]}}],"collection":[{"href":"https:\/\/cosmetic.lv\/lv\/wp-json\/wp\/v2\/product"}],"about":[{"href":"https:\/\/cosmetic.lv\/lv\/wp-json\/wp\/v2\/types\/product"}],"wp:featuredmedia":[{"embeddable":true,"href":"https:\/\/cosmetic.lv\/lv\/wp-json\/wp\/v2\/media\/7907"}],"wp:attachment":[{"href":"https:\/\/cosmetic.lv\/lv\/wp-json\/wp\/v2\/media?parent=33738"}],"wp:term":[{"taxonomy":"product_brand","embeddable":true,"href":"https:\/\/cosmetic.lv\/lv\/wp-json\/wp\/v2\/product_brand?post=33738"},{"taxonomy":"product_cat","embeddable":true,"href":"https:\/\/cosmetic.lv\/lv\/wp-json\/wp\/v2\/product_cat?post=33738"},{"taxonomy":"product_tag","embeddable":true,"href":"https:\/\/cosmetic.lv\/lv\/wp-json\/wp\/v2\/product_tag?post=33738"}],"curies":[{"name":"wp","href":"https:\/\/api.w.org\/{rel}","templated":true}]}}