{"id":33742,"date":"2021-02-05T22:35:53","date_gmt":"2021-02-06T17:44:00","guid":{"rendered":"https:\/\/damme.lv\/product\/gels-badjaga-pret-zilumiem-pigment-plankumiem\/"},"modified":"2021-02-06T19:44:00","modified_gmt":"2021-02-06T17:44:00","slug":"gels-badjaga-pret-zilumiem-pigment-plankumiem","status":"publish","type":"product","link":"https:\/\/cosmetic.lv\/lv\/product\/gels-badjaga-pret-zilumiem-pigment-plankumiem\/","title":{"rendered":"G\u0113ls Badjaga pret zilumiem, pigment plankumiem"},"content":{"rendered":"<p><!DOCTYPE html PUBLIC &quot;-\/\/W3C\/\/DTD XHTML 1.0 Transitional\/\/EN&quot; &quot;http:\/\/www.w3.org\/TR\/xhtml1\/DTD\/xhtml1-transitional.dtd&quot;><br \/>\n<html><br \/>\n<head><br \/>\n<title>Untitled document<\/title><br \/>\n<\/head><br \/>\n<body><\/p>\n<p>g\u0113ls<\/p>\n<p>G\u0113ls ar badjagu, ce\u013cmalas un pela&scaron;\u0137a ekstraktiem.<\/p>\n<p>Pret zilumiem, pigment plankumiem. Rada uzs\u016bk&scaron;anas iedarb\u012bbu. Efekt\u012bvi c\u012bn\u0101s ar pinn\u0113m.<\/p>\n<p>Mitrina, m\u012bkstina \u0101du. No\u0146em \u0101das nogurumu, no\u0146em spriegumu, paaugstina tonusu, padara \u0101du elast\u012bgu un z\u012bdainu.<\/p>\n<p>Lieto&scaron;ana:<\/p>\n<p>Uzkl\u0101t uz \u0101das uz 10-20 min\u016btes, p\u0113c tam no\u0146emt ar siltu \u016bdeni.<\/p>\n<p>Sast\u0101vs: badjaga, ce\u013cmala, pela&scaron;\u0137is.<\/p>\n<p>75 ml<\/p>\n<p><\/body><br \/>\n<\/html><\/p>\n","protected":false},"excerpt":{"rendered":"<p>Untitled document g\u0113ls G\u0113ls ar badjagu, ce\u013cmalas un pela&scaron;\u0137a ekstraktiem. Pret zilumiem, pigment plankumiem. Rada uzs\u016bk&scaron;anas iedarb\u012bbu. Efekt\u012bvi c\u012bn\u0101s ar<\/p>\n","protected":false},"featured_media":15061,"template":"","meta":[],"product_brand":[],"product_cat":[2200,2216,2221],"product_tag":[],"class_list":{"0":"post-33742","1":"product","2":"type-product","3":"status-publish","4":"has-post-thumbnail","6":"product_cat-skaistums-un-veseliba-lv","7":"product_cat-kermena-kopsana-lv","8":"product_cat-problemvietas-lv","10":"first","11":"outofstock","12":"taxable","13":"shipping-taxable","14":"purchasable","15":"product-type-simple"},"yoast_head":"<!-- This site is optimized with the Yoast SEO Premium plugin v27.0 (Yoast SEO v27.0) - https:\/\/yoast.com\/product\/yoast-seo-premium-wordpress\/ -->\n<title>G\u0113ls Badjaga pret zilumiem, pigment plankumiem - cosmetic.lv<\/title>\n<meta name=\"robots\" content=\"index, follow, max-snippet:-1, max-image-preview:large, max-video-preview:-1\" \/>\n<link rel=\"canonical\" href=\"https:\/\/cosmetic.lv\/lv\/product\/gels-badjaga-pret-zilumiem-pigment-plankumiem\/\" \/>\n<meta property=\"og:locale\" content=\"lv_LV\" \/>\n<meta property=\"og:type\" content=\"article\" \/>\n<meta property=\"og:title\" content=\"G\u0113ls Badjaga pret zilumiem, pigment plankumiem\" \/>\n<meta property=\"og:description\" content=\"Untitled document g\u0113ls G\u0113ls ar badjagu, ce\u013cmalas un pela&scaron;\u0137a ekstraktiem. Pret zilumiem, pigment plankumiem. Rada uzs\u016bk&scaron;anas iedarb\u012bbu. Efekt\u012bvi c\u012bn\u0101s ar\" \/>\n<meta property=\"og:url\" content=\"https:\/\/cosmetic.lv\/lv\/product\/gels-badjaga-pret-zilumiem-pigment-plankumiem\/\" \/>\n<meta property=\"og:site_name\" content=\"cosmetic.lv\" \/>\n<meta property=\"article:publisher\" content=\"https:\/\/www.facebook.com\/cosmetic.lv\/\" \/>\n<meta property=\"og:image\" content=\"https:\/\/cosmetic.lv\/wp-content\/uploads\/2021\/02\/badjaga_ot_sinjakov-4.jpg\" \/>\n\t<meta property=\"og:image:width\" content=\"413\" \/>\n\t<meta property=\"og:image:height\" content=\"413\" \/>\n\t<meta property=\"og:image:type\" content=\"image\/jpeg\" \/>\n<meta name=\"twitter:card\" content=\"summary_large_image\" \/>\n<script type=\"application\/ld+json\" class=\"yoast-schema-graph\">{\"@context\":\"https:\/\/schema.org\",\"@graph\":[{\"@type\":\"WebPage\",\"@id\":\"https:\/\/cosmetic.lv\/lv\/product\/gels-badjaga-pret-zilumiem-pigment-plankumiem\/\",\"url\":\"https:\/\/cosmetic.lv\/lv\/product\/gels-badjaga-pret-zilumiem-pigment-plankumiem\/\",\"name\":\"G\u0113ls Badjaga pret zilumiem, pigment plankumiem - cosmetic.lv\",\"isPartOf\":{\"@id\":\"https:\/\/cosmetic.lv\/lv\/#website\"},\"primaryImageOfPage\":{\"@id\":\"https:\/\/cosmetic.lv\/lv\/product\/gels-badjaga-pret-zilumiem-pigment-plankumiem\/#primaryimage\"},\"image\":{\"@id\":\"https:\/\/cosmetic.lv\/lv\/product\/gels-badjaga-pret-zilumiem-pigment-plankumiem\/#primaryimage\"},\"thumbnailUrl\":\"https:\/\/cosmetic.lv\/wp-content\/uploads\/2021\/02\/badjaga_ot_sinjakov-4.jpg\",\"datePublished\":\"2021-02-06T17:44:00+00:00\",\"breadcrumb\":{\"@id\":\"https:\/\/cosmetic.lv\/lv\/product\/gels-badjaga-pret-zilumiem-pigment-plankumiem\/#breadcrumb\"},\"inLanguage\":\"lv-LV\",\"potentialAction\":[{\"@type\":\"ReadAction\",\"target\":[\"https:\/\/cosmetic.lv\/lv\/product\/gels-badjaga-pret-zilumiem-pigment-plankumiem\/\"]}]},{\"@type\":\"ImageObject\",\"inLanguage\":\"lv-LV\",\"@id\":\"https:\/\/cosmetic.lv\/lv\/product\/gels-badjaga-pret-zilumiem-pigment-plankumiem\/#primaryimage\",\"url\":\"https:\/\/cosmetic.lv\/wp-content\/uploads\/2021\/02\/badjaga_ot_sinjakov-4.jpg\",\"contentUrl\":\"https:\/\/cosmetic.lv\/wp-content\/uploads\/2021\/02\/badjaga_ot_sinjakov-4.jpg\",\"width\":413,\"height\":413,\"caption\":\"badjaga_ot_sinjakov.jpg\"},{\"@type\":\"BreadcrumbList\",\"@id\":\"https:\/\/cosmetic.lv\/lv\/product\/gels-badjaga-pret-zilumiem-pigment-plankumiem\/#breadcrumb\",\"itemListElement\":[{\"@type\":\"ListItem\",\"position\":1,\"name\":\"Home\",\"item\":\"https:\/\/cosmetic.lv\/lv\/\"},{\"@type\":\"ListItem\",\"position\":2,\"name\":\"Veikals\",\"item\":\"https:\/\/cosmetic.lv\/lv\/veiklas\/\"},{\"@type\":\"ListItem\",\"position\":3,\"name\":\"G\u0113ls Badjaga pret zilumiem, pigment plankumiem\"}]},{\"@type\":\"WebSite\",\"@id\":\"https:\/\/cosmetic.lv\/lv\/#website\",\"url\":\"https:\/\/cosmetic.lv\/lv\/\",\"name\":\"cosmetic.lv\",\"description\":\"Profesion\u0101la kosm\u0113tika - Maria Galland, Keune, Arkadija, GMT, Guam, Magiray\",\"publisher\":{\"@id\":\"https:\/\/cosmetic.lv\/lv\/#organization\"},\"potentialAction\":[{\"@type\":\"SearchAction\",\"target\":{\"@type\":\"EntryPoint\",\"urlTemplate\":\"https:\/\/cosmetic.lv\/lv\/?s={search_term_string}\"},\"query-input\":{\"@type\":\"PropertyValueSpecification\",\"valueRequired\":true,\"valueName\":\"search_term_string\"}}],\"inLanguage\":\"lv-LV\"},{\"@type\":\"Organization\",\"@id\":\"https:\/\/cosmetic.lv\/lv\/#organization\",\"name\":\"COSMETIC.LV\",\"url\":\"https:\/\/cosmetic.lv\/lv\/\",\"logo\":{\"@type\":\"ImageObject\",\"inLanguage\":\"lv-LV\",\"@id\":\"https:\/\/cosmetic.lv\/lv\/#\/schema\/logo\/image\/\",\"url\":\"https:\/\/cosmetic.lv\/wp-content\/uploads\/2021\/02\/cosmetic.lv_logo.jpg\",\"contentUrl\":\"https:\/\/cosmetic.lv\/wp-content\/uploads\/2021\/02\/cosmetic.lv_logo.jpg\",\"width\":596,\"height\":196,\"caption\":\"COSMETIC.LV\"},\"image\":{\"@id\":\"https:\/\/cosmetic.lv\/lv\/#\/schema\/logo\/image\/\"},\"sameAs\":[\"https:\/\/www.facebook.com\/cosmetic.lv\/\"]}]}<\/script>\n<meta property=\"product:price:amount\" content=\"5.80\" \/>\n<meta property=\"product:price:currency\" content=\"EUR\" \/>\n<meta property=\"og:availability\" content=\"out of stock\" \/>\n<meta property=\"product:availability\" content=\"out of stock\" \/>\n<meta property=\"product:retailer_item_id\" content=\"BAD1\" \/>\n<meta property=\"product:condition\" content=\"new\" \/>\n<!-- \/ Yoast SEO Premium plugin. -->","yoast_head_json":{"title":"G\u0113ls Badjaga pret zilumiem, pigment plankumiem - cosmetic.lv","robots":{"index":"index","follow":"follow","max-snippet":"max-snippet:-1","max-image-preview":"max-image-preview:large","max-video-preview":"max-video-preview:-1"},"canonical":"https:\/\/cosmetic.lv\/lv\/product\/gels-badjaga-pret-zilumiem-pigment-plankumiem\/","og_locale":"lv_LV","og_type":"article","og_title":"G\u0113ls Badjaga pret zilumiem, pigment plankumiem","og_description":"Untitled document g\u0113ls G\u0113ls ar badjagu, ce\u013cmalas un pela&scaron;\u0137a ekstraktiem. Pret zilumiem, pigment plankumiem. Rada uzs\u016bk&scaron;anas iedarb\u012bbu. Efekt\u012bvi c\u012bn\u0101s ar","og_url":"https:\/\/cosmetic.lv\/lv\/product\/gels-badjaga-pret-zilumiem-pigment-plankumiem\/","og_site_name":"cosmetic.lv","article_publisher":"https:\/\/www.facebook.com\/cosmetic.lv\/","og_image":[{"width":413,"height":413,"url":"https:\/\/cosmetic.lv\/wp-content\/uploads\/2021\/02\/badjaga_ot_sinjakov-4.jpg","type":"image\/jpeg"}],"twitter_card":"summary_large_image","schema":{"@context":"https:\/\/schema.org","@graph":[{"@type":"WebPage","@id":"https:\/\/cosmetic.lv\/lv\/product\/gels-badjaga-pret-zilumiem-pigment-plankumiem\/","url":"https:\/\/cosmetic.lv\/lv\/product\/gels-badjaga-pret-zilumiem-pigment-plankumiem\/","name":"G\u0113ls Badjaga pret zilumiem, pigment plankumiem - cosmetic.lv","isPartOf":{"@id":"https:\/\/cosmetic.lv\/lv\/#website"},"primaryImageOfPage":{"@id":"https:\/\/cosmetic.lv\/lv\/product\/gels-badjaga-pret-zilumiem-pigment-plankumiem\/#primaryimage"},"image":{"@id":"https:\/\/cosmetic.lv\/lv\/product\/gels-badjaga-pret-zilumiem-pigment-plankumiem\/#primaryimage"},"thumbnailUrl":"https:\/\/cosmetic.lv\/wp-content\/uploads\/2021\/02\/badjaga_ot_sinjakov-4.jpg","datePublished":"2021-02-06T17:44:00+00:00","breadcrumb":{"@id":"https:\/\/cosmetic.lv\/lv\/product\/gels-badjaga-pret-zilumiem-pigment-plankumiem\/#breadcrumb"},"inLanguage":"lv-LV","potentialAction":[{"@type":"ReadAction","target":["https:\/\/cosmetic.lv\/lv\/product\/gels-badjaga-pret-zilumiem-pigment-plankumiem\/"]}]},{"@type":"ImageObject","inLanguage":"lv-LV","@id":"https:\/\/cosmetic.lv\/lv\/product\/gels-badjaga-pret-zilumiem-pigment-plankumiem\/#primaryimage","url":"https:\/\/cosmetic.lv\/wp-content\/uploads\/2021\/02\/badjaga_ot_sinjakov-4.jpg","contentUrl":"https:\/\/cosmetic.lv\/wp-content\/uploads\/2021\/02\/badjaga_ot_sinjakov-4.jpg","width":413,"height":413,"caption":"badjaga_ot_sinjakov.jpg"},{"@type":"BreadcrumbList","@id":"https:\/\/cosmetic.lv\/lv\/product\/gels-badjaga-pret-zilumiem-pigment-plankumiem\/#breadcrumb","itemListElement":[{"@type":"ListItem","position":1,"name":"Home","item":"https:\/\/cosmetic.lv\/lv\/"},{"@type":"ListItem","position":2,"name":"Veikals","item":"https:\/\/cosmetic.lv\/lv\/veiklas\/"},{"@type":"ListItem","position":3,"name":"G\u0113ls Badjaga pret zilumiem, pigment plankumiem"}]},{"@type":"WebSite","@id":"https:\/\/cosmetic.lv\/lv\/#website","url":"https:\/\/cosmetic.lv\/lv\/","name":"cosmetic.lv","description":"Profesion\u0101la kosm\u0113tika - Maria Galland, Keune, Arkadija, GMT, Guam, Magiray","publisher":{"@id":"https:\/\/cosmetic.lv\/lv\/#organization"},"potentialAction":[{"@type":"SearchAction","target":{"@type":"EntryPoint","urlTemplate":"https:\/\/cosmetic.lv\/lv\/?s={search_term_string}"},"query-input":{"@type":"PropertyValueSpecification","valueRequired":true,"valueName":"search_term_string"}}],"inLanguage":"lv-LV"},{"@type":"Organization","@id":"https:\/\/cosmetic.lv\/lv\/#organization","name":"COSMETIC.LV","url":"https:\/\/cosmetic.lv\/lv\/","logo":{"@type":"ImageObject","inLanguage":"lv-LV","@id":"https:\/\/cosmetic.lv\/lv\/#\/schema\/logo\/image\/","url":"https:\/\/cosmetic.lv\/wp-content\/uploads\/2021\/02\/cosmetic.lv_logo.jpg","contentUrl":"https:\/\/cosmetic.lv\/wp-content\/uploads\/2021\/02\/cosmetic.lv_logo.jpg","width":596,"height":196,"caption":"COSMETIC.LV"},"image":{"@id":"https:\/\/cosmetic.lv\/lv\/#\/schema\/logo\/image\/"},"sameAs":["https:\/\/www.facebook.com\/cosmetic.lv\/"]}]},"product_price_amount":"5.80","product_price_currency":"EUR","og_availability":"out of stock","product_availability":"out of stock","product_retailer_item_id":"BAD1","product_condition":"new"},"_links":{"self":[{"href":"https:\/\/cosmetic.lv\/lv\/wp-json\/wp\/v2\/product\/33742","targetHints":{"allow":["GET"]}}],"collection":[{"href":"https:\/\/cosmetic.lv\/lv\/wp-json\/wp\/v2\/product"}],"about":[{"href":"https:\/\/cosmetic.lv\/lv\/wp-json\/wp\/v2\/types\/product"}],"wp:featuredmedia":[{"embeddable":true,"href":"https:\/\/cosmetic.lv\/lv\/wp-json\/wp\/v2\/media\/15061"}],"wp:attachment":[{"href":"https:\/\/cosmetic.lv\/lv\/wp-json\/wp\/v2\/media?parent=33742"}],"wp:term":[{"taxonomy":"product_brand","embeddable":true,"href":"https:\/\/cosmetic.lv\/lv\/wp-json\/wp\/v2\/product_brand?post=33742"},{"taxonomy":"product_cat","embeddable":true,"href":"https:\/\/cosmetic.lv\/lv\/wp-json\/wp\/v2\/product_cat?post=33742"},{"taxonomy":"product_tag","embeddable":true,"href":"https:\/\/cosmetic.lv\/lv\/wp-json\/wp\/v2\/product_tag?post=33742"}],"curies":[{"name":"wp","href":"https:\/\/api.w.org\/{rel}","templated":true}]}}