{"id":33748,"date":"2021-02-05T22:35:53","date_gmt":"2021-02-06T17:44:00","guid":{"rendered":"https:\/\/damme.lv\/product\/kanelkoka-ladite-no-kanelkoka\/"},"modified":"2021-02-06T19:44:05","modified_gmt":"2021-02-06T17:44:05","slug":"kanelkoka-ladite-no-kanelkoka","status":"publish","type":"product","link":"https:\/\/cosmetic.lv\/lv\/product\/kanelkoka-ladite-no-kanelkoka\/","title":{"rendered":"Kan\u0113\u013ckoka l\u0101d\u012bte no ka\u0146elkoka"},"content":{"rendered":"<p><!DOCTYPE html PUBLIC &quot;-\/\/W3C\/\/DTD XHTML 1.0 Transitional\/\/EN&quot; &quot;http:\/\/www.w3.org\/TR\/xhtml1\/DTD\/xhtml1-transitional.dtd&quot;><br \/>\n<html><br \/>\n<head><br \/>\n<title>Untitled document<\/title><br \/>\n<\/head><br \/>\n<body><\/p>\n<div id=&quot;tab-description&quot; style=&quot;display: block;&quot;>\n<p>L\u0101dite no kan\u0113\u013ckoka mizas.<\/p>\n<p>Grezn\u0101 k\u0101rbi\u0146a ir 100% roku darbs, izgatavota no kan\u0113\u013ckoka mizas un to  rot\u0101 austrumnieciski ornamenti, kas simboliz\u0113 veiksmi un labkl\u0101j\u012bbu,  turkl\u0101t kast\u012bt\u0113 uzglab\u0101t\u0101 t\u0113ja, kafija vai saldumi ieg\u016bs pat\u012bkamo kan\u0113\u013ca  arom\u0101tu, kas rad\u012bs siltuma un sv\u0113tku saj\u016btas!<\/p>\n<p>Pateicoties \u0101rstnieciskai \u0113teriskai e\u013c\u013cai, ko satur kan\u0113\u013ca miza, kan\u0113\u013ca arom\u0101ts J\u016bsu l\u0101d\u012bt\u0113 neizzud\u012bs daudzus gadus.<br \/> Tas ir br\u012bni&scaron;\u0137\u012bgs veids, k\u0101 pievienot izsmalcin\u0101tu arom\u0101tu un gar&scaron;u J\u016bsu t\u0113jas vai kafijas tasei.<br \/> Vieta, kur glab\u0101sies J\u016bsu kan\u0113\u013ckoka l\u0101d\u012bti piepild\u012bsies ar pat\u012bkamo kan\u0113\u013ca arom\u0101tu.<br \/> \u0100zij\u0101 kop&scaron; seniem laikiem uzskata, ka kan\u0113\u013ca arom\u0101ts labv\u0113l\u012bgi ietekm\u0113 pr\u0101ta aktivit\u0101ti un uzlabo rado&scaron;\u0101s sp\u0113jas.<\/p>\n<p>Izm\u0113rs: D5.5 x H8.5cm<\/p>\n<\/div>\n<p><\/body><br \/>\n<\/html><\/p>\n","protected":false},"excerpt":{"rendered":"<p>Untitled document L\u0101dite no kan\u0113\u013ckoka mizas. Grezn\u0101 k\u0101rbi\u0146a ir 100% roku darbs, izgatavota no kan\u0113\u013ckoka mizas un to rot\u0101 austrumnieciski<\/p>\n","protected":false},"featured_media":7936,"template":"","meta":[],"product_brand":[],"product_cat":[2187,2195],"product_tag":[],"class_list":{"0":"post-33748","1":"product","2":"type-product","3":"status-publish","4":"has-post-thumbnail","6":"product_cat-majas-saimniecibai-lv","7":"product_cat-pura-lades-lv","9":"first","10":"outofstock","11":"taxable","12":"shipping-taxable","13":"purchasable","14":"product-type-simple"},"yoast_head":"<!-- This site is optimized with the Yoast SEO Premium plugin v27.0 (Yoast SEO v27.0) - https:\/\/yoast.com\/product\/yoast-seo-premium-wordpress\/ -->\n<title>Kan\u0113\u013ckoka l\u0101d\u012bte no ka\u0146elkoka - cosmetic.lv<\/title>\n<meta name=\"robots\" content=\"index, follow, max-snippet:-1, max-image-preview:large, max-video-preview:-1\" \/>\n<link rel=\"canonical\" href=\"https:\/\/cosmetic.lv\/lv\/product\/kanelkoka-ladite-no-kanelkoka\/\" \/>\n<meta property=\"og:locale\" content=\"lv_LV\" \/>\n<meta property=\"og:type\" content=\"article\" \/>\n<meta property=\"og:title\" content=\"Kan\u0113\u013ckoka l\u0101d\u012bte no ka\u0146elkoka\" \/>\n<meta property=\"og:description\" content=\"Untitled document L\u0101dite no kan\u0113\u013ckoka mizas. Grezn\u0101 k\u0101rbi\u0146a ir 100% roku darbs, izgatavota no kan\u0113\u013ckoka mizas un to rot\u0101 austrumnieciski\" \/>\n<meta property=\"og:url\" content=\"https:\/\/cosmetic.lv\/lv\/product\/kanelkoka-ladite-no-kanelkoka\/\" \/>\n<meta property=\"og:site_name\" content=\"cosmetic.lv\" \/>\n<meta property=\"article:publisher\" content=\"https:\/\/www.facebook.com\/cosmetic.lv\/\" \/>\n<meta property=\"article:modified_time\" content=\"2021-02-06T17:44:05+00:00\" \/>\n<meta property=\"og:image\" content=\"https:\/\/cosmetic.lv\/wp-content\/uploads\/2021\/02\/cinamon_4-500x500pp.jpg\" \/>\n\t<meta property=\"og:image:width\" content=\"500\" \/>\n\t<meta property=\"og:image:height\" content=\"500\" \/>\n\t<meta property=\"og:image:type\" content=\"image\/jpeg\" \/>\n<meta name=\"twitter:card\" content=\"summary_large_image\" \/>\n<script type=\"application\/ld+json\" class=\"yoast-schema-graph\">{\"@context\":\"https:\/\/schema.org\",\"@graph\":[{\"@type\":\"WebPage\",\"@id\":\"https:\/\/cosmetic.lv\/lv\/product\/kanelkoka-ladite-no-kanelkoka\/\",\"url\":\"https:\/\/cosmetic.lv\/lv\/product\/kanelkoka-ladite-no-kanelkoka\/\",\"name\":\"Kan\u0113\u013ckoka l\u0101d\u012bte no ka\u0146elkoka - cosmetic.lv\",\"isPartOf\":{\"@id\":\"https:\/\/cosmetic.lv\/lv\/#website\"},\"primaryImageOfPage\":{\"@id\":\"https:\/\/cosmetic.lv\/lv\/product\/kanelkoka-ladite-no-kanelkoka\/#primaryimage\"},\"image\":{\"@id\":\"https:\/\/cosmetic.lv\/lv\/product\/kanelkoka-ladite-no-kanelkoka\/#primaryimage\"},\"thumbnailUrl\":\"https:\/\/cosmetic.lv\/wp-content\/uploads\/2021\/02\/cinamon_4-500x500pp.jpg\",\"datePublished\":\"2021-02-06T17:44:00+00:00\",\"dateModified\":\"2021-02-06T17:44:05+00:00\",\"breadcrumb\":{\"@id\":\"https:\/\/cosmetic.lv\/lv\/product\/kanelkoka-ladite-no-kanelkoka\/#breadcrumb\"},\"inLanguage\":\"lv-LV\",\"potentialAction\":[{\"@type\":\"ReadAction\",\"target\":[\"https:\/\/cosmetic.lv\/lv\/product\/kanelkoka-ladite-no-kanelkoka\/\"]}]},{\"@type\":\"ImageObject\",\"inLanguage\":\"lv-LV\",\"@id\":\"https:\/\/cosmetic.lv\/lv\/product\/kanelkoka-ladite-no-kanelkoka\/#primaryimage\",\"url\":\"https:\/\/cosmetic.lv\/wp-content\/uploads\/2021\/02\/cinamon_4-500x500pp.jpg\",\"contentUrl\":\"https:\/\/cosmetic.lv\/wp-content\/uploads\/2021\/02\/cinamon_4-500x500pp.jpg\",\"width\":500,\"height\":500,\"caption\":\"Cinamon_4-500x500pp.JPG\"},{\"@type\":\"BreadcrumbList\",\"@id\":\"https:\/\/cosmetic.lv\/lv\/product\/kanelkoka-ladite-no-kanelkoka\/#breadcrumb\",\"itemListElement\":[{\"@type\":\"ListItem\",\"position\":1,\"name\":\"Home\",\"item\":\"https:\/\/cosmetic.lv\/lv\/\"},{\"@type\":\"ListItem\",\"position\":2,\"name\":\"Veikals\",\"item\":\"https:\/\/cosmetic.lv\/lv\/veiklas\/\"},{\"@type\":\"ListItem\",\"position\":3,\"name\":\"Kan\u0113\u013ckoka l\u0101d\u012bte no ka\u0146elkoka\"}]},{\"@type\":\"WebSite\",\"@id\":\"https:\/\/cosmetic.lv\/lv\/#website\",\"url\":\"https:\/\/cosmetic.lv\/lv\/\",\"name\":\"cosmetic.lv\",\"description\":\"Profesion\u0101la kosm\u0113tika - Maria Galland, Keune, Arkadija, GMT, Guam, Magiray\",\"publisher\":{\"@id\":\"https:\/\/cosmetic.lv\/lv\/#organization\"},\"potentialAction\":[{\"@type\":\"SearchAction\",\"target\":{\"@type\":\"EntryPoint\",\"urlTemplate\":\"https:\/\/cosmetic.lv\/lv\/?s={search_term_string}\"},\"query-input\":{\"@type\":\"PropertyValueSpecification\",\"valueRequired\":true,\"valueName\":\"search_term_string\"}}],\"inLanguage\":\"lv-LV\"},{\"@type\":\"Organization\",\"@id\":\"https:\/\/cosmetic.lv\/lv\/#organization\",\"name\":\"COSMETIC.LV\",\"url\":\"https:\/\/cosmetic.lv\/lv\/\",\"logo\":{\"@type\":\"ImageObject\",\"inLanguage\":\"lv-LV\",\"@id\":\"https:\/\/cosmetic.lv\/lv\/#\/schema\/logo\/image\/\",\"url\":\"https:\/\/cosmetic.lv\/wp-content\/uploads\/2021\/02\/cosmetic.lv_logo.jpg\",\"contentUrl\":\"https:\/\/cosmetic.lv\/wp-content\/uploads\/2021\/02\/cosmetic.lv_logo.jpg\",\"width\":596,\"height\":196,\"caption\":\"COSMETIC.LV\"},\"image\":{\"@id\":\"https:\/\/cosmetic.lv\/lv\/#\/schema\/logo\/image\/\"},\"sameAs\":[\"https:\/\/www.facebook.com\/cosmetic.lv\/\"]}]}<\/script>\n<meta property=\"product:price:amount\" content=\"6.55\" \/>\n<meta property=\"product:price:currency\" content=\"EUR\" \/>\n<meta property=\"og:availability\" content=\"out of stock\" \/>\n<meta property=\"product:availability\" content=\"out of stock\" \/>\n<meta property=\"product:retailer_item_id\" content=\"kankar\" \/>\n<meta property=\"product:condition\" content=\"new\" \/>\n<!-- \/ Yoast SEO Premium plugin. -->","yoast_head_json":{"title":"Kan\u0113\u013ckoka l\u0101d\u012bte no ka\u0146elkoka - cosmetic.lv","robots":{"index":"index","follow":"follow","max-snippet":"max-snippet:-1","max-image-preview":"max-image-preview:large","max-video-preview":"max-video-preview:-1"},"canonical":"https:\/\/cosmetic.lv\/lv\/product\/kanelkoka-ladite-no-kanelkoka\/","og_locale":"lv_LV","og_type":"article","og_title":"Kan\u0113\u013ckoka l\u0101d\u012bte no ka\u0146elkoka","og_description":"Untitled document L\u0101dite no kan\u0113\u013ckoka mizas. Grezn\u0101 k\u0101rbi\u0146a ir 100% roku darbs, izgatavota no kan\u0113\u013ckoka mizas un to rot\u0101 austrumnieciski","og_url":"https:\/\/cosmetic.lv\/lv\/product\/kanelkoka-ladite-no-kanelkoka\/","og_site_name":"cosmetic.lv","article_publisher":"https:\/\/www.facebook.com\/cosmetic.lv\/","article_modified_time":"2021-02-06T17:44:05+00:00","og_image":[{"width":500,"height":500,"url":"https:\/\/cosmetic.lv\/wp-content\/uploads\/2021\/02\/cinamon_4-500x500pp.jpg","type":"image\/jpeg"}],"twitter_card":"summary_large_image","schema":{"@context":"https:\/\/schema.org","@graph":[{"@type":"WebPage","@id":"https:\/\/cosmetic.lv\/lv\/product\/kanelkoka-ladite-no-kanelkoka\/","url":"https:\/\/cosmetic.lv\/lv\/product\/kanelkoka-ladite-no-kanelkoka\/","name":"Kan\u0113\u013ckoka l\u0101d\u012bte no ka\u0146elkoka - cosmetic.lv","isPartOf":{"@id":"https:\/\/cosmetic.lv\/lv\/#website"},"primaryImageOfPage":{"@id":"https:\/\/cosmetic.lv\/lv\/product\/kanelkoka-ladite-no-kanelkoka\/#primaryimage"},"image":{"@id":"https:\/\/cosmetic.lv\/lv\/product\/kanelkoka-ladite-no-kanelkoka\/#primaryimage"},"thumbnailUrl":"https:\/\/cosmetic.lv\/wp-content\/uploads\/2021\/02\/cinamon_4-500x500pp.jpg","datePublished":"2021-02-06T17:44:00+00:00","dateModified":"2021-02-06T17:44:05+00:00","breadcrumb":{"@id":"https:\/\/cosmetic.lv\/lv\/product\/kanelkoka-ladite-no-kanelkoka\/#breadcrumb"},"inLanguage":"lv-LV","potentialAction":[{"@type":"ReadAction","target":["https:\/\/cosmetic.lv\/lv\/product\/kanelkoka-ladite-no-kanelkoka\/"]}]},{"@type":"ImageObject","inLanguage":"lv-LV","@id":"https:\/\/cosmetic.lv\/lv\/product\/kanelkoka-ladite-no-kanelkoka\/#primaryimage","url":"https:\/\/cosmetic.lv\/wp-content\/uploads\/2021\/02\/cinamon_4-500x500pp.jpg","contentUrl":"https:\/\/cosmetic.lv\/wp-content\/uploads\/2021\/02\/cinamon_4-500x500pp.jpg","width":500,"height":500,"caption":"Cinamon_4-500x500pp.JPG"},{"@type":"BreadcrumbList","@id":"https:\/\/cosmetic.lv\/lv\/product\/kanelkoka-ladite-no-kanelkoka\/#breadcrumb","itemListElement":[{"@type":"ListItem","position":1,"name":"Home","item":"https:\/\/cosmetic.lv\/lv\/"},{"@type":"ListItem","position":2,"name":"Veikals","item":"https:\/\/cosmetic.lv\/lv\/veiklas\/"},{"@type":"ListItem","position":3,"name":"Kan\u0113\u013ckoka l\u0101d\u012bte no ka\u0146elkoka"}]},{"@type":"WebSite","@id":"https:\/\/cosmetic.lv\/lv\/#website","url":"https:\/\/cosmetic.lv\/lv\/","name":"cosmetic.lv","description":"Profesion\u0101la kosm\u0113tika - Maria Galland, Keune, Arkadija, GMT, Guam, Magiray","publisher":{"@id":"https:\/\/cosmetic.lv\/lv\/#organization"},"potentialAction":[{"@type":"SearchAction","target":{"@type":"EntryPoint","urlTemplate":"https:\/\/cosmetic.lv\/lv\/?s={search_term_string}"},"query-input":{"@type":"PropertyValueSpecification","valueRequired":true,"valueName":"search_term_string"}}],"inLanguage":"lv-LV"},{"@type":"Organization","@id":"https:\/\/cosmetic.lv\/lv\/#organization","name":"COSMETIC.LV","url":"https:\/\/cosmetic.lv\/lv\/","logo":{"@type":"ImageObject","inLanguage":"lv-LV","@id":"https:\/\/cosmetic.lv\/lv\/#\/schema\/logo\/image\/","url":"https:\/\/cosmetic.lv\/wp-content\/uploads\/2021\/02\/cosmetic.lv_logo.jpg","contentUrl":"https:\/\/cosmetic.lv\/wp-content\/uploads\/2021\/02\/cosmetic.lv_logo.jpg","width":596,"height":196,"caption":"COSMETIC.LV"},"image":{"@id":"https:\/\/cosmetic.lv\/lv\/#\/schema\/logo\/image\/"},"sameAs":["https:\/\/www.facebook.com\/cosmetic.lv\/"]}]},"product_price_amount":"6.55","product_price_currency":"EUR","og_availability":"out of stock","product_availability":"out of stock","product_retailer_item_id":"kankar","product_condition":"new"},"_links":{"self":[{"href":"https:\/\/cosmetic.lv\/lv\/wp-json\/wp\/v2\/product\/33748","targetHints":{"allow":["GET"]}}],"collection":[{"href":"https:\/\/cosmetic.lv\/lv\/wp-json\/wp\/v2\/product"}],"about":[{"href":"https:\/\/cosmetic.lv\/lv\/wp-json\/wp\/v2\/types\/product"}],"wp:featuredmedia":[{"embeddable":true,"href":"https:\/\/cosmetic.lv\/lv\/wp-json\/wp\/v2\/media\/7936"}],"wp:attachment":[{"href":"https:\/\/cosmetic.lv\/lv\/wp-json\/wp\/v2\/media?parent=33748"}],"wp:term":[{"taxonomy":"product_brand","embeddable":true,"href":"https:\/\/cosmetic.lv\/lv\/wp-json\/wp\/v2\/product_brand?post=33748"},{"taxonomy":"product_cat","embeddable":true,"href":"https:\/\/cosmetic.lv\/lv\/wp-json\/wp\/v2\/product_cat?post=33748"},{"taxonomy":"product_tag","embeddable":true,"href":"https:\/\/cosmetic.lv\/lv\/wp-json\/wp\/v2\/product_tag?post=33748"}],"curies":[{"name":"wp","href":"https:\/\/api.w.org\/{rel}","templated":true}]}}