{"id":33750,"date":"2021-02-06T19:44:00","date_gmt":"2021-02-06T17:44:00","guid":{"rendered":"https:\/\/damme.lv\/product\/sezama-ella-1litrs\/"},"modified":"2021-02-06T19:44:06","modified_gmt":"2021-02-06T17:44:06","slug":"sezama-ella-1litrs","status":"publish","type":"product","link":"https:\/\/cosmetic.lv\/lv\/product\/sezama-ella-1litrs\/","title":{"rendered":"Sezama e\u013c\u013ca 1litrs"},"content":{"rendered":"<p><!DOCTYPE html PUBLIC &quot;-\/\/W3C\/\/DTD XHTML 1.0 Transitional\/\/EN&quot; &quot;http:\/\/www.w3.org\/TR\/xhtml1\/DTD\/xhtml1-transitional.dtd&quot;><br \/>\n<html><br \/>\n<head><br \/>\n<title>Untitled document<\/title><br \/>\n<\/head><br \/>\n<body><\/p>\n<p>&nbsp;<\/p>\n<p>&nbsp;Sezama e\u013c\u013ca satur E un K vitam\u012bnus , fitosterolus ,k\u0101 ar\u012b&nbsp; omega 3 un omega 6 tauksk\u0101bes.&nbsp;&nbsp;<\/p>\n<p><strong>Lieto&scaron;ana vesel\u012bbas profilaks\u0113.<\/strong><\/p>\n<p>E\u013c\u013ca ir \u013coti popul\u0101ra aj\u016brved\u0101. Galven\u0101 e\u013c\u013ca negat\u012bvas ener\u0123ijas   no\u0146em&scaron;anai. Sezama e\u013c\u013ca harmoniz\u0113jo&scaron;i iedarbojas uz \u0101du un visu   organismu. Kav\u0113 t.s. &bdquo;br\u012bvo radik\u0101\u013cu veido&scaron;anos. Pretcelul\u012bta un   pretstriju l\u012bdzeklis.<\/p>\n<p><strong>Lieto&scaron;ana \u0101rstniec\u012bb\u0101 (pal\u012bgl\u012bdzeklis).<\/strong><\/p>\n<p>Psori\u0101zes un ekz\u0113mas slimniekiem &ndash; labs l\u012bdzeklis nomazg\u0101&scaron;anai. Iek&scaron;\u0137\u012bgi lieto gastr\u012bta gad\u012bjumos.<\/p>\n<p><strong>Lieto&scaron;ana kosm\u0113tik\u0101.<\/strong><\/p>\n<p>T\u0101 efekt\u012bvi baro, mitrina \u0101du, izl\u012bdzina un piedod tai elast\u012bgumu un   atsper\u012bgumu. Izmanto sausas, grumbainas, lobo&scaron;\u0101s \u0101das kop&scaron;anai. No\u0146em   sausumu, kairin\u0101jumu, atjauno \u016bdens &ndash; lip\u012bdu barjeru. E\u013c\u013ca uzlabo   asinsri\u0146\u0137o&scaron;anu \u0101das kapil\u0101ros, uzlabo \u0101das apg\u0101di ar sk\u0101bekli un bar\u012bbas   viel\u0101m. Lieto \u0101r\u012bgi &#8211; mas\u0101\u017e\u0101m, \u0101das, nagu un matu kop&scaron;anai. Atjauno   matu kr\u0101su, nostiprina un baro matu saknes, aizkav\u0113 plikpaur\u012bbas   ra&scaron;anos. Sezama e\u013c\u013cai piem\u012bt saules UV starojuma aizsardz\u012bbas \u012bpa&scaron;\u012bbas (   SPF 4 &ndash; 6 ) .<\/p>\n<p><strong><em>E\u013c\u013cai ir sildo&scaron;a iedarb\u012bba uz \u0101du, t\u0101p\u0113c to nav ieteicams lietot cilv\u0113kiem ar paaugstin\u0101t\u0101m sv\u012b&scaron;anas izpausm\u0113m.<\/em><\/strong><\/p>\n<p><strong>Lieto&scaron;ana kulin\u0101rij\u0101.<\/strong><\/p>\n<p>E\u013c\u013cu lieto gatavojot za\u013cumu sal\u0101tus. <strong>Grauzd\u0113tu sezama riekstu e\u013c\u013cu<\/strong> lieto austrumu \u0113dienu gatavo&scaron;an\u0101.<\/p>\n<p>&nbsp;1litrs<\/p>\n<p><\/body><br \/>\n<\/html><\/p>\n","protected":false},"excerpt":{"rendered":"<p>Untitled document &nbsp; &nbsp;Sezama e\u013c\u013ca satur E un K vitam\u012bnus , fitosterolus ,k\u0101 ar\u012b&nbsp; omega 3 un omega 6 tauksk\u0101bes.&nbsp;&nbsp;<\/p>\n","protected":false},"featured_media":7942,"template":"","meta":[],"product_brand":[],"product_cat":[2239,2250],"product_tag":[],"class_list":{"0":"post-33750","1":"product","2":"type-product","3":"status-publish","4":"has-post-thumbnail","6":"product_cat-uztura-bagatinataji-lv","7":"product_cat-visparnostiprinosi-lidzekli-lv","9":"first","10":"instock","11":"taxable","12":"shipping-taxable","13":"purchasable","14":"product-type-simple"},"yoast_head":"<!-- This site is optimized with the Yoast SEO Premium plugin v27.0 (Yoast SEO v27.0) - https:\/\/yoast.com\/product\/yoast-seo-premium-wordpress\/ -->\n<title>Sezama e\u013c\u013ca 1litrs - cosmetic.lv<\/title>\n<meta name=\"robots\" content=\"index, follow, max-snippet:-1, max-image-preview:large, max-video-preview:-1\" \/>\n<link rel=\"canonical\" href=\"https:\/\/cosmetic.lv\/lv\/product\/sezama-ella-1litrs\/\" \/>\n<meta property=\"og:locale\" content=\"lv_LV\" \/>\n<meta property=\"og:type\" content=\"article\" \/>\n<meta property=\"og:title\" content=\"Sezama e\u013c\u013ca 1litrs\" \/>\n<meta property=\"og:description\" content=\"Untitled document &nbsp; &nbsp;Sezama e\u013c\u013ca satur E un K vitam\u012bnus , fitosterolus ,k\u0101 ar\u012b&nbsp; omega 3 un omega 6 tauksk\u0101bes.&nbsp;&nbsp;\" \/>\n<meta property=\"og:url\" content=\"https:\/\/cosmetic.lv\/lv\/product\/sezama-ella-1litrs\/\" \/>\n<meta property=\"og:site_name\" content=\"cosmetic.lv\" \/>\n<meta property=\"article:publisher\" content=\"https:\/\/www.facebook.com\/cosmetic.lv\/\" \/>\n<meta property=\"article:modified_time\" content=\"2021-02-06T17:44:06+00:00\" \/>\n<meta property=\"og:image\" content=\"https:\/\/cosmetic.lv\/wp-content\/uploads\/2021\/02\/20210103_1244151.jpg\" \/>\n\t<meta property=\"og:image:width\" content=\"450\" \/>\n\t<meta property=\"og:image:height\" content=\"800\" \/>\n\t<meta property=\"og:image:type\" content=\"image\/jpeg\" \/>\n<meta name=\"twitter:card\" content=\"summary_large_image\" \/>\n<script type=\"application\/ld+json\" class=\"yoast-schema-graph\">{\"@context\":\"https:\/\/schema.org\",\"@graph\":[{\"@type\":\"WebPage\",\"@id\":\"https:\/\/cosmetic.lv\/lv\/product\/sezama-ella-1litrs\/\",\"url\":\"https:\/\/cosmetic.lv\/lv\/product\/sezama-ella-1litrs\/\",\"name\":\"Sezama e\u013c\u013ca 1litrs - cosmetic.lv\",\"isPartOf\":{\"@id\":\"https:\/\/cosmetic.lv\/lv\/#website\"},\"primaryImageOfPage\":{\"@id\":\"https:\/\/cosmetic.lv\/lv\/product\/sezama-ella-1litrs\/#primaryimage\"},\"image\":{\"@id\":\"https:\/\/cosmetic.lv\/lv\/product\/sezama-ella-1litrs\/#primaryimage\"},\"thumbnailUrl\":\"https:\/\/cosmetic.lv\/wp-content\/uploads\/2021\/02\/20210103_1244151.jpg\",\"datePublished\":\"2021-02-06T17:44:00+00:00\",\"dateModified\":\"2021-02-06T17:44:06+00:00\",\"breadcrumb\":{\"@id\":\"https:\/\/cosmetic.lv\/lv\/product\/sezama-ella-1litrs\/#breadcrumb\"},\"inLanguage\":\"lv-LV\",\"potentialAction\":[{\"@type\":\"ReadAction\",\"target\":[\"https:\/\/cosmetic.lv\/lv\/product\/sezama-ella-1litrs\/\"]}]},{\"@type\":\"ImageObject\",\"inLanguage\":\"lv-LV\",\"@id\":\"https:\/\/cosmetic.lv\/lv\/product\/sezama-ella-1litrs\/#primaryimage\",\"url\":\"https:\/\/cosmetic.lv\/wp-content\/uploads\/2021\/02\/20210103_1244151.jpg\",\"contentUrl\":\"https:\/\/cosmetic.lv\/wp-content\/uploads\/2021\/02\/20210103_1244151.jpg\",\"width\":450,\"height\":800,\"caption\":\"20210103_124415[1].jpg\"},{\"@type\":\"BreadcrumbList\",\"@id\":\"https:\/\/cosmetic.lv\/lv\/product\/sezama-ella-1litrs\/#breadcrumb\",\"itemListElement\":[{\"@type\":\"ListItem\",\"position\":1,\"name\":\"Home\",\"item\":\"https:\/\/cosmetic.lv\/lv\/\"},{\"@type\":\"ListItem\",\"position\":2,\"name\":\"Veikals\",\"item\":\"https:\/\/cosmetic.lv\/lv\/veiklas\/\"},{\"@type\":\"ListItem\",\"position\":3,\"name\":\"Sezama e\u013c\u013ca 1litrs\"}]},{\"@type\":\"WebSite\",\"@id\":\"https:\/\/cosmetic.lv\/lv\/#website\",\"url\":\"https:\/\/cosmetic.lv\/lv\/\",\"name\":\"cosmetic.lv\",\"description\":\"Profesion\u0101la kosm\u0113tika - Maria Galland, Keune, Arkadija, GMT, Guam, Magiray\",\"publisher\":{\"@id\":\"https:\/\/cosmetic.lv\/lv\/#organization\"},\"potentialAction\":[{\"@type\":\"SearchAction\",\"target\":{\"@type\":\"EntryPoint\",\"urlTemplate\":\"https:\/\/cosmetic.lv\/lv\/?s={search_term_string}\"},\"query-input\":{\"@type\":\"PropertyValueSpecification\",\"valueRequired\":true,\"valueName\":\"search_term_string\"}}],\"inLanguage\":\"lv-LV\"},{\"@type\":\"Organization\",\"@id\":\"https:\/\/cosmetic.lv\/lv\/#organization\",\"name\":\"COSMETIC.LV\",\"url\":\"https:\/\/cosmetic.lv\/lv\/\",\"logo\":{\"@type\":\"ImageObject\",\"inLanguage\":\"lv-LV\",\"@id\":\"https:\/\/cosmetic.lv\/lv\/#\/schema\/logo\/image\/\",\"url\":\"https:\/\/cosmetic.lv\/wp-content\/uploads\/2021\/02\/cosmetic.lv_logo.jpg\",\"contentUrl\":\"https:\/\/cosmetic.lv\/wp-content\/uploads\/2021\/02\/cosmetic.lv_logo.jpg\",\"width\":596,\"height\":196,\"caption\":\"COSMETIC.LV\"},\"image\":{\"@id\":\"https:\/\/cosmetic.lv\/lv\/#\/schema\/logo\/image\/\"},\"sameAs\":[\"https:\/\/www.facebook.com\/cosmetic.lv\/\"]}]}<\/script>\n<meta property=\"product:price:amount\" content=\"13.01\" \/>\n<meta property=\"product:price:currency\" content=\"EUR\" \/>\n<meta property=\"og:availability\" content=\"instock\" \/>\n<meta property=\"product:availability\" content=\"instock\" \/>\n<meta property=\"product:retailer_item_id\" content=\"sez\" \/>\n<meta property=\"product:condition\" content=\"new\" \/>\n<!-- \/ Yoast SEO Premium plugin. -->","yoast_head_json":{"title":"Sezama e\u013c\u013ca 1litrs - cosmetic.lv","robots":{"index":"index","follow":"follow","max-snippet":"max-snippet:-1","max-image-preview":"max-image-preview:large","max-video-preview":"max-video-preview:-1"},"canonical":"https:\/\/cosmetic.lv\/lv\/product\/sezama-ella-1litrs\/","og_locale":"lv_LV","og_type":"article","og_title":"Sezama e\u013c\u013ca 1litrs","og_description":"Untitled document &nbsp; &nbsp;Sezama e\u013c\u013ca satur E un K vitam\u012bnus , fitosterolus ,k\u0101 ar\u012b&nbsp; omega 3 un omega 6 tauksk\u0101bes.&nbsp;&nbsp;","og_url":"https:\/\/cosmetic.lv\/lv\/product\/sezama-ella-1litrs\/","og_site_name":"cosmetic.lv","article_publisher":"https:\/\/www.facebook.com\/cosmetic.lv\/","article_modified_time":"2021-02-06T17:44:06+00:00","og_image":[{"width":450,"height":800,"url":"https:\/\/cosmetic.lv\/wp-content\/uploads\/2021\/02\/20210103_1244151.jpg","type":"image\/jpeg"}],"twitter_card":"summary_large_image","schema":{"@context":"https:\/\/schema.org","@graph":[{"@type":"WebPage","@id":"https:\/\/cosmetic.lv\/lv\/product\/sezama-ella-1litrs\/","url":"https:\/\/cosmetic.lv\/lv\/product\/sezama-ella-1litrs\/","name":"Sezama e\u013c\u013ca 1litrs - cosmetic.lv","isPartOf":{"@id":"https:\/\/cosmetic.lv\/lv\/#website"},"primaryImageOfPage":{"@id":"https:\/\/cosmetic.lv\/lv\/product\/sezama-ella-1litrs\/#primaryimage"},"image":{"@id":"https:\/\/cosmetic.lv\/lv\/product\/sezama-ella-1litrs\/#primaryimage"},"thumbnailUrl":"https:\/\/cosmetic.lv\/wp-content\/uploads\/2021\/02\/20210103_1244151.jpg","datePublished":"2021-02-06T17:44:00+00:00","dateModified":"2021-02-06T17:44:06+00:00","breadcrumb":{"@id":"https:\/\/cosmetic.lv\/lv\/product\/sezama-ella-1litrs\/#breadcrumb"},"inLanguage":"lv-LV","potentialAction":[{"@type":"ReadAction","target":["https:\/\/cosmetic.lv\/lv\/product\/sezama-ella-1litrs\/"]}]},{"@type":"ImageObject","inLanguage":"lv-LV","@id":"https:\/\/cosmetic.lv\/lv\/product\/sezama-ella-1litrs\/#primaryimage","url":"https:\/\/cosmetic.lv\/wp-content\/uploads\/2021\/02\/20210103_1244151.jpg","contentUrl":"https:\/\/cosmetic.lv\/wp-content\/uploads\/2021\/02\/20210103_1244151.jpg","width":450,"height":800,"caption":"20210103_124415[1].jpg"},{"@type":"BreadcrumbList","@id":"https:\/\/cosmetic.lv\/lv\/product\/sezama-ella-1litrs\/#breadcrumb","itemListElement":[{"@type":"ListItem","position":1,"name":"Home","item":"https:\/\/cosmetic.lv\/lv\/"},{"@type":"ListItem","position":2,"name":"Veikals","item":"https:\/\/cosmetic.lv\/lv\/veiklas\/"},{"@type":"ListItem","position":3,"name":"Sezama e\u013c\u013ca 1litrs"}]},{"@type":"WebSite","@id":"https:\/\/cosmetic.lv\/lv\/#website","url":"https:\/\/cosmetic.lv\/lv\/","name":"cosmetic.lv","description":"Profesion\u0101la kosm\u0113tika - Maria Galland, Keune, Arkadija, GMT, Guam, Magiray","publisher":{"@id":"https:\/\/cosmetic.lv\/lv\/#organization"},"potentialAction":[{"@type":"SearchAction","target":{"@type":"EntryPoint","urlTemplate":"https:\/\/cosmetic.lv\/lv\/?s={search_term_string}"},"query-input":{"@type":"PropertyValueSpecification","valueRequired":true,"valueName":"search_term_string"}}],"inLanguage":"lv-LV"},{"@type":"Organization","@id":"https:\/\/cosmetic.lv\/lv\/#organization","name":"COSMETIC.LV","url":"https:\/\/cosmetic.lv\/lv\/","logo":{"@type":"ImageObject","inLanguage":"lv-LV","@id":"https:\/\/cosmetic.lv\/lv\/#\/schema\/logo\/image\/","url":"https:\/\/cosmetic.lv\/wp-content\/uploads\/2021\/02\/cosmetic.lv_logo.jpg","contentUrl":"https:\/\/cosmetic.lv\/wp-content\/uploads\/2021\/02\/cosmetic.lv_logo.jpg","width":596,"height":196,"caption":"COSMETIC.LV"},"image":{"@id":"https:\/\/cosmetic.lv\/lv\/#\/schema\/logo\/image\/"},"sameAs":["https:\/\/www.facebook.com\/cosmetic.lv\/"]}]},"product_price_amount":"13.01","product_price_currency":"EUR","og_availability":"instock","product_availability":"instock","product_retailer_item_id":"sez","product_condition":"new"},"_links":{"self":[{"href":"https:\/\/cosmetic.lv\/lv\/wp-json\/wp\/v2\/product\/33750","targetHints":{"allow":["GET"]}}],"collection":[{"href":"https:\/\/cosmetic.lv\/lv\/wp-json\/wp\/v2\/product"}],"about":[{"href":"https:\/\/cosmetic.lv\/lv\/wp-json\/wp\/v2\/types\/product"}],"wp:featuredmedia":[{"embeddable":true,"href":"https:\/\/cosmetic.lv\/lv\/wp-json\/wp\/v2\/media\/7942"}],"wp:attachment":[{"href":"https:\/\/cosmetic.lv\/lv\/wp-json\/wp\/v2\/media?parent=33750"}],"wp:term":[{"taxonomy":"product_brand","embeddable":true,"href":"https:\/\/cosmetic.lv\/lv\/wp-json\/wp\/v2\/product_brand?post=33750"},{"taxonomy":"product_cat","embeddable":true,"href":"https:\/\/cosmetic.lv\/lv\/wp-json\/wp\/v2\/product_cat?post=33750"},{"taxonomy":"product_tag","embeddable":true,"href":"https:\/\/cosmetic.lv\/lv\/wp-json\/wp\/v2\/product_tag?post=33750"}],"curies":[{"name":"wp","href":"https:\/\/api.w.org\/{rel}","templated":true}]}}