{"id":33770,"date":"2021-02-05T22:36:02","date_gmt":"2021-02-06T17:44:21","guid":{"rendered":"https:\/\/damme.lv\/product\/arkadija-ampulas-vitamins-a-q10-karnitins-10x1-5-ml\/"},"modified":"2021-02-06T19:44:26","modified_gmt":"2021-02-06T17:44:26","slug":"arkadija-ampulas-vitamins-a-q10-karnitins-10x1-5-ml","status":"publish","type":"product","link":"https:\/\/cosmetic.lv\/lv\/product\/arkadija-ampulas-vitamins-a-q10-karnitins-10x1-5-ml\/","title":{"rendered":"Ark\u0101dija ampulas Vitam\u012bns A+Q10+karnit\u012bns, 10&#215;1.5 ml"},"content":{"rendered":"<p><!DOCTYPE html PUBLIC &quot;-\/\/W3C\/\/DTD XHTML 1.0 Transitional\/\/EN&quot; &quot;http:\/\/www.w3.org\/TR\/xhtml1\/DTD\/xhtml1-transitional.dtd&quot;><br \/>\n<html><br \/>\n<head><br \/>\n<title>Untitled document<\/title><br \/>\n<\/head><br \/>\n<body><\/p>\n<p>Koncentr\u0101ts &#8211; siner\u0123ists A vitam\u012bns + koenz\u012bms Q10 + karnit\u012bns<\/p>\n<p>Tam ir antioksidants, re\u0123ener\u0113jo&scaron;s efekts.<\/p>\n<p>A vitam\u012bns pa\u0101trina &scaron;\u016bnu atjauno&scaron;anos, normaliz\u0113 tauku dziedzeru darb\u012bbu, stimul\u0113 kolag\u0113na veido&scaron;anos, mazina iekaisumu \u0101d\u0101 un atjauno.<\/p>\n<p>Koenz\u012bms Q10 (ubikinons) atjauno ener\u0123iju &scaron;\u016bn\u0101s, ir \u013coti sp\u0113c\u012bgs antioksidants, aizsarg\u0101 &scaron;\u016bnu membr\u0101nas un DNS molekulas no br\u012bvajiem radik\u0101\u013ciem.<\/p>\n<p>Karnit\u012bns, organisks savienojums, kas bar\u012bbas vielas pieg\u0101d\u0101 &scaron;\u016bnas &ldquo;ener\u0123ijas r\u016bpn\u012bcai&rdquo; &#8211; mitohondrij\u0101m. Tas kop\u0101 ar koenz\u012bmu Q10 pastiprina antioksidantu iedarb\u012bbu, apg\u0101d\u0101 &scaron;\u016bnas ar ener\u0123iju.<\/p>\n<p>Indik\u0101cijas: nobriedusi, pl\u0101na, nogurusi, sausa \u0101da, atvese\u013co&scaron;an\u0101s no stresa. To lieto pretstresa, atjaunojo&scaron;\u0101s proced\u016br\u0101s.<\/p>\n<p><\/body><br \/>\n<\/html><\/p>\n","protected":false},"excerpt":{"rendered":"<p>Untitled document Koncentr\u0101ts &#8211; siner\u0123ists A vitam\u012bns + koenz\u012bms Q10 + karnit\u012bns Tam ir antioksidants, re\u0123ener\u0113jo&scaron;s efekts. A vitam\u012bns pa\u0101trina<\/p>\n","protected":false},"featured_media":15123,"template":"","meta":[],"product_brand":[],"product_cat":[2273,2278,2279],"product_tag":[],"class_list":{"0":"post-33770","1":"product","2":"type-product","3":"status-publish","4":"has-post-thumbnail","6":"product_cat-profesionala-kosmetika-sejai-un-kermenim-lv","7":"product_cat-labaratorijas-kosmetika-arkadija-izstrada-luks-klases-kosmetiku-lv","8":"product_cat-sejas-kremi-lv","10":"first","11":"outofstock","12":"sale","13":"taxable","14":"shipping-taxable","15":"purchasable","16":"product-type-simple"},"yoast_head":"<!-- This site is optimized with the Yoast SEO Premium plugin v27.0 (Yoast SEO v27.0) - https:\/\/yoast.com\/product\/yoast-seo-premium-wordpress\/ -->\n<title>Ark\u0101dija ampulas Vitam\u012bns A+Q10+karnit\u012bns, 10x1.5 ml - cosmetic.lv<\/title>\n<meta name=\"robots\" content=\"index, follow, max-snippet:-1, max-image-preview:large, max-video-preview:-1\" \/>\n<link rel=\"canonical\" href=\"https:\/\/cosmetic.lv\/lv\/product\/arkadija-ampulas-vitamins-a-q10-karnitins-10x1-5-ml\/\" \/>\n<meta property=\"og:locale\" content=\"lv_LV\" \/>\n<meta property=\"og:type\" content=\"article\" \/>\n<meta property=\"og:title\" content=\"Ark\u0101dija ampulas Vitam\u012bns A+Q10+karnit\u012bns, 10x1.5 ml\" \/>\n<meta property=\"og:description\" content=\"Untitled document Koncentr\u0101ts &#8211; siner\u0123ists A vitam\u012bns + koenz\u012bms Q10 + karnit\u012bns Tam ir antioksidants, re\u0123ener\u0113jo&scaron;s efekts. A vitam\u012bns pa\u0101trina\" \/>\n<meta property=\"og:url\" content=\"https:\/\/cosmetic.lv\/lv\/product\/arkadija-ampulas-vitamins-a-q10-karnitins-10x1-5-ml\/\" \/>\n<meta property=\"og:site_name\" content=\"cosmetic.lv\" \/>\n<meta property=\"article:publisher\" content=\"https:\/\/www.facebook.com\/cosmetic.lv\/\" \/>\n<meta property=\"article:modified_time\" content=\"2021-02-06T17:44:26+00:00\" \/>\n<meta property=\"og:image\" content=\"https:\/\/cosmetic.lv\/wp-content\/uploads\/2021\/02\/101-4.jpeg\" \/>\n\t<meta property=\"og:image:width\" content=\"300\" \/>\n\t<meta property=\"og:image:height\" content=\"300\" \/>\n\t<meta property=\"og:image:type\" content=\"image\/jpeg\" \/>\n<meta name=\"twitter:card\" content=\"summary_large_image\" \/>\n<script type=\"application\/ld+json\" class=\"yoast-schema-graph\">{\"@context\":\"https:\/\/schema.org\",\"@graph\":[{\"@type\":\"WebPage\",\"@id\":\"https:\/\/cosmetic.lv\/lv\/product\/arkadija-ampulas-vitamins-a-q10-karnitins-10x1-5-ml\/\",\"url\":\"https:\/\/cosmetic.lv\/lv\/product\/arkadija-ampulas-vitamins-a-q10-karnitins-10x1-5-ml\/\",\"name\":\"Ark\u0101dija ampulas Vitam\u012bns A+Q10+karnit\u012bns, 10x1.5 ml - cosmetic.lv\",\"isPartOf\":{\"@id\":\"https:\/\/cosmetic.lv\/lv\/#website\"},\"primaryImageOfPage\":{\"@id\":\"https:\/\/cosmetic.lv\/lv\/product\/arkadija-ampulas-vitamins-a-q10-karnitins-10x1-5-ml\/#primaryimage\"},\"image\":{\"@id\":\"https:\/\/cosmetic.lv\/lv\/product\/arkadija-ampulas-vitamins-a-q10-karnitins-10x1-5-ml\/#primaryimage\"},\"thumbnailUrl\":\"https:\/\/cosmetic.lv\/wp-content\/uploads\/2021\/02\/101-4.jpeg\",\"datePublished\":\"2021-02-06T17:44:21+00:00\",\"dateModified\":\"2021-02-06T17:44:26+00:00\",\"breadcrumb\":{\"@id\":\"https:\/\/cosmetic.lv\/lv\/product\/arkadija-ampulas-vitamins-a-q10-karnitins-10x1-5-ml\/#breadcrumb\"},\"inLanguage\":\"lv-LV\",\"potentialAction\":[{\"@type\":\"ReadAction\",\"target\":[\"https:\/\/cosmetic.lv\/lv\/product\/arkadija-ampulas-vitamins-a-q10-karnitins-10x1-5-ml\/\"]}]},{\"@type\":\"ImageObject\",\"inLanguage\":\"lv-LV\",\"@id\":\"https:\/\/cosmetic.lv\/lv\/product\/arkadija-ampulas-vitamins-a-q10-karnitins-10x1-5-ml\/#primaryimage\",\"url\":\"https:\/\/cosmetic.lv\/wp-content\/uploads\/2021\/02\/101-4.jpeg\",\"contentUrl\":\"https:\/\/cosmetic.lv\/wp-content\/uploads\/2021\/02\/101-4.jpeg\",\"width\":300,\"height\":300,\"caption\":\"101.jpeg\"},{\"@type\":\"BreadcrumbList\",\"@id\":\"https:\/\/cosmetic.lv\/lv\/product\/arkadija-ampulas-vitamins-a-q10-karnitins-10x1-5-ml\/#breadcrumb\",\"itemListElement\":[{\"@type\":\"ListItem\",\"position\":1,\"name\":\"Home\",\"item\":\"https:\/\/cosmetic.lv\/lv\/\"},{\"@type\":\"ListItem\",\"position\":2,\"name\":\"Veikals\",\"item\":\"https:\/\/cosmetic.lv\/lv\/veiklas\/\"},{\"@type\":\"ListItem\",\"position\":3,\"name\":\"Ark\u0101dija ampulas Vitam\u012bns A+Q10+karnit\u012bns, 10&#215;1.5 ml\"}]},{\"@type\":\"WebSite\",\"@id\":\"https:\/\/cosmetic.lv\/lv\/#website\",\"url\":\"https:\/\/cosmetic.lv\/lv\/\",\"name\":\"cosmetic.lv\",\"description\":\"Profesion\u0101la kosm\u0113tika - Maria Galland, Keune, Arkadija, GMT, Guam, Magiray\",\"publisher\":{\"@id\":\"https:\/\/cosmetic.lv\/lv\/#organization\"},\"potentialAction\":[{\"@type\":\"SearchAction\",\"target\":{\"@type\":\"EntryPoint\",\"urlTemplate\":\"https:\/\/cosmetic.lv\/lv\/?s={search_term_string}\"},\"query-input\":{\"@type\":\"PropertyValueSpecification\",\"valueRequired\":true,\"valueName\":\"search_term_string\"}}],\"inLanguage\":\"lv-LV\"},{\"@type\":\"Organization\",\"@id\":\"https:\/\/cosmetic.lv\/lv\/#organization\",\"name\":\"COSMETIC.LV\",\"url\":\"https:\/\/cosmetic.lv\/lv\/\",\"logo\":{\"@type\":\"ImageObject\",\"inLanguage\":\"lv-LV\",\"@id\":\"https:\/\/cosmetic.lv\/lv\/#\/schema\/logo\/image\/\",\"url\":\"https:\/\/cosmetic.lv\/wp-content\/uploads\/2021\/02\/cosmetic.lv_logo.jpg\",\"contentUrl\":\"https:\/\/cosmetic.lv\/wp-content\/uploads\/2021\/02\/cosmetic.lv_logo.jpg\",\"width\":596,\"height\":196,\"caption\":\"COSMETIC.LV\"},\"image\":{\"@id\":\"https:\/\/cosmetic.lv\/lv\/#\/schema\/logo\/image\/\"},\"sameAs\":[\"https:\/\/www.facebook.com\/cosmetic.lv\/\"]}]}<\/script>\n<meta property=\"product:price:amount\" content=\"28.74\" \/>\n<meta property=\"product:price:currency\" content=\"EUR\" \/>\n<meta property=\"og:availability\" content=\"out of stock\" \/>\n<meta property=\"product:availability\" content=\"out of stock\" \/>\n<meta property=\"product:retailer_item_id\" content=\"AP101\" \/>\n<meta property=\"product:condition\" content=\"new\" \/>\n<!-- \/ Yoast SEO Premium plugin. -->","yoast_head_json":{"title":"Ark\u0101dija ampulas Vitam\u012bns A+Q10+karnit\u012bns, 10x1.5 ml - cosmetic.lv","robots":{"index":"index","follow":"follow","max-snippet":"max-snippet:-1","max-image-preview":"max-image-preview:large","max-video-preview":"max-video-preview:-1"},"canonical":"https:\/\/cosmetic.lv\/lv\/product\/arkadija-ampulas-vitamins-a-q10-karnitins-10x1-5-ml\/","og_locale":"lv_LV","og_type":"article","og_title":"Ark\u0101dija ampulas Vitam\u012bns A+Q10+karnit\u012bns, 10x1.5 ml","og_description":"Untitled document Koncentr\u0101ts &#8211; siner\u0123ists A vitam\u012bns + koenz\u012bms Q10 + karnit\u012bns Tam ir antioksidants, re\u0123ener\u0113jo&scaron;s efekts. A vitam\u012bns pa\u0101trina","og_url":"https:\/\/cosmetic.lv\/lv\/product\/arkadija-ampulas-vitamins-a-q10-karnitins-10x1-5-ml\/","og_site_name":"cosmetic.lv","article_publisher":"https:\/\/www.facebook.com\/cosmetic.lv\/","article_modified_time":"2021-02-06T17:44:26+00:00","og_image":[{"width":300,"height":300,"url":"https:\/\/cosmetic.lv\/wp-content\/uploads\/2021\/02\/101-4.jpeg","type":"image\/jpeg"}],"twitter_card":"summary_large_image","schema":{"@context":"https:\/\/schema.org","@graph":[{"@type":"WebPage","@id":"https:\/\/cosmetic.lv\/lv\/product\/arkadija-ampulas-vitamins-a-q10-karnitins-10x1-5-ml\/","url":"https:\/\/cosmetic.lv\/lv\/product\/arkadija-ampulas-vitamins-a-q10-karnitins-10x1-5-ml\/","name":"Ark\u0101dija ampulas Vitam\u012bns A+Q10+karnit\u012bns, 10x1.5 ml - cosmetic.lv","isPartOf":{"@id":"https:\/\/cosmetic.lv\/lv\/#website"},"primaryImageOfPage":{"@id":"https:\/\/cosmetic.lv\/lv\/product\/arkadija-ampulas-vitamins-a-q10-karnitins-10x1-5-ml\/#primaryimage"},"image":{"@id":"https:\/\/cosmetic.lv\/lv\/product\/arkadija-ampulas-vitamins-a-q10-karnitins-10x1-5-ml\/#primaryimage"},"thumbnailUrl":"https:\/\/cosmetic.lv\/wp-content\/uploads\/2021\/02\/101-4.jpeg","datePublished":"2021-02-06T17:44:21+00:00","dateModified":"2021-02-06T17:44:26+00:00","breadcrumb":{"@id":"https:\/\/cosmetic.lv\/lv\/product\/arkadija-ampulas-vitamins-a-q10-karnitins-10x1-5-ml\/#breadcrumb"},"inLanguage":"lv-LV","potentialAction":[{"@type":"ReadAction","target":["https:\/\/cosmetic.lv\/lv\/product\/arkadija-ampulas-vitamins-a-q10-karnitins-10x1-5-ml\/"]}]},{"@type":"ImageObject","inLanguage":"lv-LV","@id":"https:\/\/cosmetic.lv\/lv\/product\/arkadija-ampulas-vitamins-a-q10-karnitins-10x1-5-ml\/#primaryimage","url":"https:\/\/cosmetic.lv\/wp-content\/uploads\/2021\/02\/101-4.jpeg","contentUrl":"https:\/\/cosmetic.lv\/wp-content\/uploads\/2021\/02\/101-4.jpeg","width":300,"height":300,"caption":"101.jpeg"},{"@type":"BreadcrumbList","@id":"https:\/\/cosmetic.lv\/lv\/product\/arkadija-ampulas-vitamins-a-q10-karnitins-10x1-5-ml\/#breadcrumb","itemListElement":[{"@type":"ListItem","position":1,"name":"Home","item":"https:\/\/cosmetic.lv\/lv\/"},{"@type":"ListItem","position":2,"name":"Veikals","item":"https:\/\/cosmetic.lv\/lv\/veiklas\/"},{"@type":"ListItem","position":3,"name":"Ark\u0101dija ampulas Vitam\u012bns A+Q10+karnit\u012bns, 10&#215;1.5 ml"}]},{"@type":"WebSite","@id":"https:\/\/cosmetic.lv\/lv\/#website","url":"https:\/\/cosmetic.lv\/lv\/","name":"cosmetic.lv","description":"Profesion\u0101la kosm\u0113tika - Maria Galland, Keune, Arkadija, GMT, Guam, Magiray","publisher":{"@id":"https:\/\/cosmetic.lv\/lv\/#organization"},"potentialAction":[{"@type":"SearchAction","target":{"@type":"EntryPoint","urlTemplate":"https:\/\/cosmetic.lv\/lv\/?s={search_term_string}"},"query-input":{"@type":"PropertyValueSpecification","valueRequired":true,"valueName":"search_term_string"}}],"inLanguage":"lv-LV"},{"@type":"Organization","@id":"https:\/\/cosmetic.lv\/lv\/#organization","name":"COSMETIC.LV","url":"https:\/\/cosmetic.lv\/lv\/","logo":{"@type":"ImageObject","inLanguage":"lv-LV","@id":"https:\/\/cosmetic.lv\/lv\/#\/schema\/logo\/image\/","url":"https:\/\/cosmetic.lv\/wp-content\/uploads\/2021\/02\/cosmetic.lv_logo.jpg","contentUrl":"https:\/\/cosmetic.lv\/wp-content\/uploads\/2021\/02\/cosmetic.lv_logo.jpg","width":596,"height":196,"caption":"COSMETIC.LV"},"image":{"@id":"https:\/\/cosmetic.lv\/lv\/#\/schema\/logo\/image\/"},"sameAs":["https:\/\/www.facebook.com\/cosmetic.lv\/"]}]},"product_price_amount":"28.74","product_price_currency":"EUR","og_availability":"out of stock","product_availability":"out of stock","product_retailer_item_id":"AP101","product_condition":"new"},"_links":{"self":[{"href":"https:\/\/cosmetic.lv\/lv\/wp-json\/wp\/v2\/product\/33770","targetHints":{"allow":["GET"]}}],"collection":[{"href":"https:\/\/cosmetic.lv\/lv\/wp-json\/wp\/v2\/product"}],"about":[{"href":"https:\/\/cosmetic.lv\/lv\/wp-json\/wp\/v2\/types\/product"}],"wp:featuredmedia":[{"embeddable":true,"href":"https:\/\/cosmetic.lv\/lv\/wp-json\/wp\/v2\/media\/15123"}],"wp:attachment":[{"href":"https:\/\/cosmetic.lv\/lv\/wp-json\/wp\/v2\/media?parent=33770"}],"wp:term":[{"taxonomy":"product_brand","embeddable":true,"href":"https:\/\/cosmetic.lv\/lv\/wp-json\/wp\/v2\/product_brand?post=33770"},{"taxonomy":"product_cat","embeddable":true,"href":"https:\/\/cosmetic.lv\/lv\/wp-json\/wp\/v2\/product_cat?post=33770"},{"taxonomy":"product_tag","embeddable":true,"href":"https:\/\/cosmetic.lv\/lv\/wp-json\/wp\/v2\/product_tag?post=33770"}],"curies":[{"name":"wp","href":"https:\/\/api.w.org\/{rel}","templated":true}]}}