{"id":33773,"date":"2021-02-05T22:36:02","date_gmt":"2021-02-06T17:44:28","guid":{"rendered":"https:\/\/damme.lv\/product\/ingalators-vulkans-dao-5g\/"},"modified":"2021-02-06T19:44:29","modified_gmt":"2021-02-06T17:44:29","slug":"ingalators-vulkans-dao-5g","status":"publish","type":"product","link":"https:\/\/cosmetic.lv\/lv\/product\/ingalators-vulkans-dao-5g\/","title":{"rendered":"Ingal\u0101tors Vulk\u0101ns Dao 5g"},"content":{"rendered":"<p><!DOCTYPE html PUBLIC &quot;-\/\/W3C\/\/DTD XHTML 1.0 Transitional\/\/EN&quot; &quot;http:\/\/www.w3.org\/TR\/xhtml1\/DTD\/xhtml1-transitional.dtd&quot;><br \/>\n<html><br \/>\n<head><br \/>\n<title>Untitled document<\/title><br \/>\n<\/head><br \/>\n<body><\/p>\n<div id=&quot;tw-target-text-container&quot;>\n<pre id=&quot;tw-target-text&quot; style=&quot;text-align:left&quot; dir=&quot;ltr&quot;><span>Inhalators ar aromterapijas iedarb\u012bbu.\nLieto&scaron;anas indik\u0101cijas:\niesnas;\nauksts;\ngalvass\u0101pes;\nkust\u012bbu slim\u012bba transport\u0101;\nreibonis\nvisp\u0101r\u0113js sav\u0101rgums;\nnogurums;\nmiegain\u012bba;\np\u0101rp\u016ble.\nLieto&scaron;ana: Atveriet v\u0101ci\u0146u, nog\u0101d\u0101jiet inhalatoru pie deguna un dzi\u013ci ieelpojiet 2-3 reizes. Lietojiet p\u0113c nepiecie&scaron;am\u012bbas 2-3 reizes dien\u0101.\nSast\u0101vs: \u0112terisk\u0101s e\u013c\u013cas (kampars, eikalipts, piparm\u0113tra), dab\u012bgais mentols, miner\u0101le\u013c\u013ca.<\/span><\/pre>\n<\/div>\n<div id=&quot;tw-target-rmn-container&quot;>\n<pre id=&quot;tw-target-rmn&quot; style=&quot;text-align:left&quot; dir=&quot;ltr&quot;><span><br \/><\/span><\/pre>\n<\/div>\n<p><\/body><br \/>\n<\/html><\/p>\n","protected":false},"excerpt":{"rendered":"<p>Untitled document Inhalators ar aromterapijas iedarb\u012bbu. Lieto&scaron;anas indik\u0101cijas: iesnas; auksts; galvass\u0101pes; kust\u012bbu slim\u012bba transport\u0101; reibonis visp\u0101r\u0113js sav\u0101rgums; nogurums; miegain\u012bba; p\u0101rp\u016ble.<\/p>\n","protected":false},"featured_media":36397,"template":"","meta":[],"product_brand":[],"product_cat":[2200,2207],"product_tag":[],"class_list":{"0":"post-33773","1":"product","2":"type-product","3":"status-publish","4":"has-post-thumbnail","6":"product_cat-skaistums-un-veseliba-lv","7":"product_cat-veselibai-lv","9":"first","10":"outofstock","11":"sale","12":"virtual","13":"taxable","14":"purchasable","15":"product-type-simple"},"yoast_head":"<!-- This site is optimized with the Yoast SEO Premium plugin v27.0 (Yoast SEO v27.0) - https:\/\/yoast.com\/product\/yoast-seo-premium-wordpress\/ -->\n<title>Ingal\u0101tors Vulk\u0101ns Dao 5g - cosmetic.lv<\/title>\n<meta name=\"robots\" content=\"index, follow, max-snippet:-1, max-image-preview:large, max-video-preview:-1\" \/>\n<link rel=\"canonical\" href=\"https:\/\/cosmetic.lv\/lv\/product\/ingalators-vulkans-dao-5g\/\" \/>\n<meta property=\"og:locale\" content=\"lv_LV\" \/>\n<meta property=\"og:type\" content=\"article\" \/>\n<meta property=\"og:title\" content=\"Ingal\u0101tors Vulk\u0101ns Dao 5g\" \/>\n<meta property=\"og:description\" content=\"Untitled document Inhalators ar aromterapijas iedarb\u012bbu. Lieto&scaron;anas indik\u0101cijas: iesnas; auksts; galvass\u0101pes; kust\u012bbu slim\u012bba transport\u0101; reibonis visp\u0101r\u0113js sav\u0101rgums; nogurums; miegain\u012bba; p\u0101rp\u016ble.\" \/>\n<meta property=\"og:url\" content=\"https:\/\/cosmetic.lv\/lv\/product\/ingalators-vulkans-dao-5g\/\" \/>\n<meta property=\"og:site_name\" content=\"cosmetic.lv\" \/>\n<meta property=\"article:publisher\" content=\"https:\/\/www.facebook.com\/cosmetic.lv\/\" \/>\n<meta property=\"article:modified_time\" content=\"2021-02-06T17:44:29+00:00\" \/>\n<meta property=\"og:image\" content=\"https:\/\/cosmetic.lv\/wp-content\/uploads\/2021\/02\/17675898361_6197.01-768x768dii.jpg\" \/>\n\t<meta property=\"og:image:width\" content=\"768\" \/>\n\t<meta property=\"og:image:height\" content=\"768\" \/>\n\t<meta property=\"og:image:type\" content=\"image\/jpeg\" \/>\n<meta name=\"twitter:card\" content=\"summary_large_image\" \/>\n<script type=\"application\/ld+json\" class=\"yoast-schema-graph\">{\"@context\":\"https:\/\/schema.org\",\"@graph\":[{\"@type\":\"WebPage\",\"@id\":\"https:\/\/cosmetic.lv\/lv\/product\/ingalators-vulkans-dao-5g\/\",\"url\":\"https:\/\/cosmetic.lv\/lv\/product\/ingalators-vulkans-dao-5g\/\",\"name\":\"Ingal\u0101tors Vulk\u0101ns Dao 5g - cosmetic.lv\",\"isPartOf\":{\"@id\":\"https:\/\/cosmetic.lv\/lv\/#website\"},\"primaryImageOfPage\":{\"@id\":\"https:\/\/cosmetic.lv\/lv\/product\/ingalators-vulkans-dao-5g\/#primaryimage\"},\"image\":{\"@id\":\"https:\/\/cosmetic.lv\/lv\/product\/ingalators-vulkans-dao-5g\/#primaryimage\"},\"thumbnailUrl\":\"https:\/\/cosmetic.lv\/wp-content\/uploads\/2021\/02\/17675898361_6197.01-768x768dii.jpg\",\"datePublished\":\"2021-02-06T17:44:28+00:00\",\"dateModified\":\"2021-02-06T17:44:29+00:00\",\"breadcrumb\":{\"@id\":\"https:\/\/cosmetic.lv\/lv\/product\/ingalators-vulkans-dao-5g\/#breadcrumb\"},\"inLanguage\":\"lv-LV\",\"potentialAction\":[{\"@type\":\"ReadAction\",\"target\":[\"https:\/\/cosmetic.lv\/lv\/product\/ingalators-vulkans-dao-5g\/\"]}]},{\"@type\":\"ImageObject\",\"inLanguage\":\"lv-LV\",\"@id\":\"https:\/\/cosmetic.lv\/lv\/product\/ingalators-vulkans-dao-5g\/#primaryimage\",\"url\":\"https:\/\/cosmetic.lv\/wp-content\/uploads\/2021\/02\/17675898361_6197.01-768x768dii.jpg\",\"contentUrl\":\"https:\/\/cosmetic.lv\/wp-content\/uploads\/2021\/02\/17675898361_6197.01-768x768dii.jpg\",\"width\":768,\"height\":768},{\"@type\":\"BreadcrumbList\",\"@id\":\"https:\/\/cosmetic.lv\/lv\/product\/ingalators-vulkans-dao-5g\/#breadcrumb\",\"itemListElement\":[{\"@type\":\"ListItem\",\"position\":1,\"name\":\"Home\",\"item\":\"https:\/\/cosmetic.lv\/lv\/\"},{\"@type\":\"ListItem\",\"position\":2,\"name\":\"Veikals\",\"item\":\"https:\/\/cosmetic.lv\/lv\/veiklas\/\"},{\"@type\":\"ListItem\",\"position\":3,\"name\":\"Ingal\u0101tors Vulk\u0101ns Dao 5g\"}]},{\"@type\":\"WebSite\",\"@id\":\"https:\/\/cosmetic.lv\/lv\/#website\",\"url\":\"https:\/\/cosmetic.lv\/lv\/\",\"name\":\"cosmetic.lv\",\"description\":\"Profesion\u0101la kosm\u0113tika - Maria Galland, Keune, Arkadija, GMT, Guam, Magiray\",\"publisher\":{\"@id\":\"https:\/\/cosmetic.lv\/lv\/#organization\"},\"potentialAction\":[{\"@type\":\"SearchAction\",\"target\":{\"@type\":\"EntryPoint\",\"urlTemplate\":\"https:\/\/cosmetic.lv\/lv\/?s={search_term_string}\"},\"query-input\":{\"@type\":\"PropertyValueSpecification\",\"valueRequired\":true,\"valueName\":\"search_term_string\"}}],\"inLanguage\":\"lv-LV\"},{\"@type\":\"Organization\",\"@id\":\"https:\/\/cosmetic.lv\/lv\/#organization\",\"name\":\"COSMETIC.LV\",\"url\":\"https:\/\/cosmetic.lv\/lv\/\",\"logo\":{\"@type\":\"ImageObject\",\"inLanguage\":\"lv-LV\",\"@id\":\"https:\/\/cosmetic.lv\/lv\/#\/schema\/logo\/image\/\",\"url\":\"https:\/\/cosmetic.lv\/wp-content\/uploads\/2021\/02\/cosmetic.lv_logo.jpg\",\"contentUrl\":\"https:\/\/cosmetic.lv\/wp-content\/uploads\/2021\/02\/cosmetic.lv_logo.jpg\",\"width\":596,\"height\":196,\"caption\":\"COSMETIC.LV\"},\"image\":{\"@id\":\"https:\/\/cosmetic.lv\/lv\/#\/schema\/logo\/image\/\"},\"sameAs\":[\"https:\/\/www.facebook.com\/cosmetic.lv\/\"]}]}<\/script>\n<meta property=\"product:price:amount\" content=\"1.81\" \/>\n<meta property=\"product:price:currency\" content=\"EUR\" \/>\n<meta property=\"og:availability\" content=\"out of stock\" \/>\n<meta property=\"product:availability\" content=\"out of stock\" \/>\n<meta property=\"product:retailer_item_id\" content=\"dao\" \/>\n<meta property=\"product:condition\" content=\"new\" \/>\n<!-- \/ Yoast SEO Premium plugin. -->","yoast_head_json":{"title":"Ingal\u0101tors Vulk\u0101ns Dao 5g - cosmetic.lv","robots":{"index":"index","follow":"follow","max-snippet":"max-snippet:-1","max-image-preview":"max-image-preview:large","max-video-preview":"max-video-preview:-1"},"canonical":"https:\/\/cosmetic.lv\/lv\/product\/ingalators-vulkans-dao-5g\/","og_locale":"lv_LV","og_type":"article","og_title":"Ingal\u0101tors Vulk\u0101ns Dao 5g","og_description":"Untitled document Inhalators ar aromterapijas iedarb\u012bbu. Lieto&scaron;anas indik\u0101cijas: iesnas; auksts; galvass\u0101pes; kust\u012bbu slim\u012bba transport\u0101; reibonis visp\u0101r\u0113js sav\u0101rgums; nogurums; miegain\u012bba; p\u0101rp\u016ble.","og_url":"https:\/\/cosmetic.lv\/lv\/product\/ingalators-vulkans-dao-5g\/","og_site_name":"cosmetic.lv","article_publisher":"https:\/\/www.facebook.com\/cosmetic.lv\/","article_modified_time":"2021-02-06T17:44:29+00:00","og_image":[{"width":768,"height":768,"url":"https:\/\/cosmetic.lv\/wp-content\/uploads\/2021\/02\/17675898361_6197.01-768x768dii.jpg","type":"image\/jpeg"}],"twitter_card":"summary_large_image","schema":{"@context":"https:\/\/schema.org","@graph":[{"@type":"WebPage","@id":"https:\/\/cosmetic.lv\/lv\/product\/ingalators-vulkans-dao-5g\/","url":"https:\/\/cosmetic.lv\/lv\/product\/ingalators-vulkans-dao-5g\/","name":"Ingal\u0101tors Vulk\u0101ns Dao 5g - cosmetic.lv","isPartOf":{"@id":"https:\/\/cosmetic.lv\/lv\/#website"},"primaryImageOfPage":{"@id":"https:\/\/cosmetic.lv\/lv\/product\/ingalators-vulkans-dao-5g\/#primaryimage"},"image":{"@id":"https:\/\/cosmetic.lv\/lv\/product\/ingalators-vulkans-dao-5g\/#primaryimage"},"thumbnailUrl":"https:\/\/cosmetic.lv\/wp-content\/uploads\/2021\/02\/17675898361_6197.01-768x768dii.jpg","datePublished":"2021-02-06T17:44:28+00:00","dateModified":"2021-02-06T17:44:29+00:00","breadcrumb":{"@id":"https:\/\/cosmetic.lv\/lv\/product\/ingalators-vulkans-dao-5g\/#breadcrumb"},"inLanguage":"lv-LV","potentialAction":[{"@type":"ReadAction","target":["https:\/\/cosmetic.lv\/lv\/product\/ingalators-vulkans-dao-5g\/"]}]},{"@type":"ImageObject","inLanguage":"lv-LV","@id":"https:\/\/cosmetic.lv\/lv\/product\/ingalators-vulkans-dao-5g\/#primaryimage","url":"https:\/\/cosmetic.lv\/wp-content\/uploads\/2021\/02\/17675898361_6197.01-768x768dii.jpg","contentUrl":"https:\/\/cosmetic.lv\/wp-content\/uploads\/2021\/02\/17675898361_6197.01-768x768dii.jpg","width":768,"height":768},{"@type":"BreadcrumbList","@id":"https:\/\/cosmetic.lv\/lv\/product\/ingalators-vulkans-dao-5g\/#breadcrumb","itemListElement":[{"@type":"ListItem","position":1,"name":"Home","item":"https:\/\/cosmetic.lv\/lv\/"},{"@type":"ListItem","position":2,"name":"Veikals","item":"https:\/\/cosmetic.lv\/lv\/veiklas\/"},{"@type":"ListItem","position":3,"name":"Ingal\u0101tors Vulk\u0101ns Dao 5g"}]},{"@type":"WebSite","@id":"https:\/\/cosmetic.lv\/lv\/#website","url":"https:\/\/cosmetic.lv\/lv\/","name":"cosmetic.lv","description":"Profesion\u0101la kosm\u0113tika - Maria Galland, Keune, Arkadija, GMT, Guam, Magiray","publisher":{"@id":"https:\/\/cosmetic.lv\/lv\/#organization"},"potentialAction":[{"@type":"SearchAction","target":{"@type":"EntryPoint","urlTemplate":"https:\/\/cosmetic.lv\/lv\/?s={search_term_string}"},"query-input":{"@type":"PropertyValueSpecification","valueRequired":true,"valueName":"search_term_string"}}],"inLanguage":"lv-LV"},{"@type":"Organization","@id":"https:\/\/cosmetic.lv\/lv\/#organization","name":"COSMETIC.LV","url":"https:\/\/cosmetic.lv\/lv\/","logo":{"@type":"ImageObject","inLanguage":"lv-LV","@id":"https:\/\/cosmetic.lv\/lv\/#\/schema\/logo\/image\/","url":"https:\/\/cosmetic.lv\/wp-content\/uploads\/2021\/02\/cosmetic.lv_logo.jpg","contentUrl":"https:\/\/cosmetic.lv\/wp-content\/uploads\/2021\/02\/cosmetic.lv_logo.jpg","width":596,"height":196,"caption":"COSMETIC.LV"},"image":{"@id":"https:\/\/cosmetic.lv\/lv\/#\/schema\/logo\/image\/"},"sameAs":["https:\/\/www.facebook.com\/cosmetic.lv\/"]}]},"product_price_amount":"1.81","product_price_currency":"EUR","og_availability":"out of stock","product_availability":"out of stock","product_retailer_item_id":"dao","product_condition":"new"},"_links":{"self":[{"href":"https:\/\/cosmetic.lv\/lv\/wp-json\/wp\/v2\/product\/33773","targetHints":{"allow":["GET"]}}],"collection":[{"href":"https:\/\/cosmetic.lv\/lv\/wp-json\/wp\/v2\/product"}],"about":[{"href":"https:\/\/cosmetic.lv\/lv\/wp-json\/wp\/v2\/types\/product"}],"wp:featuredmedia":[{"embeddable":true,"href":"https:\/\/cosmetic.lv\/lv\/wp-json\/wp\/v2\/media\/36397"}],"wp:attachment":[{"href":"https:\/\/cosmetic.lv\/lv\/wp-json\/wp\/v2\/media?parent=33773"}],"wp:term":[{"taxonomy":"product_brand","embeddable":true,"href":"https:\/\/cosmetic.lv\/lv\/wp-json\/wp\/v2\/product_brand?post=33773"},{"taxonomy":"product_cat","embeddable":true,"href":"https:\/\/cosmetic.lv\/lv\/wp-json\/wp\/v2\/product_cat?post=33773"},{"taxonomy":"product_tag","embeddable":true,"href":"https:\/\/cosmetic.lv\/lv\/wp-json\/wp\/v2\/product_tag?post=33773"}],"curies":[{"name":"wp","href":"https:\/\/api.w.org\/{rel}","templated":true}]}}