{"id":33777,"date":"2021-02-05T22:36:02","date_gmt":"2021-02-06T17:44:28","guid":{"rendered":"https:\/\/damme.lv\/product\/ulun-gracija-teja-80g-4x20\/"},"modified":"2021-02-06T19:44:32","modified_gmt":"2021-02-06T17:44:32","slug":"ulun-gracija-teja-80g-4x20","status":"publish","type":"product","link":"https:\/\/cosmetic.lv\/lv\/product\/ulun-gracija-teja-80g-4x20\/","title":{"rendered":"Ulun gracija t\u0113ja 80g 4&#215;20"},"content":{"rendered":"<p><!DOCTYPE html PUBLIC &quot;-\/\/W3C\/\/DTD XHTML 1.0 Transitional\/\/EN&quot; &quot;http:\/\/www.w3.org\/TR\/xhtml1\/DTD\/xhtml1-transitional.dtd&quot;><br \/>\n<html><br \/>\n<head><br \/>\n<title>Untitled document<\/title><br \/>\n<\/head><br \/>\n<body><\/p>\n<pre id=&quot;tw-target-text&quot; style=&quot;text-align:left&quot; dir=&quot;ltr&quot;><span>Ikdienas t\u0113jas lieto&scaron;ana \u013caus cilv\u0113kam atkl\u0101t savu iek&scaron;\u0113jo un \u0101r\u0113jo skaistumu. &Scaron;\u012b t\u0113ja sast\u0101v no vair\u0101k\u0101m ret\u0101m oolong t\u0113jas, lotosa un plan&scaron;etes &scaron;\u0137irn\u0113m. Oolong t\u0113ja ir vesel\u012bgs dz\u0113riens ilgsto&scaron;ai lieto&scaron;anai bez jebk\u0101d\u0101m blakuspar\u0101d\u012bb\u0101m. Dz\u0113riens satur daudzas aminosk\u0101bes, vitam\u012bnus, k\u0101 ar\u012b ir pies\u0101tin\u0101ts ar retzemju elementiem, kas ir tik nepiecie&scaron;ami cilv\u0113ka \u0137ermenim.\nLieto&scaron;anas instrukcija: ielieciet vienu t\u0113jas maisi\u0146u kr\u016bz\u0113 un ielejiet 200 ml verdo&scaron;a \u016bdens, \u013caujiet tam uzv\u0101r\u012bties 10-15 min\u016btes. Ieteicams lietot p\u0113c \u0113&scaron;anas.\nSast\u0101vs: 80% Oolong t\u0113ja, lotosa s\u0113klas, plan&scaron;ete. Uzglab\u0101t v\u0113s\u0101, saus\u0101 viet\u0101.\nIzcelsmes valsts: \u0136TR.<\/span><\/pre>\n<p><\/body><br \/>\n<\/html><\/p>\n","protected":false},"excerpt":{"rendered":"<p>Untitled document Ikdienas t\u0113jas lieto&scaron;ana \u013caus cilv\u0113kam atkl\u0101t savu iek&scaron;\u0113jo un \u0101r\u0113jo skaistumu. &Scaron;\u012b t\u0113ja sast\u0101v no vair\u0101k\u0101m ret\u0101m oolong<\/p>\n","protected":false},"featured_media":40066,"template":"","meta":[],"product_brand":[],"product_cat":[2239,2254],"product_tag":[],"class_list":{"0":"post-33777","1":"product","2":"type-product","3":"status-publish","4":"has-post-thumbnail","6":"product_cat-uztura-bagatinataji-lv","7":"product_cat-tejas-ajurveda-tejas-lv","9":"first","10":"instock","11":"taxable","12":"shipping-taxable","13":"purchasable","14":"product-type-simple"},"yoast_head":"<!-- This site is optimized with the Yoast SEO Premium plugin v27.0 (Yoast SEO v27.0) - https:\/\/yoast.com\/product\/yoast-seo-premium-wordpress\/ -->\n<title>Ulun gracija t\u0113ja 80g 4x20 - cosmetic.lv<\/title>\n<meta name=\"robots\" content=\"index, follow, max-snippet:-1, max-image-preview:large, max-video-preview:-1\" \/>\n<link rel=\"canonical\" href=\"https:\/\/cosmetic.lv\/lv\/product\/ulun-gracija-teja-80g-4x20\/\" \/>\n<meta property=\"og:locale\" content=\"lv_LV\" \/>\n<meta property=\"og:type\" content=\"article\" \/>\n<meta property=\"og:title\" content=\"Ulun gracija t\u0113ja 80g 4x20\" \/>\n<meta property=\"og:description\" content=\"Untitled document Ikdienas t\u0113jas lieto&scaron;ana \u013caus cilv\u0113kam atkl\u0101t savu iek&scaron;\u0113jo un \u0101r\u0113jo skaistumu. &Scaron;\u012b t\u0113ja sast\u0101v no vair\u0101k\u0101m ret\u0101m oolong\" \/>\n<meta property=\"og:url\" content=\"https:\/\/cosmetic.lv\/lv\/product\/ulun-gracija-teja-80g-4x20\/\" \/>\n<meta property=\"og:site_name\" content=\"cosmetic.lv\" \/>\n<meta property=\"article:publisher\" content=\"https:\/\/www.facebook.com\/cosmetic.lv\/\" \/>\n<meta property=\"article:modified_time\" content=\"2021-02-06T17:44:32+00:00\" \/>\n<meta property=\"og:image\" content=\"https:\/\/cosmetic.lv\/wp-content\/uploads\/2021\/02\/oolong_tea-419ad91ae28cb39602338731bd2a24a4-600x600-1.jpg\" \/>\n\t<meta property=\"og:image:width\" content=\"600\" \/>\n\t<meta property=\"og:image:height\" content=\"600\" \/>\n\t<meta property=\"og:image:type\" content=\"image\/jpeg\" \/>\n<meta name=\"twitter:card\" content=\"summary_large_image\" \/>\n<script type=\"application\/ld+json\" class=\"yoast-schema-graph\">{\"@context\":\"https:\/\/schema.org\",\"@graph\":[{\"@type\":\"WebPage\",\"@id\":\"https:\/\/cosmetic.lv\/lv\/product\/ulun-gracija-teja-80g-4x20\/\",\"url\":\"https:\/\/cosmetic.lv\/lv\/product\/ulun-gracija-teja-80g-4x20\/\",\"name\":\"Ulun gracija t\u0113ja 80g 4x20 - cosmetic.lv\",\"isPartOf\":{\"@id\":\"https:\/\/cosmetic.lv\/lv\/#website\"},\"primaryImageOfPage\":{\"@id\":\"https:\/\/cosmetic.lv\/lv\/product\/ulun-gracija-teja-80g-4x20\/#primaryimage\"},\"image\":{\"@id\":\"https:\/\/cosmetic.lv\/lv\/product\/ulun-gracija-teja-80g-4x20\/#primaryimage\"},\"thumbnailUrl\":\"https:\/\/cosmetic.lv\/wp-content\/uploads\/2021\/02\/oolong_tea-419ad91ae28cb39602338731bd2a24a4-600x600-1.jpg\",\"datePublished\":\"2021-02-06T17:44:28+00:00\",\"dateModified\":\"2021-02-06T17:44:32+00:00\",\"breadcrumb\":{\"@id\":\"https:\/\/cosmetic.lv\/lv\/product\/ulun-gracija-teja-80g-4x20\/#breadcrumb\"},\"inLanguage\":\"lv-LV\",\"potentialAction\":[{\"@type\":\"ReadAction\",\"target\":[\"https:\/\/cosmetic.lv\/lv\/product\/ulun-gracija-teja-80g-4x20\/\"]}]},{\"@type\":\"ImageObject\",\"inLanguage\":\"lv-LV\",\"@id\":\"https:\/\/cosmetic.lv\/lv\/product\/ulun-gracija-teja-80g-4x20\/#primaryimage\",\"url\":\"https:\/\/cosmetic.lv\/wp-content\/uploads\/2021\/02\/oolong_tea-419ad91ae28cb39602338731bd2a24a4-600x600-1.jpg\",\"contentUrl\":\"https:\/\/cosmetic.lv\/wp-content\/uploads\/2021\/02\/oolong_tea-419ad91ae28cb39602338731bd2a24a4-600x600-1.jpg\",\"width\":600,\"height\":600},{\"@type\":\"BreadcrumbList\",\"@id\":\"https:\/\/cosmetic.lv\/lv\/product\/ulun-gracija-teja-80g-4x20\/#breadcrumb\",\"itemListElement\":[{\"@type\":\"ListItem\",\"position\":1,\"name\":\"Home\",\"item\":\"https:\/\/cosmetic.lv\/lv\/\"},{\"@type\":\"ListItem\",\"position\":2,\"name\":\"Veikals\",\"item\":\"https:\/\/cosmetic.lv\/lv\/veiklas\/\"},{\"@type\":\"ListItem\",\"position\":3,\"name\":\"Ulun gracija t\u0113ja 80g 4&#215;20\"}]},{\"@type\":\"WebSite\",\"@id\":\"https:\/\/cosmetic.lv\/lv\/#website\",\"url\":\"https:\/\/cosmetic.lv\/lv\/\",\"name\":\"cosmetic.lv\",\"description\":\"Profesion\u0101la kosm\u0113tika - Maria Galland, Keune, Arkadija, GMT, Guam, Magiray\",\"publisher\":{\"@id\":\"https:\/\/cosmetic.lv\/lv\/#organization\"},\"potentialAction\":[{\"@type\":\"SearchAction\",\"target\":{\"@type\":\"EntryPoint\",\"urlTemplate\":\"https:\/\/cosmetic.lv\/lv\/?s={search_term_string}\"},\"query-input\":{\"@type\":\"PropertyValueSpecification\",\"valueRequired\":true,\"valueName\":\"search_term_string\"}}],\"inLanguage\":\"lv-LV\"},{\"@type\":\"Organization\",\"@id\":\"https:\/\/cosmetic.lv\/lv\/#organization\",\"name\":\"COSMETIC.LV\",\"url\":\"https:\/\/cosmetic.lv\/lv\/\",\"logo\":{\"@type\":\"ImageObject\",\"inLanguage\":\"lv-LV\",\"@id\":\"https:\/\/cosmetic.lv\/lv\/#\/schema\/logo\/image\/\",\"url\":\"https:\/\/cosmetic.lv\/wp-content\/uploads\/2021\/02\/cosmetic.lv_logo.jpg\",\"contentUrl\":\"https:\/\/cosmetic.lv\/wp-content\/uploads\/2021\/02\/cosmetic.lv_logo.jpg\",\"width\":596,\"height\":196,\"caption\":\"COSMETIC.LV\"},\"image\":{\"@id\":\"https:\/\/cosmetic.lv\/lv\/#\/schema\/logo\/image\/\"},\"sameAs\":[\"https:\/\/www.facebook.com\/cosmetic.lv\/\"]}]}<\/script>\n<meta property=\"product:price:amount\" content=\"6.90\" \/>\n<meta property=\"product:price:currency\" content=\"EUR\" \/>\n<meta property=\"og:availability\" content=\"instock\" \/>\n<meta property=\"product:availability\" content=\"instock\" \/>\n<meta property=\"product:retailer_item_id\" content=\"ulun\" \/>\n<meta property=\"product:condition\" content=\"new\" \/>\n<!-- \/ Yoast SEO Premium plugin. -->","yoast_head_json":{"title":"Ulun gracija t\u0113ja 80g 4x20 - cosmetic.lv","robots":{"index":"index","follow":"follow","max-snippet":"max-snippet:-1","max-image-preview":"max-image-preview:large","max-video-preview":"max-video-preview:-1"},"canonical":"https:\/\/cosmetic.lv\/lv\/product\/ulun-gracija-teja-80g-4x20\/","og_locale":"lv_LV","og_type":"article","og_title":"Ulun gracija t\u0113ja 80g 4x20","og_description":"Untitled document Ikdienas t\u0113jas lieto&scaron;ana \u013caus cilv\u0113kam atkl\u0101t savu iek&scaron;\u0113jo un \u0101r\u0113jo skaistumu. &Scaron;\u012b t\u0113ja sast\u0101v no vair\u0101k\u0101m ret\u0101m oolong","og_url":"https:\/\/cosmetic.lv\/lv\/product\/ulun-gracija-teja-80g-4x20\/","og_site_name":"cosmetic.lv","article_publisher":"https:\/\/www.facebook.com\/cosmetic.lv\/","article_modified_time":"2021-02-06T17:44:32+00:00","og_image":[{"width":600,"height":600,"url":"https:\/\/cosmetic.lv\/wp-content\/uploads\/2021\/02\/oolong_tea-419ad91ae28cb39602338731bd2a24a4-600x600-1.jpg","type":"image\/jpeg"}],"twitter_card":"summary_large_image","schema":{"@context":"https:\/\/schema.org","@graph":[{"@type":"WebPage","@id":"https:\/\/cosmetic.lv\/lv\/product\/ulun-gracija-teja-80g-4x20\/","url":"https:\/\/cosmetic.lv\/lv\/product\/ulun-gracija-teja-80g-4x20\/","name":"Ulun gracija t\u0113ja 80g 4x20 - cosmetic.lv","isPartOf":{"@id":"https:\/\/cosmetic.lv\/lv\/#website"},"primaryImageOfPage":{"@id":"https:\/\/cosmetic.lv\/lv\/product\/ulun-gracija-teja-80g-4x20\/#primaryimage"},"image":{"@id":"https:\/\/cosmetic.lv\/lv\/product\/ulun-gracija-teja-80g-4x20\/#primaryimage"},"thumbnailUrl":"https:\/\/cosmetic.lv\/wp-content\/uploads\/2021\/02\/oolong_tea-419ad91ae28cb39602338731bd2a24a4-600x600-1.jpg","datePublished":"2021-02-06T17:44:28+00:00","dateModified":"2021-02-06T17:44:32+00:00","breadcrumb":{"@id":"https:\/\/cosmetic.lv\/lv\/product\/ulun-gracija-teja-80g-4x20\/#breadcrumb"},"inLanguage":"lv-LV","potentialAction":[{"@type":"ReadAction","target":["https:\/\/cosmetic.lv\/lv\/product\/ulun-gracija-teja-80g-4x20\/"]}]},{"@type":"ImageObject","inLanguage":"lv-LV","@id":"https:\/\/cosmetic.lv\/lv\/product\/ulun-gracija-teja-80g-4x20\/#primaryimage","url":"https:\/\/cosmetic.lv\/wp-content\/uploads\/2021\/02\/oolong_tea-419ad91ae28cb39602338731bd2a24a4-600x600-1.jpg","contentUrl":"https:\/\/cosmetic.lv\/wp-content\/uploads\/2021\/02\/oolong_tea-419ad91ae28cb39602338731bd2a24a4-600x600-1.jpg","width":600,"height":600},{"@type":"BreadcrumbList","@id":"https:\/\/cosmetic.lv\/lv\/product\/ulun-gracija-teja-80g-4x20\/#breadcrumb","itemListElement":[{"@type":"ListItem","position":1,"name":"Home","item":"https:\/\/cosmetic.lv\/lv\/"},{"@type":"ListItem","position":2,"name":"Veikals","item":"https:\/\/cosmetic.lv\/lv\/veiklas\/"},{"@type":"ListItem","position":3,"name":"Ulun gracija t\u0113ja 80g 4&#215;20"}]},{"@type":"WebSite","@id":"https:\/\/cosmetic.lv\/lv\/#website","url":"https:\/\/cosmetic.lv\/lv\/","name":"cosmetic.lv","description":"Profesion\u0101la kosm\u0113tika - Maria Galland, Keune, Arkadija, GMT, Guam, Magiray","publisher":{"@id":"https:\/\/cosmetic.lv\/lv\/#organization"},"potentialAction":[{"@type":"SearchAction","target":{"@type":"EntryPoint","urlTemplate":"https:\/\/cosmetic.lv\/lv\/?s={search_term_string}"},"query-input":{"@type":"PropertyValueSpecification","valueRequired":true,"valueName":"search_term_string"}}],"inLanguage":"lv-LV"},{"@type":"Organization","@id":"https:\/\/cosmetic.lv\/lv\/#organization","name":"COSMETIC.LV","url":"https:\/\/cosmetic.lv\/lv\/","logo":{"@type":"ImageObject","inLanguage":"lv-LV","@id":"https:\/\/cosmetic.lv\/lv\/#\/schema\/logo\/image\/","url":"https:\/\/cosmetic.lv\/wp-content\/uploads\/2021\/02\/cosmetic.lv_logo.jpg","contentUrl":"https:\/\/cosmetic.lv\/wp-content\/uploads\/2021\/02\/cosmetic.lv_logo.jpg","width":596,"height":196,"caption":"COSMETIC.LV"},"image":{"@id":"https:\/\/cosmetic.lv\/lv\/#\/schema\/logo\/image\/"},"sameAs":["https:\/\/www.facebook.com\/cosmetic.lv\/"]}]},"product_price_amount":"6.90","product_price_currency":"EUR","og_availability":"instock","product_availability":"instock","product_retailer_item_id":"ulun","product_condition":"new"},"_links":{"self":[{"href":"https:\/\/cosmetic.lv\/lv\/wp-json\/wp\/v2\/product\/33777","targetHints":{"allow":["GET"]}}],"collection":[{"href":"https:\/\/cosmetic.lv\/lv\/wp-json\/wp\/v2\/product"}],"about":[{"href":"https:\/\/cosmetic.lv\/lv\/wp-json\/wp\/v2\/types\/product"}],"wp:featuredmedia":[{"embeddable":true,"href":"https:\/\/cosmetic.lv\/lv\/wp-json\/wp\/v2\/media\/40066"}],"wp:attachment":[{"href":"https:\/\/cosmetic.lv\/lv\/wp-json\/wp\/v2\/media?parent=33777"}],"wp:term":[{"taxonomy":"product_brand","embeddable":true,"href":"https:\/\/cosmetic.lv\/lv\/wp-json\/wp\/v2\/product_brand?post=33777"},{"taxonomy":"product_cat","embeddable":true,"href":"https:\/\/cosmetic.lv\/lv\/wp-json\/wp\/v2\/product_cat?post=33777"},{"taxonomy":"product_tag","embeddable":true,"href":"https:\/\/cosmetic.lv\/lv\/wp-json\/wp\/v2\/product_tag?post=33777"}],"curies":[{"name":"wp","href":"https:\/\/api.w.org\/{rel}","templated":true}]}}