{"id":33781,"date":"2021-02-05T22:36:02","date_gmt":"2021-02-06T17:44:28","guid":{"rendered":"https:\/\/damme.lv\/product\/14-mm-naturalie-akmeni-rokasspradze-melns-ahats-un-tiger-acs-pret-launumu-nepatiksanam\/"},"modified":"2021-02-06T19:44:34","modified_gmt":"2021-02-06T17:44:34","slug":"14-mm-naturalie-akmeni-rokasspradze-melns-ahats-un-tiger-acs-pret-launumu-nepatiksanam","status":"publish","type":"product","link":"https:\/\/cosmetic.lv\/lv\/product\/14-mm-naturalie-akmeni-rokasspradze-melns-ahats-un-tiger-acs-pret-launumu-nepatiksanam\/","title":{"rendered":"14 mm Natur\u0101lie akme\u0146i rokasspr\u0101dze melns ah\u0101ts un t\u012bger acs pret \u013caunumu, nepatik\u0161an\u0101m"},"content":{"rendered":"<p><!DOCTYPE html PUBLIC &quot;-\/\/W3C\/\/DTD XHTML 1.0 Transitional\/\/EN&quot; &quot;http:\/\/www.w3.org\/TR\/xhtml1\/DTD\/xhtml1-transitional.dtd&quot;><br \/>\n<html><br \/>\n<head><br \/>\n<title>Untitled document<\/title><br \/>\n<\/head><br \/>\n<body><\/p>\n<p>Litoterapevti apgalvo, ka ah\u0101ts ir sp\u0113j\u012bgs pal\u012bdz\u0113t sav\u0113jam  \u012bpa&scaron;niekam  tikt gal\u0101 ar daudz\u0101m kait\u0113m. Vajag tikai vi\u0146u pareizi n\u0113s\u0101t.  agats  Piem\u0113ram, pie savil\u010du klepus, ang\u012bnai vi\u0146u n\u0113s\u0101 kre\u013c\u013cu veid\u0101,  pie  at&scaron;\u0137ir\u012bgu zobu saslim&scaron;anu &mdash; auskaru veid\u0101. Pie podagras, loc\u012btavu   slim\u012bbas uzvelk ah\u0101tu aproces. Gredzenu ar ah\u0101tu zelt\u0101 n\u0113s\u0101 uz kreisas   rokas tie, kas cie&scaron; ar sirds saslim&scaron;an\u0101m; uz labas rokas vid\u0113ja pirksta &mdash;   \u013caudis, kas ir sliec\u012bgi pie hist\u0113ri\u0137iem, cie&scaron; no bezmiega un   nepamatot\u0101m bail\u0113m. Ah\u0101tu bro&scaron;a pal\u012bdz atbr\u012bvoties no t\u0101d\u0101m kait\u0113m, k\u0101   astma, plau&scaron;u iekaisums, bronh\u012bti.  Sen\u0101 \u0112\u0123ipt\u0113 ar ah\u0101tu izstr\u0101d\u0101jumu  pal\u012bdz\u012bbu \u013caudis aizsarg\u0101j\u0101s no  negaisa. Ce\u013cot\u0101ji, \u012bpa&scaron;i tie, kam vajag  krustot tuksnesi, s\u016bk\u0101ja  nelielas plates no &scaron;\u0101 akmens, kad tos s\u0101ka  moc\u012bt sl\u0101pes. Romas velt\u012bja  &scaron;o miner\u0101lu d\u0101rzkop\u012bbas Pomone dievietei un  augu iest\u0101d\u012b&scaron;anas laik\u0101  aizraka zem\u0113 mazas bumbi\u0146as, kas ir izvirpotas  no ah\u0101ta. Skait\u012bj\u0101s, ka  ah\u0101ts pal\u012bdz saglab\u0101t uztic\u012bbu m\u012bl\u0113t\u0101jiem,  t\u0101d\u0113\u013c tie pirms &scaron;\u0137ir&scaron;an\u0101s  samain\u012bj\u0101s ar gredzeniem ar ah\u0101tu. Ah\u0101tam  bija pied\u0113v\u0113jamas \u012bpa&scaron;\u012bbas  uzlabot \u012bpa&scaron;nieka redzi, padar\u012bt vi\u0146u  dai\u013crun\u012bgu, t\u0101lredz\u012bgu, pat  gai&scaron;redz\u012bgu. Vair\u0101k par visu ah\u0101ts piest\u0101v  \u013caud\u012bm, kas ir dzimu&scaron;i zem  V\u0113r&scaron;a z\u012bmes. Tiem vajag n\u0113s\u0101t &scaron;o akmeni varu  ietvar\u0101. Zelt\u0101 vai sudrab\u0101  ah\u0101tu var n\u0113s\u0101t ar\u012b \u013caudis, kas ir dzimu&scaron;i  zem V\u0113\u017ea, \u016adensv\u012bra, Svaru  z\u012bm\u0113m. Zivis ar\u012b var n\u0113s\u0101t &scaron;o akmeni, ja  uz\u0123\u0113rbs rot\u0101jumu ne bie\u017e\u0101k k\u0101  vienu reizi ned\u0113\u013c\u0101. Ir piln\u012bgi aizliegts  &scaron;is akmens Str\u0113lniekiem un  Auniem &mdash; vi\u0146&scaron; kairina un kaitina &scaron;os \u013caudis,  ienes to dz\u012bv\u0113 ros\u012bbu un  paniku, padara tos niec\u012bgus apk\u0101rt\u0113ju ac\u012bs.  Tulkojuma autore: Diana  Vostrjakova.  Litoterapevti apgalvo, ka ah\u0101ts  ir sp\u0113j\u012bgs pal\u012bdz\u0113t sav\u0113jam \u012bpa&scaron;niekam  tikt gal\u0101 ar daudz\u0101m kait\u0113m.  Vajag tikai vi\u0146u pareizi n\u0113s\u0101t. agats  Piem\u0113ram, pie savil\u010du klepus,  ang\u012bnai vi\u0146u n\u0113s\u0101 kre\u013c\u013cu veid\u0101, pie  at&scaron;\u0137ir\u012bgu zobu saslim&scaron;anu &mdash; auskaru  veid\u0101. Pie podagras, loc\u012btavu  slim\u012bbas uzvelk ah\u0101tu aproces. Gredzenu  ar ah\u0101tu zelt\u0101 n\u0113s\u0101 uz kreisas  rokas tie, kas cie&scaron; ar sirds  saslim&scaron;an\u0101m; uz labas rokas vid\u0113ja pirksta &mdash;  \u013caudis, kas ir sliec\u012bgi  pie hist\u0113ri\u0137iem, cie&scaron; no bezmiega un  nepamatot\u0101m bail\u0113m. Ah\u0101tu bro&scaron;a  pal\u012bdz atbr\u012bvoties no t\u0101d\u0101m kait\u0113m, k\u0101  astma, plau&scaron;u iekaisums,  bronh\u012bti.  Sen\u0101 \u0112\u0123ipt\u0113 ar ah\u0101tu izstr\u0101d\u0101jumu pal\u012bdz\u012bbu \u013caudis  aizsarg\u0101j\u0101s no  negaisa. Ce\u013cot\u0101ji, \u012bpa&scaron;i tie, kam vajag krustot  tuksnesi, s\u016bk\u0101ja  nelielas plates no &scaron;\u0101 akmens, kad tos s\u0101ka moc\u012bt  sl\u0101pes. Romas velt\u012bja  &scaron;o miner\u0101lu d\u0101rzkop\u012bbas Pomone dievietei un augu  iest\u0101d\u012b&scaron;anas laik\u0101  aizraka zem\u0113 mazas bumbi\u0146as, kas ir izvirpotas no  ah\u0101ta. Skait\u012bj\u0101s, ka  ah\u0101ts pal\u012bdz saglab\u0101t uztic\u012bbu m\u012bl\u0113t\u0101jiem, t\u0101d\u0113\u013c  tie pirms &scaron;\u0137ir&scaron;an\u0101s  samain\u012bj\u0101s ar gredzeniem ar ah\u0101tu. Ah\u0101tam bija  pied\u0113v\u0113jamas \u012bpa&scaron;\u012bbas  uzlabot \u012bpa&scaron;nieka redzi, padar\u012bt vi\u0146u dai\u013crun\u012bgu,  t\u0101lredz\u012bgu, pat  gai&scaron;redz\u012bgu. Vair\u0101k par visu ah\u0101ts piest\u0101v \u013caud\u012bm, kas  ir dzimu&scaron;i zem  V\u0113r&scaron;a z\u012bmes. Tiem vajag n\u0113s\u0101t &scaron;o akmeni varu ietvar\u0101.  Zelt\u0101 vai sudrab\u0101  ah\u0101tu var n\u0113s\u0101t ar\u012b \u013caudis, kas ir dzimu&scaron;i zem V\u0113\u017ea,  \u016adensv\u012bra, Svaru  z\u012bm\u0113m. Zivis ar\u012b var n\u0113s\u0101t &scaron;o akmeni, ja uz\u0123\u0113rbs  rot\u0101jumu ne bie\u017e\u0101k k\u0101  vienu reizi ned\u0113\u013c\u0101. Ir piln\u012bgi aizliegts &scaron;is  akmens Str\u0113lniekiem un  Auniem &mdash; vi\u0146&scaron; kairina un kaitina &scaron;os \u013caudis,  ienes to dz\u012bv\u0113 ros\u012bbu un  paniku, padara tos niec\u012bgus apk\u0101rt\u0113ju ac\u012bs.  Tulkojuma autore: Diana  Vostrjakova.<\/p>\n<p>14 mm Rokasspr\u0101dze natur\u0101lie akme\u0146i t\u012bgeracss &#8211; nodro&scaron;ina labu miegu,   pret depresiju un melns ah\u0101t (2 akme\u0146i)  T\u012b\u0123eracs nes sp\u0113c\u012bgu v\u012bri&scaron;\u0137o  ener\u0123iju. Saist\u012bta ar saules pinuma \u010dakru,  person\u012bgo sp\u0113ku un  gribassp\u0113ku. Pal\u012bdz s\u0101p\u012bg\u0101s situ\u0101cij\u0101s &ndash; gan  emocion\u0101l\u0101s, gan fizisk\u0101s.  Aizsardz\u012bbas akmens, pasarg\u0101 auru no  negat\u012bv\u0101s ietekmes, nes veiksmi.  Stimul\u0113 Kundalini ener\u0123ijas pacel&scaron;anos,  ce\u013c optimismu. Lielisks  medit\u0101cijas, bag\u0101t\u012bbas un labkl\u0101j\u012bbas akmens.  Pal\u012bdz k\u013c\u016bt gar\u012bgi  t\u012br\u0101kam un &lsquo;&rsquo;uzl\u0101d\u0113 &lsquo;&rsquo; intelektu. Labi mazina  izsvaid\u012btas ener\u0123ijas,  kad j\u016btaties iztuk&scaron;ots vai nenopietns. Pal\u012bdz  iezem\u0113ties. Var  pastiprin\u0101t intuit\u012bv\u0101s sp\u0113jas. Mazina bailes, piem\u0113ram,  pirms eks\u0101mena.  Pal\u012bdz gremo&scaron;anas sist\u0113mai (tai skait\u0101 akn\u0101m un  \u017eultsp\u016bslim), acu,  kakla un reprodukt\u012bv\u0101s sist\u0113mas trauc\u0113jumu gad\u012bjum\u0101.  Stiprina  mugurkaulu, nomierina nervus, mazina s\u0101pes, letar\u0123iju, uzlabo  redzi,  vielmai\u0146u, koncentr\u0113&scaron;an\u0101s sp\u0113jas. Pal\u012bdz \u0101rst\u0113t psori\u0101zi,  bezmiegu,  hronisku depresiju, aknas, loc\u012btavu iekaisumus. Var pal\u012bdz\u0113t  atvieglot  bronhi\u0101l\u0101s astmas l\u0113kmes, normaliz\u0113 asinsspiedienu.  Kombin\u0101cij\u0101 ar  serpent\u012bnu atvieglo Kundalini ener\u0123ijas pacel&scaron;anos. Var  kombin\u0113t ar  \u010daro\u012btu, malah\u012btu, serafin\u012btu, sarkano ja&scaron;mu (ener\u0123ijas labi  sajaucas)  un moldav\u012btu. Tautas medic\u012bn\u0101 t\u012b\u0123eraci uzskata par br\u012bni&scaron;\u0137\u012bgu  l\u012bdzekli  organisma rehabilit\u0101cijai p\u0113c smag\u0101m un sarez\u0123\u012bt\u0101m oper\u0101cij\u0101m.  Da\u017e\u0101s  valst\u012bs dziednieki iesaka nes\u0101t t\u012bgeracs rotas da\u017e\u0101du slim\u012bbu   profilaksei. Past\u0101v uzskats, ka &scaron;is akmens pazemina asinsspiedienu,   normaliz\u0113 miegu, atbr\u012bvo no bezmiega un nakts murgiem. Litoterapeiti   uzskata, ka novietojot t\u012b\u0123eraci br\u016bces viet\u0101 var iev\u0113rojami \u0101tr\u0101k   iz\u0101rst\u0113t psori\u0101zu. Past\u0101v uzskats, ka &scaron;is miner\u0101lis atvieglo bronhi\u0101las   astmas l\u0113kmes. Tautas dziednieki da\u017ereiz pielieto t\u012b\u0123eraci loc\u012btavu   iekaisuma \u0101rst\u0113&scaron;anai. Litoterapevti apgalvo, ka ah\u0101ts ir sp\u0113j\u012bgs   pal\u012bdz\u0113t sav\u0113jam \u012bpa&scaron;niekam tikt gal\u0101 ar daudz\u0101m kait\u0113m. Vajag tikai   vi\u0146u pareizi n\u0113s\u0101t. agats Piem\u0113ram, pie savil\u010du klepus, ang\u012bnai vi\u0146u   n\u0113s\u0101 kre\u013c\u013cu veid\u0101, pie at&scaron;\u0137ir\u012bgu zobu saslim&scaron;anu &mdash; auskaru veid\u0101. Pie   podagras, loc\u012btavu slim\u012bbas uzvelk ah\u0101tu aproces. Gredzenu ar ah\u0101tu   zelt\u0101 n\u0113s\u0101 uz kreisas rokas tie, kas cie&scaron; ar sirds saslim&scaron;an\u0101m; uz labas   rokas vid\u0113ja pirksta &mdash; \u013caudis, kas ir sliec\u012bgi pie hist\u0113ri\u0137iem, cie&scaron;  no  bezmiega un nepamatot\u0101m bail\u0113m. Ah\u0101tu bro&scaron;a pal\u012bdz atbr\u012bvoties no  t\u0101d\u0101m  kait\u0113m, k\u0101 astma, plau&scaron;u iekaisums, bronh\u012bti. Sen\u0101 \u0112\u0123ipt\u0113 ar  ah\u0101tu  izstr\u0101d\u0101jumu pal\u012bdz\u012bbu \u013caudis aizsarg\u0101j\u0101s no negaisa. Ce\u013cot\u0101ji,  \u012bpa&scaron;i  tie, kam vajag krustot tuksnesi, s\u016bk\u0101ja nelielas plates no &scaron;\u0101  akmens,  kad tos s\u0101ka moc\u012bt sl\u0101pes. Romas velt\u012bja &scaron;o miner\u0101lu  d\u0101rzkop\u012bbas Pomone  dievietei un augu iest\u0101d\u012b&scaron;anas laik\u0101 aizraka zem\u0113  mazas bumbi\u0146as, kas ir  izvirpotas no ah\u0101ta. Skait\u012bj\u0101s, ka ah\u0101ts pal\u012bdz  saglab\u0101t uztic\u012bbu  m\u012bl\u0113t\u0101jiem, t\u0101d\u0113\u013c tie pirms &scaron;\u0137ir&scaron;an\u0101s samain\u012bj\u0101s ar  gredzeniem ar ah\u0101tu.  Ah\u0101tam bija pied\u0113v\u0113jamas \u012bpa&scaron;\u012bbas uzlabot  \u012bpa&scaron;nieka redzi, padar\u012bt vi\u0146u  dai\u013crun\u012bgu, t\u0101lredz\u012bgu, pat gai&scaron;redz\u012bgu.  Vair\u0101k par visu ah\u0101ts piest\u0101v  \u013caud\u012bm, kas ir dzimu&scaron;i zem V\u0113r&scaron;a z\u012bmes.  Tiem vajag n\u0113s\u0101t &scaron;o akmeni varu  ietvar\u0101. Zelt\u0101 vai sudrab\u0101 ah\u0101tu var  n\u0113s\u0101t ar\u012b \u013caudis, kas ir dzimu&scaron;i  zem V\u0113\u017ea, \u016adensv\u012bra, Svaru z\u012bm\u0113m.  Zivis ar\u012b var n\u0113s\u0101t &scaron;o akmeni, ja  uz\u0123\u0113rbs rot\u0101jumu ne bie\u017e\u0101k k\u0101 vienu  reizi ned\u0113\u013c\u0101. Ir piln\u012bgi aizliegts  &scaron;is akmens Str\u0113lniekiem un Auniem &mdash;  vi\u0146&scaron; kairina un kaitina &scaron;os \u013caudis,  ienes to dz\u012bv\u0113 ros\u012bbu un paniku,  padara tos niec\u012bgus apk\u0101rt\u0113ju ac\u012bs.  Tulkojuma autore: Diana  Vostrjakova. Litoterapevti apgalvo, ka ah\u0101ts ir  sp\u0113j\u012bgs pal\u012bdz\u0113t  sav\u0113jam \u012bpa&scaron;niekam tikt gal\u0101 ar daudz\u0101m kait\u0113m. Vajag  tikai vi\u0146u  pareizi n\u0113s\u0101t. agats Piem\u0113ram, pie savil\u010du klepus, ang\u012bnai  vi\u0146u n\u0113s\u0101  kre\u013c\u013cu veid\u0101, pie at&scaron;\u0137ir\u012bgu zobu saslim&scaron;anu &mdash; auskaru veid\u0101.  Pie  podagras, loc\u012btavu slim\u012bbas uzvelk ah\u0101tu aproces. Gredzenu ar ah\u0101tu   zelt\u0101 n\u0113s\u0101 uz kreisas rokas tie, kas cie&scaron; ar sirds saslim&scaron;an\u0101m; uz labas   rokas vid\u0113ja pirksta &mdash; \u013caudis, kas ir sliec\u012bgi pie hist\u0113ri\u0137iem, cie&scaron;  no  bezmiega un nepamatot\u0101m bail\u0113m. Ah\u0101tu bro&scaron;a pal\u012bdz atbr\u012bvoties no  t\u0101d\u0101m  kait\u0113m, k\u0101 astma, plau&scaron;u iekaisums, bronh\u012bti. Sen\u0101 \u0112\u0123ipt\u0113 ar  ah\u0101tu  izstr\u0101d\u0101jumu pal\u012bdz\u012bbu \u013caudis aizsarg\u0101j\u0101s no negaisa. Ce\u013cot\u0101ji,  \u012bpa&scaron;i  tie, kam vajag krustot tuksnesi, s\u016bk\u0101ja nelielas plates no &scaron;\u0101  akmens,  kad tos s\u0101ka moc\u012bt sl\u0101pes. Romas velt\u012bja &scaron;o miner\u0101lu  d\u0101rzkop\u012bbas Pomone  dievietei un augu iest\u0101d\u012b&scaron;anas laik\u0101 aizraka zem\u0113  mazas bumbi\u0146as, kas ir  izvirpotas no ah\u0101ta. Skait\u012bj\u0101s, ka ah\u0101ts pal\u012bdz  saglab\u0101t uztic\u012bbu  m\u012bl\u0113t\u0101jiem, t\u0101d\u0113\u013c tie pirms &scaron;\u0137ir&scaron;an\u0101s samain\u012bj\u0101s ar  gredzeniem ar ah\u0101tu.  Ah\u0101tam bija pied\u0113v\u0113jamas \u012bpa&scaron;\u012bbas uzlabot  \u012bpa&scaron;nieka redzi, padar\u012bt vi\u0146u  dai\u013crun\u012bgu, t\u0101lredz\u012bgu, pat gai&scaron;redz\u012bgu.  Vair\u0101k par visu ah\u0101ts piest\u0101v  \u013caud\u012bm, kas ir dzimu&scaron;i zem V\u0113r&scaron;a z\u012bmes.  Tiem vajag n\u0113s\u0101t &scaron;o akmeni varu  ietvar\u0101. Zelt\u0101 vai sudrab\u0101 ah\u0101tu var  n\u0113s\u0101t ar\u012b \u013caudis, kas ir dzimu&scaron;i  zem V\u0113\u017ea, \u016adensv\u012bra, Svaru z\u012bm\u0113m.  Zivis ar\u012b var n\u0113s\u0101t &scaron;o akmeni, ja  uz\u0123\u0113rbs rot\u0101jumu ne bie\u017e\u0101k k\u0101 vienu  reizi ned\u0113\u013c\u0101. Ir piln\u012bgi aizliegts  &scaron;is akmens Str\u0113lniekiem un Auniem &mdash;  vi\u0146&scaron; kairina un kaitina &scaron;os \u013caudis,  ienes to dz\u012bv\u0113 ros\u012bbu un paniku,  padara tos niec\u012bgus apk\u0101rt\u0113ju ac\u012bs.<\/p>\n<\/p>\n<p><\/body><br \/>\n<\/html><\/p>\n","protected":false},"excerpt":{"rendered":"<p>Untitled document Litoterapevti apgalvo, ka ah\u0101ts ir sp\u0113j\u012bgs pal\u012bdz\u0113t sav\u0113jam \u012bpa&scaron;niekam tikt gal\u0101 ar daudz\u0101m kait\u0113m. Vajag tikai vi\u0146u pareizi<\/p>\n","protected":false},"featured_media":8034,"template":"","meta":[],"product_brand":[],"product_cat":[2293,2294],"product_tag":[],"class_list":{"0":"post-33781","1":"product","2":"type-product","3":"status-publish","4":"has-post-thumbnail","6":"product_cat-dabiskie-akmeni-rokasspradzess-auskari-gredzeni-lv","7":"product_cat-rokasspradzes-lv-lv-2","9":"first","10":"instock","11":"taxable","12":"shipping-taxable","13":"purchasable","14":"product-type-simple"},"yoast_head":"<!-- This site is optimized with the Yoast SEO Premium plugin v27.0 (Yoast SEO v27.0) - https:\/\/yoast.com\/product\/yoast-seo-premium-wordpress\/ -->\n<title>14 mm Natur\u0101lie akme\u0146i rokasspr\u0101dze melns ah\u0101ts un t\u012bger acs pret \u013caunumu, nepatik\u0161an\u0101m - cosmetic.lv<\/title>\n<meta name=\"robots\" content=\"index, follow, max-snippet:-1, max-image-preview:large, max-video-preview:-1\" \/>\n<link rel=\"canonical\" href=\"https:\/\/cosmetic.lv\/lv\/product\/14-mm-naturalie-akmeni-rokasspradze-melns-ahats-un-tiger-acs-pret-launumu-nepatiksanam\/\" \/>\n<meta property=\"og:locale\" content=\"lv_LV\" \/>\n<meta property=\"og:type\" content=\"article\" \/>\n<meta property=\"og:title\" content=\"14 mm Natur\u0101lie akme\u0146i rokasspr\u0101dze melns ah\u0101ts un t\u012bger acs pret \u013caunumu, nepatik\u0161an\u0101m\" \/>\n<meta property=\"og:description\" content=\"Untitled document Litoterapevti apgalvo, ka ah\u0101ts ir sp\u0113j\u012bgs pal\u012bdz\u0113t sav\u0113jam \u012bpa&scaron;niekam tikt gal\u0101 ar daudz\u0101m kait\u0113m. Vajag tikai vi\u0146u pareizi\" \/>\n<meta property=\"og:url\" content=\"https:\/\/cosmetic.lv\/lv\/product\/14-mm-naturalie-akmeni-rokasspradze-melns-ahats-un-tiger-acs-pret-launumu-nepatiksanam\/\" \/>\n<meta property=\"og:site_name\" content=\"cosmetic.lv\" \/>\n<meta property=\"article:publisher\" content=\"https:\/\/www.facebook.com\/cosmetic.lv\/\" \/>\n<meta property=\"article:modified_time\" content=\"2021-02-06T17:44:34+00:00\" \/>\n<meta property=\"og:image\" content=\"https:\/\/cosmetic.lv\/wp-content\/uploads\/2021\/02\/20201218_1324111.jpg\" \/>\n\t<meta property=\"og:image:width\" content=\"800\" \/>\n\t<meta property=\"og:image:height\" content=\"450\" \/>\n\t<meta property=\"og:image:type\" content=\"image\/jpeg\" \/>\n<meta name=\"twitter:card\" content=\"summary_large_image\" \/>\n<script type=\"application\/ld+json\" class=\"yoast-schema-graph\">{\"@context\":\"https:\/\/schema.org\",\"@graph\":[{\"@type\":\"WebPage\",\"@id\":\"https:\/\/cosmetic.lv\/lv\/product\/14-mm-naturalie-akmeni-rokasspradze-melns-ahats-un-tiger-acs-pret-launumu-nepatiksanam\/\",\"url\":\"https:\/\/cosmetic.lv\/lv\/product\/14-mm-naturalie-akmeni-rokasspradze-melns-ahats-un-tiger-acs-pret-launumu-nepatiksanam\/\",\"name\":\"14 mm Natur\u0101lie akme\u0146i rokasspr\u0101dze melns ah\u0101ts un t\u012bger acs pret \u013caunumu, nepatik\u0161an\u0101m - cosmetic.lv\",\"isPartOf\":{\"@id\":\"https:\/\/cosmetic.lv\/lv\/#website\"},\"primaryImageOfPage\":{\"@id\":\"https:\/\/cosmetic.lv\/lv\/product\/14-mm-naturalie-akmeni-rokasspradze-melns-ahats-un-tiger-acs-pret-launumu-nepatiksanam\/#primaryimage\"},\"image\":{\"@id\":\"https:\/\/cosmetic.lv\/lv\/product\/14-mm-naturalie-akmeni-rokasspradze-melns-ahats-un-tiger-acs-pret-launumu-nepatiksanam\/#primaryimage\"},\"thumbnailUrl\":\"https:\/\/cosmetic.lv\/wp-content\/uploads\/2021\/02\/20201218_1324111.jpg\",\"datePublished\":\"2021-02-06T17:44:28+00:00\",\"dateModified\":\"2021-02-06T17:44:34+00:00\",\"breadcrumb\":{\"@id\":\"https:\/\/cosmetic.lv\/lv\/product\/14-mm-naturalie-akmeni-rokasspradze-melns-ahats-un-tiger-acs-pret-launumu-nepatiksanam\/#breadcrumb\"},\"inLanguage\":\"lv-LV\",\"potentialAction\":[{\"@type\":\"ReadAction\",\"target\":[\"https:\/\/cosmetic.lv\/lv\/product\/14-mm-naturalie-akmeni-rokasspradze-melns-ahats-un-tiger-acs-pret-launumu-nepatiksanam\/\"]}]},{\"@type\":\"ImageObject\",\"inLanguage\":\"lv-LV\",\"@id\":\"https:\/\/cosmetic.lv\/lv\/product\/14-mm-naturalie-akmeni-rokasspradze-melns-ahats-un-tiger-acs-pret-launumu-nepatiksanam\/#primaryimage\",\"url\":\"https:\/\/cosmetic.lv\/wp-content\/uploads\/2021\/02\/20201218_1324111.jpg\",\"contentUrl\":\"https:\/\/cosmetic.lv\/wp-content\/uploads\/2021\/02\/20201218_1324111.jpg\",\"width\":800,\"height\":450,\"caption\":\"20201218_132411[1].jpg\"},{\"@type\":\"BreadcrumbList\",\"@id\":\"https:\/\/cosmetic.lv\/lv\/product\/14-mm-naturalie-akmeni-rokasspradze-melns-ahats-un-tiger-acs-pret-launumu-nepatiksanam\/#breadcrumb\",\"itemListElement\":[{\"@type\":\"ListItem\",\"position\":1,\"name\":\"Home\",\"item\":\"https:\/\/cosmetic.lv\/lv\/\"},{\"@type\":\"ListItem\",\"position\":2,\"name\":\"Veikals\",\"item\":\"https:\/\/cosmetic.lv\/lv\/veiklas\/\"},{\"@type\":\"ListItem\",\"position\":3,\"name\":\"14 mm Natur\u0101lie akme\u0146i rokasspr\u0101dze melns ah\u0101ts un t\u012bger acs pret \u013caunumu, nepatik\u0161an\u0101m\"}]},{\"@type\":\"WebSite\",\"@id\":\"https:\/\/cosmetic.lv\/lv\/#website\",\"url\":\"https:\/\/cosmetic.lv\/lv\/\",\"name\":\"cosmetic.lv\",\"description\":\"Profesion\u0101la kosm\u0113tika - Maria Galland, Keune, Arkadija, GMT, Guam, Magiray\",\"publisher\":{\"@id\":\"https:\/\/cosmetic.lv\/lv\/#organization\"},\"potentialAction\":[{\"@type\":\"SearchAction\",\"target\":{\"@type\":\"EntryPoint\",\"urlTemplate\":\"https:\/\/cosmetic.lv\/lv\/?s={search_term_string}\"},\"query-input\":{\"@type\":\"PropertyValueSpecification\",\"valueRequired\":true,\"valueName\":\"search_term_string\"}}],\"inLanguage\":\"lv-LV\"},{\"@type\":\"Organization\",\"@id\":\"https:\/\/cosmetic.lv\/lv\/#organization\",\"name\":\"COSMETIC.LV\",\"url\":\"https:\/\/cosmetic.lv\/lv\/\",\"logo\":{\"@type\":\"ImageObject\",\"inLanguage\":\"lv-LV\",\"@id\":\"https:\/\/cosmetic.lv\/lv\/#\/schema\/logo\/image\/\",\"url\":\"https:\/\/cosmetic.lv\/wp-content\/uploads\/2021\/02\/cosmetic.lv_logo.jpg\",\"contentUrl\":\"https:\/\/cosmetic.lv\/wp-content\/uploads\/2021\/02\/cosmetic.lv_logo.jpg\",\"width\":596,\"height\":196,\"caption\":\"COSMETIC.LV\"},\"image\":{\"@id\":\"https:\/\/cosmetic.lv\/lv\/#\/schema\/logo\/image\/\"},\"sameAs\":[\"https:\/\/www.facebook.com\/cosmetic.lv\/\"]}]}<\/script>\n<meta property=\"product:price:amount\" content=\"19.06\" \/>\n<meta property=\"product:price:currency\" content=\"EUR\" \/>\n<meta property=\"og:availability\" content=\"instock\" \/>\n<meta property=\"product:availability\" content=\"instock\" \/>\n<meta property=\"product:retailer_item_id\" content=\"tigermel\" \/>\n<meta property=\"product:condition\" content=\"new\" \/>\n<!-- \/ Yoast SEO Premium plugin. -->","yoast_head_json":{"title":"14 mm Natur\u0101lie akme\u0146i rokasspr\u0101dze melns ah\u0101ts un t\u012bger acs pret \u013caunumu, nepatik\u0161an\u0101m - cosmetic.lv","robots":{"index":"index","follow":"follow","max-snippet":"max-snippet:-1","max-image-preview":"max-image-preview:large","max-video-preview":"max-video-preview:-1"},"canonical":"https:\/\/cosmetic.lv\/lv\/product\/14-mm-naturalie-akmeni-rokasspradze-melns-ahats-un-tiger-acs-pret-launumu-nepatiksanam\/","og_locale":"lv_LV","og_type":"article","og_title":"14 mm Natur\u0101lie akme\u0146i rokasspr\u0101dze melns ah\u0101ts un t\u012bger acs pret \u013caunumu, nepatik\u0161an\u0101m","og_description":"Untitled document Litoterapevti apgalvo, ka ah\u0101ts ir sp\u0113j\u012bgs pal\u012bdz\u0113t sav\u0113jam \u012bpa&scaron;niekam tikt gal\u0101 ar daudz\u0101m kait\u0113m. Vajag tikai vi\u0146u pareizi","og_url":"https:\/\/cosmetic.lv\/lv\/product\/14-mm-naturalie-akmeni-rokasspradze-melns-ahats-un-tiger-acs-pret-launumu-nepatiksanam\/","og_site_name":"cosmetic.lv","article_publisher":"https:\/\/www.facebook.com\/cosmetic.lv\/","article_modified_time":"2021-02-06T17:44:34+00:00","og_image":[{"width":800,"height":450,"url":"https:\/\/cosmetic.lv\/wp-content\/uploads\/2021\/02\/20201218_1324111.jpg","type":"image\/jpeg"}],"twitter_card":"summary_large_image","schema":{"@context":"https:\/\/schema.org","@graph":[{"@type":"WebPage","@id":"https:\/\/cosmetic.lv\/lv\/product\/14-mm-naturalie-akmeni-rokasspradze-melns-ahats-un-tiger-acs-pret-launumu-nepatiksanam\/","url":"https:\/\/cosmetic.lv\/lv\/product\/14-mm-naturalie-akmeni-rokasspradze-melns-ahats-un-tiger-acs-pret-launumu-nepatiksanam\/","name":"14 mm Natur\u0101lie akme\u0146i rokasspr\u0101dze melns ah\u0101ts un t\u012bger acs pret \u013caunumu, nepatik\u0161an\u0101m - cosmetic.lv","isPartOf":{"@id":"https:\/\/cosmetic.lv\/lv\/#website"},"primaryImageOfPage":{"@id":"https:\/\/cosmetic.lv\/lv\/product\/14-mm-naturalie-akmeni-rokasspradze-melns-ahats-un-tiger-acs-pret-launumu-nepatiksanam\/#primaryimage"},"image":{"@id":"https:\/\/cosmetic.lv\/lv\/product\/14-mm-naturalie-akmeni-rokasspradze-melns-ahats-un-tiger-acs-pret-launumu-nepatiksanam\/#primaryimage"},"thumbnailUrl":"https:\/\/cosmetic.lv\/wp-content\/uploads\/2021\/02\/20201218_1324111.jpg","datePublished":"2021-02-06T17:44:28+00:00","dateModified":"2021-02-06T17:44:34+00:00","breadcrumb":{"@id":"https:\/\/cosmetic.lv\/lv\/product\/14-mm-naturalie-akmeni-rokasspradze-melns-ahats-un-tiger-acs-pret-launumu-nepatiksanam\/#breadcrumb"},"inLanguage":"lv-LV","potentialAction":[{"@type":"ReadAction","target":["https:\/\/cosmetic.lv\/lv\/product\/14-mm-naturalie-akmeni-rokasspradze-melns-ahats-un-tiger-acs-pret-launumu-nepatiksanam\/"]}]},{"@type":"ImageObject","inLanguage":"lv-LV","@id":"https:\/\/cosmetic.lv\/lv\/product\/14-mm-naturalie-akmeni-rokasspradze-melns-ahats-un-tiger-acs-pret-launumu-nepatiksanam\/#primaryimage","url":"https:\/\/cosmetic.lv\/wp-content\/uploads\/2021\/02\/20201218_1324111.jpg","contentUrl":"https:\/\/cosmetic.lv\/wp-content\/uploads\/2021\/02\/20201218_1324111.jpg","width":800,"height":450,"caption":"20201218_132411[1].jpg"},{"@type":"BreadcrumbList","@id":"https:\/\/cosmetic.lv\/lv\/product\/14-mm-naturalie-akmeni-rokasspradze-melns-ahats-un-tiger-acs-pret-launumu-nepatiksanam\/#breadcrumb","itemListElement":[{"@type":"ListItem","position":1,"name":"Home","item":"https:\/\/cosmetic.lv\/lv\/"},{"@type":"ListItem","position":2,"name":"Veikals","item":"https:\/\/cosmetic.lv\/lv\/veiklas\/"},{"@type":"ListItem","position":3,"name":"14 mm Natur\u0101lie akme\u0146i rokasspr\u0101dze melns ah\u0101ts un t\u012bger acs pret \u013caunumu, nepatik\u0161an\u0101m"}]},{"@type":"WebSite","@id":"https:\/\/cosmetic.lv\/lv\/#website","url":"https:\/\/cosmetic.lv\/lv\/","name":"cosmetic.lv","description":"Profesion\u0101la kosm\u0113tika - Maria Galland, Keune, Arkadija, GMT, Guam, Magiray","publisher":{"@id":"https:\/\/cosmetic.lv\/lv\/#organization"},"potentialAction":[{"@type":"SearchAction","target":{"@type":"EntryPoint","urlTemplate":"https:\/\/cosmetic.lv\/lv\/?s={search_term_string}"},"query-input":{"@type":"PropertyValueSpecification","valueRequired":true,"valueName":"search_term_string"}}],"inLanguage":"lv-LV"},{"@type":"Organization","@id":"https:\/\/cosmetic.lv\/lv\/#organization","name":"COSMETIC.LV","url":"https:\/\/cosmetic.lv\/lv\/","logo":{"@type":"ImageObject","inLanguage":"lv-LV","@id":"https:\/\/cosmetic.lv\/lv\/#\/schema\/logo\/image\/","url":"https:\/\/cosmetic.lv\/wp-content\/uploads\/2021\/02\/cosmetic.lv_logo.jpg","contentUrl":"https:\/\/cosmetic.lv\/wp-content\/uploads\/2021\/02\/cosmetic.lv_logo.jpg","width":596,"height":196,"caption":"COSMETIC.LV"},"image":{"@id":"https:\/\/cosmetic.lv\/lv\/#\/schema\/logo\/image\/"},"sameAs":["https:\/\/www.facebook.com\/cosmetic.lv\/"]}]},"product_price_amount":"19.06","product_price_currency":"EUR","og_availability":"instock","product_availability":"instock","product_retailer_item_id":"tigermel","product_condition":"new"},"_links":{"self":[{"href":"https:\/\/cosmetic.lv\/lv\/wp-json\/wp\/v2\/product\/33781","targetHints":{"allow":["GET"]}}],"collection":[{"href":"https:\/\/cosmetic.lv\/lv\/wp-json\/wp\/v2\/product"}],"about":[{"href":"https:\/\/cosmetic.lv\/lv\/wp-json\/wp\/v2\/types\/product"}],"wp:featuredmedia":[{"embeddable":true,"href":"https:\/\/cosmetic.lv\/lv\/wp-json\/wp\/v2\/media\/8034"}],"wp:attachment":[{"href":"https:\/\/cosmetic.lv\/lv\/wp-json\/wp\/v2\/media?parent=33781"}],"wp:term":[{"taxonomy":"product_brand","embeddable":true,"href":"https:\/\/cosmetic.lv\/lv\/wp-json\/wp\/v2\/product_brand?post=33781"},{"taxonomy":"product_cat","embeddable":true,"href":"https:\/\/cosmetic.lv\/lv\/wp-json\/wp\/v2\/product_cat?post=33781"},{"taxonomy":"product_tag","embeddable":true,"href":"https:\/\/cosmetic.lv\/lv\/wp-json\/wp\/v2\/product_tag?post=33781"}],"curies":[{"name":"wp","href":"https:\/\/api.w.org\/{rel}","templated":true}]}}