{"id":33789,"date":"2021-02-05T22:36:12","date_gmt":"2021-02-06T17:44:36","guid":{"rendered":"https:\/\/damme.lv\/product\/boro-plus-antiseptikis-krems-zals-50ml\/"},"modified":"2021-02-06T19:44:40","modified_gmt":"2021-02-06T17:44:40","slug":"boro-plus-antiseptikis-krems-zals-50ml","status":"publish","type":"product","link":"https:\/\/cosmetic.lv\/lv\/product\/boro-plus-antiseptikis-krems-zals-50ml\/","title":{"rendered":"Boro plus antiseptikis kr\u0113ms Za\u013c\u0161 50ml"},"content":{"rendered":"<p><!DOCTYPE html PUBLIC &quot;-\/\/W3C\/\/DTD XHTML 1.0 Transitional\/\/EN&quot; &quot;http:\/\/www.w3.org\/TR\/xhtml1\/DTD\/xhtml1-transitional.dtd&quot;><br \/>\n<html><br \/>\n<head><br \/>\n<title>Untitled document<\/title><br \/>\n<\/head><br \/>\n<body><\/p>\n<div id=&quot;tw-target-text-container&quot;>\n<pre id=&quot;tw-target-text&quot; style=&quot;text-align:left&quot; dir=&quot;ltr&quot;><span>Indijas gar&scaron;augu \u0101rstniecisk\u0101s \u012bpa&scaron;\u012bbas ir zin\u0101mas vis\u0101 pasaul\u0113. To dziedino&scaron;o, antiseptisko un nomierino&scaron;o iedarb\u012bbu dziednieki izmantoja, lai izveidotu nov\u0101r\u012bjumus, ekstraktus, esences un ziedes. M\u016bsdien\u0101s, pamatojoties uz Indijas augu dab\u012bgaj\u0101m sast\u0101vda\u013c\u0101m, ir izveidots univers\u0101ls antiseptisks kr\u0113ms &quot;Herbal Bouquet&quot; Himani Boro Plu<div id=&quot;tw-target-rmn-container&quot;>\n<pre id=&quot;tw-target-text&quot; style=&quot;text-align: left;&quot; dir=&quot;ltr&quot;><span>uzkl\u0101t uz att\u012br\u012btas \u0101das.\n\nStrukt\u016bra\n\nParaffinum Liquidum, paraf\u012bns, talks, mikrokrist\u0101liskais vasks, cinka oks\u012bds, \u016bdens, Hedychium Spicatum ekstrakts, cetearilspirts, smar\u017eas, Azadirachta Indica ekstrakti, Aloe Barbadensis, Santalum Album, borsk\u0101be, Vetiverim Zcapanoides ekstrakti Glycyrrhiza Glabra, n\u0101trija laurilsulf\u0101ts, ksant\u0101na sve\u0137i, Ceteareth 20.<\/span>\n<\/pre>\n<pre id=&quot;tw-target-rmn&quot; style=&quot;text-align: left;&quot; dir=&quot;ltr&quot;><span><br \/><\/span><\/pre>\n<\/div>\n<p><\/span>\n<\/div>\n<p><\/body><br \/>\n<\/html><\/p>\n","protected":false},"excerpt":{"rendered":"<p>Untitled document Indijas gar&scaron;augu \u0101rstniecisk\u0101s \u012bpa&scaron;\u012bbas ir zin\u0101mas vis\u0101 pasaul\u0113. To dziedino&scaron;o, antiseptisko un nomierino&scaron;o iedarb\u012bbu dziednieki izmantoja, lai izveidotu<\/p>\n","protected":false},"featured_media":15156,"template":"","meta":[],"product_brand":[],"product_cat":[2200,2216,2221],"product_tag":[],"class_list":{"0":"post-33789","1":"product","2":"type-product","3":"status-publish","4":"has-post-thumbnail","6":"product_cat-skaistums-un-veseliba-lv","7":"product_cat-kermena-kopsana-lv","8":"product_cat-problemvietas-lv","10":"first","11":"outofstock","12":"taxable","13":"shipping-taxable","14":"purchasable","15":"product-type-simple"},"yoast_head":"<!-- This site is optimized with the Yoast SEO Premium plugin v27.0 (Yoast SEO v27.0) - https:\/\/yoast.com\/product\/yoast-seo-premium-wordpress\/ -->\n<title>Boro plus antiseptikis kr\u0113ms Za\u013c\u0161 50ml - cosmetic.lv<\/title>\n<meta name=\"robots\" content=\"index, follow, max-snippet:-1, max-image-preview:large, max-video-preview:-1\" \/>\n<link rel=\"canonical\" href=\"https:\/\/cosmetic.lv\/lv\/product\/boro-plus-antiseptikis-krems-zals-50ml\/\" \/>\n<meta property=\"og:locale\" content=\"lv_LV\" \/>\n<meta property=\"og:type\" content=\"article\" \/>\n<meta property=\"og:title\" content=\"Boro plus antiseptikis kr\u0113ms Za\u013c\u0161 50ml\" \/>\n<meta property=\"og:description\" content=\"Untitled document Indijas gar&scaron;augu \u0101rstniecisk\u0101s \u012bpa&scaron;\u012bbas ir zin\u0101mas vis\u0101 pasaul\u0113. To dziedino&scaron;o, antiseptisko un nomierino&scaron;o iedarb\u012bbu dziednieki izmantoja, lai izveidotu\" \/>\n<meta property=\"og:url\" content=\"https:\/\/cosmetic.lv\/lv\/product\/boro-plus-antiseptikis-krems-zals-50ml\/\" \/>\n<meta property=\"og:site_name\" content=\"cosmetic.lv\" \/>\n<meta property=\"article:publisher\" content=\"https:\/\/www.facebook.com\/cosmetic.lv\/\" \/>\n<meta property=\"article:modified_time\" content=\"2021-02-06T17:44:40+00:00\" \/>\n<meta property=\"og:image\" content=\"https:\/\/cosmetic.lv\/wp-content\/uploads\/2021\/02\/boro_plyus_zelenyy_25_g_609695_3-4.jpg\" \/>\n\t<meta property=\"og:image:width\" content=\"800\" \/>\n\t<meta property=\"og:image:height\" content=\"800\" \/>\n\t<meta property=\"og:image:type\" content=\"image\/jpeg\" \/>\n<meta name=\"twitter:card\" content=\"summary_large_image\" \/>\n<script type=\"application\/ld+json\" class=\"yoast-schema-graph\">{\"@context\":\"https:\/\/schema.org\",\"@graph\":[{\"@type\":\"WebPage\",\"@id\":\"https:\/\/cosmetic.lv\/lv\/product\/boro-plus-antiseptikis-krems-zals-50ml\/\",\"url\":\"https:\/\/cosmetic.lv\/lv\/product\/boro-plus-antiseptikis-krems-zals-50ml\/\",\"name\":\"Boro plus antiseptikis kr\u0113ms Za\u013c\u0161 50ml - cosmetic.lv\",\"isPartOf\":{\"@id\":\"https:\/\/cosmetic.lv\/lv\/#website\"},\"primaryImageOfPage\":{\"@id\":\"https:\/\/cosmetic.lv\/lv\/product\/boro-plus-antiseptikis-krems-zals-50ml\/#primaryimage\"},\"image\":{\"@id\":\"https:\/\/cosmetic.lv\/lv\/product\/boro-plus-antiseptikis-krems-zals-50ml\/#primaryimage\"},\"thumbnailUrl\":\"https:\/\/cosmetic.lv\/wp-content\/uploads\/2021\/02\/boro_plyus_zelenyy_25_g_609695_3-4.jpg\",\"datePublished\":\"2021-02-06T17:44:36+00:00\",\"dateModified\":\"2021-02-06T17:44:40+00:00\",\"breadcrumb\":{\"@id\":\"https:\/\/cosmetic.lv\/lv\/product\/boro-plus-antiseptikis-krems-zals-50ml\/#breadcrumb\"},\"inLanguage\":\"lv-LV\",\"potentialAction\":[{\"@type\":\"ReadAction\",\"target\":[\"https:\/\/cosmetic.lv\/lv\/product\/boro-plus-antiseptikis-krems-zals-50ml\/\"]}]},{\"@type\":\"ImageObject\",\"inLanguage\":\"lv-LV\",\"@id\":\"https:\/\/cosmetic.lv\/lv\/product\/boro-plus-antiseptikis-krems-zals-50ml\/#primaryimage\",\"url\":\"https:\/\/cosmetic.lv\/wp-content\/uploads\/2021\/02\/boro_plyus_zelenyy_25_g_609695_3-4.jpg\",\"contentUrl\":\"https:\/\/cosmetic.lv\/wp-content\/uploads\/2021\/02\/boro_plyus_zelenyy_25_g_609695_3-4.jpg\",\"width\":800,\"height\":800,\"caption\":\"boro_plyus_zelenyy_25_g_609695_3.jpg\"},{\"@type\":\"BreadcrumbList\",\"@id\":\"https:\/\/cosmetic.lv\/lv\/product\/boro-plus-antiseptikis-krems-zals-50ml\/#breadcrumb\",\"itemListElement\":[{\"@type\":\"ListItem\",\"position\":1,\"name\":\"Home\",\"item\":\"https:\/\/cosmetic.lv\/lv\/\"},{\"@type\":\"ListItem\",\"position\":2,\"name\":\"Veikals\",\"item\":\"https:\/\/cosmetic.lv\/lv\/veiklas\/\"},{\"@type\":\"ListItem\",\"position\":3,\"name\":\"Boro plus antiseptikis kr\u0113ms Za\u013c\u0161 50ml\"}]},{\"@type\":\"WebSite\",\"@id\":\"https:\/\/cosmetic.lv\/lv\/#website\",\"url\":\"https:\/\/cosmetic.lv\/lv\/\",\"name\":\"cosmetic.lv\",\"description\":\"Profesion\u0101la kosm\u0113tika - Maria Galland, Keune, Arkadija, GMT, Guam, Magiray\",\"publisher\":{\"@id\":\"https:\/\/cosmetic.lv\/lv\/#organization\"},\"potentialAction\":[{\"@type\":\"SearchAction\",\"target\":{\"@type\":\"EntryPoint\",\"urlTemplate\":\"https:\/\/cosmetic.lv\/lv\/?s={search_term_string}\"},\"query-input\":{\"@type\":\"PropertyValueSpecification\",\"valueRequired\":true,\"valueName\":\"search_term_string\"}}],\"inLanguage\":\"lv-LV\"},{\"@type\":\"Organization\",\"@id\":\"https:\/\/cosmetic.lv\/lv\/#organization\",\"name\":\"COSMETIC.LV\",\"url\":\"https:\/\/cosmetic.lv\/lv\/\",\"logo\":{\"@type\":\"ImageObject\",\"inLanguage\":\"lv-LV\",\"@id\":\"https:\/\/cosmetic.lv\/lv\/#\/schema\/logo\/image\/\",\"url\":\"https:\/\/cosmetic.lv\/wp-content\/uploads\/2021\/02\/cosmetic.lv_logo.jpg\",\"contentUrl\":\"https:\/\/cosmetic.lv\/wp-content\/uploads\/2021\/02\/cosmetic.lv_logo.jpg\",\"width\":596,\"height\":196,\"caption\":\"COSMETIC.LV\"},\"image\":{\"@id\":\"https:\/\/cosmetic.lv\/lv\/#\/schema\/logo\/image\/\"},\"sameAs\":[\"https:\/\/www.facebook.com\/cosmetic.lv\/\"]}]}<\/script>\n<meta property=\"product:price:amount\" content=\"4.54\" \/>\n<meta property=\"product:price:currency\" content=\"EUR\" \/>\n<meta property=\"og:availability\" content=\"out of stock\" \/>\n<meta property=\"product:availability\" content=\"out of stock\" \/>\n<meta property=\"product:retailer_item_id\" content=\"boro green\" \/>\n<meta property=\"product:condition\" content=\"new\" \/>\n<!-- \/ Yoast SEO Premium plugin. -->","yoast_head_json":{"title":"Boro plus antiseptikis kr\u0113ms Za\u013c\u0161 50ml - cosmetic.lv","robots":{"index":"index","follow":"follow","max-snippet":"max-snippet:-1","max-image-preview":"max-image-preview:large","max-video-preview":"max-video-preview:-1"},"canonical":"https:\/\/cosmetic.lv\/lv\/product\/boro-plus-antiseptikis-krems-zals-50ml\/","og_locale":"lv_LV","og_type":"article","og_title":"Boro plus antiseptikis kr\u0113ms Za\u013c\u0161 50ml","og_description":"Untitled document Indijas gar&scaron;augu \u0101rstniecisk\u0101s \u012bpa&scaron;\u012bbas ir zin\u0101mas vis\u0101 pasaul\u0113. To dziedino&scaron;o, antiseptisko un nomierino&scaron;o iedarb\u012bbu dziednieki izmantoja, lai izveidotu","og_url":"https:\/\/cosmetic.lv\/lv\/product\/boro-plus-antiseptikis-krems-zals-50ml\/","og_site_name":"cosmetic.lv","article_publisher":"https:\/\/www.facebook.com\/cosmetic.lv\/","article_modified_time":"2021-02-06T17:44:40+00:00","og_image":[{"width":800,"height":800,"url":"https:\/\/cosmetic.lv\/wp-content\/uploads\/2021\/02\/boro_plyus_zelenyy_25_g_609695_3-4.jpg","type":"image\/jpeg"}],"twitter_card":"summary_large_image","schema":{"@context":"https:\/\/schema.org","@graph":[{"@type":"WebPage","@id":"https:\/\/cosmetic.lv\/lv\/product\/boro-plus-antiseptikis-krems-zals-50ml\/","url":"https:\/\/cosmetic.lv\/lv\/product\/boro-plus-antiseptikis-krems-zals-50ml\/","name":"Boro plus antiseptikis kr\u0113ms Za\u013c\u0161 50ml - cosmetic.lv","isPartOf":{"@id":"https:\/\/cosmetic.lv\/lv\/#website"},"primaryImageOfPage":{"@id":"https:\/\/cosmetic.lv\/lv\/product\/boro-plus-antiseptikis-krems-zals-50ml\/#primaryimage"},"image":{"@id":"https:\/\/cosmetic.lv\/lv\/product\/boro-plus-antiseptikis-krems-zals-50ml\/#primaryimage"},"thumbnailUrl":"https:\/\/cosmetic.lv\/wp-content\/uploads\/2021\/02\/boro_plyus_zelenyy_25_g_609695_3-4.jpg","datePublished":"2021-02-06T17:44:36+00:00","dateModified":"2021-02-06T17:44:40+00:00","breadcrumb":{"@id":"https:\/\/cosmetic.lv\/lv\/product\/boro-plus-antiseptikis-krems-zals-50ml\/#breadcrumb"},"inLanguage":"lv-LV","potentialAction":[{"@type":"ReadAction","target":["https:\/\/cosmetic.lv\/lv\/product\/boro-plus-antiseptikis-krems-zals-50ml\/"]}]},{"@type":"ImageObject","inLanguage":"lv-LV","@id":"https:\/\/cosmetic.lv\/lv\/product\/boro-plus-antiseptikis-krems-zals-50ml\/#primaryimage","url":"https:\/\/cosmetic.lv\/wp-content\/uploads\/2021\/02\/boro_plyus_zelenyy_25_g_609695_3-4.jpg","contentUrl":"https:\/\/cosmetic.lv\/wp-content\/uploads\/2021\/02\/boro_plyus_zelenyy_25_g_609695_3-4.jpg","width":800,"height":800,"caption":"boro_plyus_zelenyy_25_g_609695_3.jpg"},{"@type":"BreadcrumbList","@id":"https:\/\/cosmetic.lv\/lv\/product\/boro-plus-antiseptikis-krems-zals-50ml\/#breadcrumb","itemListElement":[{"@type":"ListItem","position":1,"name":"Home","item":"https:\/\/cosmetic.lv\/lv\/"},{"@type":"ListItem","position":2,"name":"Veikals","item":"https:\/\/cosmetic.lv\/lv\/veiklas\/"},{"@type":"ListItem","position":3,"name":"Boro plus antiseptikis kr\u0113ms Za\u013c\u0161 50ml"}]},{"@type":"WebSite","@id":"https:\/\/cosmetic.lv\/lv\/#website","url":"https:\/\/cosmetic.lv\/lv\/","name":"cosmetic.lv","description":"Profesion\u0101la kosm\u0113tika - Maria Galland, Keune, Arkadija, GMT, Guam, Magiray","publisher":{"@id":"https:\/\/cosmetic.lv\/lv\/#organization"},"potentialAction":[{"@type":"SearchAction","target":{"@type":"EntryPoint","urlTemplate":"https:\/\/cosmetic.lv\/lv\/?s={search_term_string}"},"query-input":{"@type":"PropertyValueSpecification","valueRequired":true,"valueName":"search_term_string"}}],"inLanguage":"lv-LV"},{"@type":"Organization","@id":"https:\/\/cosmetic.lv\/lv\/#organization","name":"COSMETIC.LV","url":"https:\/\/cosmetic.lv\/lv\/","logo":{"@type":"ImageObject","inLanguage":"lv-LV","@id":"https:\/\/cosmetic.lv\/lv\/#\/schema\/logo\/image\/","url":"https:\/\/cosmetic.lv\/wp-content\/uploads\/2021\/02\/cosmetic.lv_logo.jpg","contentUrl":"https:\/\/cosmetic.lv\/wp-content\/uploads\/2021\/02\/cosmetic.lv_logo.jpg","width":596,"height":196,"caption":"COSMETIC.LV"},"image":{"@id":"https:\/\/cosmetic.lv\/lv\/#\/schema\/logo\/image\/"},"sameAs":["https:\/\/www.facebook.com\/cosmetic.lv\/"]}]},"product_price_amount":"4.54","product_price_currency":"EUR","og_availability":"out of stock","product_availability":"out of stock","product_retailer_item_id":"boro green","product_condition":"new"},"_links":{"self":[{"href":"https:\/\/cosmetic.lv\/lv\/wp-json\/wp\/v2\/product\/33789","targetHints":{"allow":["GET"]}}],"collection":[{"href":"https:\/\/cosmetic.lv\/lv\/wp-json\/wp\/v2\/product"}],"about":[{"href":"https:\/\/cosmetic.lv\/lv\/wp-json\/wp\/v2\/types\/product"}],"wp:featuredmedia":[{"embeddable":true,"href":"https:\/\/cosmetic.lv\/lv\/wp-json\/wp\/v2\/media\/15156"}],"wp:attachment":[{"href":"https:\/\/cosmetic.lv\/lv\/wp-json\/wp\/v2\/media?parent=33789"}],"wp:term":[{"taxonomy":"product_brand","embeddable":true,"href":"https:\/\/cosmetic.lv\/lv\/wp-json\/wp\/v2\/product_brand?post=33789"},{"taxonomy":"product_cat","embeddable":true,"href":"https:\/\/cosmetic.lv\/lv\/wp-json\/wp\/v2\/product_cat?post=33789"},{"taxonomy":"product_tag","embeddable":true,"href":"https:\/\/cosmetic.lv\/lv\/wp-json\/wp\/v2\/product_tag?post=33789"}],"curies":[{"name":"wp","href":"https:\/\/api.w.org\/{rel}","templated":true}]}}