{"id":33791,"date":"2021-02-05T22:36:12","date_gmt":"2021-02-06T17:44:36","guid":{"rendered":"https:\/\/damme.lv\/product\/1gab-masazai-guasa-mugurai-pleciem-kaklam-kajam-no-koka-2\/"},"modified":"2021-02-06T19:44:42","modified_gmt":"2021-02-06T17:44:42","slug":"1gab-masazai-guasa-mugurai-pleciem-kaklam-kajam-no-koka-2","status":"publish","type":"product","link":"https:\/\/cosmetic.lv\/lv\/product\/1gab-masazai-guasa-mugurai-pleciem-kaklam-kajam-no-koka-2\/","title":{"rendered":"1gab  mas\u0101\u017eai gu\u0101\u0161a mugurai, pleciem, kaklam, k\u0101j\u0101m no koka"},"content":{"rendered":"<p><!DOCTYPE html PUBLIC &quot;-\/\/W3C\/\/DTD XHTML 1.0 Transitional\/\/EN&quot; &quot;http:\/\/www.w3.org\/TR\/xhtml1\/DTD\/xhtml1-transitional.dtd&quot;><br \/>\n<html><br \/>\n<head><br \/>\n<title>Untitled document<\/title><br \/>\n<\/head><br \/>\n<body><\/p>\n<p>mas\u0101\u017ea ar skr\u0101pi Gua&scaron;a n\u016bj\u0101m mugurai, pleciem, kaklam, jostas vietai,    k\u0101ji\u0146\u0101m no koka \u0101trai zonai  Produkta apraksts: mugura: vispirms   izmantojiet ieliektu virsmu no aug&scaron;as uz leju, katru  reizi vien\u0101   virzien\u0101.  V\u0113ders: pa\u0146emiet nabu l\u012bdz centram, iemas\u0113jiet uz aug&scaron;u un uz   leju,  intensit\u0101te ir vienm\u0113r\u012bga, nelietojiet p\u0101r\u0101k daudz sp\u0113ka.   Parasti tr\u012bs  dienu l\u012bdz ned\u0113\u013cas laik\u0101 var uzlabot aizciet\u0113jumus. K\u0101j\u0101m:   s\u0101ciet no ce\u013cgaliem uz leju, katru reizi tikai vien\u0101 virzien\u0101 Pleci un   kakls: no aug&scaron;as un apak&scaron;as, darb\u012bbas bie\u017eumam j\u0101b\u016bt l\u0113nam un    konsekventam, nevis p\u0101r\u0101k \u0101tram, un sp\u0113kam nevajadz\u0113tu b\u016bt p\u0101r\u0101k smagam.    Maigas kust\u012bbas pal\u012bdz limfai pl\u016bst un mazina asi\u0146u tr\u016bkumu. Katra   vieta ir 3-5 min\u016btes.  Darb\u012bbas joma: skaistumkop&scaron;anas veikals,   medic\u012bnas centrs, m\u0101ja Izm\u0113ri (aptuveni): Garums: 41cm<\/p>\n<p><\/body><br \/>\n<\/html><\/p>\n","protected":false},"excerpt":{"rendered":"<p>Untitled document mas\u0101\u017ea ar skr\u0101pi Gua&scaron;a n\u016bj\u0101m mugurai, pleciem, kaklam, jostas vietai, k\u0101ji\u0146\u0101m no koka \u0101trai zonai Produkta apraksts: mugura:<\/p>\n","protected":false},"featured_media":8064,"template":"","meta":[],"product_brand":[],"product_cat":[2231,2235],"product_tag":[],"class_list":{"0":"post-33791","1":"product","2":"type-product","3":"status-publish","4":"has-post-thumbnail","6":"product_cat-atveselojosas-preces-lv","7":"product_cat-kermenim-lv","9":"first","10":"instock","11":"sale","12":"taxable","13":"shipping-taxable","14":"purchasable","15":"product-type-simple"},"yoast_head":"<!-- This site is optimized with the Yoast SEO Premium plugin v27.0 (Yoast SEO v27.0) - https:\/\/yoast.com\/product\/yoast-seo-premium-wordpress\/ -->\n<title>1gab mas\u0101\u017eai gu\u0101\u0161a mugurai, pleciem, kaklam, k\u0101j\u0101m no koka - cosmetic.lv<\/title>\n<meta name=\"robots\" content=\"index, follow, max-snippet:-1, max-image-preview:large, max-video-preview:-1\" \/>\n<link rel=\"canonical\" href=\"https:\/\/cosmetic.lv\/lv\/product\/1gab-masazai-guasa-mugurai-pleciem-kaklam-kajam-no-koka-2\/\" \/>\n<meta property=\"og:locale\" content=\"lv_LV\" \/>\n<meta property=\"og:type\" content=\"article\" \/>\n<meta property=\"og:title\" content=\"1gab mas\u0101\u017eai gu\u0101\u0161a mugurai, pleciem, kaklam, k\u0101j\u0101m no koka\" \/>\n<meta property=\"og:description\" content=\"Untitled document mas\u0101\u017ea ar skr\u0101pi Gua&scaron;a n\u016bj\u0101m mugurai, pleciem, kaklam, jostas vietai, k\u0101ji\u0146\u0101m no koka \u0101trai zonai Produkta apraksts: mugura:\" \/>\n<meta property=\"og:url\" content=\"https:\/\/cosmetic.lv\/lv\/product\/1gab-masazai-guasa-mugurai-pleciem-kaklam-kajam-no-koka-2\/\" \/>\n<meta property=\"og:site_name\" content=\"cosmetic.lv\" \/>\n<meta property=\"article:publisher\" content=\"https:\/\/www.facebook.com\/cosmetic.lv\/\" \/>\n<meta property=\"article:modified_time\" content=\"2021-02-06T17:44:42+00:00\" \/>\n<meta property=\"og:image\" content=\"https:\/\/cosmetic.lv\/wp-content\/uploads\/2021\/02\/20201230_1202441.jpg\" \/>\n\t<meta property=\"og:image:width\" content=\"800\" \/>\n\t<meta property=\"og:image:height\" content=\"450\" \/>\n\t<meta property=\"og:image:type\" content=\"image\/jpeg\" \/>\n<meta name=\"twitter:card\" content=\"summary_large_image\" \/>\n<script type=\"application\/ld+json\" class=\"yoast-schema-graph\">{\"@context\":\"https:\/\/schema.org\",\"@graph\":[{\"@type\":\"WebPage\",\"@id\":\"https:\/\/cosmetic.lv\/lv\/product\/1gab-masazai-guasa-mugurai-pleciem-kaklam-kajam-no-koka-2\/\",\"url\":\"https:\/\/cosmetic.lv\/lv\/product\/1gab-masazai-guasa-mugurai-pleciem-kaklam-kajam-no-koka-2\/\",\"name\":\"1gab mas\u0101\u017eai gu\u0101\u0161a mugurai, pleciem, kaklam, k\u0101j\u0101m no koka - cosmetic.lv\",\"isPartOf\":{\"@id\":\"https:\/\/cosmetic.lv\/lv\/#website\"},\"primaryImageOfPage\":{\"@id\":\"https:\/\/cosmetic.lv\/lv\/product\/1gab-masazai-guasa-mugurai-pleciem-kaklam-kajam-no-koka-2\/#primaryimage\"},\"image\":{\"@id\":\"https:\/\/cosmetic.lv\/lv\/product\/1gab-masazai-guasa-mugurai-pleciem-kaklam-kajam-no-koka-2\/#primaryimage\"},\"thumbnailUrl\":\"https:\/\/cosmetic.lv\/wp-content\/uploads\/2021\/02\/20201230_1202441.jpg\",\"datePublished\":\"2021-02-06T17:44:36+00:00\",\"dateModified\":\"2021-02-06T17:44:42+00:00\",\"breadcrumb\":{\"@id\":\"https:\/\/cosmetic.lv\/lv\/product\/1gab-masazai-guasa-mugurai-pleciem-kaklam-kajam-no-koka-2\/#breadcrumb\"},\"inLanguage\":\"lv-LV\",\"potentialAction\":[{\"@type\":\"ReadAction\",\"target\":[\"https:\/\/cosmetic.lv\/lv\/product\/1gab-masazai-guasa-mugurai-pleciem-kaklam-kajam-no-koka-2\/\"]}]},{\"@type\":\"ImageObject\",\"inLanguage\":\"lv-LV\",\"@id\":\"https:\/\/cosmetic.lv\/lv\/product\/1gab-masazai-guasa-mugurai-pleciem-kaklam-kajam-no-koka-2\/#primaryimage\",\"url\":\"https:\/\/cosmetic.lv\/wp-content\/uploads\/2021\/02\/20201230_1202441.jpg\",\"contentUrl\":\"https:\/\/cosmetic.lv\/wp-content\/uploads\/2021\/02\/20201230_1202441.jpg\",\"width\":800,\"height\":450,\"caption\":\"20201230_120244[1].jpg\"},{\"@type\":\"BreadcrumbList\",\"@id\":\"https:\/\/cosmetic.lv\/lv\/product\/1gab-masazai-guasa-mugurai-pleciem-kaklam-kajam-no-koka-2\/#breadcrumb\",\"itemListElement\":[{\"@type\":\"ListItem\",\"position\":1,\"name\":\"Home\",\"item\":\"https:\/\/cosmetic.lv\/lv\/\"},{\"@type\":\"ListItem\",\"position\":2,\"name\":\"Veikals\",\"item\":\"https:\/\/cosmetic.lv\/lv\/veiklas\/\"},{\"@type\":\"ListItem\",\"position\":3,\"name\":\"1gab mas\u0101\u017eai gu\u0101\u0161a mugurai, pleciem, kaklam, k\u0101j\u0101m no koka\"}]},{\"@type\":\"WebSite\",\"@id\":\"https:\/\/cosmetic.lv\/lv\/#website\",\"url\":\"https:\/\/cosmetic.lv\/lv\/\",\"name\":\"cosmetic.lv\",\"description\":\"Profesion\u0101la kosm\u0113tika - Maria Galland, Keune, Arkadija, GMT, Guam, Magiray\",\"publisher\":{\"@id\":\"https:\/\/cosmetic.lv\/lv\/#organization\"},\"potentialAction\":[{\"@type\":\"SearchAction\",\"target\":{\"@type\":\"EntryPoint\",\"urlTemplate\":\"https:\/\/cosmetic.lv\/lv\/?s={search_term_string}\"},\"query-input\":{\"@type\":\"PropertyValueSpecification\",\"valueRequired\":true,\"valueName\":\"search_term_string\"}}],\"inLanguage\":\"lv-LV\"},{\"@type\":\"Organization\",\"@id\":\"https:\/\/cosmetic.lv\/lv\/#organization\",\"name\":\"COSMETIC.LV\",\"url\":\"https:\/\/cosmetic.lv\/lv\/\",\"logo\":{\"@type\":\"ImageObject\",\"inLanguage\":\"lv-LV\",\"@id\":\"https:\/\/cosmetic.lv\/lv\/#\/schema\/logo\/image\/\",\"url\":\"https:\/\/cosmetic.lv\/wp-content\/uploads\/2021\/02\/cosmetic.lv_logo.jpg\",\"contentUrl\":\"https:\/\/cosmetic.lv\/wp-content\/uploads\/2021\/02\/cosmetic.lv_logo.jpg\",\"width\":596,\"height\":196,\"caption\":\"COSMETIC.LV\"},\"image\":{\"@id\":\"https:\/\/cosmetic.lv\/lv\/#\/schema\/logo\/image\/\"},\"sameAs\":[\"https:\/\/www.facebook.com\/cosmetic.lv\/\"]}]}<\/script>\n<meta property=\"product:price:amount\" content=\"11.25\" \/>\n<meta property=\"product:price:currency\" content=\"EUR\" \/>\n<meta property=\"og:availability\" content=\"instock\" \/>\n<meta property=\"product:availability\" content=\"instock\" \/>\n<meta property=\"product:retailer_item_id\" content=\"41\" \/>\n<meta property=\"product:condition\" content=\"new\" \/>\n<!-- \/ Yoast SEO Premium plugin. -->","yoast_head_json":{"title":"1gab mas\u0101\u017eai gu\u0101\u0161a mugurai, pleciem, kaklam, k\u0101j\u0101m no koka - cosmetic.lv","robots":{"index":"index","follow":"follow","max-snippet":"max-snippet:-1","max-image-preview":"max-image-preview:large","max-video-preview":"max-video-preview:-1"},"canonical":"https:\/\/cosmetic.lv\/lv\/product\/1gab-masazai-guasa-mugurai-pleciem-kaklam-kajam-no-koka-2\/","og_locale":"lv_LV","og_type":"article","og_title":"1gab mas\u0101\u017eai gu\u0101\u0161a mugurai, pleciem, kaklam, k\u0101j\u0101m no koka","og_description":"Untitled document mas\u0101\u017ea ar skr\u0101pi Gua&scaron;a n\u016bj\u0101m mugurai, pleciem, kaklam, jostas vietai, k\u0101ji\u0146\u0101m no koka \u0101trai zonai Produkta apraksts: mugura:","og_url":"https:\/\/cosmetic.lv\/lv\/product\/1gab-masazai-guasa-mugurai-pleciem-kaklam-kajam-no-koka-2\/","og_site_name":"cosmetic.lv","article_publisher":"https:\/\/www.facebook.com\/cosmetic.lv\/","article_modified_time":"2021-02-06T17:44:42+00:00","og_image":[{"width":800,"height":450,"url":"https:\/\/cosmetic.lv\/wp-content\/uploads\/2021\/02\/20201230_1202441.jpg","type":"image\/jpeg"}],"twitter_card":"summary_large_image","schema":{"@context":"https:\/\/schema.org","@graph":[{"@type":"WebPage","@id":"https:\/\/cosmetic.lv\/lv\/product\/1gab-masazai-guasa-mugurai-pleciem-kaklam-kajam-no-koka-2\/","url":"https:\/\/cosmetic.lv\/lv\/product\/1gab-masazai-guasa-mugurai-pleciem-kaklam-kajam-no-koka-2\/","name":"1gab mas\u0101\u017eai gu\u0101\u0161a mugurai, pleciem, kaklam, k\u0101j\u0101m no koka - cosmetic.lv","isPartOf":{"@id":"https:\/\/cosmetic.lv\/lv\/#website"},"primaryImageOfPage":{"@id":"https:\/\/cosmetic.lv\/lv\/product\/1gab-masazai-guasa-mugurai-pleciem-kaklam-kajam-no-koka-2\/#primaryimage"},"image":{"@id":"https:\/\/cosmetic.lv\/lv\/product\/1gab-masazai-guasa-mugurai-pleciem-kaklam-kajam-no-koka-2\/#primaryimage"},"thumbnailUrl":"https:\/\/cosmetic.lv\/wp-content\/uploads\/2021\/02\/20201230_1202441.jpg","datePublished":"2021-02-06T17:44:36+00:00","dateModified":"2021-02-06T17:44:42+00:00","breadcrumb":{"@id":"https:\/\/cosmetic.lv\/lv\/product\/1gab-masazai-guasa-mugurai-pleciem-kaklam-kajam-no-koka-2\/#breadcrumb"},"inLanguage":"lv-LV","potentialAction":[{"@type":"ReadAction","target":["https:\/\/cosmetic.lv\/lv\/product\/1gab-masazai-guasa-mugurai-pleciem-kaklam-kajam-no-koka-2\/"]}]},{"@type":"ImageObject","inLanguage":"lv-LV","@id":"https:\/\/cosmetic.lv\/lv\/product\/1gab-masazai-guasa-mugurai-pleciem-kaklam-kajam-no-koka-2\/#primaryimage","url":"https:\/\/cosmetic.lv\/wp-content\/uploads\/2021\/02\/20201230_1202441.jpg","contentUrl":"https:\/\/cosmetic.lv\/wp-content\/uploads\/2021\/02\/20201230_1202441.jpg","width":800,"height":450,"caption":"20201230_120244[1].jpg"},{"@type":"BreadcrumbList","@id":"https:\/\/cosmetic.lv\/lv\/product\/1gab-masazai-guasa-mugurai-pleciem-kaklam-kajam-no-koka-2\/#breadcrumb","itemListElement":[{"@type":"ListItem","position":1,"name":"Home","item":"https:\/\/cosmetic.lv\/lv\/"},{"@type":"ListItem","position":2,"name":"Veikals","item":"https:\/\/cosmetic.lv\/lv\/veiklas\/"},{"@type":"ListItem","position":3,"name":"1gab mas\u0101\u017eai gu\u0101\u0161a mugurai, pleciem, kaklam, k\u0101j\u0101m no koka"}]},{"@type":"WebSite","@id":"https:\/\/cosmetic.lv\/lv\/#website","url":"https:\/\/cosmetic.lv\/lv\/","name":"cosmetic.lv","description":"Profesion\u0101la kosm\u0113tika - Maria Galland, Keune, Arkadija, GMT, Guam, Magiray","publisher":{"@id":"https:\/\/cosmetic.lv\/lv\/#organization"},"potentialAction":[{"@type":"SearchAction","target":{"@type":"EntryPoint","urlTemplate":"https:\/\/cosmetic.lv\/lv\/?s={search_term_string}"},"query-input":{"@type":"PropertyValueSpecification","valueRequired":true,"valueName":"search_term_string"}}],"inLanguage":"lv-LV"},{"@type":"Organization","@id":"https:\/\/cosmetic.lv\/lv\/#organization","name":"COSMETIC.LV","url":"https:\/\/cosmetic.lv\/lv\/","logo":{"@type":"ImageObject","inLanguage":"lv-LV","@id":"https:\/\/cosmetic.lv\/lv\/#\/schema\/logo\/image\/","url":"https:\/\/cosmetic.lv\/wp-content\/uploads\/2021\/02\/cosmetic.lv_logo.jpg","contentUrl":"https:\/\/cosmetic.lv\/wp-content\/uploads\/2021\/02\/cosmetic.lv_logo.jpg","width":596,"height":196,"caption":"COSMETIC.LV"},"image":{"@id":"https:\/\/cosmetic.lv\/lv\/#\/schema\/logo\/image\/"},"sameAs":["https:\/\/www.facebook.com\/cosmetic.lv\/"]}]},"product_price_amount":"11.25","product_price_currency":"EUR","og_availability":"instock","product_availability":"instock","product_retailer_item_id":"41","product_condition":"new"},"_links":{"self":[{"href":"https:\/\/cosmetic.lv\/lv\/wp-json\/wp\/v2\/product\/33791","targetHints":{"allow":["GET"]}}],"collection":[{"href":"https:\/\/cosmetic.lv\/lv\/wp-json\/wp\/v2\/product"}],"about":[{"href":"https:\/\/cosmetic.lv\/lv\/wp-json\/wp\/v2\/types\/product"}],"wp:featuredmedia":[{"embeddable":true,"href":"https:\/\/cosmetic.lv\/lv\/wp-json\/wp\/v2\/media\/8064"}],"wp:attachment":[{"href":"https:\/\/cosmetic.lv\/lv\/wp-json\/wp\/v2\/media?parent=33791"}],"wp:term":[{"taxonomy":"product_brand","embeddable":true,"href":"https:\/\/cosmetic.lv\/lv\/wp-json\/wp\/v2\/product_brand?post=33791"},{"taxonomy":"product_cat","embeddable":true,"href":"https:\/\/cosmetic.lv\/lv\/wp-json\/wp\/v2\/product_cat?post=33791"},{"taxonomy":"product_tag","embeddable":true,"href":"https:\/\/cosmetic.lv\/lv\/wp-json\/wp\/v2\/product_tag?post=33791"}],"curies":[{"name":"wp","href":"https:\/\/api.w.org\/{rel}","templated":true}]}}