{"id":33803,"date":"2021-02-05T22:36:21","date_gmt":"2021-02-06T17:44:52","guid":{"rendered":"https:\/\/damme.lv\/product\/alchemic-radosais-kondicionieris-coral-250ml\/"},"modified":"2021-02-06T19:44:53","modified_gmt":"2021-02-06T17:44:53","slug":"alchemic-radosais-kondicionieris-coral-250ml","status":"publish","type":"product","link":"https:\/\/cosmetic.lv\/lv\/product\/alchemic-radosais-kondicionieris-coral-250ml\/","title":{"rendered":"ALCHEMIC rado\u0161ais kondicionieris coral 250ml"},"content":{"rendered":"<p><!DOCTYPE html PUBLIC &quot;-\/\/W3C\/\/DTD XHTML 1.0 Transitional\/\/EN&quot; &quot;http:\/\/www.w3.org\/TR\/xhtml1\/DTD\/xhtml1-transitional.dtd&quot;><br \/>\n<html><br \/>\n<head><br \/>\n<title>Untitled document<\/title><br \/>\n<\/head><br \/>\n<body><\/p>\n<div id=&quot;tw-target-text-container&quot;>\n<pre id=&quot;tw-target-text&quot; style=&quot;text-align:left&quot; dir=&quot;ltr&quot;><span>Apraksts\n\nSatur tie&scaron;us pigmentus, kas lieliski iedarbojas uz gai&scaron;i dab\u012bgiem (v\u0113lams 8\/9 to\u0146u l\u012bmen\u012b un augst\u0101k), k\u0101 ar\u012b balin\u0101tus un balin\u0101tus l\u012bdz plat\u012bna blondiem matiem, radot modernus kr\u0101su efektus, vienlaikus intens\u012bvi barojot matus<br \/><br \/><br \/><\/span><\/pre>\n<\/div>\n<div id=&quot;tw-target-rmn-container&quot;>\n<pre id=&quot;tw-target-rmn&quot; style=&quot;text-align:left&quot; dir=&quot;ltr&quot;><span><pre id=&quot;tw-target-text&quot; style=&quot;text-align: left;&quot; dir=&quot;ltr&quot;><span>ALCHEMIC rado&scaron;ais kondicionieris uzlabo matu dabisko kr\u0101su un uztur kr\u0101sotu matu spilgtumu. Pateicoties jojobas e\u013c\u013cai, t\u0101 dzi\u013ci baro, m\u012bkstina un mitrina matus, atst\u0101jot tos z\u012bdainus un sp\u012bd\u012bgus.\nIde\u0101li kombin\u0101cij\u0101 ar ALCHEMIC &scaron;amp\u016bnu.\nNesatur sulf\u0101tus un parab\u0113nus.\nPiem\u0113rots gai&scaron;iem dab\u012bgiem matiem (v\u0113lams 8\/9 to\u0146u l\u012bmen\u012b un augst\u0101k), k\u0101 ar\u012b balin\u0101ti un balin\u0101ti l\u012bdz &quot;plat\u012bna blondu&quot; matu l\u012bmenim, radot modes kr\u0101su efektus, vienlaikus intens\u012bvi barojot matus.\n\nLieto&scaron;anas veids:<br \/><div id=&quot;tw-target-text-container&quot;>\n<pre id=&quot;tw-target-text&quot; style=&quot;text-align: left;&quot; dir=&quot;ltr&quot;><span>P\u0113c ALCHEMIC \/ &scaron;amp\u016bna lieto&scaron;anas vienm\u0113r\u012bgi uzkl\u0101jiet uz dvie\u013ciem nosusin\u0101tus matus.\n    Atst\u0101j uz 5-8 min\u016bt\u0113m, \u0137emm\u0113 matus, r\u016bp\u012bgi noskalo ar siltu \u016bdeni.\n    P\u0101rejiet uz v\u0113lamo stilu.<\/span><\/pre>\n<\/div>\n<div id=&quot;tw-target-rmn-container&quot;>\n<pre id=&quot;tw-target-rmn&quot; style=&quot;text-align: left;&quot; dir=&quot;ltr&quot;><span><br \/><\/span><\/pre>\n<\/div>\n<p><\/span><br \/>\n<\/span>\n<\/div>\n<p><\/body><br \/>\n<\/html><\/p>\n","protected":false},"excerpt":{"rendered":"<p>Untitled document Apraksts Satur tie&scaron;us pigmentus, kas lieliski iedarbojas uz gai&scaron;i dab\u012bgiem (v\u0113lams 8\/9 to\u0146u l\u012bmen\u012b un augst\u0101k), k\u0101 ar\u012b<\/p>\n","protected":false},"featured_media":15178,"template":"","meta":[],"product_brand":[],"product_cat":[2258,2260,2261],"product_tag":[],"class_list":{"0":"post-33803","1":"product","2":"type-product","3":"status-publish","4":"has-post-thumbnail","6":"product_cat-profesionala-kosmetika-matiem-lv","7":"product_cat-davines-italija-lv","8":"product_cat-kondicionieris-matiem-lv","10":"first","11":"outofstock","12":"taxable","13":"shipping-taxable","14":"purchasable","15":"product-type-simple"},"yoast_head":"<!-- This site is optimized with the Yoast SEO Premium plugin v27.0 (Yoast SEO v27.0) - https:\/\/yoast.com\/product\/yoast-seo-premium-wordpress\/ -->\n<title>ALCHEMIC rado\u0161ais kondicionieris coral 250ml - cosmetic.lv<\/title>\n<meta name=\"robots\" content=\"index, follow, max-snippet:-1, max-image-preview:large, max-video-preview:-1\" \/>\n<link rel=\"canonical\" href=\"https:\/\/cosmetic.lv\/lv\/product\/alchemic-radosais-kondicionieris-coral-250ml\/\" \/>\n<meta property=\"og:locale\" content=\"lv_LV\" \/>\n<meta property=\"og:type\" content=\"article\" \/>\n<meta property=\"og:title\" content=\"ALCHEMIC rado\u0161ais kondicionieris coral 250ml\" \/>\n<meta property=\"og:description\" content=\"Untitled document Apraksts Satur tie&scaron;us pigmentus, kas lieliski iedarbojas uz gai&scaron;i dab\u012bgiem (v\u0113lams 8\/9 to\u0146u l\u012bmen\u012b un augst\u0101k), k\u0101 ar\u012b\" \/>\n<meta property=\"og:url\" content=\"https:\/\/cosmetic.lv\/lv\/product\/alchemic-radosais-kondicionieris-coral-250ml\/\" \/>\n<meta property=\"og:site_name\" content=\"cosmetic.lv\" \/>\n<meta property=\"article:publisher\" content=\"https:\/\/www.facebook.com\/cosmetic.lv\/\" \/>\n<meta property=\"article:modified_time\" content=\"2021-02-06T17:44:53+00:00\" \/>\n<meta property=\"og:image\" content=\"https:\/\/cosmetic.lv\/wp-content\/uploads\/2021\/02\/davines-alchemic-creative-conditioner-250ml-4.jpg\" \/>\n\t<meta property=\"og:image:width\" content=\"1400\" \/>\n\t<meta property=\"og:image:height\" content=\"1400\" \/>\n\t<meta property=\"og:image:type\" content=\"image\/jpeg\" \/>\n<meta name=\"twitter:card\" content=\"summary_large_image\" \/>\n<script type=\"application\/ld+json\" class=\"yoast-schema-graph\">{\"@context\":\"https:\/\/schema.org\",\"@graph\":[{\"@type\":\"WebPage\",\"@id\":\"https:\/\/cosmetic.lv\/lv\/product\/alchemic-radosais-kondicionieris-coral-250ml\/\",\"url\":\"https:\/\/cosmetic.lv\/lv\/product\/alchemic-radosais-kondicionieris-coral-250ml\/\",\"name\":\"ALCHEMIC rado\u0161ais kondicionieris coral 250ml - cosmetic.lv\",\"isPartOf\":{\"@id\":\"https:\/\/cosmetic.lv\/lv\/#website\"},\"primaryImageOfPage\":{\"@id\":\"https:\/\/cosmetic.lv\/lv\/product\/alchemic-radosais-kondicionieris-coral-250ml\/#primaryimage\"},\"image\":{\"@id\":\"https:\/\/cosmetic.lv\/lv\/product\/alchemic-radosais-kondicionieris-coral-250ml\/#primaryimage\"},\"thumbnailUrl\":\"https:\/\/cosmetic.lv\/wp-content\/uploads\/2021\/02\/davines-alchemic-creative-conditioner-250ml-4.jpg\",\"datePublished\":\"2021-02-06T17:44:52+00:00\",\"dateModified\":\"2021-02-06T17:44:53+00:00\",\"breadcrumb\":{\"@id\":\"https:\/\/cosmetic.lv\/lv\/product\/alchemic-radosais-kondicionieris-coral-250ml\/#breadcrumb\"},\"inLanguage\":\"lv-LV\",\"potentialAction\":[{\"@type\":\"ReadAction\",\"target\":[\"https:\/\/cosmetic.lv\/lv\/product\/alchemic-radosais-kondicionieris-coral-250ml\/\"]}]},{\"@type\":\"ImageObject\",\"inLanguage\":\"lv-LV\",\"@id\":\"https:\/\/cosmetic.lv\/lv\/product\/alchemic-radosais-kondicionieris-coral-250ml\/#primaryimage\",\"url\":\"https:\/\/cosmetic.lv\/wp-content\/uploads\/2021\/02\/davines-alchemic-creative-conditioner-250ml-4.jpg\",\"contentUrl\":\"https:\/\/cosmetic.lv\/wp-content\/uploads\/2021\/02\/davines-alchemic-creative-conditioner-250ml-4.jpg\",\"width\":1400,\"height\":1400,\"caption\":\"davines-alchemic-creative-conditioner-250ml.jpg\"},{\"@type\":\"BreadcrumbList\",\"@id\":\"https:\/\/cosmetic.lv\/lv\/product\/alchemic-radosais-kondicionieris-coral-250ml\/#breadcrumb\",\"itemListElement\":[{\"@type\":\"ListItem\",\"position\":1,\"name\":\"Home\",\"item\":\"https:\/\/cosmetic.lv\/lv\/\"},{\"@type\":\"ListItem\",\"position\":2,\"name\":\"Veikals\",\"item\":\"https:\/\/cosmetic.lv\/lv\/veiklas\/\"},{\"@type\":\"ListItem\",\"position\":3,\"name\":\"ALCHEMIC rado\u0161ais kondicionieris coral 250ml\"}]},{\"@type\":\"WebSite\",\"@id\":\"https:\/\/cosmetic.lv\/lv\/#website\",\"url\":\"https:\/\/cosmetic.lv\/lv\/\",\"name\":\"cosmetic.lv\",\"description\":\"Profesion\u0101la kosm\u0113tika - Maria Galland, Keune, Arkadija, GMT, Guam, Magiray\",\"publisher\":{\"@id\":\"https:\/\/cosmetic.lv\/lv\/#organization\"},\"potentialAction\":[{\"@type\":\"SearchAction\",\"target\":{\"@type\":\"EntryPoint\",\"urlTemplate\":\"https:\/\/cosmetic.lv\/lv\/?s={search_term_string}\"},\"query-input\":{\"@type\":\"PropertyValueSpecification\",\"valueRequired\":true,\"valueName\":\"search_term_string\"}}],\"inLanguage\":\"lv-LV\"},{\"@type\":\"Organization\",\"@id\":\"https:\/\/cosmetic.lv\/lv\/#organization\",\"name\":\"COSMETIC.LV\",\"url\":\"https:\/\/cosmetic.lv\/lv\/\",\"logo\":{\"@type\":\"ImageObject\",\"inLanguage\":\"lv-LV\",\"@id\":\"https:\/\/cosmetic.lv\/lv\/#\/schema\/logo\/image\/\",\"url\":\"https:\/\/cosmetic.lv\/wp-content\/uploads\/2021\/02\/cosmetic.lv_logo.jpg\",\"contentUrl\":\"https:\/\/cosmetic.lv\/wp-content\/uploads\/2021\/02\/cosmetic.lv_logo.jpg\",\"width\":596,\"height\":196,\"caption\":\"COSMETIC.LV\"},\"image\":{\"@id\":\"https:\/\/cosmetic.lv\/lv\/#\/schema\/logo\/image\/\"},\"sameAs\":[\"https:\/\/www.facebook.com\/cosmetic.lv\/\"]}]}<\/script>\n<meta property=\"product:price:amount\" content=\"24.20\" \/>\n<meta property=\"product:price:currency\" content=\"EUR\" \/>\n<meta property=\"og:availability\" content=\"out of stock\" \/>\n<meta property=\"product:availability\" content=\"out of stock\" \/>\n<meta property=\"product:retailer_item_id\" content=\"67249\" \/>\n<meta property=\"product:condition\" content=\"new\" \/>\n<!-- \/ Yoast SEO Premium plugin. -->","yoast_head_json":{"title":"ALCHEMIC rado\u0161ais kondicionieris coral 250ml - cosmetic.lv","robots":{"index":"index","follow":"follow","max-snippet":"max-snippet:-1","max-image-preview":"max-image-preview:large","max-video-preview":"max-video-preview:-1"},"canonical":"https:\/\/cosmetic.lv\/lv\/product\/alchemic-radosais-kondicionieris-coral-250ml\/","og_locale":"lv_LV","og_type":"article","og_title":"ALCHEMIC rado\u0161ais kondicionieris coral 250ml","og_description":"Untitled document Apraksts Satur tie&scaron;us pigmentus, kas lieliski iedarbojas uz gai&scaron;i dab\u012bgiem (v\u0113lams 8\/9 to\u0146u l\u012bmen\u012b un augst\u0101k), k\u0101 ar\u012b","og_url":"https:\/\/cosmetic.lv\/lv\/product\/alchemic-radosais-kondicionieris-coral-250ml\/","og_site_name":"cosmetic.lv","article_publisher":"https:\/\/www.facebook.com\/cosmetic.lv\/","article_modified_time":"2021-02-06T17:44:53+00:00","og_image":[{"width":1400,"height":1400,"url":"https:\/\/cosmetic.lv\/wp-content\/uploads\/2021\/02\/davines-alchemic-creative-conditioner-250ml-4.jpg","type":"image\/jpeg"}],"twitter_card":"summary_large_image","schema":{"@context":"https:\/\/schema.org","@graph":[{"@type":"WebPage","@id":"https:\/\/cosmetic.lv\/lv\/product\/alchemic-radosais-kondicionieris-coral-250ml\/","url":"https:\/\/cosmetic.lv\/lv\/product\/alchemic-radosais-kondicionieris-coral-250ml\/","name":"ALCHEMIC rado\u0161ais kondicionieris coral 250ml - cosmetic.lv","isPartOf":{"@id":"https:\/\/cosmetic.lv\/lv\/#website"},"primaryImageOfPage":{"@id":"https:\/\/cosmetic.lv\/lv\/product\/alchemic-radosais-kondicionieris-coral-250ml\/#primaryimage"},"image":{"@id":"https:\/\/cosmetic.lv\/lv\/product\/alchemic-radosais-kondicionieris-coral-250ml\/#primaryimage"},"thumbnailUrl":"https:\/\/cosmetic.lv\/wp-content\/uploads\/2021\/02\/davines-alchemic-creative-conditioner-250ml-4.jpg","datePublished":"2021-02-06T17:44:52+00:00","dateModified":"2021-02-06T17:44:53+00:00","breadcrumb":{"@id":"https:\/\/cosmetic.lv\/lv\/product\/alchemic-radosais-kondicionieris-coral-250ml\/#breadcrumb"},"inLanguage":"lv-LV","potentialAction":[{"@type":"ReadAction","target":["https:\/\/cosmetic.lv\/lv\/product\/alchemic-radosais-kondicionieris-coral-250ml\/"]}]},{"@type":"ImageObject","inLanguage":"lv-LV","@id":"https:\/\/cosmetic.lv\/lv\/product\/alchemic-radosais-kondicionieris-coral-250ml\/#primaryimage","url":"https:\/\/cosmetic.lv\/wp-content\/uploads\/2021\/02\/davines-alchemic-creative-conditioner-250ml-4.jpg","contentUrl":"https:\/\/cosmetic.lv\/wp-content\/uploads\/2021\/02\/davines-alchemic-creative-conditioner-250ml-4.jpg","width":1400,"height":1400,"caption":"davines-alchemic-creative-conditioner-250ml.jpg"},{"@type":"BreadcrumbList","@id":"https:\/\/cosmetic.lv\/lv\/product\/alchemic-radosais-kondicionieris-coral-250ml\/#breadcrumb","itemListElement":[{"@type":"ListItem","position":1,"name":"Home","item":"https:\/\/cosmetic.lv\/lv\/"},{"@type":"ListItem","position":2,"name":"Veikals","item":"https:\/\/cosmetic.lv\/lv\/veiklas\/"},{"@type":"ListItem","position":3,"name":"ALCHEMIC rado\u0161ais kondicionieris coral 250ml"}]},{"@type":"WebSite","@id":"https:\/\/cosmetic.lv\/lv\/#website","url":"https:\/\/cosmetic.lv\/lv\/","name":"cosmetic.lv","description":"Profesion\u0101la kosm\u0113tika - Maria Galland, Keune, Arkadija, GMT, Guam, Magiray","publisher":{"@id":"https:\/\/cosmetic.lv\/lv\/#organization"},"potentialAction":[{"@type":"SearchAction","target":{"@type":"EntryPoint","urlTemplate":"https:\/\/cosmetic.lv\/lv\/?s={search_term_string}"},"query-input":{"@type":"PropertyValueSpecification","valueRequired":true,"valueName":"search_term_string"}}],"inLanguage":"lv-LV"},{"@type":"Organization","@id":"https:\/\/cosmetic.lv\/lv\/#organization","name":"COSMETIC.LV","url":"https:\/\/cosmetic.lv\/lv\/","logo":{"@type":"ImageObject","inLanguage":"lv-LV","@id":"https:\/\/cosmetic.lv\/lv\/#\/schema\/logo\/image\/","url":"https:\/\/cosmetic.lv\/wp-content\/uploads\/2021\/02\/cosmetic.lv_logo.jpg","contentUrl":"https:\/\/cosmetic.lv\/wp-content\/uploads\/2021\/02\/cosmetic.lv_logo.jpg","width":596,"height":196,"caption":"COSMETIC.LV"},"image":{"@id":"https:\/\/cosmetic.lv\/lv\/#\/schema\/logo\/image\/"},"sameAs":["https:\/\/www.facebook.com\/cosmetic.lv\/"]}]},"product_price_amount":"24.20","product_price_currency":"EUR","og_availability":"out of stock","product_availability":"out of stock","product_retailer_item_id":"67249","product_condition":"new"},"_links":{"self":[{"href":"https:\/\/cosmetic.lv\/lv\/wp-json\/wp\/v2\/product\/33803","targetHints":{"allow":["GET"]}}],"collection":[{"href":"https:\/\/cosmetic.lv\/lv\/wp-json\/wp\/v2\/product"}],"about":[{"href":"https:\/\/cosmetic.lv\/lv\/wp-json\/wp\/v2\/types\/product"}],"wp:featuredmedia":[{"embeddable":true,"href":"https:\/\/cosmetic.lv\/lv\/wp-json\/wp\/v2\/media\/15178"}],"wp:attachment":[{"href":"https:\/\/cosmetic.lv\/lv\/wp-json\/wp\/v2\/media?parent=33803"}],"wp:term":[{"taxonomy":"product_brand","embeddable":true,"href":"https:\/\/cosmetic.lv\/lv\/wp-json\/wp\/v2\/product_brand?post=33803"},{"taxonomy":"product_cat","embeddable":true,"href":"https:\/\/cosmetic.lv\/lv\/wp-json\/wp\/v2\/product_cat?post=33803"},{"taxonomy":"product_tag","embeddable":true,"href":"https:\/\/cosmetic.lv\/lv\/wp-json\/wp\/v2\/product_tag?post=33803"}],"curies":[{"name":"wp","href":"https:\/\/api.w.org\/{rel}","templated":true}]}}