{"id":33810,"date":"2021-02-05T22:36:21","date_gmt":"2021-02-06T17:44:52","guid":{"rendered":"https:\/\/damme.lv\/product\/davines-alchemic-creative-kondicionieris-rozais-250ml\/"},"modified":"2021-02-06T19:44:58","modified_gmt":"2021-02-06T17:44:58","slug":"davines-alchemic-creative-kondicionieris-rozais-250ml","status":"publish","type":"product","link":"https:\/\/cosmetic.lv\/lv\/product\/davines-alchemic-creative-kondicionieris-rozais-250ml\/","title":{"rendered":"Davines ALCHEMIC Creative kondicionieris rozais 250ml"},"content":{"rendered":"<p><!DOCTYPE html PUBLIC &quot;-\/\/W3C\/\/DTD XHTML 1.0 Transitional\/\/EN&quot; &quot;http:\/\/www.w3.org\/TR\/xhtml1\/DTD\/xhtml1-transitional.dtd&quot;><br \/>\n<html><br \/>\n<head><br \/>\n<title>Untitled document<\/title><br \/>\n<\/head><br \/>\n<body><\/p>\n<p>Padariet savu sapni par rado&scaron;u matu kr\u0101su realit\u0101ti, izmantojot jauno to\u0146u &quot;roz\u0101&quot; toniz\u0113jo&scaron;o kondicionieri Alchemist!<br \/>Kondicionieris ir \u012bpa&scaron;i izstr\u0101d\u0101ts, lai rad\u012btu rado&scaron;us to\u0146us gai&scaron;iem un balin\u0101tiem matiem. Kr\u0101sa pamaz\u0101m tiek izskalota. Rezult\u0101ts ir atkar\u012bgs no matu s\u0101kuma l\u012bme\u0146a un to nokr\u0101sas.<\/p>\n<p>Tilpums: 250 ml<br \/>Priek&scaron;roc\u012bbas<\/p>\n<p>&nbsp;&nbsp;&nbsp; Kondicionieris satur tie&scaron;us pigmentus dz\u012bv\u0101m kr\u0101s\u0101m un jojobas e\u013c\u013cu, lai pievienotu matiem sp\u012bdumu, m\u012bkstin\u0101tu un mitrin\u0101tu.<br \/>&nbsp;&nbsp;&nbsp; Tas sast\u0101v no 95% dab\u012bg\u0101m sast\u0101vda\u013c\u0101m.<br \/>&nbsp;&nbsp;&nbsp; Nesatur parab\u0113nus un silikonus.<\/p>\n<p><\/body><br \/>\n<\/html><\/p>\n","protected":false},"excerpt":{"rendered":"<p>Untitled document Padariet savu sapni par rado&scaron;u matu kr\u0101su realit\u0101ti, izmantojot jauno to\u0146u &quot;roz\u0101&quot; toniz\u0113jo&scaron;o kondicionieri Alchemist!Kondicionieris ir \u012bpa&scaron;i izstr\u0101d\u0101ts,<\/p>\n","protected":false},"featured_media":15189,"template":"","meta":[],"product_brand":[],"product_cat":[2258,2260,2261],"product_tag":[],"class_list":{"0":"post-33810","1":"product","2":"type-product","3":"status-publish","4":"has-post-thumbnail","6":"product_cat-profesionala-kosmetika-matiem-lv","7":"product_cat-davines-italija-lv","8":"product_cat-kondicionieris-matiem-lv","10":"first","11":"outofstock","12":"taxable","13":"shipping-taxable","14":"purchasable","15":"product-type-simple"},"yoast_head":"<!-- This site is optimized with the Yoast SEO Premium plugin v27.0 (Yoast SEO v27.0) - https:\/\/yoast.com\/product\/yoast-seo-premium-wordpress\/ -->\n<title>Davines ALCHEMIC Creative kondicionieris rozais 250ml - cosmetic.lv<\/title>\n<meta name=\"robots\" content=\"index, follow, max-snippet:-1, max-image-preview:large, max-video-preview:-1\" \/>\n<link rel=\"canonical\" href=\"https:\/\/cosmetic.lv\/lv\/product\/davines-alchemic-creative-kondicionieris-rozais-250ml\/\" \/>\n<meta property=\"og:locale\" content=\"lv_LV\" \/>\n<meta property=\"og:type\" content=\"article\" \/>\n<meta property=\"og:title\" content=\"Davines ALCHEMIC Creative kondicionieris rozais 250ml\" \/>\n<meta property=\"og:description\" content=\"Untitled document Padariet savu sapni par rado&scaron;u matu kr\u0101su realit\u0101ti, izmantojot jauno to\u0146u &quot;roz\u0101&quot; toniz\u0113jo&scaron;o kondicionieri Alchemist!Kondicionieris ir \u012bpa&scaron;i izstr\u0101d\u0101ts,\" \/>\n<meta property=\"og:url\" content=\"https:\/\/cosmetic.lv\/lv\/product\/davines-alchemic-creative-kondicionieris-rozais-250ml\/\" \/>\n<meta property=\"og:site_name\" content=\"cosmetic.lv\" \/>\n<meta property=\"article:publisher\" content=\"https:\/\/www.facebook.com\/cosmetic.lv\/\" \/>\n<meta property=\"article:modified_time\" content=\"2021-02-06T17:44:58+00:00\" \/>\n<meta property=\"og:image\" content=\"https:\/\/cosmetic.lv\/wp-content\/uploads\/2021\/02\/davines-alchemic-pink-4-1-600x600-4.png\" \/>\n\t<meta property=\"og:image:width\" content=\"600\" \/>\n\t<meta property=\"og:image:height\" content=\"600\" \/>\n\t<meta property=\"og:image:type\" content=\"image\/png\" \/>\n<meta name=\"twitter:card\" content=\"summary_large_image\" \/>\n<script type=\"application\/ld+json\" class=\"yoast-schema-graph\">{\"@context\":\"https:\/\/schema.org\",\"@graph\":[{\"@type\":\"WebPage\",\"@id\":\"https:\/\/cosmetic.lv\/lv\/product\/davines-alchemic-creative-kondicionieris-rozais-250ml\/\",\"url\":\"https:\/\/cosmetic.lv\/lv\/product\/davines-alchemic-creative-kondicionieris-rozais-250ml\/\",\"name\":\"Davines ALCHEMIC Creative kondicionieris rozais 250ml - cosmetic.lv\",\"isPartOf\":{\"@id\":\"https:\/\/cosmetic.lv\/lv\/#website\"},\"primaryImageOfPage\":{\"@id\":\"https:\/\/cosmetic.lv\/lv\/product\/davines-alchemic-creative-kondicionieris-rozais-250ml\/#primaryimage\"},\"image\":{\"@id\":\"https:\/\/cosmetic.lv\/lv\/product\/davines-alchemic-creative-kondicionieris-rozais-250ml\/#primaryimage\"},\"thumbnailUrl\":\"https:\/\/cosmetic.lv\/wp-content\/uploads\/2021\/02\/davines-alchemic-pink-4-1-600x600-4.png\",\"datePublished\":\"2021-02-06T17:44:52+00:00\",\"dateModified\":\"2021-02-06T17:44:58+00:00\",\"breadcrumb\":{\"@id\":\"https:\/\/cosmetic.lv\/lv\/product\/davines-alchemic-creative-kondicionieris-rozais-250ml\/#breadcrumb\"},\"inLanguage\":\"lv-LV\",\"potentialAction\":[{\"@type\":\"ReadAction\",\"target\":[\"https:\/\/cosmetic.lv\/lv\/product\/davines-alchemic-creative-kondicionieris-rozais-250ml\/\"]}]},{\"@type\":\"ImageObject\",\"inLanguage\":\"lv-LV\",\"@id\":\"https:\/\/cosmetic.lv\/lv\/product\/davines-alchemic-creative-kondicionieris-rozais-250ml\/#primaryimage\",\"url\":\"https:\/\/cosmetic.lv\/wp-content\/uploads\/2021\/02\/davines-alchemic-pink-4-1-600x600-4.png\",\"contentUrl\":\"https:\/\/cosmetic.lv\/wp-content\/uploads\/2021\/02\/davines-alchemic-pink-4-1-600x600-4.png\",\"width\":600,\"height\":600,\"caption\":\"davines-alchemic-pink-4-1-600x600.png\"},{\"@type\":\"BreadcrumbList\",\"@id\":\"https:\/\/cosmetic.lv\/lv\/product\/davines-alchemic-creative-kondicionieris-rozais-250ml\/#breadcrumb\",\"itemListElement\":[{\"@type\":\"ListItem\",\"position\":1,\"name\":\"Home\",\"item\":\"https:\/\/cosmetic.lv\/lv\/\"},{\"@type\":\"ListItem\",\"position\":2,\"name\":\"Veikals\",\"item\":\"https:\/\/cosmetic.lv\/lv\/veiklas\/\"},{\"@type\":\"ListItem\",\"position\":3,\"name\":\"Davines ALCHEMIC Creative kondicionieris rozais 250ml\"}]},{\"@type\":\"WebSite\",\"@id\":\"https:\/\/cosmetic.lv\/lv\/#website\",\"url\":\"https:\/\/cosmetic.lv\/lv\/\",\"name\":\"cosmetic.lv\",\"description\":\"Profesion\u0101la kosm\u0113tika - Maria Galland, Keune, Arkadija, GMT, Guam, Magiray\",\"publisher\":{\"@id\":\"https:\/\/cosmetic.lv\/lv\/#organization\"},\"potentialAction\":[{\"@type\":\"SearchAction\",\"target\":{\"@type\":\"EntryPoint\",\"urlTemplate\":\"https:\/\/cosmetic.lv\/lv\/?s={search_term_string}\"},\"query-input\":{\"@type\":\"PropertyValueSpecification\",\"valueRequired\":true,\"valueName\":\"search_term_string\"}}],\"inLanguage\":\"lv-LV\"},{\"@type\":\"Organization\",\"@id\":\"https:\/\/cosmetic.lv\/lv\/#organization\",\"name\":\"COSMETIC.LV\",\"url\":\"https:\/\/cosmetic.lv\/lv\/\",\"logo\":{\"@type\":\"ImageObject\",\"inLanguage\":\"lv-LV\",\"@id\":\"https:\/\/cosmetic.lv\/lv\/#\/schema\/logo\/image\/\",\"url\":\"https:\/\/cosmetic.lv\/wp-content\/uploads\/2021\/02\/cosmetic.lv_logo.jpg\",\"contentUrl\":\"https:\/\/cosmetic.lv\/wp-content\/uploads\/2021\/02\/cosmetic.lv_logo.jpg\",\"width\":596,\"height\":196,\"caption\":\"COSMETIC.LV\"},\"image\":{\"@id\":\"https:\/\/cosmetic.lv\/lv\/#\/schema\/logo\/image\/\"},\"sameAs\":[\"https:\/\/www.facebook.com\/cosmetic.lv\/\"]}]}<\/script>\n<meta property=\"product:price:amount\" content=\"24.20\" \/>\n<meta property=\"product:price:currency\" content=\"EUR\" \/>\n<meta property=\"og:availability\" content=\"out of stock\" \/>\n<meta property=\"product:availability\" content=\"out of stock\" \/>\n<meta property=\"product:retailer_item_id\" content=\"67245\" \/>\n<meta property=\"product:condition\" content=\"new\" \/>\n<!-- \/ Yoast SEO Premium plugin. -->","yoast_head_json":{"title":"Davines ALCHEMIC Creative kondicionieris rozais 250ml - cosmetic.lv","robots":{"index":"index","follow":"follow","max-snippet":"max-snippet:-1","max-image-preview":"max-image-preview:large","max-video-preview":"max-video-preview:-1"},"canonical":"https:\/\/cosmetic.lv\/lv\/product\/davines-alchemic-creative-kondicionieris-rozais-250ml\/","og_locale":"lv_LV","og_type":"article","og_title":"Davines ALCHEMIC Creative kondicionieris rozais 250ml","og_description":"Untitled document Padariet savu sapni par rado&scaron;u matu kr\u0101su realit\u0101ti, izmantojot jauno to\u0146u &quot;roz\u0101&quot; toniz\u0113jo&scaron;o kondicionieri Alchemist!Kondicionieris ir \u012bpa&scaron;i izstr\u0101d\u0101ts,","og_url":"https:\/\/cosmetic.lv\/lv\/product\/davines-alchemic-creative-kondicionieris-rozais-250ml\/","og_site_name":"cosmetic.lv","article_publisher":"https:\/\/www.facebook.com\/cosmetic.lv\/","article_modified_time":"2021-02-06T17:44:58+00:00","og_image":[{"width":600,"height":600,"url":"https:\/\/cosmetic.lv\/wp-content\/uploads\/2021\/02\/davines-alchemic-pink-4-1-600x600-4.png","type":"image\/png"}],"twitter_card":"summary_large_image","schema":{"@context":"https:\/\/schema.org","@graph":[{"@type":"WebPage","@id":"https:\/\/cosmetic.lv\/lv\/product\/davines-alchemic-creative-kondicionieris-rozais-250ml\/","url":"https:\/\/cosmetic.lv\/lv\/product\/davines-alchemic-creative-kondicionieris-rozais-250ml\/","name":"Davines ALCHEMIC Creative kondicionieris rozais 250ml - cosmetic.lv","isPartOf":{"@id":"https:\/\/cosmetic.lv\/lv\/#website"},"primaryImageOfPage":{"@id":"https:\/\/cosmetic.lv\/lv\/product\/davines-alchemic-creative-kondicionieris-rozais-250ml\/#primaryimage"},"image":{"@id":"https:\/\/cosmetic.lv\/lv\/product\/davines-alchemic-creative-kondicionieris-rozais-250ml\/#primaryimage"},"thumbnailUrl":"https:\/\/cosmetic.lv\/wp-content\/uploads\/2021\/02\/davines-alchemic-pink-4-1-600x600-4.png","datePublished":"2021-02-06T17:44:52+00:00","dateModified":"2021-02-06T17:44:58+00:00","breadcrumb":{"@id":"https:\/\/cosmetic.lv\/lv\/product\/davines-alchemic-creative-kondicionieris-rozais-250ml\/#breadcrumb"},"inLanguage":"lv-LV","potentialAction":[{"@type":"ReadAction","target":["https:\/\/cosmetic.lv\/lv\/product\/davines-alchemic-creative-kondicionieris-rozais-250ml\/"]}]},{"@type":"ImageObject","inLanguage":"lv-LV","@id":"https:\/\/cosmetic.lv\/lv\/product\/davines-alchemic-creative-kondicionieris-rozais-250ml\/#primaryimage","url":"https:\/\/cosmetic.lv\/wp-content\/uploads\/2021\/02\/davines-alchemic-pink-4-1-600x600-4.png","contentUrl":"https:\/\/cosmetic.lv\/wp-content\/uploads\/2021\/02\/davines-alchemic-pink-4-1-600x600-4.png","width":600,"height":600,"caption":"davines-alchemic-pink-4-1-600x600.png"},{"@type":"BreadcrumbList","@id":"https:\/\/cosmetic.lv\/lv\/product\/davines-alchemic-creative-kondicionieris-rozais-250ml\/#breadcrumb","itemListElement":[{"@type":"ListItem","position":1,"name":"Home","item":"https:\/\/cosmetic.lv\/lv\/"},{"@type":"ListItem","position":2,"name":"Veikals","item":"https:\/\/cosmetic.lv\/lv\/veiklas\/"},{"@type":"ListItem","position":3,"name":"Davines ALCHEMIC Creative kondicionieris rozais 250ml"}]},{"@type":"WebSite","@id":"https:\/\/cosmetic.lv\/lv\/#website","url":"https:\/\/cosmetic.lv\/lv\/","name":"cosmetic.lv","description":"Profesion\u0101la kosm\u0113tika - Maria Galland, Keune, Arkadija, GMT, Guam, Magiray","publisher":{"@id":"https:\/\/cosmetic.lv\/lv\/#organization"},"potentialAction":[{"@type":"SearchAction","target":{"@type":"EntryPoint","urlTemplate":"https:\/\/cosmetic.lv\/lv\/?s={search_term_string}"},"query-input":{"@type":"PropertyValueSpecification","valueRequired":true,"valueName":"search_term_string"}}],"inLanguage":"lv-LV"},{"@type":"Organization","@id":"https:\/\/cosmetic.lv\/lv\/#organization","name":"COSMETIC.LV","url":"https:\/\/cosmetic.lv\/lv\/","logo":{"@type":"ImageObject","inLanguage":"lv-LV","@id":"https:\/\/cosmetic.lv\/lv\/#\/schema\/logo\/image\/","url":"https:\/\/cosmetic.lv\/wp-content\/uploads\/2021\/02\/cosmetic.lv_logo.jpg","contentUrl":"https:\/\/cosmetic.lv\/wp-content\/uploads\/2021\/02\/cosmetic.lv_logo.jpg","width":596,"height":196,"caption":"COSMETIC.LV"},"image":{"@id":"https:\/\/cosmetic.lv\/lv\/#\/schema\/logo\/image\/"},"sameAs":["https:\/\/www.facebook.com\/cosmetic.lv\/"]}]},"product_price_amount":"24.20","product_price_currency":"EUR","og_availability":"out of stock","product_availability":"out of stock","product_retailer_item_id":"67245","product_condition":"new"},"_links":{"self":[{"href":"https:\/\/cosmetic.lv\/lv\/wp-json\/wp\/v2\/product\/33810","targetHints":{"allow":["GET"]}}],"collection":[{"href":"https:\/\/cosmetic.lv\/lv\/wp-json\/wp\/v2\/product"}],"about":[{"href":"https:\/\/cosmetic.lv\/lv\/wp-json\/wp\/v2\/types\/product"}],"wp:featuredmedia":[{"embeddable":true,"href":"https:\/\/cosmetic.lv\/lv\/wp-json\/wp\/v2\/media\/15189"}],"wp:attachment":[{"href":"https:\/\/cosmetic.lv\/lv\/wp-json\/wp\/v2\/media?parent=33810"}],"wp:term":[{"taxonomy":"product_brand","embeddable":true,"href":"https:\/\/cosmetic.lv\/lv\/wp-json\/wp\/v2\/product_brand?post=33810"},{"taxonomy":"product_cat","embeddable":true,"href":"https:\/\/cosmetic.lv\/lv\/wp-json\/wp\/v2\/product_cat?post=33810"},{"taxonomy":"product_tag","embeddable":true,"href":"https:\/\/cosmetic.lv\/lv\/wp-json\/wp\/v2\/product_tag?post=33810"}],"curies":[{"name":"wp","href":"https:\/\/api.w.org\/{rel}","templated":true}]}}