{"id":33813,"date":"2021-02-05T22:36:21","date_gmt":"2021-02-06T17:45:01","guid":{"rendered":"https:\/\/damme.lv\/product\/davines-essential-haircare-su-aftersun-pec-saulosanas-krems-sejai-un-kermenim-150-ml\/"},"modified":"2021-02-06T19:45:02","modified_gmt":"2021-02-06T17:45:02","slug":"davines-essential-haircare-su-aftersun-pec-saulosanas-krems-sejai-un-kermenim-150-ml","status":"publish","type":"product","link":"https:\/\/cosmetic.lv\/lv\/product\/davines-essential-haircare-su-aftersun-pec-saulosanas-krems-sejai-un-kermenim-150-ml\/","title":{"rendered":"Davines Essential Haircare SU aftersun &#8211; P\u0113c sau\u013co\u0161an\u0101s kr\u0113ms sejai un \u0137ermenim 150 ml"},"content":{"rendered":"<p><!DOCTYPE html PUBLIC &quot;-\/\/W3C\/\/DTD XHTML 1.0 Transitional\/\/EN&quot; &quot;http:\/\/www.w3.org\/TR\/xhtml1\/DTD\/xhtml1-transitional.dtd&quot;><br \/>\n<html><br \/>\n<head><br \/>\n<title>Untitled document<\/title><br \/>\n<\/head><br \/>\n<body><\/p>\n<p>Atjaunojo&scaron;s kr\u0113ms sejai un \u0137ermenim p\u0113c saules apdegumiem, kura pamat\u0101 ir it\u0101\u013cu z\u012bmola Davines dabisk\u0101s sast\u0101vda\u013cas. Atjauno hidro-lip\u012bdu l\u012bdzsvaru, nomierina aps\u0101rtusi un sausa \u0101da. Piem\u012bt dzes\u0113jo&scaron;s efekts un ziedu (kumel\u012b&scaron;u un mimozu), aug\u013cu (\u0101bolu) un koka arom\u0101ti. Satur &scaron;inotto ekstraktu (apels\u012bnu aug\u013cus).<\/p>\n<p>Lieto&scaron;ana: uz sejas un \u0137erme\u0146a vienm\u0113r\u012bgi uzkl\u0101jiet nelielu daudzumu SU kr\u0113ma p\u0113c p\u0113ciedeguma, vajadz\u012bbas gad\u012bjum\u0101 atk\u0101rtojiet lieto&scaron;anu. Ieteicams izmantot ar\u012b Essential Haircare SU Davines speci\u0101lo &scaron;amp\u016bnu matiem un \u0137ermenim, lai mitrin\u0101tu \u0101du un saglab\u0101tu sau\u013co&scaron;an\u0101s efektu.<\/p>\n<p>Tilpums: 150 ml.<\/p>\n<p><\/body><br \/>\n<\/html><\/p>\n","protected":false},"excerpt":{"rendered":"<p>Untitled document Atjaunojo&scaron;s kr\u0113ms sejai un \u0137ermenim p\u0113c saules apdegumiem, kura pamat\u0101 ir it\u0101\u013cu z\u012bmola Davines dabisk\u0101s sast\u0101vda\u013cas. Atjauno hidro-lip\u012bdu<\/p>\n","protected":false},"featured_media":15198,"template":"","meta":[],"product_brand":[],"product_cat":[2258,2260,2261],"product_tag":[],"class_list":{"0":"post-33813","1":"product","2":"type-product","3":"status-publish","4":"has-post-thumbnail","6":"product_cat-profesionala-kosmetika-matiem-lv","7":"product_cat-davines-italija-lv","8":"product_cat-kondicionieris-matiem-lv","10":"first","11":"outofstock","12":"taxable","13":"shipping-taxable","14":"purchasable","15":"product-type-simple"},"yoast_head":"<!-- This site is optimized with the Yoast SEO Premium plugin v27.0 (Yoast SEO v27.0) - https:\/\/yoast.com\/product\/yoast-seo-premium-wordpress\/ -->\n<title>Davines Essential Haircare SU aftersun - P\u0113c sau\u013co\u0161an\u0101s kr\u0113ms sejai un \u0137ermenim 150 ml - cosmetic.lv<\/title>\n<meta name=\"robots\" content=\"index, follow, max-snippet:-1, max-image-preview:large, max-video-preview:-1\" \/>\n<link rel=\"canonical\" href=\"https:\/\/cosmetic.lv\/lv\/product\/davines-essential-haircare-su-aftersun-pec-saulosanas-krems-sejai-un-kermenim-150-ml\/\" \/>\n<meta property=\"og:locale\" content=\"lv_LV\" \/>\n<meta property=\"og:type\" content=\"article\" \/>\n<meta property=\"og:title\" content=\"Davines Essential Haircare SU aftersun - P\u0113c sau\u013co\u0161an\u0101s kr\u0113ms sejai un \u0137ermenim 150 ml\" \/>\n<meta property=\"og:description\" content=\"Untitled document Atjaunojo&scaron;s kr\u0113ms sejai un \u0137ermenim p\u0113c saules apdegumiem, kura pamat\u0101 ir it\u0101\u013cu z\u012bmola Davines dabisk\u0101s sast\u0101vda\u013cas. Atjauno hidro-lip\u012bdu\" \/>\n<meta property=\"og:url\" content=\"https:\/\/cosmetic.lv\/lv\/product\/davines-essential-haircare-su-aftersun-pec-saulosanas-krems-sejai-un-kermenim-150-ml\/\" \/>\n<meta property=\"og:site_name\" content=\"cosmetic.lv\" \/>\n<meta property=\"article:publisher\" content=\"https:\/\/www.facebook.com\/cosmetic.lv\/\" \/>\n<meta property=\"article:modified_time\" content=\"2021-02-06T17:45:02+00:00\" \/>\n<meta property=\"og:image\" content=\"https:\/\/cosmetic.lv\/wp-content\/uploads\/2021\/02\/1-90120-new-4.jpg\" \/>\n\t<meta property=\"og:image:width\" content=\"350\" \/>\n\t<meta property=\"og:image:height\" content=\"438\" \/>\n\t<meta property=\"og:image:type\" content=\"image\/jpeg\" \/>\n<meta name=\"twitter:card\" content=\"summary_large_image\" \/>\n<script type=\"application\/ld+json\" class=\"yoast-schema-graph\">{\"@context\":\"https:\/\/schema.org\",\"@graph\":[{\"@type\":\"WebPage\",\"@id\":\"https:\/\/cosmetic.lv\/lv\/product\/davines-essential-haircare-su-aftersun-pec-saulosanas-krems-sejai-un-kermenim-150-ml\/\",\"url\":\"https:\/\/cosmetic.lv\/lv\/product\/davines-essential-haircare-su-aftersun-pec-saulosanas-krems-sejai-un-kermenim-150-ml\/\",\"name\":\"Davines Essential Haircare SU aftersun - P\u0113c sau\u013co\u0161an\u0101s kr\u0113ms sejai un \u0137ermenim 150 ml - cosmetic.lv\",\"isPartOf\":{\"@id\":\"https:\/\/cosmetic.lv\/lv\/#website\"},\"primaryImageOfPage\":{\"@id\":\"https:\/\/cosmetic.lv\/lv\/product\/davines-essential-haircare-su-aftersun-pec-saulosanas-krems-sejai-un-kermenim-150-ml\/#primaryimage\"},\"image\":{\"@id\":\"https:\/\/cosmetic.lv\/lv\/product\/davines-essential-haircare-su-aftersun-pec-saulosanas-krems-sejai-un-kermenim-150-ml\/#primaryimage\"},\"thumbnailUrl\":\"https:\/\/cosmetic.lv\/wp-content\/uploads\/2021\/02\/1-90120-new-4.jpg\",\"datePublished\":\"2021-02-06T17:45:01+00:00\",\"dateModified\":\"2021-02-06T17:45:02+00:00\",\"breadcrumb\":{\"@id\":\"https:\/\/cosmetic.lv\/lv\/product\/davines-essential-haircare-su-aftersun-pec-saulosanas-krems-sejai-un-kermenim-150-ml\/#breadcrumb\"},\"inLanguage\":\"lv-LV\",\"potentialAction\":[{\"@type\":\"ReadAction\",\"target\":[\"https:\/\/cosmetic.lv\/lv\/product\/davines-essential-haircare-su-aftersun-pec-saulosanas-krems-sejai-un-kermenim-150-ml\/\"]}]},{\"@type\":\"ImageObject\",\"inLanguage\":\"lv-LV\",\"@id\":\"https:\/\/cosmetic.lv\/lv\/product\/davines-essential-haircare-su-aftersun-pec-saulosanas-krems-sejai-un-kermenim-150-ml\/#primaryimage\",\"url\":\"https:\/\/cosmetic.lv\/wp-content\/uploads\/2021\/02\/1-90120-new-4.jpg\",\"contentUrl\":\"https:\/\/cosmetic.lv\/wp-content\/uploads\/2021\/02\/1-90120-new-4.jpg\",\"width\":350,\"height\":438,\"caption\":\"1-90120-new.jpg\"},{\"@type\":\"BreadcrumbList\",\"@id\":\"https:\/\/cosmetic.lv\/lv\/product\/davines-essential-haircare-su-aftersun-pec-saulosanas-krems-sejai-un-kermenim-150-ml\/#breadcrumb\",\"itemListElement\":[{\"@type\":\"ListItem\",\"position\":1,\"name\":\"Home\",\"item\":\"https:\/\/cosmetic.lv\/lv\/\"},{\"@type\":\"ListItem\",\"position\":2,\"name\":\"Veikals\",\"item\":\"https:\/\/cosmetic.lv\/lv\/veiklas\/\"},{\"@type\":\"ListItem\",\"position\":3,\"name\":\"Davines Essential Haircare SU aftersun &#8211; P\u0113c sau\u013co\u0161an\u0101s kr\u0113ms sejai un \u0137ermenim 150 ml\"}]},{\"@type\":\"WebSite\",\"@id\":\"https:\/\/cosmetic.lv\/lv\/#website\",\"url\":\"https:\/\/cosmetic.lv\/lv\/\",\"name\":\"cosmetic.lv\",\"description\":\"Profesion\u0101la kosm\u0113tika - Maria Galland, Keune, Arkadija, GMT, Guam, Magiray\",\"publisher\":{\"@id\":\"https:\/\/cosmetic.lv\/lv\/#organization\"},\"potentialAction\":[{\"@type\":\"SearchAction\",\"target\":{\"@type\":\"EntryPoint\",\"urlTemplate\":\"https:\/\/cosmetic.lv\/lv\/?s={search_term_string}\"},\"query-input\":{\"@type\":\"PropertyValueSpecification\",\"valueRequired\":true,\"valueName\":\"search_term_string\"}}],\"inLanguage\":\"lv-LV\"},{\"@type\":\"Organization\",\"@id\":\"https:\/\/cosmetic.lv\/lv\/#organization\",\"name\":\"COSMETIC.LV\",\"url\":\"https:\/\/cosmetic.lv\/lv\/\",\"logo\":{\"@type\":\"ImageObject\",\"inLanguage\":\"lv-LV\",\"@id\":\"https:\/\/cosmetic.lv\/lv\/#\/schema\/logo\/image\/\",\"url\":\"https:\/\/cosmetic.lv\/wp-content\/uploads\/2021\/02\/cosmetic.lv_logo.jpg\",\"contentUrl\":\"https:\/\/cosmetic.lv\/wp-content\/uploads\/2021\/02\/cosmetic.lv_logo.jpg\",\"width\":596,\"height\":196,\"caption\":\"COSMETIC.LV\"},\"image\":{\"@id\":\"https:\/\/cosmetic.lv\/lv\/#\/schema\/logo\/image\/\"},\"sameAs\":[\"https:\/\/www.facebook.com\/cosmetic.lv\/\"]}]}<\/script>\n<meta property=\"product:price:amount\" content=\"27.22\" \/>\n<meta property=\"product:price:currency\" content=\"EUR\" \/>\n<meta property=\"og:availability\" content=\"out of stock\" \/>\n<meta property=\"product:availability\" content=\"out of stock\" \/>\n<meta property=\"product:retailer_item_id\" content=\"90158\" \/>\n<meta property=\"product:condition\" content=\"new\" \/>\n<!-- \/ Yoast SEO Premium plugin. -->","yoast_head_json":{"title":"Davines Essential Haircare SU aftersun - P\u0113c sau\u013co\u0161an\u0101s kr\u0113ms sejai un \u0137ermenim 150 ml - cosmetic.lv","robots":{"index":"index","follow":"follow","max-snippet":"max-snippet:-1","max-image-preview":"max-image-preview:large","max-video-preview":"max-video-preview:-1"},"canonical":"https:\/\/cosmetic.lv\/lv\/product\/davines-essential-haircare-su-aftersun-pec-saulosanas-krems-sejai-un-kermenim-150-ml\/","og_locale":"lv_LV","og_type":"article","og_title":"Davines Essential Haircare SU aftersun - P\u0113c sau\u013co\u0161an\u0101s kr\u0113ms sejai un \u0137ermenim 150 ml","og_description":"Untitled document Atjaunojo&scaron;s kr\u0113ms sejai un \u0137ermenim p\u0113c saules apdegumiem, kura pamat\u0101 ir it\u0101\u013cu z\u012bmola Davines dabisk\u0101s sast\u0101vda\u013cas. Atjauno hidro-lip\u012bdu","og_url":"https:\/\/cosmetic.lv\/lv\/product\/davines-essential-haircare-su-aftersun-pec-saulosanas-krems-sejai-un-kermenim-150-ml\/","og_site_name":"cosmetic.lv","article_publisher":"https:\/\/www.facebook.com\/cosmetic.lv\/","article_modified_time":"2021-02-06T17:45:02+00:00","og_image":[{"width":350,"height":438,"url":"https:\/\/cosmetic.lv\/wp-content\/uploads\/2021\/02\/1-90120-new-4.jpg","type":"image\/jpeg"}],"twitter_card":"summary_large_image","schema":{"@context":"https:\/\/schema.org","@graph":[{"@type":"WebPage","@id":"https:\/\/cosmetic.lv\/lv\/product\/davines-essential-haircare-su-aftersun-pec-saulosanas-krems-sejai-un-kermenim-150-ml\/","url":"https:\/\/cosmetic.lv\/lv\/product\/davines-essential-haircare-su-aftersun-pec-saulosanas-krems-sejai-un-kermenim-150-ml\/","name":"Davines Essential Haircare SU aftersun - P\u0113c sau\u013co\u0161an\u0101s kr\u0113ms sejai un \u0137ermenim 150 ml - cosmetic.lv","isPartOf":{"@id":"https:\/\/cosmetic.lv\/lv\/#website"},"primaryImageOfPage":{"@id":"https:\/\/cosmetic.lv\/lv\/product\/davines-essential-haircare-su-aftersun-pec-saulosanas-krems-sejai-un-kermenim-150-ml\/#primaryimage"},"image":{"@id":"https:\/\/cosmetic.lv\/lv\/product\/davines-essential-haircare-su-aftersun-pec-saulosanas-krems-sejai-un-kermenim-150-ml\/#primaryimage"},"thumbnailUrl":"https:\/\/cosmetic.lv\/wp-content\/uploads\/2021\/02\/1-90120-new-4.jpg","datePublished":"2021-02-06T17:45:01+00:00","dateModified":"2021-02-06T17:45:02+00:00","breadcrumb":{"@id":"https:\/\/cosmetic.lv\/lv\/product\/davines-essential-haircare-su-aftersun-pec-saulosanas-krems-sejai-un-kermenim-150-ml\/#breadcrumb"},"inLanguage":"lv-LV","potentialAction":[{"@type":"ReadAction","target":["https:\/\/cosmetic.lv\/lv\/product\/davines-essential-haircare-su-aftersun-pec-saulosanas-krems-sejai-un-kermenim-150-ml\/"]}]},{"@type":"ImageObject","inLanguage":"lv-LV","@id":"https:\/\/cosmetic.lv\/lv\/product\/davines-essential-haircare-su-aftersun-pec-saulosanas-krems-sejai-un-kermenim-150-ml\/#primaryimage","url":"https:\/\/cosmetic.lv\/wp-content\/uploads\/2021\/02\/1-90120-new-4.jpg","contentUrl":"https:\/\/cosmetic.lv\/wp-content\/uploads\/2021\/02\/1-90120-new-4.jpg","width":350,"height":438,"caption":"1-90120-new.jpg"},{"@type":"BreadcrumbList","@id":"https:\/\/cosmetic.lv\/lv\/product\/davines-essential-haircare-su-aftersun-pec-saulosanas-krems-sejai-un-kermenim-150-ml\/#breadcrumb","itemListElement":[{"@type":"ListItem","position":1,"name":"Home","item":"https:\/\/cosmetic.lv\/lv\/"},{"@type":"ListItem","position":2,"name":"Veikals","item":"https:\/\/cosmetic.lv\/lv\/veiklas\/"},{"@type":"ListItem","position":3,"name":"Davines Essential Haircare SU aftersun &#8211; P\u0113c sau\u013co\u0161an\u0101s kr\u0113ms sejai un \u0137ermenim 150 ml"}]},{"@type":"WebSite","@id":"https:\/\/cosmetic.lv\/lv\/#website","url":"https:\/\/cosmetic.lv\/lv\/","name":"cosmetic.lv","description":"Profesion\u0101la kosm\u0113tika - Maria Galland, Keune, Arkadija, GMT, Guam, Magiray","publisher":{"@id":"https:\/\/cosmetic.lv\/lv\/#organization"},"potentialAction":[{"@type":"SearchAction","target":{"@type":"EntryPoint","urlTemplate":"https:\/\/cosmetic.lv\/lv\/?s={search_term_string}"},"query-input":{"@type":"PropertyValueSpecification","valueRequired":true,"valueName":"search_term_string"}}],"inLanguage":"lv-LV"},{"@type":"Organization","@id":"https:\/\/cosmetic.lv\/lv\/#organization","name":"COSMETIC.LV","url":"https:\/\/cosmetic.lv\/lv\/","logo":{"@type":"ImageObject","inLanguage":"lv-LV","@id":"https:\/\/cosmetic.lv\/lv\/#\/schema\/logo\/image\/","url":"https:\/\/cosmetic.lv\/wp-content\/uploads\/2021\/02\/cosmetic.lv_logo.jpg","contentUrl":"https:\/\/cosmetic.lv\/wp-content\/uploads\/2021\/02\/cosmetic.lv_logo.jpg","width":596,"height":196,"caption":"COSMETIC.LV"},"image":{"@id":"https:\/\/cosmetic.lv\/lv\/#\/schema\/logo\/image\/"},"sameAs":["https:\/\/www.facebook.com\/cosmetic.lv\/"]}]},"product_price_amount":"27.22","product_price_currency":"EUR","og_availability":"out of stock","product_availability":"out of stock","product_retailer_item_id":"90158","product_condition":"new"},"_links":{"self":[{"href":"https:\/\/cosmetic.lv\/lv\/wp-json\/wp\/v2\/product\/33813","targetHints":{"allow":["GET"]}}],"collection":[{"href":"https:\/\/cosmetic.lv\/lv\/wp-json\/wp\/v2\/product"}],"about":[{"href":"https:\/\/cosmetic.lv\/lv\/wp-json\/wp\/v2\/types\/product"}],"wp:featuredmedia":[{"embeddable":true,"href":"https:\/\/cosmetic.lv\/lv\/wp-json\/wp\/v2\/media\/15198"}],"wp:attachment":[{"href":"https:\/\/cosmetic.lv\/lv\/wp-json\/wp\/v2\/media?parent=33813"}],"wp:term":[{"taxonomy":"product_brand","embeddable":true,"href":"https:\/\/cosmetic.lv\/lv\/wp-json\/wp\/v2\/product_brand?post=33813"},{"taxonomy":"product_cat","embeddable":true,"href":"https:\/\/cosmetic.lv\/lv\/wp-json\/wp\/v2\/product_cat?post=33813"},{"taxonomy":"product_tag","embeddable":true,"href":"https:\/\/cosmetic.lv\/lv\/wp-json\/wp\/v2\/product_tag?post=33813"}],"curies":[{"name":"wp","href":"https:\/\/api.w.org\/{rel}","templated":true}]}}