{"id":33823,"date":"2021-02-05T22:36:32","date_gmt":"2021-02-06T17:45:08","guid":{"rendered":"https:\/\/damme.lv\/product\/14-mm-rokaspradze-no-melna-nefria-bjanshi\/"},"modified":"2021-02-06T19:45:09","modified_gmt":"2021-02-06T17:45:09","slug":"14-mm-rokaspradze-no-melna-nefria-bjanshi","status":"publish","type":"product","link":"https:\/\/cosmetic.lv\/lv\/product\/14-mm-rokaspradze-no-melna-nefria-bjanshi\/","title":{"rendered":"14 mm Rokaspr\u0101dze no meln\u0101 nefr\u012ba Bjanshi"},"content":{"rendered":"<p><!DOCTYPE html PUBLIC &quot;-\/\/W3C\/\/DTD XHTML 1.0 Transitional\/\/EN&quot; &quot;http:\/\/www.w3.org\/TR\/xhtml1\/DTD\/xhtml1-transitional.dtd&quot;><br \/>\n<html><br \/>\n<head><br \/>\n<title>Untitled document<\/title><br \/>\n<\/head><br \/>\n<body><\/p>\n<p>Rokaspr\u0101dze no meln\u0101 nefr\u012ba Bjanshi ar \u0101rstniecisku efektu.   Ieg\u016bti, &scaron;o akmeni tikai vien\u0101 jom\u0101 pasaul\u0113, kas atrodas &Scaron;a\u0146dunas  provinc\u0113 (\u0136\u012bn\u0101). Akmens ir meteoritu izcelsmi -. Pirms 63 miljoniem gadu  &scaron;aj\u0101 viet\u0101 krita liels meteor\u012bts.  Industrial karjeru s\u0101ka 2009. gad\u0101, bet gan t\u0101p\u0113c, ka lielu popularit\u0101ti  akmens un t\u0101s rezerves ir gandr\u012bz izsmelti. \u013boti dr\u012bz akmens b\u016bs  pieejams tikai ar to. P\u0113c piesk\u0101rienu akmens ir gluda un pat\u012bkama. Ja jums ir t\u0101ds akmens uz  cilv\u0113ka \u0101das, tas uzreiz maina kr\u0101su &#8211; akmens viet\u0101s saskar\u0113 ar \u0101du  s\u0101ksies sp\u0113c\u012bgu asinsriti, persona &scaron;aj\u0101 viet\u0101 jut\u012bsies pat\u012bkamu siltumu.  &Scaron;is ir tikai viens no iev\u0113rojam\u0101kajiem \u012bpa&scaron;\u012bbas akmens, kas tiek  izmantots \u0137\u012bnie&scaron;u medic\u012bn\u0101.   P\u0113d\u0113jos gados, Byanshi piesaist\u012bja daudzi zin\u0101tnieki un \u0101rsti,  pateicoties neticami dziedin\u0101&scaron;anas rezult\u0101ti, kas par\u0101da cilv\u0113kus, kuri  izmanto &scaron;o akmeni.  Kl\u012bniskie p\u0113t\u012bjumi Byanshi tika tur\u0113ti Eiropas valst\u012bs, \u0136\u012bn\u0101, ASV,  Ukrain\u0101 un Krievij\u0101. Vi\u0146u iespaid\u012bgus rezult\u0101tus katru reizi.      Kl\u012bniski t\u0101 konstat\u0113ja, ka Byanshi piem\u012bt sp\u0113c\u012bga terapeitiskais  sp\u0113ks un ir pozit\u012bva ietekme uz visu \u0137ermeni      T\u0101 normaliz\u0113 asins un limfas cirkul\u0101ciju, nov\u0113r&scaron; stagn\u0101ciju, veicina  izdal\u012b&scaron;anos no toks\u012bniem un smagajiem met\u0101liem.     Atjauno aizsardz\u012bbas funkcijas organism\u0101, tas stimul\u0113 im\u016bnsist\u0113mu     Tas pal\u012bdz ar probl\u0113m\u0101m ar elpce\u013ciem     Tas uzlabo motora darb\u012bbu     T\u0101 veicina gar\u012bgo relaks\u0101ciju un musku\u013cu relaks\u0101ciju     C\u012b\u0146as stresu un nogurumu     Tas mazina s\u0101pes, tai skait\u0101 musku\u013cu     Samazina skaitu saaukst\u0113&scaron;an\u0101s     Tas nov\u0113r&scaron; v\u0113\u017ea &scaron;\u016bnu aug&scaron;anu     Tas nov\u0113r&scaron; celul\u012btu, c\u012bn\u0101s ar aptauko&scaron;anos, normaliz\u0113 vielmai\u0146u     Uzlabo t\u0101s darb\u012bbu, iek&scaron;\u0113jo org\u0101nu: ku\u0146\u0123a, zarnu (it \u012bpa&scaron;i, nov\u0113r&scaron;  aizciet\u0113jumus), nieru, aknu, plau&scaron;u, sirds.     Normaliz\u0113 asinsspiedienu, mazina galvass\u0101pes     Tas ir sp\u0113c\u012bgs antibakteri\u0101la iedarb\u012bba     Uzlabo \u0101das, matu, nagu  Tika atz\u012bm\u0113ts, ka cilv\u0113ki valk\u0101 rokasspr\u0101dzi da\u017eus m\u0113ne&scaron;us, daudz lab\u0101k  un justies vesel\u012bg\u0101ku. Tas atspogu\u013cojas savu izskatu &#8211; t\u0101s izskat\u0101s  jaun\u0101ki un fit vienaud\u017eiem.<\/p>\n<p><\/body><br \/>\n<\/html><\/p>\n","protected":false},"excerpt":{"rendered":"<p>Untitled document Rokaspr\u0101dze no meln\u0101 nefr\u012ba Bjanshi ar \u0101rstniecisku efektu. Ieg\u016bti, &scaron;o akmeni tikai vien\u0101 jom\u0101 pasaul\u0113, kas atrodas &Scaron;a\u0146dunas<\/p>\n","protected":false},"featured_media":8158,"template":"","meta":[],"product_brand":[],"product_cat":[2293,2294],"product_tag":[],"class_list":{"0":"post-33823","1":"product","2":"type-product","3":"status-publish","4":"has-post-thumbnail","6":"product_cat-dabiskie-akmeni-rokasspradzess-auskari-gredzeni-lv","7":"product_cat-rokasspradzes-lv-lv-2","9":"first","10":"instock","11":"taxable","12":"shipping-taxable","13":"purchasable","14":"product-type-simple"},"yoast_head":"<!-- This site is optimized with the Yoast SEO Premium plugin v27.0 (Yoast SEO v27.0) - https:\/\/yoast.com\/product\/yoast-seo-premium-wordpress\/ -->\n<title>14 mm Rokaspr\u0101dze no meln\u0101 nefr\u012ba Bjanshi - cosmetic.lv<\/title>\n<meta name=\"robots\" content=\"index, follow, max-snippet:-1, max-image-preview:large, max-video-preview:-1\" \/>\n<link rel=\"canonical\" href=\"https:\/\/cosmetic.lv\/lv\/product\/14-mm-rokaspradze-no-melna-nefria-bjanshi\/\" \/>\n<meta property=\"og:locale\" content=\"lv_LV\" \/>\n<meta property=\"og:type\" content=\"article\" \/>\n<meta property=\"og:title\" content=\"14 mm Rokaspr\u0101dze no meln\u0101 nefr\u012ba Bjanshi\" \/>\n<meta property=\"og:description\" content=\"Untitled document Rokaspr\u0101dze no meln\u0101 nefr\u012ba Bjanshi ar \u0101rstniecisku efektu. Ieg\u016bti, &scaron;o akmeni tikai vien\u0101 jom\u0101 pasaul\u0113, kas atrodas &Scaron;a\u0146dunas\" \/>\n<meta property=\"og:url\" content=\"https:\/\/cosmetic.lv\/lv\/product\/14-mm-rokaspradze-no-melna-nefria-bjanshi\/\" \/>\n<meta property=\"og:site_name\" content=\"cosmetic.lv\" \/>\n<meta property=\"article:publisher\" content=\"https:\/\/www.facebook.com\/cosmetic.lv\/\" \/>\n<meta property=\"article:modified_time\" content=\"2021-02-06T17:45:09+00:00\" \/>\n<meta property=\"og:image\" content=\"https:\/\/cosmetic.lv\/wp-content\/uploads\/2021\/02\/20190706_1530041.jpg\" \/>\n\t<meta property=\"og:image:width\" content=\"800\" \/>\n\t<meta property=\"og:image:height\" content=\"534\" \/>\n\t<meta property=\"og:image:type\" content=\"image\/jpeg\" \/>\n<meta name=\"twitter:card\" content=\"summary_large_image\" \/>\n<script type=\"application\/ld+json\" class=\"yoast-schema-graph\">{\"@context\":\"https:\/\/schema.org\",\"@graph\":[{\"@type\":\"WebPage\",\"@id\":\"https:\/\/cosmetic.lv\/lv\/product\/14-mm-rokaspradze-no-melna-nefria-bjanshi\/\",\"url\":\"https:\/\/cosmetic.lv\/lv\/product\/14-mm-rokaspradze-no-melna-nefria-bjanshi\/\",\"name\":\"14 mm Rokaspr\u0101dze no meln\u0101 nefr\u012ba Bjanshi - cosmetic.lv\",\"isPartOf\":{\"@id\":\"https:\/\/cosmetic.lv\/lv\/#website\"},\"primaryImageOfPage\":{\"@id\":\"https:\/\/cosmetic.lv\/lv\/product\/14-mm-rokaspradze-no-melna-nefria-bjanshi\/#primaryimage\"},\"image\":{\"@id\":\"https:\/\/cosmetic.lv\/lv\/product\/14-mm-rokaspradze-no-melna-nefria-bjanshi\/#primaryimage\"},\"thumbnailUrl\":\"https:\/\/cosmetic.lv\/wp-content\/uploads\/2021\/02\/20190706_1530041.jpg\",\"datePublished\":\"2021-02-06T17:45:08+00:00\",\"dateModified\":\"2021-02-06T17:45:09+00:00\",\"breadcrumb\":{\"@id\":\"https:\/\/cosmetic.lv\/lv\/product\/14-mm-rokaspradze-no-melna-nefria-bjanshi\/#breadcrumb\"},\"inLanguage\":\"lv-LV\",\"potentialAction\":[{\"@type\":\"ReadAction\",\"target\":[\"https:\/\/cosmetic.lv\/lv\/product\/14-mm-rokaspradze-no-melna-nefria-bjanshi\/\"]}]},{\"@type\":\"ImageObject\",\"inLanguage\":\"lv-LV\",\"@id\":\"https:\/\/cosmetic.lv\/lv\/product\/14-mm-rokaspradze-no-melna-nefria-bjanshi\/#primaryimage\",\"url\":\"https:\/\/cosmetic.lv\/wp-content\/uploads\/2021\/02\/20190706_1530041.jpg\",\"contentUrl\":\"https:\/\/cosmetic.lv\/wp-content\/uploads\/2021\/02\/20190706_1530041.jpg\",\"width\":800,\"height\":534,\"caption\":\"20190706_153004[1].jpg\"},{\"@type\":\"BreadcrumbList\",\"@id\":\"https:\/\/cosmetic.lv\/lv\/product\/14-mm-rokaspradze-no-melna-nefria-bjanshi\/#breadcrumb\",\"itemListElement\":[{\"@type\":\"ListItem\",\"position\":1,\"name\":\"Home\",\"item\":\"https:\/\/cosmetic.lv\/lv\/\"},{\"@type\":\"ListItem\",\"position\":2,\"name\":\"Veikals\",\"item\":\"https:\/\/cosmetic.lv\/lv\/veiklas\/\"},{\"@type\":\"ListItem\",\"position\":3,\"name\":\"14 mm Rokaspr\u0101dze no meln\u0101 nefr\u012ba Bjanshi\"}]},{\"@type\":\"WebSite\",\"@id\":\"https:\/\/cosmetic.lv\/lv\/#website\",\"url\":\"https:\/\/cosmetic.lv\/lv\/\",\"name\":\"cosmetic.lv\",\"description\":\"Profesion\u0101la kosm\u0113tika - Maria Galland, Keune, Arkadija, GMT, Guam, Magiray\",\"publisher\":{\"@id\":\"https:\/\/cosmetic.lv\/lv\/#organization\"},\"potentialAction\":[{\"@type\":\"SearchAction\",\"target\":{\"@type\":\"EntryPoint\",\"urlTemplate\":\"https:\/\/cosmetic.lv\/lv\/?s={search_term_string}\"},\"query-input\":{\"@type\":\"PropertyValueSpecification\",\"valueRequired\":true,\"valueName\":\"search_term_string\"}}],\"inLanguage\":\"lv-LV\"},{\"@type\":\"Organization\",\"@id\":\"https:\/\/cosmetic.lv\/lv\/#organization\",\"name\":\"COSMETIC.LV\",\"url\":\"https:\/\/cosmetic.lv\/lv\/\",\"logo\":{\"@type\":\"ImageObject\",\"inLanguage\":\"lv-LV\",\"@id\":\"https:\/\/cosmetic.lv\/lv\/#\/schema\/logo\/image\/\",\"url\":\"https:\/\/cosmetic.lv\/wp-content\/uploads\/2021\/02\/cosmetic.lv_logo.jpg\",\"contentUrl\":\"https:\/\/cosmetic.lv\/wp-content\/uploads\/2021\/02\/cosmetic.lv_logo.jpg\",\"width\":596,\"height\":196,\"caption\":\"COSMETIC.LV\"},\"image\":{\"@id\":\"https:\/\/cosmetic.lv\/lv\/#\/schema\/logo\/image\/\"},\"sameAs\":[\"https:\/\/www.facebook.com\/cosmetic.lv\/\"]}]}<\/script>\n<meta property=\"product:price:amount\" content=\"15.02\" \/>\n<meta property=\"product:price:currency\" content=\"EUR\" \/>\n<meta property=\"og:availability\" content=\"instock\" \/>\n<meta property=\"product:availability\" content=\"instock\" \/>\n<meta property=\"product:retailer_item_id\" content=\"bjan\" \/>\n<meta property=\"product:condition\" content=\"new\" \/>\n<!-- \/ Yoast SEO Premium plugin. -->","yoast_head_json":{"title":"14 mm Rokaspr\u0101dze no meln\u0101 nefr\u012ba Bjanshi - cosmetic.lv","robots":{"index":"index","follow":"follow","max-snippet":"max-snippet:-1","max-image-preview":"max-image-preview:large","max-video-preview":"max-video-preview:-1"},"canonical":"https:\/\/cosmetic.lv\/lv\/product\/14-mm-rokaspradze-no-melna-nefria-bjanshi\/","og_locale":"lv_LV","og_type":"article","og_title":"14 mm Rokaspr\u0101dze no meln\u0101 nefr\u012ba Bjanshi","og_description":"Untitled document Rokaspr\u0101dze no meln\u0101 nefr\u012ba Bjanshi ar \u0101rstniecisku efektu. Ieg\u016bti, &scaron;o akmeni tikai vien\u0101 jom\u0101 pasaul\u0113, kas atrodas &Scaron;a\u0146dunas","og_url":"https:\/\/cosmetic.lv\/lv\/product\/14-mm-rokaspradze-no-melna-nefria-bjanshi\/","og_site_name":"cosmetic.lv","article_publisher":"https:\/\/www.facebook.com\/cosmetic.lv\/","article_modified_time":"2021-02-06T17:45:09+00:00","og_image":[{"width":800,"height":534,"url":"https:\/\/cosmetic.lv\/wp-content\/uploads\/2021\/02\/20190706_1530041.jpg","type":"image\/jpeg"}],"twitter_card":"summary_large_image","schema":{"@context":"https:\/\/schema.org","@graph":[{"@type":"WebPage","@id":"https:\/\/cosmetic.lv\/lv\/product\/14-mm-rokaspradze-no-melna-nefria-bjanshi\/","url":"https:\/\/cosmetic.lv\/lv\/product\/14-mm-rokaspradze-no-melna-nefria-bjanshi\/","name":"14 mm Rokaspr\u0101dze no meln\u0101 nefr\u012ba Bjanshi - cosmetic.lv","isPartOf":{"@id":"https:\/\/cosmetic.lv\/lv\/#website"},"primaryImageOfPage":{"@id":"https:\/\/cosmetic.lv\/lv\/product\/14-mm-rokaspradze-no-melna-nefria-bjanshi\/#primaryimage"},"image":{"@id":"https:\/\/cosmetic.lv\/lv\/product\/14-mm-rokaspradze-no-melna-nefria-bjanshi\/#primaryimage"},"thumbnailUrl":"https:\/\/cosmetic.lv\/wp-content\/uploads\/2021\/02\/20190706_1530041.jpg","datePublished":"2021-02-06T17:45:08+00:00","dateModified":"2021-02-06T17:45:09+00:00","breadcrumb":{"@id":"https:\/\/cosmetic.lv\/lv\/product\/14-mm-rokaspradze-no-melna-nefria-bjanshi\/#breadcrumb"},"inLanguage":"lv-LV","potentialAction":[{"@type":"ReadAction","target":["https:\/\/cosmetic.lv\/lv\/product\/14-mm-rokaspradze-no-melna-nefria-bjanshi\/"]}]},{"@type":"ImageObject","inLanguage":"lv-LV","@id":"https:\/\/cosmetic.lv\/lv\/product\/14-mm-rokaspradze-no-melna-nefria-bjanshi\/#primaryimage","url":"https:\/\/cosmetic.lv\/wp-content\/uploads\/2021\/02\/20190706_1530041.jpg","contentUrl":"https:\/\/cosmetic.lv\/wp-content\/uploads\/2021\/02\/20190706_1530041.jpg","width":800,"height":534,"caption":"20190706_153004[1].jpg"},{"@type":"BreadcrumbList","@id":"https:\/\/cosmetic.lv\/lv\/product\/14-mm-rokaspradze-no-melna-nefria-bjanshi\/#breadcrumb","itemListElement":[{"@type":"ListItem","position":1,"name":"Home","item":"https:\/\/cosmetic.lv\/lv\/"},{"@type":"ListItem","position":2,"name":"Veikals","item":"https:\/\/cosmetic.lv\/lv\/veiklas\/"},{"@type":"ListItem","position":3,"name":"14 mm Rokaspr\u0101dze no meln\u0101 nefr\u012ba Bjanshi"}]},{"@type":"WebSite","@id":"https:\/\/cosmetic.lv\/lv\/#website","url":"https:\/\/cosmetic.lv\/lv\/","name":"cosmetic.lv","description":"Profesion\u0101la kosm\u0113tika - Maria Galland, Keune, Arkadija, GMT, Guam, Magiray","publisher":{"@id":"https:\/\/cosmetic.lv\/lv\/#organization"},"potentialAction":[{"@type":"SearchAction","target":{"@type":"EntryPoint","urlTemplate":"https:\/\/cosmetic.lv\/lv\/?s={search_term_string}"},"query-input":{"@type":"PropertyValueSpecification","valueRequired":true,"valueName":"search_term_string"}}],"inLanguage":"lv-LV"},{"@type":"Organization","@id":"https:\/\/cosmetic.lv\/lv\/#organization","name":"COSMETIC.LV","url":"https:\/\/cosmetic.lv\/lv\/","logo":{"@type":"ImageObject","inLanguage":"lv-LV","@id":"https:\/\/cosmetic.lv\/lv\/#\/schema\/logo\/image\/","url":"https:\/\/cosmetic.lv\/wp-content\/uploads\/2021\/02\/cosmetic.lv_logo.jpg","contentUrl":"https:\/\/cosmetic.lv\/wp-content\/uploads\/2021\/02\/cosmetic.lv_logo.jpg","width":596,"height":196,"caption":"COSMETIC.LV"},"image":{"@id":"https:\/\/cosmetic.lv\/lv\/#\/schema\/logo\/image\/"},"sameAs":["https:\/\/www.facebook.com\/cosmetic.lv\/"]}]},"product_price_amount":"15.02","product_price_currency":"EUR","og_availability":"instock","product_availability":"instock","product_retailer_item_id":"bjan","product_condition":"new"},"_links":{"self":[{"href":"https:\/\/cosmetic.lv\/lv\/wp-json\/wp\/v2\/product\/33823","targetHints":{"allow":["GET"]}}],"collection":[{"href":"https:\/\/cosmetic.lv\/lv\/wp-json\/wp\/v2\/product"}],"about":[{"href":"https:\/\/cosmetic.lv\/lv\/wp-json\/wp\/v2\/types\/product"}],"wp:featuredmedia":[{"embeddable":true,"href":"https:\/\/cosmetic.lv\/lv\/wp-json\/wp\/v2\/media\/8158"}],"wp:attachment":[{"href":"https:\/\/cosmetic.lv\/lv\/wp-json\/wp\/v2\/media?parent=33823"}],"wp:term":[{"taxonomy":"product_brand","embeddable":true,"href":"https:\/\/cosmetic.lv\/lv\/wp-json\/wp\/v2\/product_brand?post=33823"},{"taxonomy":"product_cat","embeddable":true,"href":"https:\/\/cosmetic.lv\/lv\/wp-json\/wp\/v2\/product_cat?post=33823"},{"taxonomy":"product_tag","embeddable":true,"href":"https:\/\/cosmetic.lv\/lv\/wp-json\/wp\/v2\/product_tag?post=33823"}],"curies":[{"name":"wp","href":"https:\/\/api.w.org\/{rel}","templated":true}]}}