{"id":33825,"date":"2021-02-05T22:36:32","date_gmt":"2021-02-06T17:45:08","guid":{"rendered":"https:\/\/damme.lv\/product\/davines-nounou-matu-maska-%e2%80%8b%e2%80%8bintensivi-atjaunojosa-maska-%e2%80%8b%e2%80%8bdzilu-matu-barosanai-250ml\/"},"modified":"2021-02-06T19:45:11","modified_gmt":"2021-02-06T17:45:11","slug":"davines-nounou-matu-maska-%e2%80%8b%e2%80%8bintensivi-atjaunojosa-maska-%e2%80%8b%e2%80%8bdzilu-matu-barosanai-250ml","status":"publish","type":"product","link":"https:\/\/cosmetic.lv\/lv\/product\/davines-nounou-matu-maska-%e2%80%8b%e2%80%8bintensivi-atjaunojosa-maska-%e2%80%8b%e2%80%8bdzilu-matu-barosanai-250ml\/","title":{"rendered":"DAVINES Nounou matu maska \u200b\u200bintens\u012bvi atjaunojo\u0161a maska \u200b\u200bdzi\u013cu matu baro\u0161anai, 250ml"},"content":{"rendered":"<p><!DOCTYPE html PUBLIC &quot;-\/\/W3C\/\/DTD XHTML 1.0 Transitional\/\/EN&quot; &quot;http:\/\/www.w3.org\/TR\/xhtml1\/DTD\/xhtml1-transitional.dtd&quot;><br \/>\n<html><br \/>\n<head><br \/>\n<title>Untitled document<\/title><br \/>\n<\/head><br \/>\n<body><\/p>\n<p>NOUNOU \u0123imenes produkti ir paredz\u0113ti sausiem vai \u0137\u012bmiski boj\u0101tiem matiem, kas izce\u013c, balina, notur\u012bgi lok\u0101s vai iztaisno. Tie satur tom\u0101tu ekstraktu no Fiaschetto no Torre Guaceto, kas audz\u0113ti programmas Slow Food Presidium ietvaros. Formulai, kas pies\u0101tin\u0101ta ar og\u013chidr\u0101tiem un olbaltumviel\u0101m, ir sp\u0113c\u012bgas barojo&scaron;as un antioksidanta \u012bpa&scaron;\u012bbas, pateicoties C vitam\u012bnam. No tom\u0101tu m\u012bkstuma ieg\u016btajam ekstraktam ir augstas \u0101rstniecisk\u0101s un uzturv\u0113rt\u012bbas \u012bpa&scaron;\u012bbas.<\/p>\n<p>Lieto&scaron;ana: P\u0113c NOUNOU \/ &scaron;amp\u016bna lieto&scaron;anas uzkl\u0101jiet uz dvie\u013ciem iz\u017e\u0101v\u0113tiem matiem. Atst\u0101jiet uz 10-15 min\u016bt\u0113m, \u0137emm\u0113jiet matus, noskalojiet ar siltu \u016bdeni. P\u0101rejiet uz v\u0113lamo stilu.<\/p>\n<p>250ml<\/p>\n<p><\/body><br \/>\n<\/html><\/p>\n","protected":false},"excerpt":{"rendered":"<p>Untitled document NOUNOU \u0123imenes produkti ir paredz\u0113ti sausiem vai \u0137\u012bmiski boj\u0101tiem matiem, kas izce\u013c, balina, notur\u012bgi lok\u0101s vai iztaisno. Tie<\/p>\n","protected":false},"featured_media":31118,"template":"","meta":[],"product_brand":[],"product_cat":[2258,2260,2261],"product_tag":[],"class_list":{"0":"post-33825","1":"product","2":"type-product","3":"status-publish","4":"has-post-thumbnail","6":"product_cat-profesionala-kosmetika-matiem-lv","7":"product_cat-davines-italija-lv","8":"product_cat-kondicionieris-matiem-lv","10":"first","11":"outofstock","12":"taxable","13":"shipping-taxable","14":"purchasable","15":"product-type-simple"},"yoast_head":"<!-- This site is optimized with the Yoast SEO Premium plugin v27.0 (Yoast SEO v27.0) - https:\/\/yoast.com\/product\/yoast-seo-premium-wordpress\/ -->\n<title>DAVINES Nounou matu maska \u200b\u200bintens\u012bvi atjaunojo\u0161a maska \u200b\u200bdzi\u013cu matu baro\u0161anai, 250ml - cosmetic.lv<\/title>\n<meta name=\"robots\" content=\"index, follow, max-snippet:-1, max-image-preview:large, max-video-preview:-1\" \/>\n<link rel=\"canonical\" href=\"https:\/\/cosmetic.lv\/lv\/product\/davines-nounou-matu-maska-%e2%80%8b%e2%80%8bintensivi-atjaunojosa-maska-%e2%80%8b%e2%80%8bdzilu-matu-barosanai-250ml\/\" \/>\n<meta property=\"og:locale\" content=\"lv_LV\" \/>\n<meta property=\"og:type\" content=\"article\" \/>\n<meta property=\"og:title\" content=\"DAVINES Nounou matu maska \u200b\u200bintens\u012bvi atjaunojo\u0161a maska \u200b\u200bdzi\u013cu matu baro\u0161anai, 250ml\" \/>\n<meta property=\"og:description\" content=\"Untitled document NOUNOU \u0123imenes produkti ir paredz\u0113ti sausiem vai \u0137\u012bmiski boj\u0101tiem matiem, kas izce\u013c, balina, notur\u012bgi lok\u0101s vai iztaisno. Tie\" \/>\n<meta property=\"og:url\" content=\"https:\/\/cosmetic.lv\/lv\/product\/davines-nounou-matu-maska-%e2%80%8b%e2%80%8bintensivi-atjaunojosa-maska-%e2%80%8b%e2%80%8bdzilu-matu-barosanai-250ml\/\" \/>\n<meta property=\"og:site_name\" content=\"cosmetic.lv\" \/>\n<meta property=\"article:publisher\" content=\"https:\/\/www.facebook.com\/cosmetic.lv\/\" \/>\n<meta property=\"article:modified_time\" content=\"2021-02-06T17:45:11+00:00\" \/>\n<meta property=\"og:image\" content=\"https:\/\/cosmetic.lv\/wp-content\/uploads\/2021\/02\/index-32.jpg\" \/>\n\t<meta property=\"og:image:width\" content=\"225\" \/>\n\t<meta property=\"og:image:height\" content=\"225\" \/>\n\t<meta property=\"og:image:type\" content=\"image\/jpeg\" \/>\n<meta name=\"twitter:card\" content=\"summary_large_image\" \/>\n<script type=\"application\/ld+json\" class=\"yoast-schema-graph\">{\"@context\":\"https:\/\/schema.org\",\"@graph\":[{\"@type\":\"WebPage\",\"@id\":\"https:\/\/cosmetic.lv\/lv\/product\/davines-nounou-matu-maska-%e2%80%8b%e2%80%8bintensivi-atjaunojosa-maska-%e2%80%8b%e2%80%8bdzilu-matu-barosanai-250ml\/\",\"url\":\"https:\/\/cosmetic.lv\/lv\/product\/davines-nounou-matu-maska-%e2%80%8b%e2%80%8bintensivi-atjaunojosa-maska-%e2%80%8b%e2%80%8bdzilu-matu-barosanai-250ml\/\",\"name\":\"DAVINES Nounou matu maska \u200b\u200bintens\u012bvi atjaunojo\u0161a maska \u200b\u200bdzi\u013cu matu baro\u0161anai, 250ml - cosmetic.lv\",\"isPartOf\":{\"@id\":\"https:\/\/cosmetic.lv\/lv\/#website\"},\"primaryImageOfPage\":{\"@id\":\"https:\/\/cosmetic.lv\/lv\/product\/davines-nounou-matu-maska-%e2%80%8b%e2%80%8bintensivi-atjaunojosa-maska-%e2%80%8b%e2%80%8bdzilu-matu-barosanai-250ml\/#primaryimage\"},\"image\":{\"@id\":\"https:\/\/cosmetic.lv\/lv\/product\/davines-nounou-matu-maska-%e2%80%8b%e2%80%8bintensivi-atjaunojosa-maska-%e2%80%8b%e2%80%8bdzilu-matu-barosanai-250ml\/#primaryimage\"},\"thumbnailUrl\":\"https:\/\/cosmetic.lv\/wp-content\/uploads\/2021\/02\/index-32.jpg\",\"datePublished\":\"2021-02-06T17:45:08+00:00\",\"dateModified\":\"2021-02-06T17:45:11+00:00\",\"breadcrumb\":{\"@id\":\"https:\/\/cosmetic.lv\/lv\/product\/davines-nounou-matu-maska-%e2%80%8b%e2%80%8bintensivi-atjaunojosa-maska-%e2%80%8b%e2%80%8bdzilu-matu-barosanai-250ml\/#breadcrumb\"},\"inLanguage\":\"lv-LV\",\"potentialAction\":[{\"@type\":\"ReadAction\",\"target\":[\"https:\/\/cosmetic.lv\/lv\/product\/davines-nounou-matu-maska-%e2%80%8b%e2%80%8bintensivi-atjaunojosa-maska-%e2%80%8b%e2%80%8bdzilu-matu-barosanai-250ml\/\"]}]},{\"@type\":\"ImageObject\",\"inLanguage\":\"lv-LV\",\"@id\":\"https:\/\/cosmetic.lv\/lv\/product\/davines-nounou-matu-maska-%e2%80%8b%e2%80%8bintensivi-atjaunojosa-maska-%e2%80%8b%e2%80%8bdzilu-matu-barosanai-250ml\/#primaryimage\",\"url\":\"https:\/\/cosmetic.lv\/wp-content\/uploads\/2021\/02\/index-32.jpg\",\"contentUrl\":\"https:\/\/cosmetic.lv\/wp-content\/uploads\/2021\/02\/index-32.jpg\",\"width\":225,\"height\":225},{\"@type\":\"BreadcrumbList\",\"@id\":\"https:\/\/cosmetic.lv\/lv\/product\/davines-nounou-matu-maska-%e2%80%8b%e2%80%8bintensivi-atjaunojosa-maska-%e2%80%8b%e2%80%8bdzilu-matu-barosanai-250ml\/#breadcrumb\",\"itemListElement\":[{\"@type\":\"ListItem\",\"position\":1,\"name\":\"Home\",\"item\":\"https:\/\/cosmetic.lv\/lv\/\"},{\"@type\":\"ListItem\",\"position\":2,\"name\":\"Veikals\",\"item\":\"https:\/\/cosmetic.lv\/lv\/veiklas\/\"},{\"@type\":\"ListItem\",\"position\":3,\"name\":\"DAVINES Nounou matu maska \u200b\u200bintens\u012bvi atjaunojo\u0161a maska \u200b\u200bdzi\u013cu matu baro\u0161anai, 250ml\"}]},{\"@type\":\"WebSite\",\"@id\":\"https:\/\/cosmetic.lv\/lv\/#website\",\"url\":\"https:\/\/cosmetic.lv\/lv\/\",\"name\":\"cosmetic.lv\",\"description\":\"Profesion\u0101la kosm\u0113tika - Maria Galland, Keune, Arkadija, GMT, Guam, Magiray\",\"publisher\":{\"@id\":\"https:\/\/cosmetic.lv\/lv\/#organization\"},\"potentialAction\":[{\"@type\":\"SearchAction\",\"target\":{\"@type\":\"EntryPoint\",\"urlTemplate\":\"https:\/\/cosmetic.lv\/lv\/?s={search_term_string}\"},\"query-input\":{\"@type\":\"PropertyValueSpecification\",\"valueRequired\":true,\"valueName\":\"search_term_string\"}}],\"inLanguage\":\"lv-LV\"},{\"@type\":\"Organization\",\"@id\":\"https:\/\/cosmetic.lv\/lv\/#organization\",\"name\":\"COSMETIC.LV\",\"url\":\"https:\/\/cosmetic.lv\/lv\/\",\"logo\":{\"@type\":\"ImageObject\",\"inLanguage\":\"lv-LV\",\"@id\":\"https:\/\/cosmetic.lv\/lv\/#\/schema\/logo\/image\/\",\"url\":\"https:\/\/cosmetic.lv\/wp-content\/uploads\/2021\/02\/cosmetic.lv_logo.jpg\",\"contentUrl\":\"https:\/\/cosmetic.lv\/wp-content\/uploads\/2021\/02\/cosmetic.lv_logo.jpg\",\"width\":596,\"height\":196,\"caption\":\"COSMETIC.LV\"},\"image\":{\"@id\":\"https:\/\/cosmetic.lv\/lv\/#\/schema\/logo\/image\/\"},\"sameAs\":[\"https:\/\/www.facebook.com\/cosmetic.lv\/\"]}]}<\/script>\n<meta property=\"product:price:amount\" content=\"24.20\" \/>\n<meta property=\"product:price:currency\" content=\"EUR\" \/>\n<meta property=\"og:availability\" content=\"out of stock\" \/>\n<meta property=\"product:availability\" content=\"out of stock\" \/>\n<meta property=\"product:retailer_item_id\" content=\"75008\" \/>\n<meta property=\"product:condition\" content=\"new\" \/>\n<!-- \/ Yoast SEO Premium plugin. -->","yoast_head_json":{"title":"DAVINES Nounou matu maska \u200b\u200bintens\u012bvi atjaunojo\u0161a maska \u200b\u200bdzi\u013cu matu baro\u0161anai, 250ml - cosmetic.lv","robots":{"index":"index","follow":"follow","max-snippet":"max-snippet:-1","max-image-preview":"max-image-preview:large","max-video-preview":"max-video-preview:-1"},"canonical":"https:\/\/cosmetic.lv\/lv\/product\/davines-nounou-matu-maska-%e2%80%8b%e2%80%8bintensivi-atjaunojosa-maska-%e2%80%8b%e2%80%8bdzilu-matu-barosanai-250ml\/","og_locale":"lv_LV","og_type":"article","og_title":"DAVINES Nounou matu maska \u200b\u200bintens\u012bvi atjaunojo\u0161a maska \u200b\u200bdzi\u013cu matu baro\u0161anai, 250ml","og_description":"Untitled document NOUNOU \u0123imenes produkti ir paredz\u0113ti sausiem vai \u0137\u012bmiski boj\u0101tiem matiem, kas izce\u013c, balina, notur\u012bgi lok\u0101s vai iztaisno. Tie","og_url":"https:\/\/cosmetic.lv\/lv\/product\/davines-nounou-matu-maska-%e2%80%8b%e2%80%8bintensivi-atjaunojosa-maska-%e2%80%8b%e2%80%8bdzilu-matu-barosanai-250ml\/","og_site_name":"cosmetic.lv","article_publisher":"https:\/\/www.facebook.com\/cosmetic.lv\/","article_modified_time":"2021-02-06T17:45:11+00:00","og_image":[{"width":225,"height":225,"url":"https:\/\/cosmetic.lv\/wp-content\/uploads\/2021\/02\/index-32.jpg","type":"image\/jpeg"}],"twitter_card":"summary_large_image","schema":{"@context":"https:\/\/schema.org","@graph":[{"@type":"WebPage","@id":"https:\/\/cosmetic.lv\/lv\/product\/davines-nounou-matu-maska-%e2%80%8b%e2%80%8bintensivi-atjaunojosa-maska-%e2%80%8b%e2%80%8bdzilu-matu-barosanai-250ml\/","url":"https:\/\/cosmetic.lv\/lv\/product\/davines-nounou-matu-maska-%e2%80%8b%e2%80%8bintensivi-atjaunojosa-maska-%e2%80%8b%e2%80%8bdzilu-matu-barosanai-250ml\/","name":"DAVINES Nounou matu maska \u200b\u200bintens\u012bvi atjaunojo\u0161a maska \u200b\u200bdzi\u013cu matu baro\u0161anai, 250ml - cosmetic.lv","isPartOf":{"@id":"https:\/\/cosmetic.lv\/lv\/#website"},"primaryImageOfPage":{"@id":"https:\/\/cosmetic.lv\/lv\/product\/davines-nounou-matu-maska-%e2%80%8b%e2%80%8bintensivi-atjaunojosa-maska-%e2%80%8b%e2%80%8bdzilu-matu-barosanai-250ml\/#primaryimage"},"image":{"@id":"https:\/\/cosmetic.lv\/lv\/product\/davines-nounou-matu-maska-%e2%80%8b%e2%80%8bintensivi-atjaunojosa-maska-%e2%80%8b%e2%80%8bdzilu-matu-barosanai-250ml\/#primaryimage"},"thumbnailUrl":"https:\/\/cosmetic.lv\/wp-content\/uploads\/2021\/02\/index-32.jpg","datePublished":"2021-02-06T17:45:08+00:00","dateModified":"2021-02-06T17:45:11+00:00","breadcrumb":{"@id":"https:\/\/cosmetic.lv\/lv\/product\/davines-nounou-matu-maska-%e2%80%8b%e2%80%8bintensivi-atjaunojosa-maska-%e2%80%8b%e2%80%8bdzilu-matu-barosanai-250ml\/#breadcrumb"},"inLanguage":"lv-LV","potentialAction":[{"@type":"ReadAction","target":["https:\/\/cosmetic.lv\/lv\/product\/davines-nounou-matu-maska-%e2%80%8b%e2%80%8bintensivi-atjaunojosa-maska-%e2%80%8b%e2%80%8bdzilu-matu-barosanai-250ml\/"]}]},{"@type":"ImageObject","inLanguage":"lv-LV","@id":"https:\/\/cosmetic.lv\/lv\/product\/davines-nounou-matu-maska-%e2%80%8b%e2%80%8bintensivi-atjaunojosa-maska-%e2%80%8b%e2%80%8bdzilu-matu-barosanai-250ml\/#primaryimage","url":"https:\/\/cosmetic.lv\/wp-content\/uploads\/2021\/02\/index-32.jpg","contentUrl":"https:\/\/cosmetic.lv\/wp-content\/uploads\/2021\/02\/index-32.jpg","width":225,"height":225},{"@type":"BreadcrumbList","@id":"https:\/\/cosmetic.lv\/lv\/product\/davines-nounou-matu-maska-%e2%80%8b%e2%80%8bintensivi-atjaunojosa-maska-%e2%80%8b%e2%80%8bdzilu-matu-barosanai-250ml\/#breadcrumb","itemListElement":[{"@type":"ListItem","position":1,"name":"Home","item":"https:\/\/cosmetic.lv\/lv\/"},{"@type":"ListItem","position":2,"name":"Veikals","item":"https:\/\/cosmetic.lv\/lv\/veiklas\/"},{"@type":"ListItem","position":3,"name":"DAVINES Nounou matu maska \u200b\u200bintens\u012bvi atjaunojo\u0161a maska \u200b\u200bdzi\u013cu matu baro\u0161anai, 250ml"}]},{"@type":"WebSite","@id":"https:\/\/cosmetic.lv\/lv\/#website","url":"https:\/\/cosmetic.lv\/lv\/","name":"cosmetic.lv","description":"Profesion\u0101la kosm\u0113tika - Maria Galland, Keune, Arkadija, GMT, Guam, Magiray","publisher":{"@id":"https:\/\/cosmetic.lv\/lv\/#organization"},"potentialAction":[{"@type":"SearchAction","target":{"@type":"EntryPoint","urlTemplate":"https:\/\/cosmetic.lv\/lv\/?s={search_term_string}"},"query-input":{"@type":"PropertyValueSpecification","valueRequired":true,"valueName":"search_term_string"}}],"inLanguage":"lv-LV"},{"@type":"Organization","@id":"https:\/\/cosmetic.lv\/lv\/#organization","name":"COSMETIC.LV","url":"https:\/\/cosmetic.lv\/lv\/","logo":{"@type":"ImageObject","inLanguage":"lv-LV","@id":"https:\/\/cosmetic.lv\/lv\/#\/schema\/logo\/image\/","url":"https:\/\/cosmetic.lv\/wp-content\/uploads\/2021\/02\/cosmetic.lv_logo.jpg","contentUrl":"https:\/\/cosmetic.lv\/wp-content\/uploads\/2021\/02\/cosmetic.lv_logo.jpg","width":596,"height":196,"caption":"COSMETIC.LV"},"image":{"@id":"https:\/\/cosmetic.lv\/lv\/#\/schema\/logo\/image\/"},"sameAs":["https:\/\/www.facebook.com\/cosmetic.lv\/"]}]},"product_price_amount":"24.20","product_price_currency":"EUR","og_availability":"out of stock","product_availability":"out of stock","product_retailer_item_id":"75008","product_condition":"new"},"_links":{"self":[{"href":"https:\/\/cosmetic.lv\/lv\/wp-json\/wp\/v2\/product\/33825","targetHints":{"allow":["GET"]}}],"collection":[{"href":"https:\/\/cosmetic.lv\/lv\/wp-json\/wp\/v2\/product"}],"about":[{"href":"https:\/\/cosmetic.lv\/lv\/wp-json\/wp\/v2\/types\/product"}],"wp:featuredmedia":[{"embeddable":true,"href":"https:\/\/cosmetic.lv\/lv\/wp-json\/wp\/v2\/media\/31118"}],"wp:attachment":[{"href":"https:\/\/cosmetic.lv\/lv\/wp-json\/wp\/v2\/media?parent=33825"}],"wp:term":[{"taxonomy":"product_brand","embeddable":true,"href":"https:\/\/cosmetic.lv\/lv\/wp-json\/wp\/v2\/product_brand?post=33825"},{"taxonomy":"product_cat","embeddable":true,"href":"https:\/\/cosmetic.lv\/lv\/wp-json\/wp\/v2\/product_cat?post=33825"},{"taxonomy":"product_tag","embeddable":true,"href":"https:\/\/cosmetic.lv\/lv\/wp-json\/wp\/v2\/product_tag?post=33825"}],"curies":[{"name":"wp","href":"https:\/\/api.w.org\/{rel}","templated":true}]}}