{"id":33828,"date":"2021-02-05T22:36:32","date_gmt":"2021-02-06T17:45:08","guid":{"rendered":"https:\/\/damme.lv\/product\/davines-renewing-shampoo-atjaunojoss-sampuns-250ml\/"},"modified":"2021-02-06T19:45:11","modified_gmt":"2021-02-06T17:45:11","slug":"davines-renewing-shampoo-atjaunojoss-sampuns-250ml","status":"publish","type":"product","link":"https:\/\/cosmetic.lv\/lv\/product\/davines-renewing-shampoo-atjaunojoss-sampuns-250ml\/","title":{"rendered":"DAVINES Renewing Shampoo atjaunojo\u0161s \u0161amp\u016bns, 250ml"},"content":{"rendered":"<p><!DOCTYPE html PUBLIC &quot;-\/\/W3C\/\/DTD XHTML 1.0 Transitional\/\/EN&quot; &quot;http:\/\/www.w3.org\/TR\/xhtml1\/DTD\/xhtml1-transitional.dtd&quot;><br \/>\n<html><br \/>\n<head><br \/>\n<title>Untitled document<\/title><br \/>\n<\/head><br \/>\n<body><\/p>\n<div>\n<div>\n<p>Uzlabot J\u016bsu dab\u012bgo skaistumu nu it  nemaz nav gr\u016bti. Ar Davines Renewing atjaunojo&scaron;o &scaron;amp\u016bnu, uzlabot J\u016bsu  matu skaistumu nekad nav bijis viegl\u0101k. Nav nepiecie&scaron;am\u012bbas neko main\u012bt  sav\u0101 izskat\u0101, J\u016bs izskat\u0101ties lieliski jau t\u0101da k\u0101da esat. Izceliet  savus matus jau ar vienu mazg\u0101&scaron;anas reizi. Mati ir it \u012bpa&scaron;i svar\u012bgi sav\u0101  izskat\u0101 pirmaj\u0101s tik&scaron;an\u0101s reiz\u0113s, pirmais iespaids nosaka jau t\u0101l\u0101ko  darb\u012bbu. Pateicoties da\u017e\u0101dajiem kompleksiem &scaron;amp\u016bna sast\u0101v\u0101, tas  aizsarg\u0101 galvas \u0101du un matus pret noveco&scaron;anos, k\u0101 ar\u012b atst\u0101j matus  vesel\u012bgus un sp\u012bd\u012bgus. Matu m\u012bkstums +37%. Matu sp\u012bdums +29%. Matu  apjoms +29%.<\/p>\n<p>Formula ietver sev\u012b hair longevity (matu ilgm\u016b\u017e\u012bbas) kompleksu, kas  aizsarg\u0101 matus un galvas \u0101du no noveco&scaron;an\u0101s. Br\u012bvs no parab\u0113niem un  sulf\u0101tiem.<\/p>\n<p>Lieto&scaron;ana: Uzman\u012bgi iemas\u0113t &scaron;amp\u016bnu mitros matos un atst\u0101t uz p\u0101ris min\u016bt\u0113m, p\u0113c tam izskalot.<\/p>\n<p>Tilpums: 250ml<\/p>\n<\/div>\n<\/div>\n<p><\/body><br \/>\n<\/html><\/p>\n","protected":false},"excerpt":{"rendered":"<p>Untitled document Uzlabot J\u016bsu dab\u012bgo skaistumu nu it nemaz nav gr\u016bti. Ar Davines Renewing atjaunojo&scaron;o &scaron;amp\u016bnu, uzlabot J\u016bsu matu skaistumu<\/p>\n","protected":false},"featured_media":15229,"template":"","meta":[],"product_brand":[],"product_cat":[2258,2260,2261],"product_tag":[],"class_list":{"0":"post-33828","1":"product","2":"type-product","3":"status-publish","4":"has-post-thumbnail","6":"product_cat-profesionala-kosmetika-matiem-lv","7":"product_cat-davines-italija-lv","8":"product_cat-kondicionieris-matiem-lv","10":"first","11":"outofstock","12":"taxable","13":"shipping-taxable","14":"purchasable","15":"product-type-simple"},"yoast_head":"<!-- This site is optimized with the Yoast SEO Premium plugin v27.0 (Yoast SEO v27.0) - https:\/\/yoast.com\/product\/yoast-seo-premium-wordpress\/ -->\n<title>DAVINES Renewing Shampoo atjaunojo\u0161s \u0161amp\u016bns, 250ml - cosmetic.lv<\/title>\n<meta name=\"robots\" content=\"index, follow, max-snippet:-1, max-image-preview:large, max-video-preview:-1\" \/>\n<link rel=\"canonical\" href=\"https:\/\/cosmetic.lv\/lv\/product\/davines-renewing-shampoo-atjaunojoss-sampuns-250ml\/\" \/>\n<meta property=\"og:locale\" content=\"lv_LV\" \/>\n<meta property=\"og:type\" content=\"article\" \/>\n<meta property=\"og:title\" content=\"DAVINES Renewing Shampoo atjaunojo\u0161s \u0161amp\u016bns, 250ml\" \/>\n<meta property=\"og:description\" content=\"Untitled document Uzlabot J\u016bsu dab\u012bgo skaistumu nu it nemaz nav gr\u016bti. Ar Davines Renewing atjaunojo&scaron;o &scaron;amp\u016bnu, uzlabot J\u016bsu matu skaistumu\" \/>\n<meta property=\"og:url\" content=\"https:\/\/cosmetic.lv\/lv\/product\/davines-renewing-shampoo-atjaunojoss-sampuns-250ml\/\" \/>\n<meta property=\"og:site_name\" content=\"cosmetic.lv\" \/>\n<meta property=\"article:publisher\" content=\"https:\/\/www.facebook.com\/cosmetic.lv\/\" \/>\n<meta property=\"article:modified_time\" content=\"2021-02-06T17:45:11+00:00\" \/>\n<meta property=\"og:image\" content=\"https:\/\/cosmetic.lv\/wp-content\/uploads\/2021\/02\/davines-naturaltech-renewing-shampoo-250ml-4.jpg\" \/>\n\t<meta property=\"og:image:width\" content=\"1400\" \/>\n\t<meta property=\"og:image:height\" content=\"1400\" \/>\n\t<meta property=\"og:image:type\" content=\"image\/jpeg\" \/>\n<meta name=\"twitter:card\" content=\"summary_large_image\" \/>\n<script type=\"application\/ld+json\" class=\"yoast-schema-graph\">{\"@context\":\"https:\/\/schema.org\",\"@graph\":[{\"@type\":\"WebPage\",\"@id\":\"https:\/\/cosmetic.lv\/lv\/product\/davines-renewing-shampoo-atjaunojoss-sampuns-250ml\/\",\"url\":\"https:\/\/cosmetic.lv\/lv\/product\/davines-renewing-shampoo-atjaunojoss-sampuns-250ml\/\",\"name\":\"DAVINES Renewing Shampoo atjaunojo\u0161s \u0161amp\u016bns, 250ml - cosmetic.lv\",\"isPartOf\":{\"@id\":\"https:\/\/cosmetic.lv\/lv\/#website\"},\"primaryImageOfPage\":{\"@id\":\"https:\/\/cosmetic.lv\/lv\/product\/davines-renewing-shampoo-atjaunojoss-sampuns-250ml\/#primaryimage\"},\"image\":{\"@id\":\"https:\/\/cosmetic.lv\/lv\/product\/davines-renewing-shampoo-atjaunojoss-sampuns-250ml\/#primaryimage\"},\"thumbnailUrl\":\"https:\/\/cosmetic.lv\/wp-content\/uploads\/2021\/02\/davines-naturaltech-renewing-shampoo-250ml-4.jpg\",\"datePublished\":\"2021-02-06T17:45:08+00:00\",\"dateModified\":\"2021-02-06T17:45:11+00:00\",\"breadcrumb\":{\"@id\":\"https:\/\/cosmetic.lv\/lv\/product\/davines-renewing-shampoo-atjaunojoss-sampuns-250ml\/#breadcrumb\"},\"inLanguage\":\"lv-LV\",\"potentialAction\":[{\"@type\":\"ReadAction\",\"target\":[\"https:\/\/cosmetic.lv\/lv\/product\/davines-renewing-shampoo-atjaunojoss-sampuns-250ml\/\"]}]},{\"@type\":\"ImageObject\",\"inLanguage\":\"lv-LV\",\"@id\":\"https:\/\/cosmetic.lv\/lv\/product\/davines-renewing-shampoo-atjaunojoss-sampuns-250ml\/#primaryimage\",\"url\":\"https:\/\/cosmetic.lv\/wp-content\/uploads\/2021\/02\/davines-naturaltech-renewing-shampoo-250ml-4.jpg\",\"contentUrl\":\"https:\/\/cosmetic.lv\/wp-content\/uploads\/2021\/02\/davines-naturaltech-renewing-shampoo-250ml-4.jpg\",\"width\":1400,\"height\":1400,\"caption\":\"davines-naturaltech-renewing-shampoo-250ml.jpg\"},{\"@type\":\"BreadcrumbList\",\"@id\":\"https:\/\/cosmetic.lv\/lv\/product\/davines-renewing-shampoo-atjaunojoss-sampuns-250ml\/#breadcrumb\",\"itemListElement\":[{\"@type\":\"ListItem\",\"position\":1,\"name\":\"Home\",\"item\":\"https:\/\/cosmetic.lv\/lv\/\"},{\"@type\":\"ListItem\",\"position\":2,\"name\":\"Veikals\",\"item\":\"https:\/\/cosmetic.lv\/lv\/veiklas\/\"},{\"@type\":\"ListItem\",\"position\":3,\"name\":\"DAVINES Renewing Shampoo atjaunojo\u0161s \u0161amp\u016bns, 250ml\"}]},{\"@type\":\"WebSite\",\"@id\":\"https:\/\/cosmetic.lv\/lv\/#website\",\"url\":\"https:\/\/cosmetic.lv\/lv\/\",\"name\":\"cosmetic.lv\",\"description\":\"Profesion\u0101la kosm\u0113tika - Maria Galland, Keune, Arkadija, GMT, Guam, Magiray\",\"publisher\":{\"@id\":\"https:\/\/cosmetic.lv\/lv\/#organization\"},\"potentialAction\":[{\"@type\":\"SearchAction\",\"target\":{\"@type\":\"EntryPoint\",\"urlTemplate\":\"https:\/\/cosmetic.lv\/lv\/?s={search_term_string}\"},\"query-input\":{\"@type\":\"PropertyValueSpecification\",\"valueRequired\":true,\"valueName\":\"search_term_string\"}}],\"inLanguage\":\"lv-LV\"},{\"@type\":\"Organization\",\"@id\":\"https:\/\/cosmetic.lv\/lv\/#organization\",\"name\":\"COSMETIC.LV\",\"url\":\"https:\/\/cosmetic.lv\/lv\/\",\"logo\":{\"@type\":\"ImageObject\",\"inLanguage\":\"lv-LV\",\"@id\":\"https:\/\/cosmetic.lv\/lv\/#\/schema\/logo\/image\/\",\"url\":\"https:\/\/cosmetic.lv\/wp-content\/uploads\/2021\/02\/cosmetic.lv_logo.jpg\",\"contentUrl\":\"https:\/\/cosmetic.lv\/wp-content\/uploads\/2021\/02\/cosmetic.lv_logo.jpg\",\"width\":596,\"height\":196,\"caption\":\"COSMETIC.LV\"},\"image\":{\"@id\":\"https:\/\/cosmetic.lv\/lv\/#\/schema\/logo\/image\/\"},\"sameAs\":[\"https:\/\/www.facebook.com\/cosmetic.lv\/\"]}]}<\/script>\n<meta property=\"product:price:amount\" content=\"16.13\" \/>\n<meta property=\"product:price:currency\" content=\"EUR\" \/>\n<meta property=\"og:availability\" content=\"out of stock\" \/>\n<meta property=\"product:availability\" content=\"out of stock\" \/>\n<meta property=\"product:retailer_item_id\" content=\"71243\" \/>\n<meta property=\"product:condition\" content=\"new\" \/>\n<!-- \/ Yoast SEO Premium plugin. -->","yoast_head_json":{"title":"DAVINES Renewing Shampoo atjaunojo\u0161s \u0161amp\u016bns, 250ml - cosmetic.lv","robots":{"index":"index","follow":"follow","max-snippet":"max-snippet:-1","max-image-preview":"max-image-preview:large","max-video-preview":"max-video-preview:-1"},"canonical":"https:\/\/cosmetic.lv\/lv\/product\/davines-renewing-shampoo-atjaunojoss-sampuns-250ml\/","og_locale":"lv_LV","og_type":"article","og_title":"DAVINES Renewing Shampoo atjaunojo\u0161s \u0161amp\u016bns, 250ml","og_description":"Untitled document Uzlabot J\u016bsu dab\u012bgo skaistumu nu it nemaz nav gr\u016bti. Ar Davines Renewing atjaunojo&scaron;o &scaron;amp\u016bnu, uzlabot J\u016bsu matu skaistumu","og_url":"https:\/\/cosmetic.lv\/lv\/product\/davines-renewing-shampoo-atjaunojoss-sampuns-250ml\/","og_site_name":"cosmetic.lv","article_publisher":"https:\/\/www.facebook.com\/cosmetic.lv\/","article_modified_time":"2021-02-06T17:45:11+00:00","og_image":[{"width":1400,"height":1400,"url":"https:\/\/cosmetic.lv\/wp-content\/uploads\/2021\/02\/davines-naturaltech-renewing-shampoo-250ml-4.jpg","type":"image\/jpeg"}],"twitter_card":"summary_large_image","schema":{"@context":"https:\/\/schema.org","@graph":[{"@type":"WebPage","@id":"https:\/\/cosmetic.lv\/lv\/product\/davines-renewing-shampoo-atjaunojoss-sampuns-250ml\/","url":"https:\/\/cosmetic.lv\/lv\/product\/davines-renewing-shampoo-atjaunojoss-sampuns-250ml\/","name":"DAVINES Renewing Shampoo atjaunojo\u0161s \u0161amp\u016bns, 250ml - cosmetic.lv","isPartOf":{"@id":"https:\/\/cosmetic.lv\/lv\/#website"},"primaryImageOfPage":{"@id":"https:\/\/cosmetic.lv\/lv\/product\/davines-renewing-shampoo-atjaunojoss-sampuns-250ml\/#primaryimage"},"image":{"@id":"https:\/\/cosmetic.lv\/lv\/product\/davines-renewing-shampoo-atjaunojoss-sampuns-250ml\/#primaryimage"},"thumbnailUrl":"https:\/\/cosmetic.lv\/wp-content\/uploads\/2021\/02\/davines-naturaltech-renewing-shampoo-250ml-4.jpg","datePublished":"2021-02-06T17:45:08+00:00","dateModified":"2021-02-06T17:45:11+00:00","breadcrumb":{"@id":"https:\/\/cosmetic.lv\/lv\/product\/davines-renewing-shampoo-atjaunojoss-sampuns-250ml\/#breadcrumb"},"inLanguage":"lv-LV","potentialAction":[{"@type":"ReadAction","target":["https:\/\/cosmetic.lv\/lv\/product\/davines-renewing-shampoo-atjaunojoss-sampuns-250ml\/"]}]},{"@type":"ImageObject","inLanguage":"lv-LV","@id":"https:\/\/cosmetic.lv\/lv\/product\/davines-renewing-shampoo-atjaunojoss-sampuns-250ml\/#primaryimage","url":"https:\/\/cosmetic.lv\/wp-content\/uploads\/2021\/02\/davines-naturaltech-renewing-shampoo-250ml-4.jpg","contentUrl":"https:\/\/cosmetic.lv\/wp-content\/uploads\/2021\/02\/davines-naturaltech-renewing-shampoo-250ml-4.jpg","width":1400,"height":1400,"caption":"davines-naturaltech-renewing-shampoo-250ml.jpg"},{"@type":"BreadcrumbList","@id":"https:\/\/cosmetic.lv\/lv\/product\/davines-renewing-shampoo-atjaunojoss-sampuns-250ml\/#breadcrumb","itemListElement":[{"@type":"ListItem","position":1,"name":"Home","item":"https:\/\/cosmetic.lv\/lv\/"},{"@type":"ListItem","position":2,"name":"Veikals","item":"https:\/\/cosmetic.lv\/lv\/veiklas\/"},{"@type":"ListItem","position":3,"name":"DAVINES Renewing Shampoo atjaunojo\u0161s \u0161amp\u016bns, 250ml"}]},{"@type":"WebSite","@id":"https:\/\/cosmetic.lv\/lv\/#website","url":"https:\/\/cosmetic.lv\/lv\/","name":"cosmetic.lv","description":"Profesion\u0101la kosm\u0113tika - Maria Galland, Keune, Arkadija, GMT, Guam, Magiray","publisher":{"@id":"https:\/\/cosmetic.lv\/lv\/#organization"},"potentialAction":[{"@type":"SearchAction","target":{"@type":"EntryPoint","urlTemplate":"https:\/\/cosmetic.lv\/lv\/?s={search_term_string}"},"query-input":{"@type":"PropertyValueSpecification","valueRequired":true,"valueName":"search_term_string"}}],"inLanguage":"lv-LV"},{"@type":"Organization","@id":"https:\/\/cosmetic.lv\/lv\/#organization","name":"COSMETIC.LV","url":"https:\/\/cosmetic.lv\/lv\/","logo":{"@type":"ImageObject","inLanguage":"lv-LV","@id":"https:\/\/cosmetic.lv\/lv\/#\/schema\/logo\/image\/","url":"https:\/\/cosmetic.lv\/wp-content\/uploads\/2021\/02\/cosmetic.lv_logo.jpg","contentUrl":"https:\/\/cosmetic.lv\/wp-content\/uploads\/2021\/02\/cosmetic.lv_logo.jpg","width":596,"height":196,"caption":"COSMETIC.LV"},"image":{"@id":"https:\/\/cosmetic.lv\/lv\/#\/schema\/logo\/image\/"},"sameAs":["https:\/\/www.facebook.com\/cosmetic.lv\/"]}]},"product_price_amount":"16.13","product_price_currency":"EUR","og_availability":"out of stock","product_availability":"out of stock","product_retailer_item_id":"71243","product_condition":"new"},"_links":{"self":[{"href":"https:\/\/cosmetic.lv\/lv\/wp-json\/wp\/v2\/product\/33828","targetHints":{"allow":["GET"]}}],"collection":[{"href":"https:\/\/cosmetic.lv\/lv\/wp-json\/wp\/v2\/product"}],"about":[{"href":"https:\/\/cosmetic.lv\/lv\/wp-json\/wp\/v2\/types\/product"}],"wp:featuredmedia":[{"embeddable":true,"href":"https:\/\/cosmetic.lv\/lv\/wp-json\/wp\/v2\/media\/15229"}],"wp:attachment":[{"href":"https:\/\/cosmetic.lv\/lv\/wp-json\/wp\/v2\/media?parent=33828"}],"wp:term":[{"taxonomy":"product_brand","embeddable":true,"href":"https:\/\/cosmetic.lv\/lv\/wp-json\/wp\/v2\/product_brand?post=33828"},{"taxonomy":"product_cat","embeddable":true,"href":"https:\/\/cosmetic.lv\/lv\/wp-json\/wp\/v2\/product_cat?post=33828"},{"taxonomy":"product_tag","embeddable":true,"href":"https:\/\/cosmetic.lv\/lv\/wp-json\/wp\/v2\/product_tag?post=33828"}],"curies":[{"name":"wp","href":"https:\/\/api.w.org\/{rel}","templated":true}]}}