{"id":33829,"date":"2021-02-05T22:36:32","date_gmt":"2021-02-06T17:45:08","guid":{"rendered":"https:\/\/damme.lv\/product\/davines-naturaltech-renewing-kondicionejosa-maska-250ml\/"},"modified":"2021-02-06T19:45:12","modified_gmt":"2021-02-06T17:45:12","slug":"davines-naturaltech-renewing-kondicionejosa-maska-250ml","status":"publish","type":"product","link":"https:\/\/cosmetic.lv\/lv\/product\/davines-naturaltech-renewing-kondicionejosa-maska-250ml\/","title":{"rendered":"Davines NaturalTech Renewing kondicion\u0113jo\u0161a maska (250ml)"},"content":{"rendered":"<p><!DOCTYPE html PUBLIC &quot;-\/\/W3C\/\/DTD XHTML 1.0 Transitional\/\/EN&quot; &quot;http:\/\/www.w3.org\/TR\/xhtml1\/DTD\/xhtml1-transitional.dtd&quot;><br \/>\n<html><br \/>\n<head><br \/>\n<title>Untitled document<\/title><br \/>\n<\/head><br \/>\n<body><\/p>\n<div>\n<div>\n<p>&Scaron;is kondicionieris ir ide\u0101ls  cilv\u0113kiem, kuriem r\u016bp savu matu labkl\u0101j\u012bba un to vesel\u012bba ilgtermi\u0146\u0101.  Nav jau t\u0101, ka m\u0113s sak\u0101m, ka Jums ner\u016bp J\u016bsu mati, nepavisam, ta\u010du J\u016bsu  mati nov\u0113rt\u0113s centienus par tiem par\u016bp\u0113ties lab\u0101k. Davines Renewing  kondicionieris par\u016bp\u0113sies par J\u016bsu matiem l\u012bdz maksimumam. Pal\u012bdzot tiem  izskat\u012bties daudz vesel\u012bg\u0101kiem , padarot tos stipr\u0101kus un aizsarg\u0101jot  no noveco&scaron;an\u0101s. J\u016bsu \u0101da nav vien\u012bgais, kas var novecoties laikam ejot,  ar\u012b J\u016bsu mati var novecot, t\u0101p\u0113c ir svar\u012bgi s\u0101kt r\u016bp\u0113ties par tiem  laic\u012bgi. &Scaron;is kondicionieris var tikt izmantots gan pirms matu mazg\u0101&scaron;anas  ar &scaron;amp\u016bnu, gan ar\u012b p\u0113c matu mazg\u0101&scaron;anas, atkar\u012bb\u0101 no t\u0101 k\u0101du  kondicion\u0113jo&scaron;u efektu J\u016bs v\u0113laties. Tas baro, mitrina un stimul\u0113 galvas  \u0101du, padarot matu &scaron;\u0137iedras vesel\u012bg\u0101kas, kompakt\u0101kas un sp\u012bd\u012bg\u0101kas bez to  papildus nosv\u0113r&scaron;anas lej\u0101.<\/p>\n<p>Formula ietver sev\u012b hair longevity (matu ilgm\u016b\u017e\u012bbas) kompleksu, kas  aizsarg\u0101 matus un galvas \u0101du no noveco&scaron;an\u0101s. Br\u012bvs no parab\u0113niem.<\/p>\n<p>Lieto&scaron;ana:<\/p>\n<ul>\n<li>Norm\u0101liem matiem: uzkl\u0101t uz matiem p\u0113c matu izmazg\u0101&scaron;anas, atst\u0101t  uz 3-5 min\u016bt\u0113m, iz\u0137emm\u0113t un izskalot. P\u0101riet pie matu \u017e\u0101v\u0113&scaron;anas.<\/li>\n<li>Smalkiem matiem: izmantot pirms matu mazg\u0101&scaron;anas. Uzkl\u0101t uz mitriem  matiem un galvas \u0101das, atst\u0101t uz 3-5 min\u016bt\u0113m, tad noskalot un p\u0101riet pie  &scaron;amp\u016bna.<\/li>\n<li>Norm\u0101liem l\u012bdz bieziem matiem: maksim\u0101lajam kondicion\u0113jo&scaron;ajam  efektam, uzkl\u0101t uz mitriem pirms to mazg\u0101&scaron;anas un atst\u0101t uz 3-5 min\u016bt\u0113m.  Izskalot un p\u0101riet pie &scaron;amp\u016bna. Uzkl\u0101t kondicionieri v\u0113lreiz, atst\u0101t uz  3-5 min\u016bt\u0113m un tad p\u0101riet pie matu \u017e\u0101v\u0113&scaron;anas.<\/li>\n<\/ul>\n<p>Tilpums: 250ml<\/p>\n<\/div>\n<\/div>\n<p><\/body><br \/>\n<\/html><\/p>\n","protected":false},"excerpt":{"rendered":"<p>Untitled document &Scaron;is kondicionieris ir ide\u0101ls cilv\u0113kiem, kuriem r\u016bp savu matu labkl\u0101j\u012bba un to vesel\u012bba ilgtermi\u0146\u0101. Nav jau t\u0101, ka<\/p>\n","protected":false},"featured_media":31122,"template":"","meta":[],"product_brand":[],"product_cat":[2258,2260,2261],"product_tag":[],"class_list":{"0":"post-33829","1":"product","2":"type-product","3":"status-publish","4":"has-post-thumbnail","6":"product_cat-profesionala-kosmetika-matiem-lv","7":"product_cat-davines-italija-lv","8":"product_cat-kondicionieris-matiem-lv","10":"first","11":"outofstock","12":"taxable","13":"shipping-taxable","14":"purchasable","15":"product-type-simple"},"yoast_head":"<!-- This site is optimized with the Yoast SEO Premium plugin v27.0 (Yoast SEO v27.0) - https:\/\/yoast.com\/product\/yoast-seo-premium-wordpress\/ -->\n<title>Davines NaturalTech Renewing kondicion\u0113jo\u0161a maska (250ml) - cosmetic.lv<\/title>\n<meta name=\"robots\" content=\"index, follow, max-snippet:-1, max-image-preview:large, max-video-preview:-1\" \/>\n<link rel=\"canonical\" href=\"https:\/\/cosmetic.lv\/lv\/product\/davines-naturaltech-renewing-kondicionejosa-maska-250ml\/\" \/>\n<meta property=\"og:locale\" content=\"lv_LV\" \/>\n<meta property=\"og:type\" content=\"article\" \/>\n<meta property=\"og:title\" content=\"Davines NaturalTech Renewing kondicion\u0113jo\u0161a maska (250ml)\" \/>\n<meta property=\"og:description\" content=\"Untitled document &Scaron;is kondicionieris ir ide\u0101ls cilv\u0113kiem, kuriem r\u016bp savu matu labkl\u0101j\u012bba un to vesel\u012bba ilgtermi\u0146\u0101. Nav jau t\u0101, ka\" \/>\n<meta property=\"og:url\" content=\"https:\/\/cosmetic.lv\/lv\/product\/davines-naturaltech-renewing-kondicionejosa-maska-250ml\/\" \/>\n<meta property=\"og:site_name\" content=\"cosmetic.lv\" \/>\n<meta property=\"article:publisher\" content=\"https:\/\/www.facebook.com\/cosmetic.lv\/\" \/>\n<meta property=\"article:modified_time\" content=\"2021-02-06T17:45:12+00:00\" \/>\n<meta property=\"og:image\" content=\"https:\/\/cosmetic.lv\/wp-content\/uploads\/2021\/02\/index-33.jpg\" \/>\n\t<meta property=\"og:image:width\" content=\"225\" \/>\n\t<meta property=\"og:image:height\" content=\"225\" \/>\n\t<meta property=\"og:image:type\" content=\"image\/jpeg\" \/>\n<meta name=\"twitter:card\" content=\"summary_large_image\" \/>\n<script type=\"application\/ld+json\" class=\"yoast-schema-graph\">{\"@context\":\"https:\/\/schema.org\",\"@graph\":[{\"@type\":\"WebPage\",\"@id\":\"https:\/\/cosmetic.lv\/lv\/product\/davines-naturaltech-renewing-kondicionejosa-maska-250ml\/\",\"url\":\"https:\/\/cosmetic.lv\/lv\/product\/davines-naturaltech-renewing-kondicionejosa-maska-250ml\/\",\"name\":\"Davines NaturalTech Renewing kondicion\u0113jo\u0161a maska (250ml) - cosmetic.lv\",\"isPartOf\":{\"@id\":\"https:\/\/cosmetic.lv\/lv\/#website\"},\"primaryImageOfPage\":{\"@id\":\"https:\/\/cosmetic.lv\/lv\/product\/davines-naturaltech-renewing-kondicionejosa-maska-250ml\/#primaryimage\"},\"image\":{\"@id\":\"https:\/\/cosmetic.lv\/lv\/product\/davines-naturaltech-renewing-kondicionejosa-maska-250ml\/#primaryimage\"},\"thumbnailUrl\":\"https:\/\/cosmetic.lv\/wp-content\/uploads\/2021\/02\/index-33.jpg\",\"datePublished\":\"2021-02-06T17:45:08+00:00\",\"dateModified\":\"2021-02-06T17:45:12+00:00\",\"breadcrumb\":{\"@id\":\"https:\/\/cosmetic.lv\/lv\/product\/davines-naturaltech-renewing-kondicionejosa-maska-250ml\/#breadcrumb\"},\"inLanguage\":\"lv-LV\",\"potentialAction\":[{\"@type\":\"ReadAction\",\"target\":[\"https:\/\/cosmetic.lv\/lv\/product\/davines-naturaltech-renewing-kondicionejosa-maska-250ml\/\"]}]},{\"@type\":\"ImageObject\",\"inLanguage\":\"lv-LV\",\"@id\":\"https:\/\/cosmetic.lv\/lv\/product\/davines-naturaltech-renewing-kondicionejosa-maska-250ml\/#primaryimage\",\"url\":\"https:\/\/cosmetic.lv\/wp-content\/uploads\/2021\/02\/index-33.jpg\",\"contentUrl\":\"https:\/\/cosmetic.lv\/wp-content\/uploads\/2021\/02\/index-33.jpg\",\"width\":225,\"height\":225},{\"@type\":\"BreadcrumbList\",\"@id\":\"https:\/\/cosmetic.lv\/lv\/product\/davines-naturaltech-renewing-kondicionejosa-maska-250ml\/#breadcrumb\",\"itemListElement\":[{\"@type\":\"ListItem\",\"position\":1,\"name\":\"Home\",\"item\":\"https:\/\/cosmetic.lv\/lv\/\"},{\"@type\":\"ListItem\",\"position\":2,\"name\":\"Veikals\",\"item\":\"https:\/\/cosmetic.lv\/lv\/veiklas\/\"},{\"@type\":\"ListItem\",\"position\":3,\"name\":\"Davines NaturalTech Renewing kondicion\u0113jo\u0161a maska (250ml)\"}]},{\"@type\":\"WebSite\",\"@id\":\"https:\/\/cosmetic.lv\/lv\/#website\",\"url\":\"https:\/\/cosmetic.lv\/lv\/\",\"name\":\"cosmetic.lv\",\"description\":\"Profesion\u0101la kosm\u0113tika - Maria Galland, Keune, Arkadija, GMT, Guam, Magiray\",\"publisher\":{\"@id\":\"https:\/\/cosmetic.lv\/lv\/#organization\"},\"potentialAction\":[{\"@type\":\"SearchAction\",\"target\":{\"@type\":\"EntryPoint\",\"urlTemplate\":\"https:\/\/cosmetic.lv\/lv\/?s={search_term_string}\"},\"query-input\":{\"@type\":\"PropertyValueSpecification\",\"valueRequired\":true,\"valueName\":\"search_term_string\"}}],\"inLanguage\":\"lv-LV\"},{\"@type\":\"Organization\",\"@id\":\"https:\/\/cosmetic.lv\/lv\/#organization\",\"name\":\"COSMETIC.LV\",\"url\":\"https:\/\/cosmetic.lv\/lv\/\",\"logo\":{\"@type\":\"ImageObject\",\"inLanguage\":\"lv-LV\",\"@id\":\"https:\/\/cosmetic.lv\/lv\/#\/schema\/logo\/image\/\",\"url\":\"https:\/\/cosmetic.lv\/wp-content\/uploads\/2021\/02\/cosmetic.lv_logo.jpg\",\"contentUrl\":\"https:\/\/cosmetic.lv\/wp-content\/uploads\/2021\/02\/cosmetic.lv_logo.jpg\",\"width\":596,\"height\":196,\"caption\":\"COSMETIC.LV\"},\"image\":{\"@id\":\"https:\/\/cosmetic.lv\/lv\/#\/schema\/logo\/image\/\"},\"sameAs\":[\"https:\/\/www.facebook.com\/cosmetic.lv\/\"]}]}<\/script>\n<meta property=\"product:price:amount\" content=\"21.17\" \/>\n<meta property=\"product:price:currency\" content=\"EUR\" \/>\n<meta property=\"og:availability\" content=\"out of stock\" \/>\n<meta property=\"product:availability\" content=\"out of stock\" \/>\n<meta property=\"product:retailer_item_id\" content=\"71245\" \/>\n<meta property=\"product:condition\" content=\"new\" \/>\n<!-- \/ Yoast SEO Premium plugin. -->","yoast_head_json":{"title":"Davines NaturalTech Renewing kondicion\u0113jo\u0161a maska (250ml) - cosmetic.lv","robots":{"index":"index","follow":"follow","max-snippet":"max-snippet:-1","max-image-preview":"max-image-preview:large","max-video-preview":"max-video-preview:-1"},"canonical":"https:\/\/cosmetic.lv\/lv\/product\/davines-naturaltech-renewing-kondicionejosa-maska-250ml\/","og_locale":"lv_LV","og_type":"article","og_title":"Davines NaturalTech Renewing kondicion\u0113jo\u0161a maska (250ml)","og_description":"Untitled document &Scaron;is kondicionieris ir ide\u0101ls cilv\u0113kiem, kuriem r\u016bp savu matu labkl\u0101j\u012bba un to vesel\u012bba ilgtermi\u0146\u0101. Nav jau t\u0101, ka","og_url":"https:\/\/cosmetic.lv\/lv\/product\/davines-naturaltech-renewing-kondicionejosa-maska-250ml\/","og_site_name":"cosmetic.lv","article_publisher":"https:\/\/www.facebook.com\/cosmetic.lv\/","article_modified_time":"2021-02-06T17:45:12+00:00","og_image":[{"width":225,"height":225,"url":"https:\/\/cosmetic.lv\/wp-content\/uploads\/2021\/02\/index-33.jpg","type":"image\/jpeg"}],"twitter_card":"summary_large_image","schema":{"@context":"https:\/\/schema.org","@graph":[{"@type":"WebPage","@id":"https:\/\/cosmetic.lv\/lv\/product\/davines-naturaltech-renewing-kondicionejosa-maska-250ml\/","url":"https:\/\/cosmetic.lv\/lv\/product\/davines-naturaltech-renewing-kondicionejosa-maska-250ml\/","name":"Davines NaturalTech Renewing kondicion\u0113jo\u0161a maska (250ml) - cosmetic.lv","isPartOf":{"@id":"https:\/\/cosmetic.lv\/lv\/#website"},"primaryImageOfPage":{"@id":"https:\/\/cosmetic.lv\/lv\/product\/davines-naturaltech-renewing-kondicionejosa-maska-250ml\/#primaryimage"},"image":{"@id":"https:\/\/cosmetic.lv\/lv\/product\/davines-naturaltech-renewing-kondicionejosa-maska-250ml\/#primaryimage"},"thumbnailUrl":"https:\/\/cosmetic.lv\/wp-content\/uploads\/2021\/02\/index-33.jpg","datePublished":"2021-02-06T17:45:08+00:00","dateModified":"2021-02-06T17:45:12+00:00","breadcrumb":{"@id":"https:\/\/cosmetic.lv\/lv\/product\/davines-naturaltech-renewing-kondicionejosa-maska-250ml\/#breadcrumb"},"inLanguage":"lv-LV","potentialAction":[{"@type":"ReadAction","target":["https:\/\/cosmetic.lv\/lv\/product\/davines-naturaltech-renewing-kondicionejosa-maska-250ml\/"]}]},{"@type":"ImageObject","inLanguage":"lv-LV","@id":"https:\/\/cosmetic.lv\/lv\/product\/davines-naturaltech-renewing-kondicionejosa-maska-250ml\/#primaryimage","url":"https:\/\/cosmetic.lv\/wp-content\/uploads\/2021\/02\/index-33.jpg","contentUrl":"https:\/\/cosmetic.lv\/wp-content\/uploads\/2021\/02\/index-33.jpg","width":225,"height":225},{"@type":"BreadcrumbList","@id":"https:\/\/cosmetic.lv\/lv\/product\/davines-naturaltech-renewing-kondicionejosa-maska-250ml\/#breadcrumb","itemListElement":[{"@type":"ListItem","position":1,"name":"Home","item":"https:\/\/cosmetic.lv\/lv\/"},{"@type":"ListItem","position":2,"name":"Veikals","item":"https:\/\/cosmetic.lv\/lv\/veiklas\/"},{"@type":"ListItem","position":3,"name":"Davines NaturalTech Renewing kondicion\u0113jo\u0161a maska (250ml)"}]},{"@type":"WebSite","@id":"https:\/\/cosmetic.lv\/lv\/#website","url":"https:\/\/cosmetic.lv\/lv\/","name":"cosmetic.lv","description":"Profesion\u0101la kosm\u0113tika - Maria Galland, Keune, Arkadija, GMT, Guam, Magiray","publisher":{"@id":"https:\/\/cosmetic.lv\/lv\/#organization"},"potentialAction":[{"@type":"SearchAction","target":{"@type":"EntryPoint","urlTemplate":"https:\/\/cosmetic.lv\/lv\/?s={search_term_string}"},"query-input":{"@type":"PropertyValueSpecification","valueRequired":true,"valueName":"search_term_string"}}],"inLanguage":"lv-LV"},{"@type":"Organization","@id":"https:\/\/cosmetic.lv\/lv\/#organization","name":"COSMETIC.LV","url":"https:\/\/cosmetic.lv\/lv\/","logo":{"@type":"ImageObject","inLanguage":"lv-LV","@id":"https:\/\/cosmetic.lv\/lv\/#\/schema\/logo\/image\/","url":"https:\/\/cosmetic.lv\/wp-content\/uploads\/2021\/02\/cosmetic.lv_logo.jpg","contentUrl":"https:\/\/cosmetic.lv\/wp-content\/uploads\/2021\/02\/cosmetic.lv_logo.jpg","width":596,"height":196,"caption":"COSMETIC.LV"},"image":{"@id":"https:\/\/cosmetic.lv\/lv\/#\/schema\/logo\/image\/"},"sameAs":["https:\/\/www.facebook.com\/cosmetic.lv\/"]}]},"product_price_amount":"21.17","product_price_currency":"EUR","og_availability":"out of stock","product_availability":"out of stock","product_retailer_item_id":"71245","product_condition":"new"},"_links":{"self":[{"href":"https:\/\/cosmetic.lv\/lv\/wp-json\/wp\/v2\/product\/33829","targetHints":{"allow":["GET"]}}],"collection":[{"href":"https:\/\/cosmetic.lv\/lv\/wp-json\/wp\/v2\/product"}],"about":[{"href":"https:\/\/cosmetic.lv\/lv\/wp-json\/wp\/v2\/types\/product"}],"wp:featuredmedia":[{"embeddable":true,"href":"https:\/\/cosmetic.lv\/lv\/wp-json\/wp\/v2\/media\/31122"}],"wp:attachment":[{"href":"https:\/\/cosmetic.lv\/lv\/wp-json\/wp\/v2\/media?parent=33829"}],"wp:term":[{"taxonomy":"product_brand","embeddable":true,"href":"https:\/\/cosmetic.lv\/lv\/wp-json\/wp\/v2\/product_brand?post=33829"},{"taxonomy":"product_cat","embeddable":true,"href":"https:\/\/cosmetic.lv\/lv\/wp-json\/wp\/v2\/product_cat?post=33829"},{"taxonomy":"product_tag","embeddable":true,"href":"https:\/\/cosmetic.lv\/lv\/wp-json\/wp\/v2\/product_tag?post=33829"}],"curies":[{"name":"wp","href":"https:\/\/api.w.org\/{rel}","templated":true}]}}