{"id":33832,"date":"2021-02-05T22:36:32","date_gmt":"2021-02-06T17:45:08","guid":{"rendered":"https:\/\/damme.lv\/product\/davines-naturaltech-renewing-superactive-serums-100ml\/"},"modified":"2021-02-06T19:45:14","modified_gmt":"2021-02-06T17:45:14","slug":"davines-naturaltech-renewing-superactive-serums-100ml","status":"publish","type":"product","link":"https:\/\/cosmetic.lv\/lv\/product\/davines-naturaltech-renewing-superactive-serums-100ml\/","title":{"rendered":"Davines NaturalTech Renewing Superactive serums 100ml"},"content":{"rendered":"<p><!DOCTYPE html PUBLIC &quot;-\/\/W3C\/\/DTD XHTML 1.0 Transitional\/\/EN&quot; &quot;http:\/\/www.w3.org\/TR\/xhtml1\/DTD\/xhtml1-transitional.dtd&quot;><br \/>\n<html><br \/>\n<head><br \/>\n<title>Untitled document<\/title><br \/>\n<\/head><br \/>\n<body><\/p>\n<div>\n<div>\n<p>Nodro&scaron;in\u0101t labu matu izskatu un to  vesel\u012bbu var b\u016bt \u012bstas mokas, ta\u010du ar Davines Renewing Superactive  serumu t\u0101 noteikti neb\u016bs. Tikai p\u0101ris min\u016b&scaron;u laik\u0101 J\u016bsu mati atg\u016bs to  dab\u012bgi skaisto izskatu un izskat\u012bsies daudz vesel\u012bg\u0101ki k\u0101 nekad. &Scaron;is  atjaunojo&scaron;ais serums ir piem\u0113rots visa veida galvas \u0101d\u0101m un matu tipiem,  kas pret visiem iztur\u0113sies vienl\u012bdz\u012bgi. Tas saglab\u0101s matus stiprus un  skaistus, apturot to noveco&scaron;anos. J\u016bsu mati izskat\u012bsies jauni, vesel\u012bgi  un dz\u012bves pilni, neatkar\u012bgi no vecuma. Serums pal\u012bdz l\u012bdzsvarot galvas  \u0101du, k\u0101 rezult\u0101t\u0101 mati aug sp\u0113c\u012bgi un sp\u012bd\u012bgi. Matu m\u012bkstums + 37%. Matu  sp\u012bdums + 29%. Matu apjoms + 29%.<\/p>\n<p>Formula ietver sev\u012b hair longevity (matu ilgm\u016b\u017e\u012bbas) kompleksu, kas  aizsarg\u0101 matus un galvas \u0101du no noveco&scaron;an\u0101s. Sast\u0101v\u0101 ietilpst ar\u012b alfa  glik\u0101na oligosahar\u012bdi, kas darbojas k\u0101 anit-bioti\u0137is un galvas \u0101das  aktivators. Br\u012bvs no parab\u0113niem.<\/p>\n<p>Lieto&scaron;ana: P\u0113c matu iz\u017e\u0101v\u0113&scaron;anas ar dvieli, uzkl\u0101t serumu uz galvas  \u0101das un matu sakn\u0113m l\u012bdz matu gali\u0146iem. Viegli iemas\u0113t un iz\u0137emm\u0113t.  Nenoskalot. Turpin\u0101t ar matu \u017e\u0101v\u0113&scaron;anu. Ieteicams lietot kop\u0101 ar citiem  Davines Renewing s\u0113rijas produktiem.<\/p>\n<p>Tilpums: 100ml<\/p>\n<\/div>\n<\/div>\n<p><\/body><br \/>\n<\/html><\/p>\n","protected":false},"excerpt":{"rendered":"<p>Untitled document Nodro&scaron;in\u0101t labu matu izskatu un to vesel\u012bbu var b\u016bt \u012bstas mokas, ta\u010du ar Davines Renewing Superactive serumu t\u0101<\/p>\n","protected":false},"featured_media":15237,"template":"","meta":[],"product_brand":[],"product_cat":[2258,2260,2261],"product_tag":[],"class_list":{"0":"post-33832","1":"product","2":"type-product","3":"status-publish","4":"has-post-thumbnail","6":"product_cat-profesionala-kosmetika-matiem-lv","7":"product_cat-davines-italija-lv","8":"product_cat-kondicionieris-matiem-lv","10":"first","11":"outofstock","12":"taxable","13":"shipping-taxable","14":"purchasable","15":"product-type-simple"},"yoast_head":"<!-- This site is optimized with the Yoast SEO Premium plugin v27.0 (Yoast SEO v27.0) - https:\/\/yoast.com\/product\/yoast-seo-premium-wordpress\/ -->\n<title>Davines NaturalTech Renewing Superactive serums 100ml - cosmetic.lv<\/title>\n<meta name=\"robots\" content=\"index, follow, max-snippet:-1, max-image-preview:large, max-video-preview:-1\" \/>\n<link rel=\"canonical\" href=\"https:\/\/cosmetic.lv\/lv\/product\/davines-naturaltech-renewing-superactive-serums-100ml\/\" \/>\n<meta property=\"og:locale\" content=\"lv_LV\" \/>\n<meta property=\"og:type\" content=\"article\" \/>\n<meta property=\"og:title\" content=\"Davines NaturalTech Renewing Superactive serums 100ml\" \/>\n<meta property=\"og:description\" content=\"Untitled document Nodro&scaron;in\u0101t labu matu izskatu un to vesel\u012bbu var b\u016bt \u012bstas mokas, ta\u010du ar Davines Renewing Superactive serumu t\u0101\" \/>\n<meta property=\"og:url\" content=\"https:\/\/cosmetic.lv\/lv\/product\/davines-naturaltech-renewing-superactive-serums-100ml\/\" \/>\n<meta property=\"og:site_name\" content=\"cosmetic.lv\" \/>\n<meta property=\"article:publisher\" content=\"https:\/\/www.facebook.com\/cosmetic.lv\/\" \/>\n<meta property=\"article:modified_time\" content=\"2021-02-06T17:45:14+00:00\" \/>\n<meta property=\"og:image\" content=\"https:\/\/cosmetic.lv\/wp-content\/uploads\/2021\/02\/21749799344-1-700-4.jpg\" \/>\n\t<meta property=\"og:image:width\" content=\"700\" \/>\n\t<meta property=\"og:image:height\" content=\"700\" \/>\n\t<meta property=\"og:image:type\" content=\"image\/jpeg\" \/>\n<meta name=\"twitter:card\" content=\"summary_large_image\" \/>\n<script type=\"application\/ld+json\" class=\"yoast-schema-graph\">{\"@context\":\"https:\/\/schema.org\",\"@graph\":[{\"@type\":\"WebPage\",\"@id\":\"https:\/\/cosmetic.lv\/lv\/product\/davines-naturaltech-renewing-superactive-serums-100ml\/\",\"url\":\"https:\/\/cosmetic.lv\/lv\/product\/davines-naturaltech-renewing-superactive-serums-100ml\/\",\"name\":\"Davines NaturalTech Renewing Superactive serums 100ml - cosmetic.lv\",\"isPartOf\":{\"@id\":\"https:\/\/cosmetic.lv\/lv\/#website\"},\"primaryImageOfPage\":{\"@id\":\"https:\/\/cosmetic.lv\/lv\/product\/davines-naturaltech-renewing-superactive-serums-100ml\/#primaryimage\"},\"image\":{\"@id\":\"https:\/\/cosmetic.lv\/lv\/product\/davines-naturaltech-renewing-superactive-serums-100ml\/#primaryimage\"},\"thumbnailUrl\":\"https:\/\/cosmetic.lv\/wp-content\/uploads\/2021\/02\/21749799344-1-700-4.jpg\",\"datePublished\":\"2021-02-06T17:45:08+00:00\",\"dateModified\":\"2021-02-06T17:45:14+00:00\",\"breadcrumb\":{\"@id\":\"https:\/\/cosmetic.lv\/lv\/product\/davines-naturaltech-renewing-superactive-serums-100ml\/#breadcrumb\"},\"inLanguage\":\"lv-LV\",\"potentialAction\":[{\"@type\":\"ReadAction\",\"target\":[\"https:\/\/cosmetic.lv\/lv\/product\/davines-naturaltech-renewing-superactive-serums-100ml\/\"]}]},{\"@type\":\"ImageObject\",\"inLanguage\":\"lv-LV\",\"@id\":\"https:\/\/cosmetic.lv\/lv\/product\/davines-naturaltech-renewing-superactive-serums-100ml\/#primaryimage\",\"url\":\"https:\/\/cosmetic.lv\/wp-content\/uploads\/2021\/02\/21749799344-1-700-4.jpg\",\"contentUrl\":\"https:\/\/cosmetic.lv\/wp-content\/uploads\/2021\/02\/21749799344-1-700-4.jpg\",\"width\":700,\"height\":700,\"caption\":\"21749799344-1-700.jpg\"},{\"@type\":\"BreadcrumbList\",\"@id\":\"https:\/\/cosmetic.lv\/lv\/product\/davines-naturaltech-renewing-superactive-serums-100ml\/#breadcrumb\",\"itemListElement\":[{\"@type\":\"ListItem\",\"position\":1,\"name\":\"Home\",\"item\":\"https:\/\/cosmetic.lv\/lv\/\"},{\"@type\":\"ListItem\",\"position\":2,\"name\":\"Veikals\",\"item\":\"https:\/\/cosmetic.lv\/lv\/veiklas\/\"},{\"@type\":\"ListItem\",\"position\":3,\"name\":\"Davines NaturalTech Renewing Superactive serums 100ml\"}]},{\"@type\":\"WebSite\",\"@id\":\"https:\/\/cosmetic.lv\/lv\/#website\",\"url\":\"https:\/\/cosmetic.lv\/lv\/\",\"name\":\"cosmetic.lv\",\"description\":\"Profesion\u0101la kosm\u0113tika - Maria Galland, Keune, Arkadija, GMT, Guam, Magiray\",\"publisher\":{\"@id\":\"https:\/\/cosmetic.lv\/lv\/#organization\"},\"potentialAction\":[{\"@type\":\"SearchAction\",\"target\":{\"@type\":\"EntryPoint\",\"urlTemplate\":\"https:\/\/cosmetic.lv\/lv\/?s={search_term_string}\"},\"query-input\":{\"@type\":\"PropertyValueSpecification\",\"valueRequired\":true,\"valueName\":\"search_term_string\"}}],\"inLanguage\":\"lv-LV\"},{\"@type\":\"Organization\",\"@id\":\"https:\/\/cosmetic.lv\/lv\/#organization\",\"name\":\"COSMETIC.LV\",\"url\":\"https:\/\/cosmetic.lv\/lv\/\",\"logo\":{\"@type\":\"ImageObject\",\"inLanguage\":\"lv-LV\",\"@id\":\"https:\/\/cosmetic.lv\/lv\/#\/schema\/logo\/image\/\",\"url\":\"https:\/\/cosmetic.lv\/wp-content\/uploads\/2021\/02\/cosmetic.lv_logo.jpg\",\"contentUrl\":\"https:\/\/cosmetic.lv\/wp-content\/uploads\/2021\/02\/cosmetic.lv_logo.jpg\",\"width\":596,\"height\":196,\"caption\":\"COSMETIC.LV\"},\"image\":{\"@id\":\"https:\/\/cosmetic.lv\/lv\/#\/schema\/logo\/image\/\"},\"sameAs\":[\"https:\/\/www.facebook.com\/cosmetic.lv\/\"]}]}<\/script>\n<meta property=\"product:price:amount\" content=\"62.51\" \/>\n<meta property=\"product:price:currency\" content=\"EUR\" \/>\n<meta property=\"og:availability\" content=\"out of stock\" \/>\n<meta property=\"product:availability\" content=\"out of stock\" \/>\n<meta property=\"product:retailer_item_id\" content=\"71247\" \/>\n<meta property=\"product:condition\" content=\"new\" \/>\n<!-- \/ Yoast SEO Premium plugin. -->","yoast_head_json":{"title":"Davines NaturalTech Renewing Superactive serums 100ml - cosmetic.lv","robots":{"index":"index","follow":"follow","max-snippet":"max-snippet:-1","max-image-preview":"max-image-preview:large","max-video-preview":"max-video-preview:-1"},"canonical":"https:\/\/cosmetic.lv\/lv\/product\/davines-naturaltech-renewing-superactive-serums-100ml\/","og_locale":"lv_LV","og_type":"article","og_title":"Davines NaturalTech Renewing Superactive serums 100ml","og_description":"Untitled document Nodro&scaron;in\u0101t labu matu izskatu un to vesel\u012bbu var b\u016bt \u012bstas mokas, ta\u010du ar Davines Renewing Superactive serumu t\u0101","og_url":"https:\/\/cosmetic.lv\/lv\/product\/davines-naturaltech-renewing-superactive-serums-100ml\/","og_site_name":"cosmetic.lv","article_publisher":"https:\/\/www.facebook.com\/cosmetic.lv\/","article_modified_time":"2021-02-06T17:45:14+00:00","og_image":[{"width":700,"height":700,"url":"https:\/\/cosmetic.lv\/wp-content\/uploads\/2021\/02\/21749799344-1-700-4.jpg","type":"image\/jpeg"}],"twitter_card":"summary_large_image","schema":{"@context":"https:\/\/schema.org","@graph":[{"@type":"WebPage","@id":"https:\/\/cosmetic.lv\/lv\/product\/davines-naturaltech-renewing-superactive-serums-100ml\/","url":"https:\/\/cosmetic.lv\/lv\/product\/davines-naturaltech-renewing-superactive-serums-100ml\/","name":"Davines NaturalTech Renewing Superactive serums 100ml - cosmetic.lv","isPartOf":{"@id":"https:\/\/cosmetic.lv\/lv\/#website"},"primaryImageOfPage":{"@id":"https:\/\/cosmetic.lv\/lv\/product\/davines-naturaltech-renewing-superactive-serums-100ml\/#primaryimage"},"image":{"@id":"https:\/\/cosmetic.lv\/lv\/product\/davines-naturaltech-renewing-superactive-serums-100ml\/#primaryimage"},"thumbnailUrl":"https:\/\/cosmetic.lv\/wp-content\/uploads\/2021\/02\/21749799344-1-700-4.jpg","datePublished":"2021-02-06T17:45:08+00:00","dateModified":"2021-02-06T17:45:14+00:00","breadcrumb":{"@id":"https:\/\/cosmetic.lv\/lv\/product\/davines-naturaltech-renewing-superactive-serums-100ml\/#breadcrumb"},"inLanguage":"lv-LV","potentialAction":[{"@type":"ReadAction","target":["https:\/\/cosmetic.lv\/lv\/product\/davines-naturaltech-renewing-superactive-serums-100ml\/"]}]},{"@type":"ImageObject","inLanguage":"lv-LV","@id":"https:\/\/cosmetic.lv\/lv\/product\/davines-naturaltech-renewing-superactive-serums-100ml\/#primaryimage","url":"https:\/\/cosmetic.lv\/wp-content\/uploads\/2021\/02\/21749799344-1-700-4.jpg","contentUrl":"https:\/\/cosmetic.lv\/wp-content\/uploads\/2021\/02\/21749799344-1-700-4.jpg","width":700,"height":700,"caption":"21749799344-1-700.jpg"},{"@type":"BreadcrumbList","@id":"https:\/\/cosmetic.lv\/lv\/product\/davines-naturaltech-renewing-superactive-serums-100ml\/#breadcrumb","itemListElement":[{"@type":"ListItem","position":1,"name":"Home","item":"https:\/\/cosmetic.lv\/lv\/"},{"@type":"ListItem","position":2,"name":"Veikals","item":"https:\/\/cosmetic.lv\/lv\/veiklas\/"},{"@type":"ListItem","position":3,"name":"Davines NaturalTech Renewing Superactive serums 100ml"}]},{"@type":"WebSite","@id":"https:\/\/cosmetic.lv\/lv\/#website","url":"https:\/\/cosmetic.lv\/lv\/","name":"cosmetic.lv","description":"Profesion\u0101la kosm\u0113tika - Maria Galland, Keune, Arkadija, GMT, Guam, Magiray","publisher":{"@id":"https:\/\/cosmetic.lv\/lv\/#organization"},"potentialAction":[{"@type":"SearchAction","target":{"@type":"EntryPoint","urlTemplate":"https:\/\/cosmetic.lv\/lv\/?s={search_term_string}"},"query-input":{"@type":"PropertyValueSpecification","valueRequired":true,"valueName":"search_term_string"}}],"inLanguage":"lv-LV"},{"@type":"Organization","@id":"https:\/\/cosmetic.lv\/lv\/#organization","name":"COSMETIC.LV","url":"https:\/\/cosmetic.lv\/lv\/","logo":{"@type":"ImageObject","inLanguage":"lv-LV","@id":"https:\/\/cosmetic.lv\/lv\/#\/schema\/logo\/image\/","url":"https:\/\/cosmetic.lv\/wp-content\/uploads\/2021\/02\/cosmetic.lv_logo.jpg","contentUrl":"https:\/\/cosmetic.lv\/wp-content\/uploads\/2021\/02\/cosmetic.lv_logo.jpg","width":596,"height":196,"caption":"COSMETIC.LV"},"image":{"@id":"https:\/\/cosmetic.lv\/lv\/#\/schema\/logo\/image\/"},"sameAs":["https:\/\/www.facebook.com\/cosmetic.lv\/"]}]},"product_price_amount":"62.51","product_price_currency":"EUR","og_availability":"out of stock","product_availability":"out of stock","product_retailer_item_id":"71247","product_condition":"new"},"_links":{"self":[{"href":"https:\/\/cosmetic.lv\/lv\/wp-json\/wp\/v2\/product\/33832","targetHints":{"allow":["GET"]}}],"collection":[{"href":"https:\/\/cosmetic.lv\/lv\/wp-json\/wp\/v2\/product"}],"about":[{"href":"https:\/\/cosmetic.lv\/lv\/wp-json\/wp\/v2\/types\/product"}],"wp:featuredmedia":[{"embeddable":true,"href":"https:\/\/cosmetic.lv\/lv\/wp-json\/wp\/v2\/media\/15237"}],"wp:attachment":[{"href":"https:\/\/cosmetic.lv\/lv\/wp-json\/wp\/v2\/media?parent=33832"}],"wp:term":[{"taxonomy":"product_brand","embeddable":true,"href":"https:\/\/cosmetic.lv\/lv\/wp-json\/wp\/v2\/product_brand?post=33832"},{"taxonomy":"product_cat","embeddable":true,"href":"https:\/\/cosmetic.lv\/lv\/wp-json\/wp\/v2\/product_cat?post=33832"},{"taxonomy":"product_tag","embeddable":true,"href":"https:\/\/cosmetic.lv\/lv\/wp-json\/wp\/v2\/product_tag?post=33832"}],"curies":[{"name":"wp","href":"https:\/\/api.w.org\/{rel}","templated":true}]}}