{"id":33838,"date":"2021-02-05T22:36:32","date_gmt":"2021-02-06T17:45:16","guid":{"rendered":"https:\/\/damme.lv\/product\/davines-oi-sampuns-280ml\/"},"modified":"2021-02-06T19:45:19","modified_gmt":"2021-02-06T17:45:19","slug":"davines-oi-sampuns-280ml","status":"publish","type":"product","link":"https:\/\/cosmetic.lv\/lv\/product\/davines-oi-sampuns-280ml\/","title":{"rendered":"Davines OI \u0161amp\u016bns (280ml)"},"content":{"rendered":"<p><!DOCTYPE html PUBLIC &quot;-\/\/W3C\/\/DTD XHTML 1.0 Transitional\/\/EN&quot; &quot;http:\/\/www.w3.org\/TR\/xhtml1\/DTD\/xhtml1-transitional.dtd&quot;><br \/>\n<html><br \/>\n<head><br \/>\n<title>Untitled document<\/title><br \/>\n<\/head><br \/>\n<body><\/p>\n<div>\n<div>\n<p>Davines OI produktu l\u012bnija ir  piem\u0113rota visu matu tipu skaistumam. Daudzfunkcion\u0101l\u0101, daudzpus\u012bg\u0101 un  maig\u0101 konsistence padara &scaron;o par perfekto matu kop&scaron;anas l\u012bniju, kas  pied\u0101v\u0101 it \u012bpa&scaron;i efekt\u012bvu un pat\u012bkamu matu apstr\u0101di, kuru J\u016bsu mati nav  pieredz\u0113ju&scaron;i jau gadiem ilgi. Davines OI &scaron;amp\u016bns sniegs matiem  p\u0101rsteidzo&scaron;u maigumu, sp\u012bdumu un apjomu, padarot to par vienu no  nedaudzajiem produktiem, kas par\u016bp\u0113sies par vis\u0101m matu vajadz\u012bb\u0101m jau  pirmaj\u0101 lieto&scaron;anas reiz\u0113. Padom\u0101jiet. Kad bija p\u0113d\u0113j\u0101 reize, kad J\u016bs  redz\u0113j\u0101t visu &scaron;o te pied\u0101v\u0101jum\u0101, vien\u0101 produkt\u0101? Tas ir pat ide\u0101li  piem\u0113rots izmanto&scaron;anai pirms Davines OI e\u013c\u013cas vai Davines OI viss vien\u0101  pieni\u0146a matiem.<\/p>\n<p>Formul\u0101 iek\u013cauta Roucou e\u013c\u013ca, kurai piem\u012bt pret noveco&scaron;an\u0101s un sp\u0113c\u012bga antioksidanta iedarb\u012bba.<\/p>\n<p>Lieto&scaron;ana: Vienm\u0113r\u012bgi uzkl\u0101t uz matiem un galvas \u0101das, iemas\u0113t.  Izskalot un atk\u0101rto v\u0113lreiz, ja ir nepiecie&scaron;am\u012bba. R\u016bp\u012bgi noskalot.<\/p>\n<p>Tilpums: 280ml<\/p>\n<\/div>\n<\/div>\n<p><\/body><br \/>\n<\/html><\/p>\n","protected":false},"excerpt":{"rendered":"<p>Untitled document Davines OI produktu l\u012bnija ir piem\u0113rota visu matu tipu skaistumam. Daudzfunkcion\u0101l\u0101, daudzpus\u012bg\u0101 un maig\u0101 konsistence padara &scaron;o par<\/p>\n","protected":false},"featured_media":15255,"template":"","meta":[],"product_brand":[],"product_cat":[2258,2260,2261],"product_tag":[],"class_list":{"0":"post-33838","1":"product","2":"type-product","3":"status-publish","4":"has-post-thumbnail","6":"product_cat-profesionala-kosmetika-matiem-lv","7":"product_cat-davines-italija-lv","8":"product_cat-kondicionieris-matiem-lv","10":"first","11":"outofstock","12":"taxable","13":"shipping-taxable","14":"purchasable","15":"product-type-simple"},"yoast_head":"<!-- This site is optimized with the Yoast SEO Premium plugin v27.0 (Yoast SEO v27.0) - https:\/\/yoast.com\/product\/yoast-seo-premium-wordpress\/ -->\n<title>Davines OI \u0161amp\u016bns (280ml) - cosmetic.lv<\/title>\n<meta name=\"robots\" content=\"index, follow, max-snippet:-1, max-image-preview:large, max-video-preview:-1\" \/>\n<link rel=\"canonical\" href=\"https:\/\/cosmetic.lv\/lv\/product\/davines-oi-sampuns-280ml\/\" \/>\n<meta property=\"og:locale\" content=\"lv_LV\" \/>\n<meta property=\"og:type\" content=\"article\" \/>\n<meta property=\"og:title\" content=\"Davines OI \u0161amp\u016bns (280ml)\" \/>\n<meta property=\"og:description\" content=\"Untitled document Davines OI produktu l\u012bnija ir piem\u0113rota visu matu tipu skaistumam. Daudzfunkcion\u0101l\u0101, daudzpus\u012bg\u0101 un maig\u0101 konsistence padara &scaron;o par\" \/>\n<meta property=\"og:url\" content=\"https:\/\/cosmetic.lv\/lv\/product\/davines-oi-sampuns-280ml\/\" \/>\n<meta property=\"og:site_name\" content=\"cosmetic.lv\" \/>\n<meta property=\"article:publisher\" content=\"https:\/\/www.facebook.com\/cosmetic.lv\/\" \/>\n<meta property=\"article:modified_time\" content=\"2021-02-06T17:45:19+00:00\" \/>\n<meta property=\"og:image\" content=\"https:\/\/cosmetic.lv\/wp-content\/uploads\/2021\/02\/952ef998b33b06446fcec11890c21cb1-4.jpg\" \/>\n\t<meta property=\"og:image:width\" content=\"640\" \/>\n\t<meta property=\"og:image:height\" content=\"640\" \/>\n\t<meta property=\"og:image:type\" content=\"image\/jpeg\" \/>\n<meta name=\"twitter:card\" content=\"summary_large_image\" \/>\n<script type=\"application\/ld+json\" class=\"yoast-schema-graph\">{\"@context\":\"https:\/\/schema.org\",\"@graph\":[{\"@type\":\"WebPage\",\"@id\":\"https:\/\/cosmetic.lv\/lv\/product\/davines-oi-sampuns-280ml\/\",\"url\":\"https:\/\/cosmetic.lv\/lv\/product\/davines-oi-sampuns-280ml\/\",\"name\":\"Davines OI \u0161amp\u016bns (280ml) - cosmetic.lv\",\"isPartOf\":{\"@id\":\"https:\/\/cosmetic.lv\/lv\/#website\"},\"primaryImageOfPage\":{\"@id\":\"https:\/\/cosmetic.lv\/lv\/product\/davines-oi-sampuns-280ml\/#primaryimage\"},\"image\":{\"@id\":\"https:\/\/cosmetic.lv\/lv\/product\/davines-oi-sampuns-280ml\/#primaryimage\"},\"thumbnailUrl\":\"https:\/\/cosmetic.lv\/wp-content\/uploads\/2021\/02\/952ef998b33b06446fcec11890c21cb1-4.jpg\",\"datePublished\":\"2021-02-06T17:45:16+00:00\",\"dateModified\":\"2021-02-06T17:45:19+00:00\",\"breadcrumb\":{\"@id\":\"https:\/\/cosmetic.lv\/lv\/product\/davines-oi-sampuns-280ml\/#breadcrumb\"},\"inLanguage\":\"lv-LV\",\"potentialAction\":[{\"@type\":\"ReadAction\",\"target\":[\"https:\/\/cosmetic.lv\/lv\/product\/davines-oi-sampuns-280ml\/\"]}]},{\"@type\":\"ImageObject\",\"inLanguage\":\"lv-LV\",\"@id\":\"https:\/\/cosmetic.lv\/lv\/product\/davines-oi-sampuns-280ml\/#primaryimage\",\"url\":\"https:\/\/cosmetic.lv\/wp-content\/uploads\/2021\/02\/952ef998b33b06446fcec11890c21cb1-4.jpg\",\"contentUrl\":\"https:\/\/cosmetic.lv\/wp-content\/uploads\/2021\/02\/952ef998b33b06446fcec11890c21cb1-4.jpg\",\"width\":640,\"height\":640,\"caption\":\"952ef998b33b06446fcec11890c21cb1.jpg\"},{\"@type\":\"BreadcrumbList\",\"@id\":\"https:\/\/cosmetic.lv\/lv\/product\/davines-oi-sampuns-280ml\/#breadcrumb\",\"itemListElement\":[{\"@type\":\"ListItem\",\"position\":1,\"name\":\"Home\",\"item\":\"https:\/\/cosmetic.lv\/lv\/\"},{\"@type\":\"ListItem\",\"position\":2,\"name\":\"Veikals\",\"item\":\"https:\/\/cosmetic.lv\/lv\/veiklas\/\"},{\"@type\":\"ListItem\",\"position\":3,\"name\":\"Davines OI \u0161amp\u016bns (280ml)\"}]},{\"@type\":\"WebSite\",\"@id\":\"https:\/\/cosmetic.lv\/lv\/#website\",\"url\":\"https:\/\/cosmetic.lv\/lv\/\",\"name\":\"cosmetic.lv\",\"description\":\"Profesion\u0101la kosm\u0113tika - Maria Galland, Keune, Arkadija, GMT, Guam, Magiray\",\"publisher\":{\"@id\":\"https:\/\/cosmetic.lv\/lv\/#organization\"},\"potentialAction\":[{\"@type\":\"SearchAction\",\"target\":{\"@type\":\"EntryPoint\",\"urlTemplate\":\"https:\/\/cosmetic.lv\/lv\/?s={search_term_string}\"},\"query-input\":{\"@type\":\"PropertyValueSpecification\",\"valueRequired\":true,\"valueName\":\"search_term_string\"}}],\"inLanguage\":\"lv-LV\"},{\"@type\":\"Organization\",\"@id\":\"https:\/\/cosmetic.lv\/lv\/#organization\",\"name\":\"COSMETIC.LV\",\"url\":\"https:\/\/cosmetic.lv\/lv\/\",\"logo\":{\"@type\":\"ImageObject\",\"inLanguage\":\"lv-LV\",\"@id\":\"https:\/\/cosmetic.lv\/lv\/#\/schema\/logo\/image\/\",\"url\":\"https:\/\/cosmetic.lv\/wp-content\/uploads\/2021\/02\/cosmetic.lv_logo.jpg\",\"contentUrl\":\"https:\/\/cosmetic.lv\/wp-content\/uploads\/2021\/02\/cosmetic.lv_logo.jpg\",\"width\":596,\"height\":196,\"caption\":\"COSMETIC.LV\"},\"image\":{\"@id\":\"https:\/\/cosmetic.lv\/lv\/#\/schema\/logo\/image\/\"},\"sameAs\":[\"https:\/\/www.facebook.com\/cosmetic.lv\/\"]}]}<\/script>\n<meta property=\"product:price:amount\" content=\"20.17\" \/>\n<meta property=\"product:price:currency\" content=\"EUR\" \/>\n<meta property=\"og:availability\" content=\"out of stock\" \/>\n<meta property=\"product:availability\" content=\"out of stock\" \/>\n<meta property=\"product:retailer_item_id\" content=\"76004\" \/>\n<meta property=\"product:condition\" content=\"new\" \/>\n<!-- \/ Yoast SEO Premium plugin. -->","yoast_head_json":{"title":"Davines OI \u0161amp\u016bns (280ml) - cosmetic.lv","robots":{"index":"index","follow":"follow","max-snippet":"max-snippet:-1","max-image-preview":"max-image-preview:large","max-video-preview":"max-video-preview:-1"},"canonical":"https:\/\/cosmetic.lv\/lv\/product\/davines-oi-sampuns-280ml\/","og_locale":"lv_LV","og_type":"article","og_title":"Davines OI \u0161amp\u016bns (280ml)","og_description":"Untitled document Davines OI produktu l\u012bnija ir piem\u0113rota visu matu tipu skaistumam. Daudzfunkcion\u0101l\u0101, daudzpus\u012bg\u0101 un maig\u0101 konsistence padara &scaron;o par","og_url":"https:\/\/cosmetic.lv\/lv\/product\/davines-oi-sampuns-280ml\/","og_site_name":"cosmetic.lv","article_publisher":"https:\/\/www.facebook.com\/cosmetic.lv\/","article_modified_time":"2021-02-06T17:45:19+00:00","og_image":[{"width":640,"height":640,"url":"https:\/\/cosmetic.lv\/wp-content\/uploads\/2021\/02\/952ef998b33b06446fcec11890c21cb1-4.jpg","type":"image\/jpeg"}],"twitter_card":"summary_large_image","schema":{"@context":"https:\/\/schema.org","@graph":[{"@type":"WebPage","@id":"https:\/\/cosmetic.lv\/lv\/product\/davines-oi-sampuns-280ml\/","url":"https:\/\/cosmetic.lv\/lv\/product\/davines-oi-sampuns-280ml\/","name":"Davines OI \u0161amp\u016bns (280ml) - cosmetic.lv","isPartOf":{"@id":"https:\/\/cosmetic.lv\/lv\/#website"},"primaryImageOfPage":{"@id":"https:\/\/cosmetic.lv\/lv\/product\/davines-oi-sampuns-280ml\/#primaryimage"},"image":{"@id":"https:\/\/cosmetic.lv\/lv\/product\/davines-oi-sampuns-280ml\/#primaryimage"},"thumbnailUrl":"https:\/\/cosmetic.lv\/wp-content\/uploads\/2021\/02\/952ef998b33b06446fcec11890c21cb1-4.jpg","datePublished":"2021-02-06T17:45:16+00:00","dateModified":"2021-02-06T17:45:19+00:00","breadcrumb":{"@id":"https:\/\/cosmetic.lv\/lv\/product\/davines-oi-sampuns-280ml\/#breadcrumb"},"inLanguage":"lv-LV","potentialAction":[{"@type":"ReadAction","target":["https:\/\/cosmetic.lv\/lv\/product\/davines-oi-sampuns-280ml\/"]}]},{"@type":"ImageObject","inLanguage":"lv-LV","@id":"https:\/\/cosmetic.lv\/lv\/product\/davines-oi-sampuns-280ml\/#primaryimage","url":"https:\/\/cosmetic.lv\/wp-content\/uploads\/2021\/02\/952ef998b33b06446fcec11890c21cb1-4.jpg","contentUrl":"https:\/\/cosmetic.lv\/wp-content\/uploads\/2021\/02\/952ef998b33b06446fcec11890c21cb1-4.jpg","width":640,"height":640,"caption":"952ef998b33b06446fcec11890c21cb1.jpg"},{"@type":"BreadcrumbList","@id":"https:\/\/cosmetic.lv\/lv\/product\/davines-oi-sampuns-280ml\/#breadcrumb","itemListElement":[{"@type":"ListItem","position":1,"name":"Home","item":"https:\/\/cosmetic.lv\/lv\/"},{"@type":"ListItem","position":2,"name":"Veikals","item":"https:\/\/cosmetic.lv\/lv\/veiklas\/"},{"@type":"ListItem","position":3,"name":"Davines OI \u0161amp\u016bns (280ml)"}]},{"@type":"WebSite","@id":"https:\/\/cosmetic.lv\/lv\/#website","url":"https:\/\/cosmetic.lv\/lv\/","name":"cosmetic.lv","description":"Profesion\u0101la kosm\u0113tika - Maria Galland, Keune, Arkadija, GMT, Guam, Magiray","publisher":{"@id":"https:\/\/cosmetic.lv\/lv\/#organization"},"potentialAction":[{"@type":"SearchAction","target":{"@type":"EntryPoint","urlTemplate":"https:\/\/cosmetic.lv\/lv\/?s={search_term_string}"},"query-input":{"@type":"PropertyValueSpecification","valueRequired":true,"valueName":"search_term_string"}}],"inLanguage":"lv-LV"},{"@type":"Organization","@id":"https:\/\/cosmetic.lv\/lv\/#organization","name":"COSMETIC.LV","url":"https:\/\/cosmetic.lv\/lv\/","logo":{"@type":"ImageObject","inLanguage":"lv-LV","@id":"https:\/\/cosmetic.lv\/lv\/#\/schema\/logo\/image\/","url":"https:\/\/cosmetic.lv\/wp-content\/uploads\/2021\/02\/cosmetic.lv_logo.jpg","contentUrl":"https:\/\/cosmetic.lv\/wp-content\/uploads\/2021\/02\/cosmetic.lv_logo.jpg","width":596,"height":196,"caption":"COSMETIC.LV"},"image":{"@id":"https:\/\/cosmetic.lv\/lv\/#\/schema\/logo\/image\/"},"sameAs":["https:\/\/www.facebook.com\/cosmetic.lv\/"]}]},"product_price_amount":"20.17","product_price_currency":"EUR","og_availability":"out of stock","product_availability":"out of stock","product_retailer_item_id":"76004","product_condition":"new"},"_links":{"self":[{"href":"https:\/\/cosmetic.lv\/lv\/wp-json\/wp\/v2\/product\/33838","targetHints":{"allow":["GET"]}}],"collection":[{"href":"https:\/\/cosmetic.lv\/lv\/wp-json\/wp\/v2\/product"}],"about":[{"href":"https:\/\/cosmetic.lv\/lv\/wp-json\/wp\/v2\/types\/product"}],"wp:featuredmedia":[{"embeddable":true,"href":"https:\/\/cosmetic.lv\/lv\/wp-json\/wp\/v2\/media\/15255"}],"wp:attachment":[{"href":"https:\/\/cosmetic.lv\/lv\/wp-json\/wp\/v2\/media?parent=33838"}],"wp:term":[{"taxonomy":"product_brand","embeddable":true,"href":"https:\/\/cosmetic.lv\/lv\/wp-json\/wp\/v2\/product_brand?post=33838"},{"taxonomy":"product_cat","embeddable":true,"href":"https:\/\/cosmetic.lv\/lv\/wp-json\/wp\/v2\/product_cat?post=33838"},{"taxonomy":"product_tag","embeddable":true,"href":"https:\/\/cosmetic.lv\/lv\/wp-json\/wp\/v2\/product_tag?post=33838"}],"curies":[{"name":"wp","href":"https:\/\/api.w.org\/{rel}","templated":true}]}}