{"id":33839,"date":"2021-02-05T22:36:32","date_gmt":"2021-02-06T17:45:16","guid":{"rendered":"https:\/\/damme.lv\/product\/davines-oi-ella-matiem-135ml\/"},"modified":"2021-02-06T19:45:20","modified_gmt":"2021-02-06T17:45:20","slug":"davines-oi-ella-matiem-135ml","status":"publish","type":"product","link":"https:\/\/cosmetic.lv\/lv\/product\/davines-oi-ella-matiem-135ml\/","title":{"rendered":"Davines OI e\u013c\u013ca matiem (135ml)"},"content":{"rendered":"<p><!DOCTYPE html PUBLIC &quot;-\/\/W3C\/\/DTD XHTML 1.0 Transitional\/\/EN&quot; &quot;http:\/\/www.w3.org\/TR\/xhtml1\/DTD\/xhtml1-transitional.dtd&quot;><br \/>\n<html><br \/>\n<head><br \/>\n<title>Untitled document<\/title><br \/>\n<\/head><br \/>\n<body><\/p>\n<div>\n<div>\n<p>Davines OI produktu l\u012bnija ir  piem\u0113rota visu matu tipu skaistumam. Daudzfunkcion\u0101l\u0101, daudzpus\u012bg\u0101 un  maig\u0101 konsistence padara &scaron;o par perfekto matu kop&scaron;anas l\u012bniju, kas  pied\u0101v\u0101 it \u012bpa&scaron;i efekt\u012bvu un pat\u012bkamu matu apstr\u0101di, kuru J\u016bsu mati nav  pieredz\u0113ju&scaron;i jau gadiem ilgi. Davines OI e\u013c\u013ca b\u016bs sp\u0113j\u012bga apmierin\u0101t  visas J\u016bsu matu pras\u012bbas. K\u0101 maigs strauti\u0146&scaron; tas p\u0101riet p\u0101ri J\u016bsu  matiem, dodot tiem p\u0101rsteidzo&scaron;u sp\u012bdumu un maigumu, kur pat profesion\u0101\u013ci  var b\u016bt greizsird\u012bgi. Uztraucieties par to, ka J\u016bsu mati visu laiku  p\u016bkojas? Ar &scaron;o e\u013c\u013cu par to neb\u016bs nek\u0101du uztraukumu. Skaisti mati bez  p\u016bk\u0101m un viegli ieveidojami, to m\u0113s garant\u0113jam.<\/p>\n<p>Formul\u0101 iek\u013cauta Roucou e\u013c\u013ca, kurai piem\u012bt pret noveco&scaron;an\u0101s un sp\u0113c\u012bga antioksidanta iedarb\u012bba.<\/p>\n<p>Ieguvumi:<\/p>\n<ul>\n<li>Mirdzo&scaron;s sp\u012bdums un maigi mati<\/li>\n<li>Stipra matu at&scaron;\u0137etin\u0101&scaron;ana un restruktur\u0113jo&scaron;a iedarb\u012bba<\/li>\n<li>Nek\u0101da matu p\u016bko&scaron;an\u0101s<\/li>\n<li>Sp\u0113c\u012bga antioksidanta iedarb\u012bba un iedarb\u012bba pret br\u012bvajiem radik\u0101\u013ciem.<\/li>\n<\/ul>\n<p>Lieto&scaron;ana: Lai pasarg\u0101tu matus no p\u016bko&scaron;an\u0101s, izmantot 2-3  pump\u012b&scaron;us e\u013c\u013cas uz mitriem matiem, sadalot to vienm\u0113r\u012bgi vis\u0101 matu  garum\u0101, tad iz\u017e\u0101v\u0113t. Sp\u012bd\u012bgiem un maigiem matiem izspiest aptuveni 2-3  pump\u012b&scaron;us e\u013c\u013cas un uzkl\u0101t uz sausiem matiem. Izmantojamais daudzums var  main\u012bties atkar\u012bb\u0101 no matu tipa: izmantot 1 pump\u012bti smalkiem matiem,  izmantot 2-3 pump\u012b&scaron;us vid\u0113jiem vai bieziem matiem, pievienojot vair\u0101k  produkta tikai p\u0113c nepiecie&scaron;am\u012bbas.<\/p>\n<p>Tilpums: 135ml<\/p>\n<\/div>\n<\/div>\n<p><\/body><br \/>\n<\/html><\/p>\n","protected":false},"excerpt":{"rendered":"<p>Untitled document Davines OI produktu l\u012bnija ir piem\u0113rota visu matu tipu skaistumam. Daudzfunkcion\u0101l\u0101, daudzpus\u012bg\u0101 un maig\u0101 konsistence padara &scaron;o par<\/p>\n","protected":false},"featured_media":8200,"template":"","meta":[],"product_brand":[],"product_cat":[2258,2260,2261],"product_tag":[],"class_list":{"0":"post-33839","1":"product","2":"type-product","3":"status-publish","4":"has-post-thumbnail","6":"product_cat-profesionala-kosmetika-matiem-lv","7":"product_cat-davines-italija-lv","8":"product_cat-kondicionieris-matiem-lv","10":"first","11":"outofstock","12":"taxable","13":"shipping-taxable","14":"purchasable","15":"product-type-simple"},"yoast_head":"<!-- This site is optimized with the Yoast SEO Premium plugin v27.0 (Yoast SEO v27.0) - https:\/\/yoast.com\/product\/yoast-seo-premium-wordpress\/ -->\n<title>Davines OI e\u013c\u013ca matiem (135ml) - cosmetic.lv<\/title>\n<meta name=\"robots\" content=\"index, follow, max-snippet:-1, max-image-preview:large, max-video-preview:-1\" \/>\n<link rel=\"canonical\" href=\"https:\/\/cosmetic.lv\/lv\/product\/davines-oi-ella-matiem-135ml\/\" \/>\n<meta property=\"og:locale\" content=\"lv_LV\" \/>\n<meta property=\"og:type\" content=\"article\" \/>\n<meta property=\"og:title\" content=\"Davines OI e\u013c\u013ca matiem (135ml)\" \/>\n<meta property=\"og:description\" content=\"Untitled document Davines OI produktu l\u012bnija ir piem\u0113rota visu matu tipu skaistumam. Daudzfunkcion\u0101l\u0101, daudzpus\u012bg\u0101 un maig\u0101 konsistence padara &scaron;o par\" \/>\n<meta property=\"og:url\" content=\"https:\/\/cosmetic.lv\/lv\/product\/davines-oi-ella-matiem-135ml\/\" \/>\n<meta property=\"og:site_name\" content=\"cosmetic.lv\" \/>\n<meta property=\"article:publisher\" content=\"https:\/\/www.facebook.com\/cosmetic.lv\/\" \/>\n<meta property=\"article:modified_time\" content=\"2021-02-06T17:45:20+00:00\" \/>\n<meta property=\"og:image\" content=\"https:\/\/cosmetic.lv\/wp-content\/uploads\/2021\/02\/image-assetssss.jpg\" \/>\n\t<meta property=\"og:image:width\" content=\"480\" \/>\n\t<meta property=\"og:image:height\" content=\"640\" \/>\n\t<meta property=\"og:image:type\" content=\"image\/jpeg\" \/>\n<meta name=\"twitter:card\" content=\"summary_large_image\" \/>\n<script type=\"application\/ld+json\" class=\"yoast-schema-graph\">{\"@context\":\"https:\/\/schema.org\",\"@graph\":[{\"@type\":\"WebPage\",\"@id\":\"https:\/\/cosmetic.lv\/lv\/product\/davines-oi-ella-matiem-135ml\/\",\"url\":\"https:\/\/cosmetic.lv\/lv\/product\/davines-oi-ella-matiem-135ml\/\",\"name\":\"Davines OI e\u013c\u013ca matiem (135ml) - cosmetic.lv\",\"isPartOf\":{\"@id\":\"https:\/\/cosmetic.lv\/lv\/#website\"},\"primaryImageOfPage\":{\"@id\":\"https:\/\/cosmetic.lv\/lv\/product\/davines-oi-ella-matiem-135ml\/#primaryimage\"},\"image\":{\"@id\":\"https:\/\/cosmetic.lv\/lv\/product\/davines-oi-ella-matiem-135ml\/#primaryimage\"},\"thumbnailUrl\":\"https:\/\/cosmetic.lv\/wp-content\/uploads\/2021\/02\/image-assetssss.jpg\",\"datePublished\":\"2021-02-06T17:45:16+00:00\",\"dateModified\":\"2021-02-06T17:45:20+00:00\",\"breadcrumb\":{\"@id\":\"https:\/\/cosmetic.lv\/lv\/product\/davines-oi-ella-matiem-135ml\/#breadcrumb\"},\"inLanguage\":\"lv-LV\",\"potentialAction\":[{\"@type\":\"ReadAction\",\"target\":[\"https:\/\/cosmetic.lv\/lv\/product\/davines-oi-ella-matiem-135ml\/\"]}]},{\"@type\":\"ImageObject\",\"inLanguage\":\"lv-LV\",\"@id\":\"https:\/\/cosmetic.lv\/lv\/product\/davines-oi-ella-matiem-135ml\/#primaryimage\",\"url\":\"https:\/\/cosmetic.lv\/wp-content\/uploads\/2021\/02\/image-assetssss.jpg\",\"contentUrl\":\"https:\/\/cosmetic.lv\/wp-content\/uploads\/2021\/02\/image-assetssss.jpg\",\"width\":480,\"height\":640,\"caption\":\"image-assetSSSS.jpg\"},{\"@type\":\"BreadcrumbList\",\"@id\":\"https:\/\/cosmetic.lv\/lv\/product\/davines-oi-ella-matiem-135ml\/#breadcrumb\",\"itemListElement\":[{\"@type\":\"ListItem\",\"position\":1,\"name\":\"Home\",\"item\":\"https:\/\/cosmetic.lv\/lv\/\"},{\"@type\":\"ListItem\",\"position\":2,\"name\":\"Veikals\",\"item\":\"https:\/\/cosmetic.lv\/lv\/veiklas\/\"},{\"@type\":\"ListItem\",\"position\":3,\"name\":\"Davines OI e\u013c\u013ca matiem (135ml)\"}]},{\"@type\":\"WebSite\",\"@id\":\"https:\/\/cosmetic.lv\/lv\/#website\",\"url\":\"https:\/\/cosmetic.lv\/lv\/\",\"name\":\"cosmetic.lv\",\"description\":\"Profesion\u0101la kosm\u0113tika - Maria Galland, Keune, Arkadija, GMT, Guam, Magiray\",\"publisher\":{\"@id\":\"https:\/\/cosmetic.lv\/lv\/#organization\"},\"potentialAction\":[{\"@type\":\"SearchAction\",\"target\":{\"@type\":\"EntryPoint\",\"urlTemplate\":\"https:\/\/cosmetic.lv\/lv\/?s={search_term_string}\"},\"query-input\":{\"@type\":\"PropertyValueSpecification\",\"valueRequired\":true,\"valueName\":\"search_term_string\"}}],\"inLanguage\":\"lv-LV\"},{\"@type\":\"Organization\",\"@id\":\"https:\/\/cosmetic.lv\/lv\/#organization\",\"name\":\"COSMETIC.LV\",\"url\":\"https:\/\/cosmetic.lv\/lv\/\",\"logo\":{\"@type\":\"ImageObject\",\"inLanguage\":\"lv-LV\",\"@id\":\"https:\/\/cosmetic.lv\/lv\/#\/schema\/logo\/image\/\",\"url\":\"https:\/\/cosmetic.lv\/wp-content\/uploads\/2021\/02\/cosmetic.lv_logo.jpg\",\"contentUrl\":\"https:\/\/cosmetic.lv\/wp-content\/uploads\/2021\/02\/cosmetic.lv_logo.jpg\",\"width\":596,\"height\":196,\"caption\":\"COSMETIC.LV\"},\"image\":{\"@id\":\"https:\/\/cosmetic.lv\/lv\/#\/schema\/logo\/image\/\"},\"sameAs\":[\"https:\/\/www.facebook.com\/cosmetic.lv\/\"]}]}<\/script>\n<meta property=\"product:price:amount\" content=\"35.29\" \/>\n<meta property=\"product:price:currency\" content=\"EUR\" \/>\n<meta property=\"og:availability\" content=\"out of stock\" \/>\n<meta property=\"product:availability\" content=\"out of stock\" \/>\n<meta property=\"product:retailer_item_id\" content=\"76000\" \/>\n<meta property=\"product:condition\" content=\"new\" \/>\n<!-- \/ Yoast SEO Premium plugin. -->","yoast_head_json":{"title":"Davines OI e\u013c\u013ca matiem (135ml) - cosmetic.lv","robots":{"index":"index","follow":"follow","max-snippet":"max-snippet:-1","max-image-preview":"max-image-preview:large","max-video-preview":"max-video-preview:-1"},"canonical":"https:\/\/cosmetic.lv\/lv\/product\/davines-oi-ella-matiem-135ml\/","og_locale":"lv_LV","og_type":"article","og_title":"Davines OI e\u013c\u013ca matiem (135ml)","og_description":"Untitled document Davines OI produktu l\u012bnija ir piem\u0113rota visu matu tipu skaistumam. Daudzfunkcion\u0101l\u0101, daudzpus\u012bg\u0101 un maig\u0101 konsistence padara &scaron;o par","og_url":"https:\/\/cosmetic.lv\/lv\/product\/davines-oi-ella-matiem-135ml\/","og_site_name":"cosmetic.lv","article_publisher":"https:\/\/www.facebook.com\/cosmetic.lv\/","article_modified_time":"2021-02-06T17:45:20+00:00","og_image":[{"width":480,"height":640,"url":"https:\/\/cosmetic.lv\/wp-content\/uploads\/2021\/02\/image-assetssss.jpg","type":"image\/jpeg"}],"twitter_card":"summary_large_image","schema":{"@context":"https:\/\/schema.org","@graph":[{"@type":"WebPage","@id":"https:\/\/cosmetic.lv\/lv\/product\/davines-oi-ella-matiem-135ml\/","url":"https:\/\/cosmetic.lv\/lv\/product\/davines-oi-ella-matiem-135ml\/","name":"Davines OI e\u013c\u013ca matiem (135ml) - cosmetic.lv","isPartOf":{"@id":"https:\/\/cosmetic.lv\/lv\/#website"},"primaryImageOfPage":{"@id":"https:\/\/cosmetic.lv\/lv\/product\/davines-oi-ella-matiem-135ml\/#primaryimage"},"image":{"@id":"https:\/\/cosmetic.lv\/lv\/product\/davines-oi-ella-matiem-135ml\/#primaryimage"},"thumbnailUrl":"https:\/\/cosmetic.lv\/wp-content\/uploads\/2021\/02\/image-assetssss.jpg","datePublished":"2021-02-06T17:45:16+00:00","dateModified":"2021-02-06T17:45:20+00:00","breadcrumb":{"@id":"https:\/\/cosmetic.lv\/lv\/product\/davines-oi-ella-matiem-135ml\/#breadcrumb"},"inLanguage":"lv-LV","potentialAction":[{"@type":"ReadAction","target":["https:\/\/cosmetic.lv\/lv\/product\/davines-oi-ella-matiem-135ml\/"]}]},{"@type":"ImageObject","inLanguage":"lv-LV","@id":"https:\/\/cosmetic.lv\/lv\/product\/davines-oi-ella-matiem-135ml\/#primaryimage","url":"https:\/\/cosmetic.lv\/wp-content\/uploads\/2021\/02\/image-assetssss.jpg","contentUrl":"https:\/\/cosmetic.lv\/wp-content\/uploads\/2021\/02\/image-assetssss.jpg","width":480,"height":640,"caption":"image-assetSSSS.jpg"},{"@type":"BreadcrumbList","@id":"https:\/\/cosmetic.lv\/lv\/product\/davines-oi-ella-matiem-135ml\/#breadcrumb","itemListElement":[{"@type":"ListItem","position":1,"name":"Home","item":"https:\/\/cosmetic.lv\/lv\/"},{"@type":"ListItem","position":2,"name":"Veikals","item":"https:\/\/cosmetic.lv\/lv\/veiklas\/"},{"@type":"ListItem","position":3,"name":"Davines OI e\u013c\u013ca matiem (135ml)"}]},{"@type":"WebSite","@id":"https:\/\/cosmetic.lv\/lv\/#website","url":"https:\/\/cosmetic.lv\/lv\/","name":"cosmetic.lv","description":"Profesion\u0101la kosm\u0113tika - Maria Galland, Keune, Arkadija, GMT, Guam, Magiray","publisher":{"@id":"https:\/\/cosmetic.lv\/lv\/#organization"},"potentialAction":[{"@type":"SearchAction","target":{"@type":"EntryPoint","urlTemplate":"https:\/\/cosmetic.lv\/lv\/?s={search_term_string}"},"query-input":{"@type":"PropertyValueSpecification","valueRequired":true,"valueName":"search_term_string"}}],"inLanguage":"lv-LV"},{"@type":"Organization","@id":"https:\/\/cosmetic.lv\/lv\/#organization","name":"COSMETIC.LV","url":"https:\/\/cosmetic.lv\/lv\/","logo":{"@type":"ImageObject","inLanguage":"lv-LV","@id":"https:\/\/cosmetic.lv\/lv\/#\/schema\/logo\/image\/","url":"https:\/\/cosmetic.lv\/wp-content\/uploads\/2021\/02\/cosmetic.lv_logo.jpg","contentUrl":"https:\/\/cosmetic.lv\/wp-content\/uploads\/2021\/02\/cosmetic.lv_logo.jpg","width":596,"height":196,"caption":"COSMETIC.LV"},"image":{"@id":"https:\/\/cosmetic.lv\/lv\/#\/schema\/logo\/image\/"},"sameAs":["https:\/\/www.facebook.com\/cosmetic.lv\/"]}]},"product_price_amount":"35.29","product_price_currency":"EUR","og_availability":"out of stock","product_availability":"out of stock","product_retailer_item_id":"76000","product_condition":"new"},"_links":{"self":[{"href":"https:\/\/cosmetic.lv\/lv\/wp-json\/wp\/v2\/product\/33839","targetHints":{"allow":["GET"]}}],"collection":[{"href":"https:\/\/cosmetic.lv\/lv\/wp-json\/wp\/v2\/product"}],"about":[{"href":"https:\/\/cosmetic.lv\/lv\/wp-json\/wp\/v2\/types\/product"}],"wp:featuredmedia":[{"embeddable":true,"href":"https:\/\/cosmetic.lv\/lv\/wp-json\/wp\/v2\/media\/8200"}],"wp:attachment":[{"href":"https:\/\/cosmetic.lv\/lv\/wp-json\/wp\/v2\/media?parent=33839"}],"wp:term":[{"taxonomy":"product_brand","embeddable":true,"href":"https:\/\/cosmetic.lv\/lv\/wp-json\/wp\/v2\/product_brand?post=33839"},{"taxonomy":"product_cat","embeddable":true,"href":"https:\/\/cosmetic.lv\/lv\/wp-json\/wp\/v2\/product_cat?post=33839"},{"taxonomy":"product_tag","embeddable":true,"href":"https:\/\/cosmetic.lv\/lv\/wp-json\/wp\/v2\/product_tag?post=33839"}],"curies":[{"name":"wp","href":"https:\/\/api.w.org\/{rel}","templated":true}]}}