{"id":33840,"date":"2021-02-05T22:36:32","date_gmt":"2021-02-06T17:45:16","guid":{"rendered":"https:\/\/damme.lv\/product\/davines-oi-hair-butter-barojoss-sviests-matiem250ml\/"},"modified":"2021-02-06T19:45:21","modified_gmt":"2021-02-06T17:45:21","slug":"davines-oi-hair-butter-barojoss-sviests-matiem250ml","status":"publish","type":"product","link":"https:\/\/cosmetic.lv\/lv\/product\/davines-oi-hair-butter-barojoss-sviests-matiem250ml\/","title":{"rendered":"DAVINES OI Hair Butter barojo\u0161s sviests matiem,250ml"},"content":{"rendered":"<p><!DOCTYPE html PUBLIC &quot;-\/\/W3C\/\/DTD XHTML 1.0 Transitional\/\/EN&quot; &quot;http:\/\/www.w3.org\/TR\/xhtml1\/DTD\/xhtml1-transitional.dtd&quot;><br \/>\n<html><br \/>\n<head><br \/>\n<title>Untitled document<\/title><br \/>\n<\/head><br \/>\n<body><\/p>\n<p>Barojo&scaron;s sviests visiem matu tipiem ar t\u016bl\u012bt\u0113ju kosm\u0113tisku efektu. Padara matus m\u012bkstus un sp\u012bd\u012bgus, nogludina tos.<\/p>\n<p> Lieto&scaron;ana: pirms lieto&scaron;anas sasildiet produktu plaukst\u0101s.<br \/> Vid\u0113ji bieziem un bieziem matiem: uzkl\u0101jiet ar dvieli nosusin\u0101tos matos un atst\u0101jiet uz 5 &#8211; 10 min\u016bt\u0113m. R\u016bp\u012bgi noskalojiet.<br \/> Vid\u0113ji smalkiem un smalkiem matiem: uzkl\u0101jiet uz sausiem matiem un  atst\u0101jiet uz 10 min\u016bt\u0113m. R\u016bp\u012bgi noskalot un izmazg\u0101t matus ar &scaron;amp\u016bnu k\u0101  parasti.<\/p>\n<p><\/body><br \/>\n<\/html><\/p>\n","protected":false},"excerpt":{"rendered":"<p>Untitled document Barojo&scaron;s sviests visiem matu tipiem ar t\u016bl\u012bt\u0113ju kosm\u0113tisku efektu. Padara matus m\u012bkstus un sp\u012bd\u012bgus, nogludina tos. Lieto&scaron;ana: pirms<\/p>\n","protected":false},"featured_media":15259,"template":"","meta":[],"product_brand":[],"product_cat":[2258,2260,2261],"product_tag":[],"class_list":{"0":"post-33840","1":"product","2":"type-product","3":"status-publish","4":"has-post-thumbnail","6":"product_cat-profesionala-kosmetika-matiem-lv","7":"product_cat-davines-italija-lv","8":"product_cat-kondicionieris-matiem-lv","10":"first","11":"outofstock","12":"taxable","13":"shipping-taxable","14":"purchasable","15":"product-type-simple"},"yoast_head":"<!-- This site is optimized with the Yoast SEO Premium plugin v27.0 (Yoast SEO v27.0) - https:\/\/yoast.com\/product\/yoast-seo-premium-wordpress\/ -->\n<title>DAVINES OI Hair Butter barojo\u0161s sviests matiem,250ml - cosmetic.lv<\/title>\n<meta name=\"robots\" content=\"index, follow, max-snippet:-1, max-image-preview:large, max-video-preview:-1\" \/>\n<link rel=\"canonical\" href=\"https:\/\/cosmetic.lv\/lv\/product\/davines-oi-hair-butter-barojoss-sviests-matiem250ml\/\" \/>\n<meta property=\"og:locale\" content=\"lv_LV\" \/>\n<meta property=\"og:type\" content=\"article\" \/>\n<meta property=\"og:title\" content=\"DAVINES OI Hair Butter barojo\u0161s sviests matiem,250ml\" \/>\n<meta property=\"og:description\" content=\"Untitled document Barojo&scaron;s sviests visiem matu tipiem ar t\u016bl\u012bt\u0113ju kosm\u0113tisku efektu. Padara matus m\u012bkstus un sp\u012bd\u012bgus, nogludina tos. Lieto&scaron;ana: pirms\" \/>\n<meta property=\"og:url\" content=\"https:\/\/cosmetic.lv\/lv\/product\/davines-oi-hair-butter-barojoss-sviests-matiem250ml\/\" \/>\n<meta property=\"og:site_name\" content=\"cosmetic.lv\" \/>\n<meta property=\"article:publisher\" content=\"https:\/\/www.facebook.com\/cosmetic.lv\/\" \/>\n<meta property=\"article:modified_time\" content=\"2021-02-06T17:45:21+00:00\" \/>\n<meta property=\"og:image\" content=\"https:\/\/cosmetic.lv\/wp-content\/uploads\/2021\/02\/maslo-dlya-volos-davines-oi-hair-butter-kupit-200x200-4.jpg\" \/>\n\t<meta property=\"og:image:width\" content=\"200\" \/>\n\t<meta property=\"og:image:height\" content=\"200\" \/>\n\t<meta property=\"og:image:type\" content=\"image\/jpeg\" \/>\n<meta name=\"twitter:card\" content=\"summary_large_image\" \/>\n<script type=\"application\/ld+json\" class=\"yoast-schema-graph\">{\"@context\":\"https:\/\/schema.org\",\"@graph\":[{\"@type\":\"WebPage\",\"@id\":\"https:\/\/cosmetic.lv\/lv\/product\/davines-oi-hair-butter-barojoss-sviests-matiem250ml\/\",\"url\":\"https:\/\/cosmetic.lv\/lv\/product\/davines-oi-hair-butter-barojoss-sviests-matiem250ml\/\",\"name\":\"DAVINES OI Hair Butter barojo\u0161s sviests matiem,250ml - cosmetic.lv\",\"isPartOf\":{\"@id\":\"https:\/\/cosmetic.lv\/lv\/#website\"},\"primaryImageOfPage\":{\"@id\":\"https:\/\/cosmetic.lv\/lv\/product\/davines-oi-hair-butter-barojoss-sviests-matiem250ml\/#primaryimage\"},\"image\":{\"@id\":\"https:\/\/cosmetic.lv\/lv\/product\/davines-oi-hair-butter-barojoss-sviests-matiem250ml\/#primaryimage\"},\"thumbnailUrl\":\"https:\/\/cosmetic.lv\/wp-content\/uploads\/2021\/02\/maslo-dlya-volos-davines-oi-hair-butter-kupit-200x200-4.jpg\",\"datePublished\":\"2021-02-06T17:45:16+00:00\",\"dateModified\":\"2021-02-06T17:45:21+00:00\",\"breadcrumb\":{\"@id\":\"https:\/\/cosmetic.lv\/lv\/product\/davines-oi-hair-butter-barojoss-sviests-matiem250ml\/#breadcrumb\"},\"inLanguage\":\"lv-LV\",\"potentialAction\":[{\"@type\":\"ReadAction\",\"target\":[\"https:\/\/cosmetic.lv\/lv\/product\/davines-oi-hair-butter-barojoss-sviests-matiem250ml\/\"]}]},{\"@type\":\"ImageObject\",\"inLanguage\":\"lv-LV\",\"@id\":\"https:\/\/cosmetic.lv\/lv\/product\/davines-oi-hair-butter-barojoss-sviests-matiem250ml\/#primaryimage\",\"url\":\"https:\/\/cosmetic.lv\/wp-content\/uploads\/2021\/02\/maslo-dlya-volos-davines-oi-hair-butter-kupit-200x200-4.jpg\",\"contentUrl\":\"https:\/\/cosmetic.lv\/wp-content\/uploads\/2021\/02\/maslo-dlya-volos-davines-oi-hair-butter-kupit-200x200-4.jpg\",\"width\":200,\"height\":200,\"caption\":\"maslo-dlya-volos-davines-oi-hair-butter-kupit-200x200.jpg\"},{\"@type\":\"BreadcrumbList\",\"@id\":\"https:\/\/cosmetic.lv\/lv\/product\/davines-oi-hair-butter-barojoss-sviests-matiem250ml\/#breadcrumb\",\"itemListElement\":[{\"@type\":\"ListItem\",\"position\":1,\"name\":\"Home\",\"item\":\"https:\/\/cosmetic.lv\/lv\/\"},{\"@type\":\"ListItem\",\"position\":2,\"name\":\"Veikals\",\"item\":\"https:\/\/cosmetic.lv\/lv\/veiklas\/\"},{\"@type\":\"ListItem\",\"position\":3,\"name\":\"DAVINES OI Hair Butter barojo\u0161s sviests matiem,250ml\"}]},{\"@type\":\"WebSite\",\"@id\":\"https:\/\/cosmetic.lv\/lv\/#website\",\"url\":\"https:\/\/cosmetic.lv\/lv\/\",\"name\":\"cosmetic.lv\",\"description\":\"Profesion\u0101la kosm\u0113tika - Maria Galland, Keune, Arkadija, GMT, Guam, Magiray\",\"publisher\":{\"@id\":\"https:\/\/cosmetic.lv\/lv\/#organization\"},\"potentialAction\":[{\"@type\":\"SearchAction\",\"target\":{\"@type\":\"EntryPoint\",\"urlTemplate\":\"https:\/\/cosmetic.lv\/lv\/?s={search_term_string}\"},\"query-input\":{\"@type\":\"PropertyValueSpecification\",\"valueRequired\":true,\"valueName\":\"search_term_string\"}}],\"inLanguage\":\"lv-LV\"},{\"@type\":\"Organization\",\"@id\":\"https:\/\/cosmetic.lv\/lv\/#organization\",\"name\":\"COSMETIC.LV\",\"url\":\"https:\/\/cosmetic.lv\/lv\/\",\"logo\":{\"@type\":\"ImageObject\",\"inLanguage\":\"lv-LV\",\"@id\":\"https:\/\/cosmetic.lv\/lv\/#\/schema\/logo\/image\/\",\"url\":\"https:\/\/cosmetic.lv\/wp-content\/uploads\/2021\/02\/cosmetic.lv_logo.jpg\",\"contentUrl\":\"https:\/\/cosmetic.lv\/wp-content\/uploads\/2021\/02\/cosmetic.lv_logo.jpg\",\"width\":596,\"height\":196,\"caption\":\"COSMETIC.LV\"},\"image\":{\"@id\":\"https:\/\/cosmetic.lv\/lv\/#\/schema\/logo\/image\/\"},\"sameAs\":[\"https:\/\/www.facebook.com\/cosmetic.lv\/\"]}]}<\/script>\n<meta property=\"product:price:amount\" content=\"26.21\" \/>\n<meta property=\"product:price:currency\" content=\"EUR\" \/>\n<meta property=\"og:availability\" content=\"out of stock\" \/>\n<meta property=\"product:availability\" content=\"out of stock\" \/>\n<meta property=\"product:retailer_item_id\" content=\"76038\" \/>\n<meta property=\"product:condition\" content=\"new\" \/>\n<!-- \/ Yoast SEO Premium plugin. -->","yoast_head_json":{"title":"DAVINES OI Hair Butter barojo\u0161s sviests matiem,250ml - cosmetic.lv","robots":{"index":"index","follow":"follow","max-snippet":"max-snippet:-1","max-image-preview":"max-image-preview:large","max-video-preview":"max-video-preview:-1"},"canonical":"https:\/\/cosmetic.lv\/lv\/product\/davines-oi-hair-butter-barojoss-sviests-matiem250ml\/","og_locale":"lv_LV","og_type":"article","og_title":"DAVINES OI Hair Butter barojo\u0161s sviests matiem,250ml","og_description":"Untitled document Barojo&scaron;s sviests visiem matu tipiem ar t\u016bl\u012bt\u0113ju kosm\u0113tisku efektu. Padara matus m\u012bkstus un sp\u012bd\u012bgus, nogludina tos. Lieto&scaron;ana: pirms","og_url":"https:\/\/cosmetic.lv\/lv\/product\/davines-oi-hair-butter-barojoss-sviests-matiem250ml\/","og_site_name":"cosmetic.lv","article_publisher":"https:\/\/www.facebook.com\/cosmetic.lv\/","article_modified_time":"2021-02-06T17:45:21+00:00","og_image":[{"width":200,"height":200,"url":"https:\/\/cosmetic.lv\/wp-content\/uploads\/2021\/02\/maslo-dlya-volos-davines-oi-hair-butter-kupit-200x200-4.jpg","type":"image\/jpeg"}],"twitter_card":"summary_large_image","schema":{"@context":"https:\/\/schema.org","@graph":[{"@type":"WebPage","@id":"https:\/\/cosmetic.lv\/lv\/product\/davines-oi-hair-butter-barojoss-sviests-matiem250ml\/","url":"https:\/\/cosmetic.lv\/lv\/product\/davines-oi-hair-butter-barojoss-sviests-matiem250ml\/","name":"DAVINES OI Hair Butter barojo\u0161s sviests matiem,250ml - cosmetic.lv","isPartOf":{"@id":"https:\/\/cosmetic.lv\/lv\/#website"},"primaryImageOfPage":{"@id":"https:\/\/cosmetic.lv\/lv\/product\/davines-oi-hair-butter-barojoss-sviests-matiem250ml\/#primaryimage"},"image":{"@id":"https:\/\/cosmetic.lv\/lv\/product\/davines-oi-hair-butter-barojoss-sviests-matiem250ml\/#primaryimage"},"thumbnailUrl":"https:\/\/cosmetic.lv\/wp-content\/uploads\/2021\/02\/maslo-dlya-volos-davines-oi-hair-butter-kupit-200x200-4.jpg","datePublished":"2021-02-06T17:45:16+00:00","dateModified":"2021-02-06T17:45:21+00:00","breadcrumb":{"@id":"https:\/\/cosmetic.lv\/lv\/product\/davines-oi-hair-butter-barojoss-sviests-matiem250ml\/#breadcrumb"},"inLanguage":"lv-LV","potentialAction":[{"@type":"ReadAction","target":["https:\/\/cosmetic.lv\/lv\/product\/davines-oi-hair-butter-barojoss-sviests-matiem250ml\/"]}]},{"@type":"ImageObject","inLanguage":"lv-LV","@id":"https:\/\/cosmetic.lv\/lv\/product\/davines-oi-hair-butter-barojoss-sviests-matiem250ml\/#primaryimage","url":"https:\/\/cosmetic.lv\/wp-content\/uploads\/2021\/02\/maslo-dlya-volos-davines-oi-hair-butter-kupit-200x200-4.jpg","contentUrl":"https:\/\/cosmetic.lv\/wp-content\/uploads\/2021\/02\/maslo-dlya-volos-davines-oi-hair-butter-kupit-200x200-4.jpg","width":200,"height":200,"caption":"maslo-dlya-volos-davines-oi-hair-butter-kupit-200x200.jpg"},{"@type":"BreadcrumbList","@id":"https:\/\/cosmetic.lv\/lv\/product\/davines-oi-hair-butter-barojoss-sviests-matiem250ml\/#breadcrumb","itemListElement":[{"@type":"ListItem","position":1,"name":"Home","item":"https:\/\/cosmetic.lv\/lv\/"},{"@type":"ListItem","position":2,"name":"Veikals","item":"https:\/\/cosmetic.lv\/lv\/veiklas\/"},{"@type":"ListItem","position":3,"name":"DAVINES OI Hair Butter barojo\u0161s sviests matiem,250ml"}]},{"@type":"WebSite","@id":"https:\/\/cosmetic.lv\/lv\/#website","url":"https:\/\/cosmetic.lv\/lv\/","name":"cosmetic.lv","description":"Profesion\u0101la kosm\u0113tika - Maria Galland, Keune, Arkadija, GMT, Guam, Magiray","publisher":{"@id":"https:\/\/cosmetic.lv\/lv\/#organization"},"potentialAction":[{"@type":"SearchAction","target":{"@type":"EntryPoint","urlTemplate":"https:\/\/cosmetic.lv\/lv\/?s={search_term_string}"},"query-input":{"@type":"PropertyValueSpecification","valueRequired":true,"valueName":"search_term_string"}}],"inLanguage":"lv-LV"},{"@type":"Organization","@id":"https:\/\/cosmetic.lv\/lv\/#organization","name":"COSMETIC.LV","url":"https:\/\/cosmetic.lv\/lv\/","logo":{"@type":"ImageObject","inLanguage":"lv-LV","@id":"https:\/\/cosmetic.lv\/lv\/#\/schema\/logo\/image\/","url":"https:\/\/cosmetic.lv\/wp-content\/uploads\/2021\/02\/cosmetic.lv_logo.jpg","contentUrl":"https:\/\/cosmetic.lv\/wp-content\/uploads\/2021\/02\/cosmetic.lv_logo.jpg","width":596,"height":196,"caption":"COSMETIC.LV"},"image":{"@id":"https:\/\/cosmetic.lv\/lv\/#\/schema\/logo\/image\/"},"sameAs":["https:\/\/www.facebook.com\/cosmetic.lv\/"]}]},"product_price_amount":"26.21","product_price_currency":"EUR","og_availability":"out of stock","product_availability":"out of stock","product_retailer_item_id":"76038","product_condition":"new"},"_links":{"self":[{"href":"https:\/\/cosmetic.lv\/lv\/wp-json\/wp\/v2\/product\/33840","targetHints":{"allow":["GET"]}}],"collection":[{"href":"https:\/\/cosmetic.lv\/lv\/wp-json\/wp\/v2\/product"}],"about":[{"href":"https:\/\/cosmetic.lv\/lv\/wp-json\/wp\/v2\/types\/product"}],"wp:featuredmedia":[{"embeddable":true,"href":"https:\/\/cosmetic.lv\/lv\/wp-json\/wp\/v2\/media\/15259"}],"wp:attachment":[{"href":"https:\/\/cosmetic.lv\/lv\/wp-json\/wp\/v2\/media?parent=33840"}],"wp:term":[{"taxonomy":"product_brand","embeddable":true,"href":"https:\/\/cosmetic.lv\/lv\/wp-json\/wp\/v2\/product_brand?post=33840"},{"taxonomy":"product_cat","embeddable":true,"href":"https:\/\/cosmetic.lv\/lv\/wp-json\/wp\/v2\/product_cat?post=33840"},{"taxonomy":"product_tag","embeddable":true,"href":"https:\/\/cosmetic.lv\/lv\/wp-json\/wp\/v2\/product_tag?post=33840"}],"curies":[{"name":"wp","href":"https:\/\/api.w.org\/{rel}","templated":true}]}}