{"id":33850,"date":"2021-02-05T22:36:42","date_gmt":"2021-02-06T17:45:24","guid":{"rendered":"https:\/\/damme.lv\/product\/mezoterapijas-aparats-adas-kopsanai\/"},"modified":"2021-02-06T22:10:25","modified_gmt":"2021-02-06T20:10:25","slug":"mezoterapijas-aparats-adas-kopsanai","status":"publish","type":"product","link":"https:\/\/cosmetic.lv\/lv\/product\/mezoterapijas-aparats-adas-kopsanai\/","title":{"rendered":"Mezoterapijas apar\u0101ts \u0101das kop\u0161anai"},"content":{"rendered":"<p>&nbsp;<\/p>\n<p>Apraksts: Elektropor\u0101cijas skaistumkop\u0161anas instruments, fokus\u0113\u0161anas elektropor\u0101cijas imports, bezmaksas mezoterapijas adatas, radiofrekven\u010du str\u0101vas RF, LED gaismas ener\u0123ijas apstr\u0101des tehnolo\u0123ija, 5 regul\u0113jami intensit\u0101tes l\u012bme\u0146i un 6 izv\u0113les LED gaismas re\u017e\u012bmi atbilsto\u0161i \u0101das tipam un person\u012bgaj\u0101m v\u0113lm\u0113m, \u013cauj sinhroniz\u0113t, lai atrisin\u0101tu vair\u0101ku gadu probl\u0113mas un mirdzo\u0161a \u0101da ar dabisku jaunekl\u012bgu kr\u0101su! Funkcijas: [EMS] EMS lieto, lai aktiviz\u0113tu \u0101das \u0161\u016bnas, stimul\u0113jot kolag\u0113na atjauno\u0161anos, lai uzlabotu \u0101das elast\u012bbu, m\u012bkstin\u0101tu grumbas un padar\u012btu \u0101du gludu un vesel\u012bgu. [Mezopor\u0101cija] Mezopor\u0101cija darbojas, iejaucoties \u0101das virsm\u0101, izraisot trauc\u0113to \u0161\u016bnu \u012bslaic\u012bgu atv\u0113r\u0161anos maziem mosist\u016bras kan\u0101liem vai mezopor\u0101m, kas nodro\u0161ina augstas molekul\u0101r\u0101s vielas transport\u0113\u0161anu \u0101d\u0101. [Elektropor\u0101cija] Elektropor\u0101cija nodro\u0161ina l\u012bdzekli kolag\u0113na un hialuronsk\u0101bes transport\u0113\u0161anai dzi\u013c\u0101k \u0101d\u0101. Elektropor\u0101cija nodro\u0161ina l\u012bdzek\u013cus, lai sasniegtu lab\u0101kus rezult\u0101tus, kopjot \u0101du bez adatas. [RF] RF ener\u0123iju var izmantot visu veidu \u0101das pacientiem, un t\u0101 \u013cauj iek\u013c\u016bt da\u017e\u0101dos dzi\u013cumos, \u013caujot palielin\u0101t kolag\u0113na kontrakciju un jaunu kolag\u0113na ra\u017eo\u0161anu. [LED] LED gaismu izmanto, lai nodro\u0161in\u0101tu nes\u0101p\u012bgas \u0101das kop\u0161anas proced\u016bras, apgrieztu \u0101du, uzlabotu kolag\u0113na ra\u017eo\u0161anu un dzied\u0113 vieglas vai m\u0113renas p\u016bt\u012btes. LED gaisma darbojas, nos\u016btot gaismas ener\u0123ijas paketes dzi\u013cos \u0101das sl\u0101\u0146os. LED apstr\u0101de var mazin\u0101t smalk\u0101s l\u012bnijas un grumbi\u0146as, \u0101rst\u0113t saules boj\u0101jumus un strijas, k\u0101 ar\u012b mazin\u0101t aps\u0101rtumu. Piez\u012bme: L\u016bdzu, pirms lieto\u0161anas uzman\u012bgi izlasiet instrukcijas. Specifik\u0101cija: Tips: Skaistumkop\u0161anas instrumentu materi\u0101ls: ABS Kr\u0101sa: Balta Ieeja: DC 5V 500mAh Akumulatora jauda: 750mAh Jauda: Maks. 10W Iepakojuma izm\u0113rs: Aptuveni. 21,5 * 15,2 * 8,5 cm \/ 8,5 * 6,0 * 3,3 collas Iepakojuma svars: apm. 436g \/ 15.4oz Iepakojumu saraksts: 1 * galven\u0101 ier\u012bce 1 * izmantojiet manu\u0101lo 1 * elektrop\u0101rvades l\u012bniju 1 * USB uzl\u0101de<\/p>\n<p>&nbsp;<\/p>\n","protected":false},"excerpt":{"rendered":"<p>&nbsp; Apraksts: Elektropor\u0101cijas skaistumkop\u0161anas instruments, fokus\u0113\u0161anas elektropor\u0101cijas imports, bezmaksas mezoterapijas adatas, radiofrekven\u010du str\u0101vas RF, LED gaismas ener\u0123ijas apstr\u0101des tehnolo\u0123ija, 5<\/p>\n","protected":false},"featured_media":8233,"template":"","meta":[],"product_brand":[],"product_cat":[2231,2232],"product_tag":[],"class_list":{"0":"post-33850","1":"product","2":"type-product","3":"status-publish","4":"has-post-thumbnail","6":"product_cat-atveselojosas-preces-lv","7":"product_cat-sejai-galvai-lv","9":"first","10":"outofstock","11":"sale","12":"taxable","13":"shipping-taxable","14":"purchasable","15":"product-type-simple"},"yoast_head":"<!-- This site is optimized with the Yoast SEO Premium plugin v27.0 (Yoast SEO v27.0) - https:\/\/yoast.com\/product\/yoast-seo-premium-wordpress\/ -->\n<title>Mezoterapijas apar\u0101ts \u0101das kop\u0161anai - cosmetic.lv<\/title>\n<meta name=\"robots\" content=\"index, follow, max-snippet:-1, max-image-preview:large, max-video-preview:-1\" \/>\n<link rel=\"canonical\" href=\"https:\/\/cosmetic.lv\/lv\/product\/mezoterapijas-aparats-adas-kopsanai\/\" \/>\n<meta property=\"og:locale\" content=\"lv_LV\" \/>\n<meta property=\"og:type\" content=\"article\" \/>\n<meta property=\"og:title\" content=\"Mezoterapijas apar\u0101ts \u0101das kop\u0161anai\" \/>\n<meta property=\"og:description\" content=\"&nbsp; Apraksts: Elektropor\u0101cijas skaistumkop\u0161anas instruments, fokus\u0113\u0161anas elektropor\u0101cijas imports, bezmaksas mezoterapijas adatas, radiofrekven\u010du str\u0101vas RF, LED gaismas ener\u0123ijas apstr\u0101des tehnolo\u0123ija, 5\" \/>\n<meta property=\"og:url\" content=\"https:\/\/cosmetic.lv\/lv\/product\/mezoterapijas-aparats-adas-kopsanai\/\" \/>\n<meta property=\"og:site_name\" content=\"cosmetic.lv\" \/>\n<meta property=\"article:publisher\" content=\"https:\/\/www.facebook.com\/cosmetic.lv\/\" \/>\n<meta property=\"article:modified_time\" content=\"2021-02-06T20:10:25+00:00\" \/>\n<meta property=\"og:image\" content=\"https:\/\/cosmetic.lv\/wp-content\/uploads\/2021\/02\/20210116_1641301.jpg\" \/>\n\t<meta property=\"og:image:width\" content=\"546\" \/>\n\t<meta property=\"og:image:height\" content=\"800\" \/>\n\t<meta property=\"og:image:type\" content=\"image\/jpeg\" \/>\n<meta name=\"twitter:card\" content=\"summary_large_image\" \/>\n<script type=\"application\/ld+json\" class=\"yoast-schema-graph\">{\"@context\":\"https:\/\/schema.org\",\"@graph\":[{\"@type\":\"WebPage\",\"@id\":\"https:\/\/cosmetic.lv\/lv\/product\/mezoterapijas-aparats-adas-kopsanai\/\",\"url\":\"https:\/\/cosmetic.lv\/lv\/product\/mezoterapijas-aparats-adas-kopsanai\/\",\"name\":\"Mezoterapijas apar\u0101ts \u0101das kop\u0161anai - cosmetic.lv\",\"isPartOf\":{\"@id\":\"https:\/\/cosmetic.lv\/lv\/#website\"},\"primaryImageOfPage\":{\"@id\":\"https:\/\/cosmetic.lv\/lv\/product\/mezoterapijas-aparats-adas-kopsanai\/#primaryimage\"},\"image\":{\"@id\":\"https:\/\/cosmetic.lv\/lv\/product\/mezoterapijas-aparats-adas-kopsanai\/#primaryimage\"},\"thumbnailUrl\":\"https:\/\/cosmetic.lv\/wp-content\/uploads\/2021\/02\/20210116_1641301.jpg\",\"datePublished\":\"2021-02-06T17:45:24+00:00\",\"dateModified\":\"2021-02-06T20:10:25+00:00\",\"breadcrumb\":{\"@id\":\"https:\/\/cosmetic.lv\/lv\/product\/mezoterapijas-aparats-adas-kopsanai\/#breadcrumb\"},\"inLanguage\":\"lv-LV\",\"potentialAction\":[{\"@type\":\"ReadAction\",\"target\":[\"https:\/\/cosmetic.lv\/lv\/product\/mezoterapijas-aparats-adas-kopsanai\/\"]}]},{\"@type\":\"ImageObject\",\"inLanguage\":\"lv-LV\",\"@id\":\"https:\/\/cosmetic.lv\/lv\/product\/mezoterapijas-aparats-adas-kopsanai\/#primaryimage\",\"url\":\"https:\/\/cosmetic.lv\/wp-content\/uploads\/2021\/02\/20210116_1641301.jpg\",\"contentUrl\":\"https:\/\/cosmetic.lv\/wp-content\/uploads\/2021\/02\/20210116_1641301.jpg\",\"width\":546,\"height\":800,\"caption\":\"20210116_164130[1].jpg\"},{\"@type\":\"BreadcrumbList\",\"@id\":\"https:\/\/cosmetic.lv\/lv\/product\/mezoterapijas-aparats-adas-kopsanai\/#breadcrumb\",\"itemListElement\":[{\"@type\":\"ListItem\",\"position\":1,\"name\":\"Home\",\"item\":\"https:\/\/cosmetic.lv\/lv\/\"},{\"@type\":\"ListItem\",\"position\":2,\"name\":\"Veikals\",\"item\":\"https:\/\/cosmetic.lv\/lv\/veiklas\/\"},{\"@type\":\"ListItem\",\"position\":3,\"name\":\"Mezoterapijas apar\u0101ts \u0101das kop\u0161anai\"}]},{\"@type\":\"WebSite\",\"@id\":\"https:\/\/cosmetic.lv\/lv\/#website\",\"url\":\"https:\/\/cosmetic.lv\/lv\/\",\"name\":\"cosmetic.lv\",\"description\":\"Profesion\u0101la kosm\u0113tika - Maria Galland, Keune, Arkadija, GMT, Guam, Magiray\",\"publisher\":{\"@id\":\"https:\/\/cosmetic.lv\/lv\/#organization\"},\"potentialAction\":[{\"@type\":\"SearchAction\",\"target\":{\"@type\":\"EntryPoint\",\"urlTemplate\":\"https:\/\/cosmetic.lv\/lv\/?s={search_term_string}\"},\"query-input\":{\"@type\":\"PropertyValueSpecification\",\"valueRequired\":true,\"valueName\":\"search_term_string\"}}],\"inLanguage\":\"lv-LV\"},{\"@type\":\"Organization\",\"@id\":\"https:\/\/cosmetic.lv\/lv\/#organization\",\"name\":\"COSMETIC.LV\",\"url\":\"https:\/\/cosmetic.lv\/lv\/\",\"logo\":{\"@type\":\"ImageObject\",\"inLanguage\":\"lv-LV\",\"@id\":\"https:\/\/cosmetic.lv\/lv\/#\/schema\/logo\/image\/\",\"url\":\"https:\/\/cosmetic.lv\/wp-content\/uploads\/2021\/02\/cosmetic.lv_logo.jpg\",\"contentUrl\":\"https:\/\/cosmetic.lv\/wp-content\/uploads\/2021\/02\/cosmetic.lv_logo.jpg\",\"width\":596,\"height\":196,\"caption\":\"COSMETIC.LV\"},\"image\":{\"@id\":\"https:\/\/cosmetic.lv\/lv\/#\/schema\/logo\/image\/\"},\"sameAs\":[\"https:\/\/www.facebook.com\/cosmetic.lv\/\"]}]}<\/script>\n<meta property=\"product:price:amount\" content=\"39.02\" \/>\n<meta property=\"product:price:currency\" content=\"EUR\" \/>\n<meta property=\"og:availability\" content=\"out of stock\" \/>\n<meta property=\"product:availability\" content=\"out of stock\" \/>\n<meta property=\"product:retailer_item_id\" content=\"mezpa\" \/>\n<meta property=\"product:condition\" content=\"new\" \/>\n<!-- \/ Yoast SEO Premium plugin. -->","yoast_head_json":{"title":"Mezoterapijas apar\u0101ts \u0101das kop\u0161anai - cosmetic.lv","robots":{"index":"index","follow":"follow","max-snippet":"max-snippet:-1","max-image-preview":"max-image-preview:large","max-video-preview":"max-video-preview:-1"},"canonical":"https:\/\/cosmetic.lv\/lv\/product\/mezoterapijas-aparats-adas-kopsanai\/","og_locale":"lv_LV","og_type":"article","og_title":"Mezoterapijas apar\u0101ts \u0101das kop\u0161anai","og_description":"&nbsp; Apraksts: Elektropor\u0101cijas skaistumkop\u0161anas instruments, fokus\u0113\u0161anas elektropor\u0101cijas imports, bezmaksas mezoterapijas adatas, radiofrekven\u010du str\u0101vas RF, LED gaismas ener\u0123ijas apstr\u0101des tehnolo\u0123ija, 5","og_url":"https:\/\/cosmetic.lv\/lv\/product\/mezoterapijas-aparats-adas-kopsanai\/","og_site_name":"cosmetic.lv","article_publisher":"https:\/\/www.facebook.com\/cosmetic.lv\/","article_modified_time":"2021-02-06T20:10:25+00:00","og_image":[{"width":546,"height":800,"url":"https:\/\/cosmetic.lv\/wp-content\/uploads\/2021\/02\/20210116_1641301.jpg","type":"image\/jpeg"}],"twitter_card":"summary_large_image","schema":{"@context":"https:\/\/schema.org","@graph":[{"@type":"WebPage","@id":"https:\/\/cosmetic.lv\/lv\/product\/mezoterapijas-aparats-adas-kopsanai\/","url":"https:\/\/cosmetic.lv\/lv\/product\/mezoterapijas-aparats-adas-kopsanai\/","name":"Mezoterapijas apar\u0101ts \u0101das kop\u0161anai - cosmetic.lv","isPartOf":{"@id":"https:\/\/cosmetic.lv\/lv\/#website"},"primaryImageOfPage":{"@id":"https:\/\/cosmetic.lv\/lv\/product\/mezoterapijas-aparats-adas-kopsanai\/#primaryimage"},"image":{"@id":"https:\/\/cosmetic.lv\/lv\/product\/mezoterapijas-aparats-adas-kopsanai\/#primaryimage"},"thumbnailUrl":"https:\/\/cosmetic.lv\/wp-content\/uploads\/2021\/02\/20210116_1641301.jpg","datePublished":"2021-02-06T17:45:24+00:00","dateModified":"2021-02-06T20:10:25+00:00","breadcrumb":{"@id":"https:\/\/cosmetic.lv\/lv\/product\/mezoterapijas-aparats-adas-kopsanai\/#breadcrumb"},"inLanguage":"lv-LV","potentialAction":[{"@type":"ReadAction","target":["https:\/\/cosmetic.lv\/lv\/product\/mezoterapijas-aparats-adas-kopsanai\/"]}]},{"@type":"ImageObject","inLanguage":"lv-LV","@id":"https:\/\/cosmetic.lv\/lv\/product\/mezoterapijas-aparats-adas-kopsanai\/#primaryimage","url":"https:\/\/cosmetic.lv\/wp-content\/uploads\/2021\/02\/20210116_1641301.jpg","contentUrl":"https:\/\/cosmetic.lv\/wp-content\/uploads\/2021\/02\/20210116_1641301.jpg","width":546,"height":800,"caption":"20210116_164130[1].jpg"},{"@type":"BreadcrumbList","@id":"https:\/\/cosmetic.lv\/lv\/product\/mezoterapijas-aparats-adas-kopsanai\/#breadcrumb","itemListElement":[{"@type":"ListItem","position":1,"name":"Home","item":"https:\/\/cosmetic.lv\/lv\/"},{"@type":"ListItem","position":2,"name":"Veikals","item":"https:\/\/cosmetic.lv\/lv\/veiklas\/"},{"@type":"ListItem","position":3,"name":"Mezoterapijas apar\u0101ts \u0101das kop\u0161anai"}]},{"@type":"WebSite","@id":"https:\/\/cosmetic.lv\/lv\/#website","url":"https:\/\/cosmetic.lv\/lv\/","name":"cosmetic.lv","description":"Profesion\u0101la kosm\u0113tika - Maria Galland, Keune, Arkadija, GMT, Guam, Magiray","publisher":{"@id":"https:\/\/cosmetic.lv\/lv\/#organization"},"potentialAction":[{"@type":"SearchAction","target":{"@type":"EntryPoint","urlTemplate":"https:\/\/cosmetic.lv\/lv\/?s={search_term_string}"},"query-input":{"@type":"PropertyValueSpecification","valueRequired":true,"valueName":"search_term_string"}}],"inLanguage":"lv-LV"},{"@type":"Organization","@id":"https:\/\/cosmetic.lv\/lv\/#organization","name":"COSMETIC.LV","url":"https:\/\/cosmetic.lv\/lv\/","logo":{"@type":"ImageObject","inLanguage":"lv-LV","@id":"https:\/\/cosmetic.lv\/lv\/#\/schema\/logo\/image\/","url":"https:\/\/cosmetic.lv\/wp-content\/uploads\/2021\/02\/cosmetic.lv_logo.jpg","contentUrl":"https:\/\/cosmetic.lv\/wp-content\/uploads\/2021\/02\/cosmetic.lv_logo.jpg","width":596,"height":196,"caption":"COSMETIC.LV"},"image":{"@id":"https:\/\/cosmetic.lv\/lv\/#\/schema\/logo\/image\/"},"sameAs":["https:\/\/www.facebook.com\/cosmetic.lv\/"]}]},"product_price_amount":"39.02","product_price_currency":"EUR","og_availability":"out of stock","product_availability":"out of stock","product_retailer_item_id":"mezpa","product_condition":"new"},"_links":{"self":[{"href":"https:\/\/cosmetic.lv\/lv\/wp-json\/wp\/v2\/product\/33850","targetHints":{"allow":["GET"]}}],"collection":[{"href":"https:\/\/cosmetic.lv\/lv\/wp-json\/wp\/v2\/product"}],"about":[{"href":"https:\/\/cosmetic.lv\/lv\/wp-json\/wp\/v2\/types\/product"}],"wp:featuredmedia":[{"embeddable":true,"href":"https:\/\/cosmetic.lv\/lv\/wp-json\/wp\/v2\/media\/8233"}],"wp:attachment":[{"href":"https:\/\/cosmetic.lv\/lv\/wp-json\/wp\/v2\/media?parent=33850"}],"wp:term":[{"taxonomy":"product_brand","embeddable":true,"href":"https:\/\/cosmetic.lv\/lv\/wp-json\/wp\/v2\/product_brand?post=33850"},{"taxonomy":"product_cat","embeddable":true,"href":"https:\/\/cosmetic.lv\/lv\/wp-json\/wp\/v2\/product_cat?post=33850"},{"taxonomy":"product_tag","embeddable":true,"href":"https:\/\/cosmetic.lv\/lv\/wp-json\/wp\/v2\/product_tag?post=33850"}],"curies":[{"name":"wp","href":"https:\/\/api.w.org\/{rel}","templated":true}]}}