{"id":33854,"date":"2021-02-05T22:36:42","date_gmt":"2021-02-06T17:45:31","guid":{"rendered":"https:\/\/damme.lv\/product\/davines-more-inside-this-is-a-strong-moulding-clay-veidosanas-mals-75ml\/"},"modified":"2021-02-06T19:45:31","modified_gmt":"2021-02-06T17:45:31","slug":"davines-more-inside-this-is-a-strong-moulding-clay-veidosanas-mals-75ml","status":"publish","type":"product","link":"https:\/\/cosmetic.lv\/lv\/product\/davines-more-inside-this-is-a-strong-moulding-clay-veidosanas-mals-75ml\/","title":{"rendered":"Davines More Inside this is a strong moulding clay veido\u0161anas m\u0101ls 75ml"},"content":{"rendered":"<p><!DOCTYPE html PUBLIC &quot;-\/\/W3C\/\/DTD XHTML 1.0 Transitional\/\/EN&quot; &quot;http:\/\/www.w3.org\/TR\/xhtml1\/DTD\/xhtml1-transitional.dtd&quot;><br \/>\n<html><br \/>\n<head><br \/>\n<title>Untitled document<\/title><br \/>\n<\/head><br \/>\n<body><\/p>\n<div>\n<div>\n<p>Davines More Inside &ndash; god\u012bgi  produkti, kas komunic\u0113jas ar saviem sabiedrotajiem. Vi\u0146i jums past\u0101st\u012bs,  k\u0101 izmantot vi\u0146u \u012bpa&scaron;\u012bbas l\u012bdz piln\u012bgumam, \u010dukst\u0113s idejas, kas pal\u012bdz\u0113s  ar vi\u0146u darb\u012bbu, un dos praktiskus padomus, kas var b\u016bt noder\u012bgi  jebkur\u0101 dz\u012bves situ\u0101cij\u0101. Davines &ldquo;this is a strong moulding clay&rdquo;  veido&scaron;anas m\u0101ls ir ide\u0101ls produkts, lai veidotu matiem ielas stilu un  defin\u0113tu atsevi&scaron;\u0137as matu &scaron;\u0137ipsnas. Neatst\u0101s nek\u0101das paliekas uz matiem  un b\u016bs sauss piesk\u0101rienam. Varb\u016bt J\u016bs dodaties ce\u013cojum\u0101 un uztraucaties  par augsto mitrumu? Mums kauns atz\u012bties, ta\u010du mitruma notur\u012bba vi\u0146am  nav, ta\u010du pateicoties m\u0101la bez \u016bdens formulai, tas sp\u0113s lab\u0101k paciest  mitru klimatu k\u0101 citi produkti. Pie&scaron;\u0137iriet saviem matiem defin\u012bciju un  mat\u0113tu efektu tikai vien\u0101 sol\u012b.<\/p>\n<p>Formula sast\u0101v no papildus mitrino&scaron;iem faktoriem, kas pal\u012bdz mitrin\u0101t  matu strukt\u016bru. Formula ir bez parab\u0113niem un bez pievienot\u0101m  kr\u0101sviel\u0101m.<\/p>\n<p>Lieto&scaron;ana: Uzkl\u0101t nelielu daudzumu produkta uz sausiem matiem un ieveidot tos p\u0113c savas patikas.<\/p>\n<p>Tilpums: 75ml<\/p>\n<\/div>\n<\/div>\n<p><\/body><br \/>\n<\/html><\/p>\n","protected":false},"excerpt":{"rendered":"<p>Untitled document Davines More Inside &ndash; god\u012bgi produkti, kas komunic\u0113jas ar saviem sabiedrotajiem. Vi\u0146i jums past\u0101st\u012bs, k\u0101 izmantot vi\u0146u \u012bpa&scaron;\u012bbas<\/p>\n","protected":false},"featured_media":15287,"template":"","meta":[],"product_brand":[],"product_cat":[2258,2260,2261],"product_tag":[],"class_list":{"0":"post-33854","1":"product","2":"type-product","3":"status-publish","4":"has-post-thumbnail","6":"product_cat-profesionala-kosmetika-matiem-lv","7":"product_cat-davines-italija-lv","8":"product_cat-kondicionieris-matiem-lv","10":"first","11":"outofstock","12":"taxable","13":"shipping-taxable","14":"purchasable","15":"product-type-simple"},"yoast_head":"<!-- This site is optimized with the Yoast SEO Premium plugin v27.0 (Yoast SEO v27.0) - https:\/\/yoast.com\/product\/yoast-seo-premium-wordpress\/ -->\n<title>Davines More Inside this is a strong moulding clay veido\u0161anas m\u0101ls 75ml - cosmetic.lv<\/title>\n<meta name=\"robots\" content=\"index, follow, max-snippet:-1, max-image-preview:large, max-video-preview:-1\" \/>\n<link rel=\"canonical\" href=\"https:\/\/cosmetic.lv\/lv\/product\/davines-more-inside-this-is-a-strong-moulding-clay-veidosanas-mals-75ml\/\" \/>\n<meta property=\"og:locale\" content=\"lv_LV\" \/>\n<meta property=\"og:type\" content=\"article\" \/>\n<meta property=\"og:title\" content=\"Davines More Inside this is a strong moulding clay veido\u0161anas m\u0101ls 75ml\" \/>\n<meta property=\"og:description\" content=\"Untitled document Davines More Inside &ndash; god\u012bgi produkti, kas komunic\u0113jas ar saviem sabiedrotajiem. Vi\u0146i jums past\u0101st\u012bs, k\u0101 izmantot vi\u0146u \u012bpa&scaron;\u012bbas\" \/>\n<meta property=\"og:url\" content=\"https:\/\/cosmetic.lv\/lv\/product\/davines-more-inside-this-is-a-strong-moulding-clay-veidosanas-mals-75ml\/\" \/>\n<meta property=\"og:site_name\" content=\"cosmetic.lv\" \/>\n<meta property=\"article:publisher\" content=\"https:\/\/www.facebook.com\/cosmetic.lv\/\" \/>\n<meta property=\"og:image\" content=\"https:\/\/cosmetic.lv\/wp-content\/uploads\/2021\/02\/4616_s-4.jpg\" \/>\n\t<meta property=\"og:image:width\" content=\"600\" \/>\n\t<meta property=\"og:image:height\" content=\"739\" \/>\n\t<meta property=\"og:image:type\" content=\"image\/jpeg\" \/>\n<meta name=\"twitter:card\" content=\"summary_large_image\" \/>\n<script type=\"application\/ld+json\" class=\"yoast-schema-graph\">{\"@context\":\"https:\/\/schema.org\",\"@graph\":[{\"@type\":\"WebPage\",\"@id\":\"https:\/\/cosmetic.lv\/lv\/product\/davines-more-inside-this-is-a-strong-moulding-clay-veidosanas-mals-75ml\/\",\"url\":\"https:\/\/cosmetic.lv\/lv\/product\/davines-more-inside-this-is-a-strong-moulding-clay-veidosanas-mals-75ml\/\",\"name\":\"Davines More Inside this is a strong moulding clay veido\u0161anas m\u0101ls 75ml - cosmetic.lv\",\"isPartOf\":{\"@id\":\"https:\/\/cosmetic.lv\/lv\/#website\"},\"primaryImageOfPage\":{\"@id\":\"https:\/\/cosmetic.lv\/lv\/product\/davines-more-inside-this-is-a-strong-moulding-clay-veidosanas-mals-75ml\/#primaryimage\"},\"image\":{\"@id\":\"https:\/\/cosmetic.lv\/lv\/product\/davines-more-inside-this-is-a-strong-moulding-clay-veidosanas-mals-75ml\/#primaryimage\"},\"thumbnailUrl\":\"https:\/\/cosmetic.lv\/wp-content\/uploads\/2021\/02\/4616_s-4.jpg\",\"datePublished\":\"2021-02-06T17:45:31+00:00\",\"breadcrumb\":{\"@id\":\"https:\/\/cosmetic.lv\/lv\/product\/davines-more-inside-this-is-a-strong-moulding-clay-veidosanas-mals-75ml\/#breadcrumb\"},\"inLanguage\":\"lv-LV\",\"potentialAction\":[{\"@type\":\"ReadAction\",\"target\":[\"https:\/\/cosmetic.lv\/lv\/product\/davines-more-inside-this-is-a-strong-moulding-clay-veidosanas-mals-75ml\/\"]}]},{\"@type\":\"ImageObject\",\"inLanguage\":\"lv-LV\",\"@id\":\"https:\/\/cosmetic.lv\/lv\/product\/davines-more-inside-this-is-a-strong-moulding-clay-veidosanas-mals-75ml\/#primaryimage\",\"url\":\"https:\/\/cosmetic.lv\/wp-content\/uploads\/2021\/02\/4616_s-4.jpg\",\"contentUrl\":\"https:\/\/cosmetic.lv\/wp-content\/uploads\/2021\/02\/4616_s-4.jpg\",\"width\":600,\"height\":739,\"caption\":\"4616_s.jpg\"},{\"@type\":\"BreadcrumbList\",\"@id\":\"https:\/\/cosmetic.lv\/lv\/product\/davines-more-inside-this-is-a-strong-moulding-clay-veidosanas-mals-75ml\/#breadcrumb\",\"itemListElement\":[{\"@type\":\"ListItem\",\"position\":1,\"name\":\"Home\",\"item\":\"https:\/\/cosmetic.lv\/lv\/\"},{\"@type\":\"ListItem\",\"position\":2,\"name\":\"Veikals\",\"item\":\"https:\/\/cosmetic.lv\/lv\/veiklas\/\"},{\"@type\":\"ListItem\",\"position\":3,\"name\":\"Davines More Inside this is a strong moulding clay veido\u0161anas m\u0101ls 75ml\"}]},{\"@type\":\"WebSite\",\"@id\":\"https:\/\/cosmetic.lv\/lv\/#website\",\"url\":\"https:\/\/cosmetic.lv\/lv\/\",\"name\":\"cosmetic.lv\",\"description\":\"Profesion\u0101la kosm\u0113tika - Maria Galland, Keune, Arkadija, GMT, Guam, Magiray\",\"publisher\":{\"@id\":\"https:\/\/cosmetic.lv\/lv\/#organization\"},\"potentialAction\":[{\"@type\":\"SearchAction\",\"target\":{\"@type\":\"EntryPoint\",\"urlTemplate\":\"https:\/\/cosmetic.lv\/lv\/?s={search_term_string}\"},\"query-input\":{\"@type\":\"PropertyValueSpecification\",\"valueRequired\":true,\"valueName\":\"search_term_string\"}}],\"inLanguage\":\"lv-LV\"},{\"@type\":\"Organization\",\"@id\":\"https:\/\/cosmetic.lv\/lv\/#organization\",\"name\":\"COSMETIC.LV\",\"url\":\"https:\/\/cosmetic.lv\/lv\/\",\"logo\":{\"@type\":\"ImageObject\",\"inLanguage\":\"lv-LV\",\"@id\":\"https:\/\/cosmetic.lv\/lv\/#\/schema\/logo\/image\/\",\"url\":\"https:\/\/cosmetic.lv\/wp-content\/uploads\/2021\/02\/cosmetic.lv_logo.jpg\",\"contentUrl\":\"https:\/\/cosmetic.lv\/wp-content\/uploads\/2021\/02\/cosmetic.lv_logo.jpg\",\"width\":596,\"height\":196,\"caption\":\"COSMETIC.LV\"},\"image\":{\"@id\":\"https:\/\/cosmetic.lv\/lv\/#\/schema\/logo\/image\/\"},\"sameAs\":[\"https:\/\/www.facebook.com\/cosmetic.lv\/\"]}]}<\/script>\n<meta property=\"product:price:amount\" content=\"21.17\" \/>\n<meta property=\"product:price:currency\" content=\"EUR\" \/>\n<meta property=\"og:availability\" content=\"out of stock\" \/>\n<meta property=\"product:availability\" content=\"out of stock\" \/>\n<meta property=\"product:retailer_item_id\" content=\"87068\" \/>\n<meta property=\"product:condition\" content=\"new\" \/>\n<!-- \/ Yoast SEO Premium plugin. -->","yoast_head_json":{"title":"Davines More Inside this is a strong moulding clay veido\u0161anas m\u0101ls 75ml - cosmetic.lv","robots":{"index":"index","follow":"follow","max-snippet":"max-snippet:-1","max-image-preview":"max-image-preview:large","max-video-preview":"max-video-preview:-1"},"canonical":"https:\/\/cosmetic.lv\/lv\/product\/davines-more-inside-this-is-a-strong-moulding-clay-veidosanas-mals-75ml\/","og_locale":"lv_LV","og_type":"article","og_title":"Davines More Inside this is a strong moulding clay veido\u0161anas m\u0101ls 75ml","og_description":"Untitled document Davines More Inside &ndash; god\u012bgi produkti, kas komunic\u0113jas ar saviem sabiedrotajiem. Vi\u0146i jums past\u0101st\u012bs, k\u0101 izmantot vi\u0146u \u012bpa&scaron;\u012bbas","og_url":"https:\/\/cosmetic.lv\/lv\/product\/davines-more-inside-this-is-a-strong-moulding-clay-veidosanas-mals-75ml\/","og_site_name":"cosmetic.lv","article_publisher":"https:\/\/www.facebook.com\/cosmetic.lv\/","og_image":[{"width":600,"height":739,"url":"https:\/\/cosmetic.lv\/wp-content\/uploads\/2021\/02\/4616_s-4.jpg","type":"image\/jpeg"}],"twitter_card":"summary_large_image","schema":{"@context":"https:\/\/schema.org","@graph":[{"@type":"WebPage","@id":"https:\/\/cosmetic.lv\/lv\/product\/davines-more-inside-this-is-a-strong-moulding-clay-veidosanas-mals-75ml\/","url":"https:\/\/cosmetic.lv\/lv\/product\/davines-more-inside-this-is-a-strong-moulding-clay-veidosanas-mals-75ml\/","name":"Davines More Inside this is a strong moulding clay veido\u0161anas m\u0101ls 75ml - cosmetic.lv","isPartOf":{"@id":"https:\/\/cosmetic.lv\/lv\/#website"},"primaryImageOfPage":{"@id":"https:\/\/cosmetic.lv\/lv\/product\/davines-more-inside-this-is-a-strong-moulding-clay-veidosanas-mals-75ml\/#primaryimage"},"image":{"@id":"https:\/\/cosmetic.lv\/lv\/product\/davines-more-inside-this-is-a-strong-moulding-clay-veidosanas-mals-75ml\/#primaryimage"},"thumbnailUrl":"https:\/\/cosmetic.lv\/wp-content\/uploads\/2021\/02\/4616_s-4.jpg","datePublished":"2021-02-06T17:45:31+00:00","breadcrumb":{"@id":"https:\/\/cosmetic.lv\/lv\/product\/davines-more-inside-this-is-a-strong-moulding-clay-veidosanas-mals-75ml\/#breadcrumb"},"inLanguage":"lv-LV","potentialAction":[{"@type":"ReadAction","target":["https:\/\/cosmetic.lv\/lv\/product\/davines-more-inside-this-is-a-strong-moulding-clay-veidosanas-mals-75ml\/"]}]},{"@type":"ImageObject","inLanguage":"lv-LV","@id":"https:\/\/cosmetic.lv\/lv\/product\/davines-more-inside-this-is-a-strong-moulding-clay-veidosanas-mals-75ml\/#primaryimage","url":"https:\/\/cosmetic.lv\/wp-content\/uploads\/2021\/02\/4616_s-4.jpg","contentUrl":"https:\/\/cosmetic.lv\/wp-content\/uploads\/2021\/02\/4616_s-4.jpg","width":600,"height":739,"caption":"4616_s.jpg"},{"@type":"BreadcrumbList","@id":"https:\/\/cosmetic.lv\/lv\/product\/davines-more-inside-this-is-a-strong-moulding-clay-veidosanas-mals-75ml\/#breadcrumb","itemListElement":[{"@type":"ListItem","position":1,"name":"Home","item":"https:\/\/cosmetic.lv\/lv\/"},{"@type":"ListItem","position":2,"name":"Veikals","item":"https:\/\/cosmetic.lv\/lv\/veiklas\/"},{"@type":"ListItem","position":3,"name":"Davines More Inside this is a strong moulding clay veido\u0161anas m\u0101ls 75ml"}]},{"@type":"WebSite","@id":"https:\/\/cosmetic.lv\/lv\/#website","url":"https:\/\/cosmetic.lv\/lv\/","name":"cosmetic.lv","description":"Profesion\u0101la kosm\u0113tika - Maria Galland, Keune, Arkadija, GMT, Guam, Magiray","publisher":{"@id":"https:\/\/cosmetic.lv\/lv\/#organization"},"potentialAction":[{"@type":"SearchAction","target":{"@type":"EntryPoint","urlTemplate":"https:\/\/cosmetic.lv\/lv\/?s={search_term_string}"},"query-input":{"@type":"PropertyValueSpecification","valueRequired":true,"valueName":"search_term_string"}}],"inLanguage":"lv-LV"},{"@type":"Organization","@id":"https:\/\/cosmetic.lv\/lv\/#organization","name":"COSMETIC.LV","url":"https:\/\/cosmetic.lv\/lv\/","logo":{"@type":"ImageObject","inLanguage":"lv-LV","@id":"https:\/\/cosmetic.lv\/lv\/#\/schema\/logo\/image\/","url":"https:\/\/cosmetic.lv\/wp-content\/uploads\/2021\/02\/cosmetic.lv_logo.jpg","contentUrl":"https:\/\/cosmetic.lv\/wp-content\/uploads\/2021\/02\/cosmetic.lv_logo.jpg","width":596,"height":196,"caption":"COSMETIC.LV"},"image":{"@id":"https:\/\/cosmetic.lv\/lv\/#\/schema\/logo\/image\/"},"sameAs":["https:\/\/www.facebook.com\/cosmetic.lv\/"]}]},"product_price_amount":"21.17","product_price_currency":"EUR","og_availability":"out of stock","product_availability":"out of stock","product_retailer_item_id":"87068","product_condition":"new"},"_links":{"self":[{"href":"https:\/\/cosmetic.lv\/lv\/wp-json\/wp\/v2\/product\/33854","targetHints":{"allow":["GET"]}}],"collection":[{"href":"https:\/\/cosmetic.lv\/lv\/wp-json\/wp\/v2\/product"}],"about":[{"href":"https:\/\/cosmetic.lv\/lv\/wp-json\/wp\/v2\/types\/product"}],"wp:featuredmedia":[{"embeddable":true,"href":"https:\/\/cosmetic.lv\/lv\/wp-json\/wp\/v2\/media\/15287"}],"wp:attachment":[{"href":"https:\/\/cosmetic.lv\/lv\/wp-json\/wp\/v2\/media?parent=33854"}],"wp:term":[{"taxonomy":"product_brand","embeddable":true,"href":"https:\/\/cosmetic.lv\/lv\/wp-json\/wp\/v2\/product_brand?post=33854"},{"taxonomy":"product_cat","embeddable":true,"href":"https:\/\/cosmetic.lv\/lv\/wp-json\/wp\/v2\/product_cat?post=33854"},{"taxonomy":"product_tag","embeddable":true,"href":"https:\/\/cosmetic.lv\/lv\/wp-json\/wp\/v2\/product_tag?post=33854"}],"curies":[{"name":"wp","href":"https:\/\/api.w.org\/{rel}","templated":true}]}}