{"id":33855,"date":"2021-02-05T22:36:42","date_gmt":"2021-02-06T17:45:31","guid":{"rendered":"https:\/\/damme.lv\/product\/davines-more-inside-this-is-a-shine-wax-vasks-spidumam-75ml\/"},"modified":"2021-02-06T19:45:32","modified_gmt":"2021-02-06T17:45:32","slug":"davines-more-inside-this-is-a-shine-wax-vasks-spidumam-75ml","status":"publish","type":"product","link":"https:\/\/cosmetic.lv\/lv\/product\/davines-more-inside-this-is-a-shine-wax-vasks-spidumam-75ml\/","title":{"rendered":"Davines More Inside this is a shine wax vasks sp\u012bdumam 75ml"},"content":{"rendered":"<p><!DOCTYPE html PUBLIC &quot;-\/\/W3C\/\/DTD XHTML 1.0 Transitional\/\/EN&quot; &quot;http:\/\/www.w3.org\/TR\/xhtml1\/DTD\/xhtml1-transitional.dtd&quot;><br \/>\n<html><br \/>\n<head><br \/>\n<title>Untitled document<\/title><br \/>\n<\/head><br \/>\n<body><\/p>\n<div>\n<div>\n<p>Davines More Inside &ndash; god\u012bgi  produkti, kas komunic\u0113jas ar saviem sabiedrotajiem. Vi\u0146i jums past\u0101st\u012bs,  k\u0101 izmantot vi\u0146u \u012bpa&scaron;\u012bbas l\u012bdz piln\u012bgumam, \u010dukst\u0113s idejas, kas pal\u012bdz\u0113s  ar vi\u0146u darb\u012bbu, un dos praktiskus padomus, kas var b\u016bt noder\u012bgi  jebkur\u0101 dz\u012bves situ\u0101cij\u0101. Davines &ldquo;this is a shine wax&rdquo; ir viegls,  kr\u0113mveida vasks, kas paredz\u0113ts matu &ldquo;nopul\u0113tam&rdquo; efektam. Ide\u0101li  piem\u0113rots, lai izveidotu gludus un sp\u012bd\u012bgus izskatus ar dab\u012bgas sp\u012bduma  efektu. T\u0101 viegl\u0101 formula ir \u0113rti p\u0101rveidojama, nodro&scaron;inot elast\u012bgu  atbalstu un nepadarot matus lip\u012bgus, k\u0101 ar\u012b nenosver tos lej\u0101. J\u016bsu mati  v\u0113l nekad nav izskat\u012bju&scaron;ies lab\u0101k, un viss, kas bija nepiecie&scaron;ams, bija  tikai dot &scaron;im vaskam iesp\u0113ju.<\/p>\n<p>Formula sast\u0101v no papildus mitrino&scaron;iem faktoriem, kas pal\u012bdz mitrin\u0101t  matu strukt\u016bru. Formula ir bez parab\u0113niem un bez pievienot\u0101m  kr\u0101sviel\u0101m.<\/p>\n<p>Lieto&scaron;ana: Lai ieg\u016btu vieglu vi\u013c\u0146ai\u0146u efektu norm\u0101liem l\u012bdz bieziem  matiem, izmantot vasku uz mitriem matiem. Izmantojot k\u0101 nobeiguma  produktu, uzkl\u0101t vasku uz rok\u0101m un tad uzkl\u0101t uz sausiem matiem, lai tos  defin\u0113tu un &ldquo;pul\u0113tu&rdquo;. Izmantojot kop\u0101 ar karstajiem veido&scaron;anas  instrumentiem, vasks piedod matiem apjomu, padarot tos maigus un  sp\u012bd\u012bgus.<\/p>\n<p>Tilpums: 75ml<\/p>\n<\/div>\n<\/div>\n<p><\/body><br \/>\n<\/html><\/p>\n","protected":false},"excerpt":{"rendered":"<p>Untitled document Davines More Inside &ndash; god\u012bgi produkti, kas komunic\u0113jas ar saviem sabiedrotajiem. Vi\u0146i jums past\u0101st\u012bs, k\u0101 izmantot vi\u0146u \u012bpa&scaron;\u012bbas<\/p>\n","protected":false},"featured_media":8248,"template":"","meta":[],"product_brand":[],"product_cat":[2258,2260,2261],"product_tag":[],"class_list":{"0":"post-33855","1":"product","2":"type-product","3":"status-publish","4":"has-post-thumbnail","6":"product_cat-profesionala-kosmetika-matiem-lv","7":"product_cat-davines-italija-lv","8":"product_cat-kondicionieris-matiem-lv","10":"first","11":"outofstock","12":"taxable","13":"shipping-taxable","14":"purchasable","15":"product-type-simple"},"yoast_head":"<!-- This site is optimized with the Yoast SEO Premium plugin v27.0 (Yoast SEO v27.0) - https:\/\/yoast.com\/product\/yoast-seo-premium-wordpress\/ -->\n<title>Davines More Inside this is a shine wax vasks sp\u012bdumam 75ml - cosmetic.lv<\/title>\n<meta name=\"robots\" content=\"index, follow, max-snippet:-1, max-image-preview:large, max-video-preview:-1\" \/>\n<link rel=\"canonical\" href=\"https:\/\/cosmetic.lv\/lv\/product\/davines-more-inside-this-is-a-shine-wax-vasks-spidumam-75ml\/\" \/>\n<meta property=\"og:locale\" content=\"lv_LV\" \/>\n<meta property=\"og:type\" content=\"article\" \/>\n<meta property=\"og:title\" content=\"Davines More Inside this is a shine wax vasks sp\u012bdumam 75ml\" \/>\n<meta property=\"og:description\" content=\"Untitled document Davines More Inside &ndash; god\u012bgi produkti, kas komunic\u0113jas ar saviem sabiedrotajiem. Vi\u0146i jums past\u0101st\u012bs, k\u0101 izmantot vi\u0146u \u012bpa&scaron;\u012bbas\" \/>\n<meta property=\"og:url\" content=\"https:\/\/cosmetic.lv\/lv\/product\/davines-more-inside-this-is-a-shine-wax-vasks-spidumam-75ml\/\" \/>\n<meta property=\"og:site_name\" content=\"cosmetic.lv\" \/>\n<meta property=\"article:publisher\" content=\"https:\/\/www.facebook.com\/cosmetic.lv\/\" \/>\n<meta property=\"article:modified_time\" content=\"2021-02-06T17:45:32+00:00\" \/>\n<meta property=\"og:image\" content=\"https:\/\/cosmetic.lv\/wp-content\/uploads\/2021\/02\/d-misw7-2.jpg\" \/>\n\t<meta property=\"og:image:width\" content=\"500\" \/>\n\t<meta property=\"og:image:height\" content=\"500\" \/>\n\t<meta property=\"og:image:type\" content=\"image\/jpeg\" \/>\n<meta name=\"twitter:card\" content=\"summary_large_image\" \/>\n<script type=\"application\/ld+json\" class=\"yoast-schema-graph\">{\"@context\":\"https:\/\/schema.org\",\"@graph\":[{\"@type\":\"WebPage\",\"@id\":\"https:\/\/cosmetic.lv\/lv\/product\/davines-more-inside-this-is-a-shine-wax-vasks-spidumam-75ml\/\",\"url\":\"https:\/\/cosmetic.lv\/lv\/product\/davines-more-inside-this-is-a-shine-wax-vasks-spidumam-75ml\/\",\"name\":\"Davines More Inside this is a shine wax vasks sp\u012bdumam 75ml - cosmetic.lv\",\"isPartOf\":{\"@id\":\"https:\/\/cosmetic.lv\/lv\/#website\"},\"primaryImageOfPage\":{\"@id\":\"https:\/\/cosmetic.lv\/lv\/product\/davines-more-inside-this-is-a-shine-wax-vasks-spidumam-75ml\/#primaryimage\"},\"image\":{\"@id\":\"https:\/\/cosmetic.lv\/lv\/product\/davines-more-inside-this-is-a-shine-wax-vasks-spidumam-75ml\/#primaryimage\"},\"thumbnailUrl\":\"https:\/\/cosmetic.lv\/wp-content\/uploads\/2021\/02\/d-misw7-2.jpg\",\"datePublished\":\"2021-02-06T17:45:31+00:00\",\"dateModified\":\"2021-02-06T17:45:32+00:00\",\"breadcrumb\":{\"@id\":\"https:\/\/cosmetic.lv\/lv\/product\/davines-more-inside-this-is-a-shine-wax-vasks-spidumam-75ml\/#breadcrumb\"},\"inLanguage\":\"lv-LV\",\"potentialAction\":[{\"@type\":\"ReadAction\",\"target\":[\"https:\/\/cosmetic.lv\/lv\/product\/davines-more-inside-this-is-a-shine-wax-vasks-spidumam-75ml\/\"]}]},{\"@type\":\"ImageObject\",\"inLanguage\":\"lv-LV\",\"@id\":\"https:\/\/cosmetic.lv\/lv\/product\/davines-more-inside-this-is-a-shine-wax-vasks-spidumam-75ml\/#primaryimage\",\"url\":\"https:\/\/cosmetic.lv\/wp-content\/uploads\/2021\/02\/d-misw7-2.jpg\",\"contentUrl\":\"https:\/\/cosmetic.lv\/wp-content\/uploads\/2021\/02\/d-misw7-2.jpg\",\"width\":500,\"height\":500,\"caption\":\"D-MISW7-2.jpg\"},{\"@type\":\"BreadcrumbList\",\"@id\":\"https:\/\/cosmetic.lv\/lv\/product\/davines-more-inside-this-is-a-shine-wax-vasks-spidumam-75ml\/#breadcrumb\",\"itemListElement\":[{\"@type\":\"ListItem\",\"position\":1,\"name\":\"Home\",\"item\":\"https:\/\/cosmetic.lv\/lv\/\"},{\"@type\":\"ListItem\",\"position\":2,\"name\":\"Veikals\",\"item\":\"https:\/\/cosmetic.lv\/lv\/veiklas\/\"},{\"@type\":\"ListItem\",\"position\":3,\"name\":\"Davines More Inside this is a shine wax vasks sp\u012bdumam 75ml\"}]},{\"@type\":\"WebSite\",\"@id\":\"https:\/\/cosmetic.lv\/lv\/#website\",\"url\":\"https:\/\/cosmetic.lv\/lv\/\",\"name\":\"cosmetic.lv\",\"description\":\"Profesion\u0101la kosm\u0113tika - Maria Galland, Keune, Arkadija, GMT, Guam, Magiray\",\"publisher\":{\"@id\":\"https:\/\/cosmetic.lv\/lv\/#organization\"},\"potentialAction\":[{\"@type\":\"SearchAction\",\"target\":{\"@type\":\"EntryPoint\",\"urlTemplate\":\"https:\/\/cosmetic.lv\/lv\/?s={search_term_string}\"},\"query-input\":{\"@type\":\"PropertyValueSpecification\",\"valueRequired\":true,\"valueName\":\"search_term_string\"}}],\"inLanguage\":\"lv-LV\"},{\"@type\":\"Organization\",\"@id\":\"https:\/\/cosmetic.lv\/lv\/#organization\",\"name\":\"COSMETIC.LV\",\"url\":\"https:\/\/cosmetic.lv\/lv\/\",\"logo\":{\"@type\":\"ImageObject\",\"inLanguage\":\"lv-LV\",\"@id\":\"https:\/\/cosmetic.lv\/lv\/#\/schema\/logo\/image\/\",\"url\":\"https:\/\/cosmetic.lv\/wp-content\/uploads\/2021\/02\/cosmetic.lv_logo.jpg\",\"contentUrl\":\"https:\/\/cosmetic.lv\/wp-content\/uploads\/2021\/02\/cosmetic.lv_logo.jpg\",\"width\":596,\"height\":196,\"caption\":\"COSMETIC.LV\"},\"image\":{\"@id\":\"https:\/\/cosmetic.lv\/lv\/#\/schema\/logo\/image\/\"},\"sameAs\":[\"https:\/\/www.facebook.com\/cosmetic.lv\/\"]}]}<\/script>\n<meta property=\"product:price:amount\" content=\"21.17\" \/>\n<meta property=\"product:price:currency\" content=\"EUR\" \/>\n<meta property=\"og:availability\" content=\"out of stock\" \/>\n<meta property=\"product:availability\" content=\"out of stock\" \/>\n<meta property=\"product:retailer_item_id\" content=\"87055\" \/>\n<meta property=\"product:condition\" content=\"new\" \/>\n<!-- \/ Yoast SEO Premium plugin. -->","yoast_head_json":{"title":"Davines More Inside this is a shine wax vasks sp\u012bdumam 75ml - cosmetic.lv","robots":{"index":"index","follow":"follow","max-snippet":"max-snippet:-1","max-image-preview":"max-image-preview:large","max-video-preview":"max-video-preview:-1"},"canonical":"https:\/\/cosmetic.lv\/lv\/product\/davines-more-inside-this-is-a-shine-wax-vasks-spidumam-75ml\/","og_locale":"lv_LV","og_type":"article","og_title":"Davines More Inside this is a shine wax vasks sp\u012bdumam 75ml","og_description":"Untitled document Davines More Inside &ndash; god\u012bgi produkti, kas komunic\u0113jas ar saviem sabiedrotajiem. Vi\u0146i jums past\u0101st\u012bs, k\u0101 izmantot vi\u0146u \u012bpa&scaron;\u012bbas","og_url":"https:\/\/cosmetic.lv\/lv\/product\/davines-more-inside-this-is-a-shine-wax-vasks-spidumam-75ml\/","og_site_name":"cosmetic.lv","article_publisher":"https:\/\/www.facebook.com\/cosmetic.lv\/","article_modified_time":"2021-02-06T17:45:32+00:00","og_image":[{"width":500,"height":500,"url":"https:\/\/cosmetic.lv\/wp-content\/uploads\/2021\/02\/d-misw7-2.jpg","type":"image\/jpeg"}],"twitter_card":"summary_large_image","schema":{"@context":"https:\/\/schema.org","@graph":[{"@type":"WebPage","@id":"https:\/\/cosmetic.lv\/lv\/product\/davines-more-inside-this-is-a-shine-wax-vasks-spidumam-75ml\/","url":"https:\/\/cosmetic.lv\/lv\/product\/davines-more-inside-this-is-a-shine-wax-vasks-spidumam-75ml\/","name":"Davines More Inside this is a shine wax vasks sp\u012bdumam 75ml - cosmetic.lv","isPartOf":{"@id":"https:\/\/cosmetic.lv\/lv\/#website"},"primaryImageOfPage":{"@id":"https:\/\/cosmetic.lv\/lv\/product\/davines-more-inside-this-is-a-shine-wax-vasks-spidumam-75ml\/#primaryimage"},"image":{"@id":"https:\/\/cosmetic.lv\/lv\/product\/davines-more-inside-this-is-a-shine-wax-vasks-spidumam-75ml\/#primaryimage"},"thumbnailUrl":"https:\/\/cosmetic.lv\/wp-content\/uploads\/2021\/02\/d-misw7-2.jpg","datePublished":"2021-02-06T17:45:31+00:00","dateModified":"2021-02-06T17:45:32+00:00","breadcrumb":{"@id":"https:\/\/cosmetic.lv\/lv\/product\/davines-more-inside-this-is-a-shine-wax-vasks-spidumam-75ml\/#breadcrumb"},"inLanguage":"lv-LV","potentialAction":[{"@type":"ReadAction","target":["https:\/\/cosmetic.lv\/lv\/product\/davines-more-inside-this-is-a-shine-wax-vasks-spidumam-75ml\/"]}]},{"@type":"ImageObject","inLanguage":"lv-LV","@id":"https:\/\/cosmetic.lv\/lv\/product\/davines-more-inside-this-is-a-shine-wax-vasks-spidumam-75ml\/#primaryimage","url":"https:\/\/cosmetic.lv\/wp-content\/uploads\/2021\/02\/d-misw7-2.jpg","contentUrl":"https:\/\/cosmetic.lv\/wp-content\/uploads\/2021\/02\/d-misw7-2.jpg","width":500,"height":500,"caption":"D-MISW7-2.jpg"},{"@type":"BreadcrumbList","@id":"https:\/\/cosmetic.lv\/lv\/product\/davines-more-inside-this-is-a-shine-wax-vasks-spidumam-75ml\/#breadcrumb","itemListElement":[{"@type":"ListItem","position":1,"name":"Home","item":"https:\/\/cosmetic.lv\/lv\/"},{"@type":"ListItem","position":2,"name":"Veikals","item":"https:\/\/cosmetic.lv\/lv\/veiklas\/"},{"@type":"ListItem","position":3,"name":"Davines More Inside this is a shine wax vasks sp\u012bdumam 75ml"}]},{"@type":"WebSite","@id":"https:\/\/cosmetic.lv\/lv\/#website","url":"https:\/\/cosmetic.lv\/lv\/","name":"cosmetic.lv","description":"Profesion\u0101la kosm\u0113tika - Maria Galland, Keune, Arkadija, GMT, Guam, Magiray","publisher":{"@id":"https:\/\/cosmetic.lv\/lv\/#organization"},"potentialAction":[{"@type":"SearchAction","target":{"@type":"EntryPoint","urlTemplate":"https:\/\/cosmetic.lv\/lv\/?s={search_term_string}"},"query-input":{"@type":"PropertyValueSpecification","valueRequired":true,"valueName":"search_term_string"}}],"inLanguage":"lv-LV"},{"@type":"Organization","@id":"https:\/\/cosmetic.lv\/lv\/#organization","name":"COSMETIC.LV","url":"https:\/\/cosmetic.lv\/lv\/","logo":{"@type":"ImageObject","inLanguage":"lv-LV","@id":"https:\/\/cosmetic.lv\/lv\/#\/schema\/logo\/image\/","url":"https:\/\/cosmetic.lv\/wp-content\/uploads\/2021\/02\/cosmetic.lv_logo.jpg","contentUrl":"https:\/\/cosmetic.lv\/wp-content\/uploads\/2021\/02\/cosmetic.lv_logo.jpg","width":596,"height":196,"caption":"COSMETIC.LV"},"image":{"@id":"https:\/\/cosmetic.lv\/lv\/#\/schema\/logo\/image\/"},"sameAs":["https:\/\/www.facebook.com\/cosmetic.lv\/"]}]},"product_price_amount":"21.17","product_price_currency":"EUR","og_availability":"out of stock","product_availability":"out of stock","product_retailer_item_id":"87055","product_condition":"new"},"_links":{"self":[{"href":"https:\/\/cosmetic.lv\/lv\/wp-json\/wp\/v2\/product\/33855","targetHints":{"allow":["GET"]}}],"collection":[{"href":"https:\/\/cosmetic.lv\/lv\/wp-json\/wp\/v2\/product"}],"about":[{"href":"https:\/\/cosmetic.lv\/lv\/wp-json\/wp\/v2\/types\/product"}],"wp:featuredmedia":[{"embeddable":true,"href":"https:\/\/cosmetic.lv\/lv\/wp-json\/wp\/v2\/media\/8248"}],"wp:attachment":[{"href":"https:\/\/cosmetic.lv\/lv\/wp-json\/wp\/v2\/media?parent=33855"}],"wp:term":[{"taxonomy":"product_brand","embeddable":true,"href":"https:\/\/cosmetic.lv\/lv\/wp-json\/wp\/v2\/product_brand?post=33855"},{"taxonomy":"product_cat","embeddable":true,"href":"https:\/\/cosmetic.lv\/lv\/wp-json\/wp\/v2\/product_cat?post=33855"},{"taxonomy":"product_tag","embeddable":true,"href":"https:\/\/cosmetic.lv\/lv\/wp-json\/wp\/v2\/product_tag?post=33855"}],"curies":[{"name":"wp","href":"https:\/\/api.w.org\/{rel}","templated":true}]}}