{"id":33858,"date":"2021-02-05T22:36:42","date_gmt":"2021-02-06T17:45:31","guid":{"rendered":"https:\/\/damme.lv\/product\/maria-galland-dienas-krems-jutigai-adai-cream-speciale-peaux\/"},"modified":"2021-02-06T19:45:34","modified_gmt":"2021-02-06T17:45:34","slug":"maria-galland-dienas-krems-jutigai-adai-cream-speciale-peaux","status":"publish","type":"product","link":"https:\/\/cosmetic.lv\/lv\/product\/maria-galland-dienas-krems-jutigai-adai-cream-speciale-peaux\/","title":{"rendered":"Maria Galland Dienas kr\u0113ms jut\u012bgai \u0101dai Cream Speciale Peaux"},"content":{"rendered":"<p><P>Bag\u0101tin\u0101ta kr\u0113mveid\u012bga emulsija zil\u0101 paste\u013cton\u012b. Atsl\u0101bino\u0161s kr\u0113ms. Pasarg\u0101, nomierina \u0101du, padara to maig\u0101ku. Nov\u0113r\u0161 aps\u0101rtumu, nostiprina asinsvadus. Var izmantot pie sejas mas\u0101\u017e\u0101m jut\u012bg\u0101m \u0101d\u0101m. <\/P><br \/>\n<P>Lieto\u0161ana: no r\u012bta un vakar\u0101.<\/P><br \/>\n<P>Sast\u0101v\u0101: Arnikas ekstrakts, Kli\u0146\u0123er\u012b\u0161u ekstrakts, Zirgkasta\u0146u ekstrakts, Vitam\u012bns B6<\/P><br \/>\n<P>50 ml<\/P><\/p>\n","protected":false},"excerpt":{"rendered":"<p>Bag\u0101tin\u0101ta kr\u0113mveid\u012bga emulsija zil\u0101 paste\u013cton\u012b. Atsl\u0101bino\u0161s kr\u0113ms. Pasarg\u0101, nomierina \u0101du, padara to maig\u0101ku. Nov\u0113r\u0161 aps\u0101rtumu, nostiprina asinsvadus. Var izmantot pie<\/p>\n","protected":false},"featured_media":8257,"template":"","meta":[],"product_brand":[],"product_cat":[2273,2277],"product_tag":[],"class_list":{"0":"post-33858","1":"product","2":"type-product","3":"status-publish","4":"has-post-thumbnail","6":"product_cat-profesionala-kosmetika-sejai-un-kermenim-lv","7":"product_cat-maria-galland-francija-lv","9":"first","10":"instock","11":"sale","12":"featured","13":"taxable","14":"shipping-taxable","15":"purchasable","16":"product-type-simple"},"yoast_head":"<!-- This site is optimized with the Yoast SEO Premium plugin v27.0 (Yoast SEO v27.0) - https:\/\/yoast.com\/product\/yoast-seo-premium-wordpress\/ -->\n<title>Maria Galland Dienas kr\u0113ms jut\u012bgai \u0101dai Cream Speciale Peaux - cosmetic.lv<\/title>\n<meta name=\"robots\" content=\"index, follow, max-snippet:-1, max-image-preview:large, max-video-preview:-1\" \/>\n<link rel=\"canonical\" href=\"https:\/\/cosmetic.lv\/lv\/product\/maria-galland-dienas-krems-jutigai-adai-cream-speciale-peaux\/\" \/>\n<meta property=\"og:locale\" content=\"lv_LV\" \/>\n<meta property=\"og:type\" content=\"article\" \/>\n<meta property=\"og:title\" content=\"Maria Galland Dienas kr\u0113ms jut\u012bgai \u0101dai Cream Speciale Peaux\" \/>\n<meta property=\"og:description\" content=\"Bag\u0101tin\u0101ta kr\u0113mveid\u012bga emulsija zil\u0101 paste\u013cton\u012b. Atsl\u0101bino\u0161s kr\u0113ms. Pasarg\u0101, nomierina \u0101du, padara to maig\u0101ku. Nov\u0113r\u0161 aps\u0101rtumu, nostiprina asinsvadus. Var izmantot pie\" \/>\n<meta property=\"og:url\" content=\"https:\/\/cosmetic.lv\/lv\/product\/maria-galland-dienas-krems-jutigai-adai-cream-speciale-peaux\/\" \/>\n<meta property=\"og:site_name\" content=\"cosmetic.lv\" \/>\n<meta property=\"article:publisher\" content=\"https:\/\/www.facebook.com\/cosmetic.lv\/\" \/>\n<meta property=\"article:modified_time\" content=\"2021-02-06T17:45:34+00:00\" \/>\n<meta property=\"og:image\" content=\"https:\/\/cosmetic.lv\/wp-content\/uploads\/2021\/02\/17b.jpg\" \/>\n\t<meta property=\"og:image:width\" content=\"250\" \/>\n\t<meta property=\"og:image:height\" content=\"250\" \/>\n\t<meta property=\"og:image:type\" content=\"image\/jpeg\" \/>\n<meta name=\"twitter:card\" content=\"summary_large_image\" \/>\n<script type=\"application\/ld+json\" class=\"yoast-schema-graph\">{\"@context\":\"https:\/\/schema.org\",\"@graph\":[{\"@type\":\"WebPage\",\"@id\":\"https:\/\/cosmetic.lv\/lv\/product\/maria-galland-dienas-krems-jutigai-adai-cream-speciale-peaux\/\",\"url\":\"https:\/\/cosmetic.lv\/lv\/product\/maria-galland-dienas-krems-jutigai-adai-cream-speciale-peaux\/\",\"name\":\"Maria Galland Dienas kr\u0113ms jut\u012bgai \u0101dai Cream Speciale Peaux - cosmetic.lv\",\"isPartOf\":{\"@id\":\"https:\/\/cosmetic.lv\/lv\/#website\"},\"primaryImageOfPage\":{\"@id\":\"https:\/\/cosmetic.lv\/lv\/product\/maria-galland-dienas-krems-jutigai-adai-cream-speciale-peaux\/#primaryimage\"},\"image\":{\"@id\":\"https:\/\/cosmetic.lv\/lv\/product\/maria-galland-dienas-krems-jutigai-adai-cream-speciale-peaux\/#primaryimage\"},\"thumbnailUrl\":\"https:\/\/cosmetic.lv\/wp-content\/uploads\/2021\/02\/17b.jpg\",\"datePublished\":\"2021-02-06T17:45:31+00:00\",\"dateModified\":\"2021-02-06T17:45:34+00:00\",\"breadcrumb\":{\"@id\":\"https:\/\/cosmetic.lv\/lv\/product\/maria-galland-dienas-krems-jutigai-adai-cream-speciale-peaux\/#breadcrumb\"},\"inLanguage\":\"lv-LV\",\"potentialAction\":[{\"@type\":\"ReadAction\",\"target\":[\"https:\/\/cosmetic.lv\/lv\/product\/maria-galland-dienas-krems-jutigai-adai-cream-speciale-peaux\/\"]}]},{\"@type\":\"ImageObject\",\"inLanguage\":\"lv-LV\",\"@id\":\"https:\/\/cosmetic.lv\/lv\/product\/maria-galland-dienas-krems-jutigai-adai-cream-speciale-peaux\/#primaryimage\",\"url\":\"https:\/\/cosmetic.lv\/wp-content\/uploads\/2021\/02\/17b.jpg\",\"contentUrl\":\"https:\/\/cosmetic.lv\/wp-content\/uploads\/2021\/02\/17b.jpg\",\"width\":250,\"height\":250,\"caption\":\"17B.jpg\"},{\"@type\":\"BreadcrumbList\",\"@id\":\"https:\/\/cosmetic.lv\/lv\/product\/maria-galland-dienas-krems-jutigai-adai-cream-speciale-peaux\/#breadcrumb\",\"itemListElement\":[{\"@type\":\"ListItem\",\"position\":1,\"name\":\"Home\",\"item\":\"https:\/\/cosmetic.lv\/lv\/\"},{\"@type\":\"ListItem\",\"position\":2,\"name\":\"Veikals\",\"item\":\"https:\/\/cosmetic.lv\/lv\/veiklas\/\"},{\"@type\":\"ListItem\",\"position\":3,\"name\":\"Maria Galland Dienas kr\u0113ms jut\u012bgai \u0101dai Cream Speciale Peaux\"}]},{\"@type\":\"WebSite\",\"@id\":\"https:\/\/cosmetic.lv\/lv\/#website\",\"url\":\"https:\/\/cosmetic.lv\/lv\/\",\"name\":\"cosmetic.lv\",\"description\":\"Profesion\u0101la kosm\u0113tika - Maria Galland, Keune, Arkadija, GMT, Guam, Magiray\",\"publisher\":{\"@id\":\"https:\/\/cosmetic.lv\/lv\/#organization\"},\"potentialAction\":[{\"@type\":\"SearchAction\",\"target\":{\"@type\":\"EntryPoint\",\"urlTemplate\":\"https:\/\/cosmetic.lv\/lv\/?s={search_term_string}\"},\"query-input\":{\"@type\":\"PropertyValueSpecification\",\"valueRequired\":true,\"valueName\":\"search_term_string\"}}],\"inLanguage\":\"lv-LV\"},{\"@type\":\"Organization\",\"@id\":\"https:\/\/cosmetic.lv\/lv\/#organization\",\"name\":\"COSMETIC.LV\",\"url\":\"https:\/\/cosmetic.lv\/lv\/\",\"logo\":{\"@type\":\"ImageObject\",\"inLanguage\":\"lv-LV\",\"@id\":\"https:\/\/cosmetic.lv\/lv\/#\/schema\/logo\/image\/\",\"url\":\"https:\/\/cosmetic.lv\/wp-content\/uploads\/2021\/02\/cosmetic.lv_logo.jpg\",\"contentUrl\":\"https:\/\/cosmetic.lv\/wp-content\/uploads\/2021\/02\/cosmetic.lv_logo.jpg\",\"width\":596,\"height\":196,\"caption\":\"COSMETIC.LV\"},\"image\":{\"@id\":\"https:\/\/cosmetic.lv\/lv\/#\/schema\/logo\/image\/\"},\"sameAs\":[\"https:\/\/www.facebook.com\/cosmetic.lv\/\"]}]}<\/script>\n<meta property=\"product:price:amount\" content=\"68.00\" \/>\n<meta property=\"product:price:currency\" content=\"EUR\" \/>\n<meta property=\"og:availability\" content=\"instock\" \/>\n<meta property=\"product:availability\" content=\"instock\" \/>\n<meta property=\"product:retailer_item_id\" content=\"17B\" \/>\n<meta property=\"product:condition\" content=\"new\" \/>\n<!-- \/ Yoast SEO Premium plugin. -->","yoast_head_json":{"title":"Maria Galland Dienas kr\u0113ms jut\u012bgai \u0101dai Cream Speciale Peaux - cosmetic.lv","robots":{"index":"index","follow":"follow","max-snippet":"max-snippet:-1","max-image-preview":"max-image-preview:large","max-video-preview":"max-video-preview:-1"},"canonical":"https:\/\/cosmetic.lv\/lv\/product\/maria-galland-dienas-krems-jutigai-adai-cream-speciale-peaux\/","og_locale":"lv_LV","og_type":"article","og_title":"Maria Galland Dienas kr\u0113ms jut\u012bgai \u0101dai Cream Speciale Peaux","og_description":"Bag\u0101tin\u0101ta kr\u0113mveid\u012bga emulsija zil\u0101 paste\u013cton\u012b. Atsl\u0101bino\u0161s kr\u0113ms. Pasarg\u0101, nomierina \u0101du, padara to maig\u0101ku. Nov\u0113r\u0161 aps\u0101rtumu, nostiprina asinsvadus. Var izmantot pie","og_url":"https:\/\/cosmetic.lv\/lv\/product\/maria-galland-dienas-krems-jutigai-adai-cream-speciale-peaux\/","og_site_name":"cosmetic.lv","article_publisher":"https:\/\/www.facebook.com\/cosmetic.lv\/","article_modified_time":"2021-02-06T17:45:34+00:00","og_image":[{"width":250,"height":250,"url":"https:\/\/cosmetic.lv\/wp-content\/uploads\/2021\/02\/17b.jpg","type":"image\/jpeg"}],"twitter_card":"summary_large_image","schema":{"@context":"https:\/\/schema.org","@graph":[{"@type":"WebPage","@id":"https:\/\/cosmetic.lv\/lv\/product\/maria-galland-dienas-krems-jutigai-adai-cream-speciale-peaux\/","url":"https:\/\/cosmetic.lv\/lv\/product\/maria-galland-dienas-krems-jutigai-adai-cream-speciale-peaux\/","name":"Maria Galland Dienas kr\u0113ms jut\u012bgai \u0101dai Cream Speciale Peaux - cosmetic.lv","isPartOf":{"@id":"https:\/\/cosmetic.lv\/lv\/#website"},"primaryImageOfPage":{"@id":"https:\/\/cosmetic.lv\/lv\/product\/maria-galland-dienas-krems-jutigai-adai-cream-speciale-peaux\/#primaryimage"},"image":{"@id":"https:\/\/cosmetic.lv\/lv\/product\/maria-galland-dienas-krems-jutigai-adai-cream-speciale-peaux\/#primaryimage"},"thumbnailUrl":"https:\/\/cosmetic.lv\/wp-content\/uploads\/2021\/02\/17b.jpg","datePublished":"2021-02-06T17:45:31+00:00","dateModified":"2021-02-06T17:45:34+00:00","breadcrumb":{"@id":"https:\/\/cosmetic.lv\/lv\/product\/maria-galland-dienas-krems-jutigai-adai-cream-speciale-peaux\/#breadcrumb"},"inLanguage":"lv-LV","potentialAction":[{"@type":"ReadAction","target":["https:\/\/cosmetic.lv\/lv\/product\/maria-galland-dienas-krems-jutigai-adai-cream-speciale-peaux\/"]}]},{"@type":"ImageObject","inLanguage":"lv-LV","@id":"https:\/\/cosmetic.lv\/lv\/product\/maria-galland-dienas-krems-jutigai-adai-cream-speciale-peaux\/#primaryimage","url":"https:\/\/cosmetic.lv\/wp-content\/uploads\/2021\/02\/17b.jpg","contentUrl":"https:\/\/cosmetic.lv\/wp-content\/uploads\/2021\/02\/17b.jpg","width":250,"height":250,"caption":"17B.jpg"},{"@type":"BreadcrumbList","@id":"https:\/\/cosmetic.lv\/lv\/product\/maria-galland-dienas-krems-jutigai-adai-cream-speciale-peaux\/#breadcrumb","itemListElement":[{"@type":"ListItem","position":1,"name":"Home","item":"https:\/\/cosmetic.lv\/lv\/"},{"@type":"ListItem","position":2,"name":"Veikals","item":"https:\/\/cosmetic.lv\/lv\/veiklas\/"},{"@type":"ListItem","position":3,"name":"Maria Galland Dienas kr\u0113ms jut\u012bgai \u0101dai Cream Speciale Peaux"}]},{"@type":"WebSite","@id":"https:\/\/cosmetic.lv\/lv\/#website","url":"https:\/\/cosmetic.lv\/lv\/","name":"cosmetic.lv","description":"Profesion\u0101la kosm\u0113tika - Maria Galland, Keune, Arkadija, GMT, Guam, Magiray","publisher":{"@id":"https:\/\/cosmetic.lv\/lv\/#organization"},"potentialAction":[{"@type":"SearchAction","target":{"@type":"EntryPoint","urlTemplate":"https:\/\/cosmetic.lv\/lv\/?s={search_term_string}"},"query-input":{"@type":"PropertyValueSpecification","valueRequired":true,"valueName":"search_term_string"}}],"inLanguage":"lv-LV"},{"@type":"Organization","@id":"https:\/\/cosmetic.lv\/lv\/#organization","name":"COSMETIC.LV","url":"https:\/\/cosmetic.lv\/lv\/","logo":{"@type":"ImageObject","inLanguage":"lv-LV","@id":"https:\/\/cosmetic.lv\/lv\/#\/schema\/logo\/image\/","url":"https:\/\/cosmetic.lv\/wp-content\/uploads\/2021\/02\/cosmetic.lv_logo.jpg","contentUrl":"https:\/\/cosmetic.lv\/wp-content\/uploads\/2021\/02\/cosmetic.lv_logo.jpg","width":596,"height":196,"caption":"COSMETIC.LV"},"image":{"@id":"https:\/\/cosmetic.lv\/lv\/#\/schema\/logo\/image\/"},"sameAs":["https:\/\/www.facebook.com\/cosmetic.lv\/"]}]},"product_price_amount":"68.00","product_price_currency":"EUR","og_availability":"instock","product_availability":"instock","product_retailer_item_id":"17B","product_condition":"new"},"_links":{"self":[{"href":"https:\/\/cosmetic.lv\/lv\/wp-json\/wp\/v2\/product\/33858","targetHints":{"allow":["GET"]}}],"collection":[{"href":"https:\/\/cosmetic.lv\/lv\/wp-json\/wp\/v2\/product"}],"about":[{"href":"https:\/\/cosmetic.lv\/lv\/wp-json\/wp\/v2\/types\/product"}],"wp:featuredmedia":[{"embeddable":true,"href":"https:\/\/cosmetic.lv\/lv\/wp-json\/wp\/v2\/media\/8257"}],"wp:attachment":[{"href":"https:\/\/cosmetic.lv\/lv\/wp-json\/wp\/v2\/media?parent=33858"}],"wp:term":[{"taxonomy":"product_brand","embeddable":true,"href":"https:\/\/cosmetic.lv\/lv\/wp-json\/wp\/v2\/product_brand?post=33858"},{"taxonomy":"product_cat","embeddable":true,"href":"https:\/\/cosmetic.lv\/lv\/wp-json\/wp\/v2\/product_cat?post=33858"},{"taxonomy":"product_tag","embeddable":true,"href":"https:\/\/cosmetic.lv\/lv\/wp-json\/wp\/v2\/product_tag?post=33858"}],"curies":[{"name":"wp","href":"https:\/\/api.w.org\/{rel}","templated":true}]}}