{"id":33859,"date":"2021-02-06T19:45:31","date_gmt":"2021-02-06T17:45:31","guid":{"rendered":"https:\/\/damme.lv\/product\/color-maintain-shampoo-gold\/"},"modified":"2021-02-06T19:45:34","modified_gmt":"2021-02-06T17:45:34","slug":"color-maintain-shampoo-gold","status":"publish","type":"product","link":"https:\/\/cosmetic.lv\/lv\/product\/color-maintain-shampoo-gold\/","title":{"rendered":"COLOR MAINTAIN  SHAMPOO Gold"},"content":{"rendered":"<p><P>\u0160AMP\u016aNS KR\u0100SU SAGLAB\u0100\u0160ANAI blondiem, plat\u012bnblondiem un matiem ar kr\u0101sot\u0101m \u0161\u0137ipsn\u0101m.<BR>\u0160amp\u016bns dzi\u013ci att\u012bra, atjauno un sagl\u0101b\u0101 kosm\u0113tisko un dabisko matu kr\u0101su, t\u0101 rezult\u0101t\u0101 mati k\u013c\u016bst mirdzo\u0161i. \u0160amp\u016bns piem\u0113rots visiem matu tipiem. Satur Aloe Vera. LIETO\u0160ANA: iekl\u0101t nelielu \u0161amp\u016bna daudzumu mitros matos, labi iemas\u0113t un atst\u0101t uz 2-5 min\u016btem, atkar\u012bb\u0101 no v\u0113lam\u0101 rezult\u0101ta. Noskalot ar lielu \u016bdens daudzumu. Ja nepiecie\u0161ams, atk\u0101rtot proced\u016bru.<\/P><br \/>\n<P>COLOR MAINTAIN galven\u0101s priek\u0161roc\u012bbas: <BR>\u2022 Pastiprina matu dabisko kr\u0101su un rada br\u012bni\u0161\u0137\u012bgu mirdzumu.<BR>\u2022 Saglab\u0101 kr\u0101sotu matu toni gan kr\u0101sot\u0101m \u0161\u0137ipsn\u0101m, gan kontrastam un pie\u0161\u0137ir saules mirdzuma efektu.<BR>\u2022 Iev\u0113rojami uzlabo to\u0146a intensit\u0101ti \u0101rst\u0113tiem un neveseliem matiem.<BR>\u2022 Maigi att\u012bra.<BR>\u2022 Nerada p\u0101rsp\u012bl\u0113juma efektu, t\u0101d\u0113\u013c to var lietot tik bie\u017ei, cik v\u0113laties.<\/P><br \/>\n<P>300 ml<\/P><\/p>\n","protected":false},"excerpt":{"rendered":"<p>\u0160AMP\u016aNS KR\u0100SU SAGLAB\u0100\u0160ANAI blondiem, plat\u012bnblondiem un matiem ar kr\u0101sot\u0101m \u0161\u0137ipsn\u0101m.\u0160amp\u016bns dzi\u013ci att\u012bra, atjauno un sagl\u0101b\u0101 kosm\u0113tisko un dabisko matu kr\u0101su,<\/p>\n","protected":false},"featured_media":15298,"template":"","meta":[],"product_brand":[],"product_cat":[2258,2259],"product_tag":[],"class_list":{"0":"post-33859","1":"product","2":"type-product","3":"status-publish","4":"has-post-thumbnail","6":"product_cat-profesionala-kosmetika-matiem-lv","7":"product_cat-alter-ego-professional-italy-lv","9":"first","10":"instock","11":"taxable","12":"shipping-taxable","13":"purchasable","14":"product-type-simple"},"yoast_head":"<!-- This site is optimized with the Yoast SEO Premium plugin v27.0 (Yoast SEO v27.0) - https:\/\/yoast.com\/product\/yoast-seo-premium-wordpress\/ -->\n<title>COLOR MAINTAIN SHAMPOO Gold - cosmetic.lv<\/title>\n<meta name=\"robots\" content=\"index, follow, max-snippet:-1, max-image-preview:large, max-video-preview:-1\" \/>\n<link rel=\"canonical\" href=\"https:\/\/cosmetic.lv\/lv\/product\/color-maintain-shampoo-gold\/\" \/>\n<meta property=\"og:locale\" content=\"lv_LV\" \/>\n<meta property=\"og:type\" content=\"article\" \/>\n<meta property=\"og:title\" content=\"COLOR MAINTAIN SHAMPOO Gold\" \/>\n<meta property=\"og:description\" content=\"\u0160AMP\u016aNS KR\u0100SU SAGLAB\u0100\u0160ANAI blondiem, plat\u012bnblondiem un matiem ar kr\u0101sot\u0101m \u0161\u0137ipsn\u0101m.\u0160amp\u016bns dzi\u013ci att\u012bra, atjauno un sagl\u0101b\u0101 kosm\u0113tisko un dabisko matu kr\u0101su,\" \/>\n<meta property=\"og:url\" content=\"https:\/\/cosmetic.lv\/lv\/product\/color-maintain-shampoo-gold\/\" \/>\n<meta property=\"og:site_name\" content=\"cosmetic.lv\" \/>\n<meta property=\"article:publisher\" content=\"https:\/\/www.facebook.com\/cosmetic.lv\/\" \/>\n<meta property=\"article:modified_time\" content=\"2021-02-06T17:45:34+00:00\" \/>\n<meta property=\"og:image\" content=\"https:\/\/cosmetic.lv\/wp-content\/uploads\/2021\/02\/gold-4.jpg\" \/>\n\t<meta property=\"og:image:width\" content=\"348\" \/>\n\t<meta property=\"og:image:height\" content=\"348\" \/>\n\t<meta property=\"og:image:type\" content=\"image\/jpeg\" \/>\n<meta name=\"twitter:card\" content=\"summary_large_image\" \/>\n<script type=\"application\/ld+json\" class=\"yoast-schema-graph\">{\"@context\":\"https:\/\/schema.org\",\"@graph\":[{\"@type\":\"WebPage\",\"@id\":\"https:\/\/cosmetic.lv\/lv\/product\/color-maintain-shampoo-gold\/\",\"url\":\"https:\/\/cosmetic.lv\/lv\/product\/color-maintain-shampoo-gold\/\",\"name\":\"COLOR MAINTAIN SHAMPOO Gold - cosmetic.lv\",\"isPartOf\":{\"@id\":\"https:\/\/cosmetic.lv\/lv\/#website\"},\"primaryImageOfPage\":{\"@id\":\"https:\/\/cosmetic.lv\/lv\/product\/color-maintain-shampoo-gold\/#primaryimage\"},\"image\":{\"@id\":\"https:\/\/cosmetic.lv\/lv\/product\/color-maintain-shampoo-gold\/#primaryimage\"},\"thumbnailUrl\":\"https:\/\/cosmetic.lv\/wp-content\/uploads\/2021\/02\/gold-4.jpg\",\"datePublished\":\"2021-02-06T17:45:31+00:00\",\"dateModified\":\"2021-02-06T17:45:34+00:00\",\"breadcrumb\":{\"@id\":\"https:\/\/cosmetic.lv\/lv\/product\/color-maintain-shampoo-gold\/#breadcrumb\"},\"inLanguage\":\"lv-LV\",\"potentialAction\":[{\"@type\":\"ReadAction\",\"target\":[\"https:\/\/cosmetic.lv\/lv\/product\/color-maintain-shampoo-gold\/\"]}]},{\"@type\":\"ImageObject\",\"inLanguage\":\"lv-LV\",\"@id\":\"https:\/\/cosmetic.lv\/lv\/product\/color-maintain-shampoo-gold\/#primaryimage\",\"url\":\"https:\/\/cosmetic.lv\/wp-content\/uploads\/2021\/02\/gold-4.jpg\",\"contentUrl\":\"https:\/\/cosmetic.lv\/wp-content\/uploads\/2021\/02\/gold-4.jpg\",\"width\":348,\"height\":348,\"caption\":\"gold.jpg\"},{\"@type\":\"BreadcrumbList\",\"@id\":\"https:\/\/cosmetic.lv\/lv\/product\/color-maintain-shampoo-gold\/#breadcrumb\",\"itemListElement\":[{\"@type\":\"ListItem\",\"position\":1,\"name\":\"Home\",\"item\":\"https:\/\/cosmetic.lv\/lv\/\"},{\"@type\":\"ListItem\",\"position\":2,\"name\":\"Veikals\",\"item\":\"https:\/\/cosmetic.lv\/lv\/veiklas\/\"},{\"@type\":\"ListItem\",\"position\":3,\"name\":\"COLOR MAINTAIN SHAMPOO Gold\"}]},{\"@type\":\"WebSite\",\"@id\":\"https:\/\/cosmetic.lv\/lv\/#website\",\"url\":\"https:\/\/cosmetic.lv\/lv\/\",\"name\":\"cosmetic.lv\",\"description\":\"Profesion\u0101la kosm\u0113tika - Maria Galland, Keune, Arkadija, GMT, Guam, Magiray\",\"publisher\":{\"@id\":\"https:\/\/cosmetic.lv\/lv\/#organization\"},\"potentialAction\":[{\"@type\":\"SearchAction\",\"target\":{\"@type\":\"EntryPoint\",\"urlTemplate\":\"https:\/\/cosmetic.lv\/lv\/?s={search_term_string}\"},\"query-input\":{\"@type\":\"PropertyValueSpecification\",\"valueRequired\":true,\"valueName\":\"search_term_string\"}}],\"inLanguage\":\"lv-LV\"},{\"@type\":\"Organization\",\"@id\":\"https:\/\/cosmetic.lv\/lv\/#organization\",\"name\":\"COSMETIC.LV\",\"url\":\"https:\/\/cosmetic.lv\/lv\/\",\"logo\":{\"@type\":\"ImageObject\",\"inLanguage\":\"lv-LV\",\"@id\":\"https:\/\/cosmetic.lv\/lv\/#\/schema\/logo\/image\/\",\"url\":\"https:\/\/cosmetic.lv\/wp-content\/uploads\/2021\/02\/cosmetic.lv_logo.jpg\",\"contentUrl\":\"https:\/\/cosmetic.lv\/wp-content\/uploads\/2021\/02\/cosmetic.lv_logo.jpg\",\"width\":596,\"height\":196,\"caption\":\"COSMETIC.LV\"},\"image\":{\"@id\":\"https:\/\/cosmetic.lv\/lv\/#\/schema\/logo\/image\/\"},\"sameAs\":[\"https:\/\/www.facebook.com\/cosmetic.lv\/\"]}]}<\/script>\n<meta property=\"product:price:amount\" content=\"9.71\" \/>\n<meta property=\"product:price:currency\" content=\"EUR\" \/>\n<meta property=\"og:availability\" content=\"instock\" \/>\n<meta property=\"product:availability\" content=\"instock\" \/>\n<meta property=\"product:retailer_item_id\" content=\"trio7417gold\" \/>\n<meta property=\"product:condition\" content=\"new\" \/>\n<!-- \/ Yoast SEO Premium plugin. -->","yoast_head_json":{"title":"COLOR MAINTAIN SHAMPOO Gold - cosmetic.lv","robots":{"index":"index","follow":"follow","max-snippet":"max-snippet:-1","max-image-preview":"max-image-preview:large","max-video-preview":"max-video-preview:-1"},"canonical":"https:\/\/cosmetic.lv\/lv\/product\/color-maintain-shampoo-gold\/","og_locale":"lv_LV","og_type":"article","og_title":"COLOR MAINTAIN SHAMPOO Gold","og_description":"\u0160AMP\u016aNS KR\u0100SU SAGLAB\u0100\u0160ANAI blondiem, plat\u012bnblondiem un matiem ar kr\u0101sot\u0101m \u0161\u0137ipsn\u0101m.\u0160amp\u016bns dzi\u013ci att\u012bra, atjauno un sagl\u0101b\u0101 kosm\u0113tisko un dabisko matu kr\u0101su,","og_url":"https:\/\/cosmetic.lv\/lv\/product\/color-maintain-shampoo-gold\/","og_site_name":"cosmetic.lv","article_publisher":"https:\/\/www.facebook.com\/cosmetic.lv\/","article_modified_time":"2021-02-06T17:45:34+00:00","og_image":[{"width":348,"height":348,"url":"https:\/\/cosmetic.lv\/wp-content\/uploads\/2021\/02\/gold-4.jpg","type":"image\/jpeg"}],"twitter_card":"summary_large_image","schema":{"@context":"https:\/\/schema.org","@graph":[{"@type":"WebPage","@id":"https:\/\/cosmetic.lv\/lv\/product\/color-maintain-shampoo-gold\/","url":"https:\/\/cosmetic.lv\/lv\/product\/color-maintain-shampoo-gold\/","name":"COLOR MAINTAIN SHAMPOO Gold - cosmetic.lv","isPartOf":{"@id":"https:\/\/cosmetic.lv\/lv\/#website"},"primaryImageOfPage":{"@id":"https:\/\/cosmetic.lv\/lv\/product\/color-maintain-shampoo-gold\/#primaryimage"},"image":{"@id":"https:\/\/cosmetic.lv\/lv\/product\/color-maintain-shampoo-gold\/#primaryimage"},"thumbnailUrl":"https:\/\/cosmetic.lv\/wp-content\/uploads\/2021\/02\/gold-4.jpg","datePublished":"2021-02-06T17:45:31+00:00","dateModified":"2021-02-06T17:45:34+00:00","breadcrumb":{"@id":"https:\/\/cosmetic.lv\/lv\/product\/color-maintain-shampoo-gold\/#breadcrumb"},"inLanguage":"lv-LV","potentialAction":[{"@type":"ReadAction","target":["https:\/\/cosmetic.lv\/lv\/product\/color-maintain-shampoo-gold\/"]}]},{"@type":"ImageObject","inLanguage":"lv-LV","@id":"https:\/\/cosmetic.lv\/lv\/product\/color-maintain-shampoo-gold\/#primaryimage","url":"https:\/\/cosmetic.lv\/wp-content\/uploads\/2021\/02\/gold-4.jpg","contentUrl":"https:\/\/cosmetic.lv\/wp-content\/uploads\/2021\/02\/gold-4.jpg","width":348,"height":348,"caption":"gold.jpg"},{"@type":"BreadcrumbList","@id":"https:\/\/cosmetic.lv\/lv\/product\/color-maintain-shampoo-gold\/#breadcrumb","itemListElement":[{"@type":"ListItem","position":1,"name":"Home","item":"https:\/\/cosmetic.lv\/lv\/"},{"@type":"ListItem","position":2,"name":"Veikals","item":"https:\/\/cosmetic.lv\/lv\/veiklas\/"},{"@type":"ListItem","position":3,"name":"COLOR MAINTAIN SHAMPOO Gold"}]},{"@type":"WebSite","@id":"https:\/\/cosmetic.lv\/lv\/#website","url":"https:\/\/cosmetic.lv\/lv\/","name":"cosmetic.lv","description":"Profesion\u0101la kosm\u0113tika - Maria Galland, Keune, Arkadija, GMT, Guam, Magiray","publisher":{"@id":"https:\/\/cosmetic.lv\/lv\/#organization"},"potentialAction":[{"@type":"SearchAction","target":{"@type":"EntryPoint","urlTemplate":"https:\/\/cosmetic.lv\/lv\/?s={search_term_string}"},"query-input":{"@type":"PropertyValueSpecification","valueRequired":true,"valueName":"search_term_string"}}],"inLanguage":"lv-LV"},{"@type":"Organization","@id":"https:\/\/cosmetic.lv\/lv\/#organization","name":"COSMETIC.LV","url":"https:\/\/cosmetic.lv\/lv\/","logo":{"@type":"ImageObject","inLanguage":"lv-LV","@id":"https:\/\/cosmetic.lv\/lv\/#\/schema\/logo\/image\/","url":"https:\/\/cosmetic.lv\/wp-content\/uploads\/2021\/02\/cosmetic.lv_logo.jpg","contentUrl":"https:\/\/cosmetic.lv\/wp-content\/uploads\/2021\/02\/cosmetic.lv_logo.jpg","width":596,"height":196,"caption":"COSMETIC.LV"},"image":{"@id":"https:\/\/cosmetic.lv\/lv\/#\/schema\/logo\/image\/"},"sameAs":["https:\/\/www.facebook.com\/cosmetic.lv\/"]}]},"product_price_amount":"9.71","product_price_currency":"EUR","og_availability":"instock","product_availability":"instock","product_retailer_item_id":"trio7417gold","product_condition":"new"},"_links":{"self":[{"href":"https:\/\/cosmetic.lv\/lv\/wp-json\/wp\/v2\/product\/33859","targetHints":{"allow":["GET"]}}],"collection":[{"href":"https:\/\/cosmetic.lv\/lv\/wp-json\/wp\/v2\/product"}],"about":[{"href":"https:\/\/cosmetic.lv\/lv\/wp-json\/wp\/v2\/types\/product"}],"wp:featuredmedia":[{"embeddable":true,"href":"https:\/\/cosmetic.lv\/lv\/wp-json\/wp\/v2\/media\/15298"}],"wp:attachment":[{"href":"https:\/\/cosmetic.lv\/lv\/wp-json\/wp\/v2\/media?parent=33859"}],"wp:term":[{"taxonomy":"product_brand","embeddable":true,"href":"https:\/\/cosmetic.lv\/lv\/wp-json\/wp\/v2\/product_brand?post=33859"},{"taxonomy":"product_cat","embeddable":true,"href":"https:\/\/cosmetic.lv\/lv\/wp-json\/wp\/v2\/product_cat?post=33859"},{"taxonomy":"product_tag","embeddable":true,"href":"https:\/\/cosmetic.lv\/lv\/wp-json\/wp\/v2\/product_tag?post=33859"}],"curies":[{"name":"wp","href":"https:\/\/api.w.org\/{rel}","templated":true}]}}