{"id":33874,"date":"2021-02-06T19:45:45","date_gmt":"2021-02-06T17:45:45","guid":{"rendered":"https:\/\/damme.lv\/product\/balzams-pec-skusanas-m-a-n\/"},"modified":"2021-02-06T19:45:46","modified_gmt":"2021-02-06T17:45:46","slug":"balzams-pec-skusanas-m-a-n","status":"publish","type":"product","link":"https:\/\/cosmetic.lv\/lv\/product\/balzams-pec-skusanas-m-a-n\/","title":{"rendered":"Balz\u0101ms p\u0113c sk\u016b\u0161an\u0101s (M.A.N.)"},"content":{"rendered":"<p><P>Ide\u0101li piem\u0113rots j\u016bt\u012bgai \u0101dai. Pateicoties sast\u0101v\u0101 eso\u0161am miner\u0101lu kompleksam, mitrina, atsvaidzina un nomierina \u0101du, no\u0146em aps\u0101rtumu. \u0100tri uzs\u016bcas, nodro\u0161ina ilgsto\u0161u efektu un neredzamu aizsardz\u012bbu. Neizraisa aler\u0123iju. Satur pantenolu, miner\u0101le\u013c\u013cu, mango s\u0113klu e\u013c\u013cu, j\u016bras a\u013c\u0123u ekstraktu, malah\u012bta ekstraktu.<\/P><br \/>\n<P>Lieto\u0161ana: uzkl\u0101t kr\u0113mu uz sejas \u0101das un viegli iemas\u0113t.<\/P><br \/>\n<P>150 ml<\/P><\/p>\n","protected":false},"excerpt":{"rendered":"<p>Ide\u0101li piem\u0113rots j\u016bt\u012bgai \u0101dai. Pateicoties sast\u0101v\u0101 eso\u0161am miner\u0101lu kompleksam, mitrina, atsvaidzina un nomierina \u0101du, no\u0146em aps\u0101rtumu. \u0100tri uzs\u016bcas, nodro\u0161ina ilgsto\u0161u<\/p>\n","protected":false},"featured_media":15343,"template":"","meta":[],"product_brand":[],"product_cat":[2258,2259],"product_tag":[],"class_list":{"0":"post-33874","1":"product","2":"type-product","3":"status-publish","4":"has-post-thumbnail","6":"product_cat-profesionala-kosmetika-matiem-lv","7":"product_cat-alter-ego-professional-italy-lv","9":"first","10":"instock","11":"taxable","12":"shipping-taxable","13":"purchasable","14":"product-type-simple"},"yoast_head":"<!-- This site is optimized with the Yoast SEO Premium plugin v27.0 (Yoast SEO v27.0) - https:\/\/yoast.com\/product\/yoast-seo-premium-wordpress\/ -->\n<title>Balz\u0101ms p\u0113c sk\u016b\u0161an\u0101s (M.A.N.) - cosmetic.lv<\/title>\n<meta name=\"robots\" content=\"index, follow, max-snippet:-1, max-image-preview:large, max-video-preview:-1\" \/>\n<link rel=\"canonical\" href=\"https:\/\/cosmetic.lv\/lv\/product\/balzams-pec-skusanas-m-a-n\/\" \/>\n<meta property=\"og:locale\" content=\"lv_LV\" \/>\n<meta property=\"og:type\" content=\"article\" \/>\n<meta property=\"og:title\" content=\"Balz\u0101ms p\u0113c sk\u016b\u0161an\u0101s (M.A.N.)\" \/>\n<meta property=\"og:description\" content=\"Ide\u0101li piem\u0113rots j\u016bt\u012bgai \u0101dai. Pateicoties sast\u0101v\u0101 eso\u0161am miner\u0101lu kompleksam, mitrina, atsvaidzina un nomierina \u0101du, no\u0146em aps\u0101rtumu. \u0100tri uzs\u016bcas, nodro\u0161ina ilgsto\u0161u\" \/>\n<meta property=\"og:url\" content=\"https:\/\/cosmetic.lv\/lv\/product\/balzams-pec-skusanas-m-a-n\/\" \/>\n<meta property=\"og:site_name\" content=\"cosmetic.lv\" \/>\n<meta property=\"article:publisher\" content=\"https:\/\/www.facebook.com\/cosmetic.lv\/\" \/>\n<meta property=\"article:modified_time\" content=\"2021-02-06T17:45:46+00:00\" \/>\n<meta property=\"og:image\" content=\"https:\/\/cosmetic.lv\/wp-content\/uploads\/2021\/02\/after-shaving-4.jpg\" \/>\n\t<meta property=\"og:image:width\" content=\"485\" \/>\n\t<meta property=\"og:image:height\" content=\"485\" \/>\n\t<meta property=\"og:image:type\" content=\"image\/jpeg\" \/>\n<meta name=\"twitter:card\" content=\"summary_large_image\" \/>\n<script type=\"application\/ld+json\" class=\"yoast-schema-graph\">{\"@context\":\"https:\/\/schema.org\",\"@graph\":[{\"@type\":\"WebPage\",\"@id\":\"https:\/\/cosmetic.lv\/lv\/product\/balzams-pec-skusanas-m-a-n\/\",\"url\":\"https:\/\/cosmetic.lv\/lv\/product\/balzams-pec-skusanas-m-a-n\/\",\"name\":\"Balz\u0101ms p\u0113c sk\u016b\u0161an\u0101s (M.A.N.) - cosmetic.lv\",\"isPartOf\":{\"@id\":\"https:\/\/cosmetic.lv\/lv\/#website\"},\"primaryImageOfPage\":{\"@id\":\"https:\/\/cosmetic.lv\/lv\/product\/balzams-pec-skusanas-m-a-n\/#primaryimage\"},\"image\":{\"@id\":\"https:\/\/cosmetic.lv\/lv\/product\/balzams-pec-skusanas-m-a-n\/#primaryimage\"},\"thumbnailUrl\":\"https:\/\/cosmetic.lv\/wp-content\/uploads\/2021\/02\/after-shaving-4.jpg\",\"datePublished\":\"2021-02-06T17:45:45+00:00\",\"dateModified\":\"2021-02-06T17:45:46+00:00\",\"breadcrumb\":{\"@id\":\"https:\/\/cosmetic.lv\/lv\/product\/balzams-pec-skusanas-m-a-n\/#breadcrumb\"},\"inLanguage\":\"lv-LV\",\"potentialAction\":[{\"@type\":\"ReadAction\",\"target\":[\"https:\/\/cosmetic.lv\/lv\/product\/balzams-pec-skusanas-m-a-n\/\"]}]},{\"@type\":\"ImageObject\",\"inLanguage\":\"lv-LV\",\"@id\":\"https:\/\/cosmetic.lv\/lv\/product\/balzams-pec-skusanas-m-a-n\/#primaryimage\",\"url\":\"https:\/\/cosmetic.lv\/wp-content\/uploads\/2021\/02\/after-shaving-4.jpg\",\"contentUrl\":\"https:\/\/cosmetic.lv\/wp-content\/uploads\/2021\/02\/after-shaving-4.jpg\",\"width\":485,\"height\":485,\"caption\":\"after-shaving.jpg\"},{\"@type\":\"BreadcrumbList\",\"@id\":\"https:\/\/cosmetic.lv\/lv\/product\/balzams-pec-skusanas-m-a-n\/#breadcrumb\",\"itemListElement\":[{\"@type\":\"ListItem\",\"position\":1,\"name\":\"Home\",\"item\":\"https:\/\/cosmetic.lv\/lv\/\"},{\"@type\":\"ListItem\",\"position\":2,\"name\":\"Veikals\",\"item\":\"https:\/\/cosmetic.lv\/lv\/veiklas\/\"},{\"@type\":\"ListItem\",\"position\":3,\"name\":\"Balz\u0101ms p\u0113c sk\u016b\u0161an\u0101s (M.A.N.)\"}]},{\"@type\":\"WebSite\",\"@id\":\"https:\/\/cosmetic.lv\/lv\/#website\",\"url\":\"https:\/\/cosmetic.lv\/lv\/\",\"name\":\"cosmetic.lv\",\"description\":\"Profesion\u0101la kosm\u0113tika - Maria Galland, Keune, Arkadija, GMT, Guam, Magiray\",\"publisher\":{\"@id\":\"https:\/\/cosmetic.lv\/lv\/#organization\"},\"potentialAction\":[{\"@type\":\"SearchAction\",\"target\":{\"@type\":\"EntryPoint\",\"urlTemplate\":\"https:\/\/cosmetic.lv\/lv\/?s={search_term_string}\"},\"query-input\":{\"@type\":\"PropertyValueSpecification\",\"valueRequired\":true,\"valueName\":\"search_term_string\"}}],\"inLanguage\":\"lv-LV\"},{\"@type\":\"Organization\",\"@id\":\"https:\/\/cosmetic.lv\/lv\/#organization\",\"name\":\"COSMETIC.LV\",\"url\":\"https:\/\/cosmetic.lv\/lv\/\",\"logo\":{\"@type\":\"ImageObject\",\"inLanguage\":\"lv-LV\",\"@id\":\"https:\/\/cosmetic.lv\/lv\/#\/schema\/logo\/image\/\",\"url\":\"https:\/\/cosmetic.lv\/wp-content\/uploads\/2021\/02\/cosmetic.lv_logo.jpg\",\"contentUrl\":\"https:\/\/cosmetic.lv\/wp-content\/uploads\/2021\/02\/cosmetic.lv_logo.jpg\",\"width\":596,\"height\":196,\"caption\":\"COSMETIC.LV\"},\"image\":{\"@id\":\"https:\/\/cosmetic.lv\/lv\/#\/schema\/logo\/image\/\"},\"sameAs\":[\"https:\/\/www.facebook.com\/cosmetic.lv\/\"]}]}<\/script>\n<meta property=\"product:price:amount\" content=\"12.15\" \/>\n<meta property=\"product:price:currency\" content=\"EUR\" \/>\n<meta property=\"og:availability\" content=\"instock\" \/>\n<meta property=\"product:availability\" content=\"instock\" \/>\n<meta property=\"product:retailer_item_id\" content=\"trio7492\" \/>\n<meta property=\"product:condition\" content=\"new\" \/>\n<!-- \/ Yoast SEO Premium plugin. -->","yoast_head_json":{"title":"Balz\u0101ms p\u0113c sk\u016b\u0161an\u0101s (M.A.N.) - cosmetic.lv","robots":{"index":"index","follow":"follow","max-snippet":"max-snippet:-1","max-image-preview":"max-image-preview:large","max-video-preview":"max-video-preview:-1"},"canonical":"https:\/\/cosmetic.lv\/lv\/product\/balzams-pec-skusanas-m-a-n\/","og_locale":"lv_LV","og_type":"article","og_title":"Balz\u0101ms p\u0113c sk\u016b\u0161an\u0101s (M.A.N.)","og_description":"Ide\u0101li piem\u0113rots j\u016bt\u012bgai \u0101dai. Pateicoties sast\u0101v\u0101 eso\u0161am miner\u0101lu kompleksam, mitrina, atsvaidzina un nomierina \u0101du, no\u0146em aps\u0101rtumu. \u0100tri uzs\u016bcas, nodro\u0161ina ilgsto\u0161u","og_url":"https:\/\/cosmetic.lv\/lv\/product\/balzams-pec-skusanas-m-a-n\/","og_site_name":"cosmetic.lv","article_publisher":"https:\/\/www.facebook.com\/cosmetic.lv\/","article_modified_time":"2021-02-06T17:45:46+00:00","og_image":[{"width":485,"height":485,"url":"https:\/\/cosmetic.lv\/wp-content\/uploads\/2021\/02\/after-shaving-4.jpg","type":"image\/jpeg"}],"twitter_card":"summary_large_image","schema":{"@context":"https:\/\/schema.org","@graph":[{"@type":"WebPage","@id":"https:\/\/cosmetic.lv\/lv\/product\/balzams-pec-skusanas-m-a-n\/","url":"https:\/\/cosmetic.lv\/lv\/product\/balzams-pec-skusanas-m-a-n\/","name":"Balz\u0101ms p\u0113c sk\u016b\u0161an\u0101s (M.A.N.) - cosmetic.lv","isPartOf":{"@id":"https:\/\/cosmetic.lv\/lv\/#website"},"primaryImageOfPage":{"@id":"https:\/\/cosmetic.lv\/lv\/product\/balzams-pec-skusanas-m-a-n\/#primaryimage"},"image":{"@id":"https:\/\/cosmetic.lv\/lv\/product\/balzams-pec-skusanas-m-a-n\/#primaryimage"},"thumbnailUrl":"https:\/\/cosmetic.lv\/wp-content\/uploads\/2021\/02\/after-shaving-4.jpg","datePublished":"2021-02-06T17:45:45+00:00","dateModified":"2021-02-06T17:45:46+00:00","breadcrumb":{"@id":"https:\/\/cosmetic.lv\/lv\/product\/balzams-pec-skusanas-m-a-n\/#breadcrumb"},"inLanguage":"lv-LV","potentialAction":[{"@type":"ReadAction","target":["https:\/\/cosmetic.lv\/lv\/product\/balzams-pec-skusanas-m-a-n\/"]}]},{"@type":"ImageObject","inLanguage":"lv-LV","@id":"https:\/\/cosmetic.lv\/lv\/product\/balzams-pec-skusanas-m-a-n\/#primaryimage","url":"https:\/\/cosmetic.lv\/wp-content\/uploads\/2021\/02\/after-shaving-4.jpg","contentUrl":"https:\/\/cosmetic.lv\/wp-content\/uploads\/2021\/02\/after-shaving-4.jpg","width":485,"height":485,"caption":"after-shaving.jpg"},{"@type":"BreadcrumbList","@id":"https:\/\/cosmetic.lv\/lv\/product\/balzams-pec-skusanas-m-a-n\/#breadcrumb","itemListElement":[{"@type":"ListItem","position":1,"name":"Home","item":"https:\/\/cosmetic.lv\/lv\/"},{"@type":"ListItem","position":2,"name":"Veikals","item":"https:\/\/cosmetic.lv\/lv\/veiklas\/"},{"@type":"ListItem","position":3,"name":"Balz\u0101ms p\u0113c sk\u016b\u0161an\u0101s (M.A.N.)"}]},{"@type":"WebSite","@id":"https:\/\/cosmetic.lv\/lv\/#website","url":"https:\/\/cosmetic.lv\/lv\/","name":"cosmetic.lv","description":"Profesion\u0101la kosm\u0113tika - Maria Galland, Keune, Arkadija, GMT, Guam, Magiray","publisher":{"@id":"https:\/\/cosmetic.lv\/lv\/#organization"},"potentialAction":[{"@type":"SearchAction","target":{"@type":"EntryPoint","urlTemplate":"https:\/\/cosmetic.lv\/lv\/?s={search_term_string}"},"query-input":{"@type":"PropertyValueSpecification","valueRequired":true,"valueName":"search_term_string"}}],"inLanguage":"lv-LV"},{"@type":"Organization","@id":"https:\/\/cosmetic.lv\/lv\/#organization","name":"COSMETIC.LV","url":"https:\/\/cosmetic.lv\/lv\/","logo":{"@type":"ImageObject","inLanguage":"lv-LV","@id":"https:\/\/cosmetic.lv\/lv\/#\/schema\/logo\/image\/","url":"https:\/\/cosmetic.lv\/wp-content\/uploads\/2021\/02\/cosmetic.lv_logo.jpg","contentUrl":"https:\/\/cosmetic.lv\/wp-content\/uploads\/2021\/02\/cosmetic.lv_logo.jpg","width":596,"height":196,"caption":"COSMETIC.LV"},"image":{"@id":"https:\/\/cosmetic.lv\/lv\/#\/schema\/logo\/image\/"},"sameAs":["https:\/\/www.facebook.com\/cosmetic.lv\/"]}]},"product_price_amount":"12.15","product_price_currency":"EUR","og_availability":"instock","product_availability":"instock","product_retailer_item_id":"trio7492","product_condition":"new"},"_links":{"self":[{"href":"https:\/\/cosmetic.lv\/lv\/wp-json\/wp\/v2\/product\/33874","targetHints":{"allow":["GET"]}}],"collection":[{"href":"https:\/\/cosmetic.lv\/lv\/wp-json\/wp\/v2\/product"}],"about":[{"href":"https:\/\/cosmetic.lv\/lv\/wp-json\/wp\/v2\/types\/product"}],"wp:featuredmedia":[{"embeddable":true,"href":"https:\/\/cosmetic.lv\/lv\/wp-json\/wp\/v2\/media\/15343"}],"wp:attachment":[{"href":"https:\/\/cosmetic.lv\/lv\/wp-json\/wp\/v2\/media?parent=33874"}],"wp:term":[{"taxonomy":"product_brand","embeddable":true,"href":"https:\/\/cosmetic.lv\/lv\/wp-json\/wp\/v2\/product_brand?post=33874"},{"taxonomy":"product_cat","embeddable":true,"href":"https:\/\/cosmetic.lv\/lv\/wp-json\/wp\/v2\/product_cat?post=33874"},{"taxonomy":"product_tag","embeddable":true,"href":"https:\/\/cosmetic.lv\/lv\/wp-json\/wp\/v2\/product_tag?post=33874"}],"curies":[{"name":"wp","href":"https:\/\/api.w.org\/{rel}","templated":true}]}}