{"id":33876,"date":"2021-02-06T19:45:45","date_gmt":"2021-02-06T17:45:45","guid":{"rendered":"https:\/\/damme.lv\/product\/sampuns-ikdienas-lietosanai-m-a-n\/"},"modified":"2021-02-06T19:45:47","modified_gmt":"2021-02-06T17:45:47","slug":"sampuns-ikdienas-lietosanai-m-a-n","status":"publish","type":"product","link":"https:\/\/cosmetic.lv\/lv\/product\/sampuns-ikdienas-lietosanai-m-a-n\/","title":{"rendered":"\u0160amp\u016bns ikdienas lieto\u0161anai (M.A.N.)"},"content":{"rendered":"<p><P>Pateicoties sast\u0101v\u0101 eso\u0161am miner\u0101lu kompleksam, \u0161amp\u016bns saudz\u012bgi att\u012bra un atjauno matu vitalit\u0101ti. Ide\u0101li piem\u0113rots ikdienas lieto\u0161anai visiem matu tipiem. Padara matus mirdzo\u0161us un dz\u012bv\u012bbas sp\u0113k\u0101 starojo\u0161us. Neizraisa aler\u0123iju. Satur j\u016bras a\u013c\u0123u ekstraktu, pantenolu, malah\u012bta ekstraktu.<\/P><br \/>\n<P>Lieto\u0161ana: iekl\u0101t mitros matos, viegli iemas\u0113t, p\u0113c tam izskalot. <\/P><br \/>\n<P>250 ml<\/P><\/p>\n","protected":false},"excerpt":{"rendered":"<p>Pateicoties sast\u0101v\u0101 eso\u0161am miner\u0101lu kompleksam, \u0161amp\u016bns saudz\u012bgi att\u012bra un atjauno matu vitalit\u0101ti. Ide\u0101li piem\u0113rots ikdienas lieto\u0161anai visiem matu tipiem. Padara<\/p>\n","protected":false},"featured_media":8311,"template":"","meta":[],"product_brand":[],"product_cat":[2258,2259],"product_tag":[],"class_list":{"0":"post-33876","1":"product","2":"type-product","3":"status-publish","4":"has-post-thumbnail","6":"product_cat-profesionala-kosmetika-matiem-lv","7":"product_cat-alter-ego-professional-italy-lv","9":"first","10":"instock","11":"taxable","12":"shipping-taxable","13":"purchasable","14":"product-type-simple"},"yoast_head":"<!-- This site is optimized with the Yoast SEO Premium plugin v27.0 (Yoast SEO v27.0) - https:\/\/yoast.com\/product\/yoast-seo-premium-wordpress\/ -->\n<title>\u0160amp\u016bns ikdienas lieto\u0161anai (M.A.N.) - cosmetic.lv<\/title>\n<meta name=\"robots\" content=\"index, follow, max-snippet:-1, max-image-preview:large, max-video-preview:-1\" \/>\n<link rel=\"canonical\" href=\"https:\/\/cosmetic.lv\/lv\/product\/sampuns-ikdienas-lietosanai-m-a-n\/\" \/>\n<meta property=\"og:locale\" content=\"lv_LV\" \/>\n<meta property=\"og:type\" content=\"article\" \/>\n<meta property=\"og:title\" content=\"\u0160amp\u016bns ikdienas lieto\u0161anai (M.A.N.)\" \/>\n<meta property=\"og:description\" content=\"Pateicoties sast\u0101v\u0101 eso\u0161am miner\u0101lu kompleksam, \u0161amp\u016bns saudz\u012bgi att\u012bra un atjauno matu vitalit\u0101ti. Ide\u0101li piem\u0113rots ikdienas lieto\u0161anai visiem matu tipiem. Padara\" \/>\n<meta property=\"og:url\" content=\"https:\/\/cosmetic.lv\/lv\/product\/sampuns-ikdienas-lietosanai-m-a-n\/\" \/>\n<meta property=\"og:site_name\" content=\"cosmetic.lv\" \/>\n<meta property=\"article:publisher\" content=\"https:\/\/www.facebook.com\/cosmetic.lv\/\" \/>\n<meta property=\"article:modified_time\" content=\"2021-02-06T17:45:47+00:00\" \/>\n<meta property=\"og:image\" content=\"https:\/\/cosmetic.lv\/wp-content\/uploads\/2021\/02\/daily-shapoo-man.jpg\" \/>\n\t<meta property=\"og:image:width\" content=\"485\" \/>\n\t<meta property=\"og:image:height\" content=\"485\" \/>\n\t<meta property=\"og:image:type\" content=\"image\/jpeg\" \/>\n<meta name=\"twitter:card\" content=\"summary_large_image\" \/>\n<script type=\"application\/ld+json\" class=\"yoast-schema-graph\">{\"@context\":\"https:\/\/schema.org\",\"@graph\":[{\"@type\":\"WebPage\",\"@id\":\"https:\/\/cosmetic.lv\/lv\/product\/sampuns-ikdienas-lietosanai-m-a-n\/\",\"url\":\"https:\/\/cosmetic.lv\/lv\/product\/sampuns-ikdienas-lietosanai-m-a-n\/\",\"name\":\"\u0160amp\u016bns ikdienas lieto\u0161anai (M.A.N.) - cosmetic.lv\",\"isPartOf\":{\"@id\":\"https:\/\/cosmetic.lv\/lv\/#website\"},\"primaryImageOfPage\":{\"@id\":\"https:\/\/cosmetic.lv\/lv\/product\/sampuns-ikdienas-lietosanai-m-a-n\/#primaryimage\"},\"image\":{\"@id\":\"https:\/\/cosmetic.lv\/lv\/product\/sampuns-ikdienas-lietosanai-m-a-n\/#primaryimage\"},\"thumbnailUrl\":\"https:\/\/cosmetic.lv\/wp-content\/uploads\/2021\/02\/daily-shapoo-man.jpg\",\"datePublished\":\"2021-02-06T17:45:45+00:00\",\"dateModified\":\"2021-02-06T17:45:47+00:00\",\"breadcrumb\":{\"@id\":\"https:\/\/cosmetic.lv\/lv\/product\/sampuns-ikdienas-lietosanai-m-a-n\/#breadcrumb\"},\"inLanguage\":\"lv-LV\",\"potentialAction\":[{\"@type\":\"ReadAction\",\"target\":[\"https:\/\/cosmetic.lv\/lv\/product\/sampuns-ikdienas-lietosanai-m-a-n\/\"]}]},{\"@type\":\"ImageObject\",\"inLanguage\":\"lv-LV\",\"@id\":\"https:\/\/cosmetic.lv\/lv\/product\/sampuns-ikdienas-lietosanai-m-a-n\/#primaryimage\",\"url\":\"https:\/\/cosmetic.lv\/wp-content\/uploads\/2021\/02\/daily-shapoo-man.jpg\",\"contentUrl\":\"https:\/\/cosmetic.lv\/wp-content\/uploads\/2021\/02\/daily-shapoo-man.jpg\",\"width\":485,\"height\":485,\"caption\":\"Daily-shapoo-man.jpg\"},{\"@type\":\"BreadcrumbList\",\"@id\":\"https:\/\/cosmetic.lv\/lv\/product\/sampuns-ikdienas-lietosanai-m-a-n\/#breadcrumb\",\"itemListElement\":[{\"@type\":\"ListItem\",\"position\":1,\"name\":\"Home\",\"item\":\"https:\/\/cosmetic.lv\/lv\/\"},{\"@type\":\"ListItem\",\"position\":2,\"name\":\"Veikals\",\"item\":\"https:\/\/cosmetic.lv\/lv\/veiklas\/\"},{\"@type\":\"ListItem\",\"position\":3,\"name\":\"\u0160amp\u016bns ikdienas lieto\u0161anai (M.A.N.)\"}]},{\"@type\":\"WebSite\",\"@id\":\"https:\/\/cosmetic.lv\/lv\/#website\",\"url\":\"https:\/\/cosmetic.lv\/lv\/\",\"name\":\"cosmetic.lv\",\"description\":\"Profesion\u0101la kosm\u0113tika - Maria Galland, Keune, Arkadija, GMT, Guam, Magiray\",\"publisher\":{\"@id\":\"https:\/\/cosmetic.lv\/lv\/#organization\"},\"potentialAction\":[{\"@type\":\"SearchAction\",\"target\":{\"@type\":\"EntryPoint\",\"urlTemplate\":\"https:\/\/cosmetic.lv\/lv\/?s={search_term_string}\"},\"query-input\":{\"@type\":\"PropertyValueSpecification\",\"valueRequired\":true,\"valueName\":\"search_term_string\"}}],\"inLanguage\":\"lv-LV\"},{\"@type\":\"Organization\",\"@id\":\"https:\/\/cosmetic.lv\/lv\/#organization\",\"name\":\"COSMETIC.LV\",\"url\":\"https:\/\/cosmetic.lv\/lv\/\",\"logo\":{\"@type\":\"ImageObject\",\"inLanguage\":\"lv-LV\",\"@id\":\"https:\/\/cosmetic.lv\/lv\/#\/schema\/logo\/image\/\",\"url\":\"https:\/\/cosmetic.lv\/wp-content\/uploads\/2021\/02\/cosmetic.lv_logo.jpg\",\"contentUrl\":\"https:\/\/cosmetic.lv\/wp-content\/uploads\/2021\/02\/cosmetic.lv_logo.jpg\",\"width\":596,\"height\":196,\"caption\":\"COSMETIC.LV\"},\"image\":{\"@id\":\"https:\/\/cosmetic.lv\/lv\/#\/schema\/logo\/image\/\"},\"sameAs\":[\"https:\/\/www.facebook.com\/cosmetic.lv\/\"]}]}<\/script>\n<meta property=\"product:price:amount\" content=\"12.15\" \/>\n<meta property=\"product:price:currency\" content=\"EUR\" \/>\n<meta property=\"og:availability\" content=\"instock\" \/>\n<meta property=\"product:availability\" content=\"instock\" \/>\n<meta property=\"product:retailer_item_id\" content=\"trio7491\" \/>\n<meta property=\"product:condition\" content=\"new\" \/>\n<!-- \/ Yoast SEO Premium plugin. -->","yoast_head_json":{"title":"\u0160amp\u016bns ikdienas lieto\u0161anai (M.A.N.) - cosmetic.lv","robots":{"index":"index","follow":"follow","max-snippet":"max-snippet:-1","max-image-preview":"max-image-preview:large","max-video-preview":"max-video-preview:-1"},"canonical":"https:\/\/cosmetic.lv\/lv\/product\/sampuns-ikdienas-lietosanai-m-a-n\/","og_locale":"lv_LV","og_type":"article","og_title":"\u0160amp\u016bns ikdienas lieto\u0161anai (M.A.N.)","og_description":"Pateicoties sast\u0101v\u0101 eso\u0161am miner\u0101lu kompleksam, \u0161amp\u016bns saudz\u012bgi att\u012bra un atjauno matu vitalit\u0101ti. Ide\u0101li piem\u0113rots ikdienas lieto\u0161anai visiem matu tipiem. Padara","og_url":"https:\/\/cosmetic.lv\/lv\/product\/sampuns-ikdienas-lietosanai-m-a-n\/","og_site_name":"cosmetic.lv","article_publisher":"https:\/\/www.facebook.com\/cosmetic.lv\/","article_modified_time":"2021-02-06T17:45:47+00:00","og_image":[{"width":485,"height":485,"url":"https:\/\/cosmetic.lv\/wp-content\/uploads\/2021\/02\/daily-shapoo-man.jpg","type":"image\/jpeg"}],"twitter_card":"summary_large_image","schema":{"@context":"https:\/\/schema.org","@graph":[{"@type":"WebPage","@id":"https:\/\/cosmetic.lv\/lv\/product\/sampuns-ikdienas-lietosanai-m-a-n\/","url":"https:\/\/cosmetic.lv\/lv\/product\/sampuns-ikdienas-lietosanai-m-a-n\/","name":"\u0160amp\u016bns ikdienas lieto\u0161anai (M.A.N.) - cosmetic.lv","isPartOf":{"@id":"https:\/\/cosmetic.lv\/lv\/#website"},"primaryImageOfPage":{"@id":"https:\/\/cosmetic.lv\/lv\/product\/sampuns-ikdienas-lietosanai-m-a-n\/#primaryimage"},"image":{"@id":"https:\/\/cosmetic.lv\/lv\/product\/sampuns-ikdienas-lietosanai-m-a-n\/#primaryimage"},"thumbnailUrl":"https:\/\/cosmetic.lv\/wp-content\/uploads\/2021\/02\/daily-shapoo-man.jpg","datePublished":"2021-02-06T17:45:45+00:00","dateModified":"2021-02-06T17:45:47+00:00","breadcrumb":{"@id":"https:\/\/cosmetic.lv\/lv\/product\/sampuns-ikdienas-lietosanai-m-a-n\/#breadcrumb"},"inLanguage":"lv-LV","potentialAction":[{"@type":"ReadAction","target":["https:\/\/cosmetic.lv\/lv\/product\/sampuns-ikdienas-lietosanai-m-a-n\/"]}]},{"@type":"ImageObject","inLanguage":"lv-LV","@id":"https:\/\/cosmetic.lv\/lv\/product\/sampuns-ikdienas-lietosanai-m-a-n\/#primaryimage","url":"https:\/\/cosmetic.lv\/wp-content\/uploads\/2021\/02\/daily-shapoo-man.jpg","contentUrl":"https:\/\/cosmetic.lv\/wp-content\/uploads\/2021\/02\/daily-shapoo-man.jpg","width":485,"height":485,"caption":"Daily-shapoo-man.jpg"},{"@type":"BreadcrumbList","@id":"https:\/\/cosmetic.lv\/lv\/product\/sampuns-ikdienas-lietosanai-m-a-n\/#breadcrumb","itemListElement":[{"@type":"ListItem","position":1,"name":"Home","item":"https:\/\/cosmetic.lv\/lv\/"},{"@type":"ListItem","position":2,"name":"Veikals","item":"https:\/\/cosmetic.lv\/lv\/veiklas\/"},{"@type":"ListItem","position":3,"name":"\u0160amp\u016bns ikdienas lieto\u0161anai (M.A.N.)"}]},{"@type":"WebSite","@id":"https:\/\/cosmetic.lv\/lv\/#website","url":"https:\/\/cosmetic.lv\/lv\/","name":"cosmetic.lv","description":"Profesion\u0101la kosm\u0113tika - Maria Galland, Keune, Arkadija, GMT, Guam, Magiray","publisher":{"@id":"https:\/\/cosmetic.lv\/lv\/#organization"},"potentialAction":[{"@type":"SearchAction","target":{"@type":"EntryPoint","urlTemplate":"https:\/\/cosmetic.lv\/lv\/?s={search_term_string}"},"query-input":{"@type":"PropertyValueSpecification","valueRequired":true,"valueName":"search_term_string"}}],"inLanguage":"lv-LV"},{"@type":"Organization","@id":"https:\/\/cosmetic.lv\/lv\/#organization","name":"COSMETIC.LV","url":"https:\/\/cosmetic.lv\/lv\/","logo":{"@type":"ImageObject","inLanguage":"lv-LV","@id":"https:\/\/cosmetic.lv\/lv\/#\/schema\/logo\/image\/","url":"https:\/\/cosmetic.lv\/wp-content\/uploads\/2021\/02\/cosmetic.lv_logo.jpg","contentUrl":"https:\/\/cosmetic.lv\/wp-content\/uploads\/2021\/02\/cosmetic.lv_logo.jpg","width":596,"height":196,"caption":"COSMETIC.LV"},"image":{"@id":"https:\/\/cosmetic.lv\/lv\/#\/schema\/logo\/image\/"},"sameAs":["https:\/\/www.facebook.com\/cosmetic.lv\/"]}]},"product_price_amount":"12.15","product_price_currency":"EUR","og_availability":"instock","product_availability":"instock","product_retailer_item_id":"trio7491","product_condition":"new"},"_links":{"self":[{"href":"https:\/\/cosmetic.lv\/lv\/wp-json\/wp\/v2\/product\/33876","targetHints":{"allow":["GET"]}}],"collection":[{"href":"https:\/\/cosmetic.lv\/lv\/wp-json\/wp\/v2\/product"}],"about":[{"href":"https:\/\/cosmetic.lv\/lv\/wp-json\/wp\/v2\/types\/product"}],"wp:featuredmedia":[{"embeddable":true,"href":"https:\/\/cosmetic.lv\/lv\/wp-json\/wp\/v2\/media\/8311"}],"wp:attachment":[{"href":"https:\/\/cosmetic.lv\/lv\/wp-json\/wp\/v2\/media?parent=33876"}],"wp:term":[{"taxonomy":"product_brand","embeddable":true,"href":"https:\/\/cosmetic.lv\/lv\/wp-json\/wp\/v2\/product_brand?post=33876"},{"taxonomy":"product_cat","embeddable":true,"href":"https:\/\/cosmetic.lv\/lv\/wp-json\/wp\/v2\/product_cat?post=33876"},{"taxonomy":"product_tag","embeddable":true,"href":"https:\/\/cosmetic.lv\/lv\/wp-json\/wp\/v2\/product_tag?post=33876"}],"curies":[{"name":"wp","href":"https:\/\/api.w.org\/{rel}","templated":true}]}}