{"id":33878,"date":"2021-02-06T19:45:45","date_gmt":"2021-02-06T17:45:45","guid":{"rendered":"https:\/\/damme.lv\/product\/maska-matu-kopsanai-ar-augu-mikstajam-skiedram-un-placentu\/"},"modified":"2021-02-06T19:45:48","modified_gmt":"2021-02-06T17:45:48","slug":"maska-matu-kopsanai-ar-augu-mikstajam-skiedram-un-placentu","status":"publish","type":"product","link":"https:\/\/cosmetic.lv\/lv\/product\/maska-matu-kopsanai-ar-augu-mikstajam-skiedram-un-placentu\/","title":{"rendered":"MASKA MATU KOP\u0160ANAI AR AUGU M\u012aKSTAJ\u0100M \u0160\u0136IEDR\u0100M UN PLACENTU"},"content":{"rendered":"<p><P>\u012apa\u0161a maska, kas bag\u0101tin\u0101ta ar pept\u012bdiem, vitam\u012bniem un miner\u0101ls\u0101\u013ciem, kas ieg\u016bti no kvie\u0161u un bambusa m\u012bkstaj\u0101m \u0161\u0137iedr\u0101m. Lietojot masku, mati k\u013c\u016bst z\u012bdaini un sp\u0113c\u012bgi. L\u012bdzeklis ide\u0101li piem\u0113rots balin\u0101tu, kr\u0101sotu matu kop\u0161anai, k\u0101 ar\u012b p\u0113c \u0137\u012bmiskiem ilgvi\u013c\u0146iem. LIETO\u0160ANA: p\u0113c matu mazg\u0101\u0161anas vienm\u0113r\u012bgi iekl\u0101jiet masku visa matu garuma. Atst\u0101jiet uz 5-10 min. Izmazg\u0101jiet ar lielu \u016bdens daudzumu. Sast\u0101vs: bambusa ekstrakts un placentas aizvietot\u0101js no kvie\u0161u produktiem.<\/P><br \/>\n<P>1000 ml<\/P><\/p>\n","protected":false},"excerpt":{"rendered":"<p>\u012apa\u0161a maska, kas bag\u0101tin\u0101ta ar pept\u012bdiem, vitam\u012bniem un miner\u0101ls\u0101\u013ciem, kas ieg\u016bti no kvie\u0161u un bambusa m\u012bkstaj\u0101m \u0161\u0137iedr\u0101m. Lietojot masku, mati<\/p>\n","protected":false},"featured_media":8317,"template":"","meta":[],"product_brand":[],"product_cat":[2258,2259],"product_tag":[],"class_list":{"0":"post-33878","1":"product","2":"type-product","3":"status-publish","4":"has-post-thumbnail","6":"product_cat-profesionala-kosmetika-matiem-lv","7":"product_cat-alter-ego-professional-italy-lv","9":"first","10":"instock","11":"taxable","12":"shipping-taxable","13":"purchasable","14":"product-type-simple"},"yoast_head":"<!-- This site is optimized with the Yoast SEO Premium plugin v27.0 (Yoast SEO v27.0) - https:\/\/yoast.com\/product\/yoast-seo-premium-wordpress\/ -->\n<title>MASKA MATU KOP\u0160ANAI AR AUGU M\u012aKSTAJ\u0100M \u0160\u0136IEDR\u0100M UN PLACENTU - cosmetic.lv<\/title>\n<meta name=\"robots\" content=\"index, follow, max-snippet:-1, max-image-preview:large, max-video-preview:-1\" \/>\n<link rel=\"canonical\" href=\"https:\/\/cosmetic.lv\/lv\/product\/maska-matu-kopsanai-ar-augu-mikstajam-skiedram-un-placentu\/\" \/>\n<meta property=\"og:locale\" content=\"lv_LV\" \/>\n<meta property=\"og:type\" content=\"article\" \/>\n<meta property=\"og:title\" content=\"MASKA MATU KOP\u0160ANAI AR AUGU M\u012aKSTAJ\u0100M \u0160\u0136IEDR\u0100M UN PLACENTU\" \/>\n<meta property=\"og:description\" content=\"\u012apa\u0161a maska, kas bag\u0101tin\u0101ta ar pept\u012bdiem, vitam\u012bniem un miner\u0101ls\u0101\u013ciem, kas ieg\u016bti no kvie\u0161u un bambusa m\u012bkstaj\u0101m \u0161\u0137iedr\u0101m. Lietojot masku, mati\" \/>\n<meta property=\"og:url\" content=\"https:\/\/cosmetic.lv\/lv\/product\/maska-matu-kopsanai-ar-augu-mikstajam-skiedram-un-placentu\/\" \/>\n<meta property=\"og:site_name\" content=\"cosmetic.lv\" \/>\n<meta property=\"article:publisher\" content=\"https:\/\/www.facebook.com\/cosmetic.lv\/\" \/>\n<meta property=\"article:modified_time\" content=\"2021-02-06T17:45:48+00:00\" \/>\n<meta property=\"og:image\" content=\"https:\/\/cosmetic.lv\/wp-content\/uploads\/2021\/02\/matu-maska-ar-augu.jpg\" \/>\n\t<meta property=\"og:image:width\" content=\"400\" \/>\n\t<meta property=\"og:image:height\" content=\"400\" \/>\n\t<meta property=\"og:image:type\" content=\"image\/jpeg\" \/>\n<meta name=\"twitter:card\" content=\"summary_large_image\" \/>\n<script type=\"application\/ld+json\" class=\"yoast-schema-graph\">{\"@context\":\"https:\/\/schema.org\",\"@graph\":[{\"@type\":\"WebPage\",\"@id\":\"https:\/\/cosmetic.lv\/lv\/product\/maska-matu-kopsanai-ar-augu-mikstajam-skiedram-un-placentu\/\",\"url\":\"https:\/\/cosmetic.lv\/lv\/product\/maska-matu-kopsanai-ar-augu-mikstajam-skiedram-un-placentu\/\",\"name\":\"MASKA MATU KOP\u0160ANAI AR AUGU M\u012aKSTAJ\u0100M \u0160\u0136IEDR\u0100M UN PLACENTU - cosmetic.lv\",\"isPartOf\":{\"@id\":\"https:\/\/cosmetic.lv\/lv\/#website\"},\"primaryImageOfPage\":{\"@id\":\"https:\/\/cosmetic.lv\/lv\/product\/maska-matu-kopsanai-ar-augu-mikstajam-skiedram-un-placentu\/#primaryimage\"},\"image\":{\"@id\":\"https:\/\/cosmetic.lv\/lv\/product\/maska-matu-kopsanai-ar-augu-mikstajam-skiedram-un-placentu\/#primaryimage\"},\"thumbnailUrl\":\"https:\/\/cosmetic.lv\/wp-content\/uploads\/2021\/02\/matu-maska-ar-augu.jpg\",\"datePublished\":\"2021-02-06T17:45:45+00:00\",\"dateModified\":\"2021-02-06T17:45:48+00:00\",\"breadcrumb\":{\"@id\":\"https:\/\/cosmetic.lv\/lv\/product\/maska-matu-kopsanai-ar-augu-mikstajam-skiedram-un-placentu\/#breadcrumb\"},\"inLanguage\":\"lv-LV\",\"potentialAction\":[{\"@type\":\"ReadAction\",\"target\":[\"https:\/\/cosmetic.lv\/lv\/product\/maska-matu-kopsanai-ar-augu-mikstajam-skiedram-un-placentu\/\"]}]},{\"@type\":\"ImageObject\",\"inLanguage\":\"lv-LV\",\"@id\":\"https:\/\/cosmetic.lv\/lv\/product\/maska-matu-kopsanai-ar-augu-mikstajam-skiedram-un-placentu\/#primaryimage\",\"url\":\"https:\/\/cosmetic.lv\/wp-content\/uploads\/2021\/02\/matu-maska-ar-augu.jpg\",\"contentUrl\":\"https:\/\/cosmetic.lv\/wp-content\/uploads\/2021\/02\/matu-maska-ar-augu.jpg\",\"width\":400,\"height\":400,\"caption\":\"Matu-maska-ar-augu.jpg\"},{\"@type\":\"BreadcrumbList\",\"@id\":\"https:\/\/cosmetic.lv\/lv\/product\/maska-matu-kopsanai-ar-augu-mikstajam-skiedram-un-placentu\/#breadcrumb\",\"itemListElement\":[{\"@type\":\"ListItem\",\"position\":1,\"name\":\"Home\",\"item\":\"https:\/\/cosmetic.lv\/lv\/\"},{\"@type\":\"ListItem\",\"position\":2,\"name\":\"Veikals\",\"item\":\"https:\/\/cosmetic.lv\/lv\/veiklas\/\"},{\"@type\":\"ListItem\",\"position\":3,\"name\":\"MASKA MATU KOP\u0160ANAI AR AUGU M\u012aKSTAJ\u0100M \u0160\u0136IEDR\u0100M UN PLACENTU\"}]},{\"@type\":\"WebSite\",\"@id\":\"https:\/\/cosmetic.lv\/lv\/#website\",\"url\":\"https:\/\/cosmetic.lv\/lv\/\",\"name\":\"cosmetic.lv\",\"description\":\"Profesion\u0101la kosm\u0113tika - Maria Galland, Keune, Arkadija, GMT, Guam, Magiray\",\"publisher\":{\"@id\":\"https:\/\/cosmetic.lv\/lv\/#organization\"},\"potentialAction\":[{\"@type\":\"SearchAction\",\"target\":{\"@type\":\"EntryPoint\",\"urlTemplate\":\"https:\/\/cosmetic.lv\/lv\/?s={search_term_string}\"},\"query-input\":{\"@type\":\"PropertyValueSpecification\",\"valueRequired\":true,\"valueName\":\"search_term_string\"}}],\"inLanguage\":\"lv-LV\"},{\"@type\":\"Organization\",\"@id\":\"https:\/\/cosmetic.lv\/lv\/#organization\",\"name\":\"COSMETIC.LV\",\"url\":\"https:\/\/cosmetic.lv\/lv\/\",\"logo\":{\"@type\":\"ImageObject\",\"inLanguage\":\"lv-LV\",\"@id\":\"https:\/\/cosmetic.lv\/lv\/#\/schema\/logo\/image\/\",\"url\":\"https:\/\/cosmetic.lv\/wp-content\/uploads\/2021\/02\/cosmetic.lv_logo.jpg\",\"contentUrl\":\"https:\/\/cosmetic.lv\/wp-content\/uploads\/2021\/02\/cosmetic.lv_logo.jpg\",\"width\":596,\"height\":196,\"caption\":\"COSMETIC.LV\"},\"image\":{\"@id\":\"https:\/\/cosmetic.lv\/lv\/#\/schema\/logo\/image\/\"},\"sameAs\":[\"https:\/\/www.facebook.com\/cosmetic.lv\/\"]}]}<\/script>\n<meta property=\"product:price:amount\" content=\"13.41\" \/>\n<meta property=\"product:price:currency\" content=\"EUR\" \/>\n<meta property=\"og:availability\" content=\"instock\" \/>\n<meta property=\"product:availability\" content=\"instock\" \/>\n<meta property=\"product:retailer_item_id\" content=\"trio334\" \/>\n<meta property=\"product:condition\" content=\"new\" \/>\n<!-- \/ Yoast SEO Premium plugin. -->","yoast_head_json":{"title":"MASKA MATU KOP\u0160ANAI AR AUGU M\u012aKSTAJ\u0100M \u0160\u0136IEDR\u0100M UN PLACENTU - cosmetic.lv","robots":{"index":"index","follow":"follow","max-snippet":"max-snippet:-1","max-image-preview":"max-image-preview:large","max-video-preview":"max-video-preview:-1"},"canonical":"https:\/\/cosmetic.lv\/lv\/product\/maska-matu-kopsanai-ar-augu-mikstajam-skiedram-un-placentu\/","og_locale":"lv_LV","og_type":"article","og_title":"MASKA MATU KOP\u0160ANAI AR AUGU M\u012aKSTAJ\u0100M \u0160\u0136IEDR\u0100M UN PLACENTU","og_description":"\u012apa\u0161a maska, kas bag\u0101tin\u0101ta ar pept\u012bdiem, vitam\u012bniem un miner\u0101ls\u0101\u013ciem, kas ieg\u016bti no kvie\u0161u un bambusa m\u012bkstaj\u0101m \u0161\u0137iedr\u0101m. Lietojot masku, mati","og_url":"https:\/\/cosmetic.lv\/lv\/product\/maska-matu-kopsanai-ar-augu-mikstajam-skiedram-un-placentu\/","og_site_name":"cosmetic.lv","article_publisher":"https:\/\/www.facebook.com\/cosmetic.lv\/","article_modified_time":"2021-02-06T17:45:48+00:00","og_image":[{"width":400,"height":400,"url":"https:\/\/cosmetic.lv\/wp-content\/uploads\/2021\/02\/matu-maska-ar-augu.jpg","type":"image\/jpeg"}],"twitter_card":"summary_large_image","schema":{"@context":"https:\/\/schema.org","@graph":[{"@type":"WebPage","@id":"https:\/\/cosmetic.lv\/lv\/product\/maska-matu-kopsanai-ar-augu-mikstajam-skiedram-un-placentu\/","url":"https:\/\/cosmetic.lv\/lv\/product\/maska-matu-kopsanai-ar-augu-mikstajam-skiedram-un-placentu\/","name":"MASKA MATU KOP\u0160ANAI AR AUGU M\u012aKSTAJ\u0100M \u0160\u0136IEDR\u0100M UN PLACENTU - cosmetic.lv","isPartOf":{"@id":"https:\/\/cosmetic.lv\/lv\/#website"},"primaryImageOfPage":{"@id":"https:\/\/cosmetic.lv\/lv\/product\/maska-matu-kopsanai-ar-augu-mikstajam-skiedram-un-placentu\/#primaryimage"},"image":{"@id":"https:\/\/cosmetic.lv\/lv\/product\/maska-matu-kopsanai-ar-augu-mikstajam-skiedram-un-placentu\/#primaryimage"},"thumbnailUrl":"https:\/\/cosmetic.lv\/wp-content\/uploads\/2021\/02\/matu-maska-ar-augu.jpg","datePublished":"2021-02-06T17:45:45+00:00","dateModified":"2021-02-06T17:45:48+00:00","breadcrumb":{"@id":"https:\/\/cosmetic.lv\/lv\/product\/maska-matu-kopsanai-ar-augu-mikstajam-skiedram-un-placentu\/#breadcrumb"},"inLanguage":"lv-LV","potentialAction":[{"@type":"ReadAction","target":["https:\/\/cosmetic.lv\/lv\/product\/maska-matu-kopsanai-ar-augu-mikstajam-skiedram-un-placentu\/"]}]},{"@type":"ImageObject","inLanguage":"lv-LV","@id":"https:\/\/cosmetic.lv\/lv\/product\/maska-matu-kopsanai-ar-augu-mikstajam-skiedram-un-placentu\/#primaryimage","url":"https:\/\/cosmetic.lv\/wp-content\/uploads\/2021\/02\/matu-maska-ar-augu.jpg","contentUrl":"https:\/\/cosmetic.lv\/wp-content\/uploads\/2021\/02\/matu-maska-ar-augu.jpg","width":400,"height":400,"caption":"Matu-maska-ar-augu.jpg"},{"@type":"BreadcrumbList","@id":"https:\/\/cosmetic.lv\/lv\/product\/maska-matu-kopsanai-ar-augu-mikstajam-skiedram-un-placentu\/#breadcrumb","itemListElement":[{"@type":"ListItem","position":1,"name":"Home","item":"https:\/\/cosmetic.lv\/lv\/"},{"@type":"ListItem","position":2,"name":"Veikals","item":"https:\/\/cosmetic.lv\/lv\/veiklas\/"},{"@type":"ListItem","position":3,"name":"MASKA MATU KOP\u0160ANAI AR AUGU M\u012aKSTAJ\u0100M \u0160\u0136IEDR\u0100M UN PLACENTU"}]},{"@type":"WebSite","@id":"https:\/\/cosmetic.lv\/lv\/#website","url":"https:\/\/cosmetic.lv\/lv\/","name":"cosmetic.lv","description":"Profesion\u0101la kosm\u0113tika - Maria Galland, Keune, Arkadija, GMT, Guam, Magiray","publisher":{"@id":"https:\/\/cosmetic.lv\/lv\/#organization"},"potentialAction":[{"@type":"SearchAction","target":{"@type":"EntryPoint","urlTemplate":"https:\/\/cosmetic.lv\/lv\/?s={search_term_string}"},"query-input":{"@type":"PropertyValueSpecification","valueRequired":true,"valueName":"search_term_string"}}],"inLanguage":"lv-LV"},{"@type":"Organization","@id":"https:\/\/cosmetic.lv\/lv\/#organization","name":"COSMETIC.LV","url":"https:\/\/cosmetic.lv\/lv\/","logo":{"@type":"ImageObject","inLanguage":"lv-LV","@id":"https:\/\/cosmetic.lv\/lv\/#\/schema\/logo\/image\/","url":"https:\/\/cosmetic.lv\/wp-content\/uploads\/2021\/02\/cosmetic.lv_logo.jpg","contentUrl":"https:\/\/cosmetic.lv\/wp-content\/uploads\/2021\/02\/cosmetic.lv_logo.jpg","width":596,"height":196,"caption":"COSMETIC.LV"},"image":{"@id":"https:\/\/cosmetic.lv\/lv\/#\/schema\/logo\/image\/"},"sameAs":["https:\/\/www.facebook.com\/cosmetic.lv\/"]}]},"product_price_amount":"13.41","product_price_currency":"EUR","og_availability":"instock","product_availability":"instock","product_retailer_item_id":"trio334","product_condition":"new"},"_links":{"self":[{"href":"https:\/\/cosmetic.lv\/lv\/wp-json\/wp\/v2\/product\/33878","targetHints":{"allow":["GET"]}}],"collection":[{"href":"https:\/\/cosmetic.lv\/lv\/wp-json\/wp\/v2\/product"}],"about":[{"href":"https:\/\/cosmetic.lv\/lv\/wp-json\/wp\/v2\/types\/product"}],"wp:featuredmedia":[{"embeddable":true,"href":"https:\/\/cosmetic.lv\/lv\/wp-json\/wp\/v2\/media\/8317"}],"wp:attachment":[{"href":"https:\/\/cosmetic.lv\/lv\/wp-json\/wp\/v2\/media?parent=33878"}],"wp:term":[{"taxonomy":"product_brand","embeddable":true,"href":"https:\/\/cosmetic.lv\/lv\/wp-json\/wp\/v2\/product_brand?post=33878"},{"taxonomy":"product_cat","embeddable":true,"href":"https:\/\/cosmetic.lv\/lv\/wp-json\/wp\/v2\/product_cat?post=33878"},{"taxonomy":"product_tag","embeddable":true,"href":"https:\/\/cosmetic.lv\/lv\/wp-json\/wp\/v2\/product_tag?post=33878"}],"curies":[{"name":"wp","href":"https:\/\/api.w.org\/{rel}","templated":true}]}}