{"id":33879,"date":"2021-02-06T19:45:45","date_gmt":"2021-02-06T17:45:45","guid":{"rendered":"https:\/\/damme.lv\/product\/matu-maska-ar-piena-proteiniem\/"},"modified":"2021-02-06T19:45:48","modified_gmt":"2021-02-06T17:45:48","slug":"matu-maska-ar-piena-proteiniem","status":"publish","type":"product","link":"https:\/\/cosmetic.lv\/lv\/product\/matu-maska-ar-piena-proteiniem\/","title":{"rendered":"MATU MASKA AR PIENA PROTE\u012aNIEM"},"content":{"rendered":"<p><P>Maska baro un atjauno matu strukt\u016bru ar piena prote\u012bnu pal\u012bdz\u012bbu. Ieteicama pl\u0101niem vai&nbsp; cirtainiem matiem, k\u0101 ar\u012b p\u0113c \u0137\u012bmiskiem ilgvi\u013c\u0146iem vai p\u0113c matu balin\u0101\u0161anas. LIETO\u0160ANA: p\u0113c matu mazg\u0101\u0161anas vienm\u0113r\u012bgi iekl\u0101jiet masku visa matu garuma. Atst\u0101jiet uz 5-10 min. Izmazg\u0101jiet ar lielu \u016bdens daudzumu.<\/P><br \/>\n<P>1000 ml<\/P><\/p>\n","protected":false},"excerpt":{"rendered":"<p>Maska baro un atjauno matu strukt\u016bru ar piena prote\u012bnu pal\u012bdz\u012bbu. Ieteicama pl\u0101niem vai&nbsp; cirtainiem matiem, k\u0101 ar\u012b p\u0113c \u0137\u012bmiskiem ilgvi\u013c\u0146iem<\/p>\n","protected":false},"featured_media":8320,"template":"","meta":[],"product_brand":[],"product_cat":[2258,2259],"product_tag":[],"class_list":{"0":"post-33879","1":"product","2":"type-product","3":"status-publish","4":"has-post-thumbnail","6":"product_cat-profesionala-kosmetika-matiem-lv","7":"product_cat-alter-ego-professional-italy-lv","9":"first","10":"instock","11":"taxable","12":"shipping-taxable","13":"purchasable","14":"product-type-simple"},"yoast_head":"<!-- This site is optimized with the Yoast SEO Premium plugin v27.0 (Yoast SEO v27.0) - https:\/\/yoast.com\/product\/yoast-seo-premium-wordpress\/ -->\n<title>MATU MASKA AR PIENA PROTE\u012aNIEM - cosmetic.lv<\/title>\n<meta name=\"robots\" content=\"index, follow, max-snippet:-1, max-image-preview:large, max-video-preview:-1\" \/>\n<link rel=\"canonical\" href=\"https:\/\/cosmetic.lv\/lv\/product\/matu-maska-ar-piena-proteiniem\/\" \/>\n<meta property=\"og:locale\" content=\"lv_LV\" \/>\n<meta property=\"og:type\" content=\"article\" \/>\n<meta property=\"og:title\" content=\"MATU MASKA AR PIENA PROTE\u012aNIEM\" \/>\n<meta property=\"og:description\" content=\"Maska baro un atjauno matu strukt\u016bru ar piena prote\u012bnu pal\u012bdz\u012bbu. Ieteicama pl\u0101niem vai&nbsp; cirtainiem matiem, k\u0101 ar\u012b p\u0113c \u0137\u012bmiskiem ilgvi\u013c\u0146iem\" \/>\n<meta property=\"og:url\" content=\"https:\/\/cosmetic.lv\/lv\/product\/matu-maska-ar-piena-proteiniem\/\" \/>\n<meta property=\"og:site_name\" content=\"cosmetic.lv\" \/>\n<meta property=\"article:publisher\" content=\"https:\/\/www.facebook.com\/cosmetic.lv\/\" \/>\n<meta property=\"article:modified_time\" content=\"2021-02-06T17:45:48+00:00\" \/>\n<meta property=\"og:image\" content=\"https:\/\/cosmetic.lv\/wp-content\/uploads\/2021\/02\/matu-maska-ar-piena.jpg\" \/>\n\t<meta property=\"og:image:width\" content=\"400\" \/>\n\t<meta property=\"og:image:height\" content=\"400\" \/>\n\t<meta property=\"og:image:type\" content=\"image\/jpeg\" \/>\n<meta name=\"twitter:card\" content=\"summary_large_image\" \/>\n<script type=\"application\/ld+json\" class=\"yoast-schema-graph\">{\"@context\":\"https:\/\/schema.org\",\"@graph\":[{\"@type\":\"WebPage\",\"@id\":\"https:\/\/cosmetic.lv\/lv\/product\/matu-maska-ar-piena-proteiniem\/\",\"url\":\"https:\/\/cosmetic.lv\/lv\/product\/matu-maska-ar-piena-proteiniem\/\",\"name\":\"MATU MASKA AR PIENA PROTE\u012aNIEM - cosmetic.lv\",\"isPartOf\":{\"@id\":\"https:\/\/cosmetic.lv\/lv\/#website\"},\"primaryImageOfPage\":{\"@id\":\"https:\/\/cosmetic.lv\/lv\/product\/matu-maska-ar-piena-proteiniem\/#primaryimage\"},\"image\":{\"@id\":\"https:\/\/cosmetic.lv\/lv\/product\/matu-maska-ar-piena-proteiniem\/#primaryimage\"},\"thumbnailUrl\":\"https:\/\/cosmetic.lv\/wp-content\/uploads\/2021\/02\/matu-maska-ar-piena.jpg\",\"datePublished\":\"2021-02-06T17:45:45+00:00\",\"dateModified\":\"2021-02-06T17:45:48+00:00\",\"breadcrumb\":{\"@id\":\"https:\/\/cosmetic.lv\/lv\/product\/matu-maska-ar-piena-proteiniem\/#breadcrumb\"},\"inLanguage\":\"lv-LV\",\"potentialAction\":[{\"@type\":\"ReadAction\",\"target\":[\"https:\/\/cosmetic.lv\/lv\/product\/matu-maska-ar-piena-proteiniem\/\"]}]},{\"@type\":\"ImageObject\",\"inLanguage\":\"lv-LV\",\"@id\":\"https:\/\/cosmetic.lv\/lv\/product\/matu-maska-ar-piena-proteiniem\/#primaryimage\",\"url\":\"https:\/\/cosmetic.lv\/wp-content\/uploads\/2021\/02\/matu-maska-ar-piena.jpg\",\"contentUrl\":\"https:\/\/cosmetic.lv\/wp-content\/uploads\/2021\/02\/matu-maska-ar-piena.jpg\",\"width\":400,\"height\":400,\"caption\":\"Matu-maska-ar-piena.jpg\"},{\"@type\":\"BreadcrumbList\",\"@id\":\"https:\/\/cosmetic.lv\/lv\/product\/matu-maska-ar-piena-proteiniem\/#breadcrumb\",\"itemListElement\":[{\"@type\":\"ListItem\",\"position\":1,\"name\":\"Home\",\"item\":\"https:\/\/cosmetic.lv\/lv\/\"},{\"@type\":\"ListItem\",\"position\":2,\"name\":\"Veikals\",\"item\":\"https:\/\/cosmetic.lv\/lv\/veiklas\/\"},{\"@type\":\"ListItem\",\"position\":3,\"name\":\"MATU MASKA AR PIENA PROTE\u012aNIEM\"}]},{\"@type\":\"WebSite\",\"@id\":\"https:\/\/cosmetic.lv\/lv\/#website\",\"url\":\"https:\/\/cosmetic.lv\/lv\/\",\"name\":\"cosmetic.lv\",\"description\":\"Profesion\u0101la kosm\u0113tika - Maria Galland, Keune, Arkadija, GMT, Guam, Magiray\",\"publisher\":{\"@id\":\"https:\/\/cosmetic.lv\/lv\/#organization\"},\"potentialAction\":[{\"@type\":\"SearchAction\",\"target\":{\"@type\":\"EntryPoint\",\"urlTemplate\":\"https:\/\/cosmetic.lv\/lv\/?s={search_term_string}\"},\"query-input\":{\"@type\":\"PropertyValueSpecification\",\"valueRequired\":true,\"valueName\":\"search_term_string\"}}],\"inLanguage\":\"lv-LV\"},{\"@type\":\"Organization\",\"@id\":\"https:\/\/cosmetic.lv\/lv\/#organization\",\"name\":\"COSMETIC.LV\",\"url\":\"https:\/\/cosmetic.lv\/lv\/\",\"logo\":{\"@type\":\"ImageObject\",\"inLanguage\":\"lv-LV\",\"@id\":\"https:\/\/cosmetic.lv\/lv\/#\/schema\/logo\/image\/\",\"url\":\"https:\/\/cosmetic.lv\/wp-content\/uploads\/2021\/02\/cosmetic.lv_logo.jpg\",\"contentUrl\":\"https:\/\/cosmetic.lv\/wp-content\/uploads\/2021\/02\/cosmetic.lv_logo.jpg\",\"width\":596,\"height\":196,\"caption\":\"COSMETIC.LV\"},\"image\":{\"@id\":\"https:\/\/cosmetic.lv\/lv\/#\/schema\/logo\/image\/\"},\"sameAs\":[\"https:\/\/www.facebook.com\/cosmetic.lv\/\"]}]}<\/script>\n<meta property=\"product:price:amount\" content=\"12.94\" \/>\n<meta property=\"product:price:currency\" content=\"EUR\" \/>\n<meta property=\"og:availability\" content=\"instock\" \/>\n<meta property=\"product:availability\" content=\"instock\" \/>\n<meta property=\"product:retailer_item_id\" content=\"trio153\" \/>\n<meta property=\"product:condition\" content=\"new\" \/>\n<!-- \/ Yoast SEO Premium plugin. -->","yoast_head_json":{"title":"MATU MASKA AR PIENA PROTE\u012aNIEM - cosmetic.lv","robots":{"index":"index","follow":"follow","max-snippet":"max-snippet:-1","max-image-preview":"max-image-preview:large","max-video-preview":"max-video-preview:-1"},"canonical":"https:\/\/cosmetic.lv\/lv\/product\/matu-maska-ar-piena-proteiniem\/","og_locale":"lv_LV","og_type":"article","og_title":"MATU MASKA AR PIENA PROTE\u012aNIEM","og_description":"Maska baro un atjauno matu strukt\u016bru ar piena prote\u012bnu pal\u012bdz\u012bbu. Ieteicama pl\u0101niem vai&nbsp; cirtainiem matiem, k\u0101 ar\u012b p\u0113c \u0137\u012bmiskiem ilgvi\u013c\u0146iem","og_url":"https:\/\/cosmetic.lv\/lv\/product\/matu-maska-ar-piena-proteiniem\/","og_site_name":"cosmetic.lv","article_publisher":"https:\/\/www.facebook.com\/cosmetic.lv\/","article_modified_time":"2021-02-06T17:45:48+00:00","og_image":[{"width":400,"height":400,"url":"https:\/\/cosmetic.lv\/wp-content\/uploads\/2021\/02\/matu-maska-ar-piena.jpg","type":"image\/jpeg"}],"twitter_card":"summary_large_image","schema":{"@context":"https:\/\/schema.org","@graph":[{"@type":"WebPage","@id":"https:\/\/cosmetic.lv\/lv\/product\/matu-maska-ar-piena-proteiniem\/","url":"https:\/\/cosmetic.lv\/lv\/product\/matu-maska-ar-piena-proteiniem\/","name":"MATU MASKA AR PIENA PROTE\u012aNIEM - cosmetic.lv","isPartOf":{"@id":"https:\/\/cosmetic.lv\/lv\/#website"},"primaryImageOfPage":{"@id":"https:\/\/cosmetic.lv\/lv\/product\/matu-maska-ar-piena-proteiniem\/#primaryimage"},"image":{"@id":"https:\/\/cosmetic.lv\/lv\/product\/matu-maska-ar-piena-proteiniem\/#primaryimage"},"thumbnailUrl":"https:\/\/cosmetic.lv\/wp-content\/uploads\/2021\/02\/matu-maska-ar-piena.jpg","datePublished":"2021-02-06T17:45:45+00:00","dateModified":"2021-02-06T17:45:48+00:00","breadcrumb":{"@id":"https:\/\/cosmetic.lv\/lv\/product\/matu-maska-ar-piena-proteiniem\/#breadcrumb"},"inLanguage":"lv-LV","potentialAction":[{"@type":"ReadAction","target":["https:\/\/cosmetic.lv\/lv\/product\/matu-maska-ar-piena-proteiniem\/"]}]},{"@type":"ImageObject","inLanguage":"lv-LV","@id":"https:\/\/cosmetic.lv\/lv\/product\/matu-maska-ar-piena-proteiniem\/#primaryimage","url":"https:\/\/cosmetic.lv\/wp-content\/uploads\/2021\/02\/matu-maska-ar-piena.jpg","contentUrl":"https:\/\/cosmetic.lv\/wp-content\/uploads\/2021\/02\/matu-maska-ar-piena.jpg","width":400,"height":400,"caption":"Matu-maska-ar-piena.jpg"},{"@type":"BreadcrumbList","@id":"https:\/\/cosmetic.lv\/lv\/product\/matu-maska-ar-piena-proteiniem\/#breadcrumb","itemListElement":[{"@type":"ListItem","position":1,"name":"Home","item":"https:\/\/cosmetic.lv\/lv\/"},{"@type":"ListItem","position":2,"name":"Veikals","item":"https:\/\/cosmetic.lv\/lv\/veiklas\/"},{"@type":"ListItem","position":3,"name":"MATU MASKA AR PIENA PROTE\u012aNIEM"}]},{"@type":"WebSite","@id":"https:\/\/cosmetic.lv\/lv\/#website","url":"https:\/\/cosmetic.lv\/lv\/","name":"cosmetic.lv","description":"Profesion\u0101la kosm\u0113tika - Maria Galland, Keune, Arkadija, GMT, Guam, Magiray","publisher":{"@id":"https:\/\/cosmetic.lv\/lv\/#organization"},"potentialAction":[{"@type":"SearchAction","target":{"@type":"EntryPoint","urlTemplate":"https:\/\/cosmetic.lv\/lv\/?s={search_term_string}"},"query-input":{"@type":"PropertyValueSpecification","valueRequired":true,"valueName":"search_term_string"}}],"inLanguage":"lv-LV"},{"@type":"Organization","@id":"https:\/\/cosmetic.lv\/lv\/#organization","name":"COSMETIC.LV","url":"https:\/\/cosmetic.lv\/lv\/","logo":{"@type":"ImageObject","inLanguage":"lv-LV","@id":"https:\/\/cosmetic.lv\/lv\/#\/schema\/logo\/image\/","url":"https:\/\/cosmetic.lv\/wp-content\/uploads\/2021\/02\/cosmetic.lv_logo.jpg","contentUrl":"https:\/\/cosmetic.lv\/wp-content\/uploads\/2021\/02\/cosmetic.lv_logo.jpg","width":596,"height":196,"caption":"COSMETIC.LV"},"image":{"@id":"https:\/\/cosmetic.lv\/lv\/#\/schema\/logo\/image\/"},"sameAs":["https:\/\/www.facebook.com\/cosmetic.lv\/"]}]},"product_price_amount":"12.94","product_price_currency":"EUR","og_availability":"instock","product_availability":"instock","product_retailer_item_id":"trio153","product_condition":"new"},"_links":{"self":[{"href":"https:\/\/cosmetic.lv\/lv\/wp-json\/wp\/v2\/product\/33879","targetHints":{"allow":["GET"]}}],"collection":[{"href":"https:\/\/cosmetic.lv\/lv\/wp-json\/wp\/v2\/product"}],"about":[{"href":"https:\/\/cosmetic.lv\/lv\/wp-json\/wp\/v2\/types\/product"}],"wp:featuredmedia":[{"embeddable":true,"href":"https:\/\/cosmetic.lv\/lv\/wp-json\/wp\/v2\/media\/8320"}],"wp:attachment":[{"href":"https:\/\/cosmetic.lv\/lv\/wp-json\/wp\/v2\/media?parent=33879"}],"wp:term":[{"taxonomy":"product_brand","embeddable":true,"href":"https:\/\/cosmetic.lv\/lv\/wp-json\/wp\/v2\/product_brand?post=33879"},{"taxonomy":"product_cat","embeddable":true,"href":"https:\/\/cosmetic.lv\/lv\/wp-json\/wp\/v2\/product_cat?post=33879"},{"taxonomy":"product_tag","embeddable":true,"href":"https:\/\/cosmetic.lv\/lv\/wp-json\/wp\/v2\/product_tag?post=33879"}],"curies":[{"name":"wp","href":"https:\/\/api.w.org\/{rel}","templated":true}]}}