{"id":33899,"date":"2021-02-06T19:45:59","date_gmt":"2021-02-06T17:45:59","guid":{"rendered":"https:\/\/damme.lv\/product\/echosline-matu-kondicionieris-ar-linseklu-ellu\/"},"modified":"2021-02-06T19:46:02","modified_gmt":"2021-02-06T17:46:02","slug":"echosline-matu-kondicionieris-ar-linseklu-ellu","status":"publish","type":"product","link":"https:\/\/cosmetic.lv\/lv\/product\/echosline-matu-kondicionieris-ar-linseklu-ellu\/","title":{"rendered":"Echosline Matu kondicionieris ar lins\u0113k\u013cu e\u013c\u013cu"},"content":{"rendered":"<p><P>Matu kondicionieris ar lins\u0113k\u013cu e\u013c\u013cu<\/P><br \/>\n<P>Bag\u0101tin\u0101ts ar akt\u012bv\u0101m, barojo\u0161\u0101m un kondicion\u0113jo\u0161\u0101m viel\u0101m. <\/P><br \/>\n<P>M\u012bkstina un palielina matu apjomu. <\/P><br \/>\n<P>Ide\u0101ls lieto\u0161anai p\u0113c agres\u012bvas \u0137\u012bmiskas iedarb\u012bbas \u2013 \u0137\u012bmiskajiem ilgvi\u013c\u0146iem, kr\u0101so\u0161anas. <\/P><br \/>\n<P>Piem\u0113rots visiem matu veidiem. <\/P><br \/>\n<P>LIETO\u0160ANA: p\u0113c matu mazg\u0101\u0161anas ar atbilsto\u0161u \u0161amp\u016bnu, vienm\u0113r\u012bgi iekl\u0101jiet kondicionieri\u00a0 visa matu garuma. Atst\u0101jiet uz 5-10 min. Izskalot ar lielu \u016bdens daudzumu.<\/P><br \/>\n<P>1000 ml<\/P><\/p>\n","protected":false},"excerpt":{"rendered":"<p>Matu kondicionieris ar lins\u0113k\u013cu e\u013c\u013cu Bag\u0101tin\u0101ts ar akt\u012bv\u0101m, barojo\u0161\u0101m un kondicion\u0113jo\u0161\u0101m viel\u0101m. M\u012bkstina un palielina matu apjomu. Ide\u0101ls lieto\u0161anai p\u0113c<\/p>\n","protected":false},"featured_media":15406,"template":"","meta":[],"product_brand":[],"product_cat":[2258,2266],"product_tag":[],"class_list":{"0":"post-33899","1":"product","2":"type-product","3":"status-publish","4":"has-post-thumbnail","6":"product_cat-profesionala-kosmetika-matiem-lv","7":"product_cat-echosline-professional-italy-lv","9":"first","10":"instock","11":"taxable","12":"shipping-taxable","13":"purchasable","14":"product-type-simple"},"yoast_head":"<!-- This site is optimized with the Yoast SEO Premium plugin v27.0 (Yoast SEO v27.0) - https:\/\/yoast.com\/product\/yoast-seo-premium-wordpress\/ -->\n<title>Echosline Matu kondicionieris ar lins\u0113k\u013cu e\u013c\u013cu - cosmetic.lv<\/title>\n<meta name=\"robots\" content=\"index, follow, max-snippet:-1, max-image-preview:large, max-video-preview:-1\" \/>\n<link rel=\"canonical\" href=\"https:\/\/cosmetic.lv\/lv\/product\/echosline-matu-kondicionieris-ar-linseklu-ellu\/\" \/>\n<meta property=\"og:locale\" content=\"lv_LV\" \/>\n<meta property=\"og:type\" content=\"article\" \/>\n<meta property=\"og:title\" content=\"Echosline Matu kondicionieris ar lins\u0113k\u013cu e\u013c\u013cu\" \/>\n<meta property=\"og:description\" content=\"Matu kondicionieris ar lins\u0113k\u013cu e\u013c\u013cu Bag\u0101tin\u0101ts ar akt\u012bv\u0101m, barojo\u0161\u0101m un kondicion\u0113jo\u0161\u0101m viel\u0101m. M\u012bkstina un palielina matu apjomu. Ide\u0101ls lieto\u0161anai p\u0113c\" \/>\n<meta property=\"og:url\" content=\"https:\/\/cosmetic.lv\/lv\/product\/echosline-matu-kondicionieris-ar-linseklu-ellu\/\" \/>\n<meta property=\"og:site_name\" content=\"cosmetic.lv\" \/>\n<meta property=\"article:publisher\" content=\"https:\/\/www.facebook.com\/cosmetic.lv\/\" \/>\n<meta property=\"article:modified_time\" content=\"2021-02-06T17:46:02+00:00\" \/>\n<meta property=\"og:image\" content=\"https:\/\/cosmetic.lv\/wp-content\/uploads\/2021\/02\/1343-4.jpg\" \/>\n\t<meta property=\"og:image:width\" content=\"448\" \/>\n\t<meta property=\"og:image:height\" content=\"448\" \/>\n\t<meta property=\"og:image:type\" content=\"image\/jpeg\" \/>\n<meta name=\"twitter:card\" content=\"summary_large_image\" \/>\n<script type=\"application\/ld+json\" class=\"yoast-schema-graph\">{\"@context\":\"https:\/\/schema.org\",\"@graph\":[{\"@type\":\"WebPage\",\"@id\":\"https:\/\/cosmetic.lv\/lv\/product\/echosline-matu-kondicionieris-ar-linseklu-ellu\/\",\"url\":\"https:\/\/cosmetic.lv\/lv\/product\/echosline-matu-kondicionieris-ar-linseklu-ellu\/\",\"name\":\"Echosline Matu kondicionieris ar lins\u0113k\u013cu e\u013c\u013cu - cosmetic.lv\",\"isPartOf\":{\"@id\":\"https:\/\/cosmetic.lv\/lv\/#website\"},\"primaryImageOfPage\":{\"@id\":\"https:\/\/cosmetic.lv\/lv\/product\/echosline-matu-kondicionieris-ar-linseklu-ellu\/#primaryimage\"},\"image\":{\"@id\":\"https:\/\/cosmetic.lv\/lv\/product\/echosline-matu-kondicionieris-ar-linseklu-ellu\/#primaryimage\"},\"thumbnailUrl\":\"https:\/\/cosmetic.lv\/wp-content\/uploads\/2021\/02\/1343-4.jpg\",\"datePublished\":\"2021-02-06T17:45:59+00:00\",\"dateModified\":\"2021-02-06T17:46:02+00:00\",\"breadcrumb\":{\"@id\":\"https:\/\/cosmetic.lv\/lv\/product\/echosline-matu-kondicionieris-ar-linseklu-ellu\/#breadcrumb\"},\"inLanguage\":\"lv-LV\",\"potentialAction\":[{\"@type\":\"ReadAction\",\"target\":[\"https:\/\/cosmetic.lv\/lv\/product\/echosline-matu-kondicionieris-ar-linseklu-ellu\/\"]}]},{\"@type\":\"ImageObject\",\"inLanguage\":\"lv-LV\",\"@id\":\"https:\/\/cosmetic.lv\/lv\/product\/echosline-matu-kondicionieris-ar-linseklu-ellu\/#primaryimage\",\"url\":\"https:\/\/cosmetic.lv\/wp-content\/uploads\/2021\/02\/1343-4.jpg\",\"contentUrl\":\"https:\/\/cosmetic.lv\/wp-content\/uploads\/2021\/02\/1343-4.jpg\",\"width\":448,\"height\":448,\"caption\":\"1343.jpg\"},{\"@type\":\"BreadcrumbList\",\"@id\":\"https:\/\/cosmetic.lv\/lv\/product\/echosline-matu-kondicionieris-ar-linseklu-ellu\/#breadcrumb\",\"itemListElement\":[{\"@type\":\"ListItem\",\"position\":1,\"name\":\"Home\",\"item\":\"https:\/\/cosmetic.lv\/lv\/\"},{\"@type\":\"ListItem\",\"position\":2,\"name\":\"Veikals\",\"item\":\"https:\/\/cosmetic.lv\/lv\/veiklas\/\"},{\"@type\":\"ListItem\",\"position\":3,\"name\":\"Echosline Matu kondicionieris ar lins\u0113k\u013cu e\u013c\u013cu\"}]},{\"@type\":\"WebSite\",\"@id\":\"https:\/\/cosmetic.lv\/lv\/#website\",\"url\":\"https:\/\/cosmetic.lv\/lv\/\",\"name\":\"cosmetic.lv\",\"description\":\"Profesion\u0101la kosm\u0113tika - Maria Galland, Keune, Arkadija, GMT, Guam, Magiray\",\"publisher\":{\"@id\":\"https:\/\/cosmetic.lv\/lv\/#organization\"},\"potentialAction\":[{\"@type\":\"SearchAction\",\"target\":{\"@type\":\"EntryPoint\",\"urlTemplate\":\"https:\/\/cosmetic.lv\/lv\/?s={search_term_string}\"},\"query-input\":{\"@type\":\"PropertyValueSpecification\",\"valueRequired\":true,\"valueName\":\"search_term_string\"}}],\"inLanguage\":\"lv-LV\"},{\"@type\":\"Organization\",\"@id\":\"https:\/\/cosmetic.lv\/lv\/#organization\",\"name\":\"COSMETIC.LV\",\"url\":\"https:\/\/cosmetic.lv\/lv\/\",\"logo\":{\"@type\":\"ImageObject\",\"inLanguage\":\"lv-LV\",\"@id\":\"https:\/\/cosmetic.lv\/lv\/#\/schema\/logo\/image\/\",\"url\":\"https:\/\/cosmetic.lv\/wp-content\/uploads\/2021\/02\/cosmetic.lv_logo.jpg\",\"contentUrl\":\"https:\/\/cosmetic.lv\/wp-content\/uploads\/2021\/02\/cosmetic.lv_logo.jpg\",\"width\":596,\"height\":196,\"caption\":\"COSMETIC.LV\"},\"image\":{\"@id\":\"https:\/\/cosmetic.lv\/lv\/#\/schema\/logo\/image\/\"},\"sameAs\":[\"https:\/\/www.facebook.com\/cosmetic.lv\/\"]}]}<\/script>\n<meta property=\"product:price:amount\" content=\"8.76\" \/>\n<meta property=\"product:price:currency\" content=\"EUR\" \/>\n<meta property=\"og:availability\" content=\"instock\" \/>\n<meta property=\"product:availability\" content=\"instock\" \/>\n<meta property=\"product:retailer_item_id\" content=\"trio1343\" \/>\n<meta property=\"product:condition\" content=\"new\" \/>\n<!-- \/ Yoast SEO Premium plugin. -->","yoast_head_json":{"title":"Echosline Matu kondicionieris ar lins\u0113k\u013cu e\u013c\u013cu - cosmetic.lv","robots":{"index":"index","follow":"follow","max-snippet":"max-snippet:-1","max-image-preview":"max-image-preview:large","max-video-preview":"max-video-preview:-1"},"canonical":"https:\/\/cosmetic.lv\/lv\/product\/echosline-matu-kondicionieris-ar-linseklu-ellu\/","og_locale":"lv_LV","og_type":"article","og_title":"Echosline Matu kondicionieris ar lins\u0113k\u013cu e\u013c\u013cu","og_description":"Matu kondicionieris ar lins\u0113k\u013cu e\u013c\u013cu Bag\u0101tin\u0101ts ar akt\u012bv\u0101m, barojo\u0161\u0101m un kondicion\u0113jo\u0161\u0101m viel\u0101m. M\u012bkstina un palielina matu apjomu. Ide\u0101ls lieto\u0161anai p\u0113c","og_url":"https:\/\/cosmetic.lv\/lv\/product\/echosline-matu-kondicionieris-ar-linseklu-ellu\/","og_site_name":"cosmetic.lv","article_publisher":"https:\/\/www.facebook.com\/cosmetic.lv\/","article_modified_time":"2021-02-06T17:46:02+00:00","og_image":[{"width":448,"height":448,"url":"https:\/\/cosmetic.lv\/wp-content\/uploads\/2021\/02\/1343-4.jpg","type":"image\/jpeg"}],"twitter_card":"summary_large_image","schema":{"@context":"https:\/\/schema.org","@graph":[{"@type":"WebPage","@id":"https:\/\/cosmetic.lv\/lv\/product\/echosline-matu-kondicionieris-ar-linseklu-ellu\/","url":"https:\/\/cosmetic.lv\/lv\/product\/echosline-matu-kondicionieris-ar-linseklu-ellu\/","name":"Echosline Matu kondicionieris ar lins\u0113k\u013cu e\u013c\u013cu - cosmetic.lv","isPartOf":{"@id":"https:\/\/cosmetic.lv\/lv\/#website"},"primaryImageOfPage":{"@id":"https:\/\/cosmetic.lv\/lv\/product\/echosline-matu-kondicionieris-ar-linseklu-ellu\/#primaryimage"},"image":{"@id":"https:\/\/cosmetic.lv\/lv\/product\/echosline-matu-kondicionieris-ar-linseklu-ellu\/#primaryimage"},"thumbnailUrl":"https:\/\/cosmetic.lv\/wp-content\/uploads\/2021\/02\/1343-4.jpg","datePublished":"2021-02-06T17:45:59+00:00","dateModified":"2021-02-06T17:46:02+00:00","breadcrumb":{"@id":"https:\/\/cosmetic.lv\/lv\/product\/echosline-matu-kondicionieris-ar-linseklu-ellu\/#breadcrumb"},"inLanguage":"lv-LV","potentialAction":[{"@type":"ReadAction","target":["https:\/\/cosmetic.lv\/lv\/product\/echosline-matu-kondicionieris-ar-linseklu-ellu\/"]}]},{"@type":"ImageObject","inLanguage":"lv-LV","@id":"https:\/\/cosmetic.lv\/lv\/product\/echosline-matu-kondicionieris-ar-linseklu-ellu\/#primaryimage","url":"https:\/\/cosmetic.lv\/wp-content\/uploads\/2021\/02\/1343-4.jpg","contentUrl":"https:\/\/cosmetic.lv\/wp-content\/uploads\/2021\/02\/1343-4.jpg","width":448,"height":448,"caption":"1343.jpg"},{"@type":"BreadcrumbList","@id":"https:\/\/cosmetic.lv\/lv\/product\/echosline-matu-kondicionieris-ar-linseklu-ellu\/#breadcrumb","itemListElement":[{"@type":"ListItem","position":1,"name":"Home","item":"https:\/\/cosmetic.lv\/lv\/"},{"@type":"ListItem","position":2,"name":"Veikals","item":"https:\/\/cosmetic.lv\/lv\/veiklas\/"},{"@type":"ListItem","position":3,"name":"Echosline Matu kondicionieris ar lins\u0113k\u013cu e\u013c\u013cu"}]},{"@type":"WebSite","@id":"https:\/\/cosmetic.lv\/lv\/#website","url":"https:\/\/cosmetic.lv\/lv\/","name":"cosmetic.lv","description":"Profesion\u0101la kosm\u0113tika - Maria Galland, Keune, Arkadija, GMT, Guam, Magiray","publisher":{"@id":"https:\/\/cosmetic.lv\/lv\/#organization"},"potentialAction":[{"@type":"SearchAction","target":{"@type":"EntryPoint","urlTemplate":"https:\/\/cosmetic.lv\/lv\/?s={search_term_string}"},"query-input":{"@type":"PropertyValueSpecification","valueRequired":true,"valueName":"search_term_string"}}],"inLanguage":"lv-LV"},{"@type":"Organization","@id":"https:\/\/cosmetic.lv\/lv\/#organization","name":"COSMETIC.LV","url":"https:\/\/cosmetic.lv\/lv\/","logo":{"@type":"ImageObject","inLanguage":"lv-LV","@id":"https:\/\/cosmetic.lv\/lv\/#\/schema\/logo\/image\/","url":"https:\/\/cosmetic.lv\/wp-content\/uploads\/2021\/02\/cosmetic.lv_logo.jpg","contentUrl":"https:\/\/cosmetic.lv\/wp-content\/uploads\/2021\/02\/cosmetic.lv_logo.jpg","width":596,"height":196,"caption":"COSMETIC.LV"},"image":{"@id":"https:\/\/cosmetic.lv\/lv\/#\/schema\/logo\/image\/"},"sameAs":["https:\/\/www.facebook.com\/cosmetic.lv\/"]}]},"product_price_amount":"8.76","product_price_currency":"EUR","og_availability":"instock","product_availability":"instock","product_retailer_item_id":"trio1343","product_condition":"new"},"_links":{"self":[{"href":"https:\/\/cosmetic.lv\/lv\/wp-json\/wp\/v2\/product\/33899","targetHints":{"allow":["GET"]}}],"collection":[{"href":"https:\/\/cosmetic.lv\/lv\/wp-json\/wp\/v2\/product"}],"about":[{"href":"https:\/\/cosmetic.lv\/lv\/wp-json\/wp\/v2\/types\/product"}],"wp:featuredmedia":[{"embeddable":true,"href":"https:\/\/cosmetic.lv\/lv\/wp-json\/wp\/v2\/media\/15406"}],"wp:attachment":[{"href":"https:\/\/cosmetic.lv\/lv\/wp-json\/wp\/v2\/media?parent=33899"}],"wp:term":[{"taxonomy":"product_brand","embeddable":true,"href":"https:\/\/cosmetic.lv\/lv\/wp-json\/wp\/v2\/product_brand?post=33899"},{"taxonomy":"product_cat","embeddable":true,"href":"https:\/\/cosmetic.lv\/lv\/wp-json\/wp\/v2\/product_cat?post=33899"},{"taxonomy":"product_tag","embeddable":true,"href":"https:\/\/cosmetic.lv\/lv\/wp-json\/wp\/v2\/product_tag?post=33899"}],"curies":[{"name":"wp","href":"https:\/\/api.w.org\/{rel}","templated":true}]}}