{"id":33900,"date":"2021-02-06T19:45:59","date_gmt":"2021-02-06T17:45:59","guid":{"rendered":"https:\/\/damme.lv\/product\/echosline-matu-putas-ar-zida-proteiniem\/"},"modified":"2021-02-06T19:46:03","modified_gmt":"2021-02-06T17:46:03","slug":"echosline-matu-putas-ar-zida-proteiniem","status":"publish","type":"product","link":"https:\/\/cosmetic.lv\/lv\/product\/echosline-matu-putas-ar-zida-proteiniem\/","title":{"rendered":"Echosline MATU PUTAS AR Z\u012aDA PROTE\u012aNIEM"},"content":{"rendered":"<p><P>Padara matus viegli ieveidojamus. Putas garant\u0113 lielisku rezult\u0101tu jebkuram matu sak\u0101rtojumam, ilgi turas, nostiprina cirtas , taj\u0101 pa\u0161\u0101 laik\u0101, \u013cauj matiem izskat\u012bties dabiski. Satur z\u012bda prote\u012bnus un kvie\u0161u d\u012bg\u013cus, kuri atjauno boj\u0101tus matus. LIETO\u0160ANA: iekl\u0101jiet mitros matos visa garuma un p\u0113c tam veidojiet. Stipr\u0101kai fiks\u0101cijai putas tiek ieziestas sausu matu atsevi\u0161\u0137\u0101s \u0161\u0137ipsn\u0101s.<\/P><br \/>\n<P>400 ml<\/P><\/p>\n","protected":false},"excerpt":{"rendered":"<p>Padara matus viegli ieveidojamus. Putas garant\u0113 lielisku rezult\u0101tu jebkuram matu sak\u0101rtojumam, ilgi turas, nostiprina cirtas , taj\u0101 pa\u0161\u0101 laik\u0101, \u013cauj<\/p>\n","protected":false},"featured_media":15409,"template":"","meta":[],"product_brand":[],"product_cat":[2258,2266],"product_tag":[],"class_list":{"0":"post-33900","1":"product","2":"type-product","3":"status-publish","4":"has-post-thumbnail","6":"product_cat-profesionala-kosmetika-matiem-lv","7":"product_cat-echosline-professional-italy-lv","9":"first","10":"instock","11":"taxable","12":"shipping-taxable","13":"purchasable","14":"product-type-simple"},"yoast_head":"<!-- This site is optimized with the Yoast SEO Premium plugin v27.0 (Yoast SEO v27.0) - https:\/\/yoast.com\/product\/yoast-seo-premium-wordpress\/ -->\n<title>Echosline MATU PUTAS AR Z\u012aDA PROTE\u012aNIEM - cosmetic.lv<\/title>\n<meta name=\"robots\" content=\"index, follow, max-snippet:-1, max-image-preview:large, max-video-preview:-1\" \/>\n<link rel=\"canonical\" href=\"https:\/\/cosmetic.lv\/lv\/product\/echosline-matu-putas-ar-zida-proteiniem\/\" \/>\n<meta property=\"og:locale\" content=\"lv_LV\" \/>\n<meta property=\"og:type\" content=\"article\" \/>\n<meta property=\"og:title\" content=\"Echosline MATU PUTAS AR Z\u012aDA PROTE\u012aNIEM\" \/>\n<meta property=\"og:description\" content=\"Padara matus viegli ieveidojamus. Putas garant\u0113 lielisku rezult\u0101tu jebkuram matu sak\u0101rtojumam, ilgi turas, nostiprina cirtas , taj\u0101 pa\u0161\u0101 laik\u0101, \u013cauj\" \/>\n<meta property=\"og:url\" content=\"https:\/\/cosmetic.lv\/lv\/product\/echosline-matu-putas-ar-zida-proteiniem\/\" \/>\n<meta property=\"og:site_name\" content=\"cosmetic.lv\" \/>\n<meta property=\"article:publisher\" content=\"https:\/\/www.facebook.com\/cosmetic.lv\/\" \/>\n<meta property=\"article:modified_time\" content=\"2021-02-06T17:46:03+00:00\" \/>\n<meta property=\"og:image\" content=\"https:\/\/cosmetic.lv\/wp-content\/uploads\/2021\/02\/matu-putas-ar-zida-prot-4.jpg\" \/>\n\t<meta property=\"og:image:width\" content=\"424\" \/>\n\t<meta property=\"og:image:height\" content=\"424\" \/>\n\t<meta property=\"og:image:type\" content=\"image\/jpeg\" \/>\n<meta name=\"twitter:card\" content=\"summary_large_image\" \/>\n<script type=\"application\/ld+json\" class=\"yoast-schema-graph\">{\"@context\":\"https:\/\/schema.org\",\"@graph\":[{\"@type\":\"WebPage\",\"@id\":\"https:\/\/cosmetic.lv\/lv\/product\/echosline-matu-putas-ar-zida-proteiniem\/\",\"url\":\"https:\/\/cosmetic.lv\/lv\/product\/echosline-matu-putas-ar-zida-proteiniem\/\",\"name\":\"Echosline MATU PUTAS AR Z\u012aDA PROTE\u012aNIEM - cosmetic.lv\",\"isPartOf\":{\"@id\":\"https:\/\/cosmetic.lv\/lv\/#website\"},\"primaryImageOfPage\":{\"@id\":\"https:\/\/cosmetic.lv\/lv\/product\/echosline-matu-putas-ar-zida-proteiniem\/#primaryimage\"},\"image\":{\"@id\":\"https:\/\/cosmetic.lv\/lv\/product\/echosline-matu-putas-ar-zida-proteiniem\/#primaryimage\"},\"thumbnailUrl\":\"https:\/\/cosmetic.lv\/wp-content\/uploads\/2021\/02\/matu-putas-ar-zida-prot-4.jpg\",\"datePublished\":\"2021-02-06T17:45:59+00:00\",\"dateModified\":\"2021-02-06T17:46:03+00:00\",\"breadcrumb\":{\"@id\":\"https:\/\/cosmetic.lv\/lv\/product\/echosline-matu-putas-ar-zida-proteiniem\/#breadcrumb\"},\"inLanguage\":\"lv-LV\",\"potentialAction\":[{\"@type\":\"ReadAction\",\"target\":[\"https:\/\/cosmetic.lv\/lv\/product\/echosline-matu-putas-ar-zida-proteiniem\/\"]}]},{\"@type\":\"ImageObject\",\"inLanguage\":\"lv-LV\",\"@id\":\"https:\/\/cosmetic.lv\/lv\/product\/echosline-matu-putas-ar-zida-proteiniem\/#primaryimage\",\"url\":\"https:\/\/cosmetic.lv\/wp-content\/uploads\/2021\/02\/matu-putas-ar-zida-prot-4.jpg\",\"contentUrl\":\"https:\/\/cosmetic.lv\/wp-content\/uploads\/2021\/02\/matu-putas-ar-zida-prot-4.jpg\",\"width\":424,\"height\":424,\"caption\":\"matu-putas-ar-zida-prot.jpg\"},{\"@type\":\"BreadcrumbList\",\"@id\":\"https:\/\/cosmetic.lv\/lv\/product\/echosline-matu-putas-ar-zida-proteiniem\/#breadcrumb\",\"itemListElement\":[{\"@type\":\"ListItem\",\"position\":1,\"name\":\"Home\",\"item\":\"https:\/\/cosmetic.lv\/lv\/\"},{\"@type\":\"ListItem\",\"position\":2,\"name\":\"Veikals\",\"item\":\"https:\/\/cosmetic.lv\/lv\/veiklas\/\"},{\"@type\":\"ListItem\",\"position\":3,\"name\":\"Echosline MATU PUTAS AR Z\u012aDA PROTE\u012aNIEM\"}]},{\"@type\":\"WebSite\",\"@id\":\"https:\/\/cosmetic.lv\/lv\/#website\",\"url\":\"https:\/\/cosmetic.lv\/lv\/\",\"name\":\"cosmetic.lv\",\"description\":\"Profesion\u0101la kosm\u0113tika - Maria Galland, Keune, Arkadija, GMT, Guam, Magiray\",\"publisher\":{\"@id\":\"https:\/\/cosmetic.lv\/lv\/#organization\"},\"potentialAction\":[{\"@type\":\"SearchAction\",\"target\":{\"@type\":\"EntryPoint\",\"urlTemplate\":\"https:\/\/cosmetic.lv\/lv\/?s={search_term_string}\"},\"query-input\":{\"@type\":\"PropertyValueSpecification\",\"valueRequired\":true,\"valueName\":\"search_term_string\"}}],\"inLanguage\":\"lv-LV\"},{\"@type\":\"Organization\",\"@id\":\"https:\/\/cosmetic.lv\/lv\/#organization\",\"name\":\"COSMETIC.LV\",\"url\":\"https:\/\/cosmetic.lv\/lv\/\",\"logo\":{\"@type\":\"ImageObject\",\"inLanguage\":\"lv-LV\",\"@id\":\"https:\/\/cosmetic.lv\/lv\/#\/schema\/logo\/image\/\",\"url\":\"https:\/\/cosmetic.lv\/wp-content\/uploads\/2021\/02\/cosmetic.lv_logo.jpg\",\"contentUrl\":\"https:\/\/cosmetic.lv\/wp-content\/uploads\/2021\/02\/cosmetic.lv_logo.jpg\",\"width\":596,\"height\":196,\"caption\":\"COSMETIC.LV\"},\"image\":{\"@id\":\"https:\/\/cosmetic.lv\/lv\/#\/schema\/logo\/image\/\"},\"sameAs\":[\"https:\/\/www.facebook.com\/cosmetic.lv\/\"]}]}<\/script>\n<meta property=\"product:price:amount\" content=\"12.94\" \/>\n<meta property=\"product:price:currency\" content=\"EUR\" \/>\n<meta property=\"og:availability\" content=\"instock\" \/>\n<meta property=\"product:availability\" content=\"instock\" \/>\n<meta property=\"product:retailer_item_id\" content=\"trio9734\" \/>\n<meta property=\"product:condition\" content=\"new\" \/>\n<!-- \/ Yoast SEO Premium plugin. -->","yoast_head_json":{"title":"Echosline MATU PUTAS AR Z\u012aDA PROTE\u012aNIEM - cosmetic.lv","robots":{"index":"index","follow":"follow","max-snippet":"max-snippet:-1","max-image-preview":"max-image-preview:large","max-video-preview":"max-video-preview:-1"},"canonical":"https:\/\/cosmetic.lv\/lv\/product\/echosline-matu-putas-ar-zida-proteiniem\/","og_locale":"lv_LV","og_type":"article","og_title":"Echosline MATU PUTAS AR Z\u012aDA PROTE\u012aNIEM","og_description":"Padara matus viegli ieveidojamus. Putas garant\u0113 lielisku rezult\u0101tu jebkuram matu sak\u0101rtojumam, ilgi turas, nostiprina cirtas , taj\u0101 pa\u0161\u0101 laik\u0101, \u013cauj","og_url":"https:\/\/cosmetic.lv\/lv\/product\/echosline-matu-putas-ar-zida-proteiniem\/","og_site_name":"cosmetic.lv","article_publisher":"https:\/\/www.facebook.com\/cosmetic.lv\/","article_modified_time":"2021-02-06T17:46:03+00:00","og_image":[{"width":424,"height":424,"url":"https:\/\/cosmetic.lv\/wp-content\/uploads\/2021\/02\/matu-putas-ar-zida-prot-4.jpg","type":"image\/jpeg"}],"twitter_card":"summary_large_image","schema":{"@context":"https:\/\/schema.org","@graph":[{"@type":"WebPage","@id":"https:\/\/cosmetic.lv\/lv\/product\/echosline-matu-putas-ar-zida-proteiniem\/","url":"https:\/\/cosmetic.lv\/lv\/product\/echosline-matu-putas-ar-zida-proteiniem\/","name":"Echosline MATU PUTAS AR Z\u012aDA PROTE\u012aNIEM - cosmetic.lv","isPartOf":{"@id":"https:\/\/cosmetic.lv\/lv\/#website"},"primaryImageOfPage":{"@id":"https:\/\/cosmetic.lv\/lv\/product\/echosline-matu-putas-ar-zida-proteiniem\/#primaryimage"},"image":{"@id":"https:\/\/cosmetic.lv\/lv\/product\/echosline-matu-putas-ar-zida-proteiniem\/#primaryimage"},"thumbnailUrl":"https:\/\/cosmetic.lv\/wp-content\/uploads\/2021\/02\/matu-putas-ar-zida-prot-4.jpg","datePublished":"2021-02-06T17:45:59+00:00","dateModified":"2021-02-06T17:46:03+00:00","breadcrumb":{"@id":"https:\/\/cosmetic.lv\/lv\/product\/echosline-matu-putas-ar-zida-proteiniem\/#breadcrumb"},"inLanguage":"lv-LV","potentialAction":[{"@type":"ReadAction","target":["https:\/\/cosmetic.lv\/lv\/product\/echosline-matu-putas-ar-zida-proteiniem\/"]}]},{"@type":"ImageObject","inLanguage":"lv-LV","@id":"https:\/\/cosmetic.lv\/lv\/product\/echosline-matu-putas-ar-zida-proteiniem\/#primaryimage","url":"https:\/\/cosmetic.lv\/wp-content\/uploads\/2021\/02\/matu-putas-ar-zida-prot-4.jpg","contentUrl":"https:\/\/cosmetic.lv\/wp-content\/uploads\/2021\/02\/matu-putas-ar-zida-prot-4.jpg","width":424,"height":424,"caption":"matu-putas-ar-zida-prot.jpg"},{"@type":"BreadcrumbList","@id":"https:\/\/cosmetic.lv\/lv\/product\/echosline-matu-putas-ar-zida-proteiniem\/#breadcrumb","itemListElement":[{"@type":"ListItem","position":1,"name":"Home","item":"https:\/\/cosmetic.lv\/lv\/"},{"@type":"ListItem","position":2,"name":"Veikals","item":"https:\/\/cosmetic.lv\/lv\/veiklas\/"},{"@type":"ListItem","position":3,"name":"Echosline MATU PUTAS AR Z\u012aDA PROTE\u012aNIEM"}]},{"@type":"WebSite","@id":"https:\/\/cosmetic.lv\/lv\/#website","url":"https:\/\/cosmetic.lv\/lv\/","name":"cosmetic.lv","description":"Profesion\u0101la kosm\u0113tika - Maria Galland, Keune, Arkadija, GMT, Guam, Magiray","publisher":{"@id":"https:\/\/cosmetic.lv\/lv\/#organization"},"potentialAction":[{"@type":"SearchAction","target":{"@type":"EntryPoint","urlTemplate":"https:\/\/cosmetic.lv\/lv\/?s={search_term_string}"},"query-input":{"@type":"PropertyValueSpecification","valueRequired":true,"valueName":"search_term_string"}}],"inLanguage":"lv-LV"},{"@type":"Organization","@id":"https:\/\/cosmetic.lv\/lv\/#organization","name":"COSMETIC.LV","url":"https:\/\/cosmetic.lv\/lv\/","logo":{"@type":"ImageObject","inLanguage":"lv-LV","@id":"https:\/\/cosmetic.lv\/lv\/#\/schema\/logo\/image\/","url":"https:\/\/cosmetic.lv\/wp-content\/uploads\/2021\/02\/cosmetic.lv_logo.jpg","contentUrl":"https:\/\/cosmetic.lv\/wp-content\/uploads\/2021\/02\/cosmetic.lv_logo.jpg","width":596,"height":196,"caption":"COSMETIC.LV"},"image":{"@id":"https:\/\/cosmetic.lv\/lv\/#\/schema\/logo\/image\/"},"sameAs":["https:\/\/www.facebook.com\/cosmetic.lv\/"]}]},"product_price_amount":"12.94","product_price_currency":"EUR","og_availability":"instock","product_availability":"instock","product_retailer_item_id":"trio9734","product_condition":"new"},"_links":{"self":[{"href":"https:\/\/cosmetic.lv\/lv\/wp-json\/wp\/v2\/product\/33900","targetHints":{"allow":["GET"]}}],"collection":[{"href":"https:\/\/cosmetic.lv\/lv\/wp-json\/wp\/v2\/product"}],"about":[{"href":"https:\/\/cosmetic.lv\/lv\/wp-json\/wp\/v2\/types\/product"}],"wp:featuredmedia":[{"embeddable":true,"href":"https:\/\/cosmetic.lv\/lv\/wp-json\/wp\/v2\/media\/15409"}],"wp:attachment":[{"href":"https:\/\/cosmetic.lv\/lv\/wp-json\/wp\/v2\/media?parent=33900"}],"wp:term":[{"taxonomy":"product_brand","embeddable":true,"href":"https:\/\/cosmetic.lv\/lv\/wp-json\/wp\/v2\/product_brand?post=33900"},{"taxonomy":"product_cat","embeddable":true,"href":"https:\/\/cosmetic.lv\/lv\/wp-json\/wp\/v2\/product_cat?post=33900"},{"taxonomy":"product_tag","embeddable":true,"href":"https:\/\/cosmetic.lv\/lv\/wp-json\/wp\/v2\/product_tag?post=33900"}],"curies":[{"name":"wp","href":"https:\/\/api.w.org\/{rel}","templated":true}]}}