{"id":33902,"date":"2021-02-06T19:45:59","date_gmt":"2021-02-06T17:45:59","guid":{"rendered":"https:\/\/damme.lv\/product\/echosline-izsmidzinamais-lidzeklis-apjomam\/"},"modified":"2021-02-06T19:46:04","modified_gmt":"2021-02-06T17:46:04","slug":"echosline-izsmidzinamais-lidzeklis-apjomam","status":"publish","type":"product","link":"https:\/\/cosmetic.lv\/lv\/product\/echosline-izsmidzinamais-lidzeklis-apjomam\/","title":{"rendered":"Echosline IZSMIDZIN\u0100MAIS L\u012aDZEKLIS APJOMAM"},"content":{"rendered":"<p><P>Pie\u0161\u0137ir matiem stipru fiks\u0101ciju un apjomu, neatst\u0101j atliekas. Ir ide\u0101ls smalkiem un boj\u0101tiem matiem. Satur pantenolu\u00a0 un malah\u012bta ekstraktu, kur\u0161 pies\u0101tina matus ar miner\u0101liem, mitrina, aizsarg\u0101 no br\u012bvu radik\u0101\u013cu veido\u0161anas un pie\u0161\u0137ir tiem mirdzumu.\u00a0 LIETO\u0160ANA: iekl\u0101t mitros matos, tie\u0161i uz sakn\u0113m, iz\u0137emm\u0113t un ieveidot.<\/P><br \/>\n<P>250 ml<\/P><\/p>\n","protected":false},"excerpt":{"rendered":"<p>Pie\u0161\u0137ir matiem stipru fiks\u0101ciju un apjomu, neatst\u0101j atliekas. Ir ide\u0101ls smalkiem un boj\u0101tiem matiem. Satur pantenolu\u00a0 un malah\u012bta ekstraktu, kur\u0161<\/p>\n","protected":false},"featured_media":15415,"template":"","meta":[],"product_brand":[],"product_cat":[2258,2266],"product_tag":[],"class_list":{"0":"post-33902","1":"product","2":"type-product","3":"status-publish","4":"has-post-thumbnail","6":"product_cat-profesionala-kosmetika-matiem-lv","7":"product_cat-echosline-professional-italy-lv","9":"first","10":"instock","11":"taxable","12":"shipping-taxable","13":"purchasable","14":"product-type-simple"},"yoast_head":"<!-- This site is optimized with the Yoast SEO Premium plugin v27.0 (Yoast SEO v27.0) - https:\/\/yoast.com\/product\/yoast-seo-premium-wordpress\/ -->\n<title>Echosline IZSMIDZIN\u0100MAIS L\u012aDZEKLIS APJOMAM - cosmetic.lv<\/title>\n<meta name=\"robots\" content=\"index, follow, max-snippet:-1, max-image-preview:large, max-video-preview:-1\" \/>\n<link rel=\"canonical\" href=\"https:\/\/cosmetic.lv\/lv\/product\/echosline-izsmidzinamais-lidzeklis-apjomam\/\" \/>\n<meta property=\"og:locale\" content=\"lv_LV\" \/>\n<meta property=\"og:type\" content=\"article\" \/>\n<meta property=\"og:title\" content=\"Echosline IZSMIDZIN\u0100MAIS L\u012aDZEKLIS APJOMAM\" \/>\n<meta property=\"og:description\" content=\"Pie\u0161\u0137ir matiem stipru fiks\u0101ciju un apjomu, neatst\u0101j atliekas. Ir ide\u0101ls smalkiem un boj\u0101tiem matiem. Satur pantenolu\u00a0 un malah\u012bta ekstraktu, kur\u0161\" \/>\n<meta property=\"og:url\" content=\"https:\/\/cosmetic.lv\/lv\/product\/echosline-izsmidzinamais-lidzeklis-apjomam\/\" \/>\n<meta property=\"og:site_name\" content=\"cosmetic.lv\" \/>\n<meta property=\"article:publisher\" content=\"https:\/\/www.facebook.com\/cosmetic.lv\/\" \/>\n<meta property=\"article:modified_time\" content=\"2021-02-06T17:46:04+00:00\" \/>\n<meta property=\"og:image\" content=\"https:\/\/cosmetic.lv\/wp-content\/uploads\/2021\/02\/izsmidzinamais-lidzeklis-4.jpg\" \/>\n\t<meta property=\"og:image:width\" content=\"424\" \/>\n\t<meta property=\"og:image:height\" content=\"424\" \/>\n\t<meta property=\"og:image:type\" content=\"image\/jpeg\" \/>\n<meta name=\"twitter:card\" content=\"summary_large_image\" \/>\n<script type=\"application\/ld+json\" class=\"yoast-schema-graph\">{\"@context\":\"https:\/\/schema.org\",\"@graph\":[{\"@type\":\"WebPage\",\"@id\":\"https:\/\/cosmetic.lv\/lv\/product\/echosline-izsmidzinamais-lidzeklis-apjomam\/\",\"url\":\"https:\/\/cosmetic.lv\/lv\/product\/echosline-izsmidzinamais-lidzeklis-apjomam\/\",\"name\":\"Echosline IZSMIDZIN\u0100MAIS L\u012aDZEKLIS APJOMAM - cosmetic.lv\",\"isPartOf\":{\"@id\":\"https:\/\/cosmetic.lv\/lv\/#website\"},\"primaryImageOfPage\":{\"@id\":\"https:\/\/cosmetic.lv\/lv\/product\/echosline-izsmidzinamais-lidzeklis-apjomam\/#primaryimage\"},\"image\":{\"@id\":\"https:\/\/cosmetic.lv\/lv\/product\/echosline-izsmidzinamais-lidzeklis-apjomam\/#primaryimage\"},\"thumbnailUrl\":\"https:\/\/cosmetic.lv\/wp-content\/uploads\/2021\/02\/izsmidzinamais-lidzeklis-4.jpg\",\"datePublished\":\"2021-02-06T17:45:59+00:00\",\"dateModified\":\"2021-02-06T17:46:04+00:00\",\"breadcrumb\":{\"@id\":\"https:\/\/cosmetic.lv\/lv\/product\/echosline-izsmidzinamais-lidzeklis-apjomam\/#breadcrumb\"},\"inLanguage\":\"lv-LV\",\"potentialAction\":[{\"@type\":\"ReadAction\",\"target\":[\"https:\/\/cosmetic.lv\/lv\/product\/echosline-izsmidzinamais-lidzeklis-apjomam\/\"]}]},{\"@type\":\"ImageObject\",\"inLanguage\":\"lv-LV\",\"@id\":\"https:\/\/cosmetic.lv\/lv\/product\/echosline-izsmidzinamais-lidzeklis-apjomam\/#primaryimage\",\"url\":\"https:\/\/cosmetic.lv\/wp-content\/uploads\/2021\/02\/izsmidzinamais-lidzeklis-4.jpg\",\"contentUrl\":\"https:\/\/cosmetic.lv\/wp-content\/uploads\/2021\/02\/izsmidzinamais-lidzeklis-4.jpg\",\"width\":424,\"height\":424,\"caption\":\"izsmidzinamais-lidzeklis.jpg\"},{\"@type\":\"BreadcrumbList\",\"@id\":\"https:\/\/cosmetic.lv\/lv\/product\/echosline-izsmidzinamais-lidzeklis-apjomam\/#breadcrumb\",\"itemListElement\":[{\"@type\":\"ListItem\",\"position\":1,\"name\":\"Home\",\"item\":\"https:\/\/cosmetic.lv\/lv\/\"},{\"@type\":\"ListItem\",\"position\":2,\"name\":\"Veikals\",\"item\":\"https:\/\/cosmetic.lv\/lv\/veiklas\/\"},{\"@type\":\"ListItem\",\"position\":3,\"name\":\"Echosline IZSMIDZIN\u0100MAIS L\u012aDZEKLIS APJOMAM\"}]},{\"@type\":\"WebSite\",\"@id\":\"https:\/\/cosmetic.lv\/lv\/#website\",\"url\":\"https:\/\/cosmetic.lv\/lv\/\",\"name\":\"cosmetic.lv\",\"description\":\"Profesion\u0101la kosm\u0113tika - Maria Galland, Keune, Arkadija, GMT, Guam, Magiray\",\"publisher\":{\"@id\":\"https:\/\/cosmetic.lv\/lv\/#organization\"},\"potentialAction\":[{\"@type\":\"SearchAction\",\"target\":{\"@type\":\"EntryPoint\",\"urlTemplate\":\"https:\/\/cosmetic.lv\/lv\/?s={search_term_string}\"},\"query-input\":{\"@type\":\"PropertyValueSpecification\",\"valueRequired\":true,\"valueName\":\"search_term_string\"}}],\"inLanguage\":\"lv-LV\"},{\"@type\":\"Organization\",\"@id\":\"https:\/\/cosmetic.lv\/lv\/#organization\",\"name\":\"COSMETIC.LV\",\"url\":\"https:\/\/cosmetic.lv\/lv\/\",\"logo\":{\"@type\":\"ImageObject\",\"inLanguage\":\"lv-LV\",\"@id\":\"https:\/\/cosmetic.lv\/lv\/#\/schema\/logo\/image\/\",\"url\":\"https:\/\/cosmetic.lv\/wp-content\/uploads\/2021\/02\/cosmetic.lv_logo.jpg\",\"contentUrl\":\"https:\/\/cosmetic.lv\/wp-content\/uploads\/2021\/02\/cosmetic.lv_logo.jpg\",\"width\":596,\"height\":196,\"caption\":\"COSMETIC.LV\"},\"image\":{\"@id\":\"https:\/\/cosmetic.lv\/lv\/#\/schema\/logo\/image\/\"},\"sameAs\":[\"https:\/\/www.facebook.com\/cosmetic.lv\/\"]}]}<\/script>\n<meta property=\"product:price:amount\" content=\"10.26\" \/>\n<meta property=\"product:price:currency\" content=\"EUR\" \/>\n<meta property=\"og:availability\" content=\"instock\" \/>\n<meta property=\"product:availability\" content=\"instock\" \/>\n<meta property=\"product:retailer_item_id\" content=\"trio9724\" \/>\n<meta property=\"product:condition\" content=\"new\" \/>\n<!-- \/ Yoast SEO Premium plugin. -->","yoast_head_json":{"title":"Echosline IZSMIDZIN\u0100MAIS L\u012aDZEKLIS APJOMAM - cosmetic.lv","robots":{"index":"index","follow":"follow","max-snippet":"max-snippet:-1","max-image-preview":"max-image-preview:large","max-video-preview":"max-video-preview:-1"},"canonical":"https:\/\/cosmetic.lv\/lv\/product\/echosline-izsmidzinamais-lidzeklis-apjomam\/","og_locale":"lv_LV","og_type":"article","og_title":"Echosline IZSMIDZIN\u0100MAIS L\u012aDZEKLIS APJOMAM","og_description":"Pie\u0161\u0137ir matiem stipru fiks\u0101ciju un apjomu, neatst\u0101j atliekas. Ir ide\u0101ls smalkiem un boj\u0101tiem matiem. Satur pantenolu\u00a0 un malah\u012bta ekstraktu, kur\u0161","og_url":"https:\/\/cosmetic.lv\/lv\/product\/echosline-izsmidzinamais-lidzeklis-apjomam\/","og_site_name":"cosmetic.lv","article_publisher":"https:\/\/www.facebook.com\/cosmetic.lv\/","article_modified_time":"2021-02-06T17:46:04+00:00","og_image":[{"width":424,"height":424,"url":"https:\/\/cosmetic.lv\/wp-content\/uploads\/2021\/02\/izsmidzinamais-lidzeklis-4.jpg","type":"image\/jpeg"}],"twitter_card":"summary_large_image","schema":{"@context":"https:\/\/schema.org","@graph":[{"@type":"WebPage","@id":"https:\/\/cosmetic.lv\/lv\/product\/echosline-izsmidzinamais-lidzeklis-apjomam\/","url":"https:\/\/cosmetic.lv\/lv\/product\/echosline-izsmidzinamais-lidzeklis-apjomam\/","name":"Echosline IZSMIDZIN\u0100MAIS L\u012aDZEKLIS APJOMAM - cosmetic.lv","isPartOf":{"@id":"https:\/\/cosmetic.lv\/lv\/#website"},"primaryImageOfPage":{"@id":"https:\/\/cosmetic.lv\/lv\/product\/echosline-izsmidzinamais-lidzeklis-apjomam\/#primaryimage"},"image":{"@id":"https:\/\/cosmetic.lv\/lv\/product\/echosline-izsmidzinamais-lidzeklis-apjomam\/#primaryimage"},"thumbnailUrl":"https:\/\/cosmetic.lv\/wp-content\/uploads\/2021\/02\/izsmidzinamais-lidzeklis-4.jpg","datePublished":"2021-02-06T17:45:59+00:00","dateModified":"2021-02-06T17:46:04+00:00","breadcrumb":{"@id":"https:\/\/cosmetic.lv\/lv\/product\/echosline-izsmidzinamais-lidzeklis-apjomam\/#breadcrumb"},"inLanguage":"lv-LV","potentialAction":[{"@type":"ReadAction","target":["https:\/\/cosmetic.lv\/lv\/product\/echosline-izsmidzinamais-lidzeklis-apjomam\/"]}]},{"@type":"ImageObject","inLanguage":"lv-LV","@id":"https:\/\/cosmetic.lv\/lv\/product\/echosline-izsmidzinamais-lidzeklis-apjomam\/#primaryimage","url":"https:\/\/cosmetic.lv\/wp-content\/uploads\/2021\/02\/izsmidzinamais-lidzeklis-4.jpg","contentUrl":"https:\/\/cosmetic.lv\/wp-content\/uploads\/2021\/02\/izsmidzinamais-lidzeklis-4.jpg","width":424,"height":424,"caption":"izsmidzinamais-lidzeklis.jpg"},{"@type":"BreadcrumbList","@id":"https:\/\/cosmetic.lv\/lv\/product\/echosline-izsmidzinamais-lidzeklis-apjomam\/#breadcrumb","itemListElement":[{"@type":"ListItem","position":1,"name":"Home","item":"https:\/\/cosmetic.lv\/lv\/"},{"@type":"ListItem","position":2,"name":"Veikals","item":"https:\/\/cosmetic.lv\/lv\/veiklas\/"},{"@type":"ListItem","position":3,"name":"Echosline IZSMIDZIN\u0100MAIS L\u012aDZEKLIS APJOMAM"}]},{"@type":"WebSite","@id":"https:\/\/cosmetic.lv\/lv\/#website","url":"https:\/\/cosmetic.lv\/lv\/","name":"cosmetic.lv","description":"Profesion\u0101la kosm\u0113tika - Maria Galland, Keune, Arkadija, GMT, Guam, Magiray","publisher":{"@id":"https:\/\/cosmetic.lv\/lv\/#organization"},"potentialAction":[{"@type":"SearchAction","target":{"@type":"EntryPoint","urlTemplate":"https:\/\/cosmetic.lv\/lv\/?s={search_term_string}"},"query-input":{"@type":"PropertyValueSpecification","valueRequired":true,"valueName":"search_term_string"}}],"inLanguage":"lv-LV"},{"@type":"Organization","@id":"https:\/\/cosmetic.lv\/lv\/#organization","name":"COSMETIC.LV","url":"https:\/\/cosmetic.lv\/lv\/","logo":{"@type":"ImageObject","inLanguage":"lv-LV","@id":"https:\/\/cosmetic.lv\/lv\/#\/schema\/logo\/image\/","url":"https:\/\/cosmetic.lv\/wp-content\/uploads\/2021\/02\/cosmetic.lv_logo.jpg","contentUrl":"https:\/\/cosmetic.lv\/wp-content\/uploads\/2021\/02\/cosmetic.lv_logo.jpg","width":596,"height":196,"caption":"COSMETIC.LV"},"image":{"@id":"https:\/\/cosmetic.lv\/lv\/#\/schema\/logo\/image\/"},"sameAs":["https:\/\/www.facebook.com\/cosmetic.lv\/"]}]},"product_price_amount":"10.26","product_price_currency":"EUR","og_availability":"instock","product_availability":"instock","product_retailer_item_id":"trio9724","product_condition":"new"},"_links":{"self":[{"href":"https:\/\/cosmetic.lv\/lv\/wp-json\/wp\/v2\/product\/33902","targetHints":{"allow":["GET"]}}],"collection":[{"href":"https:\/\/cosmetic.lv\/lv\/wp-json\/wp\/v2\/product"}],"about":[{"href":"https:\/\/cosmetic.lv\/lv\/wp-json\/wp\/v2\/types\/product"}],"wp:featuredmedia":[{"embeddable":true,"href":"https:\/\/cosmetic.lv\/lv\/wp-json\/wp\/v2\/media\/15415"}],"wp:attachment":[{"href":"https:\/\/cosmetic.lv\/lv\/wp-json\/wp\/v2\/media?parent=33902"}],"wp:term":[{"taxonomy":"product_brand","embeddable":true,"href":"https:\/\/cosmetic.lv\/lv\/wp-json\/wp\/v2\/product_brand?post=33902"},{"taxonomy":"product_cat","embeddable":true,"href":"https:\/\/cosmetic.lv\/lv\/wp-json\/wp\/v2\/product_cat?post=33902"},{"taxonomy":"product_tag","embeddable":true,"href":"https:\/\/cosmetic.lv\/lv\/wp-json\/wp\/v2\/product_tag?post=33902"}],"curies":[{"name":"wp","href":"https:\/\/api.w.org\/{rel}","templated":true}]}}