{"id":33903,"date":"2021-02-05T22:37:03","date_gmt":"2021-02-06T17:45:59","guid":{"rendered":"https:\/\/damme.lv\/product\/magnetiska-korsete-stajas-korekcijai-un-muguras-sapju-noversanai-90-110cm\/"},"modified":"2021-02-06T19:46:04","modified_gmt":"2021-02-06T17:46:04","slug":"magnetiska-korsete-stajas-korekcijai-un-muguras-sapju-noversanai-90-110cm","status":"publish","type":"product","link":"https:\/\/cosmetic.lv\/lv\/product\/magnetiska-korsete-stajas-korekcijai-un-muguras-sapju-noversanai-90-110cm\/","title":{"rendered":"Magn\u0113tisk\u0101 korsete st\u0101jas korekcijai un muguras s\u0101pju nov\u0113r\u0161anai 90-110cm"},"content":{"rendered":"<p>Magn\u0113tisk\u0101 korsete st\u0101jas korekcijai un muguras s\u0101pju nov\u0113r\u0161anai<\/p>\n<p>Sagumu\u0161i pleci un mugura nav tikai vizu\u0101ls defekts &#8211; balsta un kust\u012bbu apar\u0101ta trauc\u0113jumi ar laiku pasliktina visa organisma funkcion\u0101l\u0101s sp\u0113jas, radot muguras s\u0101pes, sliktu pa\u0161saj\u016btu un citas probl\u0113mas. Iztaisno muguru ar efekt\u012bvo un zem ap\u0123\u0113rba neredzamo st\u0101jas korektoru un cel savu pa\u0161apzi\u0146u!<br \/>\nPar magn\u0113tisko korseti st\u0101jas korekcijai:<\/p>\n<p>    \u0136erme\u0146a aug\u0161da\u013cas iztaisno\u0161anas meh\u0101nisms darbojas ar lenc\u0113m un stiprin\u0101juma siksnu mugurkaula izliekuma garum\u0101, t\u0101p\u0113c korektoru iesp\u0113jams piel\u0101got jebkuram izm\u0113ram<br \/>\n    Elast\u012bgais materi\u0101ls un lences \u013cauj piel\u0101got st\u0101jas korektoru mugurkaulam un labot t\u0101 deform\u0101cijas soli pa solim, \u013caujot organismam pak\u0101peniski pierast<br \/>\n    Korektora muguras da\u013c\u0101  ievietoti 12 magn\u0113ti (6 jostasvietai, un 6 mugurkaulam), kas sniedz papildu atbalstu mugurkaulam, atvieglojot muguras s\u0101pes<br \/>\n    Iesp\u0113jams valk\u0101t ikdien\u0101 &#8211; tas neb\u016bs paman\u0101ms zem ap\u0123\u0113rba<br \/>\n    Piem\u0113rots gan sieviet\u0113m, gan v\u012brie\u0161iem<br \/>\n    Kontrindik\u0101cijas: kardiostimulatora lieto\u0161ana, gr\u016btniec\u012bba<\/p>\n<p>Efekti:<\/p>\n<p>    Pal\u012bdz iztaisnot muguru un plecus, k\u0101 ar\u012b notur\u0113t tos taisnus visas dienas garum\u0101<br \/>\n    \u013bauj optimiz\u0113t vertik\u0101lo slodzi uz mugurkaulu un normaliz\u0113 musku\u013cu tonusu<br \/>\n    Tas veicina fiziolo\u0123isko mugurkaula izliekumu atjauno\u0161anu<br \/>\n    Atvieglo muguras s\u0101p\u0113s<br \/>\n    Iestr\u0101d\u0101tie magn\u0113ti labv\u0113l\u012bgi ietekm\u0113 nervu un sirds-asinsvadu sist\u0113mas, uzlabo asinsriti, mazina t\u016bsku un relaks\u0113 muguras muskulat\u016bru<br \/>\n    Maksim\u0101li samazina nepat\u012bkamas saj\u016btas korekcijas procesa laik\u0101<\/p>\n<p>Izm\u0113rs 90-110cm  kr\u012btis un viduklis (regul\u0113jams)<\/p>\n","protected":false},"excerpt":{"rendered":"<p>Magn\u0113tisk\u0101 korsete st\u0101jas korekcijai un muguras s\u0101pju nov\u0113r\u0161anai Sagumu\u0161i pleci un mugura nav tikai vizu\u0101ls defekts &#8211; balsta un kust\u012bbu<\/p>\n","protected":false},"featured_media":15418,"template":"","meta":[],"product_brand":[],"product_cat":[2231,2235],"product_tag":[],"class_list":{"0":"post-33903","1":"product","2":"type-product","3":"status-publish","4":"has-post-thumbnail","6":"product_cat-atveselojosas-preces-lv","7":"product_cat-kermenim-lv","9":"first","10":"instock","11":"sale","12":"taxable","13":"shipping-taxable","14":"purchasable","15":"product-type-simple"},"yoast_head":"<!-- This site is optimized with the Yoast SEO Premium plugin v27.0 (Yoast SEO v27.0) - https:\/\/yoast.com\/product\/yoast-seo-premium-wordpress\/ -->\n<title>Magn\u0113tisk\u0101 korsete st\u0101jas korekcijai un muguras s\u0101pju nov\u0113r\u0161anai 90-110cm - cosmetic.lv<\/title>\n<meta name=\"robots\" content=\"index, follow, max-snippet:-1, max-image-preview:large, max-video-preview:-1\" \/>\n<link rel=\"canonical\" href=\"https:\/\/cosmetic.lv\/lv\/product\/magnetiska-korsete-stajas-korekcijai-un-muguras-sapju-noversanai-90-110cm\/\" \/>\n<meta property=\"og:locale\" content=\"lv_LV\" \/>\n<meta property=\"og:type\" content=\"article\" \/>\n<meta property=\"og:title\" content=\"Magn\u0113tisk\u0101 korsete st\u0101jas korekcijai un muguras s\u0101pju nov\u0113r\u0161anai 90-110cm\" \/>\n<meta property=\"og:description\" content=\"Magn\u0113tisk\u0101 korsete st\u0101jas korekcijai un muguras s\u0101pju nov\u0113r\u0161anai Sagumu\u0161i pleci un mugura nav tikai vizu\u0101ls defekts &#8211; balsta un kust\u012bbu\" \/>\n<meta property=\"og:url\" content=\"https:\/\/cosmetic.lv\/lv\/product\/magnetiska-korsete-stajas-korekcijai-un-muguras-sapju-noversanai-90-110cm\/\" \/>\n<meta property=\"og:site_name\" content=\"cosmetic.lv\" \/>\n<meta property=\"article:publisher\" content=\"https:\/\/www.facebook.com\/cosmetic.lv\/\" \/>\n<meta property=\"article:modified_time\" content=\"2021-02-06T17:46:04+00:00\" \/>\n<meta property=\"og:image\" content=\"https:\/\/cosmetic.lv\/wp-content\/uploads\/2021\/02\/574_1-4.jpg\" \/>\n\t<meta property=\"og:image:width\" content=\"251\" \/>\n\t<meta property=\"og:image:height\" content=\"300\" \/>\n\t<meta property=\"og:image:type\" content=\"image\/jpeg\" \/>\n<meta name=\"twitter:card\" content=\"summary_large_image\" \/>\n<script type=\"application\/ld+json\" class=\"yoast-schema-graph\">{\"@context\":\"https:\/\/schema.org\",\"@graph\":[{\"@type\":\"WebPage\",\"@id\":\"https:\/\/cosmetic.lv\/lv\/product\/magnetiska-korsete-stajas-korekcijai-un-muguras-sapju-noversanai-90-110cm\/\",\"url\":\"https:\/\/cosmetic.lv\/lv\/product\/magnetiska-korsete-stajas-korekcijai-un-muguras-sapju-noversanai-90-110cm\/\",\"name\":\"Magn\u0113tisk\u0101 korsete st\u0101jas korekcijai un muguras s\u0101pju nov\u0113r\u0161anai 90-110cm - cosmetic.lv\",\"isPartOf\":{\"@id\":\"https:\/\/cosmetic.lv\/lv\/#website\"},\"primaryImageOfPage\":{\"@id\":\"https:\/\/cosmetic.lv\/lv\/product\/magnetiska-korsete-stajas-korekcijai-un-muguras-sapju-noversanai-90-110cm\/#primaryimage\"},\"image\":{\"@id\":\"https:\/\/cosmetic.lv\/lv\/product\/magnetiska-korsete-stajas-korekcijai-un-muguras-sapju-noversanai-90-110cm\/#primaryimage\"},\"thumbnailUrl\":\"https:\/\/cosmetic.lv\/wp-content\/uploads\/2021\/02\/574_1-4.jpg\",\"datePublished\":\"2021-02-06T17:45:59+00:00\",\"dateModified\":\"2021-02-06T17:46:04+00:00\",\"breadcrumb\":{\"@id\":\"https:\/\/cosmetic.lv\/lv\/product\/magnetiska-korsete-stajas-korekcijai-un-muguras-sapju-noversanai-90-110cm\/#breadcrumb\"},\"inLanguage\":\"lv-LV\",\"potentialAction\":[{\"@type\":\"ReadAction\",\"target\":[\"https:\/\/cosmetic.lv\/lv\/product\/magnetiska-korsete-stajas-korekcijai-un-muguras-sapju-noversanai-90-110cm\/\"]}]},{\"@type\":\"ImageObject\",\"inLanguage\":\"lv-LV\",\"@id\":\"https:\/\/cosmetic.lv\/lv\/product\/magnetiska-korsete-stajas-korekcijai-un-muguras-sapju-noversanai-90-110cm\/#primaryimage\",\"url\":\"https:\/\/cosmetic.lv\/wp-content\/uploads\/2021\/02\/574_1-4.jpg\",\"contentUrl\":\"https:\/\/cosmetic.lv\/wp-content\/uploads\/2021\/02\/574_1-4.jpg\",\"width\":251,\"height\":300,\"caption\":\"574_1.jpg\"},{\"@type\":\"BreadcrumbList\",\"@id\":\"https:\/\/cosmetic.lv\/lv\/product\/magnetiska-korsete-stajas-korekcijai-un-muguras-sapju-noversanai-90-110cm\/#breadcrumb\",\"itemListElement\":[{\"@type\":\"ListItem\",\"position\":1,\"name\":\"Home\",\"item\":\"https:\/\/cosmetic.lv\/lv\/\"},{\"@type\":\"ListItem\",\"position\":2,\"name\":\"Veikals\",\"item\":\"https:\/\/cosmetic.lv\/lv\/veiklas\/\"},{\"@type\":\"ListItem\",\"position\":3,\"name\":\"Magn\u0113tisk\u0101 korsete st\u0101jas korekcijai un muguras s\u0101pju nov\u0113r\u0161anai 90-110cm\"}]},{\"@type\":\"WebSite\",\"@id\":\"https:\/\/cosmetic.lv\/lv\/#website\",\"url\":\"https:\/\/cosmetic.lv\/lv\/\",\"name\":\"cosmetic.lv\",\"description\":\"Profesion\u0101la kosm\u0113tika - Maria Galland, Keune, Arkadija, GMT, Guam, Magiray\",\"publisher\":{\"@id\":\"https:\/\/cosmetic.lv\/lv\/#organization\"},\"potentialAction\":[{\"@type\":\"SearchAction\",\"target\":{\"@type\":\"EntryPoint\",\"urlTemplate\":\"https:\/\/cosmetic.lv\/lv\/?s={search_term_string}\"},\"query-input\":{\"@type\":\"PropertyValueSpecification\",\"valueRequired\":true,\"valueName\":\"search_term_string\"}}],\"inLanguage\":\"lv-LV\"},{\"@type\":\"Organization\",\"@id\":\"https:\/\/cosmetic.lv\/lv\/#organization\",\"name\":\"COSMETIC.LV\",\"url\":\"https:\/\/cosmetic.lv\/lv\/\",\"logo\":{\"@type\":\"ImageObject\",\"inLanguage\":\"lv-LV\",\"@id\":\"https:\/\/cosmetic.lv\/lv\/#\/schema\/logo\/image\/\",\"url\":\"https:\/\/cosmetic.lv\/wp-content\/uploads\/2021\/02\/cosmetic.lv_logo.jpg\",\"contentUrl\":\"https:\/\/cosmetic.lv\/wp-content\/uploads\/2021\/02\/cosmetic.lv_logo.jpg\",\"width\":596,\"height\":196,\"caption\":\"COSMETIC.LV\"},\"image\":{\"@id\":\"https:\/\/cosmetic.lv\/lv\/#\/schema\/logo\/image\/\"},\"sameAs\":[\"https:\/\/www.facebook.com\/cosmetic.lv\/\"]}]}<\/script>\n<meta property=\"product:price:amount\" content=\"9.29\" \/>\n<meta property=\"product:price:currency\" content=\"EUR\" \/>\n<meta property=\"og:availability\" content=\"instock\" \/>\n<meta property=\"product:availability\" content=\"instock\" \/>\n<meta property=\"product:retailer_item_id\" content=\"mag\" \/>\n<meta property=\"product:condition\" content=\"new\" \/>\n<!-- \/ Yoast SEO Premium plugin. -->","yoast_head_json":{"title":"Magn\u0113tisk\u0101 korsete st\u0101jas korekcijai un muguras s\u0101pju nov\u0113r\u0161anai 90-110cm - cosmetic.lv","robots":{"index":"index","follow":"follow","max-snippet":"max-snippet:-1","max-image-preview":"max-image-preview:large","max-video-preview":"max-video-preview:-1"},"canonical":"https:\/\/cosmetic.lv\/lv\/product\/magnetiska-korsete-stajas-korekcijai-un-muguras-sapju-noversanai-90-110cm\/","og_locale":"lv_LV","og_type":"article","og_title":"Magn\u0113tisk\u0101 korsete st\u0101jas korekcijai un muguras s\u0101pju nov\u0113r\u0161anai 90-110cm","og_description":"Magn\u0113tisk\u0101 korsete st\u0101jas korekcijai un muguras s\u0101pju nov\u0113r\u0161anai Sagumu\u0161i pleci un mugura nav tikai vizu\u0101ls defekts &#8211; balsta un kust\u012bbu","og_url":"https:\/\/cosmetic.lv\/lv\/product\/magnetiska-korsete-stajas-korekcijai-un-muguras-sapju-noversanai-90-110cm\/","og_site_name":"cosmetic.lv","article_publisher":"https:\/\/www.facebook.com\/cosmetic.lv\/","article_modified_time":"2021-02-06T17:46:04+00:00","og_image":[{"width":251,"height":300,"url":"https:\/\/cosmetic.lv\/wp-content\/uploads\/2021\/02\/574_1-4.jpg","type":"image\/jpeg"}],"twitter_card":"summary_large_image","schema":{"@context":"https:\/\/schema.org","@graph":[{"@type":"WebPage","@id":"https:\/\/cosmetic.lv\/lv\/product\/magnetiska-korsete-stajas-korekcijai-un-muguras-sapju-noversanai-90-110cm\/","url":"https:\/\/cosmetic.lv\/lv\/product\/magnetiska-korsete-stajas-korekcijai-un-muguras-sapju-noversanai-90-110cm\/","name":"Magn\u0113tisk\u0101 korsete st\u0101jas korekcijai un muguras s\u0101pju nov\u0113r\u0161anai 90-110cm - cosmetic.lv","isPartOf":{"@id":"https:\/\/cosmetic.lv\/lv\/#website"},"primaryImageOfPage":{"@id":"https:\/\/cosmetic.lv\/lv\/product\/magnetiska-korsete-stajas-korekcijai-un-muguras-sapju-noversanai-90-110cm\/#primaryimage"},"image":{"@id":"https:\/\/cosmetic.lv\/lv\/product\/magnetiska-korsete-stajas-korekcijai-un-muguras-sapju-noversanai-90-110cm\/#primaryimage"},"thumbnailUrl":"https:\/\/cosmetic.lv\/wp-content\/uploads\/2021\/02\/574_1-4.jpg","datePublished":"2021-02-06T17:45:59+00:00","dateModified":"2021-02-06T17:46:04+00:00","breadcrumb":{"@id":"https:\/\/cosmetic.lv\/lv\/product\/magnetiska-korsete-stajas-korekcijai-un-muguras-sapju-noversanai-90-110cm\/#breadcrumb"},"inLanguage":"lv-LV","potentialAction":[{"@type":"ReadAction","target":["https:\/\/cosmetic.lv\/lv\/product\/magnetiska-korsete-stajas-korekcijai-un-muguras-sapju-noversanai-90-110cm\/"]}]},{"@type":"ImageObject","inLanguage":"lv-LV","@id":"https:\/\/cosmetic.lv\/lv\/product\/magnetiska-korsete-stajas-korekcijai-un-muguras-sapju-noversanai-90-110cm\/#primaryimage","url":"https:\/\/cosmetic.lv\/wp-content\/uploads\/2021\/02\/574_1-4.jpg","contentUrl":"https:\/\/cosmetic.lv\/wp-content\/uploads\/2021\/02\/574_1-4.jpg","width":251,"height":300,"caption":"574_1.jpg"},{"@type":"BreadcrumbList","@id":"https:\/\/cosmetic.lv\/lv\/product\/magnetiska-korsete-stajas-korekcijai-un-muguras-sapju-noversanai-90-110cm\/#breadcrumb","itemListElement":[{"@type":"ListItem","position":1,"name":"Home","item":"https:\/\/cosmetic.lv\/lv\/"},{"@type":"ListItem","position":2,"name":"Veikals","item":"https:\/\/cosmetic.lv\/lv\/veiklas\/"},{"@type":"ListItem","position":3,"name":"Magn\u0113tisk\u0101 korsete st\u0101jas korekcijai un muguras s\u0101pju nov\u0113r\u0161anai 90-110cm"}]},{"@type":"WebSite","@id":"https:\/\/cosmetic.lv\/lv\/#website","url":"https:\/\/cosmetic.lv\/lv\/","name":"cosmetic.lv","description":"Profesion\u0101la kosm\u0113tika - Maria Galland, Keune, Arkadija, GMT, Guam, Magiray","publisher":{"@id":"https:\/\/cosmetic.lv\/lv\/#organization"},"potentialAction":[{"@type":"SearchAction","target":{"@type":"EntryPoint","urlTemplate":"https:\/\/cosmetic.lv\/lv\/?s={search_term_string}"},"query-input":{"@type":"PropertyValueSpecification","valueRequired":true,"valueName":"search_term_string"}}],"inLanguage":"lv-LV"},{"@type":"Organization","@id":"https:\/\/cosmetic.lv\/lv\/#organization","name":"COSMETIC.LV","url":"https:\/\/cosmetic.lv\/lv\/","logo":{"@type":"ImageObject","inLanguage":"lv-LV","@id":"https:\/\/cosmetic.lv\/lv\/#\/schema\/logo\/image\/","url":"https:\/\/cosmetic.lv\/wp-content\/uploads\/2021\/02\/cosmetic.lv_logo.jpg","contentUrl":"https:\/\/cosmetic.lv\/wp-content\/uploads\/2021\/02\/cosmetic.lv_logo.jpg","width":596,"height":196,"caption":"COSMETIC.LV"},"image":{"@id":"https:\/\/cosmetic.lv\/lv\/#\/schema\/logo\/image\/"},"sameAs":["https:\/\/www.facebook.com\/cosmetic.lv\/"]}]},"product_price_amount":"9.29","product_price_currency":"EUR","og_availability":"instock","product_availability":"instock","product_retailer_item_id":"mag","product_condition":"new"},"_links":{"self":[{"href":"https:\/\/cosmetic.lv\/lv\/wp-json\/wp\/v2\/product\/33903","targetHints":{"allow":["GET"]}}],"collection":[{"href":"https:\/\/cosmetic.lv\/lv\/wp-json\/wp\/v2\/product"}],"about":[{"href":"https:\/\/cosmetic.lv\/lv\/wp-json\/wp\/v2\/types\/product"}],"wp:featuredmedia":[{"embeddable":true,"href":"https:\/\/cosmetic.lv\/lv\/wp-json\/wp\/v2\/media\/15418"}],"wp:attachment":[{"href":"https:\/\/cosmetic.lv\/lv\/wp-json\/wp\/v2\/media?parent=33903"}],"wp:term":[{"taxonomy":"product_brand","embeddable":true,"href":"https:\/\/cosmetic.lv\/lv\/wp-json\/wp\/v2\/product_brand?post=33903"},{"taxonomy":"product_cat","embeddable":true,"href":"https:\/\/cosmetic.lv\/lv\/wp-json\/wp\/v2\/product_cat?post=33903"},{"taxonomy":"product_tag","embeddable":true,"href":"https:\/\/cosmetic.lv\/lv\/wp-json\/wp\/v2\/product_tag?post=33903"}],"curies":[{"name":"wp","href":"https:\/\/api.w.org\/{rel}","templated":true}]}}