{"id":33904,"date":"2021-02-05T22:37:13","date_gmt":"2021-02-06T17:46:10","guid":{"rendered":"https:\/\/damme.lv\/product\/echosline-seliar-keratin-sampuns-ar-arganu-ellu-un-keratinu-ph-5-5-1000ml\/"},"modified":"2021-02-06T19:46:10","modified_gmt":"2021-02-06T17:46:10","slug":"echosline-seliar-keratin-sampuns-ar-arganu-ellu-un-keratinu-ph-5-5-1000ml","status":"publish","type":"product","link":"https:\/\/cosmetic.lv\/lv\/product\/echosline-seliar-keratin-sampuns-ar-arganu-ellu-un-keratinu-ph-5-5-1000ml\/","title":{"rendered":"ECHOSLINE SELIAR KERATIN \u0160AMP\u016aNS AR ARGANU E\u013b\u013bU UN KERAT\u012aNU pH 5.5 1000ml"},"content":{"rendered":"<p>SELI\u00c1R \u0160AMP\u016aNS AR ARGANU E\u013b\u013bU UN KERAT\u012aNU pH 5.5 Atjaunojo\u0161s \u0161amp\u016bns kr\u0101sotiem un boj\u0101tiem matiem. Maiga formula bez sulf\u0101tiem, s\u0101\u013ciem, n\u0101trija hlor\u012bda un parab\u0113niem, att\u012bra un stiprina matus. Saglab\u0101 matu kr\u0101su, nov\u0113r\u0161ot olbaltumvielu un pigmenta zudumu. Kerat\u012bns un argana e\u013c\u013ca stiprina \u0137\u012bmiski apstr\u0101d\u0101tus matus, padarot tos m\u012bkstus, ko\u0161us un dz\u012bv\u012bgus.<\/p>\n<p>LIETO\u0160ANA: iekl\u0101t mitros matos, viegli iemas\u0113t un izskalot.<\/p>\n<p>    Aizsarg\u0101 kr\u0101sotus matus no izbal\u0113\u0161anas.<\/p>\n<p>    Nov\u0113r\u0161 br\u012bvu radik\u0101\u013cu veido\u0161anos.<\/p>\n<p>    Atjauno, baro un uztur matus sp\u0113c\u012bgus un veselus.<\/p>\n<p>    Stabiliz\u0113 profesion\u0101lu, tehnisku darb\u012bbu proced\u016bras (kr\u0101so\u0161ana, taisno\u0161ana, ilgvi\u013c\u0146i).<\/p>\n<p>Sast\u0101v\u0101: arganu e\u013c\u013ca \u2013 kerat\u012bns \u2013 lins\u0113klu e\u013c\u013ca \u2013 UV filtri<\/p>\n<p>NESATUR: sulf\u0101tus &#8211; s\u0101\u013cus &#8211; parab\u0113nus<\/p>\n<p>Svars\/Tilpums: 1000ml<\/p>\n","protected":false},"excerpt":{"rendered":"<p>SELI\u00c1R \u0160AMP\u016aNS AR ARGANU E\u013b\u013bU UN KERAT\u012aNU pH 5.5 Atjaunojo\u0161s \u0161amp\u016bns kr\u0101sotiem un boj\u0101tiem matiem. Maiga formula bez sulf\u0101tiem, s\u0101\u013ciem,<\/p>\n","protected":false},"featured_media":15421,"template":"","meta":[],"product_brand":[],"product_cat":[2258,2266],"product_tag":[],"class_list":{"0":"post-33904","1":"product","2":"type-product","3":"status-publish","4":"has-post-thumbnail","6":"product_cat-profesionala-kosmetika-matiem-lv","7":"product_cat-echosline-professional-italy-lv","9":"first","10":"outofstock","11":"taxable","12":"shipping-taxable","13":"purchasable","14":"product-type-simple"},"yoast_head":"<!-- This site is optimized with the Yoast SEO Premium plugin v27.0 (Yoast SEO v27.0) - https:\/\/yoast.com\/product\/yoast-seo-premium-wordpress\/ -->\n<title>ECHOSLINE SELIAR KERATIN \u0160AMP\u016aNS AR ARGANU E\u013b\u013bU UN KERAT\u012aNU pH 5.5 1000ml - cosmetic.lv<\/title>\n<meta name=\"robots\" content=\"index, follow, max-snippet:-1, max-image-preview:large, max-video-preview:-1\" \/>\n<link rel=\"canonical\" href=\"https:\/\/cosmetic.lv\/lv\/product\/echosline-seliar-keratin-sampuns-ar-arganu-ellu-un-keratinu-ph-5-5-1000ml\/\" \/>\n<meta property=\"og:locale\" content=\"lv_LV\" \/>\n<meta property=\"og:type\" content=\"article\" \/>\n<meta property=\"og:title\" content=\"ECHOSLINE SELIAR KERATIN \u0160AMP\u016aNS AR ARGANU E\u013b\u013bU UN KERAT\u012aNU pH 5.5 1000ml\" \/>\n<meta property=\"og:description\" content=\"SELI\u00c1R \u0160AMP\u016aNS AR ARGANU E\u013b\u013bU UN KERAT\u012aNU pH 5.5 Atjaunojo\u0161s \u0161amp\u016bns kr\u0101sotiem un boj\u0101tiem matiem. Maiga formula bez sulf\u0101tiem, s\u0101\u013ciem,\" \/>\n<meta property=\"og:url\" content=\"https:\/\/cosmetic.lv\/lv\/product\/echosline-seliar-keratin-sampuns-ar-arganu-ellu-un-keratinu-ph-5-5-1000ml\/\" \/>\n<meta property=\"og:site_name\" content=\"cosmetic.lv\" \/>\n<meta property=\"article:publisher\" content=\"https:\/\/www.facebook.com\/cosmetic.lv\/\" \/>\n<meta property=\"og:image\" content=\"https:\/\/cosmetic.lv\/wp-content\/uploads\/2021\/02\/seliar_keratinshamp-4.jpg\" \/>\n\t<meta property=\"og:image:width\" content=\"600\" \/>\n\t<meta property=\"og:image:height\" content=\"600\" \/>\n\t<meta property=\"og:image:type\" content=\"image\/jpeg\" \/>\n<meta name=\"twitter:card\" content=\"summary_large_image\" \/>\n<script type=\"application\/ld+json\" class=\"yoast-schema-graph\">{\"@context\":\"https:\/\/schema.org\",\"@graph\":[{\"@type\":\"WebPage\",\"@id\":\"https:\/\/cosmetic.lv\/lv\/product\/echosline-seliar-keratin-sampuns-ar-arganu-ellu-un-keratinu-ph-5-5-1000ml\/\",\"url\":\"https:\/\/cosmetic.lv\/lv\/product\/echosline-seliar-keratin-sampuns-ar-arganu-ellu-un-keratinu-ph-5-5-1000ml\/\",\"name\":\"ECHOSLINE SELIAR KERATIN \u0160AMP\u016aNS AR ARGANU E\u013b\u013bU UN KERAT\u012aNU pH 5.5 1000ml - cosmetic.lv\",\"isPartOf\":{\"@id\":\"https:\/\/cosmetic.lv\/lv\/#website\"},\"primaryImageOfPage\":{\"@id\":\"https:\/\/cosmetic.lv\/lv\/product\/echosline-seliar-keratin-sampuns-ar-arganu-ellu-un-keratinu-ph-5-5-1000ml\/#primaryimage\"},\"image\":{\"@id\":\"https:\/\/cosmetic.lv\/lv\/product\/echosline-seliar-keratin-sampuns-ar-arganu-ellu-un-keratinu-ph-5-5-1000ml\/#primaryimage\"},\"thumbnailUrl\":\"https:\/\/cosmetic.lv\/wp-content\/uploads\/2021\/02\/seliar_keratinshamp-4.jpg\",\"datePublished\":\"2021-02-06T17:46:10+00:00\",\"breadcrumb\":{\"@id\":\"https:\/\/cosmetic.lv\/lv\/product\/echosline-seliar-keratin-sampuns-ar-arganu-ellu-un-keratinu-ph-5-5-1000ml\/#breadcrumb\"},\"inLanguage\":\"lv-LV\",\"potentialAction\":[{\"@type\":\"ReadAction\",\"target\":[\"https:\/\/cosmetic.lv\/lv\/product\/echosline-seliar-keratin-sampuns-ar-arganu-ellu-un-keratinu-ph-5-5-1000ml\/\"]}]},{\"@type\":\"ImageObject\",\"inLanguage\":\"lv-LV\",\"@id\":\"https:\/\/cosmetic.lv\/lv\/product\/echosline-seliar-keratin-sampuns-ar-arganu-ellu-un-keratinu-ph-5-5-1000ml\/#primaryimage\",\"url\":\"https:\/\/cosmetic.lv\/wp-content\/uploads\/2021\/02\/seliar_keratinshamp-4.jpg\",\"contentUrl\":\"https:\/\/cosmetic.lv\/wp-content\/uploads\/2021\/02\/seliar_keratinshamp-4.jpg\",\"width\":600,\"height\":600,\"caption\":\"seliar_keratinshamp.jpg\"},{\"@type\":\"BreadcrumbList\",\"@id\":\"https:\/\/cosmetic.lv\/lv\/product\/echosline-seliar-keratin-sampuns-ar-arganu-ellu-un-keratinu-ph-5-5-1000ml\/#breadcrumb\",\"itemListElement\":[{\"@type\":\"ListItem\",\"position\":1,\"name\":\"Home\",\"item\":\"https:\/\/cosmetic.lv\/lv\/\"},{\"@type\":\"ListItem\",\"position\":2,\"name\":\"Veikals\",\"item\":\"https:\/\/cosmetic.lv\/lv\/veiklas\/\"},{\"@type\":\"ListItem\",\"position\":3,\"name\":\"ECHOSLINE SELIAR KERATIN \u0160AMP\u016aNS AR ARGANU E\u013b\u013bU UN KERAT\u012aNU pH 5.5 1000ml\"}]},{\"@type\":\"WebSite\",\"@id\":\"https:\/\/cosmetic.lv\/lv\/#website\",\"url\":\"https:\/\/cosmetic.lv\/lv\/\",\"name\":\"cosmetic.lv\",\"description\":\"Profesion\u0101la kosm\u0113tika - Maria Galland, Keune, Arkadija, GMT, Guam, Magiray\",\"publisher\":{\"@id\":\"https:\/\/cosmetic.lv\/lv\/#organization\"},\"potentialAction\":[{\"@type\":\"SearchAction\",\"target\":{\"@type\":\"EntryPoint\",\"urlTemplate\":\"https:\/\/cosmetic.lv\/lv\/?s={search_term_string}\"},\"query-input\":{\"@type\":\"PropertyValueSpecification\",\"valueRequired\":true,\"valueName\":\"search_term_string\"}}],\"inLanguage\":\"lv-LV\"},{\"@type\":\"Organization\",\"@id\":\"https:\/\/cosmetic.lv\/lv\/#organization\",\"name\":\"COSMETIC.LV\",\"url\":\"https:\/\/cosmetic.lv\/lv\/\",\"logo\":{\"@type\":\"ImageObject\",\"inLanguage\":\"lv-LV\",\"@id\":\"https:\/\/cosmetic.lv\/lv\/#\/schema\/logo\/image\/\",\"url\":\"https:\/\/cosmetic.lv\/wp-content\/uploads\/2021\/02\/cosmetic.lv_logo.jpg\",\"contentUrl\":\"https:\/\/cosmetic.lv\/wp-content\/uploads\/2021\/02\/cosmetic.lv_logo.jpg\",\"width\":596,\"height\":196,\"caption\":\"COSMETIC.LV\"},\"image\":{\"@id\":\"https:\/\/cosmetic.lv\/lv\/#\/schema\/logo\/image\/\"},\"sameAs\":[\"https:\/\/www.facebook.com\/cosmetic.lv\/\"]}]}<\/script>\n<meta property=\"product:price:amount\" content=\"17.50\" \/>\n<meta property=\"product:price:currency\" content=\"EUR\" \/>\n<meta property=\"og:availability\" content=\"out of stock\" \/>\n<meta property=\"product:availability\" content=\"out of stock\" \/>\n<meta property=\"product:retailer_item_id\" content=\"ker\" \/>\n<meta property=\"product:condition\" content=\"new\" \/>\n<!-- \/ Yoast SEO Premium plugin. -->","yoast_head_json":{"title":"ECHOSLINE SELIAR KERATIN \u0160AMP\u016aNS AR ARGANU E\u013b\u013bU UN KERAT\u012aNU pH 5.5 1000ml - cosmetic.lv","robots":{"index":"index","follow":"follow","max-snippet":"max-snippet:-1","max-image-preview":"max-image-preview:large","max-video-preview":"max-video-preview:-1"},"canonical":"https:\/\/cosmetic.lv\/lv\/product\/echosline-seliar-keratin-sampuns-ar-arganu-ellu-un-keratinu-ph-5-5-1000ml\/","og_locale":"lv_LV","og_type":"article","og_title":"ECHOSLINE SELIAR KERATIN \u0160AMP\u016aNS AR ARGANU E\u013b\u013bU UN KERAT\u012aNU pH 5.5 1000ml","og_description":"SELI\u00c1R \u0160AMP\u016aNS AR ARGANU E\u013b\u013bU UN KERAT\u012aNU pH 5.5 Atjaunojo\u0161s \u0161amp\u016bns kr\u0101sotiem un boj\u0101tiem matiem. Maiga formula bez sulf\u0101tiem, s\u0101\u013ciem,","og_url":"https:\/\/cosmetic.lv\/lv\/product\/echosline-seliar-keratin-sampuns-ar-arganu-ellu-un-keratinu-ph-5-5-1000ml\/","og_site_name":"cosmetic.lv","article_publisher":"https:\/\/www.facebook.com\/cosmetic.lv\/","og_image":[{"width":600,"height":600,"url":"https:\/\/cosmetic.lv\/wp-content\/uploads\/2021\/02\/seliar_keratinshamp-4.jpg","type":"image\/jpeg"}],"twitter_card":"summary_large_image","schema":{"@context":"https:\/\/schema.org","@graph":[{"@type":"WebPage","@id":"https:\/\/cosmetic.lv\/lv\/product\/echosline-seliar-keratin-sampuns-ar-arganu-ellu-un-keratinu-ph-5-5-1000ml\/","url":"https:\/\/cosmetic.lv\/lv\/product\/echosline-seliar-keratin-sampuns-ar-arganu-ellu-un-keratinu-ph-5-5-1000ml\/","name":"ECHOSLINE SELIAR KERATIN \u0160AMP\u016aNS AR ARGANU E\u013b\u013bU UN KERAT\u012aNU pH 5.5 1000ml - cosmetic.lv","isPartOf":{"@id":"https:\/\/cosmetic.lv\/lv\/#website"},"primaryImageOfPage":{"@id":"https:\/\/cosmetic.lv\/lv\/product\/echosline-seliar-keratin-sampuns-ar-arganu-ellu-un-keratinu-ph-5-5-1000ml\/#primaryimage"},"image":{"@id":"https:\/\/cosmetic.lv\/lv\/product\/echosline-seliar-keratin-sampuns-ar-arganu-ellu-un-keratinu-ph-5-5-1000ml\/#primaryimage"},"thumbnailUrl":"https:\/\/cosmetic.lv\/wp-content\/uploads\/2021\/02\/seliar_keratinshamp-4.jpg","datePublished":"2021-02-06T17:46:10+00:00","breadcrumb":{"@id":"https:\/\/cosmetic.lv\/lv\/product\/echosline-seliar-keratin-sampuns-ar-arganu-ellu-un-keratinu-ph-5-5-1000ml\/#breadcrumb"},"inLanguage":"lv-LV","potentialAction":[{"@type":"ReadAction","target":["https:\/\/cosmetic.lv\/lv\/product\/echosline-seliar-keratin-sampuns-ar-arganu-ellu-un-keratinu-ph-5-5-1000ml\/"]}]},{"@type":"ImageObject","inLanguage":"lv-LV","@id":"https:\/\/cosmetic.lv\/lv\/product\/echosline-seliar-keratin-sampuns-ar-arganu-ellu-un-keratinu-ph-5-5-1000ml\/#primaryimage","url":"https:\/\/cosmetic.lv\/wp-content\/uploads\/2021\/02\/seliar_keratinshamp-4.jpg","contentUrl":"https:\/\/cosmetic.lv\/wp-content\/uploads\/2021\/02\/seliar_keratinshamp-4.jpg","width":600,"height":600,"caption":"seliar_keratinshamp.jpg"},{"@type":"BreadcrumbList","@id":"https:\/\/cosmetic.lv\/lv\/product\/echosline-seliar-keratin-sampuns-ar-arganu-ellu-un-keratinu-ph-5-5-1000ml\/#breadcrumb","itemListElement":[{"@type":"ListItem","position":1,"name":"Home","item":"https:\/\/cosmetic.lv\/lv\/"},{"@type":"ListItem","position":2,"name":"Veikals","item":"https:\/\/cosmetic.lv\/lv\/veiklas\/"},{"@type":"ListItem","position":3,"name":"ECHOSLINE SELIAR KERATIN \u0160AMP\u016aNS AR ARGANU E\u013b\u013bU UN KERAT\u012aNU pH 5.5 1000ml"}]},{"@type":"WebSite","@id":"https:\/\/cosmetic.lv\/lv\/#website","url":"https:\/\/cosmetic.lv\/lv\/","name":"cosmetic.lv","description":"Profesion\u0101la kosm\u0113tika - Maria Galland, Keune, Arkadija, GMT, Guam, Magiray","publisher":{"@id":"https:\/\/cosmetic.lv\/lv\/#organization"},"potentialAction":[{"@type":"SearchAction","target":{"@type":"EntryPoint","urlTemplate":"https:\/\/cosmetic.lv\/lv\/?s={search_term_string}"},"query-input":{"@type":"PropertyValueSpecification","valueRequired":true,"valueName":"search_term_string"}}],"inLanguage":"lv-LV"},{"@type":"Organization","@id":"https:\/\/cosmetic.lv\/lv\/#organization","name":"COSMETIC.LV","url":"https:\/\/cosmetic.lv\/lv\/","logo":{"@type":"ImageObject","inLanguage":"lv-LV","@id":"https:\/\/cosmetic.lv\/lv\/#\/schema\/logo\/image\/","url":"https:\/\/cosmetic.lv\/wp-content\/uploads\/2021\/02\/cosmetic.lv_logo.jpg","contentUrl":"https:\/\/cosmetic.lv\/wp-content\/uploads\/2021\/02\/cosmetic.lv_logo.jpg","width":596,"height":196,"caption":"COSMETIC.LV"},"image":{"@id":"https:\/\/cosmetic.lv\/lv\/#\/schema\/logo\/image\/"},"sameAs":["https:\/\/www.facebook.com\/cosmetic.lv\/"]}]},"product_price_amount":"17.50","product_price_currency":"EUR","og_availability":"out of stock","product_availability":"out of stock","product_retailer_item_id":"ker","product_condition":"new"},"_links":{"self":[{"href":"https:\/\/cosmetic.lv\/lv\/wp-json\/wp\/v2\/product\/33904","targetHints":{"allow":["GET"]}}],"collection":[{"href":"https:\/\/cosmetic.lv\/lv\/wp-json\/wp\/v2\/product"}],"about":[{"href":"https:\/\/cosmetic.lv\/lv\/wp-json\/wp\/v2\/types\/product"}],"wp:featuredmedia":[{"embeddable":true,"href":"https:\/\/cosmetic.lv\/lv\/wp-json\/wp\/v2\/media\/15421"}],"wp:attachment":[{"href":"https:\/\/cosmetic.lv\/lv\/wp-json\/wp\/v2\/media?parent=33904"}],"wp:term":[{"taxonomy":"product_brand","embeddable":true,"href":"https:\/\/cosmetic.lv\/lv\/wp-json\/wp\/v2\/product_brand?post=33904"},{"taxonomy":"product_cat","embeddable":true,"href":"https:\/\/cosmetic.lv\/lv\/wp-json\/wp\/v2\/product_cat?post=33904"},{"taxonomy":"product_tag","embeddable":true,"href":"https:\/\/cosmetic.lv\/lv\/wp-json\/wp\/v2\/product_tag?post=33904"}],"curies":[{"name":"wp","href":"https:\/\/api.w.org\/{rel}","templated":true}]}}