{"id":33919,"date":"2021-02-05T22:37:13","date_gmt":"2021-02-06T17:46:16","guid":{"rendered":"https:\/\/damme.lv\/product\/tatjana-zeinkevica-darza-aizsardziba-psihologiska-spele\/"},"modified":"2021-02-06T19:46:19","modified_gmt":"2021-02-06T17:46:19","slug":"tatjana-zeinkevica-darza-aizsardziba-psihologiska-spele","status":"publish","type":"product","link":"https:\/\/cosmetic.lv\/lv\/product\/tatjana-zeinkevica-darza-aizsardziba-psihologiska-spele\/","title":{"rendered":"Tatjana Zeinkevi\u010da D\u0101rza aizsardz\u012bba Psiholo\u0123isk\u0101 sp\u0113le"},"content":{"rendered":"<p><!DOCTYPE html PUBLIC &quot;-\/\/W3C\/\/DTD XHTML 1.0 Transitional\/\/EN&quot; &quot;http:\/\/www.w3.org\/TR\/xhtml1\/DTD\/xhtml1-transitional.dtd&quot;><br \/>\n<html><br \/>\n<head><br \/>\n<title>Untitled document<\/title><br \/>\n<\/head><br \/>\n<body><\/p>\n<pre id=&quot;tw-target-text&quot; style=&quot;text-align:left&quot; dir=&quot;ltr&quot;><span>Anot\u0101cija gr\u0101matai &quot;D\u0101rza sargi. Ziedu st\u0101sti sievietes sirdij. Psiholo\u0123isk\u0101 sp\u0113le&quot;\n\nSenos laikos, par kuru zina Lab\u0101s pasakas valodu, tr\u012bs m\u0101sas izveidoja br\u012bni&scaron;\u0137\u012bgu sievietes sirds d\u0101rzu, k\u013c\u016bstot par t\u0101s Sarg\u0101t\u0101j\u0101m. &Scaron;\u012b d\u0101rza ma\u0123iskie augi mums ir sar\u016bp\u0113ju&scaron;i \u012bpa&scaron;u d\u0101vanu. Vi\u0146i s\u016bt\u012bja savus portretus ar v\u0113lm\u0113m, cerot, ka vi\u0146u v\u0113stules k\u013c\u016bs par burvju kamertoni, ar kuru sieviete pati var noska\u0146ot savas sirds balsi. J\u0101, ziedi nav run\u012bgi un bie\u017ei run\u0101 m\u012bkl\u0101s - ir interesanti vi\u0146os klaus\u012bties, bet jums ir smagi j\u0101str\u0101d\u0101, lai saprastu, ko vi\u0146i grib\u0113ja pateikt, par ko br\u012bdin\u0101t, ko v\u0113l\u0113ties.<br \/><br \/>50 k\u0101rtis<br \/>instrukcija tiek izs\u016bt\u012bta uz e pastu<\/span><\/pre>\n<p><\/body><br \/>\n<\/html><\/p>\n","protected":false},"excerpt":{"rendered":"<p>Untitled document Anot\u0101cija gr\u0101matai &quot;D\u0101rza sargi. Ziedu st\u0101sti sievietes sirdij. Psiholo\u0123isk\u0101 sp\u0113le&quot; Senos laikos, par kuru zina Lab\u0101s pasakas valodu,<\/p>\n","protected":false},"featured_media":15446,"template":"","meta":[],"product_brand":[],"product_cat":[2288],"product_tag":[],"class_list":{"0":"post-33919","1":"product","2":"type-product","3":"status-publish","4":"has-post-thumbnail","6":"product_cat-ezoterika-kartis-lv","8":"first","9":"outofstock","10":"taxable","11":"shipping-taxable","12":"purchasable","13":"product-type-simple"},"yoast_head":"<!-- This site is optimized with the Yoast SEO Premium plugin v27.0 (Yoast SEO v27.0) - https:\/\/yoast.com\/product\/yoast-seo-premium-wordpress\/ -->\n<title>Tatjana Zeinkevi\u010da D\u0101rza aizsardz\u012bba Psiholo\u0123isk\u0101 sp\u0113le - cosmetic.lv<\/title>\n<meta name=\"robots\" content=\"index, follow, max-snippet:-1, max-image-preview:large, max-video-preview:-1\" \/>\n<link rel=\"canonical\" href=\"https:\/\/cosmetic.lv\/lv\/product\/tatjana-zeinkevica-darza-aizsardziba-psihologiska-spele\/\" \/>\n<meta property=\"og:locale\" content=\"lv_LV\" \/>\n<meta property=\"og:type\" content=\"article\" \/>\n<meta property=\"og:title\" content=\"Tatjana Zeinkevi\u010da D\u0101rza aizsardz\u012bba Psiholo\u0123isk\u0101 sp\u0113le\" \/>\n<meta property=\"og:description\" content=\"Untitled document Anot\u0101cija gr\u0101matai &quot;D\u0101rza sargi. Ziedu st\u0101sti sievietes sirdij. Psiholo\u0123isk\u0101 sp\u0113le&quot; Senos laikos, par kuru zina Lab\u0101s pasakas valodu,\" \/>\n<meta property=\"og:url\" content=\"https:\/\/cosmetic.lv\/lv\/product\/tatjana-zeinkevica-darza-aizsardziba-psihologiska-spele\/\" \/>\n<meta property=\"og:site_name\" content=\"cosmetic.lv\" \/>\n<meta property=\"article:publisher\" content=\"https:\/\/www.facebook.com\/cosmetic.lv\/\" \/>\n<meta property=\"article:modified_time\" content=\"2021-02-06T17:46:19+00:00\" \/>\n<meta property=\"og:image\" content=\"https:\/\/cosmetic.lv\/wp-content\/uploads\/2021\/02\/1005706382hran-4.jpg\" \/>\n\t<meta property=\"og:image:width\" content=\"700\" \/>\n\t<meta property=\"og:image:height\" content=\"700\" \/>\n\t<meta property=\"og:image:type\" content=\"image\/jpeg\" \/>\n<meta name=\"twitter:card\" content=\"summary_large_image\" \/>\n<script type=\"application\/ld+json\" class=\"yoast-schema-graph\">{\"@context\":\"https:\/\/schema.org\",\"@graph\":[{\"@type\":\"WebPage\",\"@id\":\"https:\/\/cosmetic.lv\/lv\/product\/tatjana-zeinkevica-darza-aizsardziba-psihologiska-spele\/\",\"url\":\"https:\/\/cosmetic.lv\/lv\/product\/tatjana-zeinkevica-darza-aizsardziba-psihologiska-spele\/\",\"name\":\"Tatjana Zeinkevi\u010da D\u0101rza aizsardz\u012bba Psiholo\u0123isk\u0101 sp\u0113le - cosmetic.lv\",\"isPartOf\":{\"@id\":\"https:\/\/cosmetic.lv\/lv\/#website\"},\"primaryImageOfPage\":{\"@id\":\"https:\/\/cosmetic.lv\/lv\/product\/tatjana-zeinkevica-darza-aizsardziba-psihologiska-spele\/#primaryimage\"},\"image\":{\"@id\":\"https:\/\/cosmetic.lv\/lv\/product\/tatjana-zeinkevica-darza-aizsardziba-psihologiska-spele\/#primaryimage\"},\"thumbnailUrl\":\"https:\/\/cosmetic.lv\/wp-content\/uploads\/2021\/02\/1005706382hran-4.jpg\",\"datePublished\":\"2021-02-06T17:46:16+00:00\",\"dateModified\":\"2021-02-06T17:46:19+00:00\",\"breadcrumb\":{\"@id\":\"https:\/\/cosmetic.lv\/lv\/product\/tatjana-zeinkevica-darza-aizsardziba-psihologiska-spele\/#breadcrumb\"},\"inLanguage\":\"lv-LV\",\"potentialAction\":[{\"@type\":\"ReadAction\",\"target\":[\"https:\/\/cosmetic.lv\/lv\/product\/tatjana-zeinkevica-darza-aizsardziba-psihologiska-spele\/\"]}]},{\"@type\":\"ImageObject\",\"inLanguage\":\"lv-LV\",\"@id\":\"https:\/\/cosmetic.lv\/lv\/product\/tatjana-zeinkevica-darza-aizsardziba-psihologiska-spele\/#primaryimage\",\"url\":\"https:\/\/cosmetic.lv\/wp-content\/uploads\/2021\/02\/1005706382hran-4.jpg\",\"contentUrl\":\"https:\/\/cosmetic.lv\/wp-content\/uploads\/2021\/02\/1005706382hran-4.jpg\",\"width\":700,\"height\":700,\"caption\":\"1005706382hran.jpg\"},{\"@type\":\"BreadcrumbList\",\"@id\":\"https:\/\/cosmetic.lv\/lv\/product\/tatjana-zeinkevica-darza-aizsardziba-psihologiska-spele\/#breadcrumb\",\"itemListElement\":[{\"@type\":\"ListItem\",\"position\":1,\"name\":\"Home\",\"item\":\"https:\/\/cosmetic.lv\/lv\/\"},{\"@type\":\"ListItem\",\"position\":2,\"name\":\"Veikals\",\"item\":\"https:\/\/cosmetic.lv\/lv\/veiklas\/\"},{\"@type\":\"ListItem\",\"position\":3,\"name\":\"Tatjana Zeinkevi\u010da D\u0101rza aizsardz\u012bba Psiholo\u0123isk\u0101 sp\u0113le\"}]},{\"@type\":\"WebSite\",\"@id\":\"https:\/\/cosmetic.lv\/lv\/#website\",\"url\":\"https:\/\/cosmetic.lv\/lv\/\",\"name\":\"cosmetic.lv\",\"description\":\"Profesion\u0101la kosm\u0113tika - Maria Galland, Keune, Arkadija, GMT, Guam, Magiray\",\"publisher\":{\"@id\":\"https:\/\/cosmetic.lv\/lv\/#organization\"},\"potentialAction\":[{\"@type\":\"SearchAction\",\"target\":{\"@type\":\"EntryPoint\",\"urlTemplate\":\"https:\/\/cosmetic.lv\/lv\/?s={search_term_string}\"},\"query-input\":{\"@type\":\"PropertyValueSpecification\",\"valueRequired\":true,\"valueName\":\"search_term_string\"}}],\"inLanguage\":\"lv-LV\"},{\"@type\":\"Organization\",\"@id\":\"https:\/\/cosmetic.lv\/lv\/#organization\",\"name\":\"COSMETIC.LV\",\"url\":\"https:\/\/cosmetic.lv\/lv\/\",\"logo\":{\"@type\":\"ImageObject\",\"inLanguage\":\"lv-LV\",\"@id\":\"https:\/\/cosmetic.lv\/lv\/#\/schema\/logo\/image\/\",\"url\":\"https:\/\/cosmetic.lv\/wp-content\/uploads\/2021\/02\/cosmetic.lv_logo.jpg\",\"contentUrl\":\"https:\/\/cosmetic.lv\/wp-content\/uploads\/2021\/02\/cosmetic.lv_logo.jpg\",\"width\":596,\"height\":196,\"caption\":\"COSMETIC.LV\"},\"image\":{\"@id\":\"https:\/\/cosmetic.lv\/lv\/#\/schema\/logo\/image\/\"},\"sameAs\":[\"https:\/\/www.facebook.com\/cosmetic.lv\/\"]}]}<\/script>\n<meta property=\"product:price:amount\" content=\"18.15\" \/>\n<meta property=\"product:price:currency\" content=\"EUR\" \/>\n<meta property=\"og:availability\" content=\"out of stock\" \/>\n<meta property=\"product:availability\" content=\"out of stock\" \/>\n<meta property=\"product:retailer_item_id\" content=\"hran\" \/>\n<meta property=\"product:condition\" content=\"new\" \/>\n<!-- \/ Yoast SEO Premium plugin. -->","yoast_head_json":{"title":"Tatjana Zeinkevi\u010da D\u0101rza aizsardz\u012bba Psiholo\u0123isk\u0101 sp\u0113le - cosmetic.lv","robots":{"index":"index","follow":"follow","max-snippet":"max-snippet:-1","max-image-preview":"max-image-preview:large","max-video-preview":"max-video-preview:-1"},"canonical":"https:\/\/cosmetic.lv\/lv\/product\/tatjana-zeinkevica-darza-aizsardziba-psihologiska-spele\/","og_locale":"lv_LV","og_type":"article","og_title":"Tatjana Zeinkevi\u010da D\u0101rza aizsardz\u012bba Psiholo\u0123isk\u0101 sp\u0113le","og_description":"Untitled document Anot\u0101cija gr\u0101matai &quot;D\u0101rza sargi. Ziedu st\u0101sti sievietes sirdij. Psiholo\u0123isk\u0101 sp\u0113le&quot; Senos laikos, par kuru zina Lab\u0101s pasakas valodu,","og_url":"https:\/\/cosmetic.lv\/lv\/product\/tatjana-zeinkevica-darza-aizsardziba-psihologiska-spele\/","og_site_name":"cosmetic.lv","article_publisher":"https:\/\/www.facebook.com\/cosmetic.lv\/","article_modified_time":"2021-02-06T17:46:19+00:00","og_image":[{"width":700,"height":700,"url":"https:\/\/cosmetic.lv\/wp-content\/uploads\/2021\/02\/1005706382hran-4.jpg","type":"image\/jpeg"}],"twitter_card":"summary_large_image","schema":{"@context":"https:\/\/schema.org","@graph":[{"@type":"WebPage","@id":"https:\/\/cosmetic.lv\/lv\/product\/tatjana-zeinkevica-darza-aizsardziba-psihologiska-spele\/","url":"https:\/\/cosmetic.lv\/lv\/product\/tatjana-zeinkevica-darza-aizsardziba-psihologiska-spele\/","name":"Tatjana Zeinkevi\u010da D\u0101rza aizsardz\u012bba Psiholo\u0123isk\u0101 sp\u0113le - cosmetic.lv","isPartOf":{"@id":"https:\/\/cosmetic.lv\/lv\/#website"},"primaryImageOfPage":{"@id":"https:\/\/cosmetic.lv\/lv\/product\/tatjana-zeinkevica-darza-aizsardziba-psihologiska-spele\/#primaryimage"},"image":{"@id":"https:\/\/cosmetic.lv\/lv\/product\/tatjana-zeinkevica-darza-aizsardziba-psihologiska-spele\/#primaryimage"},"thumbnailUrl":"https:\/\/cosmetic.lv\/wp-content\/uploads\/2021\/02\/1005706382hran-4.jpg","datePublished":"2021-02-06T17:46:16+00:00","dateModified":"2021-02-06T17:46:19+00:00","breadcrumb":{"@id":"https:\/\/cosmetic.lv\/lv\/product\/tatjana-zeinkevica-darza-aizsardziba-psihologiska-spele\/#breadcrumb"},"inLanguage":"lv-LV","potentialAction":[{"@type":"ReadAction","target":["https:\/\/cosmetic.lv\/lv\/product\/tatjana-zeinkevica-darza-aizsardziba-psihologiska-spele\/"]}]},{"@type":"ImageObject","inLanguage":"lv-LV","@id":"https:\/\/cosmetic.lv\/lv\/product\/tatjana-zeinkevica-darza-aizsardziba-psihologiska-spele\/#primaryimage","url":"https:\/\/cosmetic.lv\/wp-content\/uploads\/2021\/02\/1005706382hran-4.jpg","contentUrl":"https:\/\/cosmetic.lv\/wp-content\/uploads\/2021\/02\/1005706382hran-4.jpg","width":700,"height":700,"caption":"1005706382hran.jpg"},{"@type":"BreadcrumbList","@id":"https:\/\/cosmetic.lv\/lv\/product\/tatjana-zeinkevica-darza-aizsardziba-psihologiska-spele\/#breadcrumb","itemListElement":[{"@type":"ListItem","position":1,"name":"Home","item":"https:\/\/cosmetic.lv\/lv\/"},{"@type":"ListItem","position":2,"name":"Veikals","item":"https:\/\/cosmetic.lv\/lv\/veiklas\/"},{"@type":"ListItem","position":3,"name":"Tatjana Zeinkevi\u010da D\u0101rza aizsardz\u012bba Psiholo\u0123isk\u0101 sp\u0113le"}]},{"@type":"WebSite","@id":"https:\/\/cosmetic.lv\/lv\/#website","url":"https:\/\/cosmetic.lv\/lv\/","name":"cosmetic.lv","description":"Profesion\u0101la kosm\u0113tika - Maria Galland, Keune, Arkadija, GMT, Guam, Magiray","publisher":{"@id":"https:\/\/cosmetic.lv\/lv\/#organization"},"potentialAction":[{"@type":"SearchAction","target":{"@type":"EntryPoint","urlTemplate":"https:\/\/cosmetic.lv\/lv\/?s={search_term_string}"},"query-input":{"@type":"PropertyValueSpecification","valueRequired":true,"valueName":"search_term_string"}}],"inLanguage":"lv-LV"},{"@type":"Organization","@id":"https:\/\/cosmetic.lv\/lv\/#organization","name":"COSMETIC.LV","url":"https:\/\/cosmetic.lv\/lv\/","logo":{"@type":"ImageObject","inLanguage":"lv-LV","@id":"https:\/\/cosmetic.lv\/lv\/#\/schema\/logo\/image\/","url":"https:\/\/cosmetic.lv\/wp-content\/uploads\/2021\/02\/cosmetic.lv_logo.jpg","contentUrl":"https:\/\/cosmetic.lv\/wp-content\/uploads\/2021\/02\/cosmetic.lv_logo.jpg","width":596,"height":196,"caption":"COSMETIC.LV"},"image":{"@id":"https:\/\/cosmetic.lv\/lv\/#\/schema\/logo\/image\/"},"sameAs":["https:\/\/www.facebook.com\/cosmetic.lv\/"]}]},"product_price_amount":"18.15","product_price_currency":"EUR","og_availability":"out of stock","product_availability":"out of stock","product_retailer_item_id":"hran","product_condition":"new"},"_links":{"self":[{"href":"https:\/\/cosmetic.lv\/lv\/wp-json\/wp\/v2\/product\/33919","targetHints":{"allow":["GET"]}}],"collection":[{"href":"https:\/\/cosmetic.lv\/lv\/wp-json\/wp\/v2\/product"}],"about":[{"href":"https:\/\/cosmetic.lv\/lv\/wp-json\/wp\/v2\/types\/product"}],"wp:featuredmedia":[{"embeddable":true,"href":"https:\/\/cosmetic.lv\/lv\/wp-json\/wp\/v2\/media\/15446"}],"wp:attachment":[{"href":"https:\/\/cosmetic.lv\/lv\/wp-json\/wp\/v2\/media?parent=33919"}],"wp:term":[{"taxonomy":"product_brand","embeddable":true,"href":"https:\/\/cosmetic.lv\/lv\/wp-json\/wp\/v2\/product_brand?post=33919"},{"taxonomy":"product_cat","embeddable":true,"href":"https:\/\/cosmetic.lv\/lv\/wp-json\/wp\/v2\/product_cat?post=33919"},{"taxonomy":"product_tag","embeddable":true,"href":"https:\/\/cosmetic.lv\/lv\/wp-json\/wp\/v2\/product_tag?post=33919"}],"curies":[{"name":"wp","href":"https:\/\/api.w.org\/{rel}","templated":true}]}}