{"id":33928,"date":"2021-02-05T22:37:22","date_gmt":"2021-02-06T17:46:23","guid":{"rendered":"https:\/\/damme.lv\/product\/placo-atjaunojoss-losjons-matu-saknem-ar-pantenolu-1210ml\/"},"modified":"2021-02-21T15:09:52","modified_gmt":"2021-02-21T13:09:52","slug":"placo-atjaunojoss-losjons-matu-saknem-ar-pantenolu-1210ml","status":"publish","type":"product","link":"https:\/\/cosmetic.lv\/lv\/product\/placo-atjaunojoss-losjons-matu-saknem-ar-pantenolu-1210ml\/","title":{"rendered":"PLACO atjaunojo\u0161s losjons matu sakn\u0113m ar pantenolu 12*10ml"},"content":{"rendered":"<p>&nbsp;<\/p>\n<p>PLACO Losjons pret matu izkri\u0161anu. Losjons dab\u012bgi stimul\u0113 matu aug\u0161anu. Stiprina, baro matus. Mitrina un atvese\u013co galvas \u0101du.<\/p>\n<p><strong>Placentas ekstrakta<\/strong> funkcion\u0101lais princips balst\u0101s uz atjaunojo\u0161u iedarb\u012bbu, kas pal\u012bdz stimul\u0113t galvas \u0101das dab\u012bg\u0101s funkcijas. Placentas ekstraksts pal\u012bdz stimul\u0113t matu saknes. Pateicoties sast\u0101va akt\u012bvj\u0101m viel\u0101m, t\u0101d\u0101m k\u0101 <strong>provitam\u012bns B5, n\u0101tres un kolag\u0113ns<\/strong>, tiek atjaunots \u0101das un audu bio\u0137\u012bmiskais l\u012bdzsvars. Kvart\u0101ra s\u0101\u013ci, katjonu kondicionieri siner\u0123isk\u0101 apvienojum\u0101 ar akt\u012bvaj\u0101m viel\u0101m pie\u0161\u0137ir matiem dabisko maigumu, elast\u012bbu un vieglu \u0137emm\u0113\u0161anu jau p\u0113c pirm\u0101s lieto\u0161anas reizes. Ar kapil\u0101ro losjonu Placenta PLACO ir iesp\u0113jams nov\u0113rst matu izkri\u0161anu un tas ir \u012bpa\u0161i paredz\u0113ts trausliem, boj\u0101tiem un l\u016bsto\u0161iem matiem. Ar savu intens\u012bvo, dzi\u013co iedarb\u012bbu pie\u0161\u0137rs matiem dz\u012bv\u012bgumu, padarot tos mirdzo\u0161us un apjom\u012bgus.<\/p>\n<p>Lieto\u0161ana: lieto t\u012bros, mitros matos. Vienm\u0113r\u012bgi iezie\u017e vienas ampulas saturu, iemas\u0113 galvas \u0101d\u0101, l\u012bdz losjons piln\u012bb\u0101 ies\u016bcies. Iz\u0137emm\u0113 un \u017e\u0101v\u0113 matus.<\/p>\n<p>\u016aden\u012b \u0161\u0137\u012bsto\u0161ais placentas ekstrakts ir bez BSE \u2013 sertific\u0113ts.<\/p>\n<p>Ampulas saturs paredz\u0113ts vienreiz\u0113jai lieto\u0161anai. 12 AMPULAS PA 10 ml.<\/p>\n<p>&nbsp;<\/p>\n","protected":false},"excerpt":{"rendered":"<p>&nbsp; PLACO Losjons pret matu izkri\u0161anu. Losjons dab\u012bgi stimul\u0113 matu aug\u0161anu. Stiprina, baro matus. Mitrina un atvese\u013co galvas \u0101du. Placentas<\/p>\n","protected":false},"featured_media":15461,"template":"","meta":[],"product_brand":[],"product_cat":[2200,2208],"product_tag":[],"class_list":{"0":"post-33928","1":"product","2":"type-product","3":"status-publish","4":"has-post-thumbnail","6":"product_cat-skaistums-un-veseliba-lv","7":"product_cat-matu-kopsana-lv","9":"first","10":"instock","11":"taxable","12":"shipping-taxable","13":"purchasable","14":"product-type-simple"},"yoast_head":"<!-- This site is optimized with the Yoast SEO Premium plugin v27.0 (Yoast SEO v27.0) - https:\/\/yoast.com\/product\/yoast-seo-premium-wordpress\/ -->\n<title>PLACO atjaunojo\u0161s losjons matu sakn\u0113m ar pantenolu 12*10ml - cosmetic.lv<\/title>\n<meta name=\"robots\" content=\"index, follow, max-snippet:-1, max-image-preview:large, max-video-preview:-1\" \/>\n<link rel=\"canonical\" href=\"https:\/\/cosmetic.lv\/lv\/product\/placo-atjaunojoss-losjons-matu-saknem-ar-pantenolu-1210ml\/\" \/>\n<meta property=\"og:locale\" content=\"lv_LV\" \/>\n<meta property=\"og:type\" content=\"article\" \/>\n<meta property=\"og:title\" content=\"PLACO atjaunojo\u0161s losjons matu sakn\u0113m ar pantenolu 12*10ml\" \/>\n<meta property=\"og:description\" content=\"&nbsp; PLACO Losjons pret matu izkri\u0161anu. Losjons dab\u012bgi stimul\u0113 matu aug\u0161anu. Stiprina, baro matus. Mitrina un atvese\u013co galvas \u0101du. Placentas\" \/>\n<meta property=\"og:url\" content=\"https:\/\/cosmetic.lv\/lv\/product\/placo-atjaunojoss-losjons-matu-saknem-ar-pantenolu-1210ml\/\" \/>\n<meta property=\"og:site_name\" content=\"cosmetic.lv\" \/>\n<meta property=\"article:publisher\" content=\"https:\/\/www.facebook.com\/cosmetic.lv\/\" \/>\n<meta property=\"article:modified_time\" content=\"2021-02-21T13:09:52+00:00\" \/>\n<meta property=\"og:image\" content=\"https:\/\/cosmetic.lv\/wp-content\/uploads\/2021\/02\/ba4c17e64eca4d1310d3b791f950a37mm7-4.jpg\" \/>\n\t<meta property=\"og:image:width\" content=\"320\" \/>\n\t<meta property=\"og:image:height\" content=\"320\" \/>\n\t<meta property=\"og:image:type\" content=\"image\/jpeg\" \/>\n<meta name=\"twitter:card\" content=\"summary_large_image\" \/>\n<script type=\"application\/ld+json\" class=\"yoast-schema-graph\">{\"@context\":\"https:\/\/schema.org\",\"@graph\":[{\"@type\":\"WebPage\",\"@id\":\"https:\/\/cosmetic.lv\/lv\/product\/placo-atjaunojoss-losjons-matu-saknem-ar-pantenolu-1210ml\/\",\"url\":\"https:\/\/cosmetic.lv\/lv\/product\/placo-atjaunojoss-losjons-matu-saknem-ar-pantenolu-1210ml\/\",\"name\":\"PLACO atjaunojo\u0161s losjons matu sakn\u0113m ar pantenolu 12*10ml - cosmetic.lv\",\"isPartOf\":{\"@id\":\"https:\/\/cosmetic.lv\/lv\/#website\"},\"primaryImageOfPage\":{\"@id\":\"https:\/\/cosmetic.lv\/lv\/product\/placo-atjaunojoss-losjons-matu-saknem-ar-pantenolu-1210ml\/#primaryimage\"},\"image\":{\"@id\":\"https:\/\/cosmetic.lv\/lv\/product\/placo-atjaunojoss-losjons-matu-saknem-ar-pantenolu-1210ml\/#primaryimage\"},\"thumbnailUrl\":\"https:\/\/cosmetic.lv\/wp-content\/uploads\/2021\/02\/ba4c17e64eca4d1310d3b791f950a37mm7-4.jpg\",\"datePublished\":\"2021-02-06T17:46:23+00:00\",\"dateModified\":\"2021-02-21T13:09:52+00:00\",\"breadcrumb\":{\"@id\":\"https:\/\/cosmetic.lv\/lv\/product\/placo-atjaunojoss-losjons-matu-saknem-ar-pantenolu-1210ml\/#breadcrumb\"},\"inLanguage\":\"lv-LV\",\"potentialAction\":[{\"@type\":\"ReadAction\",\"target\":[\"https:\/\/cosmetic.lv\/lv\/product\/placo-atjaunojoss-losjons-matu-saknem-ar-pantenolu-1210ml\/\"]}]},{\"@type\":\"ImageObject\",\"inLanguage\":\"lv-LV\",\"@id\":\"https:\/\/cosmetic.lv\/lv\/product\/placo-atjaunojoss-losjons-matu-saknem-ar-pantenolu-1210ml\/#primaryimage\",\"url\":\"https:\/\/cosmetic.lv\/wp-content\/uploads\/2021\/02\/ba4c17e64eca4d1310d3b791f950a37mm7-4.jpg\",\"contentUrl\":\"https:\/\/cosmetic.lv\/wp-content\/uploads\/2021\/02\/ba4c17e64eca4d1310d3b791f950a37mm7-4.jpg\",\"width\":320,\"height\":320,\"caption\":\"ba4c17e64eca4d1310d3b791f950a37mm7.jpg\"},{\"@type\":\"BreadcrumbList\",\"@id\":\"https:\/\/cosmetic.lv\/lv\/product\/placo-atjaunojoss-losjons-matu-saknem-ar-pantenolu-1210ml\/#breadcrumb\",\"itemListElement\":[{\"@type\":\"ListItem\",\"position\":1,\"name\":\"Home\",\"item\":\"https:\/\/cosmetic.lv\/lv\/\"},{\"@type\":\"ListItem\",\"position\":2,\"name\":\"Veikals\",\"item\":\"https:\/\/cosmetic.lv\/lv\/veiklas\/\"},{\"@type\":\"ListItem\",\"position\":3,\"name\":\"PLACO atjaunojo\u0161s losjons matu sakn\u0113m ar pantenolu 12*10ml\"}]},{\"@type\":\"WebSite\",\"@id\":\"https:\/\/cosmetic.lv\/lv\/#website\",\"url\":\"https:\/\/cosmetic.lv\/lv\/\",\"name\":\"cosmetic.lv\",\"description\":\"Profesion\u0101la kosm\u0113tika - Maria Galland, Keune, Arkadija, GMT, Guam, Magiray\",\"publisher\":{\"@id\":\"https:\/\/cosmetic.lv\/lv\/#organization\"},\"potentialAction\":[{\"@type\":\"SearchAction\",\"target\":{\"@type\":\"EntryPoint\",\"urlTemplate\":\"https:\/\/cosmetic.lv\/lv\/?s={search_term_string}\"},\"query-input\":{\"@type\":\"PropertyValueSpecification\",\"valueRequired\":true,\"valueName\":\"search_term_string\"}}],\"inLanguage\":\"lv-LV\"},{\"@type\":\"Organization\",\"@id\":\"https:\/\/cosmetic.lv\/lv\/#organization\",\"name\":\"COSMETIC.LV\",\"url\":\"https:\/\/cosmetic.lv\/lv\/\",\"logo\":{\"@type\":\"ImageObject\",\"inLanguage\":\"lv-LV\",\"@id\":\"https:\/\/cosmetic.lv\/lv\/#\/schema\/logo\/image\/\",\"url\":\"https:\/\/cosmetic.lv\/wp-content\/uploads\/2021\/02\/cosmetic.lv_logo.jpg\",\"contentUrl\":\"https:\/\/cosmetic.lv\/wp-content\/uploads\/2021\/02\/cosmetic.lv_logo.jpg\",\"width\":596,\"height\":196,\"caption\":\"COSMETIC.LV\"},\"image\":{\"@id\":\"https:\/\/cosmetic.lv\/lv\/#\/schema\/logo\/image\/\"},\"sameAs\":[\"https:\/\/www.facebook.com\/cosmetic.lv\/\"]}]}<\/script>\n<meta property=\"product:price:amount\" content=\"9.06\" \/>\n<meta property=\"product:price:currency\" content=\"EUR\" \/>\n<meta property=\"og:availability\" content=\"instock\" \/>\n<meta property=\"product:availability\" content=\"instock\" \/>\n<meta property=\"product:retailer_item_id\" content=\"PLACKOL\" \/>\n<meta property=\"product:condition\" content=\"new\" \/>\n<!-- \/ Yoast SEO Premium plugin. -->","yoast_head_json":{"title":"PLACO atjaunojo\u0161s losjons matu sakn\u0113m ar pantenolu 12*10ml - cosmetic.lv","robots":{"index":"index","follow":"follow","max-snippet":"max-snippet:-1","max-image-preview":"max-image-preview:large","max-video-preview":"max-video-preview:-1"},"canonical":"https:\/\/cosmetic.lv\/lv\/product\/placo-atjaunojoss-losjons-matu-saknem-ar-pantenolu-1210ml\/","og_locale":"lv_LV","og_type":"article","og_title":"PLACO atjaunojo\u0161s losjons matu sakn\u0113m ar pantenolu 12*10ml","og_description":"&nbsp; PLACO Losjons pret matu izkri\u0161anu. Losjons dab\u012bgi stimul\u0113 matu aug\u0161anu. Stiprina, baro matus. Mitrina un atvese\u013co galvas \u0101du. Placentas","og_url":"https:\/\/cosmetic.lv\/lv\/product\/placo-atjaunojoss-losjons-matu-saknem-ar-pantenolu-1210ml\/","og_site_name":"cosmetic.lv","article_publisher":"https:\/\/www.facebook.com\/cosmetic.lv\/","article_modified_time":"2021-02-21T13:09:52+00:00","og_image":[{"width":320,"height":320,"url":"https:\/\/cosmetic.lv\/wp-content\/uploads\/2021\/02\/ba4c17e64eca4d1310d3b791f950a37mm7-4.jpg","type":"image\/jpeg"}],"twitter_card":"summary_large_image","schema":{"@context":"https:\/\/schema.org","@graph":[{"@type":"WebPage","@id":"https:\/\/cosmetic.lv\/lv\/product\/placo-atjaunojoss-losjons-matu-saknem-ar-pantenolu-1210ml\/","url":"https:\/\/cosmetic.lv\/lv\/product\/placo-atjaunojoss-losjons-matu-saknem-ar-pantenolu-1210ml\/","name":"PLACO atjaunojo\u0161s losjons matu sakn\u0113m ar pantenolu 12*10ml - cosmetic.lv","isPartOf":{"@id":"https:\/\/cosmetic.lv\/lv\/#website"},"primaryImageOfPage":{"@id":"https:\/\/cosmetic.lv\/lv\/product\/placo-atjaunojoss-losjons-matu-saknem-ar-pantenolu-1210ml\/#primaryimage"},"image":{"@id":"https:\/\/cosmetic.lv\/lv\/product\/placo-atjaunojoss-losjons-matu-saknem-ar-pantenolu-1210ml\/#primaryimage"},"thumbnailUrl":"https:\/\/cosmetic.lv\/wp-content\/uploads\/2021\/02\/ba4c17e64eca4d1310d3b791f950a37mm7-4.jpg","datePublished":"2021-02-06T17:46:23+00:00","dateModified":"2021-02-21T13:09:52+00:00","breadcrumb":{"@id":"https:\/\/cosmetic.lv\/lv\/product\/placo-atjaunojoss-losjons-matu-saknem-ar-pantenolu-1210ml\/#breadcrumb"},"inLanguage":"lv-LV","potentialAction":[{"@type":"ReadAction","target":["https:\/\/cosmetic.lv\/lv\/product\/placo-atjaunojoss-losjons-matu-saknem-ar-pantenolu-1210ml\/"]}]},{"@type":"ImageObject","inLanguage":"lv-LV","@id":"https:\/\/cosmetic.lv\/lv\/product\/placo-atjaunojoss-losjons-matu-saknem-ar-pantenolu-1210ml\/#primaryimage","url":"https:\/\/cosmetic.lv\/wp-content\/uploads\/2021\/02\/ba4c17e64eca4d1310d3b791f950a37mm7-4.jpg","contentUrl":"https:\/\/cosmetic.lv\/wp-content\/uploads\/2021\/02\/ba4c17e64eca4d1310d3b791f950a37mm7-4.jpg","width":320,"height":320,"caption":"ba4c17e64eca4d1310d3b791f950a37mm7.jpg"},{"@type":"BreadcrumbList","@id":"https:\/\/cosmetic.lv\/lv\/product\/placo-atjaunojoss-losjons-matu-saknem-ar-pantenolu-1210ml\/#breadcrumb","itemListElement":[{"@type":"ListItem","position":1,"name":"Home","item":"https:\/\/cosmetic.lv\/lv\/"},{"@type":"ListItem","position":2,"name":"Veikals","item":"https:\/\/cosmetic.lv\/lv\/veiklas\/"},{"@type":"ListItem","position":3,"name":"PLACO atjaunojo\u0161s losjons matu sakn\u0113m ar pantenolu 12*10ml"}]},{"@type":"WebSite","@id":"https:\/\/cosmetic.lv\/lv\/#website","url":"https:\/\/cosmetic.lv\/lv\/","name":"cosmetic.lv","description":"Profesion\u0101la kosm\u0113tika - Maria Galland, Keune, Arkadija, GMT, Guam, Magiray","publisher":{"@id":"https:\/\/cosmetic.lv\/lv\/#organization"},"potentialAction":[{"@type":"SearchAction","target":{"@type":"EntryPoint","urlTemplate":"https:\/\/cosmetic.lv\/lv\/?s={search_term_string}"},"query-input":{"@type":"PropertyValueSpecification","valueRequired":true,"valueName":"search_term_string"}}],"inLanguage":"lv-LV"},{"@type":"Organization","@id":"https:\/\/cosmetic.lv\/lv\/#organization","name":"COSMETIC.LV","url":"https:\/\/cosmetic.lv\/lv\/","logo":{"@type":"ImageObject","inLanguage":"lv-LV","@id":"https:\/\/cosmetic.lv\/lv\/#\/schema\/logo\/image\/","url":"https:\/\/cosmetic.lv\/wp-content\/uploads\/2021\/02\/cosmetic.lv_logo.jpg","contentUrl":"https:\/\/cosmetic.lv\/wp-content\/uploads\/2021\/02\/cosmetic.lv_logo.jpg","width":596,"height":196,"caption":"COSMETIC.LV"},"image":{"@id":"https:\/\/cosmetic.lv\/lv\/#\/schema\/logo\/image\/"},"sameAs":["https:\/\/www.facebook.com\/cosmetic.lv\/"]}]},"product_price_amount":"9.06","product_price_currency":"EUR","og_availability":"instock","product_availability":"instock","product_retailer_item_id":"PLACKOL","product_condition":"new"},"_links":{"self":[{"href":"https:\/\/cosmetic.lv\/lv\/wp-json\/wp\/v2\/product\/33928","targetHints":{"allow":["GET"]}}],"collection":[{"href":"https:\/\/cosmetic.lv\/lv\/wp-json\/wp\/v2\/product"}],"about":[{"href":"https:\/\/cosmetic.lv\/lv\/wp-json\/wp\/v2\/types\/product"}],"wp:featuredmedia":[{"embeddable":true,"href":"https:\/\/cosmetic.lv\/lv\/wp-json\/wp\/v2\/media\/15461"}],"wp:attachment":[{"href":"https:\/\/cosmetic.lv\/lv\/wp-json\/wp\/v2\/media?parent=33928"}],"wp:term":[{"taxonomy":"product_brand","embeddable":true,"href":"https:\/\/cosmetic.lv\/lv\/wp-json\/wp\/v2\/product_brand?post=33928"},{"taxonomy":"product_cat","embeddable":true,"href":"https:\/\/cosmetic.lv\/lv\/wp-json\/wp\/v2\/product_cat?post=33928"},{"taxonomy":"product_tag","embeddable":true,"href":"https:\/\/cosmetic.lv\/lv\/wp-json\/wp\/v2\/product_tag?post=33928"}],"curies":[{"name":"wp","href":"https:\/\/api.w.org\/{rel}","templated":true}]}}