{"id":33947,"date":"2021-02-05T22:37:30","date_gmt":"2021-02-06T17:46:36","guid":{"rendered":"https:\/\/damme.lv\/product\/blend-wax-veidosanas-vasks\/"},"modified":"2021-02-06T19:46:38","modified_gmt":"2021-02-06T17:46:38","slug":"blend-wax-veidosanas-vasks","status":"publish","type":"product","link":"https:\/\/cosmetic.lv\/lv\/product\/blend-wax-veidosanas-vasks\/","title":{"rendered":"Blend Wax &#8211; veido\u0161anas vasks"},"content":{"rendered":"<p><P>Maigs matu vasks, kas pie\u0161\u0137ir sp\u012bdumu \u012bsa un vid\u0113ja garuma matu modernam sak\u0101rtojumam. Satur glicer\u012bnu un miner\u0101le\u013c\u013cas matu mitrin\u0101\u0161anai, viendab\u012bgumam un sp\u012bdumam. Aizsarg\u0101 matus no dehidr\u0101cijas. Lietot mitros vai sausos matos. <\/P><br \/>\n<P>100 ml<\/P><\/p>\n","protected":false},"excerpt":{"rendered":"<p>Maigs matu vasks, kas pie\u0161\u0137ir sp\u012bdumu \u012bsa un vid\u0113ja garuma matu modernam sak\u0101rtojumam. Satur glicer\u012bnu un miner\u0101le\u013c\u013cas matu mitrin\u0101\u0161anai, viendab\u012bgumam<\/p>\n","protected":false},"featured_media":8524,"template":"","meta":[],"product_brand":[],"product_cat":[2258,2268,2271],"product_tag":[],"class_list":{"0":"post-33947","1":"product","2":"type-product","3":"status-publish","4":"has-post-thumbnail","6":"product_cat-profesionala-kosmetika-matiem-lv","7":"product_cat-keune-professional-lv-lv","8":"product_cat-veidosana-lv","10":"first","11":"outofstock","12":"taxable","13":"shipping-taxable","14":"purchasable","15":"product-type-simple"},"yoast_head":"<!-- This site is optimized with the Yoast SEO Premium plugin v27.0 (Yoast SEO v27.0) - https:\/\/yoast.com\/product\/yoast-seo-premium-wordpress\/ -->\n<title>Blend Wax - veido\u0161anas vasks - cosmetic.lv<\/title>\n<meta name=\"robots\" content=\"index, follow, max-snippet:-1, max-image-preview:large, max-video-preview:-1\" \/>\n<link rel=\"canonical\" href=\"https:\/\/cosmetic.lv\/lv\/product\/blend-wax-veidosanas-vasks\/\" \/>\n<meta property=\"og:locale\" content=\"lv_LV\" \/>\n<meta property=\"og:type\" content=\"article\" \/>\n<meta property=\"og:title\" content=\"Blend Wax - veido\u0161anas vasks\" \/>\n<meta property=\"og:description\" content=\"Maigs matu vasks, kas pie\u0161\u0137ir sp\u012bdumu \u012bsa un vid\u0113ja garuma matu modernam sak\u0101rtojumam. Satur glicer\u012bnu un miner\u0101le\u013c\u013cas matu mitrin\u0101\u0161anai, viendab\u012bgumam\" \/>\n<meta property=\"og:url\" content=\"https:\/\/cosmetic.lv\/lv\/product\/blend-wax-veidosanas-vasks\/\" \/>\n<meta property=\"og:site_name\" content=\"cosmetic.lv\" \/>\n<meta property=\"article:publisher\" content=\"https:\/\/www.facebook.com\/cosmetic.lv\/\" \/>\n<meta property=\"article:modified_time\" content=\"2021-02-06T17:46:38+00:00\" \/>\n<meta property=\"og:image\" content=\"https:\/\/cosmetic.lv\/wp-content\/uploads\/2021\/02\/blendwax100ml-1.gif\" \/>\n\t<meta property=\"og:image:width\" content=\"260\" \/>\n\t<meta property=\"og:image:height\" content=\"260\" \/>\n\t<meta property=\"og:image:type\" content=\"image\/gif\" \/>\n<meta name=\"twitter:card\" content=\"summary_large_image\" \/>\n<script type=\"application\/ld+json\" class=\"yoast-schema-graph\">{\"@context\":\"https:\/\/schema.org\",\"@graph\":[{\"@type\":\"WebPage\",\"@id\":\"https:\/\/cosmetic.lv\/lv\/product\/blend-wax-veidosanas-vasks\/\",\"url\":\"https:\/\/cosmetic.lv\/lv\/product\/blend-wax-veidosanas-vasks\/\",\"name\":\"Blend Wax - veido\u0161anas vasks - cosmetic.lv\",\"isPartOf\":{\"@id\":\"https:\/\/cosmetic.lv\/lv\/#website\"},\"primaryImageOfPage\":{\"@id\":\"https:\/\/cosmetic.lv\/lv\/product\/blend-wax-veidosanas-vasks\/#primaryimage\"},\"image\":{\"@id\":\"https:\/\/cosmetic.lv\/lv\/product\/blend-wax-veidosanas-vasks\/#primaryimage\"},\"thumbnailUrl\":\"https:\/\/cosmetic.lv\/wp-content\/uploads\/2021\/02\/blendwax100ml-1.gif\",\"datePublished\":\"2021-02-06T17:46:36+00:00\",\"dateModified\":\"2021-02-06T17:46:38+00:00\",\"breadcrumb\":{\"@id\":\"https:\/\/cosmetic.lv\/lv\/product\/blend-wax-veidosanas-vasks\/#breadcrumb\"},\"inLanguage\":\"lv-LV\",\"potentialAction\":[{\"@type\":\"ReadAction\",\"target\":[\"https:\/\/cosmetic.lv\/lv\/product\/blend-wax-veidosanas-vasks\/\"]}]},{\"@type\":\"ImageObject\",\"inLanguage\":\"lv-LV\",\"@id\":\"https:\/\/cosmetic.lv\/lv\/product\/blend-wax-veidosanas-vasks\/#primaryimage\",\"url\":\"https:\/\/cosmetic.lv\/wp-content\/uploads\/2021\/02\/blendwax100ml-1.gif\",\"contentUrl\":\"https:\/\/cosmetic.lv\/wp-content\/uploads\/2021\/02\/blendwax100ml-1.gif\",\"width\":260,\"height\":260,\"caption\":\"BlendWax100ml-1.gif\"},{\"@type\":\"BreadcrumbList\",\"@id\":\"https:\/\/cosmetic.lv\/lv\/product\/blend-wax-veidosanas-vasks\/#breadcrumb\",\"itemListElement\":[{\"@type\":\"ListItem\",\"position\":1,\"name\":\"Home\",\"item\":\"https:\/\/cosmetic.lv\/lv\/\"},{\"@type\":\"ListItem\",\"position\":2,\"name\":\"Veikals\",\"item\":\"https:\/\/cosmetic.lv\/lv\/veiklas\/\"},{\"@type\":\"ListItem\",\"position\":3,\"name\":\"Blend Wax &#8211; veido\u0161anas vasks\"}]},{\"@type\":\"WebSite\",\"@id\":\"https:\/\/cosmetic.lv\/lv\/#website\",\"url\":\"https:\/\/cosmetic.lv\/lv\/\",\"name\":\"cosmetic.lv\",\"description\":\"Profesion\u0101la kosm\u0113tika - Maria Galland, Keune, Arkadija, GMT, Guam, Magiray\",\"publisher\":{\"@id\":\"https:\/\/cosmetic.lv\/lv\/#organization\"},\"potentialAction\":[{\"@type\":\"SearchAction\",\"target\":{\"@type\":\"EntryPoint\",\"urlTemplate\":\"https:\/\/cosmetic.lv\/lv\/?s={search_term_string}\"},\"query-input\":{\"@type\":\"PropertyValueSpecification\",\"valueRequired\":true,\"valueName\":\"search_term_string\"}}],\"inLanguage\":\"lv-LV\"},{\"@type\":\"Organization\",\"@id\":\"https:\/\/cosmetic.lv\/lv\/#organization\",\"name\":\"COSMETIC.LV\",\"url\":\"https:\/\/cosmetic.lv\/lv\/\",\"logo\":{\"@type\":\"ImageObject\",\"inLanguage\":\"lv-LV\",\"@id\":\"https:\/\/cosmetic.lv\/lv\/#\/schema\/logo\/image\/\",\"url\":\"https:\/\/cosmetic.lv\/wp-content\/uploads\/2021\/02\/cosmetic.lv_logo.jpg\",\"contentUrl\":\"https:\/\/cosmetic.lv\/wp-content\/uploads\/2021\/02\/cosmetic.lv_logo.jpg\",\"width\":596,\"height\":196,\"caption\":\"COSMETIC.LV\"},\"image\":{\"@id\":\"https:\/\/cosmetic.lv\/lv\/#\/schema\/logo\/image\/\"},\"sameAs\":[\"https:\/\/www.facebook.com\/cosmetic.lv\/\"]}]}<\/script>\n<meta property=\"product:price:amount\" content=\"16.35\" \/>\n<meta property=\"product:price:currency\" content=\"EUR\" \/>\n<meta property=\"og:availability\" content=\"out of stock\" \/>\n<meta property=\"product:availability\" content=\"out of stock\" \/>\n<meta property=\"product:retailer_item_id\" content=\"25040\" \/>\n<meta property=\"product:condition\" content=\"new\" \/>\n<!-- \/ Yoast SEO Premium plugin. -->","yoast_head_json":{"title":"Blend Wax - veido\u0161anas vasks - cosmetic.lv","robots":{"index":"index","follow":"follow","max-snippet":"max-snippet:-1","max-image-preview":"max-image-preview:large","max-video-preview":"max-video-preview:-1"},"canonical":"https:\/\/cosmetic.lv\/lv\/product\/blend-wax-veidosanas-vasks\/","og_locale":"lv_LV","og_type":"article","og_title":"Blend Wax - veido\u0161anas vasks","og_description":"Maigs matu vasks, kas pie\u0161\u0137ir sp\u012bdumu \u012bsa un vid\u0113ja garuma matu modernam sak\u0101rtojumam. Satur glicer\u012bnu un miner\u0101le\u013c\u013cas matu mitrin\u0101\u0161anai, viendab\u012bgumam","og_url":"https:\/\/cosmetic.lv\/lv\/product\/blend-wax-veidosanas-vasks\/","og_site_name":"cosmetic.lv","article_publisher":"https:\/\/www.facebook.com\/cosmetic.lv\/","article_modified_time":"2021-02-06T17:46:38+00:00","og_image":[{"width":260,"height":260,"url":"https:\/\/cosmetic.lv\/wp-content\/uploads\/2021\/02\/blendwax100ml-1.gif","type":"image\/gif"}],"twitter_card":"summary_large_image","schema":{"@context":"https:\/\/schema.org","@graph":[{"@type":"WebPage","@id":"https:\/\/cosmetic.lv\/lv\/product\/blend-wax-veidosanas-vasks\/","url":"https:\/\/cosmetic.lv\/lv\/product\/blend-wax-veidosanas-vasks\/","name":"Blend Wax - veido\u0161anas vasks - cosmetic.lv","isPartOf":{"@id":"https:\/\/cosmetic.lv\/lv\/#website"},"primaryImageOfPage":{"@id":"https:\/\/cosmetic.lv\/lv\/product\/blend-wax-veidosanas-vasks\/#primaryimage"},"image":{"@id":"https:\/\/cosmetic.lv\/lv\/product\/blend-wax-veidosanas-vasks\/#primaryimage"},"thumbnailUrl":"https:\/\/cosmetic.lv\/wp-content\/uploads\/2021\/02\/blendwax100ml-1.gif","datePublished":"2021-02-06T17:46:36+00:00","dateModified":"2021-02-06T17:46:38+00:00","breadcrumb":{"@id":"https:\/\/cosmetic.lv\/lv\/product\/blend-wax-veidosanas-vasks\/#breadcrumb"},"inLanguage":"lv-LV","potentialAction":[{"@type":"ReadAction","target":["https:\/\/cosmetic.lv\/lv\/product\/blend-wax-veidosanas-vasks\/"]}]},{"@type":"ImageObject","inLanguage":"lv-LV","@id":"https:\/\/cosmetic.lv\/lv\/product\/blend-wax-veidosanas-vasks\/#primaryimage","url":"https:\/\/cosmetic.lv\/wp-content\/uploads\/2021\/02\/blendwax100ml-1.gif","contentUrl":"https:\/\/cosmetic.lv\/wp-content\/uploads\/2021\/02\/blendwax100ml-1.gif","width":260,"height":260,"caption":"BlendWax100ml-1.gif"},{"@type":"BreadcrumbList","@id":"https:\/\/cosmetic.lv\/lv\/product\/blend-wax-veidosanas-vasks\/#breadcrumb","itemListElement":[{"@type":"ListItem","position":1,"name":"Home","item":"https:\/\/cosmetic.lv\/lv\/"},{"@type":"ListItem","position":2,"name":"Veikals","item":"https:\/\/cosmetic.lv\/lv\/veiklas\/"},{"@type":"ListItem","position":3,"name":"Blend Wax &#8211; veido\u0161anas vasks"}]},{"@type":"WebSite","@id":"https:\/\/cosmetic.lv\/lv\/#website","url":"https:\/\/cosmetic.lv\/lv\/","name":"cosmetic.lv","description":"Profesion\u0101la kosm\u0113tika - Maria Galland, Keune, Arkadija, GMT, Guam, Magiray","publisher":{"@id":"https:\/\/cosmetic.lv\/lv\/#organization"},"potentialAction":[{"@type":"SearchAction","target":{"@type":"EntryPoint","urlTemplate":"https:\/\/cosmetic.lv\/lv\/?s={search_term_string}"},"query-input":{"@type":"PropertyValueSpecification","valueRequired":true,"valueName":"search_term_string"}}],"inLanguage":"lv-LV"},{"@type":"Organization","@id":"https:\/\/cosmetic.lv\/lv\/#organization","name":"COSMETIC.LV","url":"https:\/\/cosmetic.lv\/lv\/","logo":{"@type":"ImageObject","inLanguage":"lv-LV","@id":"https:\/\/cosmetic.lv\/lv\/#\/schema\/logo\/image\/","url":"https:\/\/cosmetic.lv\/wp-content\/uploads\/2021\/02\/cosmetic.lv_logo.jpg","contentUrl":"https:\/\/cosmetic.lv\/wp-content\/uploads\/2021\/02\/cosmetic.lv_logo.jpg","width":596,"height":196,"caption":"COSMETIC.LV"},"image":{"@id":"https:\/\/cosmetic.lv\/lv\/#\/schema\/logo\/image\/"},"sameAs":["https:\/\/www.facebook.com\/cosmetic.lv\/"]}]},"product_price_amount":"16.35","product_price_currency":"EUR","og_availability":"out of stock","product_availability":"out of stock","product_retailer_item_id":"25040","product_condition":"new"},"_links":{"self":[{"href":"https:\/\/cosmetic.lv\/lv\/wp-json\/wp\/v2\/product\/33947","targetHints":{"allow":["GET"]}}],"collection":[{"href":"https:\/\/cosmetic.lv\/lv\/wp-json\/wp\/v2\/product"}],"about":[{"href":"https:\/\/cosmetic.lv\/lv\/wp-json\/wp\/v2\/types\/product"}],"wp:featuredmedia":[{"embeddable":true,"href":"https:\/\/cosmetic.lv\/lv\/wp-json\/wp\/v2\/media\/8524"}],"wp:attachment":[{"href":"https:\/\/cosmetic.lv\/lv\/wp-json\/wp\/v2\/media?parent=33947"}],"wp:term":[{"taxonomy":"product_brand","embeddable":true,"href":"https:\/\/cosmetic.lv\/lv\/wp-json\/wp\/v2\/product_brand?post=33947"},{"taxonomy":"product_cat","embeddable":true,"href":"https:\/\/cosmetic.lv\/lv\/wp-json\/wp\/v2\/product_cat?post=33947"},{"taxonomy":"product_tag","embeddable":true,"href":"https:\/\/cosmetic.lv\/lv\/wp-json\/wp\/v2\/product_tag?post=33947"}],"curies":[{"name":"wp","href":"https:\/\/api.w.org\/{rel}","templated":true}]}}