{"id":33976,"date":"2021-02-06T19:46:58","date_gmt":"2021-02-06T17:46:58","guid":{"rendered":"https:\/\/damme.lv\/product\/disconnect-milding-paste-veidosanas-pasta\/"},"modified":"2021-02-06T19:46:59","modified_gmt":"2021-02-06T17:46:59","slug":"disconnect-milding-paste-veidosanas-pasta","status":"publish","type":"product","link":"https:\/\/cosmetic.lv\/lv\/product\/disconnect-milding-paste-veidosanas-pasta\/","title":{"rendered":"Disconnect Milding Paste &#8211; Veido\u0161anas pasta"},"content":{"rendered":"<p><P>Stil\u012bgu \u0161\u0137ipsnu tekstur\u0113\u0161anas pasta. \u0100tra un vienk\u0101r\u0161a lieto\u0161ana, nodro\u0161ina ilgsto\u0161u apjomu. Dienas laik\u0101 iesp\u0113jams viegli p\u0101rveidot. Mat\u0113ts efekts. Nesalipina matus. Kl\u0101j uz mitriem vai sausiem matiem.<\/P><br \/>\n<P>30 ml<\/P><\/p>\n","protected":false},"excerpt":{"rendered":"<p>Stil\u012bgu \u0161\u0137ipsnu tekstur\u0113\u0161anas pasta. \u0100tra un vienk\u0101r\u0161a lieto\u0161ana, nodro\u0161ina ilgsto\u0161u apjomu. Dienas laik\u0101 iesp\u0113jams viegli p\u0101rveidot. Mat\u0113ts efekts. Nesalipina matus.<\/p>\n","protected":false},"featured_media":8609,"template":"","meta":[],"product_brand":[],"product_cat":[2258,2268,2271],"product_tag":[],"class_list":{"0":"post-33976","1":"product","2":"type-product","3":"status-publish","4":"has-post-thumbnail","6":"product_cat-profesionala-kosmetika-matiem-lv","7":"product_cat-keune-professional-lv-lv","8":"product_cat-veidosana-lv","10":"first","11":"instock","12":"taxable","13":"shipping-taxable","14":"purchasable","15":"product-type-simple"},"yoast_head":"<!-- This site is optimized with the Yoast SEO Premium plugin v27.0 (Yoast SEO v27.0) - https:\/\/yoast.com\/product\/yoast-seo-premium-wordpress\/ -->\n<title>Disconnect Milding Paste - Veido\u0161anas pasta - cosmetic.lv<\/title>\n<meta name=\"robots\" content=\"index, follow, max-snippet:-1, max-image-preview:large, max-video-preview:-1\" \/>\n<link rel=\"canonical\" href=\"https:\/\/cosmetic.lv\/lv\/product\/disconnect-milding-paste-veidosanas-pasta\/\" \/>\n<meta property=\"og:locale\" content=\"lv_LV\" \/>\n<meta property=\"og:type\" content=\"article\" \/>\n<meta property=\"og:title\" content=\"Disconnect Milding Paste - Veido\u0161anas pasta\" \/>\n<meta property=\"og:description\" content=\"Stil\u012bgu \u0161\u0137ipsnu tekstur\u0113\u0161anas pasta. \u0100tra un vienk\u0101r\u0161a lieto\u0161ana, nodro\u0161ina ilgsto\u0161u apjomu. Dienas laik\u0101 iesp\u0113jams viegli p\u0101rveidot. Mat\u0113ts efekts. Nesalipina matus.\" \/>\n<meta property=\"og:url\" content=\"https:\/\/cosmetic.lv\/lv\/product\/disconnect-milding-paste-veidosanas-pasta\/\" \/>\n<meta property=\"og:site_name\" content=\"cosmetic.lv\" \/>\n<meta property=\"article:publisher\" content=\"https:\/\/www.facebook.com\/cosmetic.lv\/\" \/>\n<meta property=\"article:modified_time\" content=\"2021-02-06T17:46:59+00:00\" \/>\n<meta property=\"og:image\" content=\"https:\/\/cosmetic.lv\/wp-content\/uploads\/2021\/02\/disconnectmoldingpaste100ml.jpg\" \/>\n\t<meta property=\"og:image:width\" content=\"300\" \/>\n\t<meta property=\"og:image:height\" content=\"300\" \/>\n\t<meta property=\"og:image:type\" content=\"image\/jpeg\" \/>\n<meta name=\"twitter:card\" content=\"summary_large_image\" \/>\n<script type=\"application\/ld+json\" class=\"yoast-schema-graph\">{\"@context\":\"https:\/\/schema.org\",\"@graph\":[{\"@type\":\"WebPage\",\"@id\":\"https:\/\/cosmetic.lv\/lv\/product\/disconnect-milding-paste-veidosanas-pasta\/\",\"url\":\"https:\/\/cosmetic.lv\/lv\/product\/disconnect-milding-paste-veidosanas-pasta\/\",\"name\":\"Disconnect Milding Paste - Veido\u0161anas pasta - cosmetic.lv\",\"isPartOf\":{\"@id\":\"https:\/\/cosmetic.lv\/lv\/#website\"},\"primaryImageOfPage\":{\"@id\":\"https:\/\/cosmetic.lv\/lv\/product\/disconnect-milding-paste-veidosanas-pasta\/#primaryimage\"},\"image\":{\"@id\":\"https:\/\/cosmetic.lv\/lv\/product\/disconnect-milding-paste-veidosanas-pasta\/#primaryimage\"},\"thumbnailUrl\":\"https:\/\/cosmetic.lv\/wp-content\/uploads\/2021\/02\/disconnectmoldingpaste100ml.jpg\",\"datePublished\":\"2021-02-06T17:46:58+00:00\",\"dateModified\":\"2021-02-06T17:46:59+00:00\",\"breadcrumb\":{\"@id\":\"https:\/\/cosmetic.lv\/lv\/product\/disconnect-milding-paste-veidosanas-pasta\/#breadcrumb\"},\"inLanguage\":\"lv-LV\",\"potentialAction\":[{\"@type\":\"ReadAction\",\"target\":[\"https:\/\/cosmetic.lv\/lv\/product\/disconnect-milding-paste-veidosanas-pasta\/\"]}]},{\"@type\":\"ImageObject\",\"inLanguage\":\"lv-LV\",\"@id\":\"https:\/\/cosmetic.lv\/lv\/product\/disconnect-milding-paste-veidosanas-pasta\/#primaryimage\",\"url\":\"https:\/\/cosmetic.lv\/wp-content\/uploads\/2021\/02\/disconnectmoldingpaste100ml.jpg\",\"contentUrl\":\"https:\/\/cosmetic.lv\/wp-content\/uploads\/2021\/02\/disconnectmoldingpaste100ml.jpg\",\"width\":300,\"height\":300,\"caption\":\"DisconnectMoldingPaste100ml.jpg\"},{\"@type\":\"BreadcrumbList\",\"@id\":\"https:\/\/cosmetic.lv\/lv\/product\/disconnect-milding-paste-veidosanas-pasta\/#breadcrumb\",\"itemListElement\":[{\"@type\":\"ListItem\",\"position\":1,\"name\":\"Home\",\"item\":\"https:\/\/cosmetic.lv\/lv\/\"},{\"@type\":\"ListItem\",\"position\":2,\"name\":\"Veikals\",\"item\":\"https:\/\/cosmetic.lv\/lv\/veiklas\/\"},{\"@type\":\"ListItem\",\"position\":3,\"name\":\"Disconnect Milding Paste &#8211; Veido\u0161anas pasta\"}]},{\"@type\":\"WebSite\",\"@id\":\"https:\/\/cosmetic.lv\/lv\/#website\",\"url\":\"https:\/\/cosmetic.lv\/lv\/\",\"name\":\"cosmetic.lv\",\"description\":\"Profesion\u0101la kosm\u0113tika - Maria Galland, Keune, Arkadija, GMT, Guam, Magiray\",\"publisher\":{\"@id\":\"https:\/\/cosmetic.lv\/lv\/#organization\"},\"potentialAction\":[{\"@type\":\"SearchAction\",\"target\":{\"@type\":\"EntryPoint\",\"urlTemplate\":\"https:\/\/cosmetic.lv\/lv\/?s={search_term_string}\"},\"query-input\":{\"@type\":\"PropertyValueSpecification\",\"valueRequired\":true,\"valueName\":\"search_term_string\"}}],\"inLanguage\":\"lv-LV\"},{\"@type\":\"Organization\",\"@id\":\"https:\/\/cosmetic.lv\/lv\/#organization\",\"name\":\"COSMETIC.LV\",\"url\":\"https:\/\/cosmetic.lv\/lv\/\",\"logo\":{\"@type\":\"ImageObject\",\"inLanguage\":\"lv-LV\",\"@id\":\"https:\/\/cosmetic.lv\/lv\/#\/schema\/logo\/image\/\",\"url\":\"https:\/\/cosmetic.lv\/wp-content\/uploads\/2021\/02\/cosmetic.lv_logo.jpg\",\"contentUrl\":\"https:\/\/cosmetic.lv\/wp-content\/uploads\/2021\/02\/cosmetic.lv_logo.jpg\",\"width\":596,\"height\":196,\"caption\":\"COSMETIC.LV\"},\"image\":{\"@id\":\"https:\/\/cosmetic.lv\/lv\/#\/schema\/logo\/image\/\"},\"sameAs\":[\"https:\/\/www.facebook.com\/cosmetic.lv\/\"]}]}<\/script>\n<meta property=\"product:price:amount\" content=\"6.60\" \/>\n<meta property=\"product:price:currency\" content=\"EUR\" \/>\n<meta property=\"og:availability\" content=\"instock\" \/>\n<meta property=\"product:availability\" content=\"instock\" \/>\n<meta property=\"product:retailer_item_id\" content=\"14109A\" \/>\n<meta property=\"product:condition\" content=\"new\" \/>\n<!-- \/ Yoast SEO Premium plugin. -->","yoast_head_json":{"title":"Disconnect Milding Paste - Veido\u0161anas pasta - cosmetic.lv","robots":{"index":"index","follow":"follow","max-snippet":"max-snippet:-1","max-image-preview":"max-image-preview:large","max-video-preview":"max-video-preview:-1"},"canonical":"https:\/\/cosmetic.lv\/lv\/product\/disconnect-milding-paste-veidosanas-pasta\/","og_locale":"lv_LV","og_type":"article","og_title":"Disconnect Milding Paste - Veido\u0161anas pasta","og_description":"Stil\u012bgu \u0161\u0137ipsnu tekstur\u0113\u0161anas pasta. \u0100tra un vienk\u0101r\u0161a lieto\u0161ana, nodro\u0161ina ilgsto\u0161u apjomu. Dienas laik\u0101 iesp\u0113jams viegli p\u0101rveidot. Mat\u0113ts efekts. Nesalipina matus.","og_url":"https:\/\/cosmetic.lv\/lv\/product\/disconnect-milding-paste-veidosanas-pasta\/","og_site_name":"cosmetic.lv","article_publisher":"https:\/\/www.facebook.com\/cosmetic.lv\/","article_modified_time":"2021-02-06T17:46:59+00:00","og_image":[{"width":300,"height":300,"url":"https:\/\/cosmetic.lv\/wp-content\/uploads\/2021\/02\/disconnectmoldingpaste100ml.jpg","type":"image\/jpeg"}],"twitter_card":"summary_large_image","schema":{"@context":"https:\/\/schema.org","@graph":[{"@type":"WebPage","@id":"https:\/\/cosmetic.lv\/lv\/product\/disconnect-milding-paste-veidosanas-pasta\/","url":"https:\/\/cosmetic.lv\/lv\/product\/disconnect-milding-paste-veidosanas-pasta\/","name":"Disconnect Milding Paste - Veido\u0161anas pasta - cosmetic.lv","isPartOf":{"@id":"https:\/\/cosmetic.lv\/lv\/#website"},"primaryImageOfPage":{"@id":"https:\/\/cosmetic.lv\/lv\/product\/disconnect-milding-paste-veidosanas-pasta\/#primaryimage"},"image":{"@id":"https:\/\/cosmetic.lv\/lv\/product\/disconnect-milding-paste-veidosanas-pasta\/#primaryimage"},"thumbnailUrl":"https:\/\/cosmetic.lv\/wp-content\/uploads\/2021\/02\/disconnectmoldingpaste100ml.jpg","datePublished":"2021-02-06T17:46:58+00:00","dateModified":"2021-02-06T17:46:59+00:00","breadcrumb":{"@id":"https:\/\/cosmetic.lv\/lv\/product\/disconnect-milding-paste-veidosanas-pasta\/#breadcrumb"},"inLanguage":"lv-LV","potentialAction":[{"@type":"ReadAction","target":["https:\/\/cosmetic.lv\/lv\/product\/disconnect-milding-paste-veidosanas-pasta\/"]}]},{"@type":"ImageObject","inLanguage":"lv-LV","@id":"https:\/\/cosmetic.lv\/lv\/product\/disconnect-milding-paste-veidosanas-pasta\/#primaryimage","url":"https:\/\/cosmetic.lv\/wp-content\/uploads\/2021\/02\/disconnectmoldingpaste100ml.jpg","contentUrl":"https:\/\/cosmetic.lv\/wp-content\/uploads\/2021\/02\/disconnectmoldingpaste100ml.jpg","width":300,"height":300,"caption":"DisconnectMoldingPaste100ml.jpg"},{"@type":"BreadcrumbList","@id":"https:\/\/cosmetic.lv\/lv\/product\/disconnect-milding-paste-veidosanas-pasta\/#breadcrumb","itemListElement":[{"@type":"ListItem","position":1,"name":"Home","item":"https:\/\/cosmetic.lv\/lv\/"},{"@type":"ListItem","position":2,"name":"Veikals","item":"https:\/\/cosmetic.lv\/lv\/veiklas\/"},{"@type":"ListItem","position":3,"name":"Disconnect Milding Paste &#8211; Veido\u0161anas pasta"}]},{"@type":"WebSite","@id":"https:\/\/cosmetic.lv\/lv\/#website","url":"https:\/\/cosmetic.lv\/lv\/","name":"cosmetic.lv","description":"Profesion\u0101la kosm\u0113tika - Maria Galland, Keune, Arkadija, GMT, Guam, Magiray","publisher":{"@id":"https:\/\/cosmetic.lv\/lv\/#organization"},"potentialAction":[{"@type":"SearchAction","target":{"@type":"EntryPoint","urlTemplate":"https:\/\/cosmetic.lv\/lv\/?s={search_term_string}"},"query-input":{"@type":"PropertyValueSpecification","valueRequired":true,"valueName":"search_term_string"}}],"inLanguage":"lv-LV"},{"@type":"Organization","@id":"https:\/\/cosmetic.lv\/lv\/#organization","name":"COSMETIC.LV","url":"https:\/\/cosmetic.lv\/lv\/","logo":{"@type":"ImageObject","inLanguage":"lv-LV","@id":"https:\/\/cosmetic.lv\/lv\/#\/schema\/logo\/image\/","url":"https:\/\/cosmetic.lv\/wp-content\/uploads\/2021\/02\/cosmetic.lv_logo.jpg","contentUrl":"https:\/\/cosmetic.lv\/wp-content\/uploads\/2021\/02\/cosmetic.lv_logo.jpg","width":596,"height":196,"caption":"COSMETIC.LV"},"image":{"@id":"https:\/\/cosmetic.lv\/lv\/#\/schema\/logo\/image\/"},"sameAs":["https:\/\/www.facebook.com\/cosmetic.lv\/"]}]},"product_price_amount":"6.60","product_price_currency":"EUR","og_availability":"instock","product_availability":"instock","product_retailer_item_id":"14109A","product_condition":"new"},"_links":{"self":[{"href":"https:\/\/cosmetic.lv\/lv\/wp-json\/wp\/v2\/product\/33976","targetHints":{"allow":["GET"]}}],"collection":[{"href":"https:\/\/cosmetic.lv\/lv\/wp-json\/wp\/v2\/product"}],"about":[{"href":"https:\/\/cosmetic.lv\/lv\/wp-json\/wp\/v2\/types\/product"}],"wp:featuredmedia":[{"embeddable":true,"href":"https:\/\/cosmetic.lv\/lv\/wp-json\/wp\/v2\/media\/8609"}],"wp:attachment":[{"href":"https:\/\/cosmetic.lv\/lv\/wp-json\/wp\/v2\/media?parent=33976"}],"wp:term":[{"taxonomy":"product_brand","embeddable":true,"href":"https:\/\/cosmetic.lv\/lv\/wp-json\/wp\/v2\/product_brand?post=33976"},{"taxonomy":"product_cat","embeddable":true,"href":"https:\/\/cosmetic.lv\/lv\/wp-json\/wp\/v2\/product_cat?post=33976"},{"taxonomy":"product_tag","embeddable":true,"href":"https:\/\/cosmetic.lv\/lv\/wp-json\/wp\/v2\/product_tag?post=33976"}],"curies":[{"name":"wp","href":"https:\/\/api.w.org\/{rel}","templated":true}]}}