{"id":33985,"date":"2021-02-05T22:37:48","date_gmt":"2021-02-06T17:47:04","guid":{"rendered":"https:\/\/damme.lv\/product\/maria-galland-attirosa-malveida-maska-masque-souple-creamy-soft-mask\/"},"modified":"2021-02-06T19:47:05","modified_gmt":"2021-02-06T17:47:05","slug":"maria-galland-attirosa-malveida-maska-masque-souple-creamy-soft-mask","status":"publish","type":"product","link":"https:\/\/cosmetic.lv\/lv\/product\/maria-galland-attirosa-malveida-maska-masque-souple-creamy-soft-mask\/","title":{"rendered":"MARIA GALLAND Att\u012bro\u0161a m\u0101lveida maska Masque souple \/ Creamy soft mask"},"content":{"rendered":"<p><!DOCTYPE html PUBLIC &quot;-\/\/W3C\/\/DTD XHTML 1.0 Transitional\/\/EN&quot; &quot;http:\/\/www.w3.org\/TR\/xhtml1\/DTD\/xhtml1-transitional.dtd&quot;><br \/>\n<html><br \/>\n<head><br \/>\n<title>Untitled document<\/title><br \/>\n<\/head><br \/>\n<body><\/p>\n<p>Maiga kr\u0113mveid\u012bga pasta, specifiskai \u0101das kop&scaron;anai no r\u012bta. Dab\u012bgais  kaol\u012bns ir ide\u0101ls pies\u0101r\u0146otas sejas \u0101das att\u012br\u012bt\u0101js. Absorb\u0113 pa nakti  uzkr\u0101tos net\u012brumus. Maskas sast\u0101v\u0101 ir ekstrakti ar att\u012bro&scaron;\u0101m un poras  savelko&scaron;\u0101m \u012bpa&scaron;\u012bb\u0101m, vienlaic\u012bgi atdz\u012bvinot, atsvaidzinot un izl\u012bdzinot  sejas \u0101du. Pamat\u0101 ir tauksk\u0101bes, kas nepiecie&scaron;amo \u0101das att\u012br\u012b&scaron;anu padara  efekt\u012bv\u0101ku un pat\u012bkam\u0101ku. Lielisks l\u012bdzeklis ar\u012b pusaud\u017eu \u0101das probl\u0113mu  risin\u0101&scaron;anai.<\/p>\n<p>Lieto&scaron;ana: uzkl\u0101j nelielu maskas k\u0101rti\u0146u uz sejas, kakla un ap ac\u012bm.  Cilv\u0113kiem ar j\u016bt\u012bg\u0101ku \u0101du ieteicams lietot tikai uz probl\u0113mzon\u0101m  (deguns, zods u.tml.). Piln\u012bga efekta sasnieg&scaron;anai masku atst\u0101j uz 5  min, tad noskalo ar siltu \u016bdeni un nosusina.<\/p>\n<p>Sast\u0101v\u0101: 28% dab\u012bgs m\u0101ls, Efeju ekstrakts, Zeme\u0146u ekstrakts, Alantoil, Vitam\u012bns B6<\/p>\n<p>50&nbsp;ml<\/p>\n<p><\/body><br \/>\n<\/html><\/p>\n","protected":false},"excerpt":{"rendered":"<p>Untitled document Maiga kr\u0113mveid\u012bga pasta, specifiskai \u0101das kop&scaron;anai no r\u012bta. Dab\u012bgais kaol\u012bns ir ide\u0101ls pies\u0101r\u0146otas sejas \u0101das att\u012br\u012bt\u0101js. Absorb\u0113 pa<\/p>\n","protected":false},"featured_media":15534,"template":"","meta":[],"product_brand":[],"product_cat":[2273,2277],"product_tag":[],"class_list":{"0":"post-33985","1":"product","2":"type-product","3":"status-publish","4":"has-post-thumbnail","6":"product_cat-profesionala-kosmetika-sejai-un-kermenim-lv","7":"product_cat-maria-galland-francija-lv","9":"first","10":"instock","11":"sale","12":"featured","13":"taxable","14":"shipping-taxable","15":"purchasable","16":"product-type-simple"},"yoast_head":"<!-- This site is optimized with the Yoast SEO Premium plugin v27.0 (Yoast SEO v27.0) - https:\/\/yoast.com\/product\/yoast-seo-premium-wordpress\/ -->\n<title>MARIA GALLAND Att\u012bro\u0161a m\u0101lveida maska Masque souple \/ Creamy soft mask - cosmetic.lv<\/title>\n<meta name=\"robots\" content=\"index, follow, max-snippet:-1, max-image-preview:large, max-video-preview:-1\" \/>\n<link rel=\"canonical\" href=\"https:\/\/cosmetic.lv\/lv\/product\/maria-galland-attirosa-malveida-maska-masque-souple-creamy-soft-mask\/\" \/>\n<meta property=\"og:locale\" content=\"lv_LV\" \/>\n<meta property=\"og:type\" content=\"article\" \/>\n<meta property=\"og:title\" content=\"MARIA GALLAND Att\u012bro\u0161a m\u0101lveida maska Masque souple \/ Creamy soft mask\" \/>\n<meta property=\"og:description\" content=\"Untitled document Maiga kr\u0113mveid\u012bga pasta, specifiskai \u0101das kop&scaron;anai no r\u012bta. Dab\u012bgais kaol\u012bns ir ide\u0101ls pies\u0101r\u0146otas sejas \u0101das att\u012br\u012bt\u0101js. Absorb\u0113 pa\" \/>\n<meta property=\"og:url\" content=\"https:\/\/cosmetic.lv\/lv\/product\/maria-galland-attirosa-malveida-maska-masque-souple-creamy-soft-mask\/\" \/>\n<meta property=\"og:site_name\" content=\"cosmetic.lv\" \/>\n<meta property=\"article:publisher\" content=\"https:\/\/www.facebook.com\/cosmetic.lv\/\" \/>\n<meta property=\"article:modified_time\" content=\"2021-02-06T17:47:05+00:00\" \/>\n<meta property=\"og:image\" content=\"https:\/\/cosmetic.lv\/wp-content\/uploads\/2021\/02\/2marigal-4.jpg\" \/>\n\t<meta property=\"og:image:width\" content=\"281\" \/>\n\t<meta property=\"og:image:height\" content=\"281\" \/>\n\t<meta property=\"og:image:type\" content=\"image\/jpeg\" \/>\n<meta name=\"twitter:card\" content=\"summary_large_image\" \/>\n<script type=\"application\/ld+json\" class=\"yoast-schema-graph\">{\"@context\":\"https:\/\/schema.org\",\"@graph\":[{\"@type\":\"WebPage\",\"@id\":\"https:\/\/cosmetic.lv\/lv\/product\/maria-galland-attirosa-malveida-maska-masque-souple-creamy-soft-mask\/\",\"url\":\"https:\/\/cosmetic.lv\/lv\/product\/maria-galland-attirosa-malveida-maska-masque-souple-creamy-soft-mask\/\",\"name\":\"MARIA GALLAND Att\u012bro\u0161a m\u0101lveida maska Masque souple \/ Creamy soft mask - cosmetic.lv\",\"isPartOf\":{\"@id\":\"https:\/\/cosmetic.lv\/lv\/#website\"},\"primaryImageOfPage\":{\"@id\":\"https:\/\/cosmetic.lv\/lv\/product\/maria-galland-attirosa-malveida-maska-masque-souple-creamy-soft-mask\/#primaryimage\"},\"image\":{\"@id\":\"https:\/\/cosmetic.lv\/lv\/product\/maria-galland-attirosa-malveida-maska-masque-souple-creamy-soft-mask\/#primaryimage\"},\"thumbnailUrl\":\"https:\/\/cosmetic.lv\/wp-content\/uploads\/2021\/02\/2marigal-4.jpg\",\"datePublished\":\"2021-02-06T17:47:04+00:00\",\"dateModified\":\"2021-02-06T17:47:05+00:00\",\"breadcrumb\":{\"@id\":\"https:\/\/cosmetic.lv\/lv\/product\/maria-galland-attirosa-malveida-maska-masque-souple-creamy-soft-mask\/#breadcrumb\"},\"inLanguage\":\"lv-LV\",\"potentialAction\":[{\"@type\":\"ReadAction\",\"target\":[\"https:\/\/cosmetic.lv\/lv\/product\/maria-galland-attirosa-malveida-maska-masque-souple-creamy-soft-mask\/\"]}]},{\"@type\":\"ImageObject\",\"inLanguage\":\"lv-LV\",\"@id\":\"https:\/\/cosmetic.lv\/lv\/product\/maria-galland-attirosa-malveida-maska-masque-souple-creamy-soft-mask\/#primaryimage\",\"url\":\"https:\/\/cosmetic.lv\/wp-content\/uploads\/2021\/02\/2marigal-4.jpg\",\"contentUrl\":\"https:\/\/cosmetic.lv\/wp-content\/uploads\/2021\/02\/2marigal-4.jpg\",\"width\":281,\"height\":281,\"caption\":\"2marigal.jpg\"},{\"@type\":\"BreadcrumbList\",\"@id\":\"https:\/\/cosmetic.lv\/lv\/product\/maria-galland-attirosa-malveida-maska-masque-souple-creamy-soft-mask\/#breadcrumb\",\"itemListElement\":[{\"@type\":\"ListItem\",\"position\":1,\"name\":\"Home\",\"item\":\"https:\/\/cosmetic.lv\/lv\/\"},{\"@type\":\"ListItem\",\"position\":2,\"name\":\"Veikals\",\"item\":\"https:\/\/cosmetic.lv\/lv\/veiklas\/\"},{\"@type\":\"ListItem\",\"position\":3,\"name\":\"MARIA GALLAND Att\u012bro\u0161a m\u0101lveida maska Masque souple \/ Creamy soft mask\"}]},{\"@type\":\"WebSite\",\"@id\":\"https:\/\/cosmetic.lv\/lv\/#website\",\"url\":\"https:\/\/cosmetic.lv\/lv\/\",\"name\":\"cosmetic.lv\",\"description\":\"Profesion\u0101la kosm\u0113tika - Maria Galland, Keune, Arkadija, GMT, Guam, Magiray\",\"publisher\":{\"@id\":\"https:\/\/cosmetic.lv\/lv\/#organization\"},\"potentialAction\":[{\"@type\":\"SearchAction\",\"target\":{\"@type\":\"EntryPoint\",\"urlTemplate\":\"https:\/\/cosmetic.lv\/lv\/?s={search_term_string}\"},\"query-input\":{\"@type\":\"PropertyValueSpecification\",\"valueRequired\":true,\"valueName\":\"search_term_string\"}}],\"inLanguage\":\"lv-LV\"},{\"@type\":\"Organization\",\"@id\":\"https:\/\/cosmetic.lv\/lv\/#organization\",\"name\":\"COSMETIC.LV\",\"url\":\"https:\/\/cosmetic.lv\/lv\/\",\"logo\":{\"@type\":\"ImageObject\",\"inLanguage\":\"lv-LV\",\"@id\":\"https:\/\/cosmetic.lv\/lv\/#\/schema\/logo\/image\/\",\"url\":\"https:\/\/cosmetic.lv\/wp-content\/uploads\/2021\/02\/cosmetic.lv_logo.jpg\",\"contentUrl\":\"https:\/\/cosmetic.lv\/wp-content\/uploads\/2021\/02\/cosmetic.lv_logo.jpg\",\"width\":596,\"height\":196,\"caption\":\"COSMETIC.LV\"},\"image\":{\"@id\":\"https:\/\/cosmetic.lv\/lv\/#\/schema\/logo\/image\/\"},\"sameAs\":[\"https:\/\/www.facebook.com\/cosmetic.lv\/\"]}]}<\/script>\n<meta property=\"product:price:amount\" content=\"50.28\" \/>\n<meta property=\"product:price:currency\" content=\"EUR\" \/>\n<meta property=\"og:availability\" content=\"instock\" \/>\n<meta property=\"product:availability\" content=\"instock\" \/>\n<meta property=\"product:retailer_item_id\" content=\"2\" \/>\n<meta property=\"product:condition\" content=\"new\" \/>\n<!-- \/ Yoast SEO Premium plugin. -->","yoast_head_json":{"title":"MARIA GALLAND Att\u012bro\u0161a m\u0101lveida maska Masque souple \/ Creamy soft mask - cosmetic.lv","robots":{"index":"index","follow":"follow","max-snippet":"max-snippet:-1","max-image-preview":"max-image-preview:large","max-video-preview":"max-video-preview:-1"},"canonical":"https:\/\/cosmetic.lv\/lv\/product\/maria-galland-attirosa-malveida-maska-masque-souple-creamy-soft-mask\/","og_locale":"lv_LV","og_type":"article","og_title":"MARIA GALLAND Att\u012bro\u0161a m\u0101lveida maska Masque souple \/ Creamy soft mask","og_description":"Untitled document Maiga kr\u0113mveid\u012bga pasta, specifiskai \u0101das kop&scaron;anai no r\u012bta. Dab\u012bgais kaol\u012bns ir ide\u0101ls pies\u0101r\u0146otas sejas \u0101das att\u012br\u012bt\u0101js. Absorb\u0113 pa","og_url":"https:\/\/cosmetic.lv\/lv\/product\/maria-galland-attirosa-malveida-maska-masque-souple-creamy-soft-mask\/","og_site_name":"cosmetic.lv","article_publisher":"https:\/\/www.facebook.com\/cosmetic.lv\/","article_modified_time":"2021-02-06T17:47:05+00:00","og_image":[{"width":281,"height":281,"url":"https:\/\/cosmetic.lv\/wp-content\/uploads\/2021\/02\/2marigal-4.jpg","type":"image\/jpeg"}],"twitter_card":"summary_large_image","schema":{"@context":"https:\/\/schema.org","@graph":[{"@type":"WebPage","@id":"https:\/\/cosmetic.lv\/lv\/product\/maria-galland-attirosa-malveida-maska-masque-souple-creamy-soft-mask\/","url":"https:\/\/cosmetic.lv\/lv\/product\/maria-galland-attirosa-malveida-maska-masque-souple-creamy-soft-mask\/","name":"MARIA GALLAND Att\u012bro\u0161a m\u0101lveida maska Masque souple \/ Creamy soft mask - cosmetic.lv","isPartOf":{"@id":"https:\/\/cosmetic.lv\/lv\/#website"},"primaryImageOfPage":{"@id":"https:\/\/cosmetic.lv\/lv\/product\/maria-galland-attirosa-malveida-maska-masque-souple-creamy-soft-mask\/#primaryimage"},"image":{"@id":"https:\/\/cosmetic.lv\/lv\/product\/maria-galland-attirosa-malveida-maska-masque-souple-creamy-soft-mask\/#primaryimage"},"thumbnailUrl":"https:\/\/cosmetic.lv\/wp-content\/uploads\/2021\/02\/2marigal-4.jpg","datePublished":"2021-02-06T17:47:04+00:00","dateModified":"2021-02-06T17:47:05+00:00","breadcrumb":{"@id":"https:\/\/cosmetic.lv\/lv\/product\/maria-galland-attirosa-malveida-maska-masque-souple-creamy-soft-mask\/#breadcrumb"},"inLanguage":"lv-LV","potentialAction":[{"@type":"ReadAction","target":["https:\/\/cosmetic.lv\/lv\/product\/maria-galland-attirosa-malveida-maska-masque-souple-creamy-soft-mask\/"]}]},{"@type":"ImageObject","inLanguage":"lv-LV","@id":"https:\/\/cosmetic.lv\/lv\/product\/maria-galland-attirosa-malveida-maska-masque-souple-creamy-soft-mask\/#primaryimage","url":"https:\/\/cosmetic.lv\/wp-content\/uploads\/2021\/02\/2marigal-4.jpg","contentUrl":"https:\/\/cosmetic.lv\/wp-content\/uploads\/2021\/02\/2marigal-4.jpg","width":281,"height":281,"caption":"2marigal.jpg"},{"@type":"BreadcrumbList","@id":"https:\/\/cosmetic.lv\/lv\/product\/maria-galland-attirosa-malveida-maska-masque-souple-creamy-soft-mask\/#breadcrumb","itemListElement":[{"@type":"ListItem","position":1,"name":"Home","item":"https:\/\/cosmetic.lv\/lv\/"},{"@type":"ListItem","position":2,"name":"Veikals","item":"https:\/\/cosmetic.lv\/lv\/veiklas\/"},{"@type":"ListItem","position":3,"name":"MARIA GALLAND Att\u012bro\u0161a m\u0101lveida maska Masque souple \/ Creamy soft mask"}]},{"@type":"WebSite","@id":"https:\/\/cosmetic.lv\/lv\/#website","url":"https:\/\/cosmetic.lv\/lv\/","name":"cosmetic.lv","description":"Profesion\u0101la kosm\u0113tika - Maria Galland, Keune, Arkadija, GMT, Guam, Magiray","publisher":{"@id":"https:\/\/cosmetic.lv\/lv\/#organization"},"potentialAction":[{"@type":"SearchAction","target":{"@type":"EntryPoint","urlTemplate":"https:\/\/cosmetic.lv\/lv\/?s={search_term_string}"},"query-input":{"@type":"PropertyValueSpecification","valueRequired":true,"valueName":"search_term_string"}}],"inLanguage":"lv-LV"},{"@type":"Organization","@id":"https:\/\/cosmetic.lv\/lv\/#organization","name":"COSMETIC.LV","url":"https:\/\/cosmetic.lv\/lv\/","logo":{"@type":"ImageObject","inLanguage":"lv-LV","@id":"https:\/\/cosmetic.lv\/lv\/#\/schema\/logo\/image\/","url":"https:\/\/cosmetic.lv\/wp-content\/uploads\/2021\/02\/cosmetic.lv_logo.jpg","contentUrl":"https:\/\/cosmetic.lv\/wp-content\/uploads\/2021\/02\/cosmetic.lv_logo.jpg","width":596,"height":196,"caption":"COSMETIC.LV"},"image":{"@id":"https:\/\/cosmetic.lv\/lv\/#\/schema\/logo\/image\/"},"sameAs":["https:\/\/www.facebook.com\/cosmetic.lv\/"]}]},"product_price_amount":"50.28","product_price_currency":"EUR","og_availability":"instock","product_availability":"instock","product_retailer_item_id":"2","product_condition":"new"},"_links":{"self":[{"href":"https:\/\/cosmetic.lv\/lv\/wp-json\/wp\/v2\/product\/33985","targetHints":{"allow":["GET"]}}],"collection":[{"href":"https:\/\/cosmetic.lv\/lv\/wp-json\/wp\/v2\/product"}],"about":[{"href":"https:\/\/cosmetic.lv\/lv\/wp-json\/wp\/v2\/types\/product"}],"wp:featuredmedia":[{"embeddable":true,"href":"https:\/\/cosmetic.lv\/lv\/wp-json\/wp\/v2\/media\/15534"}],"wp:attachment":[{"href":"https:\/\/cosmetic.lv\/lv\/wp-json\/wp\/v2\/media?parent=33985"}],"wp:term":[{"taxonomy":"product_brand","embeddable":true,"href":"https:\/\/cosmetic.lv\/lv\/wp-json\/wp\/v2\/product_brand?post=33985"},{"taxonomy":"product_cat","embeddable":true,"href":"https:\/\/cosmetic.lv\/lv\/wp-json\/wp\/v2\/product_cat?post=33985"},{"taxonomy":"product_tag","embeddable":true,"href":"https:\/\/cosmetic.lv\/lv\/wp-json\/wp\/v2\/product_tag?post=33985"}],"curies":[{"name":"wp","href":"https:\/\/api.w.org\/{rel}","templated":true}]}}