{"id":33987,"date":"2021-02-05T22:37:48","date_gmt":"2021-02-06T17:47:04","guid":{"rendered":"https:\/\/damme.lv\/product\/maria-galland-100-hydra-lift-yeux-acu-krems-15ml\/"},"modified":"2021-02-06T19:47:06","modified_gmt":"2021-02-06T17:47:06","slug":"maria-galland-100-hydra-lift-yeux-acu-krems-15ml","status":"publish","type":"product","link":"https:\/\/cosmetic.lv\/lv\/product\/maria-galland-100-hydra-lift-yeux-acu-krems-15ml\/","title":{"rendered":"MARIA GALLAND 100 HYDRA LIFT YEUX  acu kr\u0113ms 15ML"},"content":{"rendered":"<p><!DOCTYPE html PUBLIC &quot;-\/\/W3C\/\/DTD XHTML 1.0 Transitional\/\/EN&quot; &quot;http:\/\/www.w3.org\/TR\/xhtml1\/DTD\/xhtml1-transitional.dtd&quot;><br \/>\n<html><br \/>\n<head><br \/>\n<title>Untitled document<\/title><br \/>\n<\/head><br \/>\n<body><\/p>\n<p>Efekt\u012bva formula ar novatorisku pept\u012bdu kompleksu, kas samazina zem acu  somas, tum&scaron;us lokus, smalkas l\u012bnijas un grumbas. \u0100bolu cilmes &scaron;\u016bnu  ekstrakts aizsarg\u0101 \u0101das pa&scaron;as cilmes &scaron;\u016bnas. Viegla strukt\u016bra \u0101tri  uzs\u016bcas.  &nbsp;  &nbsp;  * 4 ned\u0113\u013cu ilgs pretgrumbu p\u0113t\u012bjums liecin\u0101ja par  b\u016btisku grumbu samazin\u0101&scaron;anos; p\u0113c 2 ned\u0113\u013cu regul\u0101ras lieto&scaron;anas jau bija  v\u0113rojama iev\u0113rojama grumbu samazin\u0101&scaron;an\u0101s.  &nbsp;  ** 90% no 20 testa  person\u0101m, kas piedal\u012bj\u0101s 4 ned\u0113\u013cu dermatolo\u0123iskaj\u0101 p\u0113t\u012bjum\u0101, paman\u012bja  nomierino&scaron;u iedarb\u012bbu uz \u0101du (lieto&scaron;ana divas reizes dien\u0101).  &nbsp;  \u012apa&scaron;as  \u012bpa&scaron;\u012bbas  \u013boti augsta acu savietojam\u012bba. Oftalmolo\u0123iski p\u0101rbaud\u012bts.15ml<\/p>\n<p><\/body><br \/>\n<\/html><\/p>\n","protected":false},"excerpt":{"rendered":"<p>Untitled document Efekt\u012bva formula ar novatorisku pept\u012bdu kompleksu, kas samazina zem acu somas, tum&scaron;us lokus, smalkas l\u012bnijas un grumbas. \u0100bolu<\/p>\n","protected":false},"featured_media":8642,"template":"","meta":[],"product_brand":[],"product_cat":[2273,2277],"product_tag":[],"class_list":{"0":"post-33987","1":"product","2":"type-product","3":"status-publish","4":"has-post-thumbnail","6":"product_cat-profesionala-kosmetika-sejai-un-kermenim-lv","7":"product_cat-maria-galland-francija-lv","9":"first","10":"instock","11":"sale","12":"featured","13":"taxable","14":"shipping-taxable","15":"purchasable","16":"product-type-simple"},"yoast_head":"<!-- This site is optimized with the Yoast SEO Premium plugin v27.0 (Yoast SEO v27.0) - https:\/\/yoast.com\/product\/yoast-seo-premium-wordpress\/ -->\n<title>MARIA GALLAND 100 HYDRA LIFT YEUX acu kr\u0113ms 15ML - cosmetic.lv<\/title>\n<meta name=\"robots\" content=\"index, follow, max-snippet:-1, max-image-preview:large, max-video-preview:-1\" \/>\n<link rel=\"canonical\" href=\"https:\/\/cosmetic.lv\/lv\/product\/maria-galland-100-hydra-lift-yeux-acu-krems-15ml\/\" \/>\n<meta property=\"og:locale\" content=\"lv_LV\" \/>\n<meta property=\"og:type\" content=\"article\" \/>\n<meta property=\"og:title\" content=\"MARIA GALLAND 100 HYDRA LIFT YEUX acu kr\u0113ms 15ML\" \/>\n<meta property=\"og:description\" content=\"Untitled document Efekt\u012bva formula ar novatorisku pept\u012bdu kompleksu, kas samazina zem acu somas, tum&scaron;us lokus, smalkas l\u012bnijas un grumbas. \u0100bolu\" \/>\n<meta property=\"og:url\" content=\"https:\/\/cosmetic.lv\/lv\/product\/maria-galland-100-hydra-lift-yeux-acu-krems-15ml\/\" \/>\n<meta property=\"og:site_name\" content=\"cosmetic.lv\" \/>\n<meta property=\"article:publisher\" content=\"https:\/\/www.facebook.com\/cosmetic.lv\/\" \/>\n<meta property=\"article:modified_time\" content=\"2021-02-06T17:47:06+00:00\" \/>\n<meta property=\"og:image\" content=\"https:\/\/cosmetic.lv\/wp-content\/uploads\/2021\/02\/100-hydra-lift-yeux.jpg\" \/>\n\t<meta property=\"og:image:width\" content=\"600\" \/>\n\t<meta property=\"og:image:height\" content=\"600\" \/>\n\t<meta property=\"og:image:type\" content=\"image\/jpeg\" \/>\n<meta name=\"twitter:card\" content=\"summary_large_image\" \/>\n<script type=\"application\/ld+json\" class=\"yoast-schema-graph\">{\"@context\":\"https:\/\/schema.org\",\"@graph\":[{\"@type\":\"WebPage\",\"@id\":\"https:\/\/cosmetic.lv\/lv\/product\/maria-galland-100-hydra-lift-yeux-acu-krems-15ml\/\",\"url\":\"https:\/\/cosmetic.lv\/lv\/product\/maria-galland-100-hydra-lift-yeux-acu-krems-15ml\/\",\"name\":\"MARIA GALLAND 100 HYDRA LIFT YEUX acu kr\u0113ms 15ML - cosmetic.lv\",\"isPartOf\":{\"@id\":\"https:\/\/cosmetic.lv\/lv\/#website\"},\"primaryImageOfPage\":{\"@id\":\"https:\/\/cosmetic.lv\/lv\/product\/maria-galland-100-hydra-lift-yeux-acu-krems-15ml\/#primaryimage\"},\"image\":{\"@id\":\"https:\/\/cosmetic.lv\/lv\/product\/maria-galland-100-hydra-lift-yeux-acu-krems-15ml\/#primaryimage\"},\"thumbnailUrl\":\"https:\/\/cosmetic.lv\/wp-content\/uploads\/2021\/02\/100-hydra-lift-yeux.jpg\",\"datePublished\":\"2021-02-06T17:47:04+00:00\",\"dateModified\":\"2021-02-06T17:47:06+00:00\",\"breadcrumb\":{\"@id\":\"https:\/\/cosmetic.lv\/lv\/product\/maria-galland-100-hydra-lift-yeux-acu-krems-15ml\/#breadcrumb\"},\"inLanguage\":\"lv-LV\",\"potentialAction\":[{\"@type\":\"ReadAction\",\"target\":[\"https:\/\/cosmetic.lv\/lv\/product\/maria-galland-100-hydra-lift-yeux-acu-krems-15ml\/\"]}]},{\"@type\":\"ImageObject\",\"inLanguage\":\"lv-LV\",\"@id\":\"https:\/\/cosmetic.lv\/lv\/product\/maria-galland-100-hydra-lift-yeux-acu-krems-15ml\/#primaryimage\",\"url\":\"https:\/\/cosmetic.lv\/wp-content\/uploads\/2021\/02\/100-hydra-lift-yeux.jpg\",\"contentUrl\":\"https:\/\/cosmetic.lv\/wp-content\/uploads\/2021\/02\/100-hydra-lift-yeux.jpg\",\"width\":600,\"height\":600,\"caption\":\"100-Hydra-Lift-Yeux.jpg\"},{\"@type\":\"BreadcrumbList\",\"@id\":\"https:\/\/cosmetic.lv\/lv\/product\/maria-galland-100-hydra-lift-yeux-acu-krems-15ml\/#breadcrumb\",\"itemListElement\":[{\"@type\":\"ListItem\",\"position\":1,\"name\":\"Home\",\"item\":\"https:\/\/cosmetic.lv\/lv\/\"},{\"@type\":\"ListItem\",\"position\":2,\"name\":\"Veikals\",\"item\":\"https:\/\/cosmetic.lv\/lv\/veiklas\/\"},{\"@type\":\"ListItem\",\"position\":3,\"name\":\"MARIA GALLAND 100 HYDRA LIFT YEUX acu kr\u0113ms 15ML\"}]},{\"@type\":\"WebSite\",\"@id\":\"https:\/\/cosmetic.lv\/lv\/#website\",\"url\":\"https:\/\/cosmetic.lv\/lv\/\",\"name\":\"cosmetic.lv\",\"description\":\"Profesion\u0101la kosm\u0113tika - Maria Galland, Keune, Arkadija, GMT, Guam, Magiray\",\"publisher\":{\"@id\":\"https:\/\/cosmetic.lv\/lv\/#organization\"},\"potentialAction\":[{\"@type\":\"SearchAction\",\"target\":{\"@type\":\"EntryPoint\",\"urlTemplate\":\"https:\/\/cosmetic.lv\/lv\/?s={search_term_string}\"},\"query-input\":{\"@type\":\"PropertyValueSpecification\",\"valueRequired\":true,\"valueName\":\"search_term_string\"}}],\"inLanguage\":\"lv-LV\"},{\"@type\":\"Organization\",\"@id\":\"https:\/\/cosmetic.lv\/lv\/#organization\",\"name\":\"COSMETIC.LV\",\"url\":\"https:\/\/cosmetic.lv\/lv\/\",\"logo\":{\"@type\":\"ImageObject\",\"inLanguage\":\"lv-LV\",\"@id\":\"https:\/\/cosmetic.lv\/lv\/#\/schema\/logo\/image\/\",\"url\":\"https:\/\/cosmetic.lv\/wp-content\/uploads\/2021\/02\/cosmetic.lv_logo.jpg\",\"contentUrl\":\"https:\/\/cosmetic.lv\/wp-content\/uploads\/2021\/02\/cosmetic.lv_logo.jpg\",\"width\":596,\"height\":196,\"caption\":\"COSMETIC.LV\"},\"image\":{\"@id\":\"https:\/\/cosmetic.lv\/lv\/#\/schema\/logo\/image\/\"},\"sameAs\":[\"https:\/\/www.facebook.com\/cosmetic.lv\/\"]}]}<\/script>\n<meta property=\"product:price:amount\" content=\"57.47\" \/>\n<meta property=\"product:price:currency\" content=\"EUR\" \/>\n<meta property=\"og:availability\" content=\"instock\" \/>\n<meta property=\"product:availability\" content=\"instock\" \/>\n<meta property=\"product:retailer_item_id\" content=\"100\" \/>\n<meta property=\"product:condition\" content=\"new\" \/>\n<!-- \/ Yoast SEO Premium plugin. -->","yoast_head_json":{"title":"MARIA GALLAND 100 HYDRA LIFT YEUX acu kr\u0113ms 15ML - cosmetic.lv","robots":{"index":"index","follow":"follow","max-snippet":"max-snippet:-1","max-image-preview":"max-image-preview:large","max-video-preview":"max-video-preview:-1"},"canonical":"https:\/\/cosmetic.lv\/lv\/product\/maria-galland-100-hydra-lift-yeux-acu-krems-15ml\/","og_locale":"lv_LV","og_type":"article","og_title":"MARIA GALLAND 100 HYDRA LIFT YEUX acu kr\u0113ms 15ML","og_description":"Untitled document Efekt\u012bva formula ar novatorisku pept\u012bdu kompleksu, kas samazina zem acu somas, tum&scaron;us lokus, smalkas l\u012bnijas un grumbas. \u0100bolu","og_url":"https:\/\/cosmetic.lv\/lv\/product\/maria-galland-100-hydra-lift-yeux-acu-krems-15ml\/","og_site_name":"cosmetic.lv","article_publisher":"https:\/\/www.facebook.com\/cosmetic.lv\/","article_modified_time":"2021-02-06T17:47:06+00:00","og_image":[{"width":600,"height":600,"url":"https:\/\/cosmetic.lv\/wp-content\/uploads\/2021\/02\/100-hydra-lift-yeux.jpg","type":"image\/jpeg"}],"twitter_card":"summary_large_image","schema":{"@context":"https:\/\/schema.org","@graph":[{"@type":"WebPage","@id":"https:\/\/cosmetic.lv\/lv\/product\/maria-galland-100-hydra-lift-yeux-acu-krems-15ml\/","url":"https:\/\/cosmetic.lv\/lv\/product\/maria-galland-100-hydra-lift-yeux-acu-krems-15ml\/","name":"MARIA GALLAND 100 HYDRA LIFT YEUX acu kr\u0113ms 15ML - cosmetic.lv","isPartOf":{"@id":"https:\/\/cosmetic.lv\/lv\/#website"},"primaryImageOfPage":{"@id":"https:\/\/cosmetic.lv\/lv\/product\/maria-galland-100-hydra-lift-yeux-acu-krems-15ml\/#primaryimage"},"image":{"@id":"https:\/\/cosmetic.lv\/lv\/product\/maria-galland-100-hydra-lift-yeux-acu-krems-15ml\/#primaryimage"},"thumbnailUrl":"https:\/\/cosmetic.lv\/wp-content\/uploads\/2021\/02\/100-hydra-lift-yeux.jpg","datePublished":"2021-02-06T17:47:04+00:00","dateModified":"2021-02-06T17:47:06+00:00","breadcrumb":{"@id":"https:\/\/cosmetic.lv\/lv\/product\/maria-galland-100-hydra-lift-yeux-acu-krems-15ml\/#breadcrumb"},"inLanguage":"lv-LV","potentialAction":[{"@type":"ReadAction","target":["https:\/\/cosmetic.lv\/lv\/product\/maria-galland-100-hydra-lift-yeux-acu-krems-15ml\/"]}]},{"@type":"ImageObject","inLanguage":"lv-LV","@id":"https:\/\/cosmetic.lv\/lv\/product\/maria-galland-100-hydra-lift-yeux-acu-krems-15ml\/#primaryimage","url":"https:\/\/cosmetic.lv\/wp-content\/uploads\/2021\/02\/100-hydra-lift-yeux.jpg","contentUrl":"https:\/\/cosmetic.lv\/wp-content\/uploads\/2021\/02\/100-hydra-lift-yeux.jpg","width":600,"height":600,"caption":"100-Hydra-Lift-Yeux.jpg"},{"@type":"BreadcrumbList","@id":"https:\/\/cosmetic.lv\/lv\/product\/maria-galland-100-hydra-lift-yeux-acu-krems-15ml\/#breadcrumb","itemListElement":[{"@type":"ListItem","position":1,"name":"Home","item":"https:\/\/cosmetic.lv\/lv\/"},{"@type":"ListItem","position":2,"name":"Veikals","item":"https:\/\/cosmetic.lv\/lv\/veiklas\/"},{"@type":"ListItem","position":3,"name":"MARIA GALLAND 100 HYDRA LIFT YEUX acu kr\u0113ms 15ML"}]},{"@type":"WebSite","@id":"https:\/\/cosmetic.lv\/lv\/#website","url":"https:\/\/cosmetic.lv\/lv\/","name":"cosmetic.lv","description":"Profesion\u0101la kosm\u0113tika - Maria Galland, Keune, Arkadija, GMT, Guam, Magiray","publisher":{"@id":"https:\/\/cosmetic.lv\/lv\/#organization"},"potentialAction":[{"@type":"SearchAction","target":{"@type":"EntryPoint","urlTemplate":"https:\/\/cosmetic.lv\/lv\/?s={search_term_string}"},"query-input":{"@type":"PropertyValueSpecification","valueRequired":true,"valueName":"search_term_string"}}],"inLanguage":"lv-LV"},{"@type":"Organization","@id":"https:\/\/cosmetic.lv\/lv\/#organization","name":"COSMETIC.LV","url":"https:\/\/cosmetic.lv\/lv\/","logo":{"@type":"ImageObject","inLanguage":"lv-LV","@id":"https:\/\/cosmetic.lv\/lv\/#\/schema\/logo\/image\/","url":"https:\/\/cosmetic.lv\/wp-content\/uploads\/2021\/02\/cosmetic.lv_logo.jpg","contentUrl":"https:\/\/cosmetic.lv\/wp-content\/uploads\/2021\/02\/cosmetic.lv_logo.jpg","width":596,"height":196,"caption":"COSMETIC.LV"},"image":{"@id":"https:\/\/cosmetic.lv\/lv\/#\/schema\/logo\/image\/"},"sameAs":["https:\/\/www.facebook.com\/cosmetic.lv\/"]}]},"product_price_amount":"57.47","product_price_currency":"EUR","og_availability":"instock","product_availability":"instock","product_retailer_item_id":"100","product_condition":"new"},"_links":{"self":[{"href":"https:\/\/cosmetic.lv\/lv\/wp-json\/wp\/v2\/product\/33987","targetHints":{"allow":["GET"]}}],"collection":[{"href":"https:\/\/cosmetic.lv\/lv\/wp-json\/wp\/v2\/product"}],"about":[{"href":"https:\/\/cosmetic.lv\/lv\/wp-json\/wp\/v2\/types\/product"}],"wp:featuredmedia":[{"embeddable":true,"href":"https:\/\/cosmetic.lv\/lv\/wp-json\/wp\/v2\/media\/8642"}],"wp:attachment":[{"href":"https:\/\/cosmetic.lv\/lv\/wp-json\/wp\/v2\/media?parent=33987"}],"wp:term":[{"taxonomy":"product_brand","embeddable":true,"href":"https:\/\/cosmetic.lv\/lv\/wp-json\/wp\/v2\/product_brand?post=33987"},{"taxonomy":"product_cat","embeddable":true,"href":"https:\/\/cosmetic.lv\/lv\/wp-json\/wp\/v2\/product_cat?post=33987"},{"taxonomy":"product_tag","embeddable":true,"href":"https:\/\/cosmetic.lv\/lv\/wp-json\/wp\/v2\/product_tag?post=33987"}],"curies":[{"name":"wp","href":"https:\/\/api.w.org\/{rel}","templated":true}]}}