{"id":33988,"date":"2021-02-05T22:37:48","date_gmt":"2021-02-06T17:47:04","guid":{"rendered":"https:\/\/damme.lv\/product\/geomar-modelejoss-skrubis-talasso-thalasso-scrub-rimodellante-600g\/"},"modified":"2021-02-06T19:47:07","modified_gmt":"2021-02-06T17:47:07","slug":"geomar-modelejoss-skrubis-talasso-thalasso-scrub-rimodellante-600g","status":"publish","type":"product","link":"https:\/\/cosmetic.lv\/lv\/product\/geomar-modelejoss-skrubis-talasso-thalasso-scrub-rimodellante-600g\/","title":{"rendered":"GEOMAR Model\u0113jo\u0161s skrubis Tala\u0441\u0441\u043e Thalasso Scrub Rimodellante, 600g"},"content":{"rendered":"<p><!DOCTYPE html PUBLIC &quot;-\/\/W3C\/\/DTD XHTML 1.0 Transitional\/\/EN&quot; &quot;http:\/\/www.w3.org\/TR\/xhtml1\/DTD\/xhtml1-transitional.dtd&quot;><br \/>\n<html><br \/>\n<head><br \/>\n<title>Untitled document<\/title><br \/>\n<\/head><br \/>\n<body><\/p>\n<p>GEOMAR \u0137erme\u0146a skrubis-remodel\u0113jo&scaron;s.Arganas e\u013c\u013cas un karite sviests  baro,m\u012bkstina un mitrina \u0101du,sasniedzot z\u012bda efektu.N\u0101ves j\u016bras  s\u0101ls,kafijas pulveris un vulk\u0101nisk\u0101s smiltis,atjauno epidermu ar maigu  p\u012blinga darb\u012bbu.Za\u013c\u0101s kafijas fitoekstrakts un guarana,pal\u012bdz stimul\u0113t  mikrocirkul\u0101viju.Capsico fitoekstrakts,pal\u012bdz uzlabot  cirkul\u0101ciju,sniedzot dren\u0113jo&scaron;u efektu.N\u0101ves j\u016bras miner\u0101lvielas \u013cauj  atg\u016bt \u0101dai elast\u012bgumu un mirdzumu.  L\u012bdzeklis pal\u012bdz \u0101dai,k\u013c\u016bt uz\u0146\u0113m\u012bg\u0101kai turpm\u0101kaj\u0101m skaistumkop&scaron;anas  proced\u016br\u0101m.  Lieto&scaron;ana: pirms lieto&scaron;anas,ar l\u0101psti\u0146as pal\u012bdz\u012bbu sajauciet s\u0101li ar  e\u013c\u013cu, uzkl\u0101jiet l\u012bdzekli uz mitras \u0101das, Iemas\u0113jiet ar ap\u013cveida kust\u012bb\u0101m  un noskalojiet.Ieteicams lietot 1-2 reizes ned\u0113\u013c\u0101.<\/p>\n<p><\/body><br \/>\n<\/html><\/p>\n","protected":false},"excerpt":{"rendered":"<p>Untitled document GEOMAR \u0137erme\u0146a skrubis-remodel\u0113jo&scaron;s.Arganas e\u013c\u013cas un karite sviests baro,m\u012bkstina un mitrina \u0101du,sasniedzot z\u012bda efektu.N\u0101ves j\u016bras s\u0101ls,kafijas pulveris un vulk\u0101nisk\u0101s<\/p>\n","protected":false},"featured_media":8645,"template":"","meta":[],"product_brand":[],"product_cat":[2273,2275],"product_tag":[],"class_list":{"0":"post-33988","1":"product","2":"type-product","3":"status-publish","4":"has-post-thumbnail","6":"product_cat-profesionala-kosmetika-sejai-un-kermenim-lv","7":"product_cat-geomar-lv-2","9":"first","10":"outofstock","11":"taxable","12":"shipping-taxable","13":"purchasable","14":"product-type-simple"},"yoast_head":"<!-- This site is optimized with the Yoast SEO Premium plugin v27.0 (Yoast SEO v27.0) - https:\/\/yoast.com\/product\/yoast-seo-premium-wordpress\/ -->\n<title>GEOMAR Model\u0113jo\u0161s skrubis Tala\u0441\u0441\u043e Thalasso Scrub Rimodellante, 600g - cosmetic.lv<\/title>\n<meta name=\"robots\" content=\"index, follow, max-snippet:-1, max-image-preview:large, max-video-preview:-1\" \/>\n<link rel=\"canonical\" href=\"https:\/\/cosmetic.lv\/lv\/product\/geomar-modelejoss-skrubis-talasso-thalasso-scrub-rimodellante-600g\/\" \/>\n<meta property=\"og:locale\" content=\"lv_LV\" \/>\n<meta property=\"og:type\" content=\"article\" \/>\n<meta property=\"og:title\" content=\"GEOMAR Model\u0113jo\u0161s skrubis Tala\u0441\u0441\u043e Thalasso Scrub Rimodellante, 600g\" \/>\n<meta property=\"og:description\" content=\"Untitled document GEOMAR \u0137erme\u0146a skrubis-remodel\u0113jo&scaron;s.Arganas e\u013c\u013cas un karite sviests baro,m\u012bkstina un mitrina \u0101du,sasniedzot z\u012bda efektu.N\u0101ves j\u016bras s\u0101ls,kafijas pulveris un vulk\u0101nisk\u0101s\" \/>\n<meta property=\"og:url\" content=\"https:\/\/cosmetic.lv\/lv\/product\/geomar-modelejoss-skrubis-talasso-thalasso-scrub-rimodellante-600g\/\" \/>\n<meta property=\"og:site_name\" content=\"cosmetic.lv\" \/>\n<meta property=\"article:publisher\" content=\"https:\/\/www.facebook.com\/cosmetic.lv\/\" \/>\n<meta property=\"article:modified_time\" content=\"2021-02-06T17:47:07+00:00\" \/>\n<meta property=\"og:image\" content=\"https:\/\/cosmetic.lv\/wp-content\/uploads\/2021\/02\/321904bc2e10c1e02617e68270ad6373rimend.png\" \/>\n\t<meta property=\"og:image:width\" content=\"320\" \/>\n\t<meta property=\"og:image:height\" content=\"313\" \/>\n\t<meta property=\"og:image:type\" content=\"image\/png\" \/>\n<meta name=\"twitter:card\" content=\"summary_large_image\" \/>\n<script type=\"application\/ld+json\" class=\"yoast-schema-graph\">{\"@context\":\"https:\/\/schema.org\",\"@graph\":[{\"@type\":\"WebPage\",\"@id\":\"https:\/\/cosmetic.lv\/lv\/product\/geomar-modelejoss-skrubis-talasso-thalasso-scrub-rimodellante-600g\/\",\"url\":\"https:\/\/cosmetic.lv\/lv\/product\/geomar-modelejoss-skrubis-talasso-thalasso-scrub-rimodellante-600g\/\",\"name\":\"GEOMAR Model\u0113jo\u0161s skrubis Tala\u0441\u0441\u043e Thalasso Scrub Rimodellante, 600g - cosmetic.lv\",\"isPartOf\":{\"@id\":\"https:\/\/cosmetic.lv\/lv\/#website\"},\"primaryImageOfPage\":{\"@id\":\"https:\/\/cosmetic.lv\/lv\/product\/geomar-modelejoss-skrubis-talasso-thalasso-scrub-rimodellante-600g\/#primaryimage\"},\"image\":{\"@id\":\"https:\/\/cosmetic.lv\/lv\/product\/geomar-modelejoss-skrubis-talasso-thalasso-scrub-rimodellante-600g\/#primaryimage\"},\"thumbnailUrl\":\"https:\/\/cosmetic.lv\/wp-content\/uploads\/2021\/02\/321904bc2e10c1e02617e68270ad6373rimend.png\",\"datePublished\":\"2021-02-06T17:47:04+00:00\",\"dateModified\":\"2021-02-06T17:47:07+00:00\",\"breadcrumb\":{\"@id\":\"https:\/\/cosmetic.lv\/lv\/product\/geomar-modelejoss-skrubis-talasso-thalasso-scrub-rimodellante-600g\/#breadcrumb\"},\"inLanguage\":\"lv-LV\",\"potentialAction\":[{\"@type\":\"ReadAction\",\"target\":[\"https:\/\/cosmetic.lv\/lv\/product\/geomar-modelejoss-skrubis-talasso-thalasso-scrub-rimodellante-600g\/\"]}]},{\"@type\":\"ImageObject\",\"inLanguage\":\"lv-LV\",\"@id\":\"https:\/\/cosmetic.lv\/lv\/product\/geomar-modelejoss-skrubis-talasso-thalasso-scrub-rimodellante-600g\/#primaryimage\",\"url\":\"https:\/\/cosmetic.lv\/wp-content\/uploads\/2021\/02\/321904bc2e10c1e02617e68270ad6373rimend.png\",\"contentUrl\":\"https:\/\/cosmetic.lv\/wp-content\/uploads\/2021\/02\/321904bc2e10c1e02617e68270ad6373rimend.png\",\"width\":320,\"height\":313,\"caption\":\"321904bc2e10c1e02617e68270ad6373RIMEND.png\"},{\"@type\":\"BreadcrumbList\",\"@id\":\"https:\/\/cosmetic.lv\/lv\/product\/geomar-modelejoss-skrubis-talasso-thalasso-scrub-rimodellante-600g\/#breadcrumb\",\"itemListElement\":[{\"@type\":\"ListItem\",\"position\":1,\"name\":\"Home\",\"item\":\"https:\/\/cosmetic.lv\/lv\/\"},{\"@type\":\"ListItem\",\"position\":2,\"name\":\"Veikals\",\"item\":\"https:\/\/cosmetic.lv\/lv\/veiklas\/\"},{\"@type\":\"ListItem\",\"position\":3,\"name\":\"GEOMAR Model\u0113jo\u0161s skrubis Tala\u0441\u0441\u043e Thalasso Scrub Rimodellante, 600g\"}]},{\"@type\":\"WebSite\",\"@id\":\"https:\/\/cosmetic.lv\/lv\/#website\",\"url\":\"https:\/\/cosmetic.lv\/lv\/\",\"name\":\"cosmetic.lv\",\"description\":\"Profesion\u0101la kosm\u0113tika - Maria Galland, Keune, Arkadija, GMT, Guam, Magiray\",\"publisher\":{\"@id\":\"https:\/\/cosmetic.lv\/lv\/#organization\"},\"potentialAction\":[{\"@type\":\"SearchAction\",\"target\":{\"@type\":\"EntryPoint\",\"urlTemplate\":\"https:\/\/cosmetic.lv\/lv\/?s={search_term_string}\"},\"query-input\":{\"@type\":\"PropertyValueSpecification\",\"valueRequired\":true,\"valueName\":\"search_term_string\"}}],\"inLanguage\":\"lv-LV\"},{\"@type\":\"Organization\",\"@id\":\"https:\/\/cosmetic.lv\/lv\/#organization\",\"name\":\"COSMETIC.LV\",\"url\":\"https:\/\/cosmetic.lv\/lv\/\",\"logo\":{\"@type\":\"ImageObject\",\"inLanguage\":\"lv-LV\",\"@id\":\"https:\/\/cosmetic.lv\/lv\/#\/schema\/logo\/image\/\",\"url\":\"https:\/\/cosmetic.lv\/wp-content\/uploads\/2021\/02\/cosmetic.lv_logo.jpg\",\"contentUrl\":\"https:\/\/cosmetic.lv\/wp-content\/uploads\/2021\/02\/cosmetic.lv_logo.jpg\",\"width\":596,\"height\":196,\"caption\":\"COSMETIC.LV\"},\"image\":{\"@id\":\"https:\/\/cosmetic.lv\/lv\/#\/schema\/logo\/image\/\"},\"sameAs\":[\"https:\/\/www.facebook.com\/cosmetic.lv\/\"]}]}<\/script>\n<meta property=\"product:price:amount\" content=\"12.29\" \/>\n<meta property=\"product:price:currency\" content=\"EUR\" \/>\n<meta property=\"og:availability\" content=\"out of stock\" \/>\n<meta property=\"product:availability\" content=\"out of stock\" \/>\n<meta property=\"product:retailer_item_id\" content=\"RIMEND\" \/>\n<meta property=\"product:condition\" content=\"new\" \/>\n<!-- \/ Yoast SEO Premium plugin. -->","yoast_head_json":{"title":"GEOMAR Model\u0113jo\u0161s skrubis Tala\u0441\u0441\u043e Thalasso Scrub Rimodellante, 600g - cosmetic.lv","robots":{"index":"index","follow":"follow","max-snippet":"max-snippet:-1","max-image-preview":"max-image-preview:large","max-video-preview":"max-video-preview:-1"},"canonical":"https:\/\/cosmetic.lv\/lv\/product\/geomar-modelejoss-skrubis-talasso-thalasso-scrub-rimodellante-600g\/","og_locale":"lv_LV","og_type":"article","og_title":"GEOMAR Model\u0113jo\u0161s skrubis Tala\u0441\u0441\u043e Thalasso Scrub Rimodellante, 600g","og_description":"Untitled document GEOMAR \u0137erme\u0146a skrubis-remodel\u0113jo&scaron;s.Arganas e\u013c\u013cas un karite sviests baro,m\u012bkstina un mitrina \u0101du,sasniedzot z\u012bda efektu.N\u0101ves j\u016bras s\u0101ls,kafijas pulveris un vulk\u0101nisk\u0101s","og_url":"https:\/\/cosmetic.lv\/lv\/product\/geomar-modelejoss-skrubis-talasso-thalasso-scrub-rimodellante-600g\/","og_site_name":"cosmetic.lv","article_publisher":"https:\/\/www.facebook.com\/cosmetic.lv\/","article_modified_time":"2021-02-06T17:47:07+00:00","og_image":[{"width":320,"height":313,"url":"https:\/\/cosmetic.lv\/wp-content\/uploads\/2021\/02\/321904bc2e10c1e02617e68270ad6373rimend.png","type":"image\/png"}],"twitter_card":"summary_large_image","schema":{"@context":"https:\/\/schema.org","@graph":[{"@type":"WebPage","@id":"https:\/\/cosmetic.lv\/lv\/product\/geomar-modelejoss-skrubis-talasso-thalasso-scrub-rimodellante-600g\/","url":"https:\/\/cosmetic.lv\/lv\/product\/geomar-modelejoss-skrubis-talasso-thalasso-scrub-rimodellante-600g\/","name":"GEOMAR Model\u0113jo\u0161s skrubis Tala\u0441\u0441\u043e Thalasso Scrub Rimodellante, 600g - cosmetic.lv","isPartOf":{"@id":"https:\/\/cosmetic.lv\/lv\/#website"},"primaryImageOfPage":{"@id":"https:\/\/cosmetic.lv\/lv\/product\/geomar-modelejoss-skrubis-talasso-thalasso-scrub-rimodellante-600g\/#primaryimage"},"image":{"@id":"https:\/\/cosmetic.lv\/lv\/product\/geomar-modelejoss-skrubis-talasso-thalasso-scrub-rimodellante-600g\/#primaryimage"},"thumbnailUrl":"https:\/\/cosmetic.lv\/wp-content\/uploads\/2021\/02\/321904bc2e10c1e02617e68270ad6373rimend.png","datePublished":"2021-02-06T17:47:04+00:00","dateModified":"2021-02-06T17:47:07+00:00","breadcrumb":{"@id":"https:\/\/cosmetic.lv\/lv\/product\/geomar-modelejoss-skrubis-talasso-thalasso-scrub-rimodellante-600g\/#breadcrumb"},"inLanguage":"lv-LV","potentialAction":[{"@type":"ReadAction","target":["https:\/\/cosmetic.lv\/lv\/product\/geomar-modelejoss-skrubis-talasso-thalasso-scrub-rimodellante-600g\/"]}]},{"@type":"ImageObject","inLanguage":"lv-LV","@id":"https:\/\/cosmetic.lv\/lv\/product\/geomar-modelejoss-skrubis-talasso-thalasso-scrub-rimodellante-600g\/#primaryimage","url":"https:\/\/cosmetic.lv\/wp-content\/uploads\/2021\/02\/321904bc2e10c1e02617e68270ad6373rimend.png","contentUrl":"https:\/\/cosmetic.lv\/wp-content\/uploads\/2021\/02\/321904bc2e10c1e02617e68270ad6373rimend.png","width":320,"height":313,"caption":"321904bc2e10c1e02617e68270ad6373RIMEND.png"},{"@type":"BreadcrumbList","@id":"https:\/\/cosmetic.lv\/lv\/product\/geomar-modelejoss-skrubis-talasso-thalasso-scrub-rimodellante-600g\/#breadcrumb","itemListElement":[{"@type":"ListItem","position":1,"name":"Home","item":"https:\/\/cosmetic.lv\/lv\/"},{"@type":"ListItem","position":2,"name":"Veikals","item":"https:\/\/cosmetic.lv\/lv\/veiklas\/"},{"@type":"ListItem","position":3,"name":"GEOMAR Model\u0113jo\u0161s skrubis Tala\u0441\u0441\u043e Thalasso Scrub Rimodellante, 600g"}]},{"@type":"WebSite","@id":"https:\/\/cosmetic.lv\/lv\/#website","url":"https:\/\/cosmetic.lv\/lv\/","name":"cosmetic.lv","description":"Profesion\u0101la kosm\u0113tika - Maria Galland, Keune, Arkadija, GMT, Guam, Magiray","publisher":{"@id":"https:\/\/cosmetic.lv\/lv\/#organization"},"potentialAction":[{"@type":"SearchAction","target":{"@type":"EntryPoint","urlTemplate":"https:\/\/cosmetic.lv\/lv\/?s={search_term_string}"},"query-input":{"@type":"PropertyValueSpecification","valueRequired":true,"valueName":"search_term_string"}}],"inLanguage":"lv-LV"},{"@type":"Organization","@id":"https:\/\/cosmetic.lv\/lv\/#organization","name":"COSMETIC.LV","url":"https:\/\/cosmetic.lv\/lv\/","logo":{"@type":"ImageObject","inLanguage":"lv-LV","@id":"https:\/\/cosmetic.lv\/lv\/#\/schema\/logo\/image\/","url":"https:\/\/cosmetic.lv\/wp-content\/uploads\/2021\/02\/cosmetic.lv_logo.jpg","contentUrl":"https:\/\/cosmetic.lv\/wp-content\/uploads\/2021\/02\/cosmetic.lv_logo.jpg","width":596,"height":196,"caption":"COSMETIC.LV"},"image":{"@id":"https:\/\/cosmetic.lv\/lv\/#\/schema\/logo\/image\/"},"sameAs":["https:\/\/www.facebook.com\/cosmetic.lv\/"]}]},"product_price_amount":"12.29","product_price_currency":"EUR","og_availability":"out of stock","product_availability":"out of stock","product_retailer_item_id":"RIMEND","product_condition":"new"},"_links":{"self":[{"href":"https:\/\/cosmetic.lv\/lv\/wp-json\/wp\/v2\/product\/33988","targetHints":{"allow":["GET"]}}],"collection":[{"href":"https:\/\/cosmetic.lv\/lv\/wp-json\/wp\/v2\/product"}],"about":[{"href":"https:\/\/cosmetic.lv\/lv\/wp-json\/wp\/v2\/types\/product"}],"wp:featuredmedia":[{"embeddable":true,"href":"https:\/\/cosmetic.lv\/lv\/wp-json\/wp\/v2\/media\/8645"}],"wp:attachment":[{"href":"https:\/\/cosmetic.lv\/lv\/wp-json\/wp\/v2\/media?parent=33988"}],"wp:term":[{"taxonomy":"product_brand","embeddable":true,"href":"https:\/\/cosmetic.lv\/lv\/wp-json\/wp\/v2\/product_brand?post=33988"},{"taxonomy":"product_cat","embeddable":true,"href":"https:\/\/cosmetic.lv\/lv\/wp-json\/wp\/v2\/product_cat?post=33988"},{"taxonomy":"product_tag","embeddable":true,"href":"https:\/\/cosmetic.lv\/lv\/wp-json\/wp\/v2\/product_tag?post=33988"}],"curies":[{"name":"wp","href":"https:\/\/api.w.org\/{rel}","templated":true}]}}